{"id":17746,"date":"2024-03-22T16:24:02","date_gmt":"2024-03-22T08:24:02","guid":{"rendered":"https:\/\/www.tstcables.com\/product\/cable-resistente-al-calor-de-alta-temperatura-de-1000-%e2%84%83-y-cable-gn1000-300v\/"},"modified":"2024-03-22T16:24:02","modified_gmt":"2024-03-22T08:24:02","slug":"cable-resistente-al-calor-de-alta-temperatura-de-1000-%e2%84%83-y-cable-gn1000-300v","status":"publish","type":"product","link":"https:\/\/www.tstcables.com\/es\/producto\/cable-resistente-al-calor-de-alta-temperatura-de-1000-%e2%84%83-y-cable-gn1000-300v\/","title":{"rendered":"Cable resistente al calor de alta temperatura de 1000 \u2103 y cable GN1000 300V"},"content":{"rendered":"<p><strong><b>N\u00famero de producto:<\/b><\/strong><\/p>\n<ul>\n<li>GN1000<\/li>\n<\/ul>\n<p><strong><b>Norma del sector:<\/b><\/strong><\/p>\n<ul>\n<li>Q31\/0114000209C025-2017<\/li>\n<\/ul>\n<p><strong><b>Caracter\u00edsticas del producto<\/b><\/strong><\/p>\n<ul>\n<li>Tensi\u00f3n nominal: 300\/500V<\/li>\n<li>Rango de temperatura: 800 \u2103, puede soportar temperaturas de hasta 1000 \u2103 en un corto per\u00edodo de tiempo<\/li>\n<li>Conductor: alambre trenzado de n\u00edquel puro<\/li>\n<li>Color: amarillo terroso, puedes elegir gasa negra, gasa roja, etc.<\/li>\n<\/ul>\n<p>&nbsp;<\/p>\n<p><strong><b>Caracter\u00edsticas<\/b><\/strong><\/p>\n<p>Aplicaci\u00f3n del producto: El cable resistente al calor a altas temperaturas de 1000 \u2103 es un alambre y cable que se utiliza en diversos dispositivos el\u00e9ctricos que requieren protecci\u00f3n contra incendios en entornos especiales como metalurgia, ingenier\u00eda t\u00e9rmica, petr\u00f3leo, industria qu\u00edmica, gas natural y queroseno.<\/p>\n<p>&nbsp;<\/p>\n<p><strong><b>Requisitos de entrega<\/b><\/strong><\/p>\n<p>Longitud de entrega: se permiten segmentos de l\u00ednea cortos de al menos 10 metros, pero su cantidad no puede exceder el 10% de la cantidad total de entrega; Condiciones de colocaci\u00f3n: colocaci\u00f3n fija, adem\u00e1s de combusti\u00f3n con llama, sin gases nocivos y t\u00f3xicos.<\/p>\n<p>&nbsp;<\/p>\n<p><strong><b>Parametros del producto:<\/b><\/strong><\/p>\n<table class=\"tg\">\n<thead>\n<tr>\n<th class=\"tg-uzvj\" rowspan=\"3\">Secci\u00f3n transversal nominal (mm2)<\/th>\n<th class=\"tg-uzvj\" rowspan=\"3\">N\u00famero de estructura del conductor<br \/>\nde alambres\/di\u00e1metro del alambre (mm)<\/th>\n<th class=\"tg-uzvj\" rowspan=\"3\">Espesor del aislamiento (mm)<\/th>\n<th class=\"tg-uzvj\" rowspan=\"3\">Longitud de embalaje (m)<\/th>\n<\/tr>\n<\/thead>\n<tbody>\n<tr>\n<td class=\"tg-8d8j\">0.5<\/td>\n<td class=\"tg-baqh\">7 \u00d7 0.30<\/td>\n<td class=\"tg-baqh\">3.6\u00b10.5<\/td>\n<td class=\"tg-8d8j\">200<\/td>\n<\/tr>\n<tr>\n<td class=\"tg-8d8j\">0.75<\/td>\n<td class=\"tg-baqh\">11 \u00d7 0.30<\/td>\n<td class=\"tg-baqh\">3.8\u00b10.5<\/td>\n<td class=\"tg-8d8j\">200<\/td>\n<\/tr>\n<tr>\n<td class=\"tg-8d8j\">1<\/td>\n<td class=\"tg-baqh\">14 \u00d7 0.30<\/td>\n<td class=\"tg-baqh\">4.1\u00b10.5<\/td>\n<td class=\"tg-8d8j\">200<\/td>\n<\/tr>\n<tr>\n<td class=\"tg-8d8j\">1.5<\/td>\n<td class=\"tg-baqh\">21 \u00d7 0.30<\/td>\n<td class=\"tg-baqh\">4.5\u00b10.5<\/td>\n<td class=\"tg-8d8j\">100<\/td>\n<\/tr>\n<tr>\n<td class=\"tg-8d8j\">2<\/td>\n<td class=\"tg-baqh\">28 \u00d7 0.30<\/td>\n<td class=\"tg-baqh\">4.8\u00b10.5<\/td>\n<td class=\"tg-8d8j\">100<\/td>\n<\/tr>\n<tr>\n<td class=\"tg-8d8j\">2.5<\/td>\n<td class=\"tg-baqh\">35 \u00d7 0.30<\/td>\n<td class=\"tg-baqh\">5.1\u00b10.5<\/td>\n<td class=\"tg-8d8j\">100<\/td>\n<\/tr>\n<tr>\n<td class=\"tg-8d8j\">4<\/td>\n<td class=\"tg-baqh\">56 \u00d7 0.30<\/td>\n<td class=\"tg-baqh\">5.6\u00b10.5<\/td>\n<td class=\"tg-8d8j\">100<\/td>\n<\/tr>\n<tr>\n<td class=\"tg-8d8j\">6<\/td>\n<td class=\"tg-baqh\">84 \u00d7 0.30<\/td>\n<td class=\"tg-baqh\">6.5\u00b10.5<\/td>\n<td class=\"tg-8d8j\">100<\/td>\n<\/tr>\n<tr>\n<td class=\"tg-8d8j\">10<\/td>\n<td class=\"tg-baqh\">140 \u00d7 0.30<\/td>\n<td class=\"tg-baqh\">7.6\u00b10.5<\/td>\n<td class=\"tg-8d8j\">100<\/td>\n<\/tr>\n<tr>\n<td class=\"tg-8d8j\">16<\/td>\n<td class=\"tg-baqh\">228 \u00d7 0.30<\/td>\n<td class=\"tg-baqh\">9.0\u00b10.5<\/td>\n<td class=\"tg-8d8j\">100<\/td>\n<\/tr>\n<tr>\n<td class=\"tg-8d8j\">25<\/td>\n<td class=\"tg-baqh\">361 \u00d7 0.30<\/td>\n<td class=\"tg-baqh\">10.5\u00b10.5<\/td>\n<td class=\"tg-8d8j\">100<\/td>\n<\/tr>\n<tr>\n<td class=\"tg-8d8j\">35<\/td>\n<td class=\"tg-baqh\">494 \u00d7 0.30<\/td>\n<td class=\"tg-baqh\">12.5\u00b11.0<\/td>\n<td class=\"tg-8d8j\">100<\/td>\n<\/tr>\n<tr>\n<td class=\"tg-8d8j\">50<\/td>\n<td class=\"tg-baqh\">703 \u00d7 0.30<\/td>\n<td class=\"tg-baqh\">13.2\u00b11.0<\/td>\n<td class=\"tg-8d8j\">100<\/td>\n<\/tr>\n<tr>\n<td class=\"tg-8d8j\">70<\/td>\n<td class=\"tg-baqh\">988 \u00d7 0.30<\/td>\n<td class=\"tg-baqh\">15.6\u00b11.0<\/td>\n<td class=\"tg-8d8j\">100<\/td>\n<\/tr>\n<tr>\n<td class=\"tg-8d8j\">95<\/td>\n<td class=\"tg-baqh\">760 \u00d7 0.40<\/td>\n<td class=\"tg-baqh\">17.6\u00b11.0<\/td>\n<td class=\"tg-8d8j\">100<\/td>\n<\/tr>\n<\/tbody>\n<\/table>\n<p>Nota: Se pueden producir productos con otras especificaciones seg\u00fan el acuerdo entre el proveedor y el comprador.<\/p>\n<p>&nbsp;<\/p>\n<p>&nbsp;<\/p>\n","protected":false},"excerpt":{"rendered":"<p>El cable resistente al calor de alta temperatura de 1000 \u2103 es un alambre y cable que se utiliza en diversos dispositivos el\u00e9ctricos que requieren protecci\u00f3n contra incendios en entornos especiales como metalurgia, ingenier\u00eda t\u00e9rmica, petr\u00f3leo, industria qu\u00edmica, gas natural y queroseno. Cable el\u00e9ctrico para alta temperatura GN1000 Resistente a temperaturas de 1000 \u2103<\/p>\n","protected":false},"featured_media":13014,"template":"","meta":{"_eb_attr":"","site-sidebar-layout":"default","site-content-layout":"","ast-site-content-layout":"default","site-content-style":"default","site-sidebar-style":"default","ast-global-header-display":"","ast-banner-title-visibility":"","ast-main-header-display":"","ast-hfb-above-header-display":"","ast-hfb-below-header-display":"","ast-hfb-mobile-header-display":"","site-post-title":"","ast-breadcrumbs-content":"","ast-featured-img":"","footer-sml-layout":"","theme-transparent-header-meta":"default","adv-header-id-meta":"","stick-header-meta":"","header-above-stick-meta":"","header-main-stick-meta":"","header-below-stick-meta":"","astra-migrate-meta-layouts":"default","ast-page-background-enabled":"default","ast-page-background-meta":{"desktop":{"background-color":"","background-image":"","background-repeat":"repeat","background-position":"center center","background-size":"auto","background-attachment":"scroll","background-type":"","background-media":"","overlay-type":"","overlay-color":"","overlay-opacity":"","overlay-gradient":""},"tablet":{"background-color":"","background-image":"","background-repeat":"repeat","background-position":"center center","background-size":"auto","background-attachment":"scroll","background-type":"","background-media":"","overlay-type":"","overlay-color":"","overlay-opacity":"","overlay-gradient":""},"mobile":{"background-color":"","background-image":"","background-repeat":"repeat","background-position":"center center","background-size":"auto","background-attachment":"scroll","background-type":"","background-media":"","overlay-type":"","overlay-color":"","overlay-opacity":"","overlay-gradient":""}},"ast-content-background-meta":{"desktop":{"background-color":"var(--ast-global-color-5)","background-image":"","background-repeat":"repeat","background-position":"center center","background-size":"auto","background-attachment":"scroll","background-type":"","background-media":"","overlay-type":"","overlay-color":"","overlay-opacity":"","overlay-gradient":""},"tablet":{"background-color":"var(--ast-global-color-5)","background-image":"","background-repeat":"repeat","background-position":"center center","background-size":"auto","background-attachment":"scroll","background-type":"","background-media":"","overlay-type":"","overlay-color":"","overlay-opacity":"","overlay-gradient":""},"mobile":{"background-color":"var(--ast-global-color-5)","background-image":"","background-repeat":"repeat","background-position":"center center","background-size":"auto","background-attachment":"scroll","background-type":"","background-media":"","overlay-type":"","overlay-color":"","overlay-opacity":"","overlay-gradient":""}}},"product_brand":[],"product_cat":[599,591,620,639,595,610,603,602,646,598,600,597],"product_tag":[1268,1269],"class_list":{"0":"post-17746","1":"product","2":"type-product","3":"status-publish","4":"has-post-thumbnail","6":"product_cat-aviacion","7":"product_cat-cable-de-alta-temperatura","8":"product_cat-cable-de-baja-temperatura","9":"product_cat-cable-de-teflon","10":"product_cat-cable-personalizado","11":"product_cat-energia-eolica","12":"product_cat-norma-en","13":"product_cat-norma-ice","14":"product_cat-nuclear-es","15":"product_cat-petroleo-gas","16":"product_cat-marina","17":"product_cat-via-ferrea","18":"product_tag-cable-electrico-para-alta-temperatura","19":"product_tag-gn1000-es","20":"desktop-align-center","21":"tablet-align-left","22":"mobile-align-left","24":"first","25":"instock","26":"shipping-taxable","27":"product-type-simple"},"yoast_head":"<!-- This site is optimized with the Yoast SEO plugin v27.5 - https:\/\/yoast.com\/product\/yoast-seo-wordpress\/ -->\n<title>Cable resistente al calor de alta temperatura de 1000 \u2103<\/title>\n<meta name=\"description\" content=\"El cable resistente al calor a altas temperaturas de 1000 \u2103 es un alambre y cable que se utiliza en diversos dispositivos el\u00e9ctricos.\" \/>\n<meta name=\"robots\" content=\"index, follow, max-snippet:-1, max-image-preview:large, max-video-preview:-1\" \/>\n<link rel=\"canonical\" href=\"https:\/\/www.tstcables.com\/es\/producto\/cable-resistente-al-calor-de-alta-temperatura-de-1000-%e2%84%83-y-cable-gn1000-300v\/\" \/>\n<meta property=\"og:locale\" content=\"es_ES\" \/>\n<meta property=\"og:type\" content=\"article\" \/>\n<meta property=\"og:title\" content=\"Cable resistente al calor de alta temperatura de 1000 \u2103\" \/>\n<meta property=\"og:description\" content=\"El cable resistente al calor a altas temperaturas de 1000 \u2103 es un alambre y cable que se utiliza en diversos dispositivos el\u00e9ctricos.\" \/>\n<meta property=\"og:url\" content=\"https:\/\/www.tstcables.com\/es\/producto\/cable-resistente-al-calor-de-alta-temperatura-de-1000-%e2%84%83-y-cable-gn1000-300v\/\" \/>\n<meta property=\"og:site_name\" content=\"TST CABLES supplier &amp; Manufacture\" \/>\n<meta property=\"og:image\" content=\"https:\/\/www.tstcables.com\/wp-content\/uploads\/2024\/03\/5-12.jpg\" \/>\n\t<meta property=\"og:image:width\" content=\"500\" \/>\n\t<meta property=\"og:image:height\" content=\"500\" \/>\n\t<meta property=\"og:image:type\" content=\"image\/jpeg\" \/>\n<meta name=\"twitter:card\" content=\"summary_large_image\" \/>\n<meta name=\"twitter:label1\" content=\"Tiempo de lectura\" \/>\n\t<meta name=\"twitter:data1\" content=\"1 minuto\" \/>\n<script type=\"application\/ld+json\" class=\"yoast-schema-graph\">{\"@context\":\"https:\\\/\\\/schema.org\",\"@graph\":[{\"@type\":\"WebPage\",\"@id\":\"https:\\\/\\\/www.tstcables.com\\\/es\\\/producto\\\/cable-resistente-al-calor-de-alta-temperatura-de-1000-%e2%84%83-y-cable-gn1000-300v\\\/\",\"url\":\"https:\\\/\\\/www.tstcables.com\\\/es\\\/producto\\\/cable-resistente-al-calor-de-alta-temperatura-de-1000-%e2%84%83-y-cable-gn1000-300v\\\/\",\"name\":\"Cable resistente al calor de alta temperatura de 1000 \u2103\",\"isPartOf\":{\"@id\":\"https:\\\/\\\/www.tstcables.com\\\/es\\\/#website\"},\"primaryImageOfPage\":{\"@id\":\"https:\\\/\\\/www.tstcables.com\\\/es\\\/producto\\\/cable-resistente-al-calor-de-alta-temperatura-de-1000-%e2%84%83-y-cable-gn1000-300v\\\/#primaryimage\"},\"image\":{\"@id\":\"https:\\\/\\\/www.tstcables.com\\\/es\\\/producto\\\/cable-resistente-al-calor-de-alta-temperatura-de-1000-%e2%84%83-y-cable-gn1000-300v\\\/#primaryimage\"},\"thumbnailUrl\":\"https:\\\/\\\/www.tstcables.com\\\/wp-content\\\/uploads\\\/2024\\\/03\\\/5-12.jpg\",\"datePublished\":\"2024-03-22T08:24:02+00:00\",\"description\":\"El cable resistente al calor a altas temperaturas de 1000 \u2103 es un alambre y cable que se utiliza en diversos dispositivos el\u00e9ctricos.\",\"breadcrumb\":{\"@id\":\"https:\\\/\\\/www.tstcables.com\\\/es\\\/producto\\\/cable-resistente-al-calor-de-alta-temperatura-de-1000-%e2%84%83-y-cable-gn1000-300v\\\/#breadcrumb\"},\"inLanguage\":\"es\",\"potentialAction\":[{\"@type\":\"ReadAction\",\"target\":[\"https:\\\/\\\/www.tstcables.com\\\/es\\\/producto\\\/cable-resistente-al-calor-de-alta-temperatura-de-1000-%e2%84%83-y-cable-gn1000-300v\\\/\"]}]},{\"@type\":\"ImageObject\",\"inLanguage\":\"es\",\"@id\":\"https:\\\/\\\/www.tstcables.com\\\/es\\\/producto\\\/cable-resistente-al-calor-de-alta-temperatura-de-1000-%e2%84%83-y-cable-gn1000-300v\\\/#primaryimage\",\"url\":\"https:\\\/\\\/www.tstcables.com\\\/wp-content\\\/uploads\\\/2024\\\/03\\\/5-12.jpg\",\"contentUrl\":\"https:\\\/\\\/www.tstcables.com\\\/wp-content\\\/uploads\\\/2024\\\/03\\\/5-12.jpg\",\"width\":500,\"height\":500,\"caption\":\"Low smoke halogen-free type GN800\"},{\"@type\":\"BreadcrumbList\",\"@id\":\"https:\\\/\\\/www.tstcables.com\\\/es\\\/producto\\\/cable-resistente-al-calor-de-alta-temperatura-de-1000-%e2%84%83-y-cable-gn1000-300v\\\/#breadcrumb\",\"itemListElement\":[{\"@type\":\"ListItem\",\"position\":1,\"name\":\"\u9996\u9875\",\"item\":\"https:\\\/\\\/www.tstcables.com\\\/es\\\/\"},{\"@type\":\"ListItem\",\"position\":2,\"name\":\"Product\",\"item\":\"https:\\\/\\\/www.tstcables.com\\\/product\\\/\"},{\"@type\":\"ListItem\",\"position\":3,\"name\":\"Cable resistente al calor de alta temperatura de 1000 \u2103 y cable GN1000 300V\"}]},{\"@type\":\"WebSite\",\"@id\":\"https:\\\/\\\/www.tstcables.com\\\/es\\\/#website\",\"url\":\"https:\\\/\\\/www.tstcables.com\\\/es\\\/\",\"name\":\"TST Cable supplier & Manufacture\",\"description\":\"TST CABLES  supplier &amp; Manufacture official website\",\"publisher\":{\"@id\":\"https:\\\/\\\/www.tstcables.com\\\/es\\\/#organization\"},\"potentialAction\":[{\"@type\":\"SearchAction\",\"target\":{\"@type\":\"EntryPoint\",\"urlTemplate\":\"https:\\\/\\\/www.tstcables.com\\\/es\\\/?s={search_term_string}\"},\"query-input\":{\"@type\":\"PropertyValueSpecification\",\"valueRequired\":true,\"valueName\":\"search_term_string\"}}],\"inLanguage\":\"es\"},{\"@type\":\"Organization\",\"@id\":\"https:\\\/\\\/www.tstcables.com\\\/es\\\/#organization\",\"name\":\"TST Cable supplier & Manufacture\",\"url\":\"https:\\\/\\\/www.tstcables.com\\\/es\\\/\",\"logo\":{\"@type\":\"ImageObject\",\"inLanguage\":\"es\",\"@id\":\"https:\\\/\\\/www.tstcables.com\\\/es\\\/#\\\/schema\\\/logo\\\/image\\\/\",\"url\":\"https:\\\/\\\/www.tstcables.com\\\/wp-content\\\/uploads\\\/2024\\\/04\\\/cropped-\u753b\u677f-1-\u62f7\u8d1d-4-1.png\",\"contentUrl\":\"https:\\\/\\\/www.tstcables.com\\\/wp-content\\\/uploads\\\/2024\\\/04\\\/cropped-\u753b\u677f-1-\u62f7\u8d1d-4-1.png\",\"width\":300,\"height\":100,\"caption\":\"TST Cable supplier & Manufacture\"},\"image\":{\"@id\":\"https:\\\/\\\/www.tstcables.com\\\/es\\\/#\\\/schema\\\/logo\\\/image\\\/\"}}]}<\/script>\n<!-- \/ Yoast SEO plugin. -->","yoast_head_json":{"title":"Cable resistente al calor de alta temperatura de 1000 \u2103","description":"El cable resistente al calor a altas temperaturas de 1000 \u2103 es un alambre y cable que se utiliza en diversos dispositivos el\u00e9ctricos.","robots":{"index":"index","follow":"follow","max-snippet":"max-snippet:-1","max-image-preview":"max-image-preview:large","max-video-preview":"max-video-preview:-1"},"canonical":"https:\/\/www.tstcables.com\/es\/producto\/cable-resistente-al-calor-de-alta-temperatura-de-1000-%e2%84%83-y-cable-gn1000-300v\/","og_locale":"es_ES","og_type":"article","og_title":"Cable resistente al calor de alta temperatura de 1000 \u2103","og_description":"El cable resistente al calor a altas temperaturas de 1000 \u2103 es un alambre y cable que se utiliza en diversos dispositivos el\u00e9ctricos.","og_url":"https:\/\/www.tstcables.com\/es\/producto\/cable-resistente-al-calor-de-alta-temperatura-de-1000-%e2%84%83-y-cable-gn1000-300v\/","og_site_name":"TST CABLES supplier &amp; Manufacture","og_image":[{"width":500,"height":500,"url":"https:\/\/www.tstcables.com\/wp-content\/uploads\/2024\/03\/5-12.jpg","type":"image\/jpeg"}],"twitter_card":"summary_large_image","twitter_misc":{"Tiempo de lectura":"1 minuto"},"schema":{"@context":"https:\/\/schema.org","@graph":[{"@type":"WebPage","@id":"https:\/\/www.tstcables.com\/es\/producto\/cable-resistente-al-calor-de-alta-temperatura-de-1000-%e2%84%83-y-cable-gn1000-300v\/","url":"https:\/\/www.tstcables.com\/es\/producto\/cable-resistente-al-calor-de-alta-temperatura-de-1000-%e2%84%83-y-cable-gn1000-300v\/","name":"Cable resistente al calor de alta temperatura de 1000 \u2103","isPartOf":{"@id":"https:\/\/www.tstcables.com\/es\/#website"},"primaryImageOfPage":{"@id":"https:\/\/www.tstcables.com\/es\/producto\/cable-resistente-al-calor-de-alta-temperatura-de-1000-%e2%84%83-y-cable-gn1000-300v\/#primaryimage"},"image":{"@id":"https:\/\/www.tstcables.com\/es\/producto\/cable-resistente-al-calor-de-alta-temperatura-de-1000-%e2%84%83-y-cable-gn1000-300v\/#primaryimage"},"thumbnailUrl":"https:\/\/www.tstcables.com\/wp-content\/uploads\/2024\/03\/5-12.jpg","datePublished":"2024-03-22T08:24:02+00:00","description":"El cable resistente al calor a altas temperaturas de 1000 \u2103 es un alambre y cable que se utiliza en diversos dispositivos el\u00e9ctricos.","breadcrumb":{"@id":"https:\/\/www.tstcables.com\/es\/producto\/cable-resistente-al-calor-de-alta-temperatura-de-1000-%e2%84%83-y-cable-gn1000-300v\/#breadcrumb"},"inLanguage":"es","potentialAction":[{"@type":"ReadAction","target":["https:\/\/www.tstcables.com\/es\/producto\/cable-resistente-al-calor-de-alta-temperatura-de-1000-%e2%84%83-y-cable-gn1000-300v\/"]}]},{"@type":"ImageObject","inLanguage":"es","@id":"https:\/\/www.tstcables.com\/es\/producto\/cable-resistente-al-calor-de-alta-temperatura-de-1000-%e2%84%83-y-cable-gn1000-300v\/#primaryimage","url":"https:\/\/www.tstcables.com\/wp-content\/uploads\/2024\/03\/5-12.jpg","contentUrl":"https:\/\/www.tstcables.com\/wp-content\/uploads\/2024\/03\/5-12.jpg","width":500,"height":500,"caption":"Low smoke halogen-free type GN800"},{"@type":"BreadcrumbList","@id":"https:\/\/www.tstcables.com\/es\/producto\/cable-resistente-al-calor-de-alta-temperatura-de-1000-%e2%84%83-y-cable-gn1000-300v\/#breadcrumb","itemListElement":[{"@type":"ListItem","position":1,"name":"\u9996\u9875","item":"https:\/\/www.tstcables.com\/es\/"},{"@type":"ListItem","position":2,"name":"Product","item":"https:\/\/www.tstcables.com\/product\/"},{"@type":"ListItem","position":3,"name":"Cable resistente al calor de alta temperatura de 1000 \u2103 y cable GN1000 300V"}]},{"@type":"WebSite","@id":"https:\/\/www.tstcables.com\/es\/#website","url":"https:\/\/www.tstcables.com\/es\/","name":"TST Cable supplier & Manufacture","description":"TST CABLES  supplier &amp; Manufacture official website","publisher":{"@id":"https:\/\/www.tstcables.com\/es\/#organization"},"potentialAction":[{"@type":"SearchAction","target":{"@type":"EntryPoint","urlTemplate":"https:\/\/www.tstcables.com\/es\/?s={search_term_string}"},"query-input":{"@type":"PropertyValueSpecification","valueRequired":true,"valueName":"search_term_string"}}],"inLanguage":"es"},{"@type":"Organization","@id":"https:\/\/www.tstcables.com\/es\/#organization","name":"TST Cable supplier & Manufacture","url":"https:\/\/www.tstcables.com\/es\/","logo":{"@type":"ImageObject","inLanguage":"es","@id":"https:\/\/www.tstcables.com\/es\/#\/schema\/logo\/image\/","url":"https:\/\/www.tstcables.com\/wp-content\/uploads\/2024\/04\/cropped-\u753b\u677f-1-\u62f7\u8d1d-4-1.png","contentUrl":"https:\/\/www.tstcables.com\/wp-content\/uploads\/2024\/04\/cropped-\u753b\u677f-1-\u62f7\u8d1d-4-1.png","width":300,"height":100,"caption":"TST Cable supplier & Manufacture"},"image":{"@id":"https:\/\/www.tstcables.com\/es\/#\/schema\/logo\/image\/"}}]}},"_links":{"self":[{"href":"https:\/\/www.tstcables.com\/es\/wp-json\/wp\/v2\/product\/17746","targetHints":{"allow":["GET"]}}],"collection":[{"href":"https:\/\/www.tstcables.com\/es\/wp-json\/wp\/v2\/product"}],"about":[{"href":"https:\/\/www.tstcables.com\/es\/wp-json\/wp\/v2\/types\/product"}],"version-history":[{"count":0,"href":"https:\/\/www.tstcables.com\/es\/wp-json\/wp\/v2\/product\/17746\/revisions"}],"wp:featuredmedia":[{"embeddable":true,"href":"https:\/\/www.tstcables.com\/es\/wp-json\/wp\/v2\/media\/13014"}],"wp:attachment":[{"href":"https:\/\/www.tstcables.com\/es\/wp-json\/wp\/v2\/media?parent=17746"}],"wp:term":[{"taxonomy":"product_brand","embeddable":true,"href":"https:\/\/www.tstcables.com\/es\/wp-json\/wp\/v2\/product_brand?post=17746"},{"taxonomy":"product_cat","embeddable":true,"href":"https:\/\/www.tstcables.com\/es\/wp-json\/wp\/v2\/product_cat?post=17746"},{"taxonomy":"product_tag","embeddable":true,"href":"https:\/\/www.tstcables.com\/es\/wp-json\/wp\/v2\/product_tag?post=17746"}],"curies":[{"name":"wp","href":"https:\/\/api.w.org\/{rel}","templated":true}]}}