{"id":17749,"date":"2024-03-22T16:03:53","date_gmt":"2024-03-22T08:03:53","guid":{"rendered":"https:\/\/www.tstcables.com\/product\/800-%e2%84%83-resistencia-a-temperaturas-ultra-altas-cable-retardante-de-llama-gn800-sin-humo-ni-halogenos\/"},"modified":"2024-03-22T16:03:53","modified_gmt":"2024-03-22T08:03:53","slug":"800-%e2%84%83-resistencia-a-temperaturas-ultra-altas-cable-retardante-de-llama-gn800-sin-humo-ni-halogenos","status":"publish","type":"product","link":"https:\/\/www.tstcables.com\/es\/producto\/800-%e2%84%83-resistencia-a-temperaturas-ultra-altas-cable-retardante-de-llama-gn800-sin-humo-ni-halogenos\/","title":{"rendered":"800 \u2103 Resistencia a temperaturas ultra altas Cable retardante de llama GN800 sin humo ni hal\u00f3genos"},"content":{"rendered":"<p><strong>N\u00famero de producto<\/strong><\/p>\n<ul>\n<li>GN800<\/li>\n<\/ul>\n<p><strong>Norma del sector<\/strong><\/p>\n<ul>\n<li style=\"text-align: left;\">Q31\/0114000209C025-2017<\/li>\n<\/ul>\n<p><strong>Caracter\u00edsticas del producto<\/strong><br \/>\n1.Tensi\u00f3n nominal: 300\/500V<br \/>\n2.Rango de temperatura: 600\u2103, puede soportar temperaturas de hasta 800\u2103 en poco tiempo.<br \/>\n3.\u2103 conductor: alambre trenzado de n\u00edquel puro<br \/>\n4.Color: amarillo tierra, se puede elegir gasa negra, gasa roja, etc.<\/p>\n<p><strong>Aplicaciones<\/strong><br \/>\nEl cable retardante de llama sin humo ni hal\u00f3genos con resistencia a temperaturas ultraaltas es un alambre y cable que se utiliza en diversos dispositivos el\u00e9ctricos que requieren protecci\u00f3n contra incendios en entornos especiales como metalurgia, ingenier\u00eda t\u00e9rmica, petr\u00f3leo, industria qu\u00edmica, gas natural y queroseno.<\/p>\n<p><strong>Requisitos de entrega<\/strong><br \/>\nLongitud de entrega: Se permiten segmentos de l\u00ednea cortos de no menos de 10 metros, pero su cantidad no puede exceder el 10% de la cantidad total de entrega;<br \/>\nCondiciones de colocaci\u00f3n: colocaci\u00f3n fija, combusti\u00f3n con llama externa, sin gases nocivos y t\u00f3xicos.<\/p>\n<p><strong>Par\u00e1metros t\u00e9cnicos<\/strong><\/p>\n<table class=\"tg\">\n<thead>\n<tr>\n<th class=\"tg-uzvj\">Cruz nominal<br \/>\nsecci\u00f3n (mm2)<\/th>\n<th class=\"tg-uzvj\">N\u00famero de<\/p>\n<p>conductor<br \/>\nestructuras\/<\/p>\n<p>di\u00e1metro del alambre (mm)<\/th>\n<th class=\"tg-uzvj\">Aislamiento<br \/>\nespesor (mm)<\/th>\n<th class=\"tg-uzvj\">Di\u00e1metro exterior<br \/>\ncontrol (mm)<\/th>\n<th class=\"tg-wa1i\">Embalaje<\/p>\n<p>longitud (m)<\/th>\n<\/tr>\n<\/thead>\n<tbody>\n<tr>\n<td class=\"tg-nrix\">0.5<\/td>\n<td class=\"tg-baqh\">7 \u00d7 0.30<\/td>\n<td class=\"tg-nrix\">0.5<\/td>\n<td class=\"tg-baqh\">2.3\u00b10.3<\/td>\n<td class=\"tg-nrix\">200<\/td>\n<\/tr>\n<tr>\n<td class=\"tg-nrix\">0.75<\/td>\n<td class=\"tg-baqh\">11 \u00d7 0.30<\/td>\n<td class=\"tg-nrix\">0.5<\/td>\n<td class=\"tg-baqh\">2.5\u00b10.3<\/td>\n<td class=\"tg-nrix\">200<\/td>\n<\/tr>\n<tr>\n<td class=\"tg-nrix\">1<\/td>\n<td class=\"tg-baqh\">14 \u00d7 0.30<\/td>\n<td class=\"tg-nrix\">0.5<\/td>\n<td class=\"tg-baqh\">2.6\u00b10.3<\/td>\n<td class=\"tg-nrix\">200<\/td>\n<\/tr>\n<tr>\n<td class=\"tg-nrix\">1.2<\/td>\n<td class=\"tg-baqh\">40 \u00d7 0.19<\/td>\n<td class=\"tg-nrix\">0.5<\/td>\n<td class=\"tg-baqh\">2.7 \u00b1 0.3<\/td>\n<td class=\"tg-nrix\">100<\/td>\n<\/tr>\n<tr>\n<td class=\"tg-nrix\">1.5<\/td>\n<td class=\"tg-baqh\">21 \u00d7 0.30<\/td>\n<td class=\"tg-nrix\">0.5<\/td>\n<td class=\"tg-baqh\">2.9\u00b10.3<\/td>\n<td class=\"tg-nrix\">100<\/td>\n<\/tr>\n<tr>\n<td class=\"tg-nrix\">2<\/td>\n<td class=\"tg-baqh\">28 \u00d7 0.30<\/td>\n<td class=\"tg-nrix\">0.6<\/td>\n<td class=\"tg-baqh\">3.3\u00b10.5<\/td>\n<td class=\"tg-nrix\">100<\/td>\n<\/tr>\n<tr>\n<td class=\"tg-nrix\">2.5<\/td>\n<td class=\"tg-baqh\">35 \u00d7 0.30<\/td>\n<td class=\"tg-nrix\">0.6<\/td>\n<td class=\"tg-baqh\">3.6\u00b10.5<\/td>\n<td class=\"tg-nrix\">100<\/td>\n<\/tr>\n<tr>\n<td class=\"tg-nrix\">4<\/td>\n<td class=\"tg-baqh\">56 \u00d7 0.30<\/td>\n<td class=\"tg-nrix\">0.8<\/td>\n<td class=\"tg-baqh\">4.7\u00b10.5<\/td>\n<td class=\"tg-nrix\">100<\/td>\n<\/tr>\n<tr>\n<td class=\"tg-nrix\">6<\/td>\n<td class=\"tg-baqh\">84 \u00d7 0.30<\/td>\n<td class=\"tg-nrix\">0.8<\/td>\n<td class=\"tg-baqh\">5.5\u00b10.5<\/td>\n<td class=\"tg-nrix\">100<\/td>\n<\/tr>\n<tr>\n<td class=\"tg-nrix\">10<\/td>\n<td class=\"tg-baqh\">84 \u00d7 0.40<\/td>\n<td class=\"tg-nrix\">0.8<\/td>\n<td class=\"tg-baqh\">6.6\u00b10.5<\/td>\n<td class=\"tg-nrix\">100<\/td>\n<\/tr>\n<tr>\n<td class=\"tg-nrix\" rowspan=\"2\">16<\/td>\n<td class=\"tg-baqh\">228 \u00d7 0.30<\/td>\n<td class=\"tg-nrix\">0.8<\/td>\n<td class=\"tg-baqh\">7.8\u00b10.5<\/td>\n<td class=\"tg-nrix\">100<\/td>\n<\/tr>\n<tr>\n<td class=\"tg-baqh\">126 \u00d7 0.40<\/td>\n<td class=\"tg-nrix\">0.8<\/td>\n<td class=\"tg-baqh\">7.8\u00b10.5<\/td>\n<td class=\"tg-nrix\">100<\/td>\n<\/tr>\n<tr>\n<td class=\"tg-nrix\" rowspan=\"2\">25<\/td>\n<td class=\"tg-baqh\">196 \u00d7 0.40<\/td>\n<td class=\"tg-nrix\">0.8<\/td>\n<td class=\"tg-baqh\">9.5\u00b10.5<\/td>\n<td class=\"tg-nrix\">100<\/td>\n<\/tr>\n<tr>\n<td class=\"tg-baqh\">361 \u00d7 0.30<\/td>\n<td class=\"tg-nrix\">0.8<\/td>\n<td class=\"tg-baqh\">9.5\u00b1\u571f0.5<\/td>\n<td class=\"tg-nrix\">100<\/td>\n<\/tr>\n<tr>\n<td class=\"tg-nrix\">35<\/td>\n<td class=\"tg-baqh\">494 \u00d7 0.30<\/td>\n<td class=\"tg-nrix\">1<\/td>\n<td class=\"tg-baqh\">11.2\u00b11.0<\/td>\n<td class=\"tg-nrix\">100<\/td>\n<\/tr>\n<tr>\n<td class=\"tg-nrix\" rowspan=\"2\">50<\/td>\n<td class=\"tg-baqh\">396 \u00d7 0.40<\/td>\n<td class=\"tg-nrix\">1.2<\/td>\n<td class=\"tg-baqh\">13.2\u00b11.0<\/td>\n<td class=\"tg-nrix\">100<\/td>\n<\/tr>\n<tr>\n<td class=\"tg-baqh\">703 \u00d7 0.30<\/td>\n<td class=\"tg-nrix\">1.2<\/td>\n<td class=\"tg-baqh\">13.2\u00b11.0<\/td>\n<td class=\"tg-nrix\">100<\/td>\n<\/tr>\n<tr>\n<td class=\"tg-nrix\" rowspan=\"2\">70<\/td>\n<td class=\"tg-baqh\">551 \u00d7 0.40<\/td>\n<td class=\"tg-nrix\">1.2<\/td>\n<td class=\"tg-baqh\">15.4\u00b1 1.0<\/td>\n<td class=\"tg-nrix\">100<\/td>\n<\/tr>\n<tr>\n<td class=\"tg-baqh\">988 \u00d7 0.30<\/td>\n<td class=\"tg-nrix\">1.2<\/td>\n<td class=\"tg-baqh\">15.4\u00b1 1.0<\/td>\n<td class=\"tg-nrix\">100<\/td>\n<\/tr>\n<tr>\n<td class=\"tg-nrix\">95<\/td>\n<td class=\"tg-baqh\">760\u00d7 0.40<\/td>\n<td class=\"tg-nrix\">1.2<\/td>\n<td class=\"tg-baqh\">17.4\u00b1 1.0<\/td>\n<td class=\"tg-nrix\">100<\/td>\n<\/tr>\n<tr>\n<td class=\"tg-nrix\"><\/td>\n<td class=\"tg-nrix\"><\/td>\n<td class=\"tg-nrix\"><\/td>\n<td class=\"tg-nrix\"><\/td>\n<td class=\"tg-nrix\"><\/td>\n<\/tr>\n<\/tbody>\n<\/table>\n<p>Nota: Se pueden producir productos con otras especificaciones seg\u00fan el acuerdo entre el proveedor y el comprador.<\/p>\n","protected":false},"excerpt":{"rendered":"<p>El cable retardante de llama sin humo ni hal\u00f3genos con resistencia a temperaturas ultraaltas es un alambre y cable que se utiliza en diversos dispositivos el\u00e9ctricos que requieren protecci\u00f3n contra incendios en entornos especiales como metalurgia, ingenier\u00eda t\u00e9rmica, petr\u00f3leo, industria qu\u00edmica, gas natural y queroseno.<\/p>\n","protected":false},"featured_media":13070,"template":"","meta":{"_eb_attr":"","site-sidebar-layout":"default","site-content-layout":"","ast-site-content-layout":"default","site-content-style":"default","site-sidebar-style":"default","ast-global-header-display":"","ast-banner-title-visibility":"","ast-main-header-display":"","ast-hfb-above-header-display":"","ast-hfb-below-header-display":"","ast-hfb-mobile-header-display":"","site-post-title":"","ast-breadcrumbs-content":"","ast-featured-img":"","footer-sml-layout":"","theme-transparent-header-meta":"default","adv-header-id-meta":"","stick-header-meta":"","header-above-stick-meta":"","header-main-stick-meta":"","header-below-stick-meta":"","astra-migrate-meta-layouts":"default","ast-page-background-enabled":"default","ast-page-background-meta":{"desktop":{"background-color":"","background-image":"","background-repeat":"repeat","background-position":"center center","background-size":"auto","background-attachment":"scroll","background-type":"","background-media":"","overlay-type":"","overlay-color":"","overlay-opacity":"","overlay-gradient":""},"tablet":{"background-color":"","background-image":"","background-repeat":"repeat","background-position":"center center","background-size":"auto","background-attachment":"scroll","background-type":"","background-media":"","overlay-type":"","overlay-color":"","overlay-opacity":"","overlay-gradient":""},"mobile":{"background-color":"","background-image":"","background-repeat":"repeat","background-position":"center center","background-size":"auto","background-attachment":"scroll","background-type":"","background-media":"","overlay-type":"","overlay-color":"","overlay-opacity":"","overlay-gradient":""}},"ast-content-background-meta":{"desktop":{"background-color":"var(--ast-global-color-5)","background-image":"","background-repeat":"repeat","background-position":"center center","background-size":"auto","background-attachment":"scroll","background-type":"","background-media":"","overlay-type":"","overlay-color":"","overlay-opacity":"","overlay-gradient":""},"tablet":{"background-color":"var(--ast-global-color-5)","background-image":"","background-repeat":"repeat","background-position":"center center","background-size":"auto","background-attachment":"scroll","background-type":"","background-media":"","overlay-type":"","overlay-color":"","overlay-opacity":"","overlay-gradient":""},"mobile":{"background-color":"var(--ast-global-color-5)","background-image":"","background-repeat":"repeat","background-position":"center center","background-size":"auto","background-attachment":"scroll","background-type":"","background-media":"","overlay-type":"","overlay-color":"","overlay-opacity":"","overlay-gradient":""}}},"product_brand":[],"product_cat":[599,591,590,595,610,603,602,646,598,600,597],"product_tag":[1224,1223,1225],"class_list":{"0":"post-17749","1":"product","2":"type-product","3":"status-publish","4":"has-post-thumbnail","6":"product_cat-aviacion","7":"product_cat-cable-de-alta-temperatura","8":"product_cat-lsoh-cable-es","9":"product_cat-cable-personalizado","10":"product_cat-energia-eolica","11":"product_cat-norma-en","12":"product_cat-norma-ice","13":"product_cat-nuclear-es","14":"product_cat-petroleo-gas","15":"product_cat-marina","16":"product_cat-via-ferrea","17":"product_tag-gn800-es","18":"product_tag-low-smoke-halogen-free-type-es","19":"product_tag-lszh-cable-es","20":"desktop-align-center","21":"tablet-align-left","22":"mobile-align-left","24":"first","25":"instock","26":"shipping-taxable","27":"product-type-simple"},"yoast_head":"<!-- This site is optimized with the Yoast SEO plugin v27.4 - https:\/\/yoast.com\/product\/yoast-seo-wordpress\/ -->\n<title>Resistencia a temperaturas ultraaltas Cable retardante de llama libre de hal\u00f3genos y humo bajo<\/title>\n<meta name=\"description\" content=\"Resistencia a temperaturas ultraaltas El cable retardante de llama libre de hal\u00f3genos y humo bajo es un alambre y cable que se utiliza en diversos dispositivos el\u00e9ctricos.\" \/>\n<meta name=\"robots\" content=\"index, follow, max-snippet:-1, max-image-preview:large, max-video-preview:-1\" \/>\n<link rel=\"canonical\" href=\"https:\/\/www.tstcables.com\/es\/producto\/800-%e2%84%83-resistencia-a-temperaturas-ultra-altas-cable-retardante-de-llama-gn800-sin-humo-ni-halogenos\/\" \/>\n<meta property=\"og:locale\" content=\"es_ES\" \/>\n<meta property=\"og:type\" content=\"article\" \/>\n<meta property=\"og:title\" content=\"Resistencia a temperaturas ultraaltas Cable retardante de llama libre de hal\u00f3genos y humo bajo\" \/>\n<meta property=\"og:description\" content=\"Resistencia a temperaturas ultraaltas El cable retardante de llama libre de hal\u00f3genos y humo bajo es un alambre y cable que se utiliza en diversos dispositivos el\u00e9ctricos.\" \/>\n<meta property=\"og:url\" content=\"https:\/\/www.tstcables.com\/es\/producto\/800-%e2%84%83-resistencia-a-temperaturas-ultra-altas-cable-retardante-de-llama-gn800-sin-humo-ni-halogenos\/\" \/>\n<meta property=\"og:site_name\" content=\"TST CABLES supplier &amp; Manufacture\" \/>\n<meta property=\"og:image\" content=\"https:\/\/www.tstcables.com\/wp-content\/uploads\/2024\/03\/4-12.jpg\" \/>\n\t<meta property=\"og:image:width\" content=\"750\" \/>\n\t<meta property=\"og:image:height\" content=\"750\" \/>\n\t<meta property=\"og:image:type\" content=\"image\/jpeg\" \/>\n<meta name=\"twitter:card\" content=\"summary_large_image\" \/>\n<meta name=\"twitter:label1\" content=\"Tiempo de lectura\" \/>\n\t<meta name=\"twitter:data1\" content=\"1 minuto\" \/>\n<script type=\"application\/ld+json\" class=\"yoast-schema-graph\">{\"@context\":\"https:\\\/\\\/schema.org\",\"@graph\":[{\"@type\":\"WebPage\",\"@id\":\"https:\\\/\\\/www.tstcables.com\\\/es\\\/producto\\\/800-%e2%84%83-resistencia-a-temperaturas-ultra-altas-cable-retardante-de-llama-gn800-sin-humo-ni-halogenos\\\/\",\"url\":\"https:\\\/\\\/www.tstcables.com\\\/es\\\/producto\\\/800-%e2%84%83-resistencia-a-temperaturas-ultra-altas-cable-retardante-de-llama-gn800-sin-humo-ni-halogenos\\\/\",\"name\":\"Resistencia a temperaturas ultraaltas Cable retardante de llama libre de hal\u00f3genos y humo bajo\",\"isPartOf\":{\"@id\":\"https:\\\/\\\/www.tstcables.com\\\/es\\\/#website\"},\"primaryImageOfPage\":{\"@id\":\"https:\\\/\\\/www.tstcables.com\\\/es\\\/producto\\\/800-%e2%84%83-resistencia-a-temperaturas-ultra-altas-cable-retardante-de-llama-gn800-sin-humo-ni-halogenos\\\/#primaryimage\"},\"image\":{\"@id\":\"https:\\\/\\\/www.tstcables.com\\\/es\\\/producto\\\/800-%e2%84%83-resistencia-a-temperaturas-ultra-altas-cable-retardante-de-llama-gn800-sin-humo-ni-halogenos\\\/#primaryimage\"},\"thumbnailUrl\":\"https:\\\/\\\/www.tstcables.com\\\/wp-content\\\/uploads\\\/2024\\\/03\\\/4-12.jpg\",\"datePublished\":\"2024-03-22T08:03:53+00:00\",\"description\":\"Resistencia a temperaturas ultraaltas El cable retardante de llama libre de hal\u00f3genos y humo bajo es un alambre y cable que se utiliza en diversos dispositivos el\u00e9ctricos.\",\"breadcrumb\":{\"@id\":\"https:\\\/\\\/www.tstcables.com\\\/es\\\/producto\\\/800-%e2%84%83-resistencia-a-temperaturas-ultra-altas-cable-retardante-de-llama-gn800-sin-humo-ni-halogenos\\\/#breadcrumb\"},\"inLanguage\":\"es\",\"potentialAction\":[{\"@type\":\"ReadAction\",\"target\":[\"https:\\\/\\\/www.tstcables.com\\\/es\\\/producto\\\/800-%e2%84%83-resistencia-a-temperaturas-ultra-altas-cable-retardante-de-llama-gn800-sin-humo-ni-halogenos\\\/\"]}]},{\"@type\":\"ImageObject\",\"inLanguage\":\"es\",\"@id\":\"https:\\\/\\\/www.tstcables.com\\\/es\\\/producto\\\/800-%e2%84%83-resistencia-a-temperaturas-ultra-altas-cable-retardante-de-llama-gn800-sin-humo-ni-halogenos\\\/#primaryimage\",\"url\":\"https:\\\/\\\/www.tstcables.com\\\/wp-content\\\/uploads\\\/2024\\\/03\\\/4-12.jpg\",\"contentUrl\":\"https:\\\/\\\/www.tstcables.com\\\/wp-content\\\/uploads\\\/2024\\\/03\\\/4-12.jpg\",\"width\":750,\"height\":750,\"caption\":\"Low smoke halogen-free type GN800\"},{\"@type\":\"BreadcrumbList\",\"@id\":\"https:\\\/\\\/www.tstcables.com\\\/es\\\/producto\\\/800-%e2%84%83-resistencia-a-temperaturas-ultra-altas-cable-retardante-de-llama-gn800-sin-humo-ni-halogenos\\\/#breadcrumb\",\"itemListElement\":[{\"@type\":\"ListItem\",\"position\":1,\"name\":\"\u9996\u9875\",\"item\":\"https:\\\/\\\/www.tstcables.com\\\/es\\\/\"},{\"@type\":\"ListItem\",\"position\":2,\"name\":\"Product\",\"item\":\"https:\\\/\\\/www.tstcables.com\\\/product\\\/\"},{\"@type\":\"ListItem\",\"position\":3,\"name\":\"800 \u2103 Resistencia a temperaturas ultra altas Cable retardante de llama GN800 sin humo ni hal\u00f3genos\"}]},{\"@type\":\"WebSite\",\"@id\":\"https:\\\/\\\/www.tstcables.com\\\/es\\\/#website\",\"url\":\"https:\\\/\\\/www.tstcables.com\\\/es\\\/\",\"name\":\"TST Cable supplier & Manufacture\",\"description\":\"TST CABLES  supplier &amp; Manufacture official website\",\"publisher\":{\"@id\":\"https:\\\/\\\/www.tstcables.com\\\/es\\\/#organization\"},\"potentialAction\":[{\"@type\":\"SearchAction\",\"target\":{\"@type\":\"EntryPoint\",\"urlTemplate\":\"https:\\\/\\\/www.tstcables.com\\\/es\\\/?s={search_term_string}\"},\"query-input\":{\"@type\":\"PropertyValueSpecification\",\"valueRequired\":true,\"valueName\":\"search_term_string\"}}],\"inLanguage\":\"es\"},{\"@type\":\"Organization\",\"@id\":\"https:\\\/\\\/www.tstcables.com\\\/es\\\/#organization\",\"name\":\"TST Cable supplier & Manufacture\",\"url\":\"https:\\\/\\\/www.tstcables.com\\\/es\\\/\",\"logo\":{\"@type\":\"ImageObject\",\"inLanguage\":\"es\",\"@id\":\"https:\\\/\\\/www.tstcables.com\\\/es\\\/#\\\/schema\\\/logo\\\/image\\\/\",\"url\":\"https:\\\/\\\/www.tstcables.com\\\/wp-content\\\/uploads\\\/2024\\\/04\\\/cropped-\u753b\u677f-1-\u62f7\u8d1d-4-1.png\",\"contentUrl\":\"https:\\\/\\\/www.tstcables.com\\\/wp-content\\\/uploads\\\/2024\\\/04\\\/cropped-\u753b\u677f-1-\u62f7\u8d1d-4-1.png\",\"width\":300,\"height\":100,\"caption\":\"TST Cable supplier & Manufacture\"},\"image\":{\"@id\":\"https:\\\/\\\/www.tstcables.com\\\/es\\\/#\\\/schema\\\/logo\\\/image\\\/\"}}]}<\/script>\n<!-- \/ Yoast SEO plugin. -->","yoast_head_json":{"title":"Resistencia a temperaturas ultraaltas Cable retardante de llama libre de hal\u00f3genos y humo bajo","description":"Resistencia a temperaturas ultraaltas El cable retardante de llama libre de hal\u00f3genos y humo bajo es un alambre y cable que se utiliza en diversos dispositivos el\u00e9ctricos.","robots":{"index":"index","follow":"follow","max-snippet":"max-snippet:-1","max-image-preview":"max-image-preview:large","max-video-preview":"max-video-preview:-1"},"canonical":"https:\/\/www.tstcables.com\/es\/producto\/800-%e2%84%83-resistencia-a-temperaturas-ultra-altas-cable-retardante-de-llama-gn800-sin-humo-ni-halogenos\/","og_locale":"es_ES","og_type":"article","og_title":"Resistencia a temperaturas ultraaltas Cable retardante de llama libre de hal\u00f3genos y humo bajo","og_description":"Resistencia a temperaturas ultraaltas El cable retardante de llama libre de hal\u00f3genos y humo bajo es un alambre y cable que se utiliza en diversos dispositivos el\u00e9ctricos.","og_url":"https:\/\/www.tstcables.com\/es\/producto\/800-%e2%84%83-resistencia-a-temperaturas-ultra-altas-cable-retardante-de-llama-gn800-sin-humo-ni-halogenos\/","og_site_name":"TST CABLES supplier &amp; Manufacture","og_image":[{"width":750,"height":750,"url":"https:\/\/www.tstcables.com\/wp-content\/uploads\/2024\/03\/4-12.jpg","type":"image\/jpeg"}],"twitter_card":"summary_large_image","twitter_misc":{"Tiempo de lectura":"1 minuto"},"schema":{"@context":"https:\/\/schema.org","@graph":[{"@type":"WebPage","@id":"https:\/\/www.tstcables.com\/es\/producto\/800-%e2%84%83-resistencia-a-temperaturas-ultra-altas-cable-retardante-de-llama-gn800-sin-humo-ni-halogenos\/","url":"https:\/\/www.tstcables.com\/es\/producto\/800-%e2%84%83-resistencia-a-temperaturas-ultra-altas-cable-retardante-de-llama-gn800-sin-humo-ni-halogenos\/","name":"Resistencia a temperaturas ultraaltas Cable retardante de llama libre de hal\u00f3genos y humo bajo","isPartOf":{"@id":"https:\/\/www.tstcables.com\/es\/#website"},"primaryImageOfPage":{"@id":"https:\/\/www.tstcables.com\/es\/producto\/800-%e2%84%83-resistencia-a-temperaturas-ultra-altas-cable-retardante-de-llama-gn800-sin-humo-ni-halogenos\/#primaryimage"},"image":{"@id":"https:\/\/www.tstcables.com\/es\/producto\/800-%e2%84%83-resistencia-a-temperaturas-ultra-altas-cable-retardante-de-llama-gn800-sin-humo-ni-halogenos\/#primaryimage"},"thumbnailUrl":"https:\/\/www.tstcables.com\/wp-content\/uploads\/2024\/03\/4-12.jpg","datePublished":"2024-03-22T08:03:53+00:00","description":"Resistencia a temperaturas ultraaltas El cable retardante de llama libre de hal\u00f3genos y humo bajo es un alambre y cable que se utiliza en diversos dispositivos el\u00e9ctricos.","breadcrumb":{"@id":"https:\/\/www.tstcables.com\/es\/producto\/800-%e2%84%83-resistencia-a-temperaturas-ultra-altas-cable-retardante-de-llama-gn800-sin-humo-ni-halogenos\/#breadcrumb"},"inLanguage":"es","potentialAction":[{"@type":"ReadAction","target":["https:\/\/www.tstcables.com\/es\/producto\/800-%e2%84%83-resistencia-a-temperaturas-ultra-altas-cable-retardante-de-llama-gn800-sin-humo-ni-halogenos\/"]}]},{"@type":"ImageObject","inLanguage":"es","@id":"https:\/\/www.tstcables.com\/es\/producto\/800-%e2%84%83-resistencia-a-temperaturas-ultra-altas-cable-retardante-de-llama-gn800-sin-humo-ni-halogenos\/#primaryimage","url":"https:\/\/www.tstcables.com\/wp-content\/uploads\/2024\/03\/4-12.jpg","contentUrl":"https:\/\/www.tstcables.com\/wp-content\/uploads\/2024\/03\/4-12.jpg","width":750,"height":750,"caption":"Low smoke halogen-free type GN800"},{"@type":"BreadcrumbList","@id":"https:\/\/www.tstcables.com\/es\/producto\/800-%e2%84%83-resistencia-a-temperaturas-ultra-altas-cable-retardante-de-llama-gn800-sin-humo-ni-halogenos\/#breadcrumb","itemListElement":[{"@type":"ListItem","position":1,"name":"\u9996\u9875","item":"https:\/\/www.tstcables.com\/es\/"},{"@type":"ListItem","position":2,"name":"Product","item":"https:\/\/www.tstcables.com\/product\/"},{"@type":"ListItem","position":3,"name":"800 \u2103 Resistencia a temperaturas ultra altas Cable retardante de llama GN800 sin humo ni hal\u00f3genos"}]},{"@type":"WebSite","@id":"https:\/\/www.tstcables.com\/es\/#website","url":"https:\/\/www.tstcables.com\/es\/","name":"TST Cable supplier & Manufacture","description":"TST CABLES  supplier &amp; Manufacture official website","publisher":{"@id":"https:\/\/www.tstcables.com\/es\/#organization"},"potentialAction":[{"@type":"SearchAction","target":{"@type":"EntryPoint","urlTemplate":"https:\/\/www.tstcables.com\/es\/?s={search_term_string}"},"query-input":{"@type":"PropertyValueSpecification","valueRequired":true,"valueName":"search_term_string"}}],"inLanguage":"es"},{"@type":"Organization","@id":"https:\/\/www.tstcables.com\/es\/#organization","name":"TST Cable supplier & Manufacture","url":"https:\/\/www.tstcables.com\/es\/","logo":{"@type":"ImageObject","inLanguage":"es","@id":"https:\/\/www.tstcables.com\/es\/#\/schema\/logo\/image\/","url":"https:\/\/www.tstcables.com\/wp-content\/uploads\/2024\/04\/cropped-\u753b\u677f-1-\u62f7\u8d1d-4-1.png","contentUrl":"https:\/\/www.tstcables.com\/wp-content\/uploads\/2024\/04\/cropped-\u753b\u677f-1-\u62f7\u8d1d-4-1.png","width":300,"height":100,"caption":"TST Cable supplier & Manufacture"},"image":{"@id":"https:\/\/www.tstcables.com\/es\/#\/schema\/logo\/image\/"}}]}},"_links":{"self":[{"href":"https:\/\/www.tstcables.com\/es\/wp-json\/wp\/v2\/product\/17749","targetHints":{"allow":["GET"]}}],"collection":[{"href":"https:\/\/www.tstcables.com\/es\/wp-json\/wp\/v2\/product"}],"about":[{"href":"https:\/\/www.tstcables.com\/es\/wp-json\/wp\/v2\/types\/product"}],"version-history":[{"count":0,"href":"https:\/\/www.tstcables.com\/es\/wp-json\/wp\/v2\/product\/17749\/revisions"}],"wp:featuredmedia":[{"embeddable":true,"href":"https:\/\/www.tstcables.com\/es\/wp-json\/wp\/v2\/media\/13070"}],"wp:attachment":[{"href":"https:\/\/www.tstcables.com\/es\/wp-json\/wp\/v2\/media?parent=17749"}],"wp:term":[{"taxonomy":"product_brand","embeddable":true,"href":"https:\/\/www.tstcables.com\/es\/wp-json\/wp\/v2\/product_brand?post=17749"},{"taxonomy":"product_cat","embeddable":true,"href":"https:\/\/www.tstcables.com\/es\/wp-json\/wp\/v2\/product_cat?post=17749"},{"taxonomy":"product_tag","embeddable":true,"href":"https:\/\/www.tstcables.com\/es\/wp-json\/wp\/v2\/product_tag?post=17749"}],"curies":[{"name":"wp","href":"https:\/\/api.w.org\/{rel}","templated":true}]}}