{"id":17750,"date":"2024-03-22T15:56:05","date_gmt":"2024-03-22T07:56:05","guid":{"rendered":"https:\/\/www.tstcables.com\/product\/alambres-y-cables-de-silicona-para-alto-voltaje-y-alta-temperatura\/"},"modified":"2024-03-22T15:56:05","modified_gmt":"2024-03-22T07:56:05","slug":"alambres-y-cables-de-silicona-para-alto-voltaje-y-alta-temperatura","status":"publish","type":"product","link":"https:\/\/www.tstcables.com\/es\/producto\/alambres-y-cables-de-silicona-para-alto-voltaje-y-alta-temperatura\/","title":{"rendered":"Alambres y cables de silicona para alto voltaje y alta temperatura"},"content":{"rendered":"<p>Aplicaci\u00f3n\uff1a<\/p>\n<p>\u00abEl producto es adecuado para motores aislados clase F y clase H y cables el\u00e9ctricos con voltajes CA nominales de 690 V, 1140 V e inferiores. Se utiliza ampliamente en motores marinos, de defensa, de trenes y otros motores de alta potencia\u00bb.<\/p>\n<p>Caracter\u00edstica\uff1a<\/p>\n<ul>\n<li>Tensi\u00f3n nominal: 500 V (690 V), 1000 V (1140 V).<\/li>\n<li>Temperatura de funcionamiento: -60~+180\u00b0C.<\/li>\n<li>Conductor: Alambre de cobre desnudo o alambre trenzado de cobre esta\u00f1ado.<\/li>\n<li>Aislamiento: Caucho de silicona.<\/li>\n<li>Color: Personalizable.<\/li>\n<\/ul>\n<p>Est\u00e1ndar en la industria<\/p>\n<ul>\n<li>JB\/T 6213.4-2006<\/li>\n<\/ul>\n<p style=\"font-size: 40px;\">Par\u00e1metro de selecci\u00f3n<\/p>\n<table style=\"width: 100%;\" border=\"1\" cellspacing=\"1\" cellpadding=\"0\">\n<tbody>\n<tr>\n<td colspan=\"3\">\n<p align=\"center\">Estructura de conductores<\/p>\n<\/td>\n<td colspan=\"2\">\n<p align=\"center\">Espesor del aislamiento (mm)<\/p>\n<\/td>\n<td colspan=\"2\">\n<p align=\"center\">Di\u00e1metro exterior del cable (mm)<\/p>\n<\/td>\n<td rowspan=\"2\">\n<p align=\"center\">Resistencia del conductor CC a 20\u00b0C (\u03a9\/km)<\/p>\n<\/td>\n<\/tr>\n<tr>\n<td>\n<p align=\"center\">Secci\u00f3n transversal nominal (mm2)<\/p>\n<\/td>\n<td>\n<p align=\"center\">N\u00famero de cables\/di\u00e1metro del cable (mm)<\/p>\n<\/td>\n<td>\n<p align=\"center\">Di\u00e1metro exterior del conductor (mm)<\/p>\n<\/td>\n<td>\n<p align=\"center\">500V<\/p>\n<\/td>\n<td>\n<p align=\"center\">1000V<\/p>\n<\/td>\n<td>\n<p align=\"center\">500V<\/p>\n<\/td>\n<td>\n<p align=\"center\">1000V<\/p>\n<\/td>\n<\/tr>\n<tr>\n<td width=\"70\">\n<p align=\"center\">0.5<\/p>\n<\/td>\n<td width=\"82\">\n<p align=\"center\">28\/0.15<\/p>\n<\/td>\n<td width=\"73\">\n<p align=\"center\">0.90<\/p>\n<\/td>\n<td width=\"50\">\n<p align=\"center\">1.0<\/p>\n<\/td>\n<td width=\"54\">\n<p align=\"center\">1.2<\/p>\n<\/td>\n<td width=\"51\">\n<p align=\"center\">2.90<\/p>\n<\/td>\n<td width=\"55\">\n<p align=\"center\">3.30<\/p>\n<\/td>\n<td width=\"113\">\n<p align=\"center\">40.1<\/p>\n<\/td>\n<\/tr>\n<tr>\n<td width=\"70\">\n<p align=\"center\">0.75<\/p>\n<\/td>\n<td width=\"82\">\n<p align=\"center\">24\/0.20<\/p>\n<\/td>\n<td width=\"73\">\n<p align=\"center\">1.15<\/p>\n<\/td>\n<td width=\"50\">\n<p align=\"center\">1.0<\/p>\n<\/td>\n<td width=\"54\">\n<p align=\"center\">1.2<\/p>\n<\/td>\n<td width=\"51\">\n<p align=\"center\">3.20<\/p>\n<\/td>\n<td width=\"55\">\n<p align=\"center\">3.60<\/p>\n<\/td>\n<td width=\"113\">\n<p align=\"center\">26.7<\/p>\n<\/td>\n<\/tr>\n<tr>\n<td width=\"70\">\n<p align=\"center\">1<\/p>\n<\/td>\n<td width=\"82\">\n<p align=\"center\">32\/0.20<\/p>\n<\/td>\n<td width=\"73\">\n<p align=\"center\">1.30<\/p>\n<\/td>\n<td width=\"50\">\n<p align=\"center\">1.0<\/p>\n<\/td>\n<td width=\"54\">\n<p align=\"center\">1.2<\/p>\n<\/td>\n<td width=\"51\">\n<p align=\"center\">3.30<\/p>\n<\/td>\n<td width=\"55\">\n<p align=\"center\">3.70<\/p>\n<\/td>\n<td width=\"113\">\n<p align=\"center\">20<\/p>\n<\/td>\n<\/tr>\n<tr>\n<td width=\"70\">\n<p align=\"center\">1.5<\/p>\n<\/td>\n<td width=\"82\">\n<p align=\"center\">48\/0.20<\/p>\n<\/td>\n<td width=\"73\">\n<p align=\"center\">1.60<\/p>\n<\/td>\n<td width=\"50\">\n<p align=\"center\">1.0<\/p>\n<\/td>\n<td width=\"54\">\n<p align=\"center\">1.2<\/p>\n<\/td>\n<td width=\"51\">\n<p align=\"center\">3.60<\/p>\n<\/td>\n<td width=\"55\">\n<p align=\"center\">4.0<\/p>\n<\/td>\n<td width=\"113\">\n<p align=\"center\">13.7<\/p>\n<\/td>\n<\/tr>\n<tr>\n<td width=\"70\">\n<p align=\"center\">2<\/p>\n<\/td>\n<td width=\"82\">\n<p align=\"center\">40\/0.25<\/p>\n<\/td>\n<td width=\"73\">\n<p align=\"center\">1.85<\/p>\n<\/td>\n<td width=\"50\">\n<p align=\"center\">1.0<\/p>\n<\/td>\n<td width=\"54\">\n<p align=\"center\">1.2<\/p>\n<\/td>\n<td width=\"51\">\n<p align=\"center\">3.90<\/p>\n<\/td>\n<td width=\"55\">\n<p align=\"center\">4.30<\/p>\n<\/td>\n<td width=\"113\">\n<p align=\"center\">9.9<\/p>\n<\/td>\n<\/tr>\n<tr>\n<td width=\"70\">\n<p align=\"center\">2.5<\/p>\n<\/td>\n<td width=\"82\">\n<p align=\"center\">49\/0.25<\/p>\n<\/td>\n<td width=\"73\">\n<p align=\"center\">2.00<\/p>\n<\/td>\n<td width=\"50\">\n<p align=\"center\">1.0<\/p>\n<\/td>\n<td width=\"54\">\n<p align=\"center\">1.2<\/p>\n<\/td>\n<td width=\"51\">\n<p align=\"center\">4.00<\/p>\n<\/td>\n<td width=\"55\">\n<p align=\"center\">4.40<\/p>\n<\/td>\n<td width=\"113\">\n<p align=\"center\">8.21<\/p>\n<\/td>\n<\/tr>\n<tr>\n<td width=\"70\">\n<p align=\"center\">4<\/p>\n<\/td>\n<td width=\"82\">\n<p align=\"center\">56\/0.30<\/p>\n<\/td>\n<td width=\"73\">\n<p align=\"center\">2.80<\/p>\n<\/td>\n<td width=\"50\">\n<p align=\"center\">1.2<\/p>\n<\/td>\n<td width=\"54\">\n<p align=\"center\">1.4<\/p>\n<\/td>\n<td width=\"51\">\n<p align=\"center\">5.20<\/p>\n<\/td>\n<td width=\"55\">\n<p align=\"center\">5.60<\/p>\n<\/td>\n<td width=\"113\">\n<p align=\"center\">5.09<\/p>\n<\/td>\n<\/tr>\n<tr>\n<td width=\"70\">\n<p align=\"center\">6<\/p>\n<\/td>\n<td width=\"82\">\n<p align=\"center\">84\/0.30<\/p>\n<\/td>\n<td width=\"73\">\n<p align=\"center\">3.60<\/p>\n<\/td>\n<td width=\"50\">\n<p align=\"center\">1.2<\/p>\n<\/td>\n<td width=\"54\">\n<p align=\"center\">1.5<\/p>\n<\/td>\n<td width=\"51\">\n<p align=\"center\">6.00<\/p>\n<\/td>\n<td width=\"55\">\n<p align=\"center\">6.60<\/p>\n<\/td>\n<td width=\"113\">\n<p align=\"center\">3.39<\/p>\n<\/td>\n<\/tr>\n<tr>\n<td width=\"70\">\n<p align=\"center\">10<\/p>\n<\/td>\n<td width=\"82\">\n<p align=\"center\">84\/0.40<\/p>\n<\/td>\n<td width=\"73\">\n<p align=\"center\">4.60<\/p>\n<\/td>\n<td width=\"50\">\n<p align=\"center\">1.4<\/p>\n<\/td>\n<td width=\"54\">\n<p align=\"center\">1.6<\/p>\n<\/td>\n<td width=\"51\">\n<p align=\"center\">7.40<\/p>\n<\/td>\n<td width=\"55\">\n<p align=\"center\">7.80<\/p>\n<\/td>\n<td width=\"113\">\n<p align=\"center\">1.95<\/p>\n<\/td>\n<\/tr>\n<tr>\n<td width=\"70\">\n<p align=\"center\">16<\/p>\n<\/td>\n<td width=\"82\">\n<p align=\"center\">126\/0.40<\/p>\n<\/td>\n<td width=\"73\">\n<p align=\"center\">5.80<\/p>\n<\/td>\n<td width=\"50\">\n<p align=\"center\">1.4<\/p>\n<\/td>\n<td width=\"54\">\n<p align=\"center\">1.6<\/p>\n<\/td>\n<td width=\"51\">\n<p align=\"center\">8.60<\/p>\n<\/td>\n<td width=\"55\">\n<p align=\"center\">9.0<\/p>\n<\/td>\n<td width=\"113\">\n<p align=\"center\">1.24<\/p>\n<\/td>\n<\/tr>\n<tr>\n<td width=\"70\">\n<p align=\"center\">25<\/p>\n<\/td>\n<td width=\"82\">\n<p align=\"center\">196\/0.40<\/p>\n<\/td>\n<td width=\"73\">\n<p align=\"center\">7.60<\/p>\n<\/td>\n<td width=\"50\">\n<p align=\"center\">1.6<\/p>\n<\/td>\n<td width=\"54\">\n<p align=\"center\">1.8<\/p>\n<\/td>\n<td width=\"51\">\n<p align=\"center\">10.80<\/p>\n<\/td>\n<td width=\"55\">\n<p align=\"center\">11.2<\/p>\n<\/td>\n<td width=\"113\">\n<p align=\"center\">0.795<\/p>\n<\/td>\n<\/tr>\n<tr>\n<td width=\"70\">\n<p align=\"center\">35<\/p>\n<\/td>\n<td width=\"82\">\n<p align=\"center\">494\/0.30<\/p>\n<\/td>\n<td width=\"73\">\n<p align=\"center\">8.80<\/p>\n<\/td>\n<td width=\"50\">\n<p align=\"center\">1.8<\/p>\n<\/td>\n<td width=\"54\">\n<p align=\"center\">2.0<\/p>\n<\/td>\n<td width=\"51\">\n<p align=\"center\">12.40<\/p>\n<\/td>\n<td width=\"55\">\n<p align=\"center\">12.80<\/p>\n<\/td>\n<td width=\"113\">\n<p align=\"center\">0.565<\/p>\n<\/td>\n<\/tr>\n<tr>\n<td width=\"70\">\n<p align=\"center\">50<\/p>\n<\/td>\n<td width=\"82\">\n<p align=\"center\">396\/0.40<\/p>\n<\/td>\n<td width=\"73\">\n<p align=\"center\">10.60<\/p>\n<\/td>\n<td width=\"50\">\n<p align=\"center\">2.0<\/p>\n<\/td>\n<td width=\"54\">\n<p align=\"center\">2.2<\/p>\n<\/td>\n<td width=\"51\">\n<p align=\"center\">14.60<\/p>\n<\/td>\n<td width=\"55\">\n<p align=\"center\">15.0<\/p>\n<\/td>\n<td width=\"113\">\n<p align=\"center\">0.393<\/p>\n<\/td>\n<\/tr>\n<tr>\n<td width=\"70\">\n<p align=\"center\">70<\/p>\n<\/td>\n<td width=\"82\">\n<p align=\"center\">551\/0.40<\/p>\n<\/td>\n<td width=\"73\">\n<p align=\"center\">12.80<\/p>\n<\/td>\n<td width=\"50\">\n<p align=\"center\">2.0<\/p>\n<\/td>\n<td width=\"54\">\n<p align=\"center\">2.2<\/p>\n<\/td>\n<td width=\"51\">\n<p align=\"center\">16.80<\/p>\n<\/td>\n<td width=\"55\">\n<p align=\"center\">17.20<\/p>\n<\/td>\n<td width=\"113\">\n<p align=\"center\">0.277<\/p>\n<\/td>\n<\/tr>\n<tr>\n<td width=\"70\">\n<p align=\"center\">95<\/p>\n<\/td>\n<td width=\"82\">\n<p align=\"center\">760\/0.40<\/p>\n<\/td>\n<td width=\"73\">\n<p align=\"center\">14.80<\/p>\n<\/td>\n<td width=\"50\">\n<p align=\"center\">2.2<\/p>\n<\/td>\n<td width=\"54\">\n<p align=\"center\">2.5<\/p>\n<\/td>\n<td width=\"51\">\n<p align=\"center\">19.20<\/p>\n<\/td>\n<td width=\"55\">\n<p align=\"center\">19.80<\/p>\n<\/td>\n<td width=\"113\">\n<p align=\"center\">0.210<\/p>\n<\/td>\n<\/tr>\n<tr>\n<td width=\"70\">\n<p align=\"center\">120<\/p>\n<\/td>\n<td width=\"82\">\n<p align=\"center\">608\/0.50<\/p>\n<\/td>\n<td width=\"73\">\n<p align=\"center\">16.5<\/p>\n<\/td>\n<td width=\"50\">\n<p align=\"center\">2.2<\/p>\n<\/td>\n<td width=\"54\">\n<p align=\"center\">2.5<\/p>\n<\/td>\n<td width=\"51\">\n<p align=\"center\">21.00<\/p>\n<\/td>\n<td width=\"55\">\n<p align=\"center\">21.50<\/p>\n<\/td>\n<td width=\"113\">\n<p align=\"center\">0.164<\/p>\n<\/td>\n<\/tr>\n<tr>\n<td width=\"70\">\n<p align=\"center\">150<\/p>\n<\/td>\n<td width=\"82\">\n<p align=\"center\">760\/0.50<\/p>\n<\/td>\n<td width=\"73\">\n<p align=\"center\">18.2<\/p>\n<\/td>\n<td width=\"50\">\n<p align=\"center\">2.4<\/p>\n<\/td>\n<td width=\"54\">\n<p align=\"center\">2.6<\/p>\n<\/td>\n<td width=\"51\">\n<p align=\"center\">23.00<\/p>\n<\/td>\n<td width=\"55\">\n<p align=\"center\">23.40<\/p>\n<\/td>\n<td width=\"113\">\n<p align=\"center\">0.132<\/p>\n<\/td>\n<\/tr>\n<tr>\n<td width=\"70\">\n<p align=\"center\">185<\/p>\n<\/td>\n<td width=\"82\">\n<p align=\"center\">925\/0.50<\/p>\n<\/td>\n<td width=\"73\">\n<p align=\"center\">20.0<\/p>\n<\/td>\n<td width=\"50\">\n<p align=\"center\">2.4<\/p>\n<\/td>\n<td width=\"54\">\n<p align=\"center\">2.6<\/p>\n<\/td>\n<td width=\"51\">\n<p align=\"center\">24.80<\/p>\n<\/td>\n<td width=\"55\">\n<p align=\"center\">25.20<\/p>\n<\/td>\n<td width=\"113\">\n<p align=\"center\">0.108<\/p>\n<\/td>\n<\/tr>\n<tr>\n<td width=\"70\">\n<p align=\"center\">240<\/p>\n<\/td>\n<td width=\"82\">\n<p align=\"center\">1221\/0.50<\/p>\n<\/td>\n<td width=\"73\">\n<p align=\"center\">23.0<\/p>\n<\/td>\n<td width=\"50\">\n<p align=\"center\">2.6<\/p>\n<\/td>\n<td width=\"54\">\n<p align=\"center\">2.8<\/p>\n<\/td>\n<td width=\"51\">\n<p align=\"center\">28.20<\/p>\n<\/td>\n<td width=\"55\">\n<p align=\"center\">28.60<\/p>\n<\/td>\n<td width=\"113\">\n<p align=\"center\">0.0817<\/p>\n<\/td>\n<\/tr>\n<\/tbody>\n<\/table>\n","protected":false},"excerpt":{"rendered":"<p>El alambre y cable de silicona para alta temperatura y alto voltaje tiene una excelente resistencia a altas y bajas temperaturas, excelente rendimiento de aislamiento el\u00e9ctrico, excelente estabilidad qu\u00edmica, resistencia a alto voltaje, resistencia al envejecimiento y larga vida \u00fatil. Tambi\u00e9n es flexible y f\u00e1cil de instalar.<\/p>\n","protected":false},"featured_media":12790,"template":"","meta":{"_eb_attr":"","site-sidebar-layout":"default","site-content-layout":"","ast-site-content-layout":"default","site-content-style":"default","site-sidebar-style":"default","ast-global-header-display":"","ast-banner-title-visibility":"","ast-main-header-display":"","ast-hfb-above-header-display":"","ast-hfb-below-header-display":"","ast-hfb-mobile-header-display":"","site-post-title":"","ast-breadcrumbs-content":"","ast-featured-img":"","footer-sml-layout":"","theme-transparent-header-meta":"default","adv-header-id-meta":"","stick-header-meta":"","header-above-stick-meta":"","header-main-stick-meta":"","header-below-stick-meta":"","astra-migrate-meta-layouts":"default","ast-page-background-enabled":"default","ast-page-background-meta":{"desktop":{"background-color":"","background-image":"","background-repeat":"repeat","background-position":"center center","background-size":"auto","background-attachment":"scroll","background-type":"","background-media":"","overlay-type":"","overlay-color":"","overlay-opacity":"","overlay-gradient":""},"tablet":{"background-color":"","background-image":"","background-repeat":"repeat","background-position":"center center","background-size":"auto","background-attachment":"scroll","background-type":"","background-media":"","overlay-type":"","overlay-color":"","overlay-opacity":"","overlay-gradient":""},"mobile":{"background-color":"","background-image":"","background-repeat":"repeat","background-position":"center center","background-size":"auto","background-attachment":"scroll","background-type":"","background-media":"","overlay-type":"","overlay-color":"","overlay-opacity":"","overlay-gradient":""}},"ast-content-background-meta":{"desktop":{"background-color":"var(--ast-global-color-5)","background-image":"","background-repeat":"repeat","background-position":"center center","background-size":"auto","background-attachment":"scroll","background-type":"","background-media":"","overlay-type":"","overlay-color":"","overlay-opacity":"","overlay-gradient":""},"tablet":{"background-color":"var(--ast-global-color-5)","background-image":"","background-repeat":"repeat","background-position":"center center","background-size":"auto","background-attachment":"scroll","background-type":"","background-media":"","overlay-type":"","overlay-color":"","overlay-opacity":"","overlay-gradient":""},"mobile":{"background-color":"var(--ast-global-color-5)","background-image":"","background-repeat":"repeat","background-position":"center center","background-size":"auto","background-attachment":"scroll","background-type":"","background-media":"","overlay-type":"","overlay-color":"","overlay-opacity":"","overlay-gradient":""}}},"product_brand":[],"product_cat":[599,591,596,590,595,601,603,602,598,600,597],"product_tag":[1256,1271,1270],"class_list":{"0":"post-17750","1":"product","2":"type-product","3":"status-publish","4":"has-post-thumbnail","6":"product_cat-aviacion","7":"product_cat-cable-de-alta-temperatura","8":"product_cat-cable-de-silicona","9":"product_cat-lsoh-cable-es","10":"product_cat-cable-personalizado","11":"product_cat-en50382-es","12":"product_cat-norma-en","13":"product_cat-norma-ice","14":"product_cat-petroleo-gas","15":"product_cat-marina","16":"product_cat-via-ferrea","17":"product_tag-alambres-y-cables-de-alta-temperatura","18":"product_tag-alambres-y-cables-de-alto-voltaje","19":"product_tag-alambres-y-cables-de-silicona","20":"desktop-align-center","21":"tablet-align-left","22":"mobile-align-left","24":"first","25":"instock","26":"shipping-taxable","27":"product-type-simple"},"yoast_head":"<!-- This site is optimized with the Yoast SEO plugin v27.5 - https:\/\/yoast.com\/product\/yoast-seo-wordpress\/ -->\n<title>Alambres y cables de silicona para alto voltaje y alta temperatura - TST CABLES supplier &amp; Manufacture<\/title>\n<meta name=\"description\" content=\"El cable y alambre de silicona de alto voltaje y alta temperatura tiene una excelente resistencia a altas y bajas temperaturas.\" \/>\n<meta name=\"robots\" content=\"index, follow, max-snippet:-1, max-image-preview:large, max-video-preview:-1\" \/>\n<link rel=\"canonical\" href=\"https:\/\/www.tstcables.com\/es\/producto\/alambres-y-cables-de-silicona-para-alto-voltaje-y-alta-temperatura\/\" \/>\n<meta property=\"og:locale\" content=\"es_ES\" \/>\n<meta property=\"og:type\" content=\"article\" \/>\n<meta property=\"og:title\" content=\"Alambres y cables de silicona para alto voltaje y alta temperatura - TST CABLES supplier &amp; Manufacture\" \/>\n<meta property=\"og:description\" content=\"El cable y alambre de silicona de alto voltaje y alta temperatura tiene una excelente resistencia a altas y bajas temperaturas.\" \/>\n<meta property=\"og:url\" content=\"https:\/\/www.tstcables.com\/es\/producto\/alambres-y-cables-de-silicona-para-alto-voltaje-y-alta-temperatura\/\" \/>\n<meta property=\"og:site_name\" content=\"TST CABLES supplier &amp; Manufacture\" \/>\n<meta property=\"og:image\" content=\"https:\/\/www.tstcables.com\/wp-content\/uploads\/2024\/03\/1-2.webp\" \/>\n\t<meta property=\"og:image:width\" content=\"640\" \/>\n\t<meta property=\"og:image:height\" content=\"640\" \/>\n\t<meta property=\"og:image:type\" content=\"image\/webp\" \/>\n<meta name=\"twitter:card\" content=\"summary_large_image\" \/>\n<meta name=\"twitter:label1\" content=\"Tiempo de lectura\" \/>\n\t<meta name=\"twitter:data1\" content=\"1 minuto\" \/>\n<script type=\"application\/ld+json\" class=\"yoast-schema-graph\">{\"@context\":\"https:\\\/\\\/schema.org\",\"@graph\":[{\"@type\":\"WebPage\",\"@id\":\"https:\\\/\\\/www.tstcables.com\\\/es\\\/producto\\\/alambres-y-cables-de-silicona-para-alto-voltaje-y-alta-temperatura\\\/\",\"url\":\"https:\\\/\\\/www.tstcables.com\\\/es\\\/producto\\\/alambres-y-cables-de-silicona-para-alto-voltaje-y-alta-temperatura\\\/\",\"name\":\"Alambres y cables de silicona para alto voltaje y alta temperatura - TST CABLES supplier &amp; Manufacture\",\"isPartOf\":{\"@id\":\"https:\\\/\\\/www.tstcables.com\\\/es\\\/#website\"},\"primaryImageOfPage\":{\"@id\":\"https:\\\/\\\/www.tstcables.com\\\/es\\\/producto\\\/alambres-y-cables-de-silicona-para-alto-voltaje-y-alta-temperatura\\\/#primaryimage\"},\"image\":{\"@id\":\"https:\\\/\\\/www.tstcables.com\\\/es\\\/producto\\\/alambres-y-cables-de-silicona-para-alto-voltaje-y-alta-temperatura\\\/#primaryimage\"},\"thumbnailUrl\":\"https:\\\/\\\/www.tstcables.com\\\/wp-content\\\/uploads\\\/2024\\\/03\\\/1-2.webp\",\"datePublished\":\"2024-03-22T07:56:05+00:00\",\"description\":\"El cable y alambre de silicona de alto voltaje y alta temperatura tiene una excelente resistencia a altas y bajas temperaturas.\",\"breadcrumb\":{\"@id\":\"https:\\\/\\\/www.tstcables.com\\\/es\\\/producto\\\/alambres-y-cables-de-silicona-para-alto-voltaje-y-alta-temperatura\\\/#breadcrumb\"},\"inLanguage\":\"es\",\"potentialAction\":[{\"@type\":\"ReadAction\",\"target\":[\"https:\\\/\\\/www.tstcables.com\\\/es\\\/producto\\\/alambres-y-cables-de-silicona-para-alto-voltaje-y-alta-temperatura\\\/\"]}]},{\"@type\":\"ImageObject\",\"inLanguage\":\"es\",\"@id\":\"https:\\\/\\\/www.tstcables.com\\\/es\\\/producto\\\/alambres-y-cables-de-silicona-para-alto-voltaje-y-alta-temperatura\\\/#primaryimage\",\"url\":\"https:\\\/\\\/www.tstcables.com\\\/wp-content\\\/uploads\\\/2024\\\/03\\\/1-2.webp\",\"contentUrl\":\"https:\\\/\\\/www.tstcables.com\\\/wp-content\\\/uploads\\\/2024\\\/03\\\/1-2.webp\",\"width\":640,\"height\":640,\"caption\":\"CAT7 cable (Category 7 network cable) EN50264 fire-resistant wire &cableEN50264 fire-resistant wire &cable\"},{\"@type\":\"BreadcrumbList\",\"@id\":\"https:\\\/\\\/www.tstcables.com\\\/es\\\/producto\\\/alambres-y-cables-de-silicona-para-alto-voltaje-y-alta-temperatura\\\/#breadcrumb\",\"itemListElement\":[{\"@type\":\"ListItem\",\"position\":1,\"name\":\"\u9996\u9875\",\"item\":\"https:\\\/\\\/www.tstcables.com\\\/es\\\/\"},{\"@type\":\"ListItem\",\"position\":2,\"name\":\"Product\",\"item\":\"https:\\\/\\\/www.tstcables.com\\\/product\\\/\"},{\"@type\":\"ListItem\",\"position\":3,\"name\":\"Alambres y cables de silicona para alto voltaje y alta temperatura\"}]},{\"@type\":\"WebSite\",\"@id\":\"https:\\\/\\\/www.tstcables.com\\\/es\\\/#website\",\"url\":\"https:\\\/\\\/www.tstcables.com\\\/es\\\/\",\"name\":\"TST Cable supplier & Manufacture\",\"description\":\"TST CABLES  supplier &amp; Manufacture official website\",\"publisher\":{\"@id\":\"https:\\\/\\\/www.tstcables.com\\\/es\\\/#organization\"},\"potentialAction\":[{\"@type\":\"SearchAction\",\"target\":{\"@type\":\"EntryPoint\",\"urlTemplate\":\"https:\\\/\\\/www.tstcables.com\\\/es\\\/?s={search_term_string}\"},\"query-input\":{\"@type\":\"PropertyValueSpecification\",\"valueRequired\":true,\"valueName\":\"search_term_string\"}}],\"inLanguage\":\"es\"},{\"@type\":\"Organization\",\"@id\":\"https:\\\/\\\/www.tstcables.com\\\/es\\\/#organization\",\"name\":\"TST Cable supplier & Manufacture\",\"url\":\"https:\\\/\\\/www.tstcables.com\\\/es\\\/\",\"logo\":{\"@type\":\"ImageObject\",\"inLanguage\":\"es\",\"@id\":\"https:\\\/\\\/www.tstcables.com\\\/es\\\/#\\\/schema\\\/logo\\\/image\\\/\",\"url\":\"https:\\\/\\\/www.tstcables.com\\\/wp-content\\\/uploads\\\/2024\\\/04\\\/cropped-\u753b\u677f-1-\u62f7\u8d1d-4-1.png\",\"contentUrl\":\"https:\\\/\\\/www.tstcables.com\\\/wp-content\\\/uploads\\\/2024\\\/04\\\/cropped-\u753b\u677f-1-\u62f7\u8d1d-4-1.png\",\"width\":300,\"height\":100,\"caption\":\"TST Cable supplier & Manufacture\"},\"image\":{\"@id\":\"https:\\\/\\\/www.tstcables.com\\\/es\\\/#\\\/schema\\\/logo\\\/image\\\/\"}}]}<\/script>\n<!-- \/ Yoast SEO plugin. -->","yoast_head_json":{"title":"Alambres y cables de silicona para alto voltaje y alta temperatura - TST CABLES supplier &amp; Manufacture","description":"El cable y alambre de silicona de alto voltaje y alta temperatura tiene una excelente resistencia a altas y bajas temperaturas.","robots":{"index":"index","follow":"follow","max-snippet":"max-snippet:-1","max-image-preview":"max-image-preview:large","max-video-preview":"max-video-preview:-1"},"canonical":"https:\/\/www.tstcables.com\/es\/producto\/alambres-y-cables-de-silicona-para-alto-voltaje-y-alta-temperatura\/","og_locale":"es_ES","og_type":"article","og_title":"Alambres y cables de silicona para alto voltaje y alta temperatura - TST CABLES supplier &amp; Manufacture","og_description":"El cable y alambre de silicona de alto voltaje y alta temperatura tiene una excelente resistencia a altas y bajas temperaturas.","og_url":"https:\/\/www.tstcables.com\/es\/producto\/alambres-y-cables-de-silicona-para-alto-voltaje-y-alta-temperatura\/","og_site_name":"TST CABLES supplier &amp; Manufacture","og_image":[{"width":640,"height":640,"url":"https:\/\/www.tstcables.com\/wp-content\/uploads\/2024\/03\/1-2.webp","type":"image\/webp"}],"twitter_card":"summary_large_image","twitter_misc":{"Tiempo de lectura":"1 minuto"},"schema":{"@context":"https:\/\/schema.org","@graph":[{"@type":"WebPage","@id":"https:\/\/www.tstcables.com\/es\/producto\/alambres-y-cables-de-silicona-para-alto-voltaje-y-alta-temperatura\/","url":"https:\/\/www.tstcables.com\/es\/producto\/alambres-y-cables-de-silicona-para-alto-voltaje-y-alta-temperatura\/","name":"Alambres y cables de silicona para alto voltaje y alta temperatura - TST CABLES supplier &amp; Manufacture","isPartOf":{"@id":"https:\/\/www.tstcables.com\/es\/#website"},"primaryImageOfPage":{"@id":"https:\/\/www.tstcables.com\/es\/producto\/alambres-y-cables-de-silicona-para-alto-voltaje-y-alta-temperatura\/#primaryimage"},"image":{"@id":"https:\/\/www.tstcables.com\/es\/producto\/alambres-y-cables-de-silicona-para-alto-voltaje-y-alta-temperatura\/#primaryimage"},"thumbnailUrl":"https:\/\/www.tstcables.com\/wp-content\/uploads\/2024\/03\/1-2.webp","datePublished":"2024-03-22T07:56:05+00:00","description":"El cable y alambre de silicona de alto voltaje y alta temperatura tiene una excelente resistencia a altas y bajas temperaturas.","breadcrumb":{"@id":"https:\/\/www.tstcables.com\/es\/producto\/alambres-y-cables-de-silicona-para-alto-voltaje-y-alta-temperatura\/#breadcrumb"},"inLanguage":"es","potentialAction":[{"@type":"ReadAction","target":["https:\/\/www.tstcables.com\/es\/producto\/alambres-y-cables-de-silicona-para-alto-voltaje-y-alta-temperatura\/"]}]},{"@type":"ImageObject","inLanguage":"es","@id":"https:\/\/www.tstcables.com\/es\/producto\/alambres-y-cables-de-silicona-para-alto-voltaje-y-alta-temperatura\/#primaryimage","url":"https:\/\/www.tstcables.com\/wp-content\/uploads\/2024\/03\/1-2.webp","contentUrl":"https:\/\/www.tstcables.com\/wp-content\/uploads\/2024\/03\/1-2.webp","width":640,"height":640,"caption":"CAT7 cable (Category 7 network cable) EN50264 fire-resistant wire &cableEN50264 fire-resistant wire &cable"},{"@type":"BreadcrumbList","@id":"https:\/\/www.tstcables.com\/es\/producto\/alambres-y-cables-de-silicona-para-alto-voltaje-y-alta-temperatura\/#breadcrumb","itemListElement":[{"@type":"ListItem","position":1,"name":"\u9996\u9875","item":"https:\/\/www.tstcables.com\/es\/"},{"@type":"ListItem","position":2,"name":"Product","item":"https:\/\/www.tstcables.com\/product\/"},{"@type":"ListItem","position":3,"name":"Alambres y cables de silicona para alto voltaje y alta temperatura"}]},{"@type":"WebSite","@id":"https:\/\/www.tstcables.com\/es\/#website","url":"https:\/\/www.tstcables.com\/es\/","name":"TST Cable supplier & Manufacture","description":"TST CABLES  supplier &amp; Manufacture official website","publisher":{"@id":"https:\/\/www.tstcables.com\/es\/#organization"},"potentialAction":[{"@type":"SearchAction","target":{"@type":"EntryPoint","urlTemplate":"https:\/\/www.tstcables.com\/es\/?s={search_term_string}"},"query-input":{"@type":"PropertyValueSpecification","valueRequired":true,"valueName":"search_term_string"}}],"inLanguage":"es"},{"@type":"Organization","@id":"https:\/\/www.tstcables.com\/es\/#organization","name":"TST Cable supplier & Manufacture","url":"https:\/\/www.tstcables.com\/es\/","logo":{"@type":"ImageObject","inLanguage":"es","@id":"https:\/\/www.tstcables.com\/es\/#\/schema\/logo\/image\/","url":"https:\/\/www.tstcables.com\/wp-content\/uploads\/2024\/04\/cropped-\u753b\u677f-1-\u62f7\u8d1d-4-1.png","contentUrl":"https:\/\/www.tstcables.com\/wp-content\/uploads\/2024\/04\/cropped-\u753b\u677f-1-\u62f7\u8d1d-4-1.png","width":300,"height":100,"caption":"TST Cable supplier & Manufacture"},"image":{"@id":"https:\/\/www.tstcables.com\/es\/#\/schema\/logo\/image\/"}}]}},"_links":{"self":[{"href":"https:\/\/www.tstcables.com\/es\/wp-json\/wp\/v2\/product\/17750","targetHints":{"allow":["GET"]}}],"collection":[{"href":"https:\/\/www.tstcables.com\/es\/wp-json\/wp\/v2\/product"}],"about":[{"href":"https:\/\/www.tstcables.com\/es\/wp-json\/wp\/v2\/types\/product"}],"version-history":[{"count":0,"href":"https:\/\/www.tstcables.com\/es\/wp-json\/wp\/v2\/product\/17750\/revisions"}],"wp:featuredmedia":[{"embeddable":true,"href":"https:\/\/www.tstcables.com\/es\/wp-json\/wp\/v2\/media\/12790"}],"wp:attachment":[{"href":"https:\/\/www.tstcables.com\/es\/wp-json\/wp\/v2\/media?parent=17750"}],"wp:term":[{"taxonomy":"product_brand","embeddable":true,"href":"https:\/\/www.tstcables.com\/es\/wp-json\/wp\/v2\/product_brand?post=17750"},{"taxonomy":"product_cat","embeddable":true,"href":"https:\/\/www.tstcables.com\/es\/wp-json\/wp\/v2\/product_cat?post=17750"},{"taxonomy":"product_tag","embeddable":true,"href":"https:\/\/www.tstcables.com\/es\/wp-json\/wp\/v2\/product_tag?post=17750"}],"curies":[{"name":"wp","href":"https:\/\/api.w.org\/{rel}","templated":true}]}}