{"id":17762,"date":"2024-03-22T11:25:57","date_gmt":"2024-03-22T03:25:57","guid":{"rendered":"https:\/\/www.tstcables.com\/product\/500-%e2%84%83-resistente-a-altas-temperaturas-gn450-alambre-resistente-al-fuego-libre-de-halogenos\/"},"modified":"2024-03-22T11:25:57","modified_gmt":"2024-03-22T03:25:57","slug":"500-%e2%84%83-resistente-a-altas-temperaturas-gn450-alambre-resistente-al-fuego-libre-de-halogenos","status":"publish","type":"product","link":"https:\/\/www.tstcables.com\/es\/producto\/500-%e2%84%83-resistente-a-altas-temperaturas-gn450-alambre-resistente-al-fuego-libre-de-halogenos\/","title":{"rendered":"500 \u2103 resistente a altas temperaturas GN450 Alambre resistente al fuego libre de hal\u00f3genos"},"content":{"rendered":"<p><strong>N\u00famero de producto<\/strong><\/p>\n<ul>\n<li>GN450<\/li>\n<\/ul>\n<p><strong>Est\u00e1ndar en la industria:<\/strong><\/p>\n<ul>\n<li>Q310114000209C025-2017<\/li>\n<\/ul>\n<p>&nbsp;<\/p>\n<p><strong>Caracter\u00edsticas del producto<\/strong><\/p>\n<ul>\n<li>Tensi\u00f3n nominal 500V<\/li>\n<li>Rango de temperatura -60~+450 \u2103 (resistencia a la temperatura del pulso 500 \u2103)<\/li>\n<li>Estructura conductora de alambre de cobre niquelado.<\/li>\n<li>El color es amarillo terroso, puedes elegir gasa negra, gasa roja, etc.<\/li>\n<\/ul>\n<p>&nbsp;<\/p>\n<p><strong>Caracter\u00edsticas<\/strong><\/p>\n<p>Aplicaci\u00f3n del producto: Este producto es un alambre y cable utilizado en diversos dispositivos el\u00e9ctricos que requieren protecci\u00f3n contra incendios en entornos especiales como metalurgia, ingenier\u00eda t\u00e9rmica, petr\u00f3leo, industria qu\u00edmica, gas natural y queroseno.<\/p>\n<p>&nbsp;<\/p>\n<p><strong>Requisitos de entrega<\/strong><\/p>\n<p>Longitud de entrega: se permiten segmentos de l\u00ednea cortos de no menos de 10 metros, pero su cantidad no puede exceder el 10% de la cantidad total de entrega. Condiciones de colocaci\u00f3n: colocaci\u00f3n fija, adem\u00e1s de combusti\u00f3n con llama, sin gases nocivos y t\u00f3xicos.<\/p>\n<p>&nbsp;<\/p>\n<p><strong> Par\u00e1metros t\u00e9cnicos<\/strong><\/p>\n<table class=\"tg\">\n<thead>\n<tr>\n<th class=\"tg-wa1i\">Secci\u00f3n transversal nominal (mm2)<\/th>\n<th class=\"tg-wa1i\">Estructura de conductores mm<\/th>\n<th class=\"tg-wa1i\">Espesor del aislamiento (mm)<\/th>\n<th class=\"tg-wa1i\">Control de di\u00e1metro exterior (mm)<\/th>\n<th class=\"tg-wa1i\">Resistencia del conductor CC a 20 \u2103 (S2\/km)<\/th>\n<\/tr>\n<\/thead>\n<tbody>\n<tr>\n<td class=\"tg-nrix\">0.5<\/td>\n<td class=\"tg-baqh\">7 \u00d7 0.30<\/td>\n<td class=\"tg-nrix\">0.5<\/td>\n<td class=\"tg-baqh\">2.3\u00b10.3<\/td>\n<td class=\"tg-nrix\">40.8<\/td>\n<\/tr>\n<tr>\n<td class=\"tg-nrix\">0.75<\/td>\n<td class=\"tg-baqh\">11 \u00d7 0.30<\/td>\n<td class=\"tg-nrix\">0.5<\/td>\n<td class=\"tg-baqh\">2.5\u00b10.3<\/td>\n<td class=\"tg-nrix\">24.3<\/td>\n<\/tr>\n<tr>\n<td class=\"tg-nrix\">1<\/td>\n<td class=\"tg-baqh\">14 \u00d7 0.30<\/td>\n<td class=\"tg-nrix\">0.5<\/td>\n<td class=\"tg-baqh\">2.6\u00b10.3<\/td>\n<td class=\"tg-nrix\">20<\/td>\n<\/tr>\n<tr>\n<td class=\"tg-nrix\">1.5<\/td>\n<td class=\"tg-baqh\">21 \u00d7 0.30<\/td>\n<td class=\"tg-nrix\">0.5<\/td>\n<td class=\"tg-baqh\">2.9\u00b10.3<\/td>\n<td class=\"tg-nrix\">12.6<\/td>\n<\/tr>\n<tr>\n<td class=\"tg-nrix\">2<\/td>\n<td class=\"tg-baqh\">28 \u00d7 0.30<\/td>\n<td class=\"tg-nrix\">0.6<\/td>\n<td class=\"tg-baqh\">3.3\u00b10.5<\/td>\n<td class=\"tg-nrix\">9.84<\/td>\n<\/tr>\n<tr>\n<td class=\"tg-nrix\">2.5<\/td>\n<td class=\"tg-baqh\">35 \u00d7 0.30<\/td>\n<td class=\"tg-nrix\">0.6<\/td>\n<td class=\"tg-baqh\">3.6\u00b10.5<\/td>\n<td class=\"tg-baqh\">7. 37<\/td>\n<\/tr>\n<tr>\n<td class=\"tg-nrix\">4<\/td>\n<td class=\"tg-baqh\">56 \u00d7 0.30<\/td>\n<td class=\"tg-nrix\">0.8<\/td>\n<td class=\"tg-baqh\">4.7\u00b10.5<\/td>\n<td class=\"tg-nrix\">4.83<\/td>\n<\/tr>\n<tr>\n<td class=\"tg-nrix\">6<\/td>\n<td class=\"tg-baqh\">84 \u00d7 0.30<\/td>\n<td class=\"tg-nrix\">0.8<\/td>\n<td class=\"tg-baqh\">5.5 \u00b1 0.5<\/td>\n<td class=\"tg-nrix\">3.26<\/td>\n<\/tr>\n<tr>\n<td class=\"tg-nrix\">10<\/td>\n<td class=\"tg-baqh\">84 \u00d7 0.40<\/td>\n<td class=\"tg-nrix\">0.8<\/td>\n<td class=\"tg-baqh\">6.6\u00b10.5<\/td>\n<td class=\"tg-nrix\">1.8<\/td>\n<\/tr>\n<tr>\n<td class=\"tg-nrix\" rowspan=\"2\">16<\/td>\n<td class=\"tg-baqh\">228 \u00d7 0.30<\/td>\n<td class=\"tg-nrix\">0.8<\/td>\n<td class=\"tg-baqh\">7.8\u00b10.5<\/td>\n<td class=\"tg-nrix\">1.31<\/td>\n<\/tr>\n<tr>\n<td class=\"tg-baqh\">126 \u00d7 0.40<\/td>\n<td class=\"tg-nrix\">0.8<\/td>\n<td class=\"tg-baqh\">7.8\u00b10.5<\/td>\n<td class=\"tg-nrix\">1.31<\/td>\n<\/tr>\n<tr>\n<td class=\"tg-nrix\" rowspan=\"2\">25<\/td>\n<td class=\"tg-baqh\">196\u00d7 0.40<\/td>\n<td class=\"tg-nrix\">0.8<\/td>\n<td class=\"tg-baqh\">9.5\u00b10.5<\/td>\n<td class=\"tg-nrix\">0.758<\/td>\n<\/tr>\n<tr>\n<td class=\"tg-baqh\">361 \u00d7 0.30<\/td>\n<td class=\"tg-nrix\">0.8<\/td>\n<td class=\"tg-baqh\">9.5\u00b1 0.5<\/td>\n<td class=\"tg-nrix\">0.758<\/td>\n<\/tr>\n<tr>\n<td class=\"tg-nrix\">35<\/td>\n<td class=\"tg-baqh\">494 \u00d7 0.30<\/td>\n<td class=\"tg-nrix\">1<\/td>\n<td class=\"tg-baqh\">11.2\u00b11.0<\/td>\n<td class=\"tg-nrix\">0.548<\/td>\n<\/tr>\n<tr>\n<td class=\"tg-nrix\" rowspan=\"2\">50<\/td>\n<td class=\"tg-baqh\">396 \u00d7 0.40<\/td>\n<td class=\"tg-nrix\">1.2<\/td>\n<td class=\"tg-baqh\">13.2\u00b11.0<\/td>\n<td class=\"tg-baqh\">0. 384<\/td>\n<\/tr>\n<tr>\n<td class=\"tg-baqh\">703 \u00d7 0.30<\/td>\n<td class=\"tg-nrix\">1.2<\/td>\n<td class=\"tg-baqh\">13.2\u00b11.0<\/td>\n<td class=\"tg-nrix\">0.384<\/td>\n<\/tr>\n<tr>\n<td class=\"tg-nrix\" rowspan=\"2\">70<\/td>\n<td class=\"tg-baqh\">551 \u00d7 0.40<\/td>\n<td class=\"tg-nrix\">1.2<\/td>\n<td class=\"tg-baqh\">15.4\u00b11.0<\/td>\n<td class=\"tg-nrix\">0.289<\/td>\n<\/tr>\n<tr>\n<td class=\"tg-baqh\">988 \u00d7 0.30<\/td>\n<td class=\"tg-nrix\">1.2<\/td>\n<td class=\"tg-baqh\">15.4\u00b11.0<\/td>\n<td class=\"tg-nrix\">0.289<\/td>\n<\/tr>\n<tr>\n<td class=\"tg-nrix\">95<\/td>\n<td class=\"tg-baqh\">760 \u00d7 0.40<\/td>\n<td class=\"tg-nrix\">1.2<\/td>\n<td class=\"tg-baqh\">17.4\u00b11.0<\/td>\n<td class=\"tg-nrix\">0.205<\/td>\n<\/tr>\n<\/tbody>\n<\/table>\n<p>Nota: Se pueden producir productos con otras especificaciones seg\u00fan el acuerdo entre el proveedor y el comprador.<\/p>\n<p>&nbsp;<\/p>\n","protected":false},"excerpt":{"rendered":"<p>Este producto es un alambre y cable utilizado en diversos dispositivos el\u00e9ctricos que requieren protecci\u00f3n contra incendios en entornos especiales como metalurgia, ingenier\u00eda t\u00e9rmica, petr\u00f3leo, industria qu\u00edmica, gas natural y queroseno. Resistente a altas temperaturas de 500 \u2103.<\/p>\n","protected":false},"featured_media":13158,"template":"","meta":{"_eb_attr":"","site-sidebar-layout":"default","site-content-layout":"","ast-site-content-layout":"default","site-content-style":"default","site-sidebar-style":"default","ast-global-header-display":"","ast-banner-title-visibility":"","ast-main-header-display":"","ast-hfb-above-header-display":"","ast-hfb-below-header-display":"","ast-hfb-mobile-header-display":"","site-post-title":"","ast-breadcrumbs-content":"","ast-featured-img":"","footer-sml-layout":"","theme-transparent-header-meta":"default","adv-header-id-meta":"","stick-header-meta":"","header-above-stick-meta":"","header-main-stick-meta":"","header-below-stick-meta":"","astra-migrate-meta-layouts":"default","ast-page-background-enabled":"default","ast-page-background-meta":{"desktop":{"background-color":"","background-image":"","background-repeat":"repeat","background-position":"center center","background-size":"auto","background-attachment":"scroll","background-type":"","background-media":"","overlay-type":"","overlay-color":"","overlay-opacity":"","overlay-gradient":""},"tablet":{"background-color":"","background-image":"","background-repeat":"repeat","background-position":"center center","background-size":"auto","background-attachment":"scroll","background-type":"","background-media":"","overlay-type":"","overlay-color":"","overlay-opacity":"","overlay-gradient":""},"mobile":{"background-color":"","background-image":"","background-repeat":"repeat","background-position":"center center","background-size":"auto","background-attachment":"scroll","background-type":"","background-media":"","overlay-type":"","overlay-color":"","overlay-opacity":"","overlay-gradient":""}},"ast-content-background-meta":{"desktop":{"background-color":"var(--ast-global-color-5)","background-image":"","background-repeat":"repeat","background-position":"center center","background-size":"auto","background-attachment":"scroll","background-type":"","background-media":"","overlay-type":"","overlay-color":"","overlay-opacity":"","overlay-gradient":""},"tablet":{"background-color":"var(--ast-global-color-5)","background-image":"","background-repeat":"repeat","background-position":"center center","background-size":"auto","background-attachment":"scroll","background-type":"","background-media":"","overlay-type":"","overlay-color":"","overlay-opacity":"","overlay-gradient":""},"mobile":{"background-color":"var(--ast-global-color-5)","background-image":"","background-repeat":"repeat","background-position":"center center","background-size":"auto","background-attachment":"scroll","background-type":"","background-media":"","overlay-type":"","overlay-color":"","overlay-opacity":"","overlay-gradient":""}}},"product_brand":[],"product_cat":[599,591,590,595,623,622,601,610,603,602,646,598,600,597],"product_tag":[1292,1288,1291],"class_list":{"0":"post-17762","1":"product","2":"type-product","3":"status-publish","4":"has-post-thumbnail","6":"product_cat-aviacion","7":"product_cat-cable-de-alta-temperatura","8":"product_cat-lsoh-cable-es","9":"product_cat-cable-personalizado","10":"product_cat-en50264-es","11":"product_cat-en50306-es","12":"product_cat-en50382-es","13":"product_cat-energia-eolica","14":"product_cat-norma-en","15":"product_cat-norma-ice","16":"product_cat-nuclear-es","17":"product_cat-petroleo-gas","18":"product_cat-marina","19":"product_cat-via-ferrea","20":"product_tag-alta-temperatura-gn450","21":"product_tag-hilo-resistente-al-fuego-retardante-de-llama-libre-de-halogenos-y-humo","22":"product_tag-resistente-a-500--de-alta-temperatura-gn450","23":"desktop-align-center","24":"tablet-align-left","25":"mobile-align-left","27":"first","28":"instock","29":"shipping-taxable","30":"product-type-simple"},"yoast_head":"<!-- This site is optimized with the Yoast SEO plugin v27.4 - https:\/\/yoast.com\/product\/yoast-seo-wordpress\/ -->\n<title>Resistente a altas temperaturas de 500 \u2103 GN450 Retardante de llama libre de hal\u00f3genos y humo de alambre resistente al fuego<\/title>\n<meta name=\"description\" content=\"Este producto es un alambre y cable utilizado en diversos dispositivos el\u00e9ctricos que requieren protecci\u00f3n contra incendios en entornos especiales como metalurgia, ingenier\u00eda t\u00e9rmica, petr\u00f3leo, industria qu\u00edmica, gas natural y queroseno. Resistente a altas temperaturas de 500 \u2103.\" \/>\n<meta name=\"robots\" content=\"index, follow, max-snippet:-1, max-image-preview:large, max-video-preview:-1\" \/>\n<link rel=\"canonical\" href=\"https:\/\/www.tstcables.com\/es\/producto\/500-%e2%84%83-resistente-a-altas-temperaturas-gn450-alambre-resistente-al-fuego-libre-de-halogenos\/\" \/>\n<meta property=\"og:locale\" content=\"es_ES\" \/>\n<meta property=\"og:type\" content=\"article\" \/>\n<meta property=\"og:title\" content=\"Resistente a altas temperaturas de 500 \u2103 GN450 Retardante de llama libre de hal\u00f3genos y humo de alambre resistente al fuego\" \/>\n<meta property=\"og:description\" content=\"Este producto es un alambre y cable utilizado en diversos dispositivos el\u00e9ctricos que requieren protecci\u00f3n contra incendios en entornos especiales como metalurgia, ingenier\u00eda t\u00e9rmica, petr\u00f3leo, industria qu\u00edmica, gas natural y queroseno. Resistente a altas temperaturas de 500 \u2103.\" \/>\n<meta property=\"og:url\" content=\"https:\/\/www.tstcables.com\/es\/producto\/500-%e2%84%83-resistente-a-altas-temperaturas-gn450-alambre-resistente-al-fuego-libre-de-halogenos\/\" \/>\n<meta property=\"og:site_name\" content=\"TST CABLES supplier &amp; Manufacture\" \/>\n<meta property=\"og:image\" content=\"https:\/\/www.tstcables.com\/wp-content\/uploads\/2024\/03\/4-14.jpg\" \/>\n\t<meta property=\"og:image:width\" content=\"640\" \/>\n\t<meta property=\"og:image:height\" content=\"640\" \/>\n\t<meta property=\"og:image:type\" content=\"image\/jpeg\" \/>\n<meta name=\"twitter:card\" content=\"summary_large_image\" \/>\n<meta name=\"twitter:label1\" content=\"Tiempo de lectura\" \/>\n\t<meta name=\"twitter:data1\" content=\"1 minuto\" \/>\n<script type=\"application\/ld+json\" class=\"yoast-schema-graph\">{\"@context\":\"https:\\\/\\\/schema.org\",\"@graph\":[{\"@type\":\"WebPage\",\"@id\":\"https:\\\/\\\/www.tstcables.com\\\/es\\\/producto\\\/500-%e2%84%83-resistente-a-altas-temperaturas-gn450-alambre-resistente-al-fuego-libre-de-halogenos\\\/\",\"url\":\"https:\\\/\\\/www.tstcables.com\\\/es\\\/producto\\\/500-%e2%84%83-resistente-a-altas-temperaturas-gn450-alambre-resistente-al-fuego-libre-de-halogenos\\\/\",\"name\":\"Resistente a altas temperaturas de 500 \u2103 GN450 Retardante de llama libre de hal\u00f3genos y humo de alambre resistente al fuego\",\"isPartOf\":{\"@id\":\"https:\\\/\\\/www.tstcables.com\\\/es\\\/#website\"},\"primaryImageOfPage\":{\"@id\":\"https:\\\/\\\/www.tstcables.com\\\/es\\\/producto\\\/500-%e2%84%83-resistente-a-altas-temperaturas-gn450-alambre-resistente-al-fuego-libre-de-halogenos\\\/#primaryimage\"},\"image\":{\"@id\":\"https:\\\/\\\/www.tstcables.com\\\/es\\\/producto\\\/500-%e2%84%83-resistente-a-altas-temperaturas-gn450-alambre-resistente-al-fuego-libre-de-halogenos\\\/#primaryimage\"},\"thumbnailUrl\":\"https:\\\/\\\/www.tstcables.com\\\/wp-content\\\/uploads\\\/2024\\\/03\\\/4-14.jpg\",\"datePublished\":\"2024-03-22T03:25:57+00:00\",\"description\":\"Este producto es un alambre y cable utilizado en diversos dispositivos el\u00e9ctricos que requieren protecci\u00f3n contra incendios en entornos especiales como metalurgia, ingenier\u00eda t\u00e9rmica, petr\u00f3leo, industria qu\u00edmica, gas natural y queroseno. Resistente a altas temperaturas de 500 \u2103.\",\"breadcrumb\":{\"@id\":\"https:\\\/\\\/www.tstcables.com\\\/es\\\/producto\\\/500-%e2%84%83-resistente-a-altas-temperaturas-gn450-alambre-resistente-al-fuego-libre-de-halogenos\\\/#breadcrumb\"},\"inLanguage\":\"es\",\"potentialAction\":[{\"@type\":\"ReadAction\",\"target\":[\"https:\\\/\\\/www.tstcables.com\\\/es\\\/producto\\\/500-%e2%84%83-resistente-a-altas-temperaturas-gn450-alambre-resistente-al-fuego-libre-de-halogenos\\\/\"]}]},{\"@type\":\"ImageObject\",\"inLanguage\":\"es\",\"@id\":\"https:\\\/\\\/www.tstcables.com\\\/es\\\/producto\\\/500-%e2%84%83-resistente-a-altas-temperaturas-gn450-alambre-resistente-al-fuego-libre-de-halogenos\\\/#primaryimage\",\"url\":\"https:\\\/\\\/www.tstcables.com\\\/wp-content\\\/uploads\\\/2024\\\/03\\\/4-14.jpg\",\"contentUrl\":\"https:\\\/\\\/www.tstcables.com\\\/wp-content\\\/uploads\\\/2024\\\/03\\\/4-14.jpg\",\"width\":640,\"height\":640,\"caption\":\"Resistant to 500\u2103 high temperature GN450\"},{\"@type\":\"BreadcrumbList\",\"@id\":\"https:\\\/\\\/www.tstcables.com\\\/es\\\/producto\\\/500-%e2%84%83-resistente-a-altas-temperaturas-gn450-alambre-resistente-al-fuego-libre-de-halogenos\\\/#breadcrumb\",\"itemListElement\":[{\"@type\":\"ListItem\",\"position\":1,\"name\":\"\u9996\u9875\",\"item\":\"https:\\\/\\\/www.tstcables.com\\\/es\\\/\"},{\"@type\":\"ListItem\",\"position\":2,\"name\":\"Product\",\"item\":\"https:\\\/\\\/www.tstcables.com\\\/product\\\/\"},{\"@type\":\"ListItem\",\"position\":3,\"name\":\"500 \u2103 resistente a altas temperaturas GN450 Alambre resistente al fuego libre de hal\u00f3genos\"}]},{\"@type\":\"WebSite\",\"@id\":\"https:\\\/\\\/www.tstcables.com\\\/es\\\/#website\",\"url\":\"https:\\\/\\\/www.tstcables.com\\\/es\\\/\",\"name\":\"TST Cable supplier & Manufacture\",\"description\":\"TST CABLES  supplier &amp; Manufacture official website\",\"publisher\":{\"@id\":\"https:\\\/\\\/www.tstcables.com\\\/es\\\/#organization\"},\"potentialAction\":[{\"@type\":\"SearchAction\",\"target\":{\"@type\":\"EntryPoint\",\"urlTemplate\":\"https:\\\/\\\/www.tstcables.com\\\/es\\\/?s={search_term_string}\"},\"query-input\":{\"@type\":\"PropertyValueSpecification\",\"valueRequired\":true,\"valueName\":\"search_term_string\"}}],\"inLanguage\":\"es\"},{\"@type\":\"Organization\",\"@id\":\"https:\\\/\\\/www.tstcables.com\\\/es\\\/#organization\",\"name\":\"TST Cable supplier & Manufacture\",\"url\":\"https:\\\/\\\/www.tstcables.com\\\/es\\\/\",\"logo\":{\"@type\":\"ImageObject\",\"inLanguage\":\"es\",\"@id\":\"https:\\\/\\\/www.tstcables.com\\\/es\\\/#\\\/schema\\\/logo\\\/image\\\/\",\"url\":\"https:\\\/\\\/www.tstcables.com\\\/wp-content\\\/uploads\\\/2024\\\/04\\\/cropped-\u753b\u677f-1-\u62f7\u8d1d-4-1.png\",\"contentUrl\":\"https:\\\/\\\/www.tstcables.com\\\/wp-content\\\/uploads\\\/2024\\\/04\\\/cropped-\u753b\u677f-1-\u62f7\u8d1d-4-1.png\",\"width\":300,\"height\":100,\"caption\":\"TST Cable supplier & Manufacture\"},\"image\":{\"@id\":\"https:\\\/\\\/www.tstcables.com\\\/es\\\/#\\\/schema\\\/logo\\\/image\\\/\"}}]}<\/script>\n<!-- \/ Yoast SEO plugin. -->","yoast_head_json":{"title":"Resistente a altas temperaturas de 500 \u2103 GN450 Retardante de llama libre de hal\u00f3genos y humo de alambre resistente al fuego","description":"Este producto es un alambre y cable utilizado en diversos dispositivos el\u00e9ctricos que requieren protecci\u00f3n contra incendios en entornos especiales como metalurgia, ingenier\u00eda t\u00e9rmica, petr\u00f3leo, industria qu\u00edmica, gas natural y queroseno. Resistente a altas temperaturas de 500 \u2103.","robots":{"index":"index","follow":"follow","max-snippet":"max-snippet:-1","max-image-preview":"max-image-preview:large","max-video-preview":"max-video-preview:-1"},"canonical":"https:\/\/www.tstcables.com\/es\/producto\/500-%e2%84%83-resistente-a-altas-temperaturas-gn450-alambre-resistente-al-fuego-libre-de-halogenos\/","og_locale":"es_ES","og_type":"article","og_title":"Resistente a altas temperaturas de 500 \u2103 GN450 Retardante de llama libre de hal\u00f3genos y humo de alambre resistente al fuego","og_description":"Este producto es un alambre y cable utilizado en diversos dispositivos el\u00e9ctricos que requieren protecci\u00f3n contra incendios en entornos especiales como metalurgia, ingenier\u00eda t\u00e9rmica, petr\u00f3leo, industria qu\u00edmica, gas natural y queroseno. Resistente a altas temperaturas de 500 \u2103.","og_url":"https:\/\/www.tstcables.com\/es\/producto\/500-%e2%84%83-resistente-a-altas-temperaturas-gn450-alambre-resistente-al-fuego-libre-de-halogenos\/","og_site_name":"TST CABLES supplier &amp; Manufacture","og_image":[{"width":640,"height":640,"url":"https:\/\/www.tstcables.com\/wp-content\/uploads\/2024\/03\/4-14.jpg","type":"image\/jpeg"}],"twitter_card":"summary_large_image","twitter_misc":{"Tiempo de lectura":"1 minuto"},"schema":{"@context":"https:\/\/schema.org","@graph":[{"@type":"WebPage","@id":"https:\/\/www.tstcables.com\/es\/producto\/500-%e2%84%83-resistente-a-altas-temperaturas-gn450-alambre-resistente-al-fuego-libre-de-halogenos\/","url":"https:\/\/www.tstcables.com\/es\/producto\/500-%e2%84%83-resistente-a-altas-temperaturas-gn450-alambre-resistente-al-fuego-libre-de-halogenos\/","name":"Resistente a altas temperaturas de 500 \u2103 GN450 Retardante de llama libre de hal\u00f3genos y humo de alambre resistente al fuego","isPartOf":{"@id":"https:\/\/www.tstcables.com\/es\/#website"},"primaryImageOfPage":{"@id":"https:\/\/www.tstcables.com\/es\/producto\/500-%e2%84%83-resistente-a-altas-temperaturas-gn450-alambre-resistente-al-fuego-libre-de-halogenos\/#primaryimage"},"image":{"@id":"https:\/\/www.tstcables.com\/es\/producto\/500-%e2%84%83-resistente-a-altas-temperaturas-gn450-alambre-resistente-al-fuego-libre-de-halogenos\/#primaryimage"},"thumbnailUrl":"https:\/\/www.tstcables.com\/wp-content\/uploads\/2024\/03\/4-14.jpg","datePublished":"2024-03-22T03:25:57+00:00","description":"Este producto es un alambre y cable utilizado en diversos dispositivos el\u00e9ctricos que requieren protecci\u00f3n contra incendios en entornos especiales como metalurgia, ingenier\u00eda t\u00e9rmica, petr\u00f3leo, industria qu\u00edmica, gas natural y queroseno. Resistente a altas temperaturas de 500 \u2103.","breadcrumb":{"@id":"https:\/\/www.tstcables.com\/es\/producto\/500-%e2%84%83-resistente-a-altas-temperaturas-gn450-alambre-resistente-al-fuego-libre-de-halogenos\/#breadcrumb"},"inLanguage":"es","potentialAction":[{"@type":"ReadAction","target":["https:\/\/www.tstcables.com\/es\/producto\/500-%e2%84%83-resistente-a-altas-temperaturas-gn450-alambre-resistente-al-fuego-libre-de-halogenos\/"]}]},{"@type":"ImageObject","inLanguage":"es","@id":"https:\/\/www.tstcables.com\/es\/producto\/500-%e2%84%83-resistente-a-altas-temperaturas-gn450-alambre-resistente-al-fuego-libre-de-halogenos\/#primaryimage","url":"https:\/\/www.tstcables.com\/wp-content\/uploads\/2024\/03\/4-14.jpg","contentUrl":"https:\/\/www.tstcables.com\/wp-content\/uploads\/2024\/03\/4-14.jpg","width":640,"height":640,"caption":"Resistant to 500\u2103 high temperature GN450"},{"@type":"BreadcrumbList","@id":"https:\/\/www.tstcables.com\/es\/producto\/500-%e2%84%83-resistente-a-altas-temperaturas-gn450-alambre-resistente-al-fuego-libre-de-halogenos\/#breadcrumb","itemListElement":[{"@type":"ListItem","position":1,"name":"\u9996\u9875","item":"https:\/\/www.tstcables.com\/es\/"},{"@type":"ListItem","position":2,"name":"Product","item":"https:\/\/www.tstcables.com\/product\/"},{"@type":"ListItem","position":3,"name":"500 \u2103 resistente a altas temperaturas GN450 Alambre resistente al fuego libre de hal\u00f3genos"}]},{"@type":"WebSite","@id":"https:\/\/www.tstcables.com\/es\/#website","url":"https:\/\/www.tstcables.com\/es\/","name":"TST Cable supplier & Manufacture","description":"TST CABLES  supplier &amp; Manufacture official website","publisher":{"@id":"https:\/\/www.tstcables.com\/es\/#organization"},"potentialAction":[{"@type":"SearchAction","target":{"@type":"EntryPoint","urlTemplate":"https:\/\/www.tstcables.com\/es\/?s={search_term_string}"},"query-input":{"@type":"PropertyValueSpecification","valueRequired":true,"valueName":"search_term_string"}}],"inLanguage":"es"},{"@type":"Organization","@id":"https:\/\/www.tstcables.com\/es\/#organization","name":"TST Cable supplier & Manufacture","url":"https:\/\/www.tstcables.com\/es\/","logo":{"@type":"ImageObject","inLanguage":"es","@id":"https:\/\/www.tstcables.com\/es\/#\/schema\/logo\/image\/","url":"https:\/\/www.tstcables.com\/wp-content\/uploads\/2024\/04\/cropped-\u753b\u677f-1-\u62f7\u8d1d-4-1.png","contentUrl":"https:\/\/www.tstcables.com\/wp-content\/uploads\/2024\/04\/cropped-\u753b\u677f-1-\u62f7\u8d1d-4-1.png","width":300,"height":100,"caption":"TST Cable supplier & Manufacture"},"image":{"@id":"https:\/\/www.tstcables.com\/es\/#\/schema\/logo\/image\/"}}]}},"_links":{"self":[{"href":"https:\/\/www.tstcables.com\/es\/wp-json\/wp\/v2\/product\/17762","targetHints":{"allow":["GET"]}}],"collection":[{"href":"https:\/\/www.tstcables.com\/es\/wp-json\/wp\/v2\/product"}],"about":[{"href":"https:\/\/www.tstcables.com\/es\/wp-json\/wp\/v2\/types\/product"}],"version-history":[{"count":0,"href":"https:\/\/www.tstcables.com\/es\/wp-json\/wp\/v2\/product\/17762\/revisions"}],"wp:featuredmedia":[{"embeddable":true,"href":"https:\/\/www.tstcables.com\/es\/wp-json\/wp\/v2\/media\/13158"}],"wp:attachment":[{"href":"https:\/\/www.tstcables.com\/es\/wp-json\/wp\/v2\/media?parent=17762"}],"wp:term":[{"taxonomy":"product_brand","embeddable":true,"href":"https:\/\/www.tstcables.com\/es\/wp-json\/wp\/v2\/product_brand?post=17762"},{"taxonomy":"product_cat","embeddable":true,"href":"https:\/\/www.tstcables.com\/es\/wp-json\/wp\/v2\/product_cat?post=17762"},{"taxonomy":"product_tag","embeddable":true,"href":"https:\/\/www.tstcables.com\/es\/wp-json\/wp\/v2\/product_tag?post=17762"}],"curies":[{"name":"wp","href":"https:\/\/api.w.org\/{rel}","templated":true}]}}