{"id":17763,"date":"2024-03-22T11:05:19","date_gmt":"2024-03-22T03:05:19","guid":{"rendered":"https:\/\/www.tstcables.com\/product\/cable-resistente-al-fuego-de-alta-temperatura-resistente-al-agua-a-prueba-de-aceite-gn350-n1\/"},"modified":"2024-03-22T11:05:19","modified_gmt":"2024-03-22T03:05:19","slug":"cable-resistente-al-fuego-de-alta-temperatura-resistente-al-agua-a-prueba-de-aceite-gn350-n1","status":"publish","type":"product","link":"https:\/\/www.tstcables.com\/es\/producto\/cable-resistente-al-fuego-de-alta-temperatura-resistente-al-agua-a-prueba-de-aceite-gn350-n1\/","title":{"rendered":"Cable resistente al fuego de alta temperatura, resistente al agua, a prueba de aceite, GN350-N1"},"content":{"rendered":"<p><strong>N\u00famero de producto<\/strong><\/p>\n<ul>\n<li>GN350-N1<\/li>\n<\/ul>\n<p><strong>Est\u00e1ndar en la industria:<\/strong><\/p>\n<ul>\n<li>Q31\/0114000209C025-2017<\/li>\n<\/ul>\n<p>&nbsp;<\/p>\n<p><strong>Caracter\u00edsticas del producto<\/strong><\/p>\n<ul>\n<li>Modelo de producto: cable resistente al fuego impermeable GN350-N1<\/li>\n<li>Tensi\u00f3n nominal: 500 V<\/li>\n<li>Rango de temperatura: 350 \u2103, puede soportar temperaturas de hasta 400 \u2103 en un corto per\u00edodo de tiempo.<\/li>\n<li>Conductor: alambre niquelado<\/li>\n<li>Color: blanco, rojo, negro, marr\u00f3n, amarillo, verde, etc.<\/li>\n<\/ul>\n<p>&nbsp;<\/p>\n<p><strong>Caracter\u00edsticas\/utilidades:<\/strong><\/p>\n<p>Este producto es un producto actualizado de GN350. A\u00f1ade materiales impermeables y de alta temperatura para mantener un buen aislamiento en ambientes h\u00famedos. Se puede utilizar en situaciones alternas de fr\u00edo y calor y situaciones de alta humedad, como metalurgia, ingenier\u00eda t\u00e9rmica, petr\u00f3leo, industria qu\u00edmica, gas natural, queroseno, etc. Alambres y cables requeridos en diversos dispositivos el\u00e9ctricos que requieren protecci\u00f3n contra incendios en el ambiente.<\/p>\n<p>&nbsp;<\/p>\n<p><strong>Requisitos de entrega:<\/strong><\/p>\n<p>Longitud de entrega: Se permiten segmentos de l\u00ednea cortos de no menos de 10 metros, pero su cantidad no puede exceder el 10% de la cantidad total de entrega.<\/p>\n<style type=\"text\/css\">\n.tg  {border-collapse:collapse;border-spacing:0;}<br \/>.tg td{border-color:black;border-style:solid;border-width:1px;font-family:Arial, sans-serif;font-size:14px;<br \/>  overflow:hidden;padding:10px 5px;word-break:normal;}<br \/>.tg th{border-color:black;border-style:solid;border-width:1px;font-family:Arial, sans-serif;font-size:14px;<br \/>  font-weight:normal;overflow:hidden;padding:10px 5px;word-break:normal;}<br \/>.tg .tg-baqh{text-align:center;vertical-align:top}<br \/>.tg .tg-wa1i{font-weight:bold;text-align:center;vertical-align:middle}<br \/>.tg .tg-nrix{text-align:center;vertical-align:middle}<br \/><\/style>\n<table class=\"tg\">\n<thead>\n<tr>\n<th class=\"tg-wa1i\">Cruz nominal<br \/>\nsecci\u00f3n (mm2)<\/th>\n<th class=\"tg-wa1i\">Conductor<br \/>\nestructura mm<\/th>\n<th class=\"tg-wa1i\">Aislamiento<br \/>\nespesor mm<\/th>\n<th class=\"tg-wa1i\">Alambre exterior<br \/>\ndi\u00e1metro mm<\/th>\n<th class=\"tg-wa1i\">El mayor empleador<br \/>\nresistencia a 20 \u2103 (Q\/Km)<\/th>\n<\/tr>\n<\/thead>\n<tbody>\n<tr>\n<td class=\"tg-nrix\">0.5<\/td>\n<td class=\"tg-baqh\">7\/0.30<\/td>\n<td class=\"tg-nrix\">0.5<\/td>\n<td class=\"tg-baqh\">2.3\u00b10.3<\/td>\n<td class=\"tg-nrix\">39<\/td>\n<\/tr>\n<tr>\n<td class=\"tg-nrix\">0.75<\/td>\n<td class=\"tg-baqh\">11\/0.30<\/td>\n<td class=\"tg-nrix\">0.5<\/td>\n<td class=\"tg-baqh\">2.5\u00b10.3<\/td>\n<td class=\"tg-nrix\">26<\/td>\n<\/tr>\n<tr>\n<td class=\"tg-nrix\">1<\/td>\n<td class=\"tg-baqh\">14\/0.30<\/td>\n<td class=\"tg-nrix\">0.5<\/td>\n<td class=\"tg-baqh\">2.6\u00b10.3<\/td>\n<td class=\"tg-nrix\">19.5<\/td>\n<\/tr>\n<tr>\n<td class=\"tg-nrix\">1.5<\/td>\n<td class=\"tg-baqh\">21\/0.30<\/td>\n<td class=\"tg-nrix\">0.5<\/td>\n<td class=\"tg-baqh\">2.9\u00b10.3<\/td>\n<td class=\"tg-nrix\">13.3<\/td>\n<\/tr>\n<tr>\n<td class=\"tg-nrix\">2<\/td>\n<td class=\"tg-baqh\">28\/0.30<\/td>\n<td class=\"tg-nrix\">0.6<\/td>\n<td class=\"tg-baqh\">3.3\u00b10.3<\/td>\n<td class=\"tg-nrix\">10<\/td>\n<\/tr>\n<tr>\n<td class=\"tg-nrix\">2.5<\/td>\n<td class=\"tg-baqh\">35\/0.30<\/td>\n<td class=\"tg-nrix\">0.6<\/td>\n<td class=\"tg-baqh\">3.6\u00b10.5<\/td>\n<td class=\"tg-nrix\">7.98<\/td>\n<\/tr>\n<tr>\n<td class=\"tg-nrix\">4<\/td>\n<td class=\"tg-baqh\">56\/0.30<\/td>\n<td class=\"tg-nrix\">0.8<\/td>\n<td class=\"tg-baqh\">4.7\u00b10.5<\/td>\n<td class=\"tg-nrix\">4.95<\/td>\n<\/tr>\n<tr>\n<td class=\"tg-nrix\">6<\/td>\n<td class=\"tg-baqh\">84\/0.30<\/td>\n<td class=\"tg-nrix\">0.8<\/td>\n<td class=\"tg-baqh\">5.5\u00b10.5<\/td>\n<td class=\"tg-nrix\">3.3<\/td>\n<\/tr>\n<tr>\n<td class=\"tg-nrix\">10<\/td>\n<td class=\"tg-baqh\">140\/0.30<\/td>\n<td class=\"tg-nrix\">0.8<\/td>\n<td class=\"tg-baqh\">6.6\u00b10.5<\/td>\n<td class=\"tg-nrix\">1.91<\/td>\n<\/tr>\n<tr>\n<td class=\"tg-nrix\">16<\/td>\n<td class=\"tg-baqh\">228\/0.30<\/td>\n<td class=\"tg-nrix\">0.8<\/td>\n<td class=\"tg-baqh\">7.8\u00b10.5<\/td>\n<td class=\"tg-nrix\">1.21<\/td>\n<\/tr>\n<tr>\n<td class=\"tg-nrix\">25<\/td>\n<td class=\"tg-baqh\">361\/0.30<\/td>\n<td class=\"tg-nrix\">0.8<\/td>\n<td class=\"tg-baqh\">9.5\u00b10.5<\/td>\n<td class=\"tg-nrix\">0.78<\/td>\n<\/tr>\n<tr>\n<td class=\"tg-nrix\">35<\/td>\n<td class=\"tg-baqh\">494\/0.30<\/td>\n<td class=\"tg-nrix\">1<\/td>\n<td class=\"tg-baqh\">11.2\u00b11.0<\/td>\n<td class=\"tg-nrix\">0.554<\/td>\n<\/tr>\n<tr>\n<td class=\"tg-nrix\">50<\/td>\n<td class=\"tg-baqh\">703\/0.30<\/td>\n<td class=\"tg-nrix\">1.2<\/td>\n<td class=\"tg-baqh\">13.2\u00b11.0<\/td>\n<td class=\"tg-nrix\">0.386<\/td>\n<\/tr>\n<tr>\n<td class=\"tg-nrix\">70<\/td>\n<td class=\"tg-baqh\">988\/0.30<\/td>\n<td class=\"tg-nrix\">1.2<\/td>\n<td class=\"tg-baqh\">15.4\u00b11.0<\/td>\n<td class=\"tg-nrix\">0.272<\/td>\n<\/tr>\n<tr>\n<td class=\"tg-nrix\">95<\/td>\n<td class=\"tg-baqh\">760\/0.40<\/td>\n<td class=\"tg-nrix\">1.2<\/td>\n<td class=\"tg-baqh\">17.4\u00b11.0<\/td>\n<td class=\"tg-nrix\">0.206<\/td>\n<\/tr>\n<tr>\n<td class=\"tg-nrix\">120<\/td>\n<td class=\"tg-baqh\">608\/0.5<\/td>\n<td class=\"tg-nrix\">1.2<\/td>\n<td class=\"tg-baqh\">19.6\u00b11.0<\/td>\n<td class=\"tg-nrix\">0.161<\/td>\n<\/tr>\n<\/tbody>\n<\/table>\n<p>Nota: Se pueden producir productos con otras especificaciones seg\u00fan el acuerdo entre el proveedor y el comprador.<\/p>\n<p>&nbsp;<\/p>\n","protected":false},"excerpt":{"rendered":"<p>Este producto es un producto actualizado de GN350. A\u00f1ade materiales impermeables y de alta temperatura para mantener un buen aislamiento en ambientes h\u00famedos. Se puede utilizar en situaciones alternas de fr\u00edo y calor y situaciones de alta humedad, como metalurgia, ingenier\u00eda t\u00e9rmica, petr\u00f3leo, industria qu\u00edmica, gas natural, queroseno, etc. Alambres y cables requeridos en diversos dispositivos el\u00e9ctricos que requieren protecci\u00f3n contra incendios en el ambiente.<\/p>\n","protected":false},"featured_media":13286,"template":"","meta":{"_eb_attr":"","site-sidebar-layout":"default","site-content-layout":"","ast-site-content-layout":"default","site-content-style":"default","site-sidebar-style":"default","ast-global-header-display":"","ast-banner-title-visibility":"","ast-main-header-display":"","ast-hfb-above-header-display":"","ast-hfb-below-header-display":"","ast-hfb-mobile-header-display":"","site-post-title":"","ast-breadcrumbs-content":"","ast-featured-img":"","footer-sml-layout":"","theme-transparent-header-meta":"default","adv-header-id-meta":"","stick-header-meta":"","header-above-stick-meta":"","header-main-stick-meta":"","header-below-stick-meta":"","astra-migrate-meta-layouts":"default","ast-page-background-enabled":"default","ast-page-background-meta":{"desktop":{"background-color":"","background-image":"","background-repeat":"repeat","background-position":"center center","background-size":"auto","background-attachment":"scroll","background-type":"","background-media":"","overlay-type":"","overlay-color":"","overlay-opacity":"","overlay-gradient":""},"tablet":{"background-color":"","background-image":"","background-repeat":"repeat","background-position":"center center","background-size":"auto","background-attachment":"scroll","background-type":"","background-media":"","overlay-type":"","overlay-color":"","overlay-opacity":"","overlay-gradient":""},"mobile":{"background-color":"","background-image":"","background-repeat":"repeat","background-position":"center center","background-size":"auto","background-attachment":"scroll","background-type":"","background-media":"","overlay-type":"","overlay-color":"","overlay-opacity":"","overlay-gradient":""}},"ast-content-background-meta":{"desktop":{"background-color":"var(--ast-global-color-5)","background-image":"","background-repeat":"repeat","background-position":"center center","background-size":"auto","background-attachment":"scroll","background-type":"","background-media":"","overlay-type":"","overlay-color":"","overlay-opacity":"","overlay-gradient":""},"tablet":{"background-color":"var(--ast-global-color-5)","background-image":"","background-repeat":"repeat","background-position":"center center","background-size":"auto","background-attachment":"scroll","background-type":"","background-media":"","overlay-type":"","overlay-color":"","overlay-opacity":"","overlay-gradient":""},"mobile":{"background-color":"var(--ast-global-color-5)","background-image":"","background-repeat":"repeat","background-position":"center center","background-size":"auto","background-attachment":"scroll","background-type":"","background-media":"","overlay-type":"","overlay-color":"","overlay-opacity":"","overlay-gradient":""}}},"product_brand":[],"product_cat":[591,590,595,592,593,623,622,601,610,603,602,598,600],"product_tag":[1293,1294],"class_list":{"0":"post-17763","1":"product","2":"type-product","3":"status-publish","4":"has-post-thumbnail","6":"product_cat-cable-de-alta-temperatura","7":"product_cat-lsoh-cable-es","8":"product_cat-cable-personalizado","9":"product_cat-cable-resistente-al-aceite","10":"product_cat-cable-resistente-al-agua","11":"product_cat-en50264-es","12":"product_cat-en50306-es","13":"product_cat-en50382-es","14":"product_cat-energia-eolica","15":"product_cat-norma-en","16":"product_cat-norma-ice","17":"product_cat-petroleo-gas","18":"product_cat-marina","19":"product_tag-aislamiento-de-material-impermeable-de-alambre-resistente-al-fuego-de-alta-temperatura","20":"product_tag-gn350-n1-es","21":"desktop-align-center","22":"tablet-align-left","23":"mobile-align-left","25":"first","26":"instock","27":"shipping-taxable","28":"product-type-simple"},"yoast_head":"<!-- This site is optimized with the Yoast SEO plugin v27.4 - https:\/\/yoast.com\/product\/yoast-seo-wordpress\/ -->\n<title>Cable resistente al fuego de alta temperatura, resistente al agua, a prueba de aceite, GN350-N1 - TST CABLES supplier &amp; Manufacture<\/title>\n<meta name=\"description\" content=\"Este producto es un producto actualizado de GN350. A\u00f1ade materiales impermeables y de alta temperatura para mantener un buen aislamiento en ambientes h\u00famedos. Se puede utilizar en situaciones alternas de fr\u00edo y calor y en situaciones de alta humedad.\" \/>\n<meta name=\"robots\" content=\"index, follow, max-snippet:-1, max-image-preview:large, max-video-preview:-1\" \/>\n<link rel=\"canonical\" href=\"https:\/\/www.tstcables.com\/es\/producto\/cable-resistente-al-fuego-de-alta-temperatura-resistente-al-agua-a-prueba-de-aceite-gn350-n1\/\" \/>\n<meta property=\"og:locale\" content=\"es_ES\" \/>\n<meta property=\"og:type\" content=\"article\" \/>\n<meta property=\"og:title\" content=\"Cable resistente al fuego de alta temperatura, resistente al agua, a prueba de aceite, GN350-N1 - TST CABLES supplier &amp; Manufacture\" \/>\n<meta property=\"og:description\" content=\"Este producto es un producto actualizado de GN350. A\u00f1ade materiales impermeables y de alta temperatura para mantener un buen aislamiento en ambientes h\u00famedos. Se puede utilizar en situaciones alternas de fr\u00edo y calor y en situaciones de alta humedad.\" \/>\n<meta property=\"og:url\" content=\"https:\/\/www.tstcables.com\/es\/producto\/cable-resistente-al-fuego-de-alta-temperatura-resistente-al-agua-a-prueba-de-aceite-gn350-n1\/\" \/>\n<meta property=\"og:site_name\" content=\"TST CABLES supplier &amp; Manufacture\" \/>\n<meta property=\"og:image\" content=\"https:\/\/www.tstcables.com\/wp-content\/uploads\/2024\/03\/EN50306-4-5pe-2.jpg\" \/>\n\t<meta property=\"og:image:width\" content=\"1000\" \/>\n\t<meta property=\"og:image:height\" content=\"1000\" \/>\n\t<meta property=\"og:image:type\" content=\"image\/jpeg\" \/>\n<meta name=\"twitter:card\" content=\"summary_large_image\" \/>\n<meta name=\"twitter:label1\" content=\"Tiempo de lectura\" \/>\n\t<meta name=\"twitter:data1\" content=\"1 minuto\" \/>\n<script type=\"application\/ld+json\" class=\"yoast-schema-graph\">{\"@context\":\"https:\\\/\\\/schema.org\",\"@graph\":[{\"@type\":\"WebPage\",\"@id\":\"https:\\\/\\\/www.tstcables.com\\\/es\\\/producto\\\/cable-resistente-al-fuego-de-alta-temperatura-resistente-al-agua-a-prueba-de-aceite-gn350-n1\\\/\",\"url\":\"https:\\\/\\\/www.tstcables.com\\\/es\\\/producto\\\/cable-resistente-al-fuego-de-alta-temperatura-resistente-al-agua-a-prueba-de-aceite-gn350-n1\\\/\",\"name\":\"Cable resistente al fuego de alta temperatura, resistente al agua, a prueba de aceite, GN350-N1 - TST CABLES supplier &amp; Manufacture\",\"isPartOf\":{\"@id\":\"https:\\\/\\\/www.tstcables.com\\\/es\\\/#website\"},\"primaryImageOfPage\":{\"@id\":\"https:\\\/\\\/www.tstcables.com\\\/es\\\/producto\\\/cable-resistente-al-fuego-de-alta-temperatura-resistente-al-agua-a-prueba-de-aceite-gn350-n1\\\/#primaryimage\"},\"image\":{\"@id\":\"https:\\\/\\\/www.tstcables.com\\\/es\\\/producto\\\/cable-resistente-al-fuego-de-alta-temperatura-resistente-al-agua-a-prueba-de-aceite-gn350-n1\\\/#primaryimage\"},\"thumbnailUrl\":\"https:\\\/\\\/www.tstcables.com\\\/wp-content\\\/uploads\\\/2024\\\/03\\\/EN50306-4-5pe-2.jpg\",\"datePublished\":\"2024-03-22T03:05:19+00:00\",\"description\":\"Este producto es un producto actualizado de GN350. A\u00f1ade materiales impermeables y de alta temperatura para mantener un buen aislamiento en ambientes h\u00famedos. Se puede utilizar en situaciones alternas de fr\u00edo y calor y en situaciones de alta humedad.\",\"breadcrumb\":{\"@id\":\"https:\\\/\\\/www.tstcables.com\\\/es\\\/producto\\\/cable-resistente-al-fuego-de-alta-temperatura-resistente-al-agua-a-prueba-de-aceite-gn350-n1\\\/#breadcrumb\"},\"inLanguage\":\"es\",\"potentialAction\":[{\"@type\":\"ReadAction\",\"target\":[\"https:\\\/\\\/www.tstcables.com\\\/es\\\/producto\\\/cable-resistente-al-fuego-de-alta-temperatura-resistente-al-agua-a-prueba-de-aceite-gn350-n1\\\/\"]}]},{\"@type\":\"ImageObject\",\"inLanguage\":\"es\",\"@id\":\"https:\\\/\\\/www.tstcables.com\\\/es\\\/producto\\\/cable-resistente-al-fuego-de-alta-temperatura-resistente-al-agua-a-prueba-de-aceite-gn350-n1\\\/#primaryimage\",\"url\":\"https:\\\/\\\/www.tstcables.com\\\/wp-content\\\/uploads\\\/2024\\\/03\\\/EN50306-4-5pe-2.jpg\",\"contentUrl\":\"https:\\\/\\\/www.tstcables.com\\\/wp-content\\\/uploads\\\/2024\\\/03\\\/EN50306-4-5pe-2.jpg\",\"width\":1000,\"height\":1000,\"caption\":\"High temperature fire-resistant wire waterproof material insulation GN350-N1\"},{\"@type\":\"BreadcrumbList\",\"@id\":\"https:\\\/\\\/www.tstcables.com\\\/es\\\/producto\\\/cable-resistente-al-fuego-de-alta-temperatura-resistente-al-agua-a-prueba-de-aceite-gn350-n1\\\/#breadcrumb\",\"itemListElement\":[{\"@type\":\"ListItem\",\"position\":1,\"name\":\"\u9996\u9875\",\"item\":\"https:\\\/\\\/www.tstcables.com\\\/es\\\/\"},{\"@type\":\"ListItem\",\"position\":2,\"name\":\"Product\",\"item\":\"https:\\\/\\\/www.tstcables.com\\\/product\\\/\"},{\"@type\":\"ListItem\",\"position\":3,\"name\":\"Cable resistente al fuego de alta temperatura, resistente al agua, a prueba de aceite, GN350-N1\"}]},{\"@type\":\"WebSite\",\"@id\":\"https:\\\/\\\/www.tstcables.com\\\/es\\\/#website\",\"url\":\"https:\\\/\\\/www.tstcables.com\\\/es\\\/\",\"name\":\"TST Cable supplier & Manufacture\",\"description\":\"TST CABLES  supplier &amp; Manufacture official website\",\"publisher\":{\"@id\":\"https:\\\/\\\/www.tstcables.com\\\/es\\\/#organization\"},\"potentialAction\":[{\"@type\":\"SearchAction\",\"target\":{\"@type\":\"EntryPoint\",\"urlTemplate\":\"https:\\\/\\\/www.tstcables.com\\\/es\\\/?s={search_term_string}\"},\"query-input\":{\"@type\":\"PropertyValueSpecification\",\"valueRequired\":true,\"valueName\":\"search_term_string\"}}],\"inLanguage\":\"es\"},{\"@type\":\"Organization\",\"@id\":\"https:\\\/\\\/www.tstcables.com\\\/es\\\/#organization\",\"name\":\"TST Cable supplier & Manufacture\",\"url\":\"https:\\\/\\\/www.tstcables.com\\\/es\\\/\",\"logo\":{\"@type\":\"ImageObject\",\"inLanguage\":\"es\",\"@id\":\"https:\\\/\\\/www.tstcables.com\\\/es\\\/#\\\/schema\\\/logo\\\/image\\\/\",\"url\":\"https:\\\/\\\/www.tstcables.com\\\/wp-content\\\/uploads\\\/2024\\\/04\\\/cropped-\u753b\u677f-1-\u62f7\u8d1d-4-1.png\",\"contentUrl\":\"https:\\\/\\\/www.tstcables.com\\\/wp-content\\\/uploads\\\/2024\\\/04\\\/cropped-\u753b\u677f-1-\u62f7\u8d1d-4-1.png\",\"width\":300,\"height\":100,\"caption\":\"TST Cable supplier & Manufacture\"},\"image\":{\"@id\":\"https:\\\/\\\/www.tstcables.com\\\/es\\\/#\\\/schema\\\/logo\\\/image\\\/\"}}]}<\/script>\n<!-- \/ Yoast SEO plugin. -->","yoast_head_json":{"title":"Cable resistente al fuego de alta temperatura, resistente al agua, a prueba de aceite, GN350-N1 - TST CABLES supplier &amp; Manufacture","description":"Este producto es un producto actualizado de GN350. A\u00f1ade materiales impermeables y de alta temperatura para mantener un buen aislamiento en ambientes h\u00famedos. Se puede utilizar en situaciones alternas de fr\u00edo y calor y en situaciones de alta humedad.","robots":{"index":"index","follow":"follow","max-snippet":"max-snippet:-1","max-image-preview":"max-image-preview:large","max-video-preview":"max-video-preview:-1"},"canonical":"https:\/\/www.tstcables.com\/es\/producto\/cable-resistente-al-fuego-de-alta-temperatura-resistente-al-agua-a-prueba-de-aceite-gn350-n1\/","og_locale":"es_ES","og_type":"article","og_title":"Cable resistente al fuego de alta temperatura, resistente al agua, a prueba de aceite, GN350-N1 - TST CABLES supplier &amp; Manufacture","og_description":"Este producto es un producto actualizado de GN350. A\u00f1ade materiales impermeables y de alta temperatura para mantener un buen aislamiento en ambientes h\u00famedos. Se puede utilizar en situaciones alternas de fr\u00edo y calor y en situaciones de alta humedad.","og_url":"https:\/\/www.tstcables.com\/es\/producto\/cable-resistente-al-fuego-de-alta-temperatura-resistente-al-agua-a-prueba-de-aceite-gn350-n1\/","og_site_name":"TST CABLES supplier &amp; Manufacture","og_image":[{"width":1000,"height":1000,"url":"https:\/\/www.tstcables.com\/wp-content\/uploads\/2024\/03\/EN50306-4-5pe-2.jpg","type":"image\/jpeg"}],"twitter_card":"summary_large_image","twitter_misc":{"Tiempo de lectura":"1 minuto"},"schema":{"@context":"https:\/\/schema.org","@graph":[{"@type":"WebPage","@id":"https:\/\/www.tstcables.com\/es\/producto\/cable-resistente-al-fuego-de-alta-temperatura-resistente-al-agua-a-prueba-de-aceite-gn350-n1\/","url":"https:\/\/www.tstcables.com\/es\/producto\/cable-resistente-al-fuego-de-alta-temperatura-resistente-al-agua-a-prueba-de-aceite-gn350-n1\/","name":"Cable resistente al fuego de alta temperatura, resistente al agua, a prueba de aceite, GN350-N1 - TST CABLES supplier &amp; Manufacture","isPartOf":{"@id":"https:\/\/www.tstcables.com\/es\/#website"},"primaryImageOfPage":{"@id":"https:\/\/www.tstcables.com\/es\/producto\/cable-resistente-al-fuego-de-alta-temperatura-resistente-al-agua-a-prueba-de-aceite-gn350-n1\/#primaryimage"},"image":{"@id":"https:\/\/www.tstcables.com\/es\/producto\/cable-resistente-al-fuego-de-alta-temperatura-resistente-al-agua-a-prueba-de-aceite-gn350-n1\/#primaryimage"},"thumbnailUrl":"https:\/\/www.tstcables.com\/wp-content\/uploads\/2024\/03\/EN50306-4-5pe-2.jpg","datePublished":"2024-03-22T03:05:19+00:00","description":"Este producto es un producto actualizado de GN350. A\u00f1ade materiales impermeables y de alta temperatura para mantener un buen aislamiento en ambientes h\u00famedos. Se puede utilizar en situaciones alternas de fr\u00edo y calor y en situaciones de alta humedad.","breadcrumb":{"@id":"https:\/\/www.tstcables.com\/es\/producto\/cable-resistente-al-fuego-de-alta-temperatura-resistente-al-agua-a-prueba-de-aceite-gn350-n1\/#breadcrumb"},"inLanguage":"es","potentialAction":[{"@type":"ReadAction","target":["https:\/\/www.tstcables.com\/es\/producto\/cable-resistente-al-fuego-de-alta-temperatura-resistente-al-agua-a-prueba-de-aceite-gn350-n1\/"]}]},{"@type":"ImageObject","inLanguage":"es","@id":"https:\/\/www.tstcables.com\/es\/producto\/cable-resistente-al-fuego-de-alta-temperatura-resistente-al-agua-a-prueba-de-aceite-gn350-n1\/#primaryimage","url":"https:\/\/www.tstcables.com\/wp-content\/uploads\/2024\/03\/EN50306-4-5pe-2.jpg","contentUrl":"https:\/\/www.tstcables.com\/wp-content\/uploads\/2024\/03\/EN50306-4-5pe-2.jpg","width":1000,"height":1000,"caption":"High temperature fire-resistant wire waterproof material insulation GN350-N1"},{"@type":"BreadcrumbList","@id":"https:\/\/www.tstcables.com\/es\/producto\/cable-resistente-al-fuego-de-alta-temperatura-resistente-al-agua-a-prueba-de-aceite-gn350-n1\/#breadcrumb","itemListElement":[{"@type":"ListItem","position":1,"name":"\u9996\u9875","item":"https:\/\/www.tstcables.com\/es\/"},{"@type":"ListItem","position":2,"name":"Product","item":"https:\/\/www.tstcables.com\/product\/"},{"@type":"ListItem","position":3,"name":"Cable resistente al fuego de alta temperatura, resistente al agua, a prueba de aceite, GN350-N1"}]},{"@type":"WebSite","@id":"https:\/\/www.tstcables.com\/es\/#website","url":"https:\/\/www.tstcables.com\/es\/","name":"TST Cable supplier & Manufacture","description":"TST CABLES  supplier &amp; Manufacture official website","publisher":{"@id":"https:\/\/www.tstcables.com\/es\/#organization"},"potentialAction":[{"@type":"SearchAction","target":{"@type":"EntryPoint","urlTemplate":"https:\/\/www.tstcables.com\/es\/?s={search_term_string}"},"query-input":{"@type":"PropertyValueSpecification","valueRequired":true,"valueName":"search_term_string"}}],"inLanguage":"es"},{"@type":"Organization","@id":"https:\/\/www.tstcables.com\/es\/#organization","name":"TST Cable supplier & Manufacture","url":"https:\/\/www.tstcables.com\/es\/","logo":{"@type":"ImageObject","inLanguage":"es","@id":"https:\/\/www.tstcables.com\/es\/#\/schema\/logo\/image\/","url":"https:\/\/www.tstcables.com\/wp-content\/uploads\/2024\/04\/cropped-\u753b\u677f-1-\u62f7\u8d1d-4-1.png","contentUrl":"https:\/\/www.tstcables.com\/wp-content\/uploads\/2024\/04\/cropped-\u753b\u677f-1-\u62f7\u8d1d-4-1.png","width":300,"height":100,"caption":"TST Cable supplier & Manufacture"},"image":{"@id":"https:\/\/www.tstcables.com\/es\/#\/schema\/logo\/image\/"}}]}},"_links":{"self":[{"href":"https:\/\/www.tstcables.com\/es\/wp-json\/wp\/v2\/product\/17763","targetHints":{"allow":["GET"]}}],"collection":[{"href":"https:\/\/www.tstcables.com\/es\/wp-json\/wp\/v2\/product"}],"about":[{"href":"https:\/\/www.tstcables.com\/es\/wp-json\/wp\/v2\/types\/product"}],"version-history":[{"count":0,"href":"https:\/\/www.tstcables.com\/es\/wp-json\/wp\/v2\/product\/17763\/revisions"}],"wp:featuredmedia":[{"embeddable":true,"href":"https:\/\/www.tstcables.com\/es\/wp-json\/wp\/v2\/media\/13286"}],"wp:attachment":[{"href":"https:\/\/www.tstcables.com\/es\/wp-json\/wp\/v2\/media?parent=17763"}],"wp:term":[{"taxonomy":"product_brand","embeddable":true,"href":"https:\/\/www.tstcables.com\/es\/wp-json\/wp\/v2\/product_brand?post=17763"},{"taxonomy":"product_cat","embeddable":true,"href":"https:\/\/www.tstcables.com\/es\/wp-json\/wp\/v2\/product_cat?post=17763"},{"taxonomy":"product_tag","embeddable":true,"href":"https:\/\/www.tstcables.com\/es\/wp-json\/wp\/v2\/product_tag?post=17763"}],"curies":[{"name":"wp","href":"https:\/\/api.w.org\/{rel}","templated":true}]}}