{"id":17764,"date":"2024-03-22T10:51:37","date_gmt":"2024-03-22T02:51:37","guid":{"rendered":"https:\/\/www.tstcables.com\/product\/cables-personalizables-resistentes-al-fuego-a-altas-temperaturas-de-350-%e2%84%83-gn350\/"},"modified":"2024-03-22T10:51:37","modified_gmt":"2024-03-22T02:51:37","slug":"cables-personalizables-resistentes-al-fuego-a-altas-temperaturas-de-350-%e2%84%83-gn350","status":"publish","type":"product","link":"https:\/\/www.tstcables.com\/es\/producto\/cables-personalizables-resistentes-al-fuego-a-altas-temperaturas-de-350-%e2%84%83-gn350\/","title":{"rendered":"Cables personalizables resistentes al fuego a altas temperaturas de 350 \u2103 GN350"},"content":{"rendered":"<p><strong>N\u00famero de producto<\/strong><\/p>\n<ul>\n<li>GN350<\/li>\n<\/ul>\n<p><strong>Est\u00e1ndar en la industria:<\/strong><\/p>\n<ul>\n<li>Q31\/0114000209C025-2017<\/li>\n<\/ul>\n<p>&nbsp;<\/p>\n<p><strong>Caracter\u00edsticas del producto<\/strong><\/p>\n<ul>\n<li>Tensi\u00f3n nominal: 300\/500V<\/li>\n<li>Rango de temperatura: 350 \u2103,<\/li>\n<li>resistencia a la temperatura del pulso 400C<\/li>\n<li>Conductor: alambre trenzado de cobre desnudo<\/li>\n<li>Color: rojo, amarillo, azul, blanco, negro, amarillo, verde, marr\u00f3n<\/li>\n<\/ul>\n<p><strong>Caracter\u00edsticas<\/strong><\/p>\n<p>Aplicaci\u00f3n del producto: Este producto es un alambre y cable necesarios para diversos dispositivos el\u00e9ctricos que requieren protecci\u00f3n contra incendios en entornos especiales como equipos de calefacci\u00f3n, hornos, m\u00e1quinas de barbacoa, metalurgia, ingenier\u00eda t\u00e9rmica, petr\u00f3leo, industria qu\u00edmica, gas natural, queroseno, etc.<\/p>\n<p>&nbsp;<\/p>\n<p><strong>Requisitos de entrega<\/strong><\/p>\n<p>Longitud de entrega: Se permiten segmentos de l\u00ednea cortos de no menos de 10 metros, pero su cantidad no puede exceder el 10% de la cantidad total de entrega.<\/p>\n<table class=\"tg\">\n<thead>\n<tr>\n<th class=\"tg-5ws4\">Cruz nominal<br \/>\nsecci\u00f3n (mm2)<\/th>\n<th class=\"tg-5ws4\">Conductor<br \/>\nestructura<br \/>\nn\u00famero<br \/>\nde alambres\/alambre<br \/>\ndi\u00e1metro (mm)<\/th>\n<th class=\"tg-5ws4\">Aislamiento<br \/>\nespesor (mm)<\/th>\n<th class=\"tg-5ws4\">Exterior medio<br \/>\ndi\u00e1metro (mm)<\/th>\n<th class=\"tg-5ws4\">Conductor CC<br \/>\ncorriente (S2\/km)<br \/>\na 20 \u2103<\/th>\n<th class=\"tg-5ws4\">Embalaje<br \/>\nlongitud (m)<\/th>\n<\/tr>\n<\/thead>\n<tbody>\n<tr>\n<td class=\"tg-2rp9\">0.5<\/td>\n<td class=\"tg-tlx9\">7 \u00d7 0.30<\/td>\n<td class=\"tg-2rp9\">0.5<\/td>\n<td class=\"tg-tlx9\">2.3\u00b10.3<\/td>\n<td class=\"tg-2rp9\">40.8<\/td>\n<td class=\"tg-2rp9\">200<\/td>\n<\/tr>\n<tr>\n<td class=\"tg-2rp9\">0.75<\/td>\n<td class=\"tg-tlx9\">11 \u00d7 0.30<\/td>\n<td class=\"tg-2rp9\">0.5<\/td>\n<td class=\"tg-tlx9\">2.5\u00b10.3<\/td>\n<td class=\"tg-2rp9\">24.3<\/td>\n<td class=\"tg-2rp9\">200<\/td>\n<\/tr>\n<tr>\n<td class=\"tg-2rp9\">1<\/td>\n<td class=\"tg-tlx9\">14 \u00d7 0.30<\/td>\n<td class=\"tg-2rp9\">0.5<\/td>\n<td class=\"tg-tlx9\">2.6\u00b10.3<\/td>\n<td class=\"tg-2rp9\">20<\/td>\n<td class=\"tg-2rp9\">200<\/td>\n<\/tr>\n<tr>\n<td class=\"tg-2rp9\">1.5<\/td>\n<td class=\"tg-tlx9\">21 \u00d7 0.30<\/td>\n<td class=\"tg-2rp9\">0.5<\/td>\n<td class=\"tg-tlx9\">2.9\u00b10.3<\/td>\n<td class=\"tg-2rp9\">12.6<\/td>\n<td class=\"tg-2rp9\">100<\/td>\n<\/tr>\n<tr>\n<td class=\"tg-2rp9\">2<\/td>\n<td class=\"tg-tlx9\">28 \u00d7 0.30<\/td>\n<td class=\"tg-2rp9\">0.6<\/td>\n<td class=\"tg-tlx9\">3.3\u00b10.5<\/td>\n<td class=\"tg-2rp9\">9.84<\/td>\n<td class=\"tg-2rp9\">100<\/td>\n<\/tr>\n<tr>\n<td class=\"tg-2rp9\">2.5<\/td>\n<td class=\"tg-tlx9\">35 \u00d7 0.30<\/td>\n<td class=\"tg-2rp9\">0.6<\/td>\n<td class=\"tg-tlx9\">3.6\u00b10.5<\/td>\n<td class=\"tg-2rp9\">7.37<\/td>\n<td class=\"tg-2rp9\">100<\/td>\n<\/tr>\n<tr>\n<td class=\"tg-2rp9\">4<\/td>\n<td class=\"tg-tlx9\">56 \u00d7 0.30<\/td>\n<td class=\"tg-2rp9\">0.8<\/td>\n<td class=\"tg-tlx9\">4.7\u00b10.5<\/td>\n<td class=\"tg-2rp9\">4.83<\/td>\n<td class=\"tg-2rp9\">100<\/td>\n<\/tr>\n<tr>\n<td class=\"tg-2rp9\">6<\/td>\n<td class=\"tg-tlx9\">84 \u00d7 0.30<\/td>\n<td class=\"tg-2rp9\">0.8<\/td>\n<td class=\"tg-tlx9\">5.5\u00b10.5<\/td>\n<td class=\"tg-2rp9\">3.26<\/td>\n<td class=\"tg-2rp9\">100<\/td>\n<\/tr>\n<tr>\n<td class=\"tg-2rp9\">10<\/td>\n<td class=\"tg-tlx9\">84\u00d7 0.40<\/td>\n<td class=\"tg-2rp9\">0.8<\/td>\n<td class=\"tg-tlx9\">6.6\u00b10.5<\/td>\n<td class=\"tg-2rp9\">1.8<\/td>\n<td class=\"tg-2rp9\">100<\/td>\n<\/tr>\n<tr>\n<td class=\"tg-2rp9\" rowspan=\"2\">16<\/td>\n<td class=\"tg-tlx9\">228 \u00d7 0.30<\/td>\n<td class=\"tg-2rp9\">0.8<\/td>\n<td class=\"tg-tlx9\">7.8\u00b10.5<\/td>\n<td class=\"tg-2rp9\">1.31<\/td>\n<td class=\"tg-2rp9\">100<\/td>\n<\/tr>\n<tr>\n<td class=\"tg-tlx9\">126 \u00d7 0.40<\/td>\n<td class=\"tg-2rp9\">0.8<\/td>\n<td class=\"tg-tlx9\">7.8\u00b10.5<\/td>\n<td class=\"tg-2rp9\">1.31<\/td>\n<td class=\"tg-2rp9\">100<\/td>\n<\/tr>\n<tr>\n<td class=\"tg-2rp9\" rowspan=\"2\">25<\/td>\n<td class=\"tg-tlx9\">196 \u00d7 0.40<\/td>\n<td class=\"tg-2rp9\">0.8<\/td>\n<td class=\"tg-tlx9\">9.5\u00b10.5<\/td>\n<td class=\"tg-2rp9\">0.758<\/td>\n<td class=\"tg-2rp9\">100<\/td>\n<\/tr>\n<tr>\n<td class=\"tg-tlx9\">361 \u00d70.30<\/td>\n<td class=\"tg-2rp9\">0.8<\/td>\n<td class=\"tg-tlx9\">9.5\u00b10.5<\/td>\n<td class=\"tg-2rp9\">0.758<\/td>\n<td class=\"tg-2rp9\">100<\/td>\n<\/tr>\n<tr>\n<td class=\"tg-2rp9\">35<\/td>\n<td class=\"tg-tlx9\">494 \u00d7 0.30<\/td>\n<td class=\"tg-2rp9\">1<\/td>\n<td class=\"tg-tlx9\">11.2\u00b11.0<\/td>\n<td class=\"tg-2rp9\">0.548<\/td>\n<td class=\"tg-2rp9\">100<\/td>\n<\/tr>\n<tr>\n<td class=\"tg-2rp9\" rowspan=\"2\">50<\/td>\n<td class=\"tg-tlx9\">396 \u00d7 0.40<\/td>\n<td class=\"tg-2rp9\">1.2<\/td>\n<td class=\"tg-tlx9\">13.2\u00b11.0<\/td>\n<td class=\"tg-2rp9\">0.384<\/td>\n<td class=\"tg-2rp9\">100<\/td>\n<\/tr>\n<tr>\n<td class=\"tg-tlx9\">703 \u00d7 0.30<\/td>\n<td class=\"tg-2rp9\">1.2<\/td>\n<td class=\"tg-tlx9\">13.2\u00b11.0<\/td>\n<td class=\"tg-2rp9\">0.384<\/td>\n<td class=\"tg-2rp9\">100<\/td>\n<\/tr>\n<tr>\n<td class=\"tg-2rp9\" rowspan=\"2\">70<\/td>\n<td class=\"tg-tlx9\">551 \u00d7 0.40<\/td>\n<td class=\"tg-2rp9\">1.2<\/td>\n<td class=\"tg-tlx9\">15.4\u00b1 1.0<\/td>\n<td class=\"tg-tlx9\">0. 289<\/td>\n<td class=\"tg-2rp9\">100<\/td>\n<\/tr>\n<tr>\n<td class=\"tg-tlx9\">988 \u00d7 0.30<\/td>\n<td class=\"tg-2rp9\">1.2<\/td>\n<td class=\"tg-tlx9\">15.4\u00b1 1.0<\/td>\n<td class=\"tg-tlx9\">0. 289<\/td>\n<td class=\"tg-2rp9\">100<\/td>\n<\/tr>\n<tr>\n<td class=\"tg-2rp9\">95<\/td>\n<td class=\"tg-tlx9\">760 \u00d7 0.40<\/td>\n<td class=\"tg-2rp9\">1.2<\/td>\n<td class=\"tg-tlx9\">17.4\u00b11.0<\/td>\n<td class=\"tg-2rp9\">0.205<\/td>\n<td class=\"tg-2rp9\">100<\/td>\n<\/tr>\n<\/tbody>\n<\/table>\n<p><span data-font-family=\"Times New Roman\">Nota: Se pueden producir productos con otras especificaciones seg\u00fan el acuerdo entre el proveedor y el comprador.<\/span><\/p>\n","protected":false},"excerpt":{"rendered":"<p>Aplicaci\u00f3n del producto: Este producto es un alambre y cable necesarios para diversos dispositivos el\u00e9ctricos que requieren protecci\u00f3n contra incendios en entornos especiales como equipos de calefacci\u00f3n, hornos, m\u00e1quinas de barbacoa, metalurgia, ingenier\u00eda t\u00e9rmica, petr\u00f3leo, industria qu\u00edmica, gas natural, queroseno, etc.<\/p>\n","protected":false},"featured_media":12926,"template":"","meta":{"_eb_attr":"","site-sidebar-layout":"default","site-content-layout":"","ast-site-content-layout":"default","site-content-style":"default","site-sidebar-style":"default","ast-global-header-display":"","ast-banner-title-visibility":"","ast-main-header-display":"","ast-hfb-above-header-display":"","ast-hfb-below-header-display":"","ast-hfb-mobile-header-display":"","site-post-title":"","ast-breadcrumbs-content":"","ast-featured-img":"","footer-sml-layout":"","theme-transparent-header-meta":"default","adv-header-id-meta":"","stick-header-meta":"","header-above-stick-meta":"","header-main-stick-meta":"","header-below-stick-meta":"","astra-migrate-meta-layouts":"default","ast-page-background-enabled":"default","ast-page-background-meta":{"desktop":{"background-color":"","background-image":"","background-repeat":"repeat","background-position":"center center","background-size":"auto","background-attachment":"scroll","background-type":"","background-media":"","overlay-type":"","overlay-color":"","overlay-opacity":"","overlay-gradient":""},"tablet":{"background-color":"","background-image":"","background-repeat":"repeat","background-position":"center center","background-size":"auto","background-attachment":"scroll","background-type":"","background-media":"","overlay-type":"","overlay-color":"","overlay-opacity":"","overlay-gradient":""},"mobile":{"background-color":"","background-image":"","background-repeat":"repeat","background-position":"center center","background-size":"auto","background-attachment":"scroll","background-type":"","background-media":"","overlay-type":"","overlay-color":"","overlay-opacity":"","overlay-gradient":""}},"ast-content-background-meta":{"desktop":{"background-color":"var(--ast-global-color-5)","background-image":"","background-repeat":"repeat","background-position":"center center","background-size":"auto","background-attachment":"scroll","background-type":"","background-media":"","overlay-type":"","overlay-color":"","overlay-opacity":"","overlay-gradient":""},"tablet":{"background-color":"var(--ast-global-color-5)","background-image":"","background-repeat":"repeat","background-position":"center center","background-size":"auto","background-attachment":"scroll","background-type":"","background-media":"","overlay-type":"","overlay-color":"","overlay-opacity":"","overlay-gradient":""},"mobile":{"background-color":"var(--ast-global-color-5)","background-image":"","background-repeat":"repeat","background-position":"center center","background-size":"auto","background-attachment":"scroll","background-type":"","background-media":"","overlay-type":"","overlay-color":"","overlay-opacity":"","overlay-gradient":""}}},"product_brand":[],"product_cat":[599,591,590,595,610,603,602,598,600,597],"product_tag":[791,932,1295,1296],"class_list":{"0":"post-17764","1":"product","2":"type-product","3":"status-publish","4":"has-post-thumbnail","6":"product_cat-aviacion","7":"product_cat-cable-de-alta-temperatura","8":"product_cat-lsoh-cable-es","9":"product_cat-cable-personalizado","10":"product_cat-energia-eolica","11":"product_cat-norma-en","12":"product_cat-norma-ice","13":"product_cat-petroleo-gas","14":"product_cat-marina","15":"product_cat-via-ferrea","16":"product_tag-aff-teflon-high-temperature-cable-es","17":"product_tag-cable-de-alta-temperatura","18":"product_tag-cable-de-teflon-para-alta-temperatura","19":"product_tag-hilo-resistente-al-fuego-hilo-refractario-gn350","20":"desktop-align-center","21":"tablet-align-left","22":"mobile-align-left","24":"first","25":"instock","26":"shipping-taxable","27":"product-type-simple"},"yoast_head":"<!-- This site is optimized with the Yoast SEO plugin v27.5 - https:\/\/yoast.com\/product\/yoast-seo-wordpress\/ -->\n<title>Cables personalizables resistentes al fuego a altas temperaturas de 350 \u2103 GN350 - TST CABLES supplier &amp; Manufacture<\/title>\n<meta name=\"robots\" content=\"index, follow, max-snippet:-1, max-image-preview:large, max-video-preview:-1\" \/>\n<link rel=\"canonical\" href=\"https:\/\/www.tstcables.com\/es\/producto\/cables-personalizables-resistentes-al-fuego-a-altas-temperaturas-de-350-%e2%84%83-gn350\/\" \/>\n<meta property=\"og:locale\" content=\"es_ES\" \/>\n<meta property=\"og:type\" content=\"article\" \/>\n<meta property=\"og:title\" content=\"Cables personalizables resistentes al fuego a altas temperaturas de 350 \u2103 GN350 - TST CABLES supplier &amp; Manufacture\" \/>\n<meta property=\"og:description\" content=\"Aplicaci\u00f3n del producto: Este producto es un alambre y cable necesarios para diversos dispositivos el\u00e9ctricos que requieren protecci\u00f3n contra incendios en entornos especiales como equipos de calefacci\u00f3n, hornos, m\u00e1quinas de barbacoa, metalurgia, ingenier\u00eda t\u00e9rmica, petr\u00f3leo, industria qu\u00edmica, gas natural, queroseno, etc.\" \/>\n<meta property=\"og:url\" content=\"https:\/\/www.tstcables.com\/es\/producto\/cables-personalizables-resistentes-al-fuego-a-altas-temperaturas-de-350-%e2%84%83-gn350\/\" \/>\n<meta property=\"og:site_name\" content=\"TST CABLES supplier &amp; Manufacture\" \/>\n<meta property=\"og:image\" content=\"https:\/\/www.tstcables.com\/wp-content\/uploads\/2024\/03\/3-16.jpg\" \/>\n\t<meta property=\"og:image:width\" content=\"640\" \/>\n\t<meta property=\"og:image:height\" content=\"640\" \/>\n\t<meta property=\"og:image:type\" content=\"image\/jpeg\" \/>\n<meta name=\"twitter:card\" content=\"summary_large_image\" \/>\n<meta name=\"twitter:label1\" content=\"Tiempo de lectura\" \/>\n\t<meta name=\"twitter:data1\" content=\"1 minuto\" \/>\n<script type=\"application\/ld+json\" class=\"yoast-schema-graph\">{\"@context\":\"https:\\\/\\\/schema.org\",\"@graph\":[{\"@type\":\"WebPage\",\"@id\":\"https:\\\/\\\/www.tstcables.com\\\/es\\\/producto\\\/cables-personalizables-resistentes-al-fuego-a-altas-temperaturas-de-350-%e2%84%83-gn350\\\/\",\"url\":\"https:\\\/\\\/www.tstcables.com\\\/es\\\/producto\\\/cables-personalizables-resistentes-al-fuego-a-altas-temperaturas-de-350-%e2%84%83-gn350\\\/\",\"name\":\"Cables personalizables resistentes al fuego a altas temperaturas de 350 \u2103 GN350 - TST CABLES supplier &amp; Manufacture\",\"isPartOf\":{\"@id\":\"https:\\\/\\\/www.tstcables.com\\\/es\\\/#website\"},\"primaryImageOfPage\":{\"@id\":\"https:\\\/\\\/www.tstcables.com\\\/es\\\/producto\\\/cables-personalizables-resistentes-al-fuego-a-altas-temperaturas-de-350-%e2%84%83-gn350\\\/#primaryimage\"},\"image\":{\"@id\":\"https:\\\/\\\/www.tstcables.com\\\/es\\\/producto\\\/cables-personalizables-resistentes-al-fuego-a-altas-temperaturas-de-350-%e2%84%83-gn350\\\/#primaryimage\"},\"thumbnailUrl\":\"https:\\\/\\\/www.tstcables.com\\\/wp-content\\\/uploads\\\/2024\\\/03\\\/3-16.jpg\",\"datePublished\":\"2024-03-22T02:51:37+00:00\",\"breadcrumb\":{\"@id\":\"https:\\\/\\\/www.tstcables.com\\\/es\\\/producto\\\/cables-personalizables-resistentes-al-fuego-a-altas-temperaturas-de-350-%e2%84%83-gn350\\\/#breadcrumb\"},\"inLanguage\":\"es\",\"potentialAction\":[{\"@type\":\"ReadAction\",\"target\":[\"https:\\\/\\\/www.tstcables.com\\\/es\\\/producto\\\/cables-personalizables-resistentes-al-fuego-a-altas-temperaturas-de-350-%e2%84%83-gn350\\\/\"]}]},{\"@type\":\"ImageObject\",\"inLanguage\":\"es\",\"@id\":\"https:\\\/\\\/www.tstcables.com\\\/es\\\/producto\\\/cables-personalizables-resistentes-al-fuego-a-altas-temperaturas-de-350-%e2%84%83-gn350\\\/#primaryimage\",\"url\":\"https:\\\/\\\/www.tstcables.com\\\/wp-content\\\/uploads\\\/2024\\\/03\\\/3-16.jpg\",\"contentUrl\":\"https:\\\/\\\/www.tstcables.com\\\/wp-content\\\/uploads\\\/2024\\\/03\\\/3-16.jpg\",\"width\":640,\"height\":640,\"caption\":\"High Temperature Wire Cable\"},{\"@type\":\"BreadcrumbList\",\"@id\":\"https:\\\/\\\/www.tstcables.com\\\/es\\\/producto\\\/cables-personalizables-resistentes-al-fuego-a-altas-temperaturas-de-350-%e2%84%83-gn350\\\/#breadcrumb\",\"itemListElement\":[{\"@type\":\"ListItem\",\"position\":1,\"name\":\"\u9996\u9875\",\"item\":\"https:\\\/\\\/www.tstcables.com\\\/es\\\/\"},{\"@type\":\"ListItem\",\"position\":2,\"name\":\"Product\",\"item\":\"https:\\\/\\\/www.tstcables.com\\\/product\\\/\"},{\"@type\":\"ListItem\",\"position\":3,\"name\":\"Cables personalizables resistentes al fuego a altas temperaturas de 350 \u2103 GN350\"}]},{\"@type\":\"WebSite\",\"@id\":\"https:\\\/\\\/www.tstcables.com\\\/es\\\/#website\",\"url\":\"https:\\\/\\\/www.tstcables.com\\\/es\\\/\",\"name\":\"TST Cable supplier & Manufacture\",\"description\":\"TST CABLES  supplier &amp; Manufacture official website\",\"publisher\":{\"@id\":\"https:\\\/\\\/www.tstcables.com\\\/es\\\/#organization\"},\"potentialAction\":[{\"@type\":\"SearchAction\",\"target\":{\"@type\":\"EntryPoint\",\"urlTemplate\":\"https:\\\/\\\/www.tstcables.com\\\/es\\\/?s={search_term_string}\"},\"query-input\":{\"@type\":\"PropertyValueSpecification\",\"valueRequired\":true,\"valueName\":\"search_term_string\"}}],\"inLanguage\":\"es\"},{\"@type\":\"Organization\",\"@id\":\"https:\\\/\\\/www.tstcables.com\\\/es\\\/#organization\",\"name\":\"TST Cable supplier & Manufacture\",\"url\":\"https:\\\/\\\/www.tstcables.com\\\/es\\\/\",\"logo\":{\"@type\":\"ImageObject\",\"inLanguage\":\"es\",\"@id\":\"https:\\\/\\\/www.tstcables.com\\\/es\\\/#\\\/schema\\\/logo\\\/image\\\/\",\"url\":\"https:\\\/\\\/www.tstcables.com\\\/wp-content\\\/uploads\\\/2024\\\/04\\\/cropped-\u753b\u677f-1-\u62f7\u8d1d-4-1.png\",\"contentUrl\":\"https:\\\/\\\/www.tstcables.com\\\/wp-content\\\/uploads\\\/2024\\\/04\\\/cropped-\u753b\u677f-1-\u62f7\u8d1d-4-1.png\",\"width\":300,\"height\":100,\"caption\":\"TST Cable supplier & Manufacture\"},\"image\":{\"@id\":\"https:\\\/\\\/www.tstcables.com\\\/es\\\/#\\\/schema\\\/logo\\\/image\\\/\"}}]}<\/script>\n<!-- \/ Yoast SEO plugin. -->","yoast_head_json":{"title":"Cables personalizables resistentes al fuego a altas temperaturas de 350 \u2103 GN350 - TST CABLES supplier &amp; Manufacture","robots":{"index":"index","follow":"follow","max-snippet":"max-snippet:-1","max-image-preview":"max-image-preview:large","max-video-preview":"max-video-preview:-1"},"canonical":"https:\/\/www.tstcables.com\/es\/producto\/cables-personalizables-resistentes-al-fuego-a-altas-temperaturas-de-350-%e2%84%83-gn350\/","og_locale":"es_ES","og_type":"article","og_title":"Cables personalizables resistentes al fuego a altas temperaturas de 350 \u2103 GN350 - TST CABLES supplier &amp; Manufacture","og_description":"Aplicaci\u00f3n del producto: Este producto es un alambre y cable necesarios para diversos dispositivos el\u00e9ctricos que requieren protecci\u00f3n contra incendios en entornos especiales como equipos de calefacci\u00f3n, hornos, m\u00e1quinas de barbacoa, metalurgia, ingenier\u00eda t\u00e9rmica, petr\u00f3leo, industria qu\u00edmica, gas natural, queroseno, etc.","og_url":"https:\/\/www.tstcables.com\/es\/producto\/cables-personalizables-resistentes-al-fuego-a-altas-temperaturas-de-350-%e2%84%83-gn350\/","og_site_name":"TST CABLES supplier &amp; Manufacture","og_image":[{"width":640,"height":640,"url":"https:\/\/www.tstcables.com\/wp-content\/uploads\/2024\/03\/3-16.jpg","type":"image\/jpeg"}],"twitter_card":"summary_large_image","twitter_misc":{"Tiempo de lectura":"1 minuto"},"schema":{"@context":"https:\/\/schema.org","@graph":[{"@type":"WebPage","@id":"https:\/\/www.tstcables.com\/es\/producto\/cables-personalizables-resistentes-al-fuego-a-altas-temperaturas-de-350-%e2%84%83-gn350\/","url":"https:\/\/www.tstcables.com\/es\/producto\/cables-personalizables-resistentes-al-fuego-a-altas-temperaturas-de-350-%e2%84%83-gn350\/","name":"Cables personalizables resistentes al fuego a altas temperaturas de 350 \u2103 GN350 - TST CABLES supplier &amp; Manufacture","isPartOf":{"@id":"https:\/\/www.tstcables.com\/es\/#website"},"primaryImageOfPage":{"@id":"https:\/\/www.tstcables.com\/es\/producto\/cables-personalizables-resistentes-al-fuego-a-altas-temperaturas-de-350-%e2%84%83-gn350\/#primaryimage"},"image":{"@id":"https:\/\/www.tstcables.com\/es\/producto\/cables-personalizables-resistentes-al-fuego-a-altas-temperaturas-de-350-%e2%84%83-gn350\/#primaryimage"},"thumbnailUrl":"https:\/\/www.tstcables.com\/wp-content\/uploads\/2024\/03\/3-16.jpg","datePublished":"2024-03-22T02:51:37+00:00","breadcrumb":{"@id":"https:\/\/www.tstcables.com\/es\/producto\/cables-personalizables-resistentes-al-fuego-a-altas-temperaturas-de-350-%e2%84%83-gn350\/#breadcrumb"},"inLanguage":"es","potentialAction":[{"@type":"ReadAction","target":["https:\/\/www.tstcables.com\/es\/producto\/cables-personalizables-resistentes-al-fuego-a-altas-temperaturas-de-350-%e2%84%83-gn350\/"]}]},{"@type":"ImageObject","inLanguage":"es","@id":"https:\/\/www.tstcables.com\/es\/producto\/cables-personalizables-resistentes-al-fuego-a-altas-temperaturas-de-350-%e2%84%83-gn350\/#primaryimage","url":"https:\/\/www.tstcables.com\/wp-content\/uploads\/2024\/03\/3-16.jpg","contentUrl":"https:\/\/www.tstcables.com\/wp-content\/uploads\/2024\/03\/3-16.jpg","width":640,"height":640,"caption":"High Temperature Wire Cable"},{"@type":"BreadcrumbList","@id":"https:\/\/www.tstcables.com\/es\/producto\/cables-personalizables-resistentes-al-fuego-a-altas-temperaturas-de-350-%e2%84%83-gn350\/#breadcrumb","itemListElement":[{"@type":"ListItem","position":1,"name":"\u9996\u9875","item":"https:\/\/www.tstcables.com\/es\/"},{"@type":"ListItem","position":2,"name":"Product","item":"https:\/\/www.tstcables.com\/product\/"},{"@type":"ListItem","position":3,"name":"Cables personalizables resistentes al fuego a altas temperaturas de 350 \u2103 GN350"}]},{"@type":"WebSite","@id":"https:\/\/www.tstcables.com\/es\/#website","url":"https:\/\/www.tstcables.com\/es\/","name":"TST Cable supplier & Manufacture","description":"TST CABLES  supplier &amp; Manufacture official website","publisher":{"@id":"https:\/\/www.tstcables.com\/es\/#organization"},"potentialAction":[{"@type":"SearchAction","target":{"@type":"EntryPoint","urlTemplate":"https:\/\/www.tstcables.com\/es\/?s={search_term_string}"},"query-input":{"@type":"PropertyValueSpecification","valueRequired":true,"valueName":"search_term_string"}}],"inLanguage":"es"},{"@type":"Organization","@id":"https:\/\/www.tstcables.com\/es\/#organization","name":"TST Cable supplier & Manufacture","url":"https:\/\/www.tstcables.com\/es\/","logo":{"@type":"ImageObject","inLanguage":"es","@id":"https:\/\/www.tstcables.com\/es\/#\/schema\/logo\/image\/","url":"https:\/\/www.tstcables.com\/wp-content\/uploads\/2024\/04\/cropped-\u753b\u677f-1-\u62f7\u8d1d-4-1.png","contentUrl":"https:\/\/www.tstcables.com\/wp-content\/uploads\/2024\/04\/cropped-\u753b\u677f-1-\u62f7\u8d1d-4-1.png","width":300,"height":100,"caption":"TST Cable supplier & Manufacture"},"image":{"@id":"https:\/\/www.tstcables.com\/es\/#\/schema\/logo\/image\/"}}]}},"_links":{"self":[{"href":"https:\/\/www.tstcables.com\/es\/wp-json\/wp\/v2\/product\/17764","targetHints":{"allow":["GET"]}}],"collection":[{"href":"https:\/\/www.tstcables.com\/es\/wp-json\/wp\/v2\/product"}],"about":[{"href":"https:\/\/www.tstcables.com\/es\/wp-json\/wp\/v2\/types\/product"}],"version-history":[{"count":0,"href":"https:\/\/www.tstcables.com\/es\/wp-json\/wp\/v2\/product\/17764\/revisions"}],"wp:featuredmedia":[{"embeddable":true,"href":"https:\/\/www.tstcables.com\/es\/wp-json\/wp\/v2\/media\/12926"}],"wp:attachment":[{"href":"https:\/\/www.tstcables.com\/es\/wp-json\/wp\/v2\/media?parent=17764"}],"wp:term":[{"taxonomy":"product_brand","embeddable":true,"href":"https:\/\/www.tstcables.com\/es\/wp-json\/wp\/v2\/product_brand?post=17764"},{"taxonomy":"product_cat","embeddable":true,"href":"https:\/\/www.tstcables.com\/es\/wp-json\/wp\/v2\/product_cat?post=17764"},{"taxonomy":"product_tag","embeddable":true,"href":"https:\/\/www.tstcables.com\/es\/wp-json\/wp\/v2\/product_tag?post=17764"}],"curies":[{"name":"wp","href":"https:\/\/api.w.org\/{rel}","templated":true}]}}