{"id":17765,"date":"2024-03-22T08:55:52","date_gmt":"2024-03-22T00:55:52","guid":{"rendered":"https:\/\/www.tstcables.com\/product\/cable-de-ptfe-teflon-250-%e2%84%83-resistente-al-calor-cable-resistente-a-sal-y-alcalis-afr250\/"},"modified":"2024-03-22T08:55:52","modified_gmt":"2024-03-22T00:55:52","slug":"cable-de-ptfe-teflon-250-%e2%84%83-resistente-al-calor-cable-resistente-a-sal-y-alcalis-afr250","status":"publish","type":"product","link":"https:\/\/www.tstcables.com\/es\/producto\/cable-de-ptfe-teflon-250-%e2%84%83-resistente-al-calor-cable-resistente-a-sal-y-alcalis-afr250\/","title":{"rendered":"Cable de PTFE\/tefl\u00f3n 250 \u2103 resistente al calor Cable resistente a sal y \u00e1lcalis AFR250"},"content":{"rendered":"<p><strong>Modelo del Producto:<\/strong><\/p>\n<ul>\n<li>AFR250<\/li>\n<\/ul>\n<p><strong>Est\u00e1ndar en la industria:<\/strong><\/p>\n<ul>\n<li>Q31\/0114000209C025-2017<\/li>\n<\/ul>\n<p><strong>Caracter\u00edsticas del producto:<\/strong><br \/>\n1. Tensi\u00f3n nominal: 250 V<br \/>\n2. Temperatura de trabajo: -65~+250\u2103<br \/>\n3. Conductor: n\u00facleo s\u00f3lido o alambre de cobre plateado trenzado<br \/>\n4. Aislamiento: cinta de PTFE envuelta en tefl\u00f3n<br \/>\n5. Color: rojo\/amarillo\/azul\/blanco\/negro\/amarillo-verde\/marr\u00f3n, etc. Los colores se pueden personalizar seg\u00fan las necesidades.<\/p>\n<p><strong>Caracter\u00edsticas\/utilidades:<\/strong><br \/>\nTiene excelente resistencia a la corrosi\u00f3n, resistencia al aceite, fuerte resistencia a los \u00e1cidos, fuerte resistencia a los \u00e1lcalis, fuerte resistencia a los oxidantes, etc.; tiene excelentes propiedades de aislamiento el\u00e9ctrico, resistencia a alto voltaje, baja p\u00e9rdida de alta frecuencia, sin absorci\u00f3n de humedad y alta resistencia de aislamiento; Tiene una excelente resistencia a las llamas, rendimiento contra el envejecimiento y una larga vida \u00fatil. En la industria electr\u00f3nica, se puede utilizar para cables de compensaci\u00f3n de temperatura, cables resistentes a bajas temperaturas, cables calefactores de alta temperatura, cables resistentes al envejecimiento y cables retardantes de llama; en la industria de electrodom\u00e9sticos, se puede utilizar para aires acondicionados, hornos microondas, gabinetes de desinfecci\u00f3n electr\u00f3nicos, ollas arroceras, bolsas de agua caliente electr\u00f3nicas, cableado interno de calentadores, hornos el\u00e9ctricos, woks el\u00e9ctricos, iluminaci\u00f3n del condado, etc. Requisitos de entrega: Seg\u00fan el acuerdo contractual entre las dos partes, se permite la entrega en tramos cortos de al menos 10 metros y la cantidad no debe exceder el 10% de la longitud total de entrega.<\/p>\n<p><strong>Estructura de especificaciones y par\u00e1metros t\u00e9cnicos:<\/strong><\/p>\n<style type=\"text\/css\">\n.tg  {border-collapse:collapse;border-spacing:0;}<br \/>.tg td{border-color:black;border-style:solid;border-width:1px;font-family:Arial, sans-serif;font-size:14px;<br \/>  overflow:hidden;padding:10px 5px;word-break:normal;}<br \/>.tg th{border-color:black;border-style:solid;border-width:1px;font-family:Arial, sans-serif;font-size:14px;<br \/>  font-weight:normal;overflow:hidden;padding:10px 5px;word-break:normal;}<br \/>.tg .tg-pb0m{border-color:inherit;text-align:center;vertical-align:bottom}<br \/>.tg .tg-c3ow{border-color:inherit;text-align:center;vertical-align:top}<br \/>.tg .tg-fr9f{background-color:#FFF;border-color:inherit;color:#333;font-weight:bold;text-align:center;vertical-align:top}<br \/>.tg .tg-0pky{border-color:inherit;text-align:left;vertical-align:top}<br \/><\/style>\n<table class=\"tg\">\n<thead>\n<tr>\n<th class=\"tg-fr9f\">Cruz nominal<br \/>\nsecci\u00f3n (mm2)<\/th>\n<th class=\"tg-fr9f\">Estructura de conductores<br \/>\nn\u00famero de cables\/<br \/>\ndi\u00e1metro del alambre (mm)<\/th>\n<th class=\"tg-fr9f\">Aislamiento<br \/>\nespesor (mm)<\/th>\n<th class=\"tg-fr9f\">Exterior medio<br \/>\ndi\u00e1metro (mm)<\/th>\n<th class=\"tg-fr9f\">Conductor CC<br \/>\ncorriente (S2\/km)<br \/>\na 20 \u2103<\/th>\n<th class=\"tg-fr9f\">Embalaje<br \/>\nlongitud (m)<\/th>\n<\/tr>\n<\/thead>\n<tbody>\n<tr>\n<td class=\"tg-pb0m\">0.035<\/td>\n<td class=\"tg-c3ow\">7\/0.08<\/td>\n<td class=\"tg-pb0m\">0.15<\/td>\n<td class=\"tg-pb0m\">0.52<\/td>\n<td class=\"tg-pb0m\">525<\/td>\n<td class=\"tg-pb0m\">200<\/td>\n<\/tr>\n<tr>\n<td class=\"tg-pb0m\">0.07<\/td>\n<td class=\"tg-c3ow\">14\/0.08<\/td>\n<td class=\"tg-pb0m\">0.15<\/td>\n<td class=\"tg-pb0m\">0.62<\/td>\n<td class=\"tg-pb0m\">245<\/td>\n<td class=\"tg-pb0m\">200<\/td>\n<\/tr>\n<tr>\n<td class=\"tg-pb0m\">0.1<\/td>\n<td class=\"tg-c3ow\">21\/0.08<\/td>\n<td class=\"tg-pb0m\">0.15<\/td>\n<td class=\"tg-pb0m\">0.72<\/td>\n<td class=\"tg-pb0m\">227<\/td>\n<td class=\"tg-pb0m\">200<\/td>\n<\/tr>\n<tr>\n<td class=\"tg-pb0m\">0.12<\/td>\n<td class=\"tg-c3ow\">24\/0.08<\/td>\n<td class=\"tg-pb0m\">0.15<\/td>\n<td class=\"tg-pb0m\">0.9<\/td>\n<td class=\"tg-pb0m\">175<\/td>\n<td class=\"tg-pb0m\">200<\/td>\n<\/tr>\n<tr>\n<td class=\"tg-pb0m\">0.15<\/td>\n<td class=\"tg-c3ow\">30\/0.08<\/td>\n<td class=\"tg-pb0m\">0.15<\/td>\n<td class=\"tg-pb0m\">0.8<\/td>\n<td class=\"tg-pb0m\">125<\/td>\n<td class=\"tg-pb0m\">200<\/td>\n<\/tr>\n<tr>\n<td class=\"tg-pb0m\">0.2<\/td>\n<td class=\"tg-c3ow\">42\/0.08<\/td>\n<td class=\"tg-pb0m\">0.15<\/td>\n<td class=\"tg-pb0m\">0.9<\/td>\n<td class=\"tg-pb0m\">95<\/td>\n<td class=\"tg-pb0m\">200<\/td>\n<\/tr>\n<tr>\n<td class=\"tg-pb0m\">0.3<\/td>\n<td class=\"tg-c3ow\">62\/0.08<\/td>\n<td class=\"tg-pb0m\">0.15<\/td>\n<td class=\"tg-pb0m\">1.05<\/td>\n<td class=\"tg-pb0m\">80<\/td>\n<td class=\"tg-pb0m\">200<\/td>\n<\/tr>\n<tr>\n<td class=\"tg-pb0m\">0.35<\/td>\n<td class=\"tg-c3ow\">75\/0.08<\/td>\n<td class=\"tg-pb0m\">0.15<\/td>\n<td class=\"tg-pb0m\">1.2<\/td>\n<td class=\"tg-pb0m\">57<\/td>\n<td class=\"tg-pb0m\">200<\/td>\n<\/tr>\n<tr>\n<td class=\"tg-pb0m\">0.5<\/td>\n<td class=\"tg-c3ow\">105\/0.08<\/td>\n<td class=\"tg-pb0m\">0.15<\/td>\n<td class=\"tg-pb0m\">1.3<\/td>\n<td class=\"tg-pb0m\">42<\/td>\n<td class=\"tg-pb0m\">200<\/td>\n<\/tr>\n<tr>\n<td class=\"tg-pb0m\">0.75<\/td>\n<td class=\"tg-c3ow\">150\/0.08<\/td>\n<td class=\"tg-pb0m\">0.15<\/td>\n<td class=\"tg-pb0m\">1.5<\/td>\n<td class=\"tg-pb0m\">24<\/td>\n<td class=\"tg-pb0m\">200<\/td>\n<\/tr>\n<tr>\n<td class=\"tg-pb0m\">1<\/td>\n<td class=\"tg-c3ow\">200\/0.08<\/td>\n<td class=\"tg-pb0m\">0.2<\/td>\n<td class=\"tg-pb0m\">1.7<\/td>\n<td class=\"tg-pb0m\">19<\/td>\n<td class=\"tg-pb0m\">200<\/td>\n<\/tr>\n<tr>\n<td class=\"tg-pb0m\">2<\/td>\n<td class=\"tg-c3ow\">400\/0.08<\/td>\n<td class=\"tg-pb0m\">0.2<\/td>\n<td class=\"tg-pb0m\">2.3<\/td>\n<td class=\"tg-pb0m\">9.6<\/td>\n<td class=\"tg-pb0m\">200<\/td>\n<\/tr>\n<tr>\n<td class=\"tg-0pky\" colspan=\"6\">Nota: TST cable factory puede producir productos con otras especificaciones seg\u00fan el acuerdo entre el proveedor y el comprador.<\/td>\n<\/tr>\n<\/tbody>\n<\/table>\n","protected":false},"excerpt":{"rendered":"<p>Tiene excelente resistencia a la corrosi\u00f3n, resistencia al aceite, fuerte resistencia a los \u00e1cidos, fuerte resistencia a los \u00e1lcalis, fuerte resistencia a los oxidantes, etc.; tiene excelentes propiedades de aislamiento el\u00e9ctrico, resistencia a alto voltaje, baja p\u00e9rdida de alta frecuencia, sin absorci\u00f3n de humedad y alta resistencia de aislamiento; Tiene una excelente resistencia a las llamas, rendimiento contra el envejecimiento y una larga vida \u00fatil. En la industria electr\u00f3nica, se puede utilizar para cables de compensaci\u00f3n de temperatura, cables resistentes a bajas temperaturas, cables calefactores de alta temperatura, cables resistentes al envejecimiento y cables retardantes de llama;<\/p>\n","protected":false},"featured_media":13726,"template":"","meta":{"_eb_attr":"","site-sidebar-layout":"default","site-content-layout":"","ast-site-content-layout":"default","site-content-style":"default","site-sidebar-style":"default","ast-global-header-display":"","ast-banner-title-visibility":"","ast-main-header-display":"","ast-hfb-above-header-display":"","ast-hfb-below-header-display":"","ast-hfb-mobile-header-display":"","site-post-title":"","ast-breadcrumbs-content":"","ast-featured-img":"","footer-sml-layout":"","theme-transparent-header-meta":"default","adv-header-id-meta":"","stick-header-meta":"","header-above-stick-meta":"","header-main-stick-meta":"","header-below-stick-meta":"","astra-migrate-meta-layouts":"default","ast-page-background-enabled":"default","ast-page-background-meta":{"desktop":{"background-color":"","background-image":"","background-repeat":"repeat","background-position":"center center","background-size":"auto","background-attachment":"scroll","background-type":"","background-media":"","overlay-type":"","overlay-color":"","overlay-opacity":"","overlay-gradient":""},"tablet":{"background-color":"","background-image":"","background-repeat":"repeat","background-position":"center center","background-size":"auto","background-attachment":"scroll","background-type":"","background-media":"","overlay-type":"","overlay-color":"","overlay-opacity":"","overlay-gradient":""},"mobile":{"background-color":"","background-image":"","background-repeat":"repeat","background-position":"center center","background-size":"auto","background-attachment":"scroll","background-type":"","background-media":"","overlay-type":"","overlay-color":"","overlay-opacity":"","overlay-gradient":""}},"ast-content-background-meta":{"desktop":{"background-color":"var(--ast-global-color-5)","background-image":"","background-repeat":"repeat","background-position":"center center","background-size":"auto","background-attachment":"scroll","background-type":"","background-media":"","overlay-type":"","overlay-color":"","overlay-opacity":"","overlay-gradient":""},"tablet":{"background-color":"var(--ast-global-color-5)","background-image":"","background-repeat":"repeat","background-position":"center center","background-size":"auto","background-attachment":"scroll","background-type":"","background-media":"","overlay-type":"","overlay-color":"","overlay-opacity":"","overlay-gradient":""},"mobile":{"background-color":"var(--ast-global-color-5)","background-image":"","background-repeat":"repeat","background-position":"center center","background-size":"auto","background-attachment":"scroll","background-type":"","background-media":"","overlay-type":"","overlay-color":"","overlay-opacity":"","overlay-gradient":""}}},"product_brand":[],"product_cat":[599,591,639,631,643,610,603,602,646,598,600,597],"product_tag":[1297,1299,1298],"class_list":{"0":"post-17765","1":"product","2":"type-product","3":"status-publish","4":"has-post-thumbnail","6":"product_cat-aviacion","7":"product_cat-cable-de-alta-temperatura","8":"product_cat-cable-de-teflon","9":"product_cat-cable-ligero","10":"product_cat-cable-resistente-a-los-alcalis-salinos","11":"product_cat-energia-eolica","12":"product_cat-norma-en","13":"product_cat-norma-ice","14":"product_cat-nuclear-es","15":"product_cat-petroleo-gas","16":"product_cat-marina","17":"product_cat-via-ferrea","18":"product_tag-afr250-es","19":"product_tag-cinta-de-ptfe-afr250","20":"product_tag-teflon-afr250-es","21":"desktop-align-center","22":"tablet-align-left","23":"mobile-align-left","25":"first","26":"instock","27":"shipping-taxable","28":"product-type-simple"},"yoast_head":"<!-- This site is optimized with the Yoast SEO plugin v27.4 - https:\/\/yoast.com\/product\/yoast-seo-wordpress\/ -->\n<title>Cinta de PTFE envuelta en tefl\u00f3n AFR250<\/title>\n<meta name=\"description\" content=\"Tiene una excelente resistencia a la corrosi\u00f3n, resistencia al aceite, fuerte resistencia a los \u00e1cidos, fuerte resistencia a los \u00e1lcalis, fuerte resistencia a los oxidantes, etc.; tiene excelentes propiedades de aislamiento el\u00e9ctrico, resistencia a la alta tensi\u00f3n, baja p\u00e9rdida de alta frecuencia, sin absorci\u00f3n de humedad y alta resistencia al aislamiento; tiene una excelente resistencia a la llama, rendimiento de envejecimiento y larga vida \u00fatil.\" \/>\n<meta name=\"robots\" content=\"index, follow, max-snippet:-1, max-image-preview:large, max-video-preview:-1\" \/>\n<link rel=\"canonical\" href=\"https:\/\/www.tstcables.com\/es\/producto\/cable-de-ptfe-teflon-250-%e2%84%83-resistente-al-calor-cable-resistente-a-sal-y-alcalis-afr250\/\" \/>\n<meta property=\"og:locale\" content=\"es_ES\" \/>\n<meta property=\"og:type\" content=\"article\" \/>\n<meta property=\"og:title\" content=\"Cinta de PTFE envuelta en tefl\u00f3n AFR250\" \/>\n<meta property=\"og:description\" content=\"Tiene una excelente resistencia a la corrosi\u00f3n, resistencia al aceite, fuerte resistencia a los \u00e1cidos, fuerte resistencia a los \u00e1lcalis, fuerte resistencia a los oxidantes, etc.; tiene excelentes propiedades de aislamiento el\u00e9ctrico, resistencia a la alta tensi\u00f3n, baja p\u00e9rdida de alta frecuencia, sin absorci\u00f3n de humedad y alta resistencia al aislamiento; tiene una excelente resistencia a la llama, rendimiento de envejecimiento y larga vida \u00fatil.\" \/>\n<meta property=\"og:url\" content=\"https:\/\/www.tstcables.com\/es\/producto\/cable-de-ptfe-teflon-250-%e2%84%83-resistente-al-calor-cable-resistente-a-sal-y-alcalis-afr250\/\" \/>\n<meta property=\"og:site_name\" content=\"TST CABLES supplier &amp; Manufacture\" \/>\n<meta property=\"og:image\" content=\"https:\/\/www.tstcables.com\/wp-content\/uploads\/2024\/03\/4-20.jpg\" \/>\n\t<meta property=\"og:image:width\" content=\"750\" \/>\n\t<meta property=\"og:image:height\" content=\"750\" \/>\n\t<meta property=\"og:image:type\" content=\"image\/jpeg\" \/>\n<meta name=\"twitter:card\" content=\"summary_large_image\" \/>\n<meta name=\"twitter:label1\" content=\"Tiempo de lectura\" \/>\n\t<meta name=\"twitter:data1\" content=\"2 minutos\" \/>\n<script type=\"application\/ld+json\" class=\"yoast-schema-graph\">{\"@context\":\"https:\\\/\\\/schema.org\",\"@graph\":[{\"@type\":\"WebPage\",\"@id\":\"https:\\\/\\\/www.tstcables.com\\\/es\\\/producto\\\/cable-de-ptfe-teflon-250-%e2%84%83-resistente-al-calor-cable-resistente-a-sal-y-alcalis-afr250\\\/\",\"url\":\"https:\\\/\\\/www.tstcables.com\\\/es\\\/producto\\\/cable-de-ptfe-teflon-250-%e2%84%83-resistente-al-calor-cable-resistente-a-sal-y-alcalis-afr250\\\/\",\"name\":\"Cinta de PTFE envuelta en tefl\u00f3n AFR250\",\"isPartOf\":{\"@id\":\"https:\\\/\\\/www.tstcables.com\\\/es\\\/#website\"},\"primaryImageOfPage\":{\"@id\":\"https:\\\/\\\/www.tstcables.com\\\/es\\\/producto\\\/cable-de-ptfe-teflon-250-%e2%84%83-resistente-al-calor-cable-resistente-a-sal-y-alcalis-afr250\\\/#primaryimage\"},\"image\":{\"@id\":\"https:\\\/\\\/www.tstcables.com\\\/es\\\/producto\\\/cable-de-ptfe-teflon-250-%e2%84%83-resistente-al-calor-cable-resistente-a-sal-y-alcalis-afr250\\\/#primaryimage\"},\"thumbnailUrl\":\"https:\\\/\\\/www.tstcables.com\\\/wp-content\\\/uploads\\\/2024\\\/03\\\/4-20.jpg\",\"datePublished\":\"2024-03-22T00:55:52+00:00\",\"description\":\"Tiene una excelente resistencia a la corrosi\u00f3n, resistencia al aceite, fuerte resistencia a los \u00e1cidos, fuerte resistencia a los \u00e1lcalis, fuerte resistencia a los oxidantes, etc.; tiene excelentes propiedades de aislamiento el\u00e9ctrico, resistencia a la alta tensi\u00f3n, baja p\u00e9rdida de alta frecuencia, sin absorci\u00f3n de humedad y alta resistencia al aislamiento; tiene una excelente resistencia a la llama, rendimiento de envejecimiento y larga vida \u00fatil.\",\"breadcrumb\":{\"@id\":\"https:\\\/\\\/www.tstcables.com\\\/es\\\/producto\\\/cable-de-ptfe-teflon-250-%e2%84%83-resistente-al-calor-cable-resistente-a-sal-y-alcalis-afr250\\\/#breadcrumb\"},\"inLanguage\":\"es\",\"potentialAction\":[{\"@type\":\"ReadAction\",\"target\":[\"https:\\\/\\\/www.tstcables.com\\\/es\\\/producto\\\/cable-de-ptfe-teflon-250-%e2%84%83-resistente-al-calor-cable-resistente-a-sal-y-alcalis-afr250\\\/\"]}]},{\"@type\":\"ImageObject\",\"inLanguage\":\"es\",\"@id\":\"https:\\\/\\\/www.tstcables.com\\\/es\\\/producto\\\/cable-de-ptfe-teflon-250-%e2%84%83-resistente-al-calor-cable-resistente-a-sal-y-alcalis-afr250\\\/#primaryimage\",\"url\":\"https:\\\/\\\/www.tstcables.com\\\/wp-content\\\/uploads\\\/2024\\\/03\\\/4-20.jpg\",\"contentUrl\":\"https:\\\/\\\/www.tstcables.com\\\/wp-content\\\/uploads\\\/2024\\\/03\\\/4-20.jpg\",\"width\":750,\"height\":750,\"caption\":\"PTFE tape wrapped Teflon AFR250\"},{\"@type\":\"BreadcrumbList\",\"@id\":\"https:\\\/\\\/www.tstcables.com\\\/es\\\/producto\\\/cable-de-ptfe-teflon-250-%e2%84%83-resistente-al-calor-cable-resistente-a-sal-y-alcalis-afr250\\\/#breadcrumb\",\"itemListElement\":[{\"@type\":\"ListItem\",\"position\":1,\"name\":\"\u9996\u9875\",\"item\":\"https:\\\/\\\/www.tstcables.com\\\/es\\\/\"},{\"@type\":\"ListItem\",\"position\":2,\"name\":\"Product\",\"item\":\"https:\\\/\\\/www.tstcables.com\\\/product\\\/\"},{\"@type\":\"ListItem\",\"position\":3,\"name\":\"Cable de PTFE\\\/tefl\u00f3n 250 \u2103 resistente al calor Cable resistente a sal y \u00e1lcalis AFR250\"}]},{\"@type\":\"WebSite\",\"@id\":\"https:\\\/\\\/www.tstcables.com\\\/es\\\/#website\",\"url\":\"https:\\\/\\\/www.tstcables.com\\\/es\\\/\",\"name\":\"TST Cable supplier & Manufacture\",\"description\":\"TST CABLES  supplier &amp; Manufacture official website\",\"publisher\":{\"@id\":\"https:\\\/\\\/www.tstcables.com\\\/es\\\/#organization\"},\"potentialAction\":[{\"@type\":\"SearchAction\",\"target\":{\"@type\":\"EntryPoint\",\"urlTemplate\":\"https:\\\/\\\/www.tstcables.com\\\/es\\\/?s={search_term_string}\"},\"query-input\":{\"@type\":\"PropertyValueSpecification\",\"valueRequired\":true,\"valueName\":\"search_term_string\"}}],\"inLanguage\":\"es\"},{\"@type\":\"Organization\",\"@id\":\"https:\\\/\\\/www.tstcables.com\\\/es\\\/#organization\",\"name\":\"TST Cable supplier & Manufacture\",\"url\":\"https:\\\/\\\/www.tstcables.com\\\/es\\\/\",\"logo\":{\"@type\":\"ImageObject\",\"inLanguage\":\"es\",\"@id\":\"https:\\\/\\\/www.tstcables.com\\\/es\\\/#\\\/schema\\\/logo\\\/image\\\/\",\"url\":\"https:\\\/\\\/www.tstcables.com\\\/wp-content\\\/uploads\\\/2024\\\/04\\\/cropped-\u753b\u677f-1-\u62f7\u8d1d-4-1.png\",\"contentUrl\":\"https:\\\/\\\/www.tstcables.com\\\/wp-content\\\/uploads\\\/2024\\\/04\\\/cropped-\u753b\u677f-1-\u62f7\u8d1d-4-1.png\",\"width\":300,\"height\":100,\"caption\":\"TST Cable supplier & Manufacture\"},\"image\":{\"@id\":\"https:\\\/\\\/www.tstcables.com\\\/es\\\/#\\\/schema\\\/logo\\\/image\\\/\"}}]}<\/script>\n<!-- \/ Yoast SEO plugin. -->","yoast_head_json":{"title":"Cinta de PTFE envuelta en tefl\u00f3n AFR250","description":"Tiene una excelente resistencia a la corrosi\u00f3n, resistencia al aceite, fuerte resistencia a los \u00e1cidos, fuerte resistencia a los \u00e1lcalis, fuerte resistencia a los oxidantes, etc.; tiene excelentes propiedades de aislamiento el\u00e9ctrico, resistencia a la alta tensi\u00f3n, baja p\u00e9rdida de alta frecuencia, sin absorci\u00f3n de humedad y alta resistencia al aislamiento; tiene una excelente resistencia a la llama, rendimiento de envejecimiento y larga vida \u00fatil.","robots":{"index":"index","follow":"follow","max-snippet":"max-snippet:-1","max-image-preview":"max-image-preview:large","max-video-preview":"max-video-preview:-1"},"canonical":"https:\/\/www.tstcables.com\/es\/producto\/cable-de-ptfe-teflon-250-%e2%84%83-resistente-al-calor-cable-resistente-a-sal-y-alcalis-afr250\/","og_locale":"es_ES","og_type":"article","og_title":"Cinta de PTFE envuelta en tefl\u00f3n AFR250","og_description":"Tiene una excelente resistencia a la corrosi\u00f3n, resistencia al aceite, fuerte resistencia a los \u00e1cidos, fuerte resistencia a los \u00e1lcalis, fuerte resistencia a los oxidantes, etc.; tiene excelentes propiedades de aislamiento el\u00e9ctrico, resistencia a la alta tensi\u00f3n, baja p\u00e9rdida de alta frecuencia, sin absorci\u00f3n de humedad y alta resistencia al aislamiento; tiene una excelente resistencia a la llama, rendimiento de envejecimiento y larga vida \u00fatil.","og_url":"https:\/\/www.tstcables.com\/es\/producto\/cable-de-ptfe-teflon-250-%e2%84%83-resistente-al-calor-cable-resistente-a-sal-y-alcalis-afr250\/","og_site_name":"TST CABLES supplier &amp; Manufacture","og_image":[{"width":750,"height":750,"url":"https:\/\/www.tstcables.com\/wp-content\/uploads\/2024\/03\/4-20.jpg","type":"image\/jpeg"}],"twitter_card":"summary_large_image","twitter_misc":{"Tiempo de lectura":"2 minutos"},"schema":{"@context":"https:\/\/schema.org","@graph":[{"@type":"WebPage","@id":"https:\/\/www.tstcables.com\/es\/producto\/cable-de-ptfe-teflon-250-%e2%84%83-resistente-al-calor-cable-resistente-a-sal-y-alcalis-afr250\/","url":"https:\/\/www.tstcables.com\/es\/producto\/cable-de-ptfe-teflon-250-%e2%84%83-resistente-al-calor-cable-resistente-a-sal-y-alcalis-afr250\/","name":"Cinta de PTFE envuelta en tefl\u00f3n AFR250","isPartOf":{"@id":"https:\/\/www.tstcables.com\/es\/#website"},"primaryImageOfPage":{"@id":"https:\/\/www.tstcables.com\/es\/producto\/cable-de-ptfe-teflon-250-%e2%84%83-resistente-al-calor-cable-resistente-a-sal-y-alcalis-afr250\/#primaryimage"},"image":{"@id":"https:\/\/www.tstcables.com\/es\/producto\/cable-de-ptfe-teflon-250-%e2%84%83-resistente-al-calor-cable-resistente-a-sal-y-alcalis-afr250\/#primaryimage"},"thumbnailUrl":"https:\/\/www.tstcables.com\/wp-content\/uploads\/2024\/03\/4-20.jpg","datePublished":"2024-03-22T00:55:52+00:00","description":"Tiene una excelente resistencia a la corrosi\u00f3n, resistencia al aceite, fuerte resistencia a los \u00e1cidos, fuerte resistencia a los \u00e1lcalis, fuerte resistencia a los oxidantes, etc.; tiene excelentes propiedades de aislamiento el\u00e9ctrico, resistencia a la alta tensi\u00f3n, baja p\u00e9rdida de alta frecuencia, sin absorci\u00f3n de humedad y alta resistencia al aislamiento; tiene una excelente resistencia a la llama, rendimiento de envejecimiento y larga vida \u00fatil.","breadcrumb":{"@id":"https:\/\/www.tstcables.com\/es\/producto\/cable-de-ptfe-teflon-250-%e2%84%83-resistente-al-calor-cable-resistente-a-sal-y-alcalis-afr250\/#breadcrumb"},"inLanguage":"es","potentialAction":[{"@type":"ReadAction","target":["https:\/\/www.tstcables.com\/es\/producto\/cable-de-ptfe-teflon-250-%e2%84%83-resistente-al-calor-cable-resistente-a-sal-y-alcalis-afr250\/"]}]},{"@type":"ImageObject","inLanguage":"es","@id":"https:\/\/www.tstcables.com\/es\/producto\/cable-de-ptfe-teflon-250-%e2%84%83-resistente-al-calor-cable-resistente-a-sal-y-alcalis-afr250\/#primaryimage","url":"https:\/\/www.tstcables.com\/wp-content\/uploads\/2024\/03\/4-20.jpg","contentUrl":"https:\/\/www.tstcables.com\/wp-content\/uploads\/2024\/03\/4-20.jpg","width":750,"height":750,"caption":"PTFE tape wrapped Teflon AFR250"},{"@type":"BreadcrumbList","@id":"https:\/\/www.tstcables.com\/es\/producto\/cable-de-ptfe-teflon-250-%e2%84%83-resistente-al-calor-cable-resistente-a-sal-y-alcalis-afr250\/#breadcrumb","itemListElement":[{"@type":"ListItem","position":1,"name":"\u9996\u9875","item":"https:\/\/www.tstcables.com\/es\/"},{"@type":"ListItem","position":2,"name":"Product","item":"https:\/\/www.tstcables.com\/product\/"},{"@type":"ListItem","position":3,"name":"Cable de PTFE\/tefl\u00f3n 250 \u2103 resistente al calor Cable resistente a sal y \u00e1lcalis AFR250"}]},{"@type":"WebSite","@id":"https:\/\/www.tstcables.com\/es\/#website","url":"https:\/\/www.tstcables.com\/es\/","name":"TST Cable supplier & Manufacture","description":"TST CABLES  supplier &amp; Manufacture official website","publisher":{"@id":"https:\/\/www.tstcables.com\/es\/#organization"},"potentialAction":[{"@type":"SearchAction","target":{"@type":"EntryPoint","urlTemplate":"https:\/\/www.tstcables.com\/es\/?s={search_term_string}"},"query-input":{"@type":"PropertyValueSpecification","valueRequired":true,"valueName":"search_term_string"}}],"inLanguage":"es"},{"@type":"Organization","@id":"https:\/\/www.tstcables.com\/es\/#organization","name":"TST Cable supplier & Manufacture","url":"https:\/\/www.tstcables.com\/es\/","logo":{"@type":"ImageObject","inLanguage":"es","@id":"https:\/\/www.tstcables.com\/es\/#\/schema\/logo\/image\/","url":"https:\/\/www.tstcables.com\/wp-content\/uploads\/2024\/04\/cropped-\u753b\u677f-1-\u62f7\u8d1d-4-1.png","contentUrl":"https:\/\/www.tstcables.com\/wp-content\/uploads\/2024\/04\/cropped-\u753b\u677f-1-\u62f7\u8d1d-4-1.png","width":300,"height":100,"caption":"TST Cable supplier & Manufacture"},"image":{"@id":"https:\/\/www.tstcables.com\/es\/#\/schema\/logo\/image\/"}}]}},"_links":{"self":[{"href":"https:\/\/www.tstcables.com\/es\/wp-json\/wp\/v2\/product\/17765","targetHints":{"allow":["GET"]}}],"collection":[{"href":"https:\/\/www.tstcables.com\/es\/wp-json\/wp\/v2\/product"}],"about":[{"href":"https:\/\/www.tstcables.com\/es\/wp-json\/wp\/v2\/types\/product"}],"version-history":[{"count":0,"href":"https:\/\/www.tstcables.com\/es\/wp-json\/wp\/v2\/product\/17765\/revisions"}],"wp:featuredmedia":[{"embeddable":true,"href":"https:\/\/www.tstcables.com\/es\/wp-json\/wp\/v2\/media\/13726"}],"wp:attachment":[{"href":"https:\/\/www.tstcables.com\/es\/wp-json\/wp\/v2\/media?parent=17765"}],"wp:term":[{"taxonomy":"product_brand","embeddable":true,"href":"https:\/\/www.tstcables.com\/es\/wp-json\/wp\/v2\/product_brand?post=17765"},{"taxonomy":"product_cat","embeddable":true,"href":"https:\/\/www.tstcables.com\/es\/wp-json\/wp\/v2\/product_cat?post=17765"},{"taxonomy":"product_tag","embeddable":true,"href":"https:\/\/www.tstcables.com\/es\/wp-json\/wp\/v2\/product_tag?post=17765"}],"curies":[{"name":"wp","href":"https:\/\/api.w.org\/{rel}","templated":true}]}}