{"id":31513,"date":"2024-11-11T14:55:35","date_gmt":"2024-11-11T06:55:35","guid":{"rendered":"https:\/\/www.tstcables.com\/product\/cabo-plano-flexivel-aplicacao-ffc-0525mm-yyfb-yvfb\/"},"modified":"2024-11-11T14:55:35","modified_gmt":"2024-11-11T06:55:35","slug":"cabo-plano-flexivel-aplicacao-ffc-0525mm-yyfb-yvfb","status":"publish","type":"product","link":"https:\/\/www.tstcables.com\/pt-br\/produto\/cabo-plano-flexivel-aplicacao-ffc-0525mm-yyfb-yvfb\/","title":{"rendered":"Cabo plano flex\u00edvel aplica\u00e7\u00e3o FFC 0,5~2,5mm yyfb yvfb"},"content":{"rendered":"<ul class=\"\" data-spm-anchor-id=\"a2700.details.0.i38.424f702bAFzUi8\">\n<li>Conformidade com padr\u00f5es internacionais: Nosso cabo FFC atende aos mais altos padr\u00f5es de qualidade, certificado com ISO 9001, ROHS e os mais recentes regulamentos REACH, garantindo a conformidade com padr\u00f5es internacionais para aplica\u00e7\u00f5es eletr\u00f4nicas.<\/li>\n<li>Dur\u00e1vel e flex\u00edvel: o revestimento AWG 20624 80C 60V VW-1 oferece excelente durabilidade e flexibilidade, tornando-o adequado para diversas aplica\u00e7\u00f5es eletr\u00f4nicas, incluindo aquelas que exigem flex\u00f5es e dobras frequentes.<\/li>\n<li>Op\u00e7\u00f5es de condutores personaliz\u00e1veis: este cabo FFC oferece uma variedade de op\u00e7\u00f5es de condutores (0,035&#215;0,3, 0,05&#215;0,3, 0,1&#215;0,3, 0,035&#215;0,65, 0,05&#215;0,65, 0,1&#215;0,65 e 0,05&#215;0,8) para atender a diversos requisitos do usu\u00e1rio, incluindo configura\u00e7\u00f5es de 4 a 120 pinos.<\/li>\n<li>Materiais de alta qualidade: Constru\u00eddo com materiais de alta qualidade, incluindo estanho\/ouro sobre cobre, este cabo garante desempenho confi\u00e1vel e longa vida \u00fatil, tornando-o a escolha ideal para aplica\u00e7\u00f5es eletr\u00f4nicas.<\/li>\n<li>F\u00e1cil de usar: Nosso cabo FFC foi projetado pensando na facilidade de uso, oferecendo uma variedade de cores (azul\/branco) e um revestimento dur\u00e1vel que suporta diversas condi\u00e7\u00f5es ambientais, o que o torna uma escolha confi\u00e1vel para aplica\u00e7\u00f5es em v\u00e1rios setores.<\/li>\n<\/ul>\n<h3 id=\"key-attributes\" class=\"att-title\">Atributos principais<\/h3>\n<div class=\"attribute-info\">\n<h4>Atributos espec\u00edficos da ind\u00fastria<\/h4>\n<div class=\"attribute-list\">\n<div class=\"attribute-item\">\n<div class=\"left\">Aplicativo<\/div>\n<div class=\"right\">Eletr\u00f4nico<\/div>\n<\/div>\n<\/div>\n<h4>Outros atributos<\/h4>\n<div class=\"attribute-list\">\n<div class=\"attribute-item\">\n<div class=\"left\">Local de origem: Guangdong, China<\/div>\n<\/div>\n<div class=\"attribute-item\">\n<div class=\"left\">Marca:TST CABLES<\/div>\n<\/div>\n<div class=\"attribute-item\">\n<div class=\"left\">N\u00famero do modelo: Cabo FFC<\/div>\n<\/div>\n<div class=\"attribute-item\">\n<div class=\"left\">Nome do produto: cabo ffc<\/div>\n<\/div>\n<div class=\"attribute-item\">\n<div class=\"left\">N\u00famero do modelo: A\/B\/C\/D\/E\/G<\/div>\n<\/div>\n<div class=\"attribute-item\">\n<div class=\"left\">Material do fio: Sn\/Au sobre Cu<\/div>\n<\/div>\n<div class=\"attribute-item\">\n<div class=\"left\">Cor: Azul\/Branco<\/div>\n<\/div>\n<div class=\"attribute-item\">\n<div class=\"left\">Comprimento: \u226520mm<\/div>\n<\/div>\n<div class=\"attribute-item\">\n<div class=\"left\">Palavras-chave: cabo ffc 1mm<\/div>\n<\/div>\n<div class=\"attribute-item\">\n<div class=\"left\">Condutor:0,035*0,3;0,05*0,3;0,1*0,3;0,035*0,65;0,05*0,65;0,1*0,65;0,05*0,8<\/div>\n<\/div>\n<div class=\"attribute-item\">\n<div class=\"left\">P\u00f3los:4-120pin<\/div>\n<\/div>\n<div class=\"attribute-item\">\n<div class=\"left\">Tipo de revestimento 1: SIM 20624 80C 60V VW-1; SIM 20706 105C 60V VW-1<\/div>\n<\/div>\n<div class=\"attribute-item\">\n<div class=\"left\">Certifica\u00e7\u00e3o: ISO9001, ROHS e o mais recente REACH<\/div>\n<\/div>\n<\/div>\n<\/div>\n","protected":false},"excerpt":{"rendered":"<p>fornece uma ampla gama de solu\u00e7\u00f5es de interconex\u00e3o utilizando a mais recente tecnologia de cabo plano flex\u00edvel e conectores FFC\/FPC. Produzimos produtos de passo padr\u00e3o de 0,50 mm a 2,54 mm com op\u00e7\u00f5es SMD e Thru Hole, incluindo op\u00e7\u00f5es retas e de \u00e2ngulo reto. Nossos especialistas em produtos ter\u00e3o prazer em discutir com voc\u00ea seus requisitos de aplica\u00e7\u00e3o individuais e aconselhar uma solu\u00e7\u00e3o eficaz para atender \u00e0s suas necessidades espec\u00edficas.  <\/p>\n","protected":false},"featured_media":26144,"template":"","meta":{"_eb_attr":"","site-sidebar-layout":"default","site-content-layout":"","ast-site-content-layout":"default","site-content-style":"default","site-sidebar-style":"default","ast-global-header-display":"","ast-banner-title-visibility":"","ast-main-header-display":"","ast-hfb-above-header-display":"","ast-hfb-below-header-display":"","ast-hfb-mobile-header-display":"","site-post-title":"","ast-breadcrumbs-content":"","ast-featured-img":"","footer-sml-layout":"","theme-transparent-header-meta":"default","adv-header-id-meta":"","stick-header-meta":"","header-above-stick-meta":"","header-main-stick-meta":"","header-below-stick-meta":"","astra-migrate-meta-layouts":"default","ast-page-background-enabled":"default","ast-page-background-meta":{"desktop":{"background-color":"","background-image":"","background-repeat":"repeat","background-position":"center center","background-size":"auto","background-attachment":"scroll","background-type":"","background-media":"","overlay-type":"","overlay-color":"","overlay-opacity":"","overlay-gradient":""},"tablet":{"background-color":"","background-image":"","background-repeat":"repeat","background-position":"center center","background-size":"auto","background-attachment":"scroll","background-type":"","background-media":"","overlay-type":"","overlay-color":"","overlay-opacity":"","overlay-gradient":""},"mobile":{"background-color":"","background-image":"","background-repeat":"repeat","background-position":"center center","background-size":"auto","background-attachment":"scroll","background-type":"","background-media":"","overlay-type":"","overlay-color":"","overlay-opacity":"","overlay-gradient":""}},"ast-content-background-meta":{"desktop":{"background-color":"var(--ast-global-color-5)","background-image":"","background-repeat":"repeat","background-position":"center center","background-size":"auto","background-attachment":"scroll","background-type":"","background-media":"","overlay-type":"","overlay-color":"","overlay-opacity":"","overlay-gradient":""},"tablet":{"background-color":"var(--ast-global-color-5)","background-image":"","background-repeat":"repeat","background-position":"center center","background-size":"auto","background-attachment":"scroll","background-type":"","background-media":"","overlay-type":"","overlay-color":"","overlay-opacity":"","overlay-gradient":""},"mobile":{"background-color":"var(--ast-global-color-5)","background-image":"","background-repeat":"repeat","background-position":"center center","background-size":"auto","background-attachment":"scroll","background-type":"","background-media":"","overlay-type":"","overlay-color":"","overlay-opacity":"","overlay-gradient":""}}},"product_brand":[],"product_cat":[2744,2812,2719],"product_tag":[],"class_list":{"0":"post-31513","1":"product","2":"type-product","3":"status-publish","4":"has-post-thumbnail","6":"product_cat-flexible-flat-cable-pt-br","7":"product_cat-ul-cable-pt-br","8":"product_cat-product-by-specific-pt-br","9":"desktop-align-center","10":"tablet-align-left","11":"mobile-align-left","13":"first","14":"instock","15":"shipping-taxable","16":"product-type-simple"},"yoast_head":"<!-- This site is optimized with the Yoast SEO plugin v27.5 - https:\/\/yoast.com\/product\/yoast-seo-wordpress\/ -->\n<title>Cabo plano flex\u00edvel aplica\u00e7\u00e3o FFC 0,5~2,5mm yffb yvfb<\/title>\n<meta name=\"description\" content=\"O cabo \u00e9 leve e tem uma longa vida \u00fatil de flex\u00e3o. Pode melhorar a integridade do sinal e reduzir a coleta de poeira. Pode ser aplicado de forma confi\u00e1vel\" \/>\n<meta name=\"robots\" content=\"index, follow, max-snippet:-1, max-image-preview:large, max-video-preview:-1\" \/>\n<link rel=\"canonical\" href=\"https:\/\/www.tstcables.com\/pt-br\/produto\/cabo-plano-flexivel-aplicacao-ffc-0525mm-yyfb-yvfb\/\" \/>\n<meta property=\"og:locale\" content=\"pt_BR\" \/>\n<meta property=\"og:type\" content=\"article\" \/>\n<meta property=\"og:title\" content=\"Cabo plano flex\u00edvel aplica\u00e7\u00e3o FFC 0,5~2,5mm yffb yvfb\" \/>\n<meta property=\"og:description\" content=\"O cabo \u00e9 leve e tem uma longa vida \u00fatil de flex\u00e3o. Pode melhorar a integridade do sinal e reduzir a coleta de poeira. Pode ser aplicado de forma confi\u00e1vel\" \/>\n<meta property=\"og:url\" content=\"https:\/\/www.tstcables.com\/pt-br\/produto\/cabo-plano-flexivel-aplicacao-ffc-0525mm-yyfb-yvfb\/\" \/>\n<meta property=\"og:site_name\" content=\"TST CABLES supplier &amp; Manufacture\" \/>\n<meta property=\"og:image\" content=\"https:\/\/www.tstcables.com\/wp-content\/uploads\/2024\/11\/30113497-02.jpg\" \/>\n\t<meta property=\"og:image:width\" content=\"1020\" \/>\n\t<meta property=\"og:image:height\" content=\"570\" \/>\n\t<meta property=\"og:image:type\" content=\"image\/jpeg\" \/>\n<meta name=\"twitter:card\" content=\"summary_large_image\" \/>\n<meta name=\"twitter:label1\" content=\"Est. tempo de leitura\" \/>\n\t<meta name=\"twitter:data1\" content=\"1 minuto\" \/>\n<script type=\"application\/ld+json\" class=\"yoast-schema-graph\">{\"@context\":\"https:\\\/\\\/schema.org\",\"@graph\":[{\"@type\":\"WebPage\",\"@id\":\"https:\\\/\\\/www.tstcables.com\\\/pt-br\\\/produto\\\/cabo-plano-flexivel-aplicacao-ffc-0525mm-yyfb-yvfb\\\/\",\"url\":\"https:\\\/\\\/www.tstcables.com\\\/pt-br\\\/produto\\\/cabo-plano-flexivel-aplicacao-ffc-0525mm-yyfb-yvfb\\\/\",\"name\":\"Cabo plano flex\u00edvel aplica\u00e7\u00e3o FFC 0,5~2,5mm yffb yvfb\",\"isPartOf\":{\"@id\":\"https:\\\/\\\/www.tstcables.com\\\/pt-br\\\/#website\"},\"primaryImageOfPage\":{\"@id\":\"https:\\\/\\\/www.tstcables.com\\\/pt-br\\\/produto\\\/cabo-plano-flexivel-aplicacao-ffc-0525mm-yyfb-yvfb\\\/#primaryimage\"},\"image\":{\"@id\":\"https:\\\/\\\/www.tstcables.com\\\/pt-br\\\/produto\\\/cabo-plano-flexivel-aplicacao-ffc-0525mm-yyfb-yvfb\\\/#primaryimage\"},\"thumbnailUrl\":\"https:\\\/\\\/www.tstcables.com\\\/wp-content\\\/uploads\\\/2024\\\/11\\\/30113497-02.jpg\",\"datePublished\":\"2024-11-11T06:55:35+00:00\",\"description\":\"O cabo \u00e9 leve e tem uma longa vida \u00fatil de flex\u00e3o. Pode melhorar a integridade do sinal e reduzir a coleta de poeira. Pode ser aplicado de forma confi\u00e1vel\",\"breadcrumb\":{\"@id\":\"https:\\\/\\\/www.tstcables.com\\\/pt-br\\\/produto\\\/cabo-plano-flexivel-aplicacao-ffc-0525mm-yyfb-yvfb\\\/#breadcrumb\"},\"inLanguage\":\"pt-BR\",\"potentialAction\":[{\"@type\":\"ReadAction\",\"target\":[\"https:\\\/\\\/www.tstcables.com\\\/pt-br\\\/produto\\\/cabo-plano-flexivel-aplicacao-ffc-0525mm-yyfb-yvfb\\\/\"]}]},{\"@type\":\"ImageObject\",\"inLanguage\":\"pt-BR\",\"@id\":\"https:\\\/\\\/www.tstcables.com\\\/pt-br\\\/produto\\\/cabo-plano-flexivel-aplicacao-ffc-0525mm-yyfb-yvfb\\\/#primaryimage\",\"url\":\"https:\\\/\\\/www.tstcables.com\\\/wp-content\\\/uploads\\\/2024\\\/11\\\/30113497-02.jpg\",\"contentUrl\":\"https:\\\/\\\/www.tstcables.com\\\/wp-content\\\/uploads\\\/2024\\\/11\\\/30113497-02.jpg\",\"width\":1020,\"height\":570,\"caption\":\"2.5mm ffc cable\"},{\"@type\":\"BreadcrumbList\",\"@id\":\"https:\\\/\\\/www.tstcables.com\\\/pt-br\\\/produto\\\/cabo-plano-flexivel-aplicacao-ffc-0525mm-yyfb-yvfb\\\/#breadcrumb\",\"itemListElement\":[{\"@type\":\"ListItem\",\"position\":1,\"name\":\"\u9996\u9875\",\"item\":\"https:\\\/\\\/www.tstcables.com\\\/pt-br\\\/\"},{\"@type\":\"ListItem\",\"position\":2,\"name\":\"Product\",\"item\":\"https:\\\/\\\/www.tstcables.com\\\/product\\\/\"},{\"@type\":\"ListItem\",\"position\":3,\"name\":\"Cabo plano flex\u00edvel aplica\u00e7\u00e3o FFC 0,5~2,5mm yyfb yvfb\"}]},{\"@type\":\"WebSite\",\"@id\":\"https:\\\/\\\/www.tstcables.com\\\/pt-br\\\/#website\",\"url\":\"https:\\\/\\\/www.tstcables.com\\\/pt-br\\\/\",\"name\":\"TST Cable supplier & Manufacture\",\"description\":\"TST CABLES  supplier &amp; Manufacture official website\",\"publisher\":{\"@id\":\"https:\\\/\\\/www.tstcables.com\\\/pt-br\\\/#organization\"},\"potentialAction\":[{\"@type\":\"SearchAction\",\"target\":{\"@type\":\"EntryPoint\",\"urlTemplate\":\"https:\\\/\\\/www.tstcables.com\\\/pt-br\\\/?s={search_term_string}\"},\"query-input\":{\"@type\":\"PropertyValueSpecification\",\"valueRequired\":true,\"valueName\":\"search_term_string\"}}],\"inLanguage\":\"pt-BR\"},{\"@type\":\"Organization\",\"@id\":\"https:\\\/\\\/www.tstcables.com\\\/pt-br\\\/#organization\",\"name\":\"TST Cable supplier & Manufacture\",\"url\":\"https:\\\/\\\/www.tstcables.com\\\/pt-br\\\/\",\"logo\":{\"@type\":\"ImageObject\",\"inLanguage\":\"pt-BR\",\"@id\":\"https:\\\/\\\/www.tstcables.com\\\/pt-br\\\/#\\\/schema\\\/logo\\\/image\\\/\",\"url\":\"https:\\\/\\\/www.tstcables.com\\\/wp-content\\\/uploads\\\/2024\\\/04\\\/cropped-\u753b\u677f-1-\u62f7\u8d1d-4-1.png\",\"contentUrl\":\"https:\\\/\\\/www.tstcables.com\\\/wp-content\\\/uploads\\\/2024\\\/04\\\/cropped-\u753b\u677f-1-\u62f7\u8d1d-4-1.png\",\"width\":300,\"height\":100,\"caption\":\"TST Cable supplier & Manufacture\"},\"image\":{\"@id\":\"https:\\\/\\\/www.tstcables.com\\\/pt-br\\\/#\\\/schema\\\/logo\\\/image\\\/\"}}]}<\/script>\n<!-- \/ Yoast SEO plugin. -->","yoast_head_json":{"title":"Cabo plano flex\u00edvel aplica\u00e7\u00e3o FFC 0,5~2,5mm yffb yvfb","description":"O cabo \u00e9 leve e tem uma longa vida \u00fatil de flex\u00e3o. Pode melhorar a integridade do sinal e reduzir a coleta de poeira. Pode ser aplicado de forma confi\u00e1vel","robots":{"index":"index","follow":"follow","max-snippet":"max-snippet:-1","max-image-preview":"max-image-preview:large","max-video-preview":"max-video-preview:-1"},"canonical":"https:\/\/www.tstcables.com\/pt-br\/produto\/cabo-plano-flexivel-aplicacao-ffc-0525mm-yyfb-yvfb\/","og_locale":"pt_BR","og_type":"article","og_title":"Cabo plano flex\u00edvel aplica\u00e7\u00e3o FFC 0,5~2,5mm yffb yvfb","og_description":"O cabo \u00e9 leve e tem uma longa vida \u00fatil de flex\u00e3o. Pode melhorar a integridade do sinal e reduzir a coleta de poeira. Pode ser aplicado de forma confi\u00e1vel","og_url":"https:\/\/www.tstcables.com\/pt-br\/produto\/cabo-plano-flexivel-aplicacao-ffc-0525mm-yyfb-yvfb\/","og_site_name":"TST CABLES supplier &amp; Manufacture","og_image":[{"width":1020,"height":570,"url":"https:\/\/www.tstcables.com\/wp-content\/uploads\/2024\/11\/30113497-02.jpg","type":"image\/jpeg"}],"twitter_card":"summary_large_image","twitter_misc":{"Est. tempo de leitura":"1 minuto"},"schema":{"@context":"https:\/\/schema.org","@graph":[{"@type":"WebPage","@id":"https:\/\/www.tstcables.com\/pt-br\/produto\/cabo-plano-flexivel-aplicacao-ffc-0525mm-yyfb-yvfb\/","url":"https:\/\/www.tstcables.com\/pt-br\/produto\/cabo-plano-flexivel-aplicacao-ffc-0525mm-yyfb-yvfb\/","name":"Cabo plano flex\u00edvel aplica\u00e7\u00e3o FFC 0,5~2,5mm yffb yvfb","isPartOf":{"@id":"https:\/\/www.tstcables.com\/pt-br\/#website"},"primaryImageOfPage":{"@id":"https:\/\/www.tstcables.com\/pt-br\/produto\/cabo-plano-flexivel-aplicacao-ffc-0525mm-yyfb-yvfb\/#primaryimage"},"image":{"@id":"https:\/\/www.tstcables.com\/pt-br\/produto\/cabo-plano-flexivel-aplicacao-ffc-0525mm-yyfb-yvfb\/#primaryimage"},"thumbnailUrl":"https:\/\/www.tstcables.com\/wp-content\/uploads\/2024\/11\/30113497-02.jpg","datePublished":"2024-11-11T06:55:35+00:00","description":"O cabo \u00e9 leve e tem uma longa vida \u00fatil de flex\u00e3o. Pode melhorar a integridade do sinal e reduzir a coleta de poeira. Pode ser aplicado de forma confi\u00e1vel","breadcrumb":{"@id":"https:\/\/www.tstcables.com\/pt-br\/produto\/cabo-plano-flexivel-aplicacao-ffc-0525mm-yyfb-yvfb\/#breadcrumb"},"inLanguage":"pt-BR","potentialAction":[{"@type":"ReadAction","target":["https:\/\/www.tstcables.com\/pt-br\/produto\/cabo-plano-flexivel-aplicacao-ffc-0525mm-yyfb-yvfb\/"]}]},{"@type":"ImageObject","inLanguage":"pt-BR","@id":"https:\/\/www.tstcables.com\/pt-br\/produto\/cabo-plano-flexivel-aplicacao-ffc-0525mm-yyfb-yvfb\/#primaryimage","url":"https:\/\/www.tstcables.com\/wp-content\/uploads\/2024\/11\/30113497-02.jpg","contentUrl":"https:\/\/www.tstcables.com\/wp-content\/uploads\/2024\/11\/30113497-02.jpg","width":1020,"height":570,"caption":"2.5mm ffc cable"},{"@type":"BreadcrumbList","@id":"https:\/\/www.tstcables.com\/pt-br\/produto\/cabo-plano-flexivel-aplicacao-ffc-0525mm-yyfb-yvfb\/#breadcrumb","itemListElement":[{"@type":"ListItem","position":1,"name":"\u9996\u9875","item":"https:\/\/www.tstcables.com\/pt-br\/"},{"@type":"ListItem","position":2,"name":"Product","item":"https:\/\/www.tstcables.com\/product\/"},{"@type":"ListItem","position":3,"name":"Cabo plano flex\u00edvel aplica\u00e7\u00e3o FFC 0,5~2,5mm yyfb yvfb"}]},{"@type":"WebSite","@id":"https:\/\/www.tstcables.com\/pt-br\/#website","url":"https:\/\/www.tstcables.com\/pt-br\/","name":"TST Cable supplier & Manufacture","description":"TST CABLES  supplier &amp; Manufacture official website","publisher":{"@id":"https:\/\/www.tstcables.com\/pt-br\/#organization"},"potentialAction":[{"@type":"SearchAction","target":{"@type":"EntryPoint","urlTemplate":"https:\/\/www.tstcables.com\/pt-br\/?s={search_term_string}"},"query-input":{"@type":"PropertyValueSpecification","valueRequired":true,"valueName":"search_term_string"}}],"inLanguage":"pt-BR"},{"@type":"Organization","@id":"https:\/\/www.tstcables.com\/pt-br\/#organization","name":"TST Cable supplier & Manufacture","url":"https:\/\/www.tstcables.com\/pt-br\/","logo":{"@type":"ImageObject","inLanguage":"pt-BR","@id":"https:\/\/www.tstcables.com\/pt-br\/#\/schema\/logo\/image\/","url":"https:\/\/www.tstcables.com\/wp-content\/uploads\/2024\/04\/cropped-\u753b\u677f-1-\u62f7\u8d1d-4-1.png","contentUrl":"https:\/\/www.tstcables.com\/wp-content\/uploads\/2024\/04\/cropped-\u753b\u677f-1-\u62f7\u8d1d-4-1.png","width":300,"height":100,"caption":"TST Cable supplier & Manufacture"},"image":{"@id":"https:\/\/www.tstcables.com\/pt-br\/#\/schema\/logo\/image\/"}}]}},"_links":{"self":[{"href":"https:\/\/www.tstcables.com\/pt-br\/wp-json\/wp\/v2\/product\/31513","targetHints":{"allow":["GET"]}}],"collection":[{"href":"https:\/\/www.tstcables.com\/pt-br\/wp-json\/wp\/v2\/product"}],"about":[{"href":"https:\/\/www.tstcables.com\/pt-br\/wp-json\/wp\/v2\/types\/product"}],"version-history":[{"count":0,"href":"https:\/\/www.tstcables.com\/pt-br\/wp-json\/wp\/v2\/product\/31513\/revisions"}],"wp:featuredmedia":[{"embeddable":true,"href":"https:\/\/www.tstcables.com\/pt-br\/wp-json\/wp\/v2\/media\/26144"}],"wp:attachment":[{"href":"https:\/\/www.tstcables.com\/pt-br\/wp-json\/wp\/v2\/media?parent=31513"}],"wp:term":[{"taxonomy":"product_brand","embeddable":true,"href":"https:\/\/www.tstcables.com\/pt-br\/wp-json\/wp\/v2\/product_brand?post=31513"},{"taxonomy":"product_cat","embeddable":true,"href":"https:\/\/www.tstcables.com\/pt-br\/wp-json\/wp\/v2\/product_cat?post=31513"},{"taxonomy":"product_tag","embeddable":true,"href":"https:\/\/www.tstcables.com\/pt-br\/wp-json\/wp\/v2\/product_tag?post=31513"}],"curies":[{"name":"wp","href":"https:\/\/api.w.org\/{rel}","templated":true}]}}