{"id":31518,"date":"2024-11-21T09:54:45","date_gmt":"2024-11-21T01:54:45","guid":{"rendered":"https:\/\/www.tstcables.com\/product\/acessorios-para-cabos-de-alta-temperatura-secao-de-bloqueio-de-fogo-leve-tecido-de-isolamento-a-prova-de-fogo\/"},"modified":"2024-11-21T09:54:45","modified_gmt":"2024-11-21T01:54:45","slug":"acessorios-para-cabos-de-alta-temperatura-secao-de-bloqueio-de-fogo-leve-tecido-de-isolamento-a-prova-de-fogo","status":"publish","type":"product","link":"https:\/\/www.tstcables.com\/pt-br\/produto\/acessorios-para-cabos-de-alta-temperatura-secao-de-bloqueio-de-fogo-leve-tecido-de-isolamento-a-prova-de-fogo\/","title":{"rendered":"Acess\u00f3rios para cabos de alta temperatura Se\u00e7\u00e3o de bloqueio de fogo leve Tecido de isolamento \u00e0 prova de fogo"},"content":{"rendered":"<p>A se\u00e7\u00e3o de bloqueio de fogo leve \u00e9 \u200b\u200bum produto de isolamento de bloqueio de fogo feito de um novo tipo de material intumescente \u00e0 prova de fogo da TST CABLES. Consiste em um bloco de expans\u00e3o de combust\u00edvel, um pano \u00e0 prova de fogo, uma estrutura de metal combinada pulverizada com tinta \u00e0 prova de fogo e um pano \u00e0 prova de fogo. <\/p>\n<p>Hist\u00f3rico t\u00e9cnico<br \/>\nNo processo de bloqueio \u00e0 prova de fogo, a se\u00e7\u00e3o comum de bloqueio de fogo \u00e9 geralmente constru\u00edda com materiais tradicionais, compostos principalmente de placas \u00e0 prova de fogo, sacos \u00e0 prova de fogo e lama \u00e0 prova de fogo. Existem desvantagens como longo tempo de instala\u00e7\u00e3o e constru\u00e7\u00e3o, peso pesado, baixa dissipa\u00e7\u00e3o de calor e vida \u00fatil curta. Em particular, o ac\u00famulo de calor do cabo com grande gera\u00e7\u00e3o de calor causar\u00e1 carboniza\u00e7\u00e3o da camada de isolamento do cabo e da bainha externa, o que sem d\u00favida reduz a vida \u00fatil do cabo e aumenta o risco de inc\u00eandio.  <\/p>\n<p>Cen\u00e1rio de aplica\u00e7\u00e3o<br \/>\nDe acordo com os requisitos de GB50217 e GB50872, as seguintes partes da ponte a\u00e9rea devem ser equipadas com se\u00e7\u00f5es de bloqueio de fogo:<br \/>\nO ramal do canal principal da ponte a\u00e9rea;<br \/>\nA ponte a\u00e9rea de longa dist\u00e2ncia est\u00e1 a 100 m de dist\u00e2ncia;<br \/>\nA entrada da ponte a\u00e9rea para a sala de controle ou dispositivo de distribui\u00e7\u00e3o e a parede da f\u00e1brica.<\/p>\n<p>Requisitos padr\u00e3o para se\u00e7\u00f5es de bloqueio de fogo<br \/>\nA se\u00e7\u00e3o de bloqueio de fogo deve ser constru\u00edda com materiais de veda\u00e7\u00e3o \u00e0 prova de fogo adequados para condi\u00e7\u00f5es de coloca\u00e7\u00e3o de cabos e deve ser est\u00e1vel sob as condi\u00e7\u00f5es de poss\u00edvel imers\u00e3o em \u00e1gua ou danos por roedores;<br \/>\nO limite de resist\u00eancia ao fogo n\u00e3o deve ser inferior a 1h, e o desempenho de combust\u00e3o, propriedades f\u00edsicas e qu\u00edmicas e desempenho de resist\u00eancia ao fogo devem estar em conformidade com GB23864, e as condi\u00e7\u00f5es de teste devem ser consistentes com as condi\u00e7\u00f5es reais.<\/p>\n<p>Indicadores t\u00e9cnicos e caracter\u00edsticas da se\u00e7\u00e3o de bloqueio de fogo leve<br \/>\nIndicadores t\u00e9cnicos<br \/>\nGrau \u00e0 prova de fogo: GB23864 (desempenho de isolamento t\u00e9rmico de 2h, integridade de resist\u00eancia ao fogo de 2h);<br \/>\nVida \u00fatil: 15 anos;<\/p>\n<p>Caracter\u00edsticasLeve<br \/>\nLeve, peso \u00fanico n\u00e3o superior a 5 kg;<br \/>\nF\u00e1cil de instalar, geralmente pode ser instalado em 10min~15min;<br \/>\n\u00c9 muito f\u00e1cil de transformar ou atualizar, e \u00e9 muito conveniente adicionar ou substituir cabos posteriormente;<br \/>\nTamb\u00e9m pode ser instalado ap\u00f3s a coloca\u00e7\u00e3o do cabo;<br \/>\nOs materiais utilizados t\u00eam boa resist\u00eancia \u00e0 corros\u00e3o e s\u00e3o adequados para uma variedade de ambientes, incluindo condi\u00e7\u00f5es adversas, como umidade e n\u00e9voa salina.<br \/>\nA estrutura \u00e9 est\u00e1vel e n\u00e3o requer manuten\u00e7\u00e3o;<br \/>\n\u00c9 prop\u00edcio \u00e0 dissipa\u00e7\u00e3o de calor: seu estado \u00e9 quase o mesmo do estado de assentamento na ponte, o que reduz muito o risco de envelhecimento do cabo causado pelo ac\u00famulo de calor na se\u00e7\u00e3o tradicional de bloqueio de fogo;<br \/>\nMais bonito: o design \u00e9 mais moderno e bonito, o que pode melhorar a apar\u00eancia de todo o edif\u00edcio ou sala de m\u00e1quinas; devido aos seus baixos custos de instala\u00e7\u00e3o e manuten\u00e7\u00e3o e longa vida \u00fatil, o custo abrangente \u00e9 menor do que o das pontes tradicionais.<\/p>\n<p>&nbsp;<\/p>\n","protected":false},"excerpt":{"rendered":"<p>A se\u00e7\u00e3o de bloqueio de fogo leve \u00e9 \u200b\u200bum produto de isolamento de bloqueio de fogo feito de um novo [&hellip;]<\/p>\n","protected":false},"featured_media":28746,"template":"","meta":{"_eb_attr":"","site-sidebar-layout":"default","site-content-layout":"","ast-site-content-layout":"default","site-content-style":"default","site-sidebar-style":"default","ast-global-header-display":"","ast-banner-title-visibility":"","ast-main-header-display":"","ast-hfb-above-header-display":"","ast-hfb-below-header-display":"","ast-hfb-mobile-header-display":"","site-post-title":"","ast-breadcrumbs-content":"","ast-featured-img":"","footer-sml-layout":"","theme-transparent-header-meta":"default","adv-header-id-meta":"","stick-header-meta":"","header-above-stick-meta":"","header-main-stick-meta":"","header-below-stick-meta":"","astra-migrate-meta-layouts":"default","ast-page-background-enabled":"default","ast-page-background-meta":{"desktop":{"background-color":"","background-image":"","background-repeat":"repeat","background-position":"center center","background-size":"auto","background-attachment":"scroll","background-type":"","background-media":"","overlay-type":"","overlay-color":"","overlay-opacity":"","overlay-gradient":""},"tablet":{"background-color":"","background-image":"","background-repeat":"repeat","background-position":"center center","background-size":"auto","background-attachment":"scroll","background-type":"","background-media":"","overlay-type":"","overlay-color":"","overlay-opacity":"","overlay-gradient":""},"mobile":{"background-color":"","background-image":"","background-repeat":"repeat","background-position":"center center","background-size":"auto","background-attachment":"scroll","background-type":"","background-media":"","overlay-type":"","overlay-color":"","overlay-opacity":"","overlay-gradient":""}},"ast-content-background-meta":{"desktop":{"background-color":"var(--ast-global-color-5)","background-image":"","background-repeat":"repeat","background-position":"center center","background-size":"auto","background-attachment":"scroll","background-type":"","background-media":"","overlay-type":"","overlay-color":"","overlay-opacity":"","overlay-gradient":""},"tablet":{"background-color":"var(--ast-global-color-5)","background-image":"","background-repeat":"repeat","background-position":"center center","background-size":"auto","background-attachment":"scroll","background-type":"","background-media":"","overlay-type":"","overlay-color":"","overlay-opacity":"","overlay-gradient":""},"mobile":{"background-color":"var(--ast-global-color-5)","background-image":"","background-repeat":"repeat","background-position":"center center","background-size":"auto","background-attachment":"scroll","background-type":"","background-media":"","overlay-type":"","overlay-color":"","overlay-opacity":"","overlay-gradient":""}}},"product_brand":[],"product_cat":[2813,2818],"product_tag":[4073,4074,4075,4076],"class_list":{"0":"post-31518","1":"product","2":"type-product","3":"status-publish","4":"has-post-thumbnail","6":"product_cat-sealing-module-pt-br","7":"product_cat-fire-protect-section-pt-br","8":"product_tag-acessorios-de-cabo-a-prova-de-fogo-de-alta-temperatura","9":"product_tag-secao-de-bloqueio-de-fogo-leve","10":"product_tag-tecido-isolante-a-prova-de-fogo","11":"product_tag-tecido-isolante-de-cabo-a-prova-de-fogo","12":"desktop-align-center","13":"tablet-align-left","14":"mobile-align-left","16":"first","17":"instock","18":"shipping-taxable","19":"product-type-simple"},"yoast_head":"<!-- This site is optimized with the Yoast SEO plugin v27.5 - https:\/\/yoast.com\/product\/yoast-seo-wordpress\/ -->\n<title>Acess\u00f3rios para cabos de alta temperatura Se\u00e7\u00e3o de bloqueio de fogo leve Tecido de isolamento \u00e0 prova de fogo<\/title>\n<meta name=\"description\" content=\"A TST Cables desenvolve produtos personalizados, como abra\u00e7adeiras resistentes ao calor, produtos de isolamento de alta temperatura ou mangas resistentes ao calor feitas de pl\u00e1stico.\" \/>\n<meta name=\"robots\" content=\"index, follow, max-snippet:-1, max-image-preview:large, max-video-preview:-1\" \/>\n<link rel=\"canonical\" href=\"https:\/\/www.tstcables.com\/pt-br\/produto\/acessorios-para-cabos-de-alta-temperatura-secao-de-bloqueio-de-fogo-leve-tecido-de-isolamento-a-prova-de-fogo\/\" \/>\n<meta property=\"og:locale\" content=\"pt_BR\" \/>\n<meta property=\"og:type\" content=\"article\" \/>\n<meta property=\"og:title\" content=\"Acess\u00f3rios para cabos de alta temperatura Se\u00e7\u00e3o de bloqueio de fogo leve Tecido de isolamento \u00e0 prova de fogo\" \/>\n<meta property=\"og:description\" content=\"A TST Cables desenvolve produtos personalizados, como abra\u00e7adeiras resistentes ao calor, produtos de isolamento de alta temperatura ou mangas resistentes ao calor feitas de pl\u00e1stico.\" \/>\n<meta property=\"og:url\" content=\"https:\/\/www.tstcables.com\/pt-br\/produto\/acessorios-para-cabos-de-alta-temperatura-secao-de-bloqueio-de-fogo-leve-tecido-de-isolamento-a-prova-de-fogo\/\" \/>\n<meta property=\"og:site_name\" content=\"TST CABLES supplier &amp; Manufacture\" \/>\n<meta property=\"og:image\" content=\"https:\/\/www.tstcables.com\/wp-content\/uploads\/2024\/11\/fire-protect-section.png\" \/>\n\t<meta property=\"og:image:width\" content=\"987\" \/>\n\t<meta property=\"og:image:height\" content=\"606\" \/>\n\t<meta property=\"og:image:type\" content=\"image\/png\" \/>\n<meta name=\"twitter:card\" content=\"summary_large_image\" \/>\n<meta name=\"twitter:label1\" content=\"Est. tempo de leitura\" \/>\n\t<meta name=\"twitter:data1\" content=\"3 minutos\" \/>\n<script type=\"application\/ld+json\" class=\"yoast-schema-graph\">{\"@context\":\"https:\\\/\\\/schema.org\",\"@graph\":[{\"@type\":\"WebPage\",\"@id\":\"https:\\\/\\\/www.tstcables.com\\\/pt-br\\\/produto\\\/acessorios-para-cabos-de-alta-temperatura-secao-de-bloqueio-de-fogo-leve-tecido-de-isolamento-a-prova-de-fogo\\\/\",\"url\":\"https:\\\/\\\/www.tstcables.com\\\/pt-br\\\/produto\\\/acessorios-para-cabos-de-alta-temperatura-secao-de-bloqueio-de-fogo-leve-tecido-de-isolamento-a-prova-de-fogo\\\/\",\"name\":\"Acess\u00f3rios para cabos de alta temperatura Se\u00e7\u00e3o de bloqueio de fogo leve Tecido de isolamento \u00e0 prova de fogo\",\"isPartOf\":{\"@id\":\"https:\\\/\\\/www.tstcables.com\\\/pt-br\\\/#website\"},\"primaryImageOfPage\":{\"@id\":\"https:\\\/\\\/www.tstcables.com\\\/pt-br\\\/produto\\\/acessorios-para-cabos-de-alta-temperatura-secao-de-bloqueio-de-fogo-leve-tecido-de-isolamento-a-prova-de-fogo\\\/#primaryimage\"},\"image\":{\"@id\":\"https:\\\/\\\/www.tstcables.com\\\/pt-br\\\/produto\\\/acessorios-para-cabos-de-alta-temperatura-secao-de-bloqueio-de-fogo-leve-tecido-de-isolamento-a-prova-de-fogo\\\/#primaryimage\"},\"thumbnailUrl\":\"https:\\\/\\\/www.tstcables.com\\\/wp-content\\\/uploads\\\/2024\\\/11\\\/fire-protect-section.png\",\"datePublished\":\"2024-11-21T01:54:45+00:00\",\"description\":\"A TST Cables desenvolve produtos personalizados, como abra\u00e7adeiras resistentes ao calor, produtos de isolamento de alta temperatura ou mangas resistentes ao calor feitas de pl\u00e1stico.\",\"breadcrumb\":{\"@id\":\"https:\\\/\\\/www.tstcables.com\\\/pt-br\\\/produto\\\/acessorios-para-cabos-de-alta-temperatura-secao-de-bloqueio-de-fogo-leve-tecido-de-isolamento-a-prova-de-fogo\\\/#breadcrumb\"},\"inLanguage\":\"pt-BR\",\"potentialAction\":[{\"@type\":\"ReadAction\",\"target\":[\"https:\\\/\\\/www.tstcables.com\\\/pt-br\\\/produto\\\/acessorios-para-cabos-de-alta-temperatura-secao-de-bloqueio-de-fogo-leve-tecido-de-isolamento-a-prova-de-fogo\\\/\"]}]},{\"@type\":\"ImageObject\",\"inLanguage\":\"pt-BR\",\"@id\":\"https:\\\/\\\/www.tstcables.com\\\/pt-br\\\/produto\\\/acessorios-para-cabos-de-alta-temperatura-secao-de-bloqueio-de-fogo-leve-tecido-de-isolamento-a-prova-de-fogo\\\/#primaryimage\",\"url\":\"https:\\\/\\\/www.tstcables.com\\\/wp-content\\\/uploads\\\/2024\\\/11\\\/fire-protect-section.png\",\"contentUrl\":\"https:\\\/\\\/www.tstcables.com\\\/wp-content\\\/uploads\\\/2024\\\/11\\\/fire-protect-section.png\",\"width\":987,\"height\":606,\"caption\":\"fire protect section\"},{\"@type\":\"BreadcrumbList\",\"@id\":\"https:\\\/\\\/www.tstcables.com\\\/pt-br\\\/produto\\\/acessorios-para-cabos-de-alta-temperatura-secao-de-bloqueio-de-fogo-leve-tecido-de-isolamento-a-prova-de-fogo\\\/#breadcrumb\",\"itemListElement\":[{\"@type\":\"ListItem\",\"position\":1,\"name\":\"\u9996\u9875\",\"item\":\"https:\\\/\\\/www.tstcables.com\\\/pt-br\\\/\"},{\"@type\":\"ListItem\",\"position\":2,\"name\":\"Product\",\"item\":\"https:\\\/\\\/www.tstcables.com\\\/product\\\/\"},{\"@type\":\"ListItem\",\"position\":3,\"name\":\"Acess\u00f3rios para cabos de alta temperatura Se\u00e7\u00e3o de bloqueio de fogo leve Tecido de isolamento \u00e0 prova de fogo\"}]},{\"@type\":\"WebSite\",\"@id\":\"https:\\\/\\\/www.tstcables.com\\\/pt-br\\\/#website\",\"url\":\"https:\\\/\\\/www.tstcables.com\\\/pt-br\\\/\",\"name\":\"TST Cable supplier & Manufacture\",\"description\":\"TST CABLES  supplier &amp; Manufacture official website\",\"publisher\":{\"@id\":\"https:\\\/\\\/www.tstcables.com\\\/pt-br\\\/#organization\"},\"potentialAction\":[{\"@type\":\"SearchAction\",\"target\":{\"@type\":\"EntryPoint\",\"urlTemplate\":\"https:\\\/\\\/www.tstcables.com\\\/pt-br\\\/?s={search_term_string}\"},\"query-input\":{\"@type\":\"PropertyValueSpecification\",\"valueRequired\":true,\"valueName\":\"search_term_string\"}}],\"inLanguage\":\"pt-BR\"},{\"@type\":\"Organization\",\"@id\":\"https:\\\/\\\/www.tstcables.com\\\/pt-br\\\/#organization\",\"name\":\"TST Cable supplier & Manufacture\",\"url\":\"https:\\\/\\\/www.tstcables.com\\\/pt-br\\\/\",\"logo\":{\"@type\":\"ImageObject\",\"inLanguage\":\"pt-BR\",\"@id\":\"https:\\\/\\\/www.tstcables.com\\\/pt-br\\\/#\\\/schema\\\/logo\\\/image\\\/\",\"url\":\"https:\\\/\\\/www.tstcables.com\\\/wp-content\\\/uploads\\\/2024\\\/04\\\/cropped-\u753b\u677f-1-\u62f7\u8d1d-4-1.png\",\"contentUrl\":\"https:\\\/\\\/www.tstcables.com\\\/wp-content\\\/uploads\\\/2024\\\/04\\\/cropped-\u753b\u677f-1-\u62f7\u8d1d-4-1.png\",\"width\":300,\"height\":100,\"caption\":\"TST Cable supplier & Manufacture\"},\"image\":{\"@id\":\"https:\\\/\\\/www.tstcables.com\\\/pt-br\\\/#\\\/schema\\\/logo\\\/image\\\/\"}}]}<\/script>\n<!-- \/ Yoast SEO plugin. -->","yoast_head_json":{"title":"Acess\u00f3rios para cabos de alta temperatura Se\u00e7\u00e3o de bloqueio de fogo leve Tecido de isolamento \u00e0 prova de fogo","description":"A TST Cables desenvolve produtos personalizados, como abra\u00e7adeiras resistentes ao calor, produtos de isolamento de alta temperatura ou mangas resistentes ao calor feitas de pl\u00e1stico.","robots":{"index":"index","follow":"follow","max-snippet":"max-snippet:-1","max-image-preview":"max-image-preview:large","max-video-preview":"max-video-preview:-1"},"canonical":"https:\/\/www.tstcables.com\/pt-br\/produto\/acessorios-para-cabos-de-alta-temperatura-secao-de-bloqueio-de-fogo-leve-tecido-de-isolamento-a-prova-de-fogo\/","og_locale":"pt_BR","og_type":"article","og_title":"Acess\u00f3rios para cabos de alta temperatura Se\u00e7\u00e3o de bloqueio de fogo leve Tecido de isolamento \u00e0 prova de fogo","og_description":"A TST Cables desenvolve produtos personalizados, como abra\u00e7adeiras resistentes ao calor, produtos de isolamento de alta temperatura ou mangas resistentes ao calor feitas de pl\u00e1stico.","og_url":"https:\/\/www.tstcables.com\/pt-br\/produto\/acessorios-para-cabos-de-alta-temperatura-secao-de-bloqueio-de-fogo-leve-tecido-de-isolamento-a-prova-de-fogo\/","og_site_name":"TST CABLES supplier &amp; Manufacture","og_image":[{"width":987,"height":606,"url":"https:\/\/www.tstcables.com\/wp-content\/uploads\/2024\/11\/fire-protect-section.png","type":"image\/png"}],"twitter_card":"summary_large_image","twitter_misc":{"Est. tempo de leitura":"3 minutos"},"schema":{"@context":"https:\/\/schema.org","@graph":[{"@type":"WebPage","@id":"https:\/\/www.tstcables.com\/pt-br\/produto\/acessorios-para-cabos-de-alta-temperatura-secao-de-bloqueio-de-fogo-leve-tecido-de-isolamento-a-prova-de-fogo\/","url":"https:\/\/www.tstcables.com\/pt-br\/produto\/acessorios-para-cabos-de-alta-temperatura-secao-de-bloqueio-de-fogo-leve-tecido-de-isolamento-a-prova-de-fogo\/","name":"Acess\u00f3rios para cabos de alta temperatura Se\u00e7\u00e3o de bloqueio de fogo leve Tecido de isolamento \u00e0 prova de fogo","isPartOf":{"@id":"https:\/\/www.tstcables.com\/pt-br\/#website"},"primaryImageOfPage":{"@id":"https:\/\/www.tstcables.com\/pt-br\/produto\/acessorios-para-cabos-de-alta-temperatura-secao-de-bloqueio-de-fogo-leve-tecido-de-isolamento-a-prova-de-fogo\/#primaryimage"},"image":{"@id":"https:\/\/www.tstcables.com\/pt-br\/produto\/acessorios-para-cabos-de-alta-temperatura-secao-de-bloqueio-de-fogo-leve-tecido-de-isolamento-a-prova-de-fogo\/#primaryimage"},"thumbnailUrl":"https:\/\/www.tstcables.com\/wp-content\/uploads\/2024\/11\/fire-protect-section.png","datePublished":"2024-11-21T01:54:45+00:00","description":"A TST Cables desenvolve produtos personalizados, como abra\u00e7adeiras resistentes ao calor, produtos de isolamento de alta temperatura ou mangas resistentes ao calor feitas de pl\u00e1stico.","breadcrumb":{"@id":"https:\/\/www.tstcables.com\/pt-br\/produto\/acessorios-para-cabos-de-alta-temperatura-secao-de-bloqueio-de-fogo-leve-tecido-de-isolamento-a-prova-de-fogo\/#breadcrumb"},"inLanguage":"pt-BR","potentialAction":[{"@type":"ReadAction","target":["https:\/\/www.tstcables.com\/pt-br\/produto\/acessorios-para-cabos-de-alta-temperatura-secao-de-bloqueio-de-fogo-leve-tecido-de-isolamento-a-prova-de-fogo\/"]}]},{"@type":"ImageObject","inLanguage":"pt-BR","@id":"https:\/\/www.tstcables.com\/pt-br\/produto\/acessorios-para-cabos-de-alta-temperatura-secao-de-bloqueio-de-fogo-leve-tecido-de-isolamento-a-prova-de-fogo\/#primaryimage","url":"https:\/\/www.tstcables.com\/wp-content\/uploads\/2024\/11\/fire-protect-section.png","contentUrl":"https:\/\/www.tstcables.com\/wp-content\/uploads\/2024\/11\/fire-protect-section.png","width":987,"height":606,"caption":"fire protect section"},{"@type":"BreadcrumbList","@id":"https:\/\/www.tstcables.com\/pt-br\/produto\/acessorios-para-cabos-de-alta-temperatura-secao-de-bloqueio-de-fogo-leve-tecido-de-isolamento-a-prova-de-fogo\/#breadcrumb","itemListElement":[{"@type":"ListItem","position":1,"name":"\u9996\u9875","item":"https:\/\/www.tstcables.com\/pt-br\/"},{"@type":"ListItem","position":2,"name":"Product","item":"https:\/\/www.tstcables.com\/product\/"},{"@type":"ListItem","position":3,"name":"Acess\u00f3rios para cabos de alta temperatura Se\u00e7\u00e3o de bloqueio de fogo leve Tecido de isolamento \u00e0 prova de fogo"}]},{"@type":"WebSite","@id":"https:\/\/www.tstcables.com\/pt-br\/#website","url":"https:\/\/www.tstcables.com\/pt-br\/","name":"TST Cable supplier & Manufacture","description":"TST CABLES  supplier &amp; Manufacture official website","publisher":{"@id":"https:\/\/www.tstcables.com\/pt-br\/#organization"},"potentialAction":[{"@type":"SearchAction","target":{"@type":"EntryPoint","urlTemplate":"https:\/\/www.tstcables.com\/pt-br\/?s={search_term_string}"},"query-input":{"@type":"PropertyValueSpecification","valueRequired":true,"valueName":"search_term_string"}}],"inLanguage":"pt-BR"},{"@type":"Organization","@id":"https:\/\/www.tstcables.com\/pt-br\/#organization","name":"TST Cable supplier & Manufacture","url":"https:\/\/www.tstcables.com\/pt-br\/","logo":{"@type":"ImageObject","inLanguage":"pt-BR","@id":"https:\/\/www.tstcables.com\/pt-br\/#\/schema\/logo\/image\/","url":"https:\/\/www.tstcables.com\/wp-content\/uploads\/2024\/04\/cropped-\u753b\u677f-1-\u62f7\u8d1d-4-1.png","contentUrl":"https:\/\/www.tstcables.com\/wp-content\/uploads\/2024\/04\/cropped-\u753b\u677f-1-\u62f7\u8d1d-4-1.png","width":300,"height":100,"caption":"TST Cable supplier & Manufacture"},"image":{"@id":"https:\/\/www.tstcables.com\/pt-br\/#\/schema\/logo\/image\/"}}]}},"_links":{"self":[{"href":"https:\/\/www.tstcables.com\/pt-br\/wp-json\/wp\/v2\/product\/31518","targetHints":{"allow":["GET"]}}],"collection":[{"href":"https:\/\/www.tstcables.com\/pt-br\/wp-json\/wp\/v2\/product"}],"about":[{"href":"https:\/\/www.tstcables.com\/pt-br\/wp-json\/wp\/v2\/types\/product"}],"version-history":[{"count":0,"href":"https:\/\/www.tstcables.com\/pt-br\/wp-json\/wp\/v2\/product\/31518\/revisions"}],"wp:featuredmedia":[{"embeddable":true,"href":"https:\/\/www.tstcables.com\/pt-br\/wp-json\/wp\/v2\/media\/28746"}],"wp:attachment":[{"href":"https:\/\/www.tstcables.com\/pt-br\/wp-json\/wp\/v2\/media?parent=31518"}],"wp:term":[{"taxonomy":"product_brand","embeddable":true,"href":"https:\/\/www.tstcables.com\/pt-br\/wp-json\/wp\/v2\/product_brand?post=31518"},{"taxonomy":"product_cat","embeddable":true,"href":"https:\/\/www.tstcables.com\/pt-br\/wp-json\/wp\/v2\/product_cat?post=31518"},{"taxonomy":"product_tag","embeddable":true,"href":"https:\/\/www.tstcables.com\/pt-br\/wp-json\/wp\/v2\/product_tag?post=31518"}],"curies":[{"name":"wp","href":"https:\/\/api.w.org\/{rel}","templated":true}]}}