{"id":20950,"date":"2017-12-17T10:02:09","date_gmt":"2017-12-17T02:02:09","guid":{"rendered":"https:\/\/www.tstcables.com\/san-pham\/"},"modified":"2017-12-17T10:02:09","modified_gmt":"2017-12-17T02:02:09","slug":"san-pham","status":"publish","type":"page","link":"https:\/\/www.tstcables.com\/vi\/san-pham\/","title":{"rendered":"S\u1ea3n ph\u1ea9m"},"content":{"rendered":"","protected":false},"excerpt":{"rendered":"","protected":false},"author":1,"featured_media":0,"parent":0,"menu_order":0,"comment_status":"closed","ping_status":"closed","template":"","meta":{"_eb_attr":"","site-sidebar-layout":"default","site-content-layout":"default","ast-site-content-layout":"default","site-content-style":"default","site-sidebar-style":"default","ast-global-header-display":"","ast-banner-title-visibility":"","ast-main-header-display":"","ast-hfb-above-header-display":"","ast-hfb-below-header-display":"","ast-hfb-mobile-header-display":"","site-post-title":"disabled","ast-breadcrumbs-content":"","ast-featured-img":"disabled","footer-sml-layout":"","theme-transparent-header-meta":"default","adv-header-id-meta":"","stick-header-meta":"","header-above-stick-meta":"","header-main-stick-meta":"","header-below-stick-meta":"","astra-migrate-meta-layouts":"default","ast-page-background-enabled":"default","ast-page-background-meta":{"desktop":{"background-color":"","background-image":"","background-repeat":"repeat","background-position":"center center","background-size":"auto","background-attachment":"scroll","background-type":"","background-media":"","overlay-type":"","overlay-color":"","overlay-opacity":"","overlay-gradient":""},"tablet":{"background-color":"","background-image":"","background-repeat":"repeat","background-position":"center center","background-size":"auto","background-attachment":"scroll","background-type":"","background-media":"","overlay-type":"","overlay-color":"","overlay-opacity":"","overlay-gradient":""},"mobile":{"background-color":"","background-image":"","background-repeat":"repeat","background-position":"center center","background-size":"auto","background-attachment":"scroll","background-type":"","background-media":"","overlay-type":"","overlay-color":"","overlay-opacity":"","overlay-gradient":""}},"ast-content-background-meta":{"desktop":{"background-color":"var(--ast-global-color-5)","background-image":"","background-repeat":"repeat","background-position":"center center","background-size":"auto","background-attachment":"scroll","background-type":"","background-media":"","overlay-type":"","overlay-color":"","overlay-opacity":"","overlay-gradient":""},"tablet":{"background-color":"var(--ast-global-color-5)","background-image":"","background-repeat":"repeat","background-position":"center center","background-size":"auto","background-attachment":"scroll","background-type":"","background-media":"","overlay-type":"","overlay-color":"","overlay-opacity":"","overlay-gradient":""},"mobile":{"background-color":"var(--ast-global-color-5)","background-image":"","background-repeat":"repeat","background-position":"center center","background-size":"auto","background-attachment":"scroll","background-type":"","background-media":"","overlay-type":"","overlay-color":"","overlay-opacity":"","overlay-gradient":""}},"footnotes":""},"class_list":["post-20950","page","type-page","status-publish","hentry"],"yoast_head":"<!-- This site is optimized with the Yoast SEO plugin v27.5 - https:\/\/yoast.com\/product\/yoast-seo-wordpress\/ -->\n<title>S\u1ea3n ph\u1ea9m - TST CABLES supplier &amp; Manufacture<\/title>\n<meta name=\"description\" content=\"s\u1ea3n ph\u1ea9m cho \u0111\u01b0\u1eddng s\u1eaft, d\u1ea7u kh\u00ed, h\u00e0ng kh\u00f4ng, n\u0103ng l\u01b0\u1ee3ng gi\u00f3 v\u00e0 h\u1ea1t nh\u00e2n. ch\u00fang t\u00f4i cung c\u1ea5p c\u00e1p t\u00f9y ch\u1ec9nh, thi\u1ebft k\u1ebf v\u00e0 s\u1ea3n xu\u1ea5t. khai th\u00e1c cho \u00f4 t\u00f4 v\u00e0 ng\u00e0nh c\u00f4ng nghi\u1ec7p.\" \/>\n<meta name=\"robots\" content=\"index, follow, max-snippet:-1, max-image-preview:large, max-video-preview:-1\" \/>\n<link rel=\"canonical\" href=\"https:\/\/www.tstcables.com\/vi\/san-pham\/\" \/>\n<meta property=\"og:locale\" content=\"vi_VN\" \/>\n<meta property=\"og:type\" content=\"article\" \/>\n<meta property=\"og:title\" content=\"S\u1ea3n ph\u1ea9m - TST CABLES supplier &amp; Manufacture\" \/>\n<meta property=\"og:description\" content=\"s\u1ea3n ph\u1ea9m cho \u0111\u01b0\u1eddng s\u1eaft, d\u1ea7u kh\u00ed, h\u00e0ng kh\u00f4ng, n\u0103ng l\u01b0\u1ee3ng gi\u00f3 v\u00e0 h\u1ea1t nh\u00e2n. ch\u00fang t\u00f4i cung c\u1ea5p c\u00e1p t\u00f9y ch\u1ec9nh, thi\u1ebft k\u1ebf v\u00e0 s\u1ea3n xu\u1ea5t. khai th\u00e1c cho \u00f4 t\u00f4 v\u00e0 ng\u00e0nh c\u00f4ng nghi\u1ec7p.\" \/>\n<meta property=\"og:url\" content=\"https:\/\/www.tstcables.com\/vi\/san-pham\/\" \/>\n<meta property=\"og:site_name\" content=\"TST CABLES supplier &amp; Manufacture\" \/>\n<meta name=\"twitter:card\" content=\"summary_large_image\" \/>\n<script type=\"application\/ld+json\" class=\"yoast-schema-graph\">{\"@context\":\"https:\\\/\\\/schema.org\",\"@graph\":[{\"@type\":\"WebPage\",\"@id\":\"https:\\\/\\\/www.tstcables.com\\\/vi\\\/san-pham\\\/\",\"url\":\"https:\\\/\\\/www.tstcables.com\\\/vi\\\/san-pham\\\/\",\"name\":\"S\u1ea3n ph\u1ea9m - TST CABLES supplier &amp; Manufacture\",\"isPartOf\":{\"@id\":\"https:\\\/\\\/www.tstcables.com\\\/vi\\\/#website\"},\"datePublished\":\"2017-12-17T02:02:09+00:00\",\"description\":\"s\u1ea3n ph\u1ea9m cho \u0111\u01b0\u1eddng s\u1eaft, d\u1ea7u kh\u00ed, h\u00e0ng kh\u00f4ng, n\u0103ng l\u01b0\u1ee3ng gi\u00f3 v\u00e0 h\u1ea1t nh\u00e2n. ch\u00fang t\u00f4i cung c\u1ea5p c\u00e1p t\u00f9y ch\u1ec9nh, thi\u1ebft k\u1ebf v\u00e0 s\u1ea3n xu\u1ea5t. khai th\u00e1c cho \u00f4 t\u00f4 v\u00e0 ng\u00e0nh c\u00f4ng nghi\u1ec7p.\",\"breadcrumb\":{\"@id\":\"https:\\\/\\\/www.tstcables.com\\\/vi\\\/san-pham\\\/#breadcrumb\"},\"inLanguage\":\"vi-VN\",\"potentialAction\":[{\"@type\":\"ReadAction\",\"target\":[\"https:\\\/\\\/www.tstcables.com\\\/vi\\\/san-pham\\\/\"]}]},{\"@type\":\"BreadcrumbList\",\"@id\":\"https:\\\/\\\/www.tstcables.com\\\/vi\\\/san-pham\\\/#breadcrumb\",\"itemListElement\":[{\"@type\":\"ListItem\",\"position\":1,\"name\":\"\u9996\u9875\",\"item\":\"https:\\\/\\\/www.tstcables.com\\\/vi\\\/\"},{\"@type\":\"ListItem\",\"position\":2,\"name\":\"S\u1ea3n ph\u1ea9m\"}]},{\"@type\":\"WebSite\",\"@id\":\"https:\\\/\\\/www.tstcables.com\\\/vi\\\/#website\",\"url\":\"https:\\\/\\\/www.tstcables.com\\\/vi\\\/\",\"name\":\"TST Cable supplier & Manufacture\",\"description\":\"TST CABLES  supplier &amp; Manufacture official website\",\"publisher\":{\"@id\":\"https:\\\/\\\/www.tstcables.com\\\/vi\\\/#organization\"},\"potentialAction\":[{\"@type\":\"SearchAction\",\"target\":{\"@type\":\"EntryPoint\",\"urlTemplate\":\"https:\\\/\\\/www.tstcables.com\\\/vi\\\/?s={search_term_string}\"},\"query-input\":{\"@type\":\"PropertyValueSpecification\",\"valueRequired\":true,\"valueName\":\"search_term_string\"}}],\"inLanguage\":\"vi-VN\"},{\"@type\":\"Organization\",\"@id\":\"https:\\\/\\\/www.tstcables.com\\\/vi\\\/#organization\",\"name\":\"TST Cable supplier & Manufacture\",\"url\":\"https:\\\/\\\/www.tstcables.com\\\/vi\\\/\",\"logo\":{\"@type\":\"ImageObject\",\"inLanguage\":\"vi-VN\",\"@id\":\"https:\\\/\\\/www.tstcables.com\\\/vi\\\/#\\\/schema\\\/logo\\\/image\\\/\",\"url\":\"https:\\\/\\\/www.tstcables.com\\\/wp-content\\\/uploads\\\/2024\\\/04\\\/cropped-\u753b\u677f-1-\u62f7\u8d1d-4-1.png\",\"contentUrl\":\"https:\\\/\\\/www.tstcables.com\\\/wp-content\\\/uploads\\\/2024\\\/04\\\/cropped-\u753b\u677f-1-\u62f7\u8d1d-4-1.png\",\"width\":300,\"height\":100,\"caption\":\"TST Cable supplier & Manufacture\"},\"image\":{\"@id\":\"https:\\\/\\\/www.tstcables.com\\\/vi\\\/#\\\/schema\\\/logo\\\/image\\\/\"}}]}<\/script>\n<!-- \/ Yoast SEO plugin. -->","yoast_head_json":{"title":"S\u1ea3n ph\u1ea9m - TST CABLES supplier &amp; Manufacture","description":"s\u1ea3n ph\u1ea9m cho \u0111\u01b0\u1eddng s\u1eaft, d\u1ea7u kh\u00ed, h\u00e0ng kh\u00f4ng, n\u0103ng l\u01b0\u1ee3ng gi\u00f3 v\u00e0 h\u1ea1t nh\u00e2n. ch\u00fang t\u00f4i cung c\u1ea5p c\u00e1p t\u00f9y ch\u1ec9nh, thi\u1ebft k\u1ebf v\u00e0 s\u1ea3n xu\u1ea5t. khai th\u00e1c cho \u00f4 t\u00f4 v\u00e0 ng\u00e0nh c\u00f4ng nghi\u1ec7p.","robots":{"index":"index","follow":"follow","max-snippet":"max-snippet:-1","max-image-preview":"max-image-preview:large","max-video-preview":"max-video-preview:-1"},"canonical":"https:\/\/www.tstcables.com\/vi\/san-pham\/","og_locale":"vi_VN","og_type":"article","og_title":"S\u1ea3n ph\u1ea9m - TST CABLES supplier &amp; Manufacture","og_description":"s\u1ea3n ph\u1ea9m cho \u0111\u01b0\u1eddng s\u1eaft, d\u1ea7u kh\u00ed, h\u00e0ng kh\u00f4ng, n\u0103ng l\u01b0\u1ee3ng gi\u00f3 v\u00e0 h\u1ea1t nh\u00e2n. ch\u00fang t\u00f4i cung c\u1ea5p c\u00e1p t\u00f9y ch\u1ec9nh, thi\u1ebft k\u1ebf v\u00e0 s\u1ea3n xu\u1ea5t. khai th\u00e1c cho \u00f4 t\u00f4 v\u00e0 ng\u00e0nh c\u00f4ng nghi\u1ec7p.","og_url":"https:\/\/www.tstcables.com\/vi\/san-pham\/","og_site_name":"TST CABLES supplier &amp; Manufacture","twitter_card":"summary_large_image","schema":{"@context":"https:\/\/schema.org","@graph":[{"@type":"WebPage","@id":"https:\/\/www.tstcables.com\/vi\/san-pham\/","url":"https:\/\/www.tstcables.com\/vi\/san-pham\/","name":"S\u1ea3n ph\u1ea9m - TST CABLES supplier &amp; Manufacture","isPartOf":{"@id":"https:\/\/www.tstcables.com\/vi\/#website"},"datePublished":"2017-12-17T02:02:09+00:00","description":"s\u1ea3n ph\u1ea9m cho \u0111\u01b0\u1eddng s\u1eaft, d\u1ea7u kh\u00ed, h\u00e0ng kh\u00f4ng, n\u0103ng l\u01b0\u1ee3ng gi\u00f3 v\u00e0 h\u1ea1t nh\u00e2n. ch\u00fang t\u00f4i cung c\u1ea5p c\u00e1p t\u00f9y ch\u1ec9nh, thi\u1ebft k\u1ebf v\u00e0 s\u1ea3n xu\u1ea5t. khai th\u00e1c cho \u00f4 t\u00f4 v\u00e0 ng\u00e0nh c\u00f4ng nghi\u1ec7p.","breadcrumb":{"@id":"https:\/\/www.tstcables.com\/vi\/san-pham\/#breadcrumb"},"inLanguage":"vi-VN","potentialAction":[{"@type":"ReadAction","target":["https:\/\/www.tstcables.com\/vi\/san-pham\/"]}]},{"@type":"BreadcrumbList","@id":"https:\/\/www.tstcables.com\/vi\/san-pham\/#breadcrumb","itemListElement":[{"@type":"ListItem","position":1,"name":"\u9996\u9875","item":"https:\/\/www.tstcables.com\/vi\/"},{"@type":"ListItem","position":2,"name":"S\u1ea3n ph\u1ea9m"}]},{"@type":"WebSite","@id":"https:\/\/www.tstcables.com\/vi\/#website","url":"https:\/\/www.tstcables.com\/vi\/","name":"TST Cable supplier & Manufacture","description":"TST CABLES  supplier &amp; Manufacture official website","publisher":{"@id":"https:\/\/www.tstcables.com\/vi\/#organization"},"potentialAction":[{"@type":"SearchAction","target":{"@type":"EntryPoint","urlTemplate":"https:\/\/www.tstcables.com\/vi\/?s={search_term_string}"},"query-input":{"@type":"PropertyValueSpecification","valueRequired":true,"valueName":"search_term_string"}}],"inLanguage":"vi-VN"},{"@type":"Organization","@id":"https:\/\/www.tstcables.com\/vi\/#organization","name":"TST Cable supplier & Manufacture","url":"https:\/\/www.tstcables.com\/vi\/","logo":{"@type":"ImageObject","inLanguage":"vi-VN","@id":"https:\/\/www.tstcables.com\/vi\/#\/schema\/logo\/image\/","url":"https:\/\/www.tstcables.com\/wp-content\/uploads\/2024\/04\/cropped-\u753b\u677f-1-\u62f7\u8d1d-4-1.png","contentUrl":"https:\/\/www.tstcables.com\/wp-content\/uploads\/2024\/04\/cropped-\u753b\u677f-1-\u62f7\u8d1d-4-1.png","width":300,"height":100,"caption":"TST Cable supplier & Manufacture"},"image":{"@id":"https:\/\/www.tstcables.com\/vi\/#\/schema\/logo\/image\/"}}]}},"_links":{"self":[{"href":"https:\/\/www.tstcables.com\/vi\/wp-json\/wp\/v2\/pages\/20950","targetHints":{"allow":["GET"]}}],"collection":[{"href":"https:\/\/www.tstcables.com\/vi\/wp-json\/wp\/v2\/pages"}],"about":[{"href":"https:\/\/www.tstcables.com\/vi\/wp-json\/wp\/v2\/types\/page"}],"author":[{"embeddable":true,"href":"https:\/\/www.tstcables.com\/vi\/wp-json\/wp\/v2\/users\/1"}],"replies":[{"embeddable":true,"href":"https:\/\/www.tstcables.com\/vi\/wp-json\/wp\/v2\/comments?post=20950"}],"version-history":[{"count":0,"href":"https:\/\/www.tstcables.com\/vi\/wp-json\/wp\/v2\/pages\/20950\/revisions"}],"wp:attachment":[{"href":"https:\/\/www.tstcables.com\/vi\/wp-json\/wp\/v2\/media?parent=20950"}],"curies":[{"name":"wp","href":"https:\/\/api.w.org\/{rel}","templated":true}]}}