{"id":21010,"date":"2024-04-13T10:54:42","date_gmt":"2024-04-13T02:54:42","guid":{"rendered":"https:\/\/www.tstcables.com\/product\/cap-he-thong-chieu-sang-tren-khong\/"},"modified":"2024-04-13T10:54:42","modified_gmt":"2024-04-13T02:54:42","slug":"cap-he-thong-chieu-sang-tren-khong","status":"publish","type":"product","link":"https:\/\/www.tstcables.com\/vi\/product\/cap-he-thong-chieu-sang-tren-khong\/","title":{"rendered":"C\u00e1p h\u1ec7 th\u1ed1ng chi\u1ebfu s\u00e1ng tr\u00ean kh\u00f4ng"},"content":{"rendered":"<p><strong>Ti\u00eau chu\u1ea9n c\u00f4ng nghi\u1ec7p<\/strong><\/p>\n<p>Ph\u1ea1m vi th\u00f4ng s\u1ed1 k\u1ef9 thu\u1eadt: 30AWG&#8211;18AWG<br \/>\nC\u1ea5p ch\u1ecbu nhi\u1ec7t \u0111\u1ed9: C\u1ea5p F (155oC)<\/p>\n<p><strong>C\u00e1c \u1ee9ng d\u1ee5ng<\/strong><br \/>\nH\u1ec7 th\u1ed1ng chi\u1ebfu s\u00e1ng tr\u00ean kh\u00f4ng<\/p>\n<p><strong>T\u00ednh n\u0103ng s\u1ea3n ph\u1ea9m:<\/strong><br \/>\n1. T\u1ed5n th\u1ea5t th\u1ea5p.<br \/>\nThi\u1ebft k\u1ebf c\u1ea5u tr\u00fac d\u00e2y d\u1eabn \u0111\u1eb7c bi\u1ec7t, s\u1eed d\u1ee5ng d\u00e2y b\u1ec7n \u0111\u01b0\u1ee3c b\u1ecdc \u0111\u1eb7c bi\u1ec7t, l\u00e0m gi\u1ea3m d\u00f2ng \u0111i\u1ec7n xo\u00e1y b\u00ean trong d\u00e2y d\u1eabn<br \/>\nm\u1ea5t m\u00e1t, \u0111\u1ea1t \u0111\u01b0\u1ee3c \u0111\u01b0\u1eddng k\u00ednh ngo\u00e0i c\u1ee7a d\u00e2y d\u1eabn nh\u1ecf h\u01a1n v\u00e0 kh\u1ea3 n\u0103ng h\u00e0n tuy\u1ec7t v\u1eddi; hi\u1ec7u su\u1ea5t t\u1ed5n th\u1ea5t th\u1ea5p c\u1ee7a n\u00f3 t\u01b0\u01a1ng \u0111\u01b0\u01a1ng v\u1edbi<br \/>\nD\u00f2ng Litz gi\u1ea3m t\u1ed5n th\u1ea5t kh\u00f4ng \u0111\u00e1ng c\u00f3;<br \/>\n2. Ba l\u1edbp b\u1ea3o v\u1ec7 c\u00e1ch nhi\u1ec7t, kh\u00f4ng c\u00f3 l\u1ed7 kim;<br \/>\nNhi\u1ec1u l\u1edbp ph\u1ee7 c\u00e1ch \u0111i\u1ec7n b\u1eb1ng c\u00e1c v\u1eadt li\u1ec7u kh\u00e1c nhau gi\u00fap lo\u1ea1i b\u1ecf kh\u1ea3 n\u0103ng h\u00ecnh th\u00e0nh l\u1ed7 kim.<br \/>\n3. V\u1edbi \u0111i\u1ec7n \u00e1p c\u00e1ch \u0111i\u1ec7n cao, c\u00f3 th\u1ec3 b\u1ecf qua b\u0103ng c\u00e1ch \u0111i\u1ec7n v\u00e0 c\u00e1c l\u1edbp c\u00e1ch \u0111i\u1ec7n v\u00e0 gi\u1ea3m \u00e2m l\u01b0\u1ee3ng;<br \/>\n4. Cu\u1ed9n d\u00e2y d\u1ec5 cu\u1ed9n v\u00ec b\u1ec1 m\u1eb7t c\u00f3 h\u1ec7 s\u1ed1 ma s\u00e1t r\u1ea5t th\u1ea5p, t\u1ea1o c\u01a1 h\u1ed9i cho cu\u1ed9n d\u00e2y t\u1ed1c \u0111\u1ed9 cao t\u1ef1 \u0111\u1ed9ng.<br \/>\ncung c\u1ea5p kh\u1ea3 n\u0103ng;<br \/>\n5. M\u1ee9c nhi\u1ec7t \u0111\u1ed9 cao h\u01a1n v\u00e0 hi\u1ec7u su\u1ea5t tuy\u1ec7t v\u1eddi.<br \/>\nC\u00e1c m\u1ee9c nhi\u1ec7t \u0111\u1ed9 bao g\u1ed3m x\u1ebfp h\u1ea1ng 155\u00b0C, 180\u00b0C v\u00e0 200\u00b0C.<\/p>\n<p><strong>C\u00e1c th\u00f4ng s\u1ed1 k\u1ef9 thu\u1eadt<\/strong><\/p>\n<table class=\"tg\">\n<thead>\n<tr>\n<th class=\"tg-949j\" colspan=\"3\">Lo\u1ea1i c\u00e1ch nhi\u1ec7t<\/th>\n<th class=\"tg-7fn2\" colspan=\"6\">C\u00e1ch nhi\u1ec7t t\u0103ng c\u01b0\u1eddng<\/th>\n<\/tr>\n<\/thead>\n<tbody>\n<tr>\n<td class=\"tg-949j\" colspan=\"3\">C\u1ea5p ch\u1ecbu nhi\u1ec7t<\/td>\n<td class=\"tg-7fn2\" colspan=\"6\">L\u1edbp F (155oC) )<\/td>\n<\/tr>\n<tr>\n<td class=\"tg-949j\" colspan=\"3\">S\u1ed1 m\u00f4 h\u00ecnh<\/td>\n<td class=\"tg-7fn2\" colspan=\"3\">TEWL<\/td>\n<td class=\"tg-7fn2\" colspan=\"3\">TEWL-SB .<\/td>\n<\/tr>\n<tr>\n<td class=\"tg-7fn2\" colspan=\"3\">K\u00edch th\u01b0\u1edbc d\u00e2y d\u1eabn<\/td>\n<td class=\"tg-7fn2\" rowspan=\"2\">\u0110\u01b0\u1eddng k\u00ednh ngo\u00e0i ti\u00eau chu\u1ea9n<\/td>\n<td class=\"tg-7fn2\" rowspan=\"2\">\u0110\u01b0\u1eddng k\u00ednh ngo\u00e0i t\u1ed1i \u0111a<\/td>\n<td class=\"tg-7fn2\" rowspan=\"2\">(E\/m) Tr\u1ecdng l\u01b0\u1ee3ng ti\u00eau chu\u1ea9n<\/td>\n<td class=\"tg-7fn2\" rowspan=\"2\">\u0110\u01b0\u1eddng k\u00ednh ngo\u00e0i ti\u00eau chu\u1ea9n<\/td>\n<td class=\"tg-7fn2\" rowspan=\"2\">\u0110\u01b0\u1eddng k\u00ednh ngo\u00e0i t\u1ed1i \u0111a<\/td>\n<td class=\"tg-7fn2\" rowspan=\"2\">(E\/m) Tr\u1ecdng l\u01b0\u1ee3ng ti\u00eau chu\u1ea9n<\/td>\n<\/tr>\n<tr>\n<td class=\"tg-7fn2\">AWG<\/td>\n<td class=\"tg-7fn2\">D\u00e2y ph\u1ea7n t\u1eed (mm)<\/td>\n<td class=\"tg-7fn2\">S\u1ed1 s\u1ee3i<\/td>\n<\/tr>\n<tr>\n<td class=\"tg-d93i\">30<\/td>\n<td class=\"tg-d93i\">0.1<\/td>\n<td class=\"tg-d93i\">7<\/td>\n<td class=\"tg-d93i\">57<\/td>\n<td class=\"tg-d93i\">0.72<\/td>\n<td class=\"tg-d93i\">0.75<\/td>\n<td class=\"tg-d93i\">0.65<\/td>\n<td class=\"tg-d93i\">0.8<\/td>\n<td class=\"tg-d93i\">0.95<\/td>\n<\/tr>\n<tr>\n<td class=\"tg-d93i\">29<\/td>\n<td class=\"tg-d93i\">0.1<\/td>\n<td class=\"tg-d93i\">9<\/td>\n<td class=\"tg-d93i\">61<\/td>\n<td class=\"tg-d93i\">0.76<\/td>\n<td class=\"tg-d93i\">0.9<\/td>\n<td class=\"tg-d93i\">0.69<\/td>\n<td class=\"tg-d93i\">0.84<\/td>\n<td class=\"tg-d93i\">1.1<\/td>\n<\/tr>\n<tr>\n<td class=\"tg-d93i\">28<\/td>\n<td class=\"tg-d93i\">0.1<\/td>\n<td class=\"tg-d93i\">11<\/td>\n<td class=\"tg-d93i\">0.65<\/td>\n<td class=\"tg-d93i\">0.8<\/td>\n<td class=\"tg-d93i\">1.06<\/td>\n<td class=\"tg-d93i\">0.73<\/td>\n<td class=\"tg-d93i\">0.88<\/td>\n<td class=\"tg-d93i\">1.26<\/td>\n<\/tr>\n<tr>\n<td class=\"tg-d93i\">27<\/td>\n<td class=\"tg-d93i\">0.1<\/td>\n<td class=\"tg-d93i\">13<\/td>\n<td class=\"tg-d93i\">0.7<\/td>\n<td class=\"tg-d93i\">0.85<\/td>\n<td class=\"tg-d93i\">1.24<\/td>\n<td class=\"tg-d93i\">0.78<\/td>\n<td class=\"tg-d93i\">0.93<\/td>\n<td class=\"tg-d93i\">1.44<\/td>\n<\/tr>\n<tr>\n<td class=\"tg-d93i\">26<\/td>\n<td class=\"tg-d93i\">0.1<\/td>\n<td class=\"tg-d93i\">17<\/td>\n<td class=\"tg-d93i\">0.75<\/td>\n<td class=\"tg-d93i\">0.9<\/td>\n<td class=\"tg-d93i\">1.56<\/td>\n<td class=\"tg-d93i\">0.83<\/td>\n<td class=\"tg-d93i\">0.98<\/td>\n<td class=\"tg-d93i\">1.76<\/td>\n<\/tr>\n<tr>\n<td class=\"tg-d93i\">25<\/td>\n<td class=\"tg-d93i\">0.1<\/td>\n<td class=\"tg-d93i\">21<\/td>\n<td class=\"tg-d93i\">0.82<\/td>\n<td class=\"tg-d93i\">0.97<\/td>\n<td class=\"tg-d93i\">1.89<\/td>\n<td class=\"tg-d93i\">0.9<\/td>\n<td class=\"tg-d93i\">1.05<\/td>\n<td class=\"tg-d93i\">2.09<\/td>\n<\/tr>\n<tr>\n<td class=\"tg-d93i\">24<\/td>\n<td class=\"tg-d93i\">0.1<\/td>\n<td class=\"tg-d93i\">27<\/td>\n<td class=\"tg-d93i\">0.89<\/td>\n<td class=\"tg-d93i\">1.04<\/td>\n<td class=\"tg-d93i\">2.35<\/td>\n<td class=\"tg-d93i\">0.97<\/td>\n<td class=\"tg-d93i\">1.12<\/td>\n<td class=\"tg-d93i\">2.55<\/td>\n<\/tr>\n<tr>\n<td class=\"tg-d93i\">23<\/td>\n<td class=\"tg-d93i\">0.1<\/td>\n<td class=\"tg-d93i\">33<\/td>\n<td class=\"tg-d93i\">1.01<\/td>\n<td class=\"tg-d93i\">1.16<\/td>\n<td class=\"tg-d93i\">2.92<\/td>\n<td class=\"tg-d93i\">1.09<\/td>\n<td class=\"tg-d93i\">1.24<\/td>\n<td class=\"tg-d93i\">3.12<\/td>\n<\/tr>\n<tr>\n<td class=\"tg-d93i\">22<\/td>\n<td class=\"tg-d93i\">0.1<\/td>\n<td class=\"tg-d93i\">40<\/td>\n<td class=\"tg-d93i\">1.07<\/td>\n<td class=\"tg-d93i\">1.22<\/td>\n<td class=\"tg-d93i\">3.45<\/td>\n<td class=\"tg-d93i\">1.15<\/td>\n<td class=\"tg-d93i\">1.3<\/td>\n<td class=\"tg-d93i\">3.65<\/td>\n<\/tr>\n<tr>\n<td class=\"tg-d93i\">22<\/td>\n<td class=\"tg-d93i\">0.1<\/td>\n<td class=\"tg-d93i\">4.2<\/td>\n<td class=\"tg-d93i\">1.11<\/td>\n<td class=\"tg-d93i\">1.26<\/td>\n<td class=\"tg-d93i\">3.64<\/td>\n<td class=\"tg-d93i\">1.19<\/td>\n<td class=\"tg-d93i\">1.34<\/td>\n<td class=\"tg-d93i\">3.84<\/td>\n<\/tr>\n<tr>\n<td class=\"tg-d93i\">21<\/td>\n<td class=\"tg-d93i\">0.1<\/td>\n<td class=\"tg-d93i\">55<\/td>\n<td class=\"tg-d93i\">1.28<\/td>\n<td class=\"tg-d93i\">1.43<\/td>\n<td class=\"tg-d93i\">4.75<\/td>\n<td class=\"tg-d93i\">1.00%<\/td>\n<td class=\"tg-d93i\">1.51<\/td>\n<td class=\"tg-d93i\">4.95<\/td>\n<\/tr>\n<tr>\n<td class=\"tg-d93i\">20<\/td>\n<td class=\"tg-d93i\">0.1<\/td>\n<td class=\"tg-d93i\">70<\/td>\n<td class=\"tg-d93i\">1.38<\/td>\n<td class=\"tg-d93i\">1.53<\/td>\n<td class=\"tg-d93i\">5.89<\/td>\n<td class=\"tg-d93i\">1.46<\/td>\n<td class=\"tg-d93i\">1.61<\/td>\n<td class=\"tg-d93i\">609<\/td>\n<\/tr>\n<tr>\n<td class=\"tg-d93i\">19<\/td>\n<td class=\"tg-d93i\">0.1<\/td>\n<td class=\"tg-d93i\">84<\/td>\n<td class=\"tg-d93i\">1.48<\/td>\n<td class=\"tg-d93i\">1.63<\/td>\n<td class=\"tg-d93i\">6.90%<\/td>\n<td class=\"tg-d93i\">1.56<\/td>\n<td class=\"tg-d93i\">1.71<\/td>\n<td class=\"tg-d93i\">7.16<\/td>\n<\/tr>\n<tr>\n<td class=\"tg-d93i\">19<\/td>\n<td class=\"tg-d93i\">0.1<\/td>\n<td class=\"tg-d93i\">95<\/td>\n<td class=\"tg-d93i\">1.55<\/td>\n<td class=\"tg-d93i\">1.7<\/td>\n<td class=\"tg-d93i\">7.78<\/td>\n<td class=\"tg-d93i\">1.63<\/td>\n<td class=\"tg-d93i\">1.78<\/td>\n<td class=\"tg-d93i\">7.98<\/td>\n<\/tr>\n<tr>\n<td class=\"tg-d93i\">18<\/td>\n<td class=\"tg-d93i\">0.1<\/td>\n<td class=\"tg-d93i\">105<\/td>\n<td class=\"tg-d93i\">1.61<\/td>\n<td class=\"tg-d93i\">1.76<\/td>\n<td class=\"tg-d93i\">8.54<\/td>\n<td class=\"tg-d93i\">1.69<\/td>\n<td class=\"tg-d93i\">1.84<\/td>\n<td class=\"tg-d93i\">8.74<\/td>\n<\/tr>\n<tr>\n<td class=\"tg-d93i\">18<\/td>\n<td class=\"tg-d93i\">0.1<\/td>\n<td class=\"tg-d93i\">120<\/td>\n<td class=\"tg-d93i\">1.69<\/td>\n<td class=\"tg-d93i\">1.84<\/td>\n<td class=\"tg-d93i\">9.67<\/td>\n<td class=\"tg-d93i\">1.77<\/td>\n<td class=\"tg-d93i\">1.92<\/td>\n<td class=\"tg-d93i\">9.87<\/td>\n<\/tr>\n<\/tbody>\n<\/table>\n","protected":false},"excerpt":{"rendered":"<p>C\u00e1p h\u1ec7 th\u1ed1ng chi\u1ebfu s\u00e1ng tr\u00ean kh\u00f4ng c\u00f3 t\u1ed5n hao th\u1ea5p v\u00e0 c\u00e1ch \u0111i\u1ec7n t\u1ed1t. Ch\u00fang l\u00e0 nh\u1eefng b\u1ed9 ph\u1eadn quan tr\u1ecdng tr\u00ean m\u00e1y bay v\u00e0 c\u00f3 nhi\u1ec7m v\u1ee5 truy\u1ec1n t\u1ea3i \u0111i\u1ec7n n\u0103ng, t\u00edn hi\u1ec7u \u0111i\u1ec1u khi\u1ec3n, d\u1eef li\u1ec7u gi\u1eefa c\u00e1c thi\u1ebft b\u1ecb chi\u1ebfu s\u00e1ng, b\u1ea3ng \u0111i\u1ec1u khi\u1ec3n v\u00e0 h\u1ec7 th\u1ed1ng \u0111i\u1ec1u khi\u1ec3n chi\u1ebfu s\u00e1ng.<\/p>\n","protected":false},"featured_media":12440,"template":"","meta":{"_eb_attr":"","site-sidebar-layout":"default","site-content-layout":"","ast-site-content-layout":"default","site-content-style":"default","site-sidebar-style":"default","ast-global-header-display":"","ast-banner-title-visibility":"","ast-main-header-display":"","ast-hfb-above-header-display":"","ast-hfb-below-header-display":"","ast-hfb-mobile-header-display":"","site-post-title":"","ast-breadcrumbs-content":"","ast-featured-img":"","footer-sml-layout":"","theme-transparent-header-meta":"default","adv-header-id-meta":"","stick-header-meta":"","header-above-stick-meta":"","header-main-stick-meta":"","header-below-stick-meta":"","astra-migrate-meta-layouts":"default","ast-page-background-enabled":"default","ast-page-background-meta":{"desktop":{"background-color":"","background-image":"","background-repeat":"repeat","background-position":"center center","background-size":"auto","background-attachment":"scroll","background-type":"","background-media":"","overlay-type":"","overlay-color":"","overlay-opacity":"","overlay-gradient":""},"tablet":{"background-color":"","background-image":"","background-repeat":"repeat","background-position":"center center","background-size":"auto","background-attachment":"scroll","background-type":"","background-media":"","overlay-type":"","overlay-color":"","overlay-opacity":"","overlay-gradient":""},"mobile":{"background-color":"","background-image":"","background-repeat":"repeat","background-position":"center center","background-size":"auto","background-attachment":"scroll","background-type":"","background-media":"","overlay-type":"","overlay-color":"","overlay-opacity":"","overlay-gradient":""}},"ast-content-background-meta":{"desktop":{"background-color":"var(--ast-global-color-5)","background-image":"","background-repeat":"repeat","background-position":"center center","background-size":"auto","background-attachment":"scroll","background-type":"","background-media":"","overlay-type":"","overlay-color":"","overlay-opacity":"","overlay-gradient":""},"tablet":{"background-color":"var(--ast-global-color-5)","background-image":"","background-repeat":"repeat","background-position":"center center","background-size":"auto","background-attachment":"scroll","background-type":"","background-media":"","overlay-type":"","overlay-color":"","overlay-opacity":"","overlay-gradient":""},"mobile":{"background-color":"var(--ast-global-color-5)","background-image":"","background-repeat":"repeat","background-position":"center center","background-size":"auto","background-attachment":"scroll","background-type":"","background-media":"","overlay-type":"","overlay-color":"","overlay-opacity":"","overlay-gradient":""}}},"product_brand":[],"product_cat":[825],"product_tag":[1918],"class_list":{"0":"post-21010","1":"product","2":"type-product","3":"status-publish","4":"has-post-thumbnail","6":"product_cat-aviation-vi","7":"product_tag-day-ton-that-thap-dien-ap-cao-tan-so-cao-tewl","8":"desktop-align-center","9":"tablet-align-left","10":"mobile-align-left","12":"first","13":"instock","14":"shipping-taxable","15":"product-type-simple"},"yoast_head":"<!-- This site is optimized with the Yoast SEO plugin v27.4 - https:\/\/yoast.com\/product\/yoast-seo-wordpress\/ -->\n<title>C\u00e1p h\u1ec7 th\u1ed1ng chi\u1ebfu s\u00e1ng tr\u00ean kh\u00f4ng<\/title>\n<meta name=\"description\" content=\"C\u00e1p h\u1ec7 th\u1ed1ng chi\u1ebfu s\u00e1ng tr\u00ean kh\u00f4ng c\u00f3 t\u1ed5n hao th\u1ea5p v\u00e0 c\u00e1ch \u0111i\u1ec7n t\u1ed1t.\" \/>\n<meta name=\"robots\" content=\"index, follow, max-snippet:-1, max-image-preview:large, max-video-preview:-1\" \/>\n<link rel=\"canonical\" href=\"https:\/\/www.tstcables.com\/vi\/product\/cap-he-thong-chieu-sang-tren-khong\/\" \/>\n<meta property=\"og:locale\" content=\"vi_VN\" \/>\n<meta property=\"og:type\" content=\"article\" \/>\n<meta property=\"og:title\" content=\"C\u00e1p h\u1ec7 th\u1ed1ng chi\u1ebfu s\u00e1ng tr\u00ean kh\u00f4ng\" \/>\n<meta property=\"og:description\" content=\"C\u00e1p h\u1ec7 th\u1ed1ng chi\u1ebfu s\u00e1ng tr\u00ean kh\u00f4ng c\u00f3 t\u1ed5n hao th\u1ea5p v\u00e0 c\u00e1ch \u0111i\u1ec7n t\u1ed1t.\" \/>\n<meta property=\"og:url\" content=\"https:\/\/www.tstcables.com\/vi\/product\/cap-he-thong-chieu-sang-tren-khong\/\" \/>\n<meta property=\"og:site_name\" content=\"TST CABLES supplier &amp; Manufacture\" \/>\n<meta property=\"og:image\" content=\"https:\/\/www.tstcables.com\/wp-content\/uploads\/2024\/03\/3-9.jpg\" \/>\n\t<meta property=\"og:image:width\" content=\"640\" \/>\n\t<meta property=\"og:image:height\" content=\"640\" \/>\n\t<meta property=\"og:image:type\" content=\"image\/jpeg\" \/>\n<meta name=\"twitter:card\" content=\"summary_large_image\" \/>\n<meta name=\"twitter:label1\" content=\"Est. reading time\" \/>\n\t<meta name=\"twitter:data1\" content=\"2 minutes\" \/>\n<script type=\"application\/ld+json\" class=\"yoast-schema-graph\">{\"@context\":\"https:\\\/\\\/schema.org\",\"@graph\":[{\"@type\":\"WebPage\",\"@id\":\"https:\\\/\\\/www.tstcables.com\\\/vi\\\/product\\\/cap-he-thong-chieu-sang-tren-khong\\\/\",\"url\":\"https:\\\/\\\/www.tstcables.com\\\/vi\\\/product\\\/cap-he-thong-chieu-sang-tren-khong\\\/\",\"name\":\"C\u00e1p h\u1ec7 th\u1ed1ng chi\u1ebfu s\u00e1ng tr\u00ean kh\u00f4ng\",\"isPartOf\":{\"@id\":\"https:\\\/\\\/www.tstcables.com\\\/vi\\\/#website\"},\"primaryImageOfPage\":{\"@id\":\"https:\\\/\\\/www.tstcables.com\\\/vi\\\/product\\\/cap-he-thong-chieu-sang-tren-khong\\\/#primaryimage\"},\"image\":{\"@id\":\"https:\\\/\\\/www.tstcables.com\\\/vi\\\/product\\\/cap-he-thong-chieu-sang-tren-khong\\\/#primaryimage\"},\"thumbnailUrl\":\"https:\\\/\\\/www.tstcables.com\\\/wp-content\\\/uploads\\\/2024\\\/03\\\/3-9.jpg\",\"datePublished\":\"2024-04-13T02:54:42+00:00\",\"description\":\"C\u00e1p h\u1ec7 th\u1ed1ng chi\u1ebfu s\u00e1ng tr\u00ean kh\u00f4ng c\u00f3 t\u1ed5n hao th\u1ea5p v\u00e0 c\u00e1ch \u0111i\u1ec7n t\u1ed1t.\",\"breadcrumb\":{\"@id\":\"https:\\\/\\\/www.tstcables.com\\\/vi\\\/product\\\/cap-he-thong-chieu-sang-tren-khong\\\/#breadcrumb\"},\"inLanguage\":\"vi-VN\",\"potentialAction\":[{\"@type\":\"ReadAction\",\"target\":[\"https:\\\/\\\/www.tstcables.com\\\/vi\\\/product\\\/cap-he-thong-chieu-sang-tren-khong\\\/\"]}]},{\"@type\":\"ImageObject\",\"inLanguage\":\"vi-VN\",\"@id\":\"https:\\\/\\\/www.tstcables.com\\\/vi\\\/product\\\/cap-he-thong-chieu-sang-tren-khong\\\/#primaryimage\",\"url\":\"https:\\\/\\\/www.tstcables.com\\\/wp-content\\\/uploads\\\/2024\\\/03\\\/3-9.jpg\",\"contentUrl\":\"https:\\\/\\\/www.tstcables.com\\\/wp-content\\\/uploads\\\/2024\\\/03\\\/3-9.jpg\",\"width\":640,\"height\":640,\"caption\":\"TEWL high-frequency high-voltage low-loss wire 30AWG--18AWG\"},{\"@type\":\"BreadcrumbList\",\"@id\":\"https:\\\/\\\/www.tstcables.com\\\/vi\\\/product\\\/cap-he-thong-chieu-sang-tren-khong\\\/#breadcrumb\",\"itemListElement\":[{\"@type\":\"ListItem\",\"position\":1,\"name\":\"\u9996\u9875\",\"item\":\"https:\\\/\\\/www.tstcables.com\\\/vi\\\/\"},{\"@type\":\"ListItem\",\"position\":2,\"name\":\"Product\",\"item\":\"https:\\\/\\\/www.tstcables.com\\\/product\\\/\"},{\"@type\":\"ListItem\",\"position\":3,\"name\":\"C\u00e1p h\u1ec7 th\u1ed1ng chi\u1ebfu s\u00e1ng tr\u00ean kh\u00f4ng\"}]},{\"@type\":\"WebSite\",\"@id\":\"https:\\\/\\\/www.tstcables.com\\\/vi\\\/#website\",\"url\":\"https:\\\/\\\/www.tstcables.com\\\/vi\\\/\",\"name\":\"TST Cable supplier & Manufacture\",\"description\":\"TST CABLES  supplier &amp; Manufacture official website\",\"publisher\":{\"@id\":\"https:\\\/\\\/www.tstcables.com\\\/vi\\\/#organization\"},\"potentialAction\":[{\"@type\":\"SearchAction\",\"target\":{\"@type\":\"EntryPoint\",\"urlTemplate\":\"https:\\\/\\\/www.tstcables.com\\\/vi\\\/?s={search_term_string}\"},\"query-input\":{\"@type\":\"PropertyValueSpecification\",\"valueRequired\":true,\"valueName\":\"search_term_string\"}}],\"inLanguage\":\"vi-VN\"},{\"@type\":\"Organization\",\"@id\":\"https:\\\/\\\/www.tstcables.com\\\/vi\\\/#organization\",\"name\":\"TST Cable supplier & Manufacture\",\"url\":\"https:\\\/\\\/www.tstcables.com\\\/vi\\\/\",\"logo\":{\"@type\":\"ImageObject\",\"inLanguage\":\"vi-VN\",\"@id\":\"https:\\\/\\\/www.tstcables.com\\\/vi\\\/#\\\/schema\\\/logo\\\/image\\\/\",\"url\":\"https:\\\/\\\/www.tstcables.com\\\/wp-content\\\/uploads\\\/2024\\\/04\\\/cropped-\u753b\u677f-1-\u62f7\u8d1d-4-1.png\",\"contentUrl\":\"https:\\\/\\\/www.tstcables.com\\\/wp-content\\\/uploads\\\/2024\\\/04\\\/cropped-\u753b\u677f-1-\u62f7\u8d1d-4-1.png\",\"width\":300,\"height\":100,\"caption\":\"TST Cable supplier & Manufacture\"},\"image\":{\"@id\":\"https:\\\/\\\/www.tstcables.com\\\/vi\\\/#\\\/schema\\\/logo\\\/image\\\/\"}}]}<\/script>\n<!-- \/ Yoast SEO plugin. -->","yoast_head_json":{"title":"C\u00e1p h\u1ec7 th\u1ed1ng chi\u1ebfu s\u00e1ng tr\u00ean kh\u00f4ng","description":"C\u00e1p h\u1ec7 th\u1ed1ng chi\u1ebfu s\u00e1ng tr\u00ean kh\u00f4ng c\u00f3 t\u1ed5n hao th\u1ea5p v\u00e0 c\u00e1ch \u0111i\u1ec7n t\u1ed1t.","robots":{"index":"index","follow":"follow","max-snippet":"max-snippet:-1","max-image-preview":"max-image-preview:large","max-video-preview":"max-video-preview:-1"},"canonical":"https:\/\/www.tstcables.com\/vi\/product\/cap-he-thong-chieu-sang-tren-khong\/","og_locale":"vi_VN","og_type":"article","og_title":"C\u00e1p h\u1ec7 th\u1ed1ng chi\u1ebfu s\u00e1ng tr\u00ean kh\u00f4ng","og_description":"C\u00e1p h\u1ec7 th\u1ed1ng chi\u1ebfu s\u00e1ng tr\u00ean kh\u00f4ng c\u00f3 t\u1ed5n hao th\u1ea5p v\u00e0 c\u00e1ch \u0111i\u1ec7n t\u1ed1t.","og_url":"https:\/\/www.tstcables.com\/vi\/product\/cap-he-thong-chieu-sang-tren-khong\/","og_site_name":"TST CABLES supplier &amp; Manufacture","og_image":[{"width":640,"height":640,"url":"https:\/\/www.tstcables.com\/wp-content\/uploads\/2024\/03\/3-9.jpg","type":"image\/jpeg"}],"twitter_card":"summary_large_image","twitter_misc":{"Est. reading time":"2 minutes"},"schema":{"@context":"https:\/\/schema.org","@graph":[{"@type":"WebPage","@id":"https:\/\/www.tstcables.com\/vi\/product\/cap-he-thong-chieu-sang-tren-khong\/","url":"https:\/\/www.tstcables.com\/vi\/product\/cap-he-thong-chieu-sang-tren-khong\/","name":"C\u00e1p h\u1ec7 th\u1ed1ng chi\u1ebfu s\u00e1ng tr\u00ean kh\u00f4ng","isPartOf":{"@id":"https:\/\/www.tstcables.com\/vi\/#website"},"primaryImageOfPage":{"@id":"https:\/\/www.tstcables.com\/vi\/product\/cap-he-thong-chieu-sang-tren-khong\/#primaryimage"},"image":{"@id":"https:\/\/www.tstcables.com\/vi\/product\/cap-he-thong-chieu-sang-tren-khong\/#primaryimage"},"thumbnailUrl":"https:\/\/www.tstcables.com\/wp-content\/uploads\/2024\/03\/3-9.jpg","datePublished":"2024-04-13T02:54:42+00:00","description":"C\u00e1p h\u1ec7 th\u1ed1ng chi\u1ebfu s\u00e1ng tr\u00ean kh\u00f4ng c\u00f3 t\u1ed5n hao th\u1ea5p v\u00e0 c\u00e1ch \u0111i\u1ec7n t\u1ed1t.","breadcrumb":{"@id":"https:\/\/www.tstcables.com\/vi\/product\/cap-he-thong-chieu-sang-tren-khong\/#breadcrumb"},"inLanguage":"vi-VN","potentialAction":[{"@type":"ReadAction","target":["https:\/\/www.tstcables.com\/vi\/product\/cap-he-thong-chieu-sang-tren-khong\/"]}]},{"@type":"ImageObject","inLanguage":"vi-VN","@id":"https:\/\/www.tstcables.com\/vi\/product\/cap-he-thong-chieu-sang-tren-khong\/#primaryimage","url":"https:\/\/www.tstcables.com\/wp-content\/uploads\/2024\/03\/3-9.jpg","contentUrl":"https:\/\/www.tstcables.com\/wp-content\/uploads\/2024\/03\/3-9.jpg","width":640,"height":640,"caption":"TEWL high-frequency high-voltage low-loss wire 30AWG--18AWG"},{"@type":"BreadcrumbList","@id":"https:\/\/www.tstcables.com\/vi\/product\/cap-he-thong-chieu-sang-tren-khong\/#breadcrumb","itemListElement":[{"@type":"ListItem","position":1,"name":"\u9996\u9875","item":"https:\/\/www.tstcables.com\/vi\/"},{"@type":"ListItem","position":2,"name":"Product","item":"https:\/\/www.tstcables.com\/product\/"},{"@type":"ListItem","position":3,"name":"C\u00e1p h\u1ec7 th\u1ed1ng chi\u1ebfu s\u00e1ng tr\u00ean kh\u00f4ng"}]},{"@type":"WebSite","@id":"https:\/\/www.tstcables.com\/vi\/#website","url":"https:\/\/www.tstcables.com\/vi\/","name":"TST Cable supplier & Manufacture","description":"TST CABLES  supplier &amp; Manufacture official website","publisher":{"@id":"https:\/\/www.tstcables.com\/vi\/#organization"},"potentialAction":[{"@type":"SearchAction","target":{"@type":"EntryPoint","urlTemplate":"https:\/\/www.tstcables.com\/vi\/?s={search_term_string}"},"query-input":{"@type":"PropertyValueSpecification","valueRequired":true,"valueName":"search_term_string"}}],"inLanguage":"vi-VN"},{"@type":"Organization","@id":"https:\/\/www.tstcables.com\/vi\/#organization","name":"TST Cable supplier & Manufacture","url":"https:\/\/www.tstcables.com\/vi\/","logo":{"@type":"ImageObject","inLanguage":"vi-VN","@id":"https:\/\/www.tstcables.com\/vi\/#\/schema\/logo\/image\/","url":"https:\/\/www.tstcables.com\/wp-content\/uploads\/2024\/04\/cropped-\u753b\u677f-1-\u62f7\u8d1d-4-1.png","contentUrl":"https:\/\/www.tstcables.com\/wp-content\/uploads\/2024\/04\/cropped-\u753b\u677f-1-\u62f7\u8d1d-4-1.png","width":300,"height":100,"caption":"TST Cable supplier & Manufacture"},"image":{"@id":"https:\/\/www.tstcables.com\/vi\/#\/schema\/logo\/image\/"}}]}},"_links":{"self":[{"href":"https:\/\/www.tstcables.com\/vi\/wp-json\/wp\/v2\/product\/21010","targetHints":{"allow":["GET"]}}],"collection":[{"href":"https:\/\/www.tstcables.com\/vi\/wp-json\/wp\/v2\/product"}],"about":[{"href":"https:\/\/www.tstcables.com\/vi\/wp-json\/wp\/v2\/types\/product"}],"version-history":[{"count":0,"href":"https:\/\/www.tstcables.com\/vi\/wp-json\/wp\/v2\/product\/21010\/revisions"}],"wp:featuredmedia":[{"embeddable":true,"href":"https:\/\/www.tstcables.com\/vi\/wp-json\/wp\/v2\/media\/12440"}],"wp:attachment":[{"href":"https:\/\/www.tstcables.com\/vi\/wp-json\/wp\/v2\/media?parent=21010"}],"wp:term":[{"taxonomy":"product_brand","embeddable":true,"href":"https:\/\/www.tstcables.com\/vi\/wp-json\/wp\/v2\/product_brand?post=21010"},{"taxonomy":"product_cat","embeddable":true,"href":"https:\/\/www.tstcables.com\/vi\/wp-json\/wp\/v2\/product_cat?post=21010"},{"taxonomy":"product_tag","embeddable":true,"href":"https:\/\/www.tstcables.com\/vi\/wp-json\/wp\/v2\/product_tag?post=21010"}],"curies":[{"name":"wp","href":"https:\/\/api.w.org\/{rel}","templated":true}]}}