{"id":21011,"date":"2024-04-13T11:00:34","date_gmt":"2024-04-13T03:00:34","guid":{"rendered":"https:\/\/www.tstcables.com\/product\/cap-he-thong-lien-lac-tren-khong\/"},"modified":"2024-04-13T11:00:34","modified_gmt":"2024-04-13T03:00:34","slug":"cap-he-thong-lien-lac-tren-khong","status":"publish","type":"product","link":"https:\/\/www.tstcables.com\/vi\/product\/cap-he-thong-lien-lac-tren-khong\/","title":{"rendered":"C\u00e1p h\u1ec7 th\u1ed1ng li\u00ean l\u1ea1c tr\u00ean kh\u00f4ng"},"content":{"rendered":"<p><strong>C\u00e1c \u1ee9ng d\u1ee5ng<\/strong><br \/>\nC\u00e1p h\u1ec7 th\u1ed1ng li\u00ean l\u1ea1c tr\u00ean kh\u00f4ng<\/p>\n<p><strong>T\u00ednh n\u0103ng s\u1ea3n ph\u1ea9m:<\/strong><br \/>\n1. T\u1ed5n th\u1ea5t th\u1ea5p.<br \/>\nThi\u1ebft k\u1ebf c\u1ea5u tr\u00fac d\u00e2y d\u1eabn \u0111\u1eb7c bi\u1ec7t, s\u1eed d\u1ee5ng d\u00e2y b\u1ec7n \u0111\u01b0\u1ee3c b\u1ecdc \u0111\u1eb7c bi\u1ec7t, l\u00e0m gi\u1ea3m d\u00f2ng \u0111i\u1ec7n xo\u00e1y b\u00ean trong d\u00e2y d\u1eabn<br \/>\nm\u1ea5t m\u00e1t, \u0111\u1ea1t \u0111\u01b0\u1ee3c \u0111\u01b0\u1eddng k\u00ednh ngo\u00e0i c\u1ee7a d\u00e2y d\u1eabn nh\u1ecf h\u01a1n v\u00e0 kh\u1ea3 n\u0103ng h\u00e0n tuy\u1ec7t v\u1eddi; hi\u1ec7u su\u1ea5t t\u1ed5n th\u1ea5t th\u1ea5p c\u1ee7a n\u00f3 t\u01b0\u01a1ng \u0111\u01b0\u01a1ng v\u1edbi<br \/>\nD\u00f2ng Litz gi\u1ea3m t\u1ed5n th\u1ea5t kh\u00f4ng \u0111\u00e1ng c\u00f3;<br \/>\n2. Ba l\u1edbp b\u1ea3o v\u1ec7 c\u00e1ch nhi\u1ec7t, kh\u00f4ng c\u00f3 l\u1ed7 kim;<br \/>\nNhi\u1ec1u l\u1edbp ph\u1ee7 c\u00e1ch \u0111i\u1ec7n b\u1eb1ng c\u00e1c v\u1eadt li\u1ec7u kh\u00e1c nhau gi\u00fap lo\u1ea1i b\u1ecf kh\u1ea3 n\u0103ng h\u00ecnh th\u00e0nh l\u1ed7 kim.<br \/>\n3. V\u1edbi \u0111i\u1ec7n \u00e1p c\u00e1ch \u0111i\u1ec7n cao, c\u00f3 th\u1ec3 b\u1ecf qua b\u0103ng c\u00e1ch \u0111i\u1ec7n v\u00e0 c\u00e1c l\u1edbp c\u00e1ch \u0111i\u1ec7n v\u00e0 gi\u1ea3m \u00e2m l\u01b0\u1ee3ng;<br \/>\n4. M\u1ee9c nhi\u1ec7t \u0111\u1ed9 cao h\u01a1n v\u00e0 hi\u1ec7u su\u1ea5t tuy\u1ec7t v\u1eddi.<br \/>\nC\u00e1c m\u1ee9c nhi\u1ec7t \u0111\u1ed9 bao g\u1ed3m x\u1ebfp h\u1ea1ng 155\u00b0C, 180\u00b0C v\u00e0 200\u00b0C.<br \/>\n5. D\u1ec5 d\u00e0ng b\u00f3c ra.<br \/>\nDo s\u1eed d\u1ee5ng v\u1eadt li\u1ec7u ph\u1ee7 \u0111\u1eb7c bi\u1ec7t n\u00ean d\u00e2y d\u1eabn d\u1ec5 bong tr\u00f3c h\u01a1n. C\u00f3 th\u1ec3 h\u00e0n tr\u1ef1c ti\u1ebfp m\u00e0 kh\u00f4ng c\u1ea7n t\u01b0\u1edbc b\u1ecf ho\u00e0n to\u00e0n l\u1edbp c\u00e1ch nhi\u1ec7t.<\/p>\n<p><strong>C\u00e1c th\u00f4ng s\u1ed1 k\u1ef9 thu\u1eadt<\/strong><\/p>\n<table class=\"tg\">\n<thead>\n<tr>\n<th class=\"tg-949j\" colspan=\"2\">K\u00edch th\u01b0\u1edbc d\u00e2y d\u1eabn<\/th>\n<th class=\"tg-949j\">Ti\u00eau chu\u1ea9n b\u00ean ngo\u00e0i<\/th>\n<th class=\"tg-7fn2\">b\u00ean ngo\u00e0i t\u1ed1i \u0111a<\/th>\n<th class=\"tg-7fn2\">D\u00e2y d\u1eabn t\u1ed1i \u0111a<\/th>\n<\/tr>\n<\/thead>\n<tbody>\n<tr>\n<td class=\"tg-949j\" rowspan=\"2\">AWG<\/td>\n<td class=\"tg-949j\">\u0110\u01b0\u1eddng k\u00ednh ngo\u00e0i<\/td>\n<td class=\"tg-949j\">\u0111\u01b0\u1eddng k\u00ednh<\/td>\n<td class=\"tg-7fn2\">\u0111\u01b0\u1eddng k\u00ednh<\/td>\n<td class=\"tg-d93i\">\u0110i\u1ec7n tr\u1edf (\u03a9\/km)<\/td>\n<\/tr>\n<tr>\n<td class=\"tg-949j\">(mm)<\/td>\n<td class=\"tg-grqh\"><\/td>\n<td class=\"tg-d93i\"><\/td>\n<td class=\"tg-d93i\"><\/td>\n<\/tr>\n<tr>\n<td class=\"tg-d93i\" colspan=\"3\">32<\/td>\n<td class=\"tg-d93i\" rowspan=\"2\">0.55<\/td>\n<td class=\"tg-d93i\" rowspan=\"2\">583<\/td>\n<\/tr>\n<tr>\n<td class=\"tg-d93i\">30<\/td>\n<td class=\"tg-d93i\">0.254<\/td>\n<td class=\"tg-d93i\">0.56<\/td>\n<\/tr>\n<tr>\n<td class=\"tg-d93i\">28<\/td>\n<td class=\"tg-d93i\">0.32<\/td>\n<td class=\"tg-d93i\">0.62<\/td>\n<td class=\"tg-d93i\">0.67<\/td>\n<td class=\"tg-d93i\">237<\/td>\n<\/tr>\n<tr>\n<td class=\"tg-d93i\">26<\/td>\n<td class=\"tg-d93i\">0.404<\/td>\n<td class=\"tg-d93i\">0.7<\/td>\n<td class=\"tg-d93i\">0.75<\/td>\n<td class=\"tg-d93i\">145<\/td>\n<\/tr>\n<tr>\n<td class=\"tg-d93i\">25<\/td>\n<td class=\"tg-d93i\">0.45<\/td>\n<td class=\"tg-d93i\">0.75<\/td>\n<td class=\"tg-d93i\">0.8<\/td>\n<td class=\"tg-d93i\">120<\/td>\n<\/tr>\n<tr>\n<td class=\"tg-d93i\">24<\/td>\n<td class=\"tg-d93i\">0.51<\/td>\n<td class=\"tg-d93i\">0.81<\/td>\n<td class=\"tg-d93i\">0.86<\/td>\n<td class=\"tg-d93i\">89.3<\/td>\n<\/tr>\n<tr>\n<td class=\"tg-d93i\">23<\/td>\n<td class=\"tg-d93i\">0.6<\/td>\n<td class=\"tg-d93i\">0.9<\/td>\n<td class=\"tg-d93i\">0.95<\/td>\n<td class=\"tg-d93i\">66.1<\/td>\n<\/tr>\n<tr>\n<td class=\"tg-d93i\">22<\/td>\n<td class=\"tg-d93i\">0.64<\/td>\n<td class=\"tg-d93i\">0.94<\/td>\n<td class=\"tg-d93i\">0.99<\/td>\n<td class=\"tg-d93i\">56.3<\/td>\n<\/tr>\n<tr>\n<td class=\"tg-d93i\">22<\/td>\n<td class=\"tg-d93i\">0.7<\/td>\n<td class=\"tg-d93i\">1<\/td>\n<td class=\"tg-d93i\">1.05<\/td>\n<td class=\"tg-d93i\">48.5<\/td>\n<\/tr>\n<tr>\n<td class=\"tg-d93i\">20<\/td>\n<td class=\"tg-d93i\">0.81<\/td>\n<td class=\"tg-d93i\">1.11<\/td>\n<td class=\"tg-d93i\">1.16<\/td>\n<td class=\"tg-d93i\">35.2<\/td>\n<\/tr>\n<tr>\n<td class=\"tg-d93i\">20<\/td>\n<td class=\"tg-d93i\">0.9<\/td>\n<td class=\"tg-d93i\">1.2<\/td>\n<td class=\"tg-d93i\">1.25<\/td>\n<td class=\"tg-d93i\">29.4<\/td>\n<\/tr>\n<tr>\n<td class=\"tg-d93i\">19<\/td>\n<td class=\"tg-d93i\">1<\/td>\n<td class=\"tg-d93i\">1.3<\/td>\n<td class=\"tg-d93i\">1.35<\/td>\n<td class=\"tg-d93i\">23.8<\/td>\n<\/tr>\n<tr>\n<td class=\"tg-d93i\">17<\/td>\n<td class=\"tg-d93i\">1.2<\/td>\n<td class=\"tg-d93i\">1.5<\/td>\n<td class=\"tg-d93i\">1.55<\/td>\n<td class=\"tg-d93i\">16.5<\/td>\n<\/tr>\n<\/tbody>\n<\/table>\n","protected":false},"excerpt":{"rendered":"<p>C\u00e1p c\u1ee7a h\u1ec7 th\u1ed1ng li\u00ean l\u1ea1c tr\u00ean kh\u00f4ng \u0111\u01b0\u1ee3c c\u00e1ch \u0111i\u1ec7n \u0111\u1ec3 c\u00f3 \u0111i\u1ec7n \u00e1p cao v\u00e0 t\u1ed5n th\u1ea5t th\u1ea5p v\u00e0 l\u00e0 b\u1ed9 ph\u1eadn quan tr\u1ecdng tr\u00ean m\u00e1y bay ch\u1ecbu tr\u00e1ch nhi\u1ec7m truy\u1ec1n t\u00edn hi\u1ec7u tho\u1ea1i v\u00e0 d\u1eef li\u1ec7u gi\u1eefa c\u00e1c thi\u1ebft b\u1ecb li\u00ean l\u1ea1c nh\u01b0 radio, m\u00e1y thu ph\u00e1t, h\u1ec7 th\u1ed1ng li\u00ean l\u1ea1c n\u1ed9i b\u1ed9 v\u00e0 \u0103ng-ten.<\/p>\n","protected":false},"featured_media":12448,"template":"","meta":{"_eb_attr":"","site-sidebar-layout":"default","site-content-layout":"","ast-site-content-layout":"default","site-content-style":"default","site-sidebar-style":"default","ast-global-header-display":"","ast-banner-title-visibility":"","ast-main-header-display":"","ast-hfb-above-header-display":"","ast-hfb-below-header-display":"","ast-hfb-mobile-header-display":"","site-post-title":"","ast-breadcrumbs-content":"","ast-featured-img":"","footer-sml-layout":"","theme-transparent-header-meta":"default","adv-header-id-meta":"","stick-header-meta":"","header-above-stick-meta":"","header-main-stick-meta":"","header-below-stick-meta":"","astra-migrate-meta-layouts":"default","ast-page-background-enabled":"default","ast-page-background-meta":{"desktop":{"background-color":"","background-image":"","background-repeat":"repeat","background-position":"center center","background-size":"auto","background-attachment":"scroll","background-type":"","background-media":"","overlay-type":"","overlay-color":"","overlay-opacity":"","overlay-gradient":""},"tablet":{"background-color":"","background-image":"","background-repeat":"repeat","background-position":"center center","background-size":"auto","background-attachment":"scroll","background-type":"","background-media":"","overlay-type":"","overlay-color":"","overlay-opacity":"","overlay-gradient":""},"mobile":{"background-color":"","background-image":"","background-repeat":"repeat","background-position":"center center","background-size":"auto","background-attachment":"scroll","background-type":"","background-media":"","overlay-type":"","overlay-color":"","overlay-opacity":"","overlay-gradient":""}},"ast-content-background-meta":{"desktop":{"background-color":"var(--ast-global-color-5)","background-image":"","background-repeat":"repeat","background-position":"center center","background-size":"auto","background-attachment":"scroll","background-type":"","background-media":"","overlay-type":"","overlay-color":"","overlay-opacity":"","overlay-gradient":""},"tablet":{"background-color":"var(--ast-global-color-5)","background-image":"","background-repeat":"repeat","background-position":"center center","background-size":"auto","background-attachment":"scroll","background-type":"","background-media":"","overlay-type":"","overlay-color":"","overlay-opacity":"","overlay-gradient":""},"mobile":{"background-color":"var(--ast-global-color-5)","background-image":"","background-repeat":"repeat","background-position":"center center","background-size":"auto","background-attachment":"scroll","background-type":"","background-media":"","overlay-type":"","overlay-color":"","overlay-opacity":"","overlay-gradient":""}}},"product_brand":[],"product_cat":[825],"product_tag":[1920,1919],"class_list":{"0":"post-21011","1":"product","2":"type-product","3":"status-publish","4":"has-post-thumbnail","6":"product_cat-aviation-vi","7":"product_tag-cap-nhiet-do-cao-tewp","8":"product_tag-day-tan-so-cao-chiu-nhiet-do-cao-tewp","9":"desktop-align-center","10":"tablet-align-left","11":"mobile-align-left","13":"first","14":"instock","15":"shipping-taxable","16":"product-type-simple"},"yoast_head":"<!-- This site is optimized with the Yoast SEO plugin v27.5 - https:\/\/yoast.com\/product\/yoast-seo-wordpress\/ -->\n<title>C\u00e1p h\u1ec7 th\u1ed1ng li\u00ean l\u1ea1c tr\u00ean kh\u00f4ng<\/title>\n<meta name=\"description\" content=\"C\u00e1p c\u1ee7a h\u1ec7 th\u1ed1ng th\u00f4ng tin li\u00ean l\u1ea1c tr\u00ean kh\u00f4ng \u0111\u01b0\u1ee3c c\u00e1ch \u0111i\u1ec7n \u0111\u1ec3 c\u00f3 \u0111i\u1ec7n \u00e1p cao v\u00e0 t\u1ed5n th\u1ea5t th\u1ea5p v\u00e0 l\u00e0 b\u1ed9 ph\u1eadn quan tr\u1ecdng tr\u00ean m\u00e1y bay ch\u1ecbu tr\u00e1ch nhi\u1ec7m truy\u1ec1n gi\u1ecdng n\u00f3i.\" \/>\n<meta name=\"robots\" content=\"index, follow, max-snippet:-1, max-image-preview:large, max-video-preview:-1\" \/>\n<link rel=\"canonical\" href=\"https:\/\/www.tstcables.com\/vi\/product\/cap-he-thong-lien-lac-tren-khong\/\" \/>\n<meta property=\"og:locale\" content=\"vi_VN\" \/>\n<meta property=\"og:type\" content=\"article\" \/>\n<meta property=\"og:title\" content=\"C\u00e1p h\u1ec7 th\u1ed1ng li\u00ean l\u1ea1c tr\u00ean kh\u00f4ng\" \/>\n<meta property=\"og:description\" content=\"C\u00e1p c\u1ee7a h\u1ec7 th\u1ed1ng th\u00f4ng tin li\u00ean l\u1ea1c tr\u00ean kh\u00f4ng \u0111\u01b0\u1ee3c c\u00e1ch \u0111i\u1ec7n \u0111\u1ec3 c\u00f3 \u0111i\u1ec7n \u00e1p cao v\u00e0 t\u1ed5n th\u1ea5t th\u1ea5p v\u00e0 l\u00e0 b\u1ed9 ph\u1eadn quan tr\u1ecdng tr\u00ean m\u00e1y bay ch\u1ecbu tr\u00e1ch nhi\u1ec7m truy\u1ec1n gi\u1ecdng n\u00f3i.\" \/>\n<meta property=\"og:url\" content=\"https:\/\/www.tstcables.com\/vi\/product\/cap-he-thong-lien-lac-tren-khong\/\" \/>\n<meta property=\"og:site_name\" content=\"TST CABLES supplier &amp; Manufacture\" \/>\n<meta property=\"og:image\" content=\"https:\/\/www.tstcables.com\/wp-content\/uploads\/2024\/03\/4-5.jpg\" \/>\n\t<meta property=\"og:image:width\" content=\"640\" \/>\n\t<meta property=\"og:image:height\" content=\"640\" \/>\n\t<meta property=\"og:image:type\" content=\"image\/jpeg\" \/>\n<meta name=\"twitter:card\" content=\"summary_large_image\" \/>\n<meta name=\"twitter:label1\" content=\"Est. reading time\" \/>\n\t<meta name=\"twitter:data1\" content=\"2 minutes\" \/>\n<script type=\"application\/ld+json\" class=\"yoast-schema-graph\">{\"@context\":\"https:\\\/\\\/schema.org\",\"@graph\":[{\"@type\":\"WebPage\",\"@id\":\"https:\\\/\\\/www.tstcables.com\\\/vi\\\/product\\\/cap-he-thong-lien-lac-tren-khong\\\/\",\"url\":\"https:\\\/\\\/www.tstcables.com\\\/vi\\\/product\\\/cap-he-thong-lien-lac-tren-khong\\\/\",\"name\":\"C\u00e1p h\u1ec7 th\u1ed1ng li\u00ean l\u1ea1c tr\u00ean kh\u00f4ng\",\"isPartOf\":{\"@id\":\"https:\\\/\\\/www.tstcables.com\\\/vi\\\/#website\"},\"primaryImageOfPage\":{\"@id\":\"https:\\\/\\\/www.tstcables.com\\\/vi\\\/product\\\/cap-he-thong-lien-lac-tren-khong\\\/#primaryimage\"},\"image\":{\"@id\":\"https:\\\/\\\/www.tstcables.com\\\/vi\\\/product\\\/cap-he-thong-lien-lac-tren-khong\\\/#primaryimage\"},\"thumbnailUrl\":\"https:\\\/\\\/www.tstcables.com\\\/wp-content\\\/uploads\\\/2024\\\/03\\\/4-5.jpg\",\"datePublished\":\"2024-04-13T03:00:34+00:00\",\"description\":\"C\u00e1p c\u1ee7a h\u1ec7 th\u1ed1ng th\u00f4ng tin li\u00ean l\u1ea1c tr\u00ean kh\u00f4ng \u0111\u01b0\u1ee3c c\u00e1ch \u0111i\u1ec7n \u0111\u1ec3 c\u00f3 \u0111i\u1ec7n \u00e1p cao v\u00e0 t\u1ed5n th\u1ea5t th\u1ea5p v\u00e0 l\u00e0 b\u1ed9 ph\u1eadn quan tr\u1ecdng tr\u00ean m\u00e1y bay ch\u1ecbu tr\u00e1ch nhi\u1ec7m truy\u1ec1n gi\u1ecdng n\u00f3i.\",\"breadcrumb\":{\"@id\":\"https:\\\/\\\/www.tstcables.com\\\/vi\\\/product\\\/cap-he-thong-lien-lac-tren-khong\\\/#breadcrumb\"},\"inLanguage\":\"vi-VN\",\"potentialAction\":[{\"@type\":\"ReadAction\",\"target\":[\"https:\\\/\\\/www.tstcables.com\\\/vi\\\/product\\\/cap-he-thong-lien-lac-tren-khong\\\/\"]}]},{\"@type\":\"ImageObject\",\"inLanguage\":\"vi-VN\",\"@id\":\"https:\\\/\\\/www.tstcables.com\\\/vi\\\/product\\\/cap-he-thong-lien-lac-tren-khong\\\/#primaryimage\",\"url\":\"https:\\\/\\\/www.tstcables.com\\\/wp-content\\\/uploads\\\/2024\\\/03\\\/4-5.jpg\",\"contentUrl\":\"https:\\\/\\\/www.tstcables.com\\\/wp-content\\\/uploads\\\/2024\\\/03\\\/4-5.jpg\",\"width\":640,\"height\":640,\"caption\":\"Fire Resistant Computer Wire & Cable\"},{\"@type\":\"BreadcrumbList\",\"@id\":\"https:\\\/\\\/www.tstcables.com\\\/vi\\\/product\\\/cap-he-thong-lien-lac-tren-khong\\\/#breadcrumb\",\"itemListElement\":[{\"@type\":\"ListItem\",\"position\":1,\"name\":\"\u9996\u9875\",\"item\":\"https:\\\/\\\/www.tstcables.com\\\/vi\\\/\"},{\"@type\":\"ListItem\",\"position\":2,\"name\":\"Product\",\"item\":\"https:\\\/\\\/www.tstcables.com\\\/product\\\/\"},{\"@type\":\"ListItem\",\"position\":3,\"name\":\"C\u00e1p h\u1ec7 th\u1ed1ng li\u00ean l\u1ea1c tr\u00ean kh\u00f4ng\"}]},{\"@type\":\"WebSite\",\"@id\":\"https:\\\/\\\/www.tstcables.com\\\/vi\\\/#website\",\"url\":\"https:\\\/\\\/www.tstcables.com\\\/vi\\\/\",\"name\":\"TST Cable supplier & Manufacture\",\"description\":\"TST CABLES  supplier &amp; Manufacture official website\",\"publisher\":{\"@id\":\"https:\\\/\\\/www.tstcables.com\\\/vi\\\/#organization\"},\"potentialAction\":[{\"@type\":\"SearchAction\",\"target\":{\"@type\":\"EntryPoint\",\"urlTemplate\":\"https:\\\/\\\/www.tstcables.com\\\/vi\\\/?s={search_term_string}\"},\"query-input\":{\"@type\":\"PropertyValueSpecification\",\"valueRequired\":true,\"valueName\":\"search_term_string\"}}],\"inLanguage\":\"vi-VN\"},{\"@type\":\"Organization\",\"@id\":\"https:\\\/\\\/www.tstcables.com\\\/vi\\\/#organization\",\"name\":\"TST Cable supplier & Manufacture\",\"url\":\"https:\\\/\\\/www.tstcables.com\\\/vi\\\/\",\"logo\":{\"@type\":\"ImageObject\",\"inLanguage\":\"vi-VN\",\"@id\":\"https:\\\/\\\/www.tstcables.com\\\/vi\\\/#\\\/schema\\\/logo\\\/image\\\/\",\"url\":\"https:\\\/\\\/www.tstcables.com\\\/wp-content\\\/uploads\\\/2024\\\/04\\\/cropped-\u753b\u677f-1-\u62f7\u8d1d-4-1.png\",\"contentUrl\":\"https:\\\/\\\/www.tstcables.com\\\/wp-content\\\/uploads\\\/2024\\\/04\\\/cropped-\u753b\u677f-1-\u62f7\u8d1d-4-1.png\",\"width\":300,\"height\":100,\"caption\":\"TST Cable supplier & Manufacture\"},\"image\":{\"@id\":\"https:\\\/\\\/www.tstcables.com\\\/vi\\\/#\\\/schema\\\/logo\\\/image\\\/\"}}]}<\/script>\n<!-- \/ Yoast SEO plugin. -->","yoast_head_json":{"title":"C\u00e1p h\u1ec7 th\u1ed1ng li\u00ean l\u1ea1c tr\u00ean kh\u00f4ng","description":"C\u00e1p c\u1ee7a h\u1ec7 th\u1ed1ng th\u00f4ng tin li\u00ean l\u1ea1c tr\u00ean kh\u00f4ng \u0111\u01b0\u1ee3c c\u00e1ch \u0111i\u1ec7n \u0111\u1ec3 c\u00f3 \u0111i\u1ec7n \u00e1p cao v\u00e0 t\u1ed5n th\u1ea5t th\u1ea5p v\u00e0 l\u00e0 b\u1ed9 ph\u1eadn quan tr\u1ecdng tr\u00ean m\u00e1y bay ch\u1ecbu tr\u00e1ch nhi\u1ec7m truy\u1ec1n gi\u1ecdng n\u00f3i.","robots":{"index":"index","follow":"follow","max-snippet":"max-snippet:-1","max-image-preview":"max-image-preview:large","max-video-preview":"max-video-preview:-1"},"canonical":"https:\/\/www.tstcables.com\/vi\/product\/cap-he-thong-lien-lac-tren-khong\/","og_locale":"vi_VN","og_type":"article","og_title":"C\u00e1p h\u1ec7 th\u1ed1ng li\u00ean l\u1ea1c tr\u00ean kh\u00f4ng","og_description":"C\u00e1p c\u1ee7a h\u1ec7 th\u1ed1ng th\u00f4ng tin li\u00ean l\u1ea1c tr\u00ean kh\u00f4ng \u0111\u01b0\u1ee3c c\u00e1ch \u0111i\u1ec7n \u0111\u1ec3 c\u00f3 \u0111i\u1ec7n \u00e1p cao v\u00e0 t\u1ed5n th\u1ea5t th\u1ea5p v\u00e0 l\u00e0 b\u1ed9 ph\u1eadn quan tr\u1ecdng tr\u00ean m\u00e1y bay ch\u1ecbu tr\u00e1ch nhi\u1ec7m truy\u1ec1n gi\u1ecdng n\u00f3i.","og_url":"https:\/\/www.tstcables.com\/vi\/product\/cap-he-thong-lien-lac-tren-khong\/","og_site_name":"TST CABLES supplier &amp; Manufacture","og_image":[{"width":640,"height":640,"url":"https:\/\/www.tstcables.com\/wp-content\/uploads\/2024\/03\/4-5.jpg","type":"image\/jpeg"}],"twitter_card":"summary_large_image","twitter_misc":{"Est. reading time":"2 minutes"},"schema":{"@context":"https:\/\/schema.org","@graph":[{"@type":"WebPage","@id":"https:\/\/www.tstcables.com\/vi\/product\/cap-he-thong-lien-lac-tren-khong\/","url":"https:\/\/www.tstcables.com\/vi\/product\/cap-he-thong-lien-lac-tren-khong\/","name":"C\u00e1p h\u1ec7 th\u1ed1ng li\u00ean l\u1ea1c tr\u00ean kh\u00f4ng","isPartOf":{"@id":"https:\/\/www.tstcables.com\/vi\/#website"},"primaryImageOfPage":{"@id":"https:\/\/www.tstcables.com\/vi\/product\/cap-he-thong-lien-lac-tren-khong\/#primaryimage"},"image":{"@id":"https:\/\/www.tstcables.com\/vi\/product\/cap-he-thong-lien-lac-tren-khong\/#primaryimage"},"thumbnailUrl":"https:\/\/www.tstcables.com\/wp-content\/uploads\/2024\/03\/4-5.jpg","datePublished":"2024-04-13T03:00:34+00:00","description":"C\u00e1p c\u1ee7a h\u1ec7 th\u1ed1ng th\u00f4ng tin li\u00ean l\u1ea1c tr\u00ean kh\u00f4ng \u0111\u01b0\u1ee3c c\u00e1ch \u0111i\u1ec7n \u0111\u1ec3 c\u00f3 \u0111i\u1ec7n \u00e1p cao v\u00e0 t\u1ed5n th\u1ea5t th\u1ea5p v\u00e0 l\u00e0 b\u1ed9 ph\u1eadn quan tr\u1ecdng tr\u00ean m\u00e1y bay ch\u1ecbu tr\u00e1ch nhi\u1ec7m truy\u1ec1n gi\u1ecdng n\u00f3i.","breadcrumb":{"@id":"https:\/\/www.tstcables.com\/vi\/product\/cap-he-thong-lien-lac-tren-khong\/#breadcrumb"},"inLanguage":"vi-VN","potentialAction":[{"@type":"ReadAction","target":["https:\/\/www.tstcables.com\/vi\/product\/cap-he-thong-lien-lac-tren-khong\/"]}]},{"@type":"ImageObject","inLanguage":"vi-VN","@id":"https:\/\/www.tstcables.com\/vi\/product\/cap-he-thong-lien-lac-tren-khong\/#primaryimage","url":"https:\/\/www.tstcables.com\/wp-content\/uploads\/2024\/03\/4-5.jpg","contentUrl":"https:\/\/www.tstcables.com\/wp-content\/uploads\/2024\/03\/4-5.jpg","width":640,"height":640,"caption":"Fire Resistant Computer Wire & Cable"},{"@type":"BreadcrumbList","@id":"https:\/\/www.tstcables.com\/vi\/product\/cap-he-thong-lien-lac-tren-khong\/#breadcrumb","itemListElement":[{"@type":"ListItem","position":1,"name":"\u9996\u9875","item":"https:\/\/www.tstcables.com\/vi\/"},{"@type":"ListItem","position":2,"name":"Product","item":"https:\/\/www.tstcables.com\/product\/"},{"@type":"ListItem","position":3,"name":"C\u00e1p h\u1ec7 th\u1ed1ng li\u00ean l\u1ea1c tr\u00ean kh\u00f4ng"}]},{"@type":"WebSite","@id":"https:\/\/www.tstcables.com\/vi\/#website","url":"https:\/\/www.tstcables.com\/vi\/","name":"TST Cable supplier & Manufacture","description":"TST CABLES  supplier &amp; Manufacture official website","publisher":{"@id":"https:\/\/www.tstcables.com\/vi\/#organization"},"potentialAction":[{"@type":"SearchAction","target":{"@type":"EntryPoint","urlTemplate":"https:\/\/www.tstcables.com\/vi\/?s={search_term_string}"},"query-input":{"@type":"PropertyValueSpecification","valueRequired":true,"valueName":"search_term_string"}}],"inLanguage":"vi-VN"},{"@type":"Organization","@id":"https:\/\/www.tstcables.com\/vi\/#organization","name":"TST Cable supplier & Manufacture","url":"https:\/\/www.tstcables.com\/vi\/","logo":{"@type":"ImageObject","inLanguage":"vi-VN","@id":"https:\/\/www.tstcables.com\/vi\/#\/schema\/logo\/image\/","url":"https:\/\/www.tstcables.com\/wp-content\/uploads\/2024\/04\/cropped-\u753b\u677f-1-\u62f7\u8d1d-4-1.png","contentUrl":"https:\/\/www.tstcables.com\/wp-content\/uploads\/2024\/04\/cropped-\u753b\u677f-1-\u62f7\u8d1d-4-1.png","width":300,"height":100,"caption":"TST Cable supplier & Manufacture"},"image":{"@id":"https:\/\/www.tstcables.com\/vi\/#\/schema\/logo\/image\/"}}]}},"_links":{"self":[{"href":"https:\/\/www.tstcables.com\/vi\/wp-json\/wp\/v2\/product\/21011","targetHints":{"allow":["GET"]}}],"collection":[{"href":"https:\/\/www.tstcables.com\/vi\/wp-json\/wp\/v2\/product"}],"about":[{"href":"https:\/\/www.tstcables.com\/vi\/wp-json\/wp\/v2\/types\/product"}],"version-history":[{"count":0,"href":"https:\/\/www.tstcables.com\/vi\/wp-json\/wp\/v2\/product\/21011\/revisions"}],"wp:featuredmedia":[{"embeddable":true,"href":"https:\/\/www.tstcables.com\/vi\/wp-json\/wp\/v2\/media\/12448"}],"wp:attachment":[{"href":"https:\/\/www.tstcables.com\/vi\/wp-json\/wp\/v2\/media?parent=21011"}],"wp:term":[{"taxonomy":"product_brand","embeddable":true,"href":"https:\/\/www.tstcables.com\/vi\/wp-json\/wp\/v2\/product_brand?post=21011"},{"taxonomy":"product_cat","embeddable":true,"href":"https:\/\/www.tstcables.com\/vi\/wp-json\/wp\/v2\/product_cat?post=21011"},{"taxonomy":"product_tag","embeddable":true,"href":"https:\/\/www.tstcables.com\/vi\/wp-json\/wp\/v2\/product_tag?post=21011"}],"curies":[{"name":"wp","href":"https:\/\/api.w.org\/{rel}","templated":true}]}}