{"id":21012,"date":"2024-04-15T16:04:58","date_gmt":"2024-04-15T08:04:58","guid":{"rendered":"https:\/\/www.tstcables.com\/product\/cap-nhiet-do-cao-25mm\/"},"modified":"2024-04-15T16:04:58","modified_gmt":"2024-04-15T08:04:58","slug":"cap-nhiet-do-cao-25mm","status":"publish","type":"product","link":"https:\/\/www.tstcables.com\/vi\/product\/cap-nhiet-do-cao-25mm\/","title":{"rendered":"C\u00e1p nhi\u1ec7t \u0111\u1ed9 cao 2,5mm"},"content":{"rendered":"<p><strong> M\u00f4 t\u1ea3 S\u1ea3n ph\u1ea9m<\/strong><\/p>\n<p>D\u00e2y v\u00e0 c\u00e1p nhi\u1ec7t \u0111\u1ed9 cao 2,5mm d\u00f9ng \u0111\u1ec3 ch\u1ec9 d\u00e2y v\u00e0 c\u00e1p c\u00f3 th\u1ec3 ti\u1ebfp t\u1ee5c ho\u1ea1t \u0111\u1ed9ng \u1ed5n \u0111\u1ecbnh \u1edf 125oC, 135oC, 150oC, 180oC, 200oC, 250oC, 300oC, 500oC v\u00e0 500oC tr\u00ean m\u1ed9t m\u1ee9c nh\u1ea5t \u0111\u1ecbnh m\u00f4i tr\u01b0\u1eddng nhi\u1ec7t \u0111\u1ed9 cao v\u00e0 vi\u1ec7c truy\u1ec1n t\u00edn hi\u1ec7u ho\u1eb7c n\u0103ng l\u01b0\u1ee3ng \u0111i\u1ec7n th\u00f4ng th\u01b0\u1eddng s\u1ebd kh\u00f4ng b\u1ecb \u1ea3nh h\u01b0\u1edfng. TSTCABLES Ba d\u1ea1ng c\u00e1p ch\u1ecbu nhi\u1ec7t \u0111\u1ed9 cao 2,5 mm2 ph\u1ed5 bi\u1ebfn: c\u00e1p m\u1ed9t l\u00f5i, c\u00e1p \u0111\u1ed3ng tr\u1ee5c, c\u00e1p \u0111a l\u00f5i.<\/p>\n<p>Ph\u1ea1m vi th\u00f4ng s\u1ed1 k\u1ef9 thu\u1eadt: 32AWG\u201317AWG<br \/>\nC\u1ea5p ch\u1ecbu nhi\u1ec7t \u0111\u1ed9: c\u1ea5p H (180oC)<\/p>\n<p><strong>C\u00e1c \u1ee9ng d\u1ee5ng<\/strong><br \/>\nC\u00e1c lo\u1ea1i c\u00f4ng t\u1eafc, b\u1ed9 ngu\u1ed3n, m\u00e1y bi\u1ebfn th\u1ebf, b\u1ed9 ngu\u1ed3n chi\u1ebfu s\u00e1ng, m\u00e1y bi\u1ebfn th\u1ebf<br \/>\nXe n\u0103ng l\u01b0\u1ee3ng m\u1edbi<br \/>\nS\u1ea1c \u0111i\u1ec7n tho\u1ea1i di \u0111\u1ed9ng kh\u00f4ng d\u00e2y<\/p>\n<p><strong>T\u00ednh n\u0103ng s\u1ea3n ph\u1ea9m:<\/strong><br \/>\n1. T\u1ed5n th\u1ea5t th\u1ea5p.<br \/>\nThi\u1ebft k\u1ebf c\u1ea5u tr\u00fac d\u00e2y d\u1eabn \u0111\u1eb7c bi\u1ec7t, s\u1eed d\u1ee5ng d\u00e2y b\u1ec7n \u0111\u01b0\u1ee3c b\u1ecdc \u0111\u1eb7c bi\u1ec7t, l\u00e0m gi\u1ea3m d\u00f2ng \u0111i\u1ec7n xo\u00e1y b\u00ean trong d\u00e2y d\u1eabn<br \/>\nm\u1ea5t m\u00e1t, \u0111\u1ea1t \u0111\u01b0\u1ee3c \u0111\u01b0\u1eddng k\u00ednh ngo\u00e0i c\u1ee7a d\u00e2y d\u1eabn nh\u1ecf h\u01a1n v\u00e0 kh\u1ea3 n\u0103ng h\u00e0n tuy\u1ec7t v\u1eddi; hi\u1ec7u su\u1ea5t t\u1ed5n th\u1ea5t th\u1ea5p c\u1ee7a n\u00f3 t\u01b0\u01a1ng \u0111\u01b0\u01a1ng v\u1edbi<br \/>\nD\u00f2ng Litz gi\u1ea3m t\u1ed5n th\u1ea5t kh\u00f4ng \u0111\u00e1ng c\u00f3;<br \/>\n2. Ba l\u1edbp b\u1ea3o v\u1ec7 c\u00e1ch nhi\u1ec7t, kh\u00f4ng c\u00f3 l\u1ed7 kim;<br \/>\nNhi\u1ec1u l\u1edbp ph\u1ee7 c\u00e1ch \u0111i\u1ec7n b\u1eb1ng c\u00e1c v\u1eadt li\u1ec7u kh\u00e1c nhau gi\u00fap lo\u1ea1i b\u1ecf kh\u1ea3 n\u0103ng h\u00ecnh th\u00e0nh l\u1ed7 kim.<br \/>\n3. V\u1edbi \u0111i\u1ec7n \u00e1p c\u00e1ch \u0111i\u1ec7n cao, c\u00f3 th\u1ec3 b\u1ecf qua b\u0103ng c\u00e1ch \u0111i\u1ec7n v\u00e0 c\u00e1c l\u1edbp c\u00e1ch \u0111i\u1ec7n v\u00e0 gi\u1ea3m \u00e2m l\u01b0\u1ee3ng;<br \/>\n4. Cu\u1ed9n d\u00e2y d\u1ec5 cu\u1ed9n v\u00ec b\u1ec1 m\u1eb7t c\u00f3 h\u1ec7 s\u1ed1 ma s\u00e1t r\u1ea5t th\u1ea5p, t\u1ea1o c\u01a1 h\u1ed9i cho cu\u1ed9n d\u00e2y t\u1ed1c \u0111\u1ed9 cao t\u1ef1 \u0111\u1ed9ng.<br \/>\ncung c\u1ea5p kh\u1ea3 n\u0103ng;<br \/>\n5. M\u1ee9c nhi\u1ec7t \u0111\u1ed9 cao h\u01a1n v\u00e0 hi\u1ec7u su\u1ea5t tuy\u1ec7t v\u1eddi.<br \/>\nC\u00e1c m\u1ee9c nhi\u1ec7t \u0111\u1ed9 bao g\u1ed3m x\u1ebfp h\u1ea1ng 155\u00b0C, 180\u00b0C v\u00e0 200\u00b0C.<br \/>\n6. D\u1ec5 d\u00e0ng b\u00f3c ra.<br \/>\nDo s\u1eed d\u1ee5ng v\u1eadt li\u1ec7u ph\u1ee7 \u0111\u1eb7c bi\u1ec7t n\u00ean d\u00e2y d\u1eabn d\u1ec5 bong tr\u00f3c h\u01a1n. C\u00f3 th\u1ec3 h\u00e0n tr\u1ef1c ti\u1ebfp m\u00e0 kh\u00f4ng c\u1ea7n t\u01b0\u1edbc b\u1ecf ho\u00e0n to\u00e0n l\u1edbp c\u00e1ch nhi\u1ec7t.<\/p>\n<p><strong>C\u00e1c th\u00f4ng s\u1ed1 k\u1ef9 thu\u1eadt<\/strong><\/p>\n<table class=\"tg\">\n<thead>\n<tr>\n<th class=\"tg-amwm\" colspan=\"2\">K\u00edch th\u01b0\u1edbc d\u00e2y d\u1eabn<\/th>\n<th class=\"tg-amwm\" rowspan=\"2\">Ti\u00eau chu\u1ea9n b\u00ean ngo\u00e0i<br \/>\n\u0111\u01b0\u1eddng k\u00ednh<\/th>\n<th class=\"tg-amwm\" rowspan=\"2\">b\u00ean ngo\u00e0i t\u1ed1i \u0111a<br \/>\n\u0111\u01b0\u1eddng k\u00ednh<\/th>\n<th class=\"tg-amwm\" rowspan=\"2\">D\u00e2y d\u1eabn t\u1ed1i \u0111a<br \/>\n\u0110i\u1ec7n tr\u1edf (\u03a9\/km)<\/th>\n<th class=\"tg-amwm\" rowspan=\"2\">Ti\u00eau chu\u1ea9n<br \/>\nTr\u1ecdng l\u01b0\u1ee3ng (g\/m)<\/th>\n<\/tr>\n<tr>\n<th class=\"tg-wa1i\">AWG<\/th>\n<th class=\"tg-amwm\">\u0110\u01b0\u1eddng k\u00ednh ngo\u00e0i<br \/>\n(mm)<\/th>\n<\/tr>\n<\/thead>\n<tbody>\n<tr>\n<td class=\"tg-nrix\">32<\/td>\n<td class=\"tg-nrix\">0.203<\/td>\n<td class=\"tg-nrix\">0.51<\/td>\n<td class=\"tg-nrix\">0.55<\/td>\n<td class=\"tg-nrix\">583<\/td>\n<td class=\"tg-nrix\">0.6<\/td>\n<\/tr>\n<tr>\n<td class=\"tg-nrix\">30<\/td>\n<td class=\"tg-nrix\">0.254<\/td>\n<td class=\"tg-nrix\">0.56<\/td>\n<td class=\"tg-nrix\">0.61<\/td>\n<td class=\"tg-nrix\">373<\/td>\n<td class=\"tg-nrix\">0.79<\/td>\n<\/tr>\n<tr>\n<td class=\"tg-nrix\">28<\/td>\n<td class=\"tg-nrix\">0.32<\/td>\n<td class=\"tg-nrix\">0.62<\/td>\n<td class=\"tg-nrix\">0.67<\/td>\n<td class=\"tg-nrix\">237<\/td>\n<td class=\"tg-nrix\">1.09<\/td>\n<\/tr>\n<tr>\n<td class=\"tg-nrix\">26<\/td>\n<td class=\"tg-nrix\">0.404<\/td>\n<td class=\"tg-nrix\">0.7<\/td>\n<td class=\"tg-nrix\">0.75<\/td>\n<td class=\"tg-nrix\">145<\/td>\n<td class=\"tg-nrix\">1.57<\/td>\n<\/tr>\n<tr>\n<td class=\"tg-nrix\">25<\/td>\n<td class=\"tg-nrix\">0.45<\/td>\n<td class=\"tg-nrix\">0.75<\/td>\n<td class=\"tg-nrix\">0.8<\/td>\n<td class=\"tg-nrix\">120<\/td>\n<td class=\"tg-nrix\">1.96<\/td>\n<\/tr>\n<tr>\n<td class=\"tg-nrix\">24<\/td>\n<td class=\"tg-nrix\">0.51<\/td>\n<td class=\"tg-nrix\">0.81<\/td>\n<td class=\"tg-nrix\">0.86<\/td>\n<td class=\"tg-nrix\">89.3<\/td>\n<td class=\"tg-nrix\">2.36<\/td>\n<\/tr>\n<tr>\n<td class=\"tg-nrix\">23<\/td>\n<td class=\"tg-nrix\">0.6<\/td>\n<td class=\"tg-nrix\">0.9<\/td>\n<td class=\"tg-nrix\">0.95<\/td>\n<td class=\"tg-nrix\">66.1<\/td>\n<td class=\"tg-nrix\">3.2<\/td>\n<\/tr>\n<tr>\n<td class=\"tg-nrix\">22<\/td>\n<td class=\"tg-nrix\">0.64<\/td>\n<td class=\"tg-nrix\">0.94<\/td>\n<td class=\"tg-nrix\">0.99<\/td>\n<td class=\"tg-nrix\">56.3<\/td>\n<td class=\"tg-nrix\">3.51<\/td>\n<\/tr>\n<tr>\n<td class=\"tg-nrix\">22<\/td>\n<td class=\"tg-nrix\">0.7<\/td>\n<td class=\"tg-nrix\">1<\/td>\n<td class=\"tg-nrix\">1.05<\/td>\n<td class=\"tg-nrix\">48.5<\/td>\n<td class=\"tg-nrix\">4.83<\/td>\n<\/tr>\n<tr>\n<td class=\"tg-nrix\">20<\/td>\n<td class=\"tg-nrix\">0.81<\/td>\n<td class=\"tg-nrix\">1.11<\/td>\n<td class=\"tg-nrix\">1.16<\/td>\n<td class=\"tg-nrix\">35.2<\/td>\n<td class=\"tg-nrix\">5.36<\/td>\n<\/tr>\n<tr>\n<td class=\"tg-nrix\">20<\/td>\n<td class=\"tg-nrix\">0.9<\/td>\n<td class=\"tg-nrix\">1.2<\/td>\n<td class=\"tg-nrix\">1.25<\/td>\n<td class=\"tg-nrix\">29.4<\/td>\n<td class=\"tg-nrix\">6.56<\/td>\n<\/tr>\n<tr>\n<td class=\"tg-nrix\">19<\/td>\n<td class=\"tg-nrix\">1<\/td>\n<td class=\"tg-nrix\">1.3<\/td>\n<td class=\"tg-nrix\">1.35<\/td>\n<td class=\"tg-nrix\">23.8<\/td>\n<td class=\"tg-nrix\">7.95<\/td>\n<\/tr>\n<tr>\n<td class=\"tg-nrix\">17<\/td>\n<td class=\"tg-nrix\">1.2<\/td>\n<td class=\"tg-nrix\">1.5<\/td>\n<td class=\"tg-nrix\">1.55<\/td>\n<td class=\"tg-nrix\">16.5<\/td>\n<td class=\"tg-nrix\">11.13<\/td>\n<\/tr>\n<\/tbody>\n<\/table>\n<p><span class=\"Y2IQFc\" lang=\"en\">L\u01b0u \u00fd: S\u1ea3n ph\u1ea9m n\u00e0y c\u00f3 c\u00e1c th\u00f4ng s\u1ed1 kh\u00e1c c\u00f3 th\u1ec3 t\u00f9y ch\u1ec9nh theo nhu c\u1ea7u<\/span><\/p>\n","protected":false},"excerpt":{"rendered":"<p>D\u00e2y v\u00e0 c\u00e1p nhi\u1ec7t \u0111\u1ed9 cao 2,5mm2 d\u00f9ng \u0111\u1ec3 ch\u1ec9 d\u00e2y v\u00e0 c\u00e1p c\u00f3 th\u1ec3 ti\u1ebfp t\u1ee5c ho\u1ea1t \u0111\u1ed9ng \u1ed5n \u0111\u1ecbnh \u1edf 125oC, 135oC, 150oC, 180oC, 200oC, 250oC, 300oC, 500oC v\u00e0 500oC tr\u00ean m\u1ed9t m\u1ee9c nh\u1ea5t \u0111\u1ecbnh m\u00f4i tr\u01b0\u1eddng nhi\u1ec7t \u0111\u1ed9 cao v\u00e0 vi\u1ec7c truy\u1ec1n t\u00edn hi\u1ec7u ho\u1eb7c n\u0103ng l\u01b0\u1ee3ng \u0111i\u1ec7n th\u00f4ng th\u01b0\u1eddng s\u1ebd kh\u00f4ng b\u1ecb \u1ea3nh h\u01b0\u1edfng. TSTCABLES Ba d\u1ea1ng c\u00e1p ch\u1ecbu nhi\u1ec7t \u0111\u1ed9 cao 2,5 mm2 ph\u1ed5 bi\u1ebfn: c\u00e1p m\u1ed9t l\u00f5i, c\u00e1p \u0111\u1ed3ng tr\u1ee5c, c\u00e1p \u0111a l\u00f5i.<\/p>\n","protected":false},"featured_media":13320,"template":"","meta":{"_eb_attr":"","site-sidebar-layout":"default","site-content-layout":"","ast-site-content-layout":"default","site-content-style":"default","site-sidebar-style":"default","ast-global-header-display":"","ast-banner-title-visibility":"","ast-main-header-display":"","ast-hfb-above-header-display":"","ast-hfb-below-header-display":"","ast-hfb-mobile-header-display":"","site-post-title":"","ast-breadcrumbs-content":"","ast-featured-img":"","footer-sml-layout":"","theme-transparent-header-meta":"default","adv-header-id-meta":"","stick-header-meta":"","header-above-stick-meta":"","header-main-stick-meta":"","header-below-stick-meta":"","astra-migrate-meta-layouts":"default","ast-page-background-enabled":"default","ast-page-background-meta":{"desktop":{"background-color":"","background-image":"","background-repeat":"repeat","background-position":"center center","background-size":"auto","background-attachment":"scroll","background-type":"","background-media":"","overlay-type":"","overlay-color":"","overlay-opacity":"","overlay-gradient":""},"tablet":{"background-color":"","background-image":"","background-repeat":"repeat","background-position":"center center","background-size":"auto","background-attachment":"scroll","background-type":"","background-media":"","overlay-type":"","overlay-color":"","overlay-opacity":"","overlay-gradient":""},"mobile":{"background-color":"","background-image":"","background-repeat":"repeat","background-position":"center center","background-size":"auto","background-attachment":"scroll","background-type":"","background-media":"","overlay-type":"","overlay-color":"","overlay-opacity":"","overlay-gradient":""}},"ast-content-background-meta":{"desktop":{"background-color":"var(--ast-global-color-5)","background-image":"","background-repeat":"repeat","background-position":"center center","background-size":"auto","background-attachment":"scroll","background-type":"","background-media":"","overlay-type":"","overlay-color":"","overlay-opacity":"","overlay-gradient":""},"tablet":{"background-color":"var(--ast-global-color-5)","background-image":"","background-repeat":"repeat","background-position":"center center","background-size":"auto","background-attachment":"scroll","background-type":"","background-media":"","overlay-type":"","overlay-color":"","overlay-opacity":"","overlay-gradient":""},"mobile":{"background-color":"var(--ast-global-color-5)","background-image":"","background-repeat":"repeat","background-position":"center center","background-size":"auto","background-attachment":"scroll","background-type":"","background-media":"","overlay-type":"","overlay-color":"","overlay-opacity":"","overlay-gradient":""}}},"product_brand":[],"product_cat":[1922,833,831,1923,836,842,827,828,829,830,834,825,835,832,1921,1924,1925,847,838,837,840],"product_tag":[1926,1927,1928],"class_list":{"0":"post-21012","1":"product","2":"type-product","3":"status-publish","4":"has-post-thumbnail","6":"product_cat-cap-kich-thuoc-nho","7":"product_cat-lsoh-cable-vi","8":"product_cat-high-temperature-cable-vi","9":"product_cat-cap-trong-luong-nhe","10":"product_cat-oil-gas-vi","11":"product_cat-rail-way-vi","12":"product_cat-enstandard-cable-vi","13":"product_cat-en50264-vi","14":"product_cat-en50306-vi","15":"product_cat-en50382-vi","16":"product_cat-marine-vi","17":"product_cat-aviation-vi","18":"product_cat-nuclear-vi","19":"product_cat-ice-standard-vi","20":"product_cat-khai-thac","21":"product_cat-khai-thac-cong-nghiep","22":"product_cat-khai-thac-tu-dong","23":"product_cat-wind-power-vi","24":"product_cat-product-by-material-vi","25":"product_cat-product-by-industry-vi","26":"product_cat-product-by-standard-vi","27":"product_tag-cap-nhiet-do-cao","28":"product_tag-cap-nhiet-do-cao-25mm2","29":"product_tag-nha-cung-cap-cap-nhiet-do-cao-25mm2","30":"desktop-align-center","31":"tablet-align-left","32":"mobile-align-left","34":"first","35":"instock","36":"shipping-taxable","37":"product-type-simple"},"yoast_head":"<!-- This site is optimized with the Yoast SEO plugin v27.4 - https:\/\/yoast.com\/product\/yoast-seo-wordpress\/ -->\n<title>C\u00e1p nhi\u1ec7t \u0111\u1ed9 cao 2,5mm2<\/title>\n<meta name=\"description\" content=\"TSTCABLES Ba d\u1ea1ng c\u00e1p ch\u1ecbu nhi\u1ec7t \u0111\u1ed9 cao 2,5 mm2 ph\u1ed5 bi\u1ebfn: c\u00e1p m\u1ed9t l\u00f5i, c\u00e1p \u0111\u1ed3ng tr\u1ee5c, c\u00e1p \u0111a l\u00f5i.\" \/>\n<meta name=\"robots\" content=\"index, follow, max-snippet:-1, max-image-preview:large, max-video-preview:-1\" \/>\n<link rel=\"canonical\" href=\"https:\/\/www.tstcables.com\/vi\/product\/cap-nhiet-do-cao-25mm\/\" \/>\n<meta property=\"og:locale\" content=\"vi_VN\" \/>\n<meta property=\"og:type\" content=\"article\" \/>\n<meta property=\"og:title\" content=\"C\u00e1p nhi\u1ec7t \u0111\u1ed9 cao 2,5mm2\" \/>\n<meta property=\"og:description\" content=\"TSTCABLES Ba d\u1ea1ng c\u00e1p ch\u1ecbu nhi\u1ec7t \u0111\u1ed9 cao 2,5 mm2 ph\u1ed5 bi\u1ebfn: c\u00e1p m\u1ed9t l\u00f5i, c\u00e1p \u0111\u1ed3ng tr\u1ee5c, c\u00e1p \u0111a l\u00f5i.\" \/>\n<meta property=\"og:url\" content=\"https:\/\/www.tstcables.com\/vi\/product\/cap-nhiet-do-cao-25mm\/\" \/>\n<meta property=\"og:site_name\" content=\"TST CABLES supplier &amp; Manufacture\" \/>\n<meta property=\"og:image\" content=\"https:\/\/www.tstcables.com\/wp-content\/uploads\/2024\/03\/1-3.webp\" \/>\n\t<meta property=\"og:image:width\" content=\"640\" \/>\n\t<meta property=\"og:image:height\" content=\"640\" \/>\n\t<meta property=\"og:image:type\" content=\"image\/webp\" \/>\n<meta name=\"twitter:card\" content=\"summary_large_image\" \/>\n<meta name=\"twitter:label1\" content=\"Est. reading time\" \/>\n\t<meta name=\"twitter:data1\" content=\"3 minutes\" \/>\n<script type=\"application\/ld+json\" class=\"yoast-schema-graph\">{\"@context\":\"https:\\\/\\\/schema.org\",\"@graph\":[{\"@type\":\"WebPage\",\"@id\":\"https:\\\/\\\/www.tstcables.com\\\/vi\\\/product\\\/cap-nhiet-do-cao-25mm\\\/\",\"url\":\"https:\\\/\\\/www.tstcables.com\\\/vi\\\/product\\\/cap-nhiet-do-cao-25mm\\\/\",\"name\":\"C\u00e1p nhi\u1ec7t \u0111\u1ed9 cao 2,5mm2\",\"isPartOf\":{\"@id\":\"https:\\\/\\\/www.tstcables.com\\\/vi\\\/#website\"},\"primaryImageOfPage\":{\"@id\":\"https:\\\/\\\/www.tstcables.com\\\/vi\\\/product\\\/cap-nhiet-do-cao-25mm\\\/#primaryimage\"},\"image\":{\"@id\":\"https:\\\/\\\/www.tstcables.com\\\/vi\\\/product\\\/cap-nhiet-do-cao-25mm\\\/#primaryimage\"},\"thumbnailUrl\":\"https:\\\/\\\/www.tstcables.com\\\/wp-content\\\/uploads\\\/2024\\\/03\\\/1-3.webp\",\"datePublished\":\"2024-04-15T08:04:58+00:00\",\"description\":\"TSTCABLES Ba d\u1ea1ng c\u00e1p ch\u1ecbu nhi\u1ec7t \u0111\u1ed9 cao 2,5 mm2 ph\u1ed5 bi\u1ebfn: c\u00e1p m\u1ed9t l\u00f5i, c\u00e1p \u0111\u1ed3ng tr\u1ee5c, c\u00e1p \u0111a l\u00f5i.\",\"breadcrumb\":{\"@id\":\"https:\\\/\\\/www.tstcables.com\\\/vi\\\/product\\\/cap-nhiet-do-cao-25mm\\\/#breadcrumb\"},\"inLanguage\":\"vi-VN\",\"potentialAction\":[{\"@type\":\"ReadAction\",\"target\":[\"https:\\\/\\\/www.tstcables.com\\\/vi\\\/product\\\/cap-nhiet-do-cao-25mm\\\/\"]}]},{\"@type\":\"ImageObject\",\"inLanguage\":\"vi-VN\",\"@id\":\"https:\\\/\\\/www.tstcables.com\\\/vi\\\/product\\\/cap-nhiet-do-cao-25mm\\\/#primaryimage\",\"url\":\"https:\\\/\\\/www.tstcables.com\\\/wp-content\\\/uploads\\\/2024\\\/03\\\/1-3.webp\",\"contentUrl\":\"https:\\\/\\\/www.tstcables.com\\\/wp-content\\\/uploads\\\/2024\\\/03\\\/1-3.webp\",\"width\":640,\"height\":640,\"caption\":\"Silicone High Voltage Wire & Cable\"},{\"@type\":\"BreadcrumbList\",\"@id\":\"https:\\\/\\\/www.tstcables.com\\\/vi\\\/product\\\/cap-nhiet-do-cao-25mm\\\/#breadcrumb\",\"itemListElement\":[{\"@type\":\"ListItem\",\"position\":1,\"name\":\"\u9996\u9875\",\"item\":\"https:\\\/\\\/www.tstcables.com\\\/vi\\\/\"},{\"@type\":\"ListItem\",\"position\":2,\"name\":\"Product\",\"item\":\"https:\\\/\\\/www.tstcables.com\\\/product\\\/\"},{\"@type\":\"ListItem\",\"position\":3,\"name\":\"C\u00e1p nhi\u1ec7t \u0111\u1ed9 cao 2,5mm\"}]},{\"@type\":\"WebSite\",\"@id\":\"https:\\\/\\\/www.tstcables.com\\\/vi\\\/#website\",\"url\":\"https:\\\/\\\/www.tstcables.com\\\/vi\\\/\",\"name\":\"TST Cable supplier & Manufacture\",\"description\":\"TST CABLES  supplier &amp; Manufacture official website\",\"publisher\":{\"@id\":\"https:\\\/\\\/www.tstcables.com\\\/vi\\\/#organization\"},\"potentialAction\":[{\"@type\":\"SearchAction\",\"target\":{\"@type\":\"EntryPoint\",\"urlTemplate\":\"https:\\\/\\\/www.tstcables.com\\\/vi\\\/?s={search_term_string}\"},\"query-input\":{\"@type\":\"PropertyValueSpecification\",\"valueRequired\":true,\"valueName\":\"search_term_string\"}}],\"inLanguage\":\"vi-VN\"},{\"@type\":\"Organization\",\"@id\":\"https:\\\/\\\/www.tstcables.com\\\/vi\\\/#organization\",\"name\":\"TST Cable supplier & Manufacture\",\"url\":\"https:\\\/\\\/www.tstcables.com\\\/vi\\\/\",\"logo\":{\"@type\":\"ImageObject\",\"inLanguage\":\"vi-VN\",\"@id\":\"https:\\\/\\\/www.tstcables.com\\\/vi\\\/#\\\/schema\\\/logo\\\/image\\\/\",\"url\":\"https:\\\/\\\/www.tstcables.com\\\/wp-content\\\/uploads\\\/2024\\\/04\\\/cropped-\u753b\u677f-1-\u62f7\u8d1d-4-1.png\",\"contentUrl\":\"https:\\\/\\\/www.tstcables.com\\\/wp-content\\\/uploads\\\/2024\\\/04\\\/cropped-\u753b\u677f-1-\u62f7\u8d1d-4-1.png\",\"width\":300,\"height\":100,\"caption\":\"TST Cable supplier & Manufacture\"},\"image\":{\"@id\":\"https:\\\/\\\/www.tstcables.com\\\/vi\\\/#\\\/schema\\\/logo\\\/image\\\/\"}}]}<\/script>\n<!-- \/ Yoast SEO plugin. -->","yoast_head_json":{"title":"C\u00e1p nhi\u1ec7t \u0111\u1ed9 cao 2,5mm2","description":"TSTCABLES Ba d\u1ea1ng c\u00e1p ch\u1ecbu nhi\u1ec7t \u0111\u1ed9 cao 2,5 mm2 ph\u1ed5 bi\u1ebfn: c\u00e1p m\u1ed9t l\u00f5i, c\u00e1p \u0111\u1ed3ng tr\u1ee5c, c\u00e1p \u0111a l\u00f5i.","robots":{"index":"index","follow":"follow","max-snippet":"max-snippet:-1","max-image-preview":"max-image-preview:large","max-video-preview":"max-video-preview:-1"},"canonical":"https:\/\/www.tstcables.com\/vi\/product\/cap-nhiet-do-cao-25mm\/","og_locale":"vi_VN","og_type":"article","og_title":"C\u00e1p nhi\u1ec7t \u0111\u1ed9 cao 2,5mm2","og_description":"TSTCABLES Ba d\u1ea1ng c\u00e1p ch\u1ecbu nhi\u1ec7t \u0111\u1ed9 cao 2,5 mm2 ph\u1ed5 bi\u1ebfn: c\u00e1p m\u1ed9t l\u00f5i, c\u00e1p \u0111\u1ed3ng tr\u1ee5c, c\u00e1p \u0111a l\u00f5i.","og_url":"https:\/\/www.tstcables.com\/vi\/product\/cap-nhiet-do-cao-25mm\/","og_site_name":"TST CABLES supplier &amp; Manufacture","og_image":[{"width":640,"height":640,"url":"https:\/\/www.tstcables.com\/wp-content\/uploads\/2024\/03\/1-3.webp","type":"image\/webp"}],"twitter_card":"summary_large_image","twitter_misc":{"Est. reading time":"3 minutes"},"schema":{"@context":"https:\/\/schema.org","@graph":[{"@type":"WebPage","@id":"https:\/\/www.tstcables.com\/vi\/product\/cap-nhiet-do-cao-25mm\/","url":"https:\/\/www.tstcables.com\/vi\/product\/cap-nhiet-do-cao-25mm\/","name":"C\u00e1p nhi\u1ec7t \u0111\u1ed9 cao 2,5mm2","isPartOf":{"@id":"https:\/\/www.tstcables.com\/vi\/#website"},"primaryImageOfPage":{"@id":"https:\/\/www.tstcables.com\/vi\/product\/cap-nhiet-do-cao-25mm\/#primaryimage"},"image":{"@id":"https:\/\/www.tstcables.com\/vi\/product\/cap-nhiet-do-cao-25mm\/#primaryimage"},"thumbnailUrl":"https:\/\/www.tstcables.com\/wp-content\/uploads\/2024\/03\/1-3.webp","datePublished":"2024-04-15T08:04:58+00:00","description":"TSTCABLES Ba d\u1ea1ng c\u00e1p ch\u1ecbu nhi\u1ec7t \u0111\u1ed9 cao 2,5 mm2 ph\u1ed5 bi\u1ebfn: c\u00e1p m\u1ed9t l\u00f5i, c\u00e1p \u0111\u1ed3ng tr\u1ee5c, c\u00e1p \u0111a l\u00f5i.","breadcrumb":{"@id":"https:\/\/www.tstcables.com\/vi\/product\/cap-nhiet-do-cao-25mm\/#breadcrumb"},"inLanguage":"vi-VN","potentialAction":[{"@type":"ReadAction","target":["https:\/\/www.tstcables.com\/vi\/product\/cap-nhiet-do-cao-25mm\/"]}]},{"@type":"ImageObject","inLanguage":"vi-VN","@id":"https:\/\/www.tstcables.com\/vi\/product\/cap-nhiet-do-cao-25mm\/#primaryimage","url":"https:\/\/www.tstcables.com\/wp-content\/uploads\/2024\/03\/1-3.webp","contentUrl":"https:\/\/www.tstcables.com\/wp-content\/uploads\/2024\/03\/1-3.webp","width":640,"height":640,"caption":"Silicone High Voltage Wire & Cable"},{"@type":"BreadcrumbList","@id":"https:\/\/www.tstcables.com\/vi\/product\/cap-nhiet-do-cao-25mm\/#breadcrumb","itemListElement":[{"@type":"ListItem","position":1,"name":"\u9996\u9875","item":"https:\/\/www.tstcables.com\/vi\/"},{"@type":"ListItem","position":2,"name":"Product","item":"https:\/\/www.tstcables.com\/product\/"},{"@type":"ListItem","position":3,"name":"C\u00e1p nhi\u1ec7t \u0111\u1ed9 cao 2,5mm"}]},{"@type":"WebSite","@id":"https:\/\/www.tstcables.com\/vi\/#website","url":"https:\/\/www.tstcables.com\/vi\/","name":"TST Cable supplier & Manufacture","description":"TST CABLES  supplier &amp; Manufacture official website","publisher":{"@id":"https:\/\/www.tstcables.com\/vi\/#organization"},"potentialAction":[{"@type":"SearchAction","target":{"@type":"EntryPoint","urlTemplate":"https:\/\/www.tstcables.com\/vi\/?s={search_term_string}"},"query-input":{"@type":"PropertyValueSpecification","valueRequired":true,"valueName":"search_term_string"}}],"inLanguage":"vi-VN"},{"@type":"Organization","@id":"https:\/\/www.tstcables.com\/vi\/#organization","name":"TST Cable supplier & Manufacture","url":"https:\/\/www.tstcables.com\/vi\/","logo":{"@type":"ImageObject","inLanguage":"vi-VN","@id":"https:\/\/www.tstcables.com\/vi\/#\/schema\/logo\/image\/","url":"https:\/\/www.tstcables.com\/wp-content\/uploads\/2024\/04\/cropped-\u753b\u677f-1-\u62f7\u8d1d-4-1.png","contentUrl":"https:\/\/www.tstcables.com\/wp-content\/uploads\/2024\/04\/cropped-\u753b\u677f-1-\u62f7\u8d1d-4-1.png","width":300,"height":100,"caption":"TST Cable supplier & Manufacture"},"image":{"@id":"https:\/\/www.tstcables.com\/vi\/#\/schema\/logo\/image\/"}}]}},"_links":{"self":[{"href":"https:\/\/www.tstcables.com\/vi\/wp-json\/wp\/v2\/product\/21012","targetHints":{"allow":["GET"]}}],"collection":[{"href":"https:\/\/www.tstcables.com\/vi\/wp-json\/wp\/v2\/product"}],"about":[{"href":"https:\/\/www.tstcables.com\/vi\/wp-json\/wp\/v2\/types\/product"}],"version-history":[{"count":0,"href":"https:\/\/www.tstcables.com\/vi\/wp-json\/wp\/v2\/product\/21012\/revisions"}],"wp:featuredmedia":[{"embeddable":true,"href":"https:\/\/www.tstcables.com\/vi\/wp-json\/wp\/v2\/media\/13320"}],"wp:attachment":[{"href":"https:\/\/www.tstcables.com\/vi\/wp-json\/wp\/v2\/media?parent=21012"}],"wp:term":[{"taxonomy":"product_brand","embeddable":true,"href":"https:\/\/www.tstcables.com\/vi\/wp-json\/wp\/v2\/product_brand?post=21012"},{"taxonomy":"product_cat","embeddable":true,"href":"https:\/\/www.tstcables.com\/vi\/wp-json\/wp\/v2\/product_cat?post=21012"},{"taxonomy":"product_tag","embeddable":true,"href":"https:\/\/www.tstcables.com\/vi\/wp-json\/wp\/v2\/product_tag?post=21012"}],"curies":[{"name":"wp","href":"https:\/\/api.w.org\/{rel}","templated":true}]}}