{"id":21016,"date":"2024-04-13T10:09:43","date_gmt":"2024-04-13T02:09:43","guid":{"rendered":"https:\/\/www.tstcables.com\/product\/cap-he-thong-thu-thap-du-lieu-nang-luong-gio\/"},"modified":"2024-04-13T10:09:43","modified_gmt":"2024-04-13T02:09:43","slug":"cap-he-thong-thu-thap-du-lieu-nang-luong-gio","status":"publish","type":"product","link":"https:\/\/www.tstcables.com\/vi\/product\/cap-he-thong-thu-thap-du-lieu-nang-luong-gio\/","title":{"rendered":"C\u00e1p h\u1ec7 th\u1ed1ng thu th\u1eadp d\u1eef li\u1ec7u n\u0103ng l\u01b0\u1ee3ng gi\u00f3"},"content":{"rendered":"<p>\u1ee8ng d\u1ee5ng:<\/p>\n<p>H\u1ec7 th\u1ed1ng thu th\u1eadp d\u1eef li\u1ec7u n\u0103ng l\u01b0\u1ee3ng gi\u00f3<\/p>\n<p>\u0110\u1eb7c \u0111i\u1ec3m:<\/p>\n<ul>\n<li>\u0110i\u1ec7n \u00e1p \u0111\u1ecbnh m\u1ee9c: 300V AC<\/li>\n<li>Ph\u1ea1m vi nhi\u1ec7t \u0111\u1ed9: -40\u00b0C \u0111\u1ebfn 90\u00b0C<\/li>\n<li>B\u00e1n k\u00ednh u\u1ed1n: 6D (D d\u00f9ng \u0111\u1ec3 ch\u1ec9 \u0111\u01b0\u1eddng k\u00ednh ngo\u00e0i c\u1ee7a c\u00e1p)<\/li>\n<li>\u0110i\u1ec7n dung ho\u1ea1t \u0111\u1ed9ng: 46pF\/m (1.0 MHz)&lt;<\/li>\n<li>Tr\u1edf kh\u00e1ng truy\u1ec1n: 20m\u03a9\/m (20 MHz)&lt;<\/li>\n<\/ul>\n<p>K\u1ebft c\u1ea5u:<\/p>\n<ul>\n<li>D\u00e2y d\u1eabn: D\u00e2y d\u1eabn b\u1eb1ng \u0111\u1ed3ng \u0111\u00f3ng h\u1ed9p, c\u1ea5u tr\u00fac lo\u1ea1i 5.<\/li>\n<li>V\u1eadt li\u1ec7u c\u00e1ch nhi\u1ec7t: V\u1eadt li\u1ec7u c\u00e1ch nhi\u1ec7t Polyethylene.<\/li>\n<li>B\u0103ng polyester.<\/li>\n<li>B\u0103ng keo composite nh\u00f4m-nh\u1ef1a.<\/li>\n<\/ul>\n<p>Tham s\u1ed1 l\u1ef1a ch\u1ecdn<\/p>\n<table class=\"tg\">\n<thead>\n<tr>\n<th class=\"tg-949j\" rowspan=\"2\">Th\u00f4ng s\u1ed1 m\u1eabu<\/th>\n<th class=\"tg-949j\" rowspan=\"2\">\u0110\u01b0\u1eddng k\u00ednh d\u00e2y d\u1eabn \uff08mm<\/th>\n<th class=\"tg-949j\" rowspan=\"2\">\u0110\u01b0\u1eddng k\u00ednh c\u00e1ch nhi\u1ec7t \uff08mm<\/th>\n<th class=\"tg-949j\">\u0110\u01b0\u1eddng k\u00ednh ngo\u00e0i(D)<\/th>\n<\/tr>\n<tr>\n<th class=\"tg-949j\">Min.mm<\/th>\n<\/tr>\n<\/thead>\n<tbody>\n<tr>\n<td class=\"tg-949j\">2 \u00d7 0,5 (Lo\u1ea1i r\u1eafn)<\/td>\n<td class=\"tg-grqh\">0.9<\/td>\n<td class=\"tg-grqh\">3.3<\/td>\n<td class=\"tg-grqh\">8.5<\/td>\n<\/tr>\n<tr>\n<td class=\"tg-949j\">2\u00d70,5(Lo\u1ea1i b\u1ecdt)<\/td>\n<td class=\"tg-grqh\">0.9<\/td>\n<td class=\"tg-grqh\">2.4<\/td>\n<td class=\"tg-grqh\">6.7<\/td>\n<\/tr>\n<tr>\n<td class=\"tg-949j\">2\u00d70,75(Lo\u1ea1i b\u1ecdt)<\/td>\n<td class=\"tg-grqh\">1.15<\/td>\n<td class=\"tg-grqh\">3.3<\/td>\n<td class=\"tg-grqh\">8.5<\/td>\n<\/tr>\n<tr>\n<td class=\"tg-949j\">2\u00d70,75(Lo\u1ea1i r\u1eafn)<\/td>\n<td class=\"tg-grqh\">1.15<\/td>\n<td class=\"tg-grqh\">4.2<\/td>\n<td class=\"tg-grqh\">10.3<\/td>\n<\/tr>\n<\/tbody>\n<\/table>\n","protected":false},"excerpt":{"rendered":"<p>C\u00e1p h\u1ec7 th\u1ed1ng thu th\u1eadp d\u1eef li\u1ec7u n\u0103ng l\u01b0\u1ee3ng gi\u00f3 c\u00f3 \u0111\u1ed9 b\u1ec1n k\u00e9o, ch\u1ed1ng m\u00e0i m\u00f2n v\u00e0 th\u00edch \u1ee9ng v\u1edbi m\u00f4i tr\u01b0\u1eddng kh\u1eafc nghi\u1ec7t. Ch\u00fang l\u00e0 m\u1ed9t ph\u1ea7n quan tr\u1ecdng c\u1ee7a h\u1ec7 th\u1ed1ng n\u0103ng l\u01b0\u1ee3ng gi\u00f3 v\u00e0 ch\u1ecbu tr\u00e1ch nhi\u1ec7m truy\u1ec1n d\u1eef li\u1ec7u t\u1eeb nhi\u1ec1u c\u1ea3m bi\u1ebfn v\u00e0 thi\u1ebft b\u1ecb kh\u00e1c nhau nh\u01b0 m\u00e1y \u0111o gi\u00f3, tua bin gi\u00f3 v\u00e0 b\u1ed9 chuy\u1ec3n \u0111\u1ed5i n\u0103ng l\u01b0\u1ee3ng \u0111\u1ebfn h\u1ec7 th\u1ed1ng \u0111i\u1ec1u khi\u1ec3n v\u00e0 thu th\u1eadp d\u1eef li\u1ec7u.<\/p>\n","protected":false},"featured_media":12488,"template":"","meta":{"_eb_attr":"","site-sidebar-layout":"default","site-content-layout":"","ast-site-content-layout":"default","site-content-style":"default","site-sidebar-style":"default","ast-global-header-display":"","ast-banner-title-visibility":"","ast-main-header-display":"","ast-hfb-above-header-display":"","ast-hfb-below-header-display":"","ast-hfb-mobile-header-display":"","site-post-title":"","ast-breadcrumbs-content":"","ast-featured-img":"","footer-sml-layout":"","theme-transparent-header-meta":"default","adv-header-id-meta":"","stick-header-meta":"","header-above-stick-meta":"","header-main-stick-meta":"","header-below-stick-meta":"","astra-migrate-meta-layouts":"default","ast-page-background-enabled":"default","ast-page-background-meta":{"desktop":{"background-color":"","background-image":"","background-repeat":"repeat","background-position":"center center","background-size":"auto","background-attachment":"scroll","background-type":"","background-media":"","overlay-type":"","overlay-color":"","overlay-opacity":"","overlay-gradient":""},"tablet":{"background-color":"","background-image":"","background-repeat":"repeat","background-position":"center center","background-size":"auto","background-attachment":"scroll","background-type":"","background-media":"","overlay-type":"","overlay-color":"","overlay-opacity":"","overlay-gradient":""},"mobile":{"background-color":"","background-image":"","background-repeat":"repeat","background-position":"center center","background-size":"auto","background-attachment":"scroll","background-type":"","background-media":"","overlay-type":"","overlay-color":"","overlay-opacity":"","overlay-gradient":""}},"ast-content-background-meta":{"desktop":{"background-color":"var(--ast-global-color-5)","background-image":"","background-repeat":"repeat","background-position":"center center","background-size":"auto","background-attachment":"scroll","background-type":"","background-media":"","overlay-type":"","overlay-color":"","overlay-opacity":"","overlay-gradient":""},"tablet":{"background-color":"var(--ast-global-color-5)","background-image":"","background-repeat":"repeat","background-position":"center center","background-size":"auto","background-attachment":"scroll","background-type":"","background-media":"","overlay-type":"","overlay-color":"","overlay-opacity":"","overlay-gradient":""},"mobile":{"background-color":"var(--ast-global-color-5)","background-image":"","background-repeat":"repeat","background-position":"center center","background-size":"auto","background-attachment":"scroll","background-type":"","background-media":"","overlay-type":"","overlay-color":"","overlay-opacity":"","overlay-gradient":""}}},"product_brand":[],"product_cat":[847],"product_tag":[1936],"class_list":{"0":"post-21016","1":"product","2":"type-product","3":"status-publish","4":"has-post-thumbnail","6":"product_cat-wind-power-vi","7":"product_tag-cap-mvb-xe-buyt-da-chuc-nang","8":"desktop-align-center","9":"tablet-align-left","10":"mobile-align-left","12":"first","13":"instock","14":"shipping-taxable","15":"product-type-simple"},"yoast_head":"<!-- This site is optimized with the Yoast SEO plugin v27.5 - https:\/\/yoast.com\/product\/yoast-seo-wordpress\/ -->\n<title>C\u00e1p h\u1ec7 th\u1ed1ng thu th\u1eadp d\u1eef li\u1ec7u n\u0103ng l\u01b0\u1ee3ng gi\u00f3<\/title>\n<meta name=\"description\" content=\"C\u00e1p h\u1ec7 th\u1ed1ng thu th\u1eadp d\u1eef li\u1ec7u n\u0103ng l\u01b0\u1ee3ng gi\u00f3 c\u00f3 \u0111\u1ed9 b\u1ec1n k\u00e9o, ch\u1ed1ng m\u00e0i m\u00f2n v\u00e0 th\u00edch \u1ee9ng v\u1edbi m\u00f4i tr\u01b0\u1eddng kh\u1eafc nghi\u1ec7t.\" \/>\n<meta name=\"robots\" content=\"index, follow, max-snippet:-1, max-image-preview:large, max-video-preview:-1\" \/>\n<link rel=\"canonical\" href=\"https:\/\/www.tstcables.com\/vi\/product\/cap-he-thong-thu-thap-du-lieu-nang-luong-gio\/\" \/>\n<meta property=\"og:locale\" content=\"vi_VN\" \/>\n<meta property=\"og:type\" content=\"article\" \/>\n<meta property=\"og:title\" content=\"C\u00e1p h\u1ec7 th\u1ed1ng thu th\u1eadp d\u1eef li\u1ec7u n\u0103ng l\u01b0\u1ee3ng gi\u00f3\" \/>\n<meta property=\"og:description\" content=\"C\u00e1p h\u1ec7 th\u1ed1ng thu th\u1eadp d\u1eef li\u1ec7u n\u0103ng l\u01b0\u1ee3ng gi\u00f3 c\u00f3 \u0111\u1ed9 b\u1ec1n k\u00e9o, ch\u1ed1ng m\u00e0i m\u00f2n v\u00e0 th\u00edch \u1ee9ng v\u1edbi m\u00f4i tr\u01b0\u1eddng kh\u1eafc nghi\u1ec7t.\" \/>\n<meta property=\"og:url\" content=\"https:\/\/www.tstcables.com\/vi\/product\/cap-he-thong-thu-thap-du-lieu-nang-luong-gio\/\" \/>\n<meta property=\"og:site_name\" content=\"TST CABLES supplier &amp; Manufacture\" \/>\n<meta property=\"og:image\" content=\"https:\/\/www.tstcables.com\/wp-content\/uploads\/2024\/03\/WTB-6.jpg\" \/>\n\t<meta property=\"og:image:width\" content=\"640\" \/>\n\t<meta property=\"og:image:height\" content=\"640\" \/>\n\t<meta property=\"og:image:type\" content=\"image\/jpeg\" \/>\n<meta name=\"twitter:card\" content=\"summary_large_image\" \/>\n<meta name=\"twitter:label1\" content=\"Est. reading time\" \/>\n\t<meta name=\"twitter:data1\" content=\"1 minute\" \/>\n<script type=\"application\/ld+json\" class=\"yoast-schema-graph\">{\"@context\":\"https:\\\/\\\/schema.org\",\"@graph\":[{\"@type\":\"WebPage\",\"@id\":\"https:\\\/\\\/www.tstcables.com\\\/vi\\\/product\\\/cap-he-thong-thu-thap-du-lieu-nang-luong-gio\\\/\",\"url\":\"https:\\\/\\\/www.tstcables.com\\\/vi\\\/product\\\/cap-he-thong-thu-thap-du-lieu-nang-luong-gio\\\/\",\"name\":\"C\u00e1p h\u1ec7 th\u1ed1ng thu th\u1eadp d\u1eef li\u1ec7u n\u0103ng l\u01b0\u1ee3ng gi\u00f3\",\"isPartOf\":{\"@id\":\"https:\\\/\\\/www.tstcables.com\\\/vi\\\/#website\"},\"primaryImageOfPage\":{\"@id\":\"https:\\\/\\\/www.tstcables.com\\\/vi\\\/product\\\/cap-he-thong-thu-thap-du-lieu-nang-luong-gio\\\/#primaryimage\"},\"image\":{\"@id\":\"https:\\\/\\\/www.tstcables.com\\\/vi\\\/product\\\/cap-he-thong-thu-thap-du-lieu-nang-luong-gio\\\/#primaryimage\"},\"thumbnailUrl\":\"https:\\\/\\\/www.tstcables.com\\\/wp-content\\\/uploads\\\/2024\\\/03\\\/WTB-6.jpg\",\"datePublished\":\"2024-04-13T02:09:43+00:00\",\"description\":\"C\u00e1p h\u1ec7 th\u1ed1ng thu th\u1eadp d\u1eef li\u1ec7u n\u0103ng l\u01b0\u1ee3ng gi\u00f3 c\u00f3 \u0111\u1ed9 b\u1ec1n k\u00e9o, ch\u1ed1ng m\u00e0i m\u00f2n v\u00e0 th\u00edch \u1ee9ng v\u1edbi m\u00f4i tr\u01b0\u1eddng kh\u1eafc nghi\u1ec7t.\",\"breadcrumb\":{\"@id\":\"https:\\\/\\\/www.tstcables.com\\\/vi\\\/product\\\/cap-he-thong-thu-thap-du-lieu-nang-luong-gio\\\/#breadcrumb\"},\"inLanguage\":\"vi-VN\",\"potentialAction\":[{\"@type\":\"ReadAction\",\"target\":[\"https:\\\/\\\/www.tstcables.com\\\/vi\\\/product\\\/cap-he-thong-thu-thap-du-lieu-nang-luong-gio\\\/\"]}]},{\"@type\":\"ImageObject\",\"inLanguage\":\"vi-VN\",\"@id\":\"https:\\\/\\\/www.tstcables.com\\\/vi\\\/product\\\/cap-he-thong-thu-thap-du-lieu-nang-luong-gio\\\/#primaryimage\",\"url\":\"https:\\\/\\\/www.tstcables.com\\\/wp-content\\\/uploads\\\/2024\\\/03\\\/WTB-6.jpg\",\"contentUrl\":\"https:\\\/\\\/www.tstcables.com\\\/wp-content\\\/uploads\\\/2024\\\/03\\\/WTB-6.jpg\",\"width\":640,\"height\":640,\"caption\":\"Multifunctional integrated Wire Cable\"},{\"@type\":\"BreadcrumbList\",\"@id\":\"https:\\\/\\\/www.tstcables.com\\\/vi\\\/product\\\/cap-he-thong-thu-thap-du-lieu-nang-luong-gio\\\/#breadcrumb\",\"itemListElement\":[{\"@type\":\"ListItem\",\"position\":1,\"name\":\"\u9996\u9875\",\"item\":\"https:\\\/\\\/www.tstcables.com\\\/vi\\\/\"},{\"@type\":\"ListItem\",\"position\":2,\"name\":\"Product\",\"item\":\"https:\\\/\\\/www.tstcables.com\\\/product\\\/\"},{\"@type\":\"ListItem\",\"position\":3,\"name\":\"C\u00e1p h\u1ec7 th\u1ed1ng thu th\u1eadp d\u1eef li\u1ec7u n\u0103ng l\u01b0\u1ee3ng gi\u00f3\"}]},{\"@type\":\"WebSite\",\"@id\":\"https:\\\/\\\/www.tstcables.com\\\/vi\\\/#website\",\"url\":\"https:\\\/\\\/www.tstcables.com\\\/vi\\\/\",\"name\":\"TST Cable supplier & Manufacture\",\"description\":\"TST CABLES  supplier &amp; Manufacture official website\",\"publisher\":{\"@id\":\"https:\\\/\\\/www.tstcables.com\\\/vi\\\/#organization\"},\"potentialAction\":[{\"@type\":\"SearchAction\",\"target\":{\"@type\":\"EntryPoint\",\"urlTemplate\":\"https:\\\/\\\/www.tstcables.com\\\/vi\\\/?s={search_term_string}\"},\"query-input\":{\"@type\":\"PropertyValueSpecification\",\"valueRequired\":true,\"valueName\":\"search_term_string\"}}],\"inLanguage\":\"vi-VN\"},{\"@type\":\"Organization\",\"@id\":\"https:\\\/\\\/www.tstcables.com\\\/vi\\\/#organization\",\"name\":\"TST Cable supplier & Manufacture\",\"url\":\"https:\\\/\\\/www.tstcables.com\\\/vi\\\/\",\"logo\":{\"@type\":\"ImageObject\",\"inLanguage\":\"vi-VN\",\"@id\":\"https:\\\/\\\/www.tstcables.com\\\/vi\\\/#\\\/schema\\\/logo\\\/image\\\/\",\"url\":\"https:\\\/\\\/www.tstcables.com\\\/wp-content\\\/uploads\\\/2024\\\/04\\\/cropped-\u753b\u677f-1-\u62f7\u8d1d-4-1.png\",\"contentUrl\":\"https:\\\/\\\/www.tstcables.com\\\/wp-content\\\/uploads\\\/2024\\\/04\\\/cropped-\u753b\u677f-1-\u62f7\u8d1d-4-1.png\",\"width\":300,\"height\":100,\"caption\":\"TST Cable supplier & Manufacture\"},\"image\":{\"@id\":\"https:\\\/\\\/www.tstcables.com\\\/vi\\\/#\\\/schema\\\/logo\\\/image\\\/\"}}]}<\/script>\n<!-- \/ Yoast SEO plugin. -->","yoast_head_json":{"title":"C\u00e1p h\u1ec7 th\u1ed1ng thu th\u1eadp d\u1eef li\u1ec7u n\u0103ng l\u01b0\u1ee3ng gi\u00f3","description":"C\u00e1p h\u1ec7 th\u1ed1ng thu th\u1eadp d\u1eef li\u1ec7u n\u0103ng l\u01b0\u1ee3ng gi\u00f3 c\u00f3 \u0111\u1ed9 b\u1ec1n k\u00e9o, ch\u1ed1ng m\u00e0i m\u00f2n v\u00e0 th\u00edch \u1ee9ng v\u1edbi m\u00f4i tr\u01b0\u1eddng kh\u1eafc nghi\u1ec7t.","robots":{"index":"index","follow":"follow","max-snippet":"max-snippet:-1","max-image-preview":"max-image-preview:large","max-video-preview":"max-video-preview:-1"},"canonical":"https:\/\/www.tstcables.com\/vi\/product\/cap-he-thong-thu-thap-du-lieu-nang-luong-gio\/","og_locale":"vi_VN","og_type":"article","og_title":"C\u00e1p h\u1ec7 th\u1ed1ng thu th\u1eadp d\u1eef li\u1ec7u n\u0103ng l\u01b0\u1ee3ng gi\u00f3","og_description":"C\u00e1p h\u1ec7 th\u1ed1ng thu th\u1eadp d\u1eef li\u1ec7u n\u0103ng l\u01b0\u1ee3ng gi\u00f3 c\u00f3 \u0111\u1ed9 b\u1ec1n k\u00e9o, ch\u1ed1ng m\u00e0i m\u00f2n v\u00e0 th\u00edch \u1ee9ng v\u1edbi m\u00f4i tr\u01b0\u1eddng kh\u1eafc nghi\u1ec7t.","og_url":"https:\/\/www.tstcables.com\/vi\/product\/cap-he-thong-thu-thap-du-lieu-nang-luong-gio\/","og_site_name":"TST CABLES supplier &amp; Manufacture","og_image":[{"width":640,"height":640,"url":"https:\/\/www.tstcables.com\/wp-content\/uploads\/2024\/03\/WTB-6.jpg","type":"image\/jpeg"}],"twitter_card":"summary_large_image","twitter_misc":{"Est. reading time":"1 minute"},"schema":{"@context":"https:\/\/schema.org","@graph":[{"@type":"WebPage","@id":"https:\/\/www.tstcables.com\/vi\/product\/cap-he-thong-thu-thap-du-lieu-nang-luong-gio\/","url":"https:\/\/www.tstcables.com\/vi\/product\/cap-he-thong-thu-thap-du-lieu-nang-luong-gio\/","name":"C\u00e1p h\u1ec7 th\u1ed1ng thu th\u1eadp d\u1eef li\u1ec7u n\u0103ng l\u01b0\u1ee3ng gi\u00f3","isPartOf":{"@id":"https:\/\/www.tstcables.com\/vi\/#website"},"primaryImageOfPage":{"@id":"https:\/\/www.tstcables.com\/vi\/product\/cap-he-thong-thu-thap-du-lieu-nang-luong-gio\/#primaryimage"},"image":{"@id":"https:\/\/www.tstcables.com\/vi\/product\/cap-he-thong-thu-thap-du-lieu-nang-luong-gio\/#primaryimage"},"thumbnailUrl":"https:\/\/www.tstcables.com\/wp-content\/uploads\/2024\/03\/WTB-6.jpg","datePublished":"2024-04-13T02:09:43+00:00","description":"C\u00e1p h\u1ec7 th\u1ed1ng thu th\u1eadp d\u1eef li\u1ec7u n\u0103ng l\u01b0\u1ee3ng gi\u00f3 c\u00f3 \u0111\u1ed9 b\u1ec1n k\u00e9o, ch\u1ed1ng m\u00e0i m\u00f2n v\u00e0 th\u00edch \u1ee9ng v\u1edbi m\u00f4i tr\u01b0\u1eddng kh\u1eafc nghi\u1ec7t.","breadcrumb":{"@id":"https:\/\/www.tstcables.com\/vi\/product\/cap-he-thong-thu-thap-du-lieu-nang-luong-gio\/#breadcrumb"},"inLanguage":"vi-VN","potentialAction":[{"@type":"ReadAction","target":["https:\/\/www.tstcables.com\/vi\/product\/cap-he-thong-thu-thap-du-lieu-nang-luong-gio\/"]}]},{"@type":"ImageObject","inLanguage":"vi-VN","@id":"https:\/\/www.tstcables.com\/vi\/product\/cap-he-thong-thu-thap-du-lieu-nang-luong-gio\/#primaryimage","url":"https:\/\/www.tstcables.com\/wp-content\/uploads\/2024\/03\/WTB-6.jpg","contentUrl":"https:\/\/www.tstcables.com\/wp-content\/uploads\/2024\/03\/WTB-6.jpg","width":640,"height":640,"caption":"Multifunctional integrated Wire Cable"},{"@type":"BreadcrumbList","@id":"https:\/\/www.tstcables.com\/vi\/product\/cap-he-thong-thu-thap-du-lieu-nang-luong-gio\/#breadcrumb","itemListElement":[{"@type":"ListItem","position":1,"name":"\u9996\u9875","item":"https:\/\/www.tstcables.com\/vi\/"},{"@type":"ListItem","position":2,"name":"Product","item":"https:\/\/www.tstcables.com\/product\/"},{"@type":"ListItem","position":3,"name":"C\u00e1p h\u1ec7 th\u1ed1ng thu th\u1eadp d\u1eef li\u1ec7u n\u0103ng l\u01b0\u1ee3ng gi\u00f3"}]},{"@type":"WebSite","@id":"https:\/\/www.tstcables.com\/vi\/#website","url":"https:\/\/www.tstcables.com\/vi\/","name":"TST Cable supplier & Manufacture","description":"TST CABLES  supplier &amp; Manufacture official website","publisher":{"@id":"https:\/\/www.tstcables.com\/vi\/#organization"},"potentialAction":[{"@type":"SearchAction","target":{"@type":"EntryPoint","urlTemplate":"https:\/\/www.tstcables.com\/vi\/?s={search_term_string}"},"query-input":{"@type":"PropertyValueSpecification","valueRequired":true,"valueName":"search_term_string"}}],"inLanguage":"vi-VN"},{"@type":"Organization","@id":"https:\/\/www.tstcables.com\/vi\/#organization","name":"TST Cable supplier & Manufacture","url":"https:\/\/www.tstcables.com\/vi\/","logo":{"@type":"ImageObject","inLanguage":"vi-VN","@id":"https:\/\/www.tstcables.com\/vi\/#\/schema\/logo\/image\/","url":"https:\/\/www.tstcables.com\/wp-content\/uploads\/2024\/04\/cropped-\u753b\u677f-1-\u62f7\u8d1d-4-1.png","contentUrl":"https:\/\/www.tstcables.com\/wp-content\/uploads\/2024\/04\/cropped-\u753b\u677f-1-\u62f7\u8d1d-4-1.png","width":300,"height":100,"caption":"TST Cable supplier & Manufacture"},"image":{"@id":"https:\/\/www.tstcables.com\/vi\/#\/schema\/logo\/image\/"}}]}},"_links":{"self":[{"href":"https:\/\/www.tstcables.com\/vi\/wp-json\/wp\/v2\/product\/21016","targetHints":{"allow":["GET"]}}],"collection":[{"href":"https:\/\/www.tstcables.com\/vi\/wp-json\/wp\/v2\/product"}],"about":[{"href":"https:\/\/www.tstcables.com\/vi\/wp-json\/wp\/v2\/types\/product"}],"version-history":[{"count":0,"href":"https:\/\/www.tstcables.com\/vi\/wp-json\/wp\/v2\/product\/21016\/revisions"}],"wp:featuredmedia":[{"embeddable":true,"href":"https:\/\/www.tstcables.com\/vi\/wp-json\/wp\/v2\/media\/12488"}],"wp:attachment":[{"href":"https:\/\/www.tstcables.com\/vi\/wp-json\/wp\/v2\/media?parent=21016"}],"wp:term":[{"taxonomy":"product_brand","embeddable":true,"href":"https:\/\/www.tstcables.com\/vi\/wp-json\/wp\/v2\/product_brand?post=21016"},{"taxonomy":"product_cat","embeddable":true,"href":"https:\/\/www.tstcables.com\/vi\/wp-json\/wp\/v2\/product_cat?post=21016"},{"taxonomy":"product_tag","embeddable":true,"href":"https:\/\/www.tstcables.com\/vi\/wp-json\/wp\/v2\/product_tag?post=21016"}],"curies":[{"name":"wp","href":"https:\/\/api.w.org\/{rel}","templated":true}]}}