{"id":21020,"date":"2024-04-12T15:27:52","date_gmt":"2024-04-12T07:27:52","guid":{"rendered":"https:\/\/www.tstcables.com\/product\/cap-thiet-bi-dau-khi-ngoai-khoi\/"},"modified":"2024-04-12T15:27:52","modified_gmt":"2024-04-12T07:27:52","slug":"cap-thiet-bi-dau-khi-ngoai-khoi","status":"publish","type":"product","link":"https:\/\/www.tstcables.com\/vi\/product\/cap-thiet-bi-dau-khi-ngoai-khoi\/","title":{"rendered":"C\u00e1p thi\u1ebft b\u1ecb d\u1ea7u kh\u00ed ngo\u00e0i kh\u01a1i"},"content":{"rendered":"<p><strong>C\u00e1c \u1ee9ng d\u1ee5ng<\/strong><\/p>\n<p>Thi\u1ebft b\u1ecb d\u1ea7u kh\u00ed ngo\u00e0i kh\u01a1i<\/p>\n<p><strong>Ti\u00eau chu\u1ea9n c\u00f4ng nghi\u1ec7p<\/strong><\/p>\n<ul>\n<li>lEN45545-2<\/li>\n<\/ul>\n<p><strong>T\u00ednh n\u0103ng s\u1ea3n ph\u1ea9m:<\/strong><\/p>\n<ol>\n<li>Kh\u1ea3 n\u0103ng ch\u1ecbu nhi\u1ec7t \u0111\u1ed9 d\u00e0i h\u1ea1n: -50-250oC<\/li>\n<li>Ch\u1ecbu \u0111\u01b0\u1ee3c c\u1ea5p \u0111i\u1ec7n \u00e1p: 300V 600V<\/li>\n<li>Kh\u1ea3 n\u0103ng ch\u1ed1ng b\u1ee9c x\u1ea1 gamma: 850KGy c\u00f3 th\u1ec3 s\u1eed d\u1ee5ng trong th\u1eddi gian d\u00e0i.<\/li>\n<li>\u00cdt kh\u00f3i, kh\u00f4ng halogen, ch\u1ed1ng ch\u00e1y, ch\u1ecbu nhi\u1ec7t \u0111\u1ed9 cao v\u00e0 th\u1ea5p<\/li>\n<li>Kh\u00e1ng mu\u1ed1i-ki\u1ec1m<\/li>\n<li>Th\u00edch nghi v\u1edbi m\u00f4i tr\u01b0\u1eddng kh\u1eafc nghi\u1ec7t.<\/li>\n<\/ol>\n<p><strong>C\u00e1c th\u00f4ng s\u1ed1 k\u1ef9 thu\u1eadt<\/strong><\/p>\n<table class=\"tg\">\n<thead>\n<tr>\n<th class=\"tg-grqh\" rowspan=\"2\">M\u1eb7t c\u1eaft danh ngh\u0129a<\/th>\n<th class=\"tg-grqh\" rowspan=\"2\">C\u1ea5u tr\u00fac d\u00e2y d\u1eabn g\u1ed1c\/\u0111\u01b0\u1eddng k\u00ednh<\/th>\n<th class=\"tg-grqh\" colspan=\"2\">\u0110\u01b0\u1eddng k\u00ednh d\u00e2y d\u1eabn d<\/th>\n<th class=\"tg-d93i\" colspan=\"2\">\u0110\u01b0\u1eddng k\u00ednh ngo\u00e0i c\u1ee7a c\u00e1p D<\/th>\n<\/tr>\n<tr>\n<th class=\"tg-grqh\">Min\/mm<\/th>\n<th class=\"tg-grqh\">Min\/mm<\/th>\n<th class=\"tg-d93i\">Min\/mm<\/th>\n<th class=\"tg-d93i\">Max \u03a9\/km<\/th>\n<\/tr>\n<\/thead>\n<tbody>\n<tr>\n<td class=\"tg-grqh\">0.06<\/td>\n<td class=\"tg-grqh\">7\/0.10<\/td>\n<td class=\"tg-grqh\">0.3<\/td>\n<td class=\"tg-grqh\">0.18<\/td>\n<td class=\"tg-d93i\">0.66<\/td>\n<td class=\"tg-d93i\">330<\/td>\n<\/tr>\n<tr>\n<td class=\"tg-grqh\">0.08<\/td>\n<td class=\"tg-grqh\">7\/0.12<\/td>\n<td class=\"tg-grqh\">0.36<\/td>\n<td class=\"tg-grqh\">0.18<\/td>\n<td class=\"tg-d93i\">0.72<\/td>\n<td class=\"tg-d93i\">227<\/td>\n<\/tr>\n<tr>\n<td class=\"tg-grqh\">0.14<\/td>\n<td class=\"tg-grqh\">19\/0.10<\/td>\n<td class=\"tg-grqh\">0.5<\/td>\n<td class=\"tg-grqh\">0.2<\/td>\n<td class=\"tg-d93i\">0.9<\/td>\n<td class=\"tg-d93i\">126<\/td>\n<\/tr>\n<tr>\n<td class=\"tg-grqh\">0.2<\/td>\n<td class=\"tg-grqh\">19\/0.12<\/td>\n<td class=\"tg-grqh\">0.6<\/td>\n<td class=\"tg-grqh\">0.2<\/td>\n<td class=\"tg-d93i\">1<\/td>\n<td class=\"tg-d93i\">83.5<\/td>\n<\/tr>\n<tr>\n<td class=\"tg-grqh\">0.4\/0.3<\/td>\n<td class=\"tg-grqh\">19\/0.16<\/td>\n<td class=\"tg-grqh\">0.8<\/td>\n<td class=\"tg-grqh\">0.2<\/td>\n<td class=\"tg-d93i\">1.2<\/td>\n<td class=\"tg-d93i\">49.5<\/td>\n<\/tr>\n<tr>\n<td class=\"tg-d93i\">0.5<\/td>\n<td class=\"tg-d93i\">19\/0.18<\/td>\n<td class=\"tg-d93i\">0.9<\/td>\n<td class=\"tg-d93i\">0.2<\/td>\n<td class=\"tg-d93i\">1.4<\/td>\n<td class=\"tg-d93i\">30.2<\/td>\n<\/tr>\n<tr>\n<td class=\"tg-d93i\">0.75<\/td>\n<td class=\"tg-d93i\">37\/0.16<\/td>\n<td class=\"tg-d93i\">1.12<\/td>\n<td class=\"tg-d93i\">0.2<\/td>\n<td class=\"tg-d93i\">1.52<\/td>\n<td class=\"tg-d93i\">22.7<\/td>\n<\/tr>\n<tr>\n<td class=\"tg-d93i\">1<\/td>\n<td class=\"tg-d93i\">37\/0.18<\/td>\n<td class=\"tg-d93i\">1.26<\/td>\n<td class=\"tg-d93i\">0.2<\/td>\n<td class=\"tg-d93i\">1.66<\/td>\n<td class=\"tg-d93i\">19<\/td>\n<\/tr>\n<\/tbody>\n<\/table>\n","protected":false},"excerpt":{"rendered":"<p>Offshore oil and gas equipment cables are salt-alkali resistant and adaptable to harsh environments.C\u00e1p thi\u1ebft b\u1ecb d\u1ea7u kh\u00ed ngo\u00e0i kh\u01a1i Ch\u00fang l\u00e0 th\u00e0nh ph\u1ea7n ch\u00ednh \u0111\u1ec3 th\u0103m d\u00f2 v\u00e0 s\u1ea3n xu\u1ea5t tr\u1eef l\u01b0\u1ee3ng d\u1ea7u kh\u00ed \u1edf m\u00f4i tr\u01b0\u1eddng ngo\u00e0i kh\u01a1i.<\/p>\n","protected":false},"featured_media":13048,"template":"","meta":{"_eb_attr":"","site-sidebar-layout":"default","site-content-layout":"","ast-site-content-layout":"default","site-content-style":"default","site-sidebar-style":"default","ast-global-header-display":"","ast-banner-title-visibility":"","ast-main-header-display":"","ast-hfb-above-header-display":"","ast-hfb-below-header-display":"","ast-hfb-mobile-header-display":"","site-post-title":"","ast-breadcrumbs-content":"","ast-featured-img":"","footer-sml-layout":"","theme-transparent-header-meta":"default","adv-header-id-meta":"","stick-header-meta":"","header-above-stick-meta":"","header-main-stick-meta":"","header-below-stick-meta":"","astra-migrate-meta-layouts":"default","ast-page-background-enabled":"default","ast-page-background-meta":{"desktop":{"background-color":"","background-image":"","background-repeat":"repeat","background-position":"center center","background-size":"auto","background-attachment":"scroll","background-type":"","background-media":"","overlay-type":"","overlay-color":"","overlay-opacity":"","overlay-gradient":""},"tablet":{"background-color":"","background-image":"","background-repeat":"repeat","background-position":"center center","background-size":"auto","background-attachment":"scroll","background-type":"","background-media":"","overlay-type":"","overlay-color":"","overlay-opacity":"","overlay-gradient":""},"mobile":{"background-color":"","background-image":"","background-repeat":"repeat","background-position":"center center","background-size":"auto","background-attachment":"scroll","background-type":"","background-media":"","overlay-type":"","overlay-color":"","overlay-opacity":"","overlay-gradient":""}},"ast-content-background-meta":{"desktop":{"background-color":"var(--ast-global-color-5)","background-image":"","background-repeat":"repeat","background-position":"center center","background-size":"auto","background-attachment":"scroll","background-type":"","background-media":"","overlay-type":"","overlay-color":"","overlay-opacity":"","overlay-gradient":""},"tablet":{"background-color":"var(--ast-global-color-5)","background-image":"","background-repeat":"repeat","background-position":"center center","background-size":"auto","background-attachment":"scroll","background-type":"","background-media":"","overlay-type":"","overlay-color":"","overlay-opacity":"","overlay-gradient":""},"mobile":{"background-color":"var(--ast-global-color-5)","background-image":"","background-repeat":"repeat","background-position":"center center","background-size":"auto","background-attachment":"scroll","background-type":"","background-media":"","overlay-type":"","overlay-color":"","overlay-opacity":"","overlay-gradient":""}}},"product_brand":[],"product_cat":[836],"product_tag":[1944,1945,1943],"class_list":{"0":"post-21020","1":"product","2":"type-product","3":"status-publish","4":"has-post-thumbnail","6":"product_cat-oil-gas-vi","7":"product_tag-cap-boc-loi-don-peek-polyetheretherketone","8":"product_tag-cap-boc-loi-don-th-j-ak-250","9":"product_tag-cap-loi-don","10":"desktop-align-center","11":"tablet-align-left","12":"mobile-align-left","14":"first","15":"instock","16":"shipping-taxable","17":"product-type-simple"},"yoast_head":"<!-- This site is optimized with the Yoast SEO plugin v27.5 - https:\/\/yoast.com\/product\/yoast-seo-wordpress\/ -->\n<title>C\u00e1p thi\u1ebft b\u1ecb d\u1ea7u kh\u00ed ngo\u00e0i kh\u01a1i<\/title>\n<meta name=\"description\" content=\"Offshore oil and gas equipment cables are salt-alkali resistant and adaptable to harsh environments.C\u00e1p thi\u1ebft b\u1ecb d\u1ea7u kh\u00ed ngo\u00e0i kh\u01a1i\" \/>\n<meta name=\"robots\" content=\"index, follow, max-snippet:-1, max-image-preview:large, max-video-preview:-1\" \/>\n<link rel=\"canonical\" href=\"https:\/\/www.tstcables.com\/vi\/product\/cap-thiet-bi-dau-khi-ngoai-khoi\/\" \/>\n<meta property=\"og:locale\" content=\"vi_VN\" \/>\n<meta property=\"og:type\" content=\"article\" \/>\n<meta property=\"og:title\" content=\"C\u00e1p thi\u1ebft b\u1ecb d\u1ea7u kh\u00ed ngo\u00e0i kh\u01a1i\" \/>\n<meta property=\"og:description\" content=\"Offshore oil and gas equipment cables are salt-alkali resistant and adaptable to harsh environments.C\u00e1p thi\u1ebft b\u1ecb d\u1ea7u kh\u00ed ngo\u00e0i kh\u01a1i\" \/>\n<meta property=\"og:url\" content=\"https:\/\/www.tstcables.com\/vi\/product\/cap-thiet-bi-dau-khi-ngoai-khoi\/\" \/>\n<meta property=\"og:site_name\" content=\"TST CABLES supplier &amp; Manufacture\" \/>\n<meta property=\"og:image\" content=\"https:\/\/www.tstcables.com\/wp-content\/uploads\/2024\/03\/1-21.jpg\" \/>\n\t<meta property=\"og:image:width\" content=\"750\" \/>\n\t<meta property=\"og:image:height\" content=\"750\" \/>\n\t<meta property=\"og:image:type\" content=\"image\/jpeg\" \/>\n<meta name=\"twitter:card\" content=\"summary_large_image\" \/>\n<meta name=\"twitter:label1\" content=\"Est. reading time\" \/>\n\t<meta name=\"twitter:data1\" content=\"1 minute\" \/>\n<script type=\"application\/ld+json\" class=\"yoast-schema-graph\">{\"@context\":\"https:\\\/\\\/schema.org\",\"@graph\":[{\"@type\":\"WebPage\",\"@id\":\"https:\\\/\\\/www.tstcables.com\\\/vi\\\/product\\\/cap-thiet-bi-dau-khi-ngoai-khoi\\\/\",\"url\":\"https:\\\/\\\/www.tstcables.com\\\/vi\\\/product\\\/cap-thiet-bi-dau-khi-ngoai-khoi\\\/\",\"name\":\"C\u00e1p thi\u1ebft b\u1ecb d\u1ea7u kh\u00ed ngo\u00e0i kh\u01a1i\",\"isPartOf\":{\"@id\":\"https:\\\/\\\/www.tstcables.com\\\/vi\\\/#website\"},\"primaryImageOfPage\":{\"@id\":\"https:\\\/\\\/www.tstcables.com\\\/vi\\\/product\\\/cap-thiet-bi-dau-khi-ngoai-khoi\\\/#primaryimage\"},\"image\":{\"@id\":\"https:\\\/\\\/www.tstcables.com\\\/vi\\\/product\\\/cap-thiet-bi-dau-khi-ngoai-khoi\\\/#primaryimage\"},\"thumbnailUrl\":\"https:\\\/\\\/www.tstcables.com\\\/wp-content\\\/uploads\\\/2024\\\/03\\\/1-21.jpg\",\"datePublished\":\"2024-04-12T07:27:52+00:00\",\"description\":\"Offshore oil and gas equipment cables are salt-alkali resistant and adaptable to harsh environments.C\u00e1p thi\u1ebft b\u1ecb d\u1ea7u kh\u00ed ngo\u00e0i kh\u01a1i\",\"breadcrumb\":{\"@id\":\"https:\\\/\\\/www.tstcables.com\\\/vi\\\/product\\\/cap-thiet-bi-dau-khi-ngoai-khoi\\\/#breadcrumb\"},\"inLanguage\":\"vi-VN\",\"potentialAction\":[{\"@type\":\"ReadAction\",\"target\":[\"https:\\\/\\\/www.tstcables.com\\\/vi\\\/product\\\/cap-thiet-bi-dau-khi-ngoai-khoi\\\/\"]}]},{\"@type\":\"ImageObject\",\"inLanguage\":\"vi-VN\",\"@id\":\"https:\\\/\\\/www.tstcables.com\\\/vi\\\/product\\\/cap-thiet-bi-dau-khi-ngoai-khoi\\\/#primaryimage\",\"url\":\"https:\\\/\\\/www.tstcables.com\\\/wp-content\\\/uploads\\\/2024\\\/03\\\/1-21.jpg\",\"contentUrl\":\"https:\\\/\\\/www.tstcables.com\\\/wp-content\\\/uploads\\\/2024\\\/03\\\/1-21.jpg\",\"width\":750,\"height\":750,\"caption\":\"Silicone High Voltage Wire & Cable\"},{\"@type\":\"BreadcrumbList\",\"@id\":\"https:\\\/\\\/www.tstcables.com\\\/vi\\\/product\\\/cap-thiet-bi-dau-khi-ngoai-khoi\\\/#breadcrumb\",\"itemListElement\":[{\"@type\":\"ListItem\",\"position\":1,\"name\":\"\u9996\u9875\",\"item\":\"https:\\\/\\\/www.tstcables.com\\\/vi\\\/\"},{\"@type\":\"ListItem\",\"position\":2,\"name\":\"Product\",\"item\":\"https:\\\/\\\/www.tstcables.com\\\/product\\\/\"},{\"@type\":\"ListItem\",\"position\":3,\"name\":\"C\u00e1p thi\u1ebft b\u1ecb d\u1ea7u kh\u00ed ngo\u00e0i kh\u01a1i\"}]},{\"@type\":\"WebSite\",\"@id\":\"https:\\\/\\\/www.tstcables.com\\\/vi\\\/#website\",\"url\":\"https:\\\/\\\/www.tstcables.com\\\/vi\\\/\",\"name\":\"TST Cable supplier & Manufacture\",\"description\":\"TST CABLES  supplier &amp; Manufacture official website\",\"publisher\":{\"@id\":\"https:\\\/\\\/www.tstcables.com\\\/vi\\\/#organization\"},\"potentialAction\":[{\"@type\":\"SearchAction\",\"target\":{\"@type\":\"EntryPoint\",\"urlTemplate\":\"https:\\\/\\\/www.tstcables.com\\\/vi\\\/?s={search_term_string}\"},\"query-input\":{\"@type\":\"PropertyValueSpecification\",\"valueRequired\":true,\"valueName\":\"search_term_string\"}}],\"inLanguage\":\"vi-VN\"},{\"@type\":\"Organization\",\"@id\":\"https:\\\/\\\/www.tstcables.com\\\/vi\\\/#organization\",\"name\":\"TST Cable supplier & Manufacture\",\"url\":\"https:\\\/\\\/www.tstcables.com\\\/vi\\\/\",\"logo\":{\"@type\":\"ImageObject\",\"inLanguage\":\"vi-VN\",\"@id\":\"https:\\\/\\\/www.tstcables.com\\\/vi\\\/#\\\/schema\\\/logo\\\/image\\\/\",\"url\":\"https:\\\/\\\/www.tstcables.com\\\/wp-content\\\/uploads\\\/2024\\\/04\\\/cropped-\u753b\u677f-1-\u62f7\u8d1d-4-1.png\",\"contentUrl\":\"https:\\\/\\\/www.tstcables.com\\\/wp-content\\\/uploads\\\/2024\\\/04\\\/cropped-\u753b\u677f-1-\u62f7\u8d1d-4-1.png\",\"width\":300,\"height\":100,\"caption\":\"TST Cable supplier & Manufacture\"},\"image\":{\"@id\":\"https:\\\/\\\/www.tstcables.com\\\/vi\\\/#\\\/schema\\\/logo\\\/image\\\/\"}}]}<\/script>\n<!-- \/ Yoast SEO plugin. -->","yoast_head_json":{"title":"C\u00e1p thi\u1ebft b\u1ecb d\u1ea7u kh\u00ed ngo\u00e0i kh\u01a1i","description":"Offshore oil and gas equipment cables are salt-alkali resistant and adaptable to harsh environments.C\u00e1p thi\u1ebft b\u1ecb d\u1ea7u kh\u00ed ngo\u00e0i kh\u01a1i","robots":{"index":"index","follow":"follow","max-snippet":"max-snippet:-1","max-image-preview":"max-image-preview:large","max-video-preview":"max-video-preview:-1"},"canonical":"https:\/\/www.tstcables.com\/vi\/product\/cap-thiet-bi-dau-khi-ngoai-khoi\/","og_locale":"vi_VN","og_type":"article","og_title":"C\u00e1p thi\u1ebft b\u1ecb d\u1ea7u kh\u00ed ngo\u00e0i kh\u01a1i","og_description":"Offshore oil and gas equipment cables are salt-alkali resistant and adaptable to harsh environments.C\u00e1p thi\u1ebft b\u1ecb d\u1ea7u kh\u00ed ngo\u00e0i kh\u01a1i","og_url":"https:\/\/www.tstcables.com\/vi\/product\/cap-thiet-bi-dau-khi-ngoai-khoi\/","og_site_name":"TST CABLES supplier &amp; Manufacture","og_image":[{"width":750,"height":750,"url":"https:\/\/www.tstcables.com\/wp-content\/uploads\/2024\/03\/1-21.jpg","type":"image\/jpeg"}],"twitter_card":"summary_large_image","twitter_misc":{"Est. reading time":"1 minute"},"schema":{"@context":"https:\/\/schema.org","@graph":[{"@type":"WebPage","@id":"https:\/\/www.tstcables.com\/vi\/product\/cap-thiet-bi-dau-khi-ngoai-khoi\/","url":"https:\/\/www.tstcables.com\/vi\/product\/cap-thiet-bi-dau-khi-ngoai-khoi\/","name":"C\u00e1p thi\u1ebft b\u1ecb d\u1ea7u kh\u00ed ngo\u00e0i kh\u01a1i","isPartOf":{"@id":"https:\/\/www.tstcables.com\/vi\/#website"},"primaryImageOfPage":{"@id":"https:\/\/www.tstcables.com\/vi\/product\/cap-thiet-bi-dau-khi-ngoai-khoi\/#primaryimage"},"image":{"@id":"https:\/\/www.tstcables.com\/vi\/product\/cap-thiet-bi-dau-khi-ngoai-khoi\/#primaryimage"},"thumbnailUrl":"https:\/\/www.tstcables.com\/wp-content\/uploads\/2024\/03\/1-21.jpg","datePublished":"2024-04-12T07:27:52+00:00","description":"Offshore oil and gas equipment cables are salt-alkali resistant and adaptable to harsh environments.C\u00e1p thi\u1ebft b\u1ecb d\u1ea7u kh\u00ed ngo\u00e0i kh\u01a1i","breadcrumb":{"@id":"https:\/\/www.tstcables.com\/vi\/product\/cap-thiet-bi-dau-khi-ngoai-khoi\/#breadcrumb"},"inLanguage":"vi-VN","potentialAction":[{"@type":"ReadAction","target":["https:\/\/www.tstcables.com\/vi\/product\/cap-thiet-bi-dau-khi-ngoai-khoi\/"]}]},{"@type":"ImageObject","inLanguage":"vi-VN","@id":"https:\/\/www.tstcables.com\/vi\/product\/cap-thiet-bi-dau-khi-ngoai-khoi\/#primaryimage","url":"https:\/\/www.tstcables.com\/wp-content\/uploads\/2024\/03\/1-21.jpg","contentUrl":"https:\/\/www.tstcables.com\/wp-content\/uploads\/2024\/03\/1-21.jpg","width":750,"height":750,"caption":"Silicone High Voltage Wire & Cable"},{"@type":"BreadcrumbList","@id":"https:\/\/www.tstcables.com\/vi\/product\/cap-thiet-bi-dau-khi-ngoai-khoi\/#breadcrumb","itemListElement":[{"@type":"ListItem","position":1,"name":"\u9996\u9875","item":"https:\/\/www.tstcables.com\/vi\/"},{"@type":"ListItem","position":2,"name":"Product","item":"https:\/\/www.tstcables.com\/product\/"},{"@type":"ListItem","position":3,"name":"C\u00e1p thi\u1ebft b\u1ecb d\u1ea7u kh\u00ed ngo\u00e0i kh\u01a1i"}]},{"@type":"WebSite","@id":"https:\/\/www.tstcables.com\/vi\/#website","url":"https:\/\/www.tstcables.com\/vi\/","name":"TST Cable supplier & Manufacture","description":"TST CABLES  supplier &amp; Manufacture official website","publisher":{"@id":"https:\/\/www.tstcables.com\/vi\/#organization"},"potentialAction":[{"@type":"SearchAction","target":{"@type":"EntryPoint","urlTemplate":"https:\/\/www.tstcables.com\/vi\/?s={search_term_string}"},"query-input":{"@type":"PropertyValueSpecification","valueRequired":true,"valueName":"search_term_string"}}],"inLanguage":"vi-VN"},{"@type":"Organization","@id":"https:\/\/www.tstcables.com\/vi\/#organization","name":"TST Cable supplier & Manufacture","url":"https:\/\/www.tstcables.com\/vi\/","logo":{"@type":"ImageObject","inLanguage":"vi-VN","@id":"https:\/\/www.tstcables.com\/vi\/#\/schema\/logo\/image\/","url":"https:\/\/www.tstcables.com\/wp-content\/uploads\/2024\/04\/cropped-\u753b\u677f-1-\u62f7\u8d1d-4-1.png","contentUrl":"https:\/\/www.tstcables.com\/wp-content\/uploads\/2024\/04\/cropped-\u753b\u677f-1-\u62f7\u8d1d-4-1.png","width":300,"height":100,"caption":"TST Cable supplier & Manufacture"},"image":{"@id":"https:\/\/www.tstcables.com\/vi\/#\/schema\/logo\/image\/"}}]}},"_links":{"self":[{"href":"https:\/\/www.tstcables.com\/vi\/wp-json\/wp\/v2\/product\/21020","targetHints":{"allow":["GET"]}}],"collection":[{"href":"https:\/\/www.tstcables.com\/vi\/wp-json\/wp\/v2\/product"}],"about":[{"href":"https:\/\/www.tstcables.com\/vi\/wp-json\/wp\/v2\/types\/product"}],"version-history":[{"count":0,"href":"https:\/\/www.tstcables.com\/vi\/wp-json\/wp\/v2\/product\/21020\/revisions"}],"wp:featuredmedia":[{"embeddable":true,"href":"https:\/\/www.tstcables.com\/vi\/wp-json\/wp\/v2\/media\/13048"}],"wp:attachment":[{"href":"https:\/\/www.tstcables.com\/vi\/wp-json\/wp\/v2\/media?parent=21020"}],"wp:term":[{"taxonomy":"product_brand","embeddable":true,"href":"https:\/\/www.tstcables.com\/vi\/wp-json\/wp\/v2\/product_brand?post=21020"},{"taxonomy":"product_cat","embeddable":true,"href":"https:\/\/www.tstcables.com\/vi\/wp-json\/wp\/v2\/product_cat?post=21020"},{"taxonomy":"product_tag","embeddable":true,"href":"https:\/\/www.tstcables.com\/vi\/wp-json\/wp\/v2\/product_tag?post=21020"}],"curies":[{"name":"wp","href":"https:\/\/api.w.org\/{rel}","templated":true}]}}