{"id":21021,"date":"2024-04-13T09:48:52","date_gmt":"2024-04-13T01:48:52","guid":{"rendered":"https:\/\/www.tstcables.com\/product\/cap-dieu-khien-tin-hieu-muc-k3\/"},"modified":"2024-04-13T09:48:52","modified_gmt":"2024-04-13T01:48:52","slug":"cap-dieu-khien-tin-hieu-muc-k3","status":"publish","type":"product","link":"https:\/\/www.tstcables.com\/vi\/product\/cap-dieu-khien-tin-hieu-muc-k3\/","title":{"rendered":"C\u00e1p \u0111i\u1ec1u khi\u1ec3n t\u00edn hi\u1ec7u m\u1ee9c K3"},"content":{"rendered":"<p><strong>C\u00e1c \u1ee9ng d\u1ee5ng<\/strong><\/p>\n<p>C\u00f4ng nghi\u1ec7p \u0111i\u1ec7n h\u1ea1t nh\u00e2n<\/p>\n<p><strong>Ti\u00eau chu\u1ea9n c\u00f4ng nghi\u1ec7p<\/strong><\/p>\n<ul>\n<li>lEN45545-2<\/li>\n<\/ul>\n<p><strong>T\u00ednh n\u0103ng s\u1ea3n ph\u1ea9m:<\/strong><\/p>\n<ol>\n<li>Kh\u1ea3 n\u0103ng ch\u1ecbu nhi\u1ec7t \u0111\u1ed9 d\u00e0i h\u1ea1n: -50-250oC<\/li>\n<li>Ch\u1ecbu \u0111\u01b0\u1ee3c c\u1ea5p \u0111i\u1ec7n \u00e1p: 300V 600V<\/li>\n<li>\u00cdt kh\u00f3i, kh\u00f4ng halogen, ch\u1ed1ng ch\u00e1y, ch\u1ecbu nhi\u1ec7t \u0111\u1ed9 cao v\u00e0 th\u1ea5p<\/li>\n<\/ol>\n<p><strong>C\u00e1c th\u00f4ng s\u1ed1 k\u1ef9 thu\u1eadt<\/strong><\/p>\n<table class=\"tg\">\n<thead>\n<tr>\n<th class=\"tg-949j\" rowspan=\"2\">M\u1eb7t c\u1eaft danh ngh\u0129a<\/th>\n<th class=\"tg-grqh\" rowspan=\"2\">C\u1ea5u tr\u00fac d\u00e2y d\u1eabn g\u1ed1c\/\u0111\u01b0\u1eddng k\u00ednh<\/th>\n<th class=\"tg-949j\" colspan=\"2\">\u0110\u01b0\u1eddng k\u00ednh d\u00e2y d\u1eabn d<\/th>\n<th class=\"tg-949j\">\u0110\u01b0\u1eddng k\u00ednh ngo\u00e0i c\u1ee7a c\u00e1p D<\/th>\n<\/tr>\n<tr>\n<th class=\"tg-grqh\">Min\uff08mm\uff09<\/th>\n<th class=\"tg-grqh\">Min\uff08mm\uff09<\/th>\n<th class=\"tg-grqh\">Min\uff08mm\uff09<\/th>\n<\/tr>\n<\/thead>\n<tbody>\n<tr>\n<td class=\"tg-grqh\">0.035<\/td>\n<td class=\"tg-949j\">7\/0.08<\/td>\n<td class=\"tg-grqh\">0.24<\/td>\n<td class=\"tg-grqh\">0.18<\/td>\n<td class=\"tg-grqh\">0.6<\/td>\n<\/tr>\n<tr>\n<td class=\"tg-grqh\">0.06<\/td>\n<td class=\"tg-949j\">7\/0.10<\/td>\n<td class=\"tg-grqh\">0.3<\/td>\n<td class=\"tg-grqh\">0.18<\/td>\n<td class=\"tg-grqh\">0.66<\/td>\n<\/tr>\n<tr>\n<td class=\"tg-grqh\">0.08<\/td>\n<td class=\"tg-949j\">7\/0.12<\/td>\n<td class=\"tg-grqh\">0.36<\/td>\n<td class=\"tg-grqh\">0.18<\/td>\n<td class=\"tg-grqh\">0.72<\/td>\n<\/tr>\n<tr>\n<td class=\"tg-grqh\">0.14<\/td>\n<td class=\"tg-949j\">19\/0.10<\/td>\n<td class=\"tg-grqh\">0.5<\/td>\n<td class=\"tg-grqh\">0.2<\/td>\n<td class=\"tg-grqh\">0.9<\/td>\n<\/tr>\n<tr>\n<td class=\"tg-grqh\">0.2<\/td>\n<td class=\"tg-949j\">19\/0.12<\/td>\n<td class=\"tg-grqh\">0.6<\/td>\n<td class=\"tg-grqh\">0.2<\/td>\n<td class=\"tg-grqh\">1<\/td>\n<\/tr>\n<tr>\n<td class=\"tg-949j\">0.4\/0.3<\/td>\n<td class=\"tg-949j\">19\/0.16<\/td>\n<td class=\"tg-grqh\">0.8<\/td>\n<td class=\"tg-grqh\">0.2<\/td>\n<td class=\"tg-grqh\">1.2<\/td>\n<\/tr>\n<tr>\n<td class=\"tg-grqh\">0.5<\/td>\n<td class=\"tg-949j\">19\/0.18<\/td>\n<td class=\"tg-grqh\">0.9<\/td>\n<td class=\"tg-grqh\">0.2<\/td>\n<td class=\"tg-grqh\">1.4<\/td>\n<\/tr>\n<tr>\n<td class=\"tg-grqh\">0.75<\/td>\n<td class=\"tg-949j\">37\/0.16<\/td>\n<td class=\"tg-grqh\">1.12<\/td>\n<td class=\"tg-grqh\">0.2<\/td>\n<td class=\"tg-grqh\">1.52<\/td>\n<\/tr>\n<tr>\n<td class=\"tg-d93i\">1<\/td>\n<td class=\"tg-7fn2\">37\/0.18<\/td>\n<td class=\"tg-d93i\">1.26<\/td>\n<td class=\"tg-d93i\">0.2<\/td>\n<td class=\"tg-d93i\">1.66<\/td>\n<\/tr>\n<\/tbody>\n<\/table>\n","protected":false},"excerpt":{"rendered":"<p>C\u00e1p \u0111i\u1ec1u khi\u1ec3n t\u00edn hi\u1ec7u c\u1ea5p K3 c\u00f3 kh\u1ea3 n\u0103ng ch\u1ed1ng b\u1ee9c x\u1ea1, \u00edt kh\u00f3i, kh\u00f4ng halogen, ch\u1ed1ng ch\u00e1y v\u00e0 ch\u1ecbu \u0111\u01b0\u1ee3c nhi\u1ec7t \u0111\u1ed9 cao v\u00e0 th\u1ea5p. N\u00f3 l\u00e0 m\u1ed9t ph\u1ea7n quan tr\u1ecdng c\u1ee7a h\u1ec7 th\u1ed1ng \u0111i\u1ec1u khi\u1ec3n t\u00edn hi\u1ec7u v\u00e0 ch\u1ecbu tr\u00e1ch nhi\u1ec7m truy\u1ec1n t\u00edn hi\u1ec7u v\u00e0 l\u1ec7nh gi\u1eefa c\u00e1c b\u1ed9 \u0111i\u1ec1u khi\u1ec3n v\u00e0 c\u00e1c thi\u1ebft b\u1ecb kh\u00e1c nhau trong m\u00f4i tr\u01b0\u1eddng c\u00f4ng nghi\u1ec7p.<\/p>\n","protected":false},"featured_media":13080,"template":"","meta":{"_eb_attr":"","site-sidebar-layout":"default","site-content-layout":"","ast-site-content-layout":"default","site-content-style":"default","site-sidebar-style":"default","ast-global-header-display":"","ast-banner-title-visibility":"","ast-main-header-display":"","ast-hfb-above-header-display":"","ast-hfb-below-header-display":"","ast-hfb-mobile-header-display":"","site-post-title":"","ast-breadcrumbs-content":"","ast-featured-img":"","footer-sml-layout":"","theme-transparent-header-meta":"default","adv-header-id-meta":"","stick-header-meta":"","header-above-stick-meta":"","header-main-stick-meta":"","header-below-stick-meta":"","astra-migrate-meta-layouts":"default","ast-page-background-enabled":"default","ast-page-background-meta":{"desktop":{"background-color":"","background-image":"","background-repeat":"repeat","background-position":"center center","background-size":"auto","background-attachment":"scroll","background-type":"","background-media":"","overlay-type":"","overlay-color":"","overlay-opacity":"","overlay-gradient":""},"tablet":{"background-color":"","background-image":"","background-repeat":"repeat","background-position":"center center","background-size":"auto","background-attachment":"scroll","background-type":"","background-media":"","overlay-type":"","overlay-color":"","overlay-opacity":"","overlay-gradient":""},"mobile":{"background-color":"","background-image":"","background-repeat":"repeat","background-position":"center center","background-size":"auto","background-attachment":"scroll","background-type":"","background-media":"","overlay-type":"","overlay-color":"","overlay-opacity":"","overlay-gradient":""}},"ast-content-background-meta":{"desktop":{"background-color":"var(--ast-global-color-5)","background-image":"","background-repeat":"repeat","background-position":"center center","background-size":"auto","background-attachment":"scroll","background-type":"","background-media":"","overlay-type":"","overlay-color":"","overlay-opacity":"","overlay-gradient":""},"tablet":{"background-color":"var(--ast-global-color-5)","background-image":"","background-repeat":"repeat","background-position":"center center","background-size":"auto","background-attachment":"scroll","background-type":"","background-media":"","overlay-type":"","overlay-color":"","overlay-opacity":"","overlay-gradient":""},"mobile":{"background-color":"var(--ast-global-color-5)","background-image":"","background-repeat":"repeat","background-position":"center center","background-size":"auto","background-attachment":"scroll","background-type":"","background-media":"","overlay-type":"","overlay-color":"","overlay-opacity":"","overlay-gradient":""}}},"product_brand":[],"product_cat":[835],"product_tag":[1944,1943,1946],"class_list":{"0":"post-21021","1":"product","2":"type-product","3":"status-publish","4":"has-post-thumbnail","6":"product_cat-nuclear-vi","7":"product_tag-cap-boc-loi-don-peek-polyetheretherketone","8":"product_tag-cap-loi-don","9":"product_tag-cap-loi-don-th-j-ak-200-300v","10":"desktop-align-center","11":"tablet-align-left","12":"mobile-align-left","14":"first","15":"instock","16":"shipping-taxable","17":"product-type-simple"},"yoast_head":"<!-- This site is optimized with the Yoast SEO plugin v27.5 - https:\/\/yoast.com\/product\/yoast-seo-wordpress\/ -->\n<title>C\u00e1p \u0111i\u1ec1u khi\u1ec3n t\u00edn hi\u1ec7u m\u1ee9c K3<\/title>\n<meta name=\"description\" content=\"C\u00e1p \u0111i\u1ec1u khi\u1ec3n t\u00edn hi\u1ec7u c\u1ea5p K3 c\u00f3 kh\u1ea3 n\u0103ng ch\u1ed1ng b\u1ee9c x\u1ea1, \u00edt kh\u00f3i, kh\u00f4ng halogen, ch\u1ed1ng ch\u00e1y v\u00e0 ch\u1ecbu \u0111\u01b0\u1ee3c nhi\u1ec7t \u0111\u1ed9 cao v\u00e0 th\u1ea5p.\" \/>\n<meta name=\"robots\" content=\"index, follow, max-snippet:-1, max-image-preview:large, max-video-preview:-1\" \/>\n<link rel=\"canonical\" href=\"https:\/\/www.tstcables.com\/vi\/product\/cap-dieu-khien-tin-hieu-muc-k3\/\" \/>\n<meta property=\"og:locale\" content=\"vi_VN\" \/>\n<meta property=\"og:type\" content=\"article\" \/>\n<meta property=\"og:title\" content=\"C\u00e1p \u0111i\u1ec1u khi\u1ec3n t\u00edn hi\u1ec7u m\u1ee9c K3\" \/>\n<meta property=\"og:description\" content=\"C\u00e1p \u0111i\u1ec1u khi\u1ec3n t\u00edn hi\u1ec7u c\u1ea5p K3 c\u00f3 kh\u1ea3 n\u0103ng ch\u1ed1ng b\u1ee9c x\u1ea1, \u00edt kh\u00f3i, kh\u00f4ng halogen, ch\u1ed1ng ch\u00e1y v\u00e0 ch\u1ecbu \u0111\u01b0\u1ee3c nhi\u1ec7t \u0111\u1ed9 cao v\u00e0 th\u1ea5p.\" \/>\n<meta property=\"og:url\" content=\"https:\/\/www.tstcables.com\/vi\/product\/cap-dieu-khien-tin-hieu-muc-k3\/\" \/>\n<meta property=\"og:site_name\" content=\"TST CABLES supplier &amp; Manufacture\" \/>\n<meta property=\"og:image\" content=\"https:\/\/www.tstcables.com\/wp-content\/uploads\/2024\/03\/5-13.jpg\" \/>\n\t<meta property=\"og:image:width\" content=\"750\" \/>\n\t<meta property=\"og:image:height\" content=\"750\" \/>\n\t<meta property=\"og:image:type\" content=\"image\/jpeg\" \/>\n<meta name=\"twitter:card\" content=\"summary_large_image\" \/>\n<meta name=\"twitter:label1\" content=\"Est. reading time\" \/>\n\t<meta name=\"twitter:data1\" content=\"1 minute\" \/>\n<script type=\"application\/ld+json\" class=\"yoast-schema-graph\">{\"@context\":\"https:\\\/\\\/schema.org\",\"@graph\":[{\"@type\":\"WebPage\",\"@id\":\"https:\\\/\\\/www.tstcables.com\\\/vi\\\/product\\\/cap-dieu-khien-tin-hieu-muc-k3\\\/\",\"url\":\"https:\\\/\\\/www.tstcables.com\\\/vi\\\/product\\\/cap-dieu-khien-tin-hieu-muc-k3\\\/\",\"name\":\"C\u00e1p \u0111i\u1ec1u khi\u1ec3n t\u00edn hi\u1ec7u m\u1ee9c K3\",\"isPartOf\":{\"@id\":\"https:\\\/\\\/www.tstcables.com\\\/vi\\\/#website\"},\"primaryImageOfPage\":{\"@id\":\"https:\\\/\\\/www.tstcables.com\\\/vi\\\/product\\\/cap-dieu-khien-tin-hieu-muc-k3\\\/#primaryimage\"},\"image\":{\"@id\":\"https:\\\/\\\/www.tstcables.com\\\/vi\\\/product\\\/cap-dieu-khien-tin-hieu-muc-k3\\\/#primaryimage\"},\"thumbnailUrl\":\"https:\\\/\\\/www.tstcables.com\\\/wp-content\\\/uploads\\\/2024\\\/03\\\/5-13.jpg\",\"datePublished\":\"2024-04-13T01:48:52+00:00\",\"description\":\"C\u00e1p \u0111i\u1ec1u khi\u1ec3n t\u00edn hi\u1ec7u c\u1ea5p K3 c\u00f3 kh\u1ea3 n\u0103ng ch\u1ed1ng b\u1ee9c x\u1ea1, \u00edt kh\u00f3i, kh\u00f4ng halogen, ch\u1ed1ng ch\u00e1y v\u00e0 ch\u1ecbu \u0111\u01b0\u1ee3c nhi\u1ec7t \u0111\u1ed9 cao v\u00e0 th\u1ea5p.\",\"breadcrumb\":{\"@id\":\"https:\\\/\\\/www.tstcables.com\\\/vi\\\/product\\\/cap-dieu-khien-tin-hieu-muc-k3\\\/#breadcrumb\"},\"inLanguage\":\"vi-VN\",\"potentialAction\":[{\"@type\":\"ReadAction\",\"target\":[\"https:\\\/\\\/www.tstcables.com\\\/vi\\\/product\\\/cap-dieu-khien-tin-hieu-muc-k3\\\/\"]}]},{\"@type\":\"ImageObject\",\"inLanguage\":\"vi-VN\",\"@id\":\"https:\\\/\\\/www.tstcables.com\\\/vi\\\/product\\\/cap-dieu-khien-tin-hieu-muc-k3\\\/#primaryimage\",\"url\":\"https:\\\/\\\/www.tstcables.com\\\/wp-content\\\/uploads\\\/2024\\\/03\\\/5-13.jpg\",\"contentUrl\":\"https:\\\/\\\/www.tstcables.com\\\/wp-content\\\/uploads\\\/2024\\\/03\\\/5-13.jpg\",\"width\":750,\"height\":750,\"caption\":\"Fire-resistant wire smoke halogen-free flame retardant GN450-NY\"},{\"@type\":\"BreadcrumbList\",\"@id\":\"https:\\\/\\\/www.tstcables.com\\\/vi\\\/product\\\/cap-dieu-khien-tin-hieu-muc-k3\\\/#breadcrumb\",\"itemListElement\":[{\"@type\":\"ListItem\",\"position\":1,\"name\":\"\u9996\u9875\",\"item\":\"https:\\\/\\\/www.tstcables.com\\\/vi\\\/\"},{\"@type\":\"ListItem\",\"position\":2,\"name\":\"Product\",\"item\":\"https:\\\/\\\/www.tstcables.com\\\/product\\\/\"},{\"@type\":\"ListItem\",\"position\":3,\"name\":\"C\u00e1p \u0111i\u1ec1u khi\u1ec3n t\u00edn hi\u1ec7u m\u1ee9c K3\"}]},{\"@type\":\"WebSite\",\"@id\":\"https:\\\/\\\/www.tstcables.com\\\/vi\\\/#website\",\"url\":\"https:\\\/\\\/www.tstcables.com\\\/vi\\\/\",\"name\":\"TST Cable supplier & Manufacture\",\"description\":\"TST CABLES  supplier &amp; Manufacture official website\",\"publisher\":{\"@id\":\"https:\\\/\\\/www.tstcables.com\\\/vi\\\/#organization\"},\"potentialAction\":[{\"@type\":\"SearchAction\",\"target\":{\"@type\":\"EntryPoint\",\"urlTemplate\":\"https:\\\/\\\/www.tstcables.com\\\/vi\\\/?s={search_term_string}\"},\"query-input\":{\"@type\":\"PropertyValueSpecification\",\"valueRequired\":true,\"valueName\":\"search_term_string\"}}],\"inLanguage\":\"vi-VN\"},{\"@type\":\"Organization\",\"@id\":\"https:\\\/\\\/www.tstcables.com\\\/vi\\\/#organization\",\"name\":\"TST Cable supplier & Manufacture\",\"url\":\"https:\\\/\\\/www.tstcables.com\\\/vi\\\/\",\"logo\":{\"@type\":\"ImageObject\",\"inLanguage\":\"vi-VN\",\"@id\":\"https:\\\/\\\/www.tstcables.com\\\/vi\\\/#\\\/schema\\\/logo\\\/image\\\/\",\"url\":\"https:\\\/\\\/www.tstcables.com\\\/wp-content\\\/uploads\\\/2024\\\/04\\\/cropped-\u753b\u677f-1-\u62f7\u8d1d-4-1.png\",\"contentUrl\":\"https:\\\/\\\/www.tstcables.com\\\/wp-content\\\/uploads\\\/2024\\\/04\\\/cropped-\u753b\u677f-1-\u62f7\u8d1d-4-1.png\",\"width\":300,\"height\":100,\"caption\":\"TST Cable supplier & Manufacture\"},\"image\":{\"@id\":\"https:\\\/\\\/www.tstcables.com\\\/vi\\\/#\\\/schema\\\/logo\\\/image\\\/\"}}]}<\/script>\n<!-- \/ Yoast SEO plugin. -->","yoast_head_json":{"title":"C\u00e1p \u0111i\u1ec1u khi\u1ec3n t\u00edn hi\u1ec7u m\u1ee9c K3","description":"C\u00e1p \u0111i\u1ec1u khi\u1ec3n t\u00edn hi\u1ec7u c\u1ea5p K3 c\u00f3 kh\u1ea3 n\u0103ng ch\u1ed1ng b\u1ee9c x\u1ea1, \u00edt kh\u00f3i, kh\u00f4ng halogen, ch\u1ed1ng ch\u00e1y v\u00e0 ch\u1ecbu \u0111\u01b0\u1ee3c nhi\u1ec7t \u0111\u1ed9 cao v\u00e0 th\u1ea5p.","robots":{"index":"index","follow":"follow","max-snippet":"max-snippet:-1","max-image-preview":"max-image-preview:large","max-video-preview":"max-video-preview:-1"},"canonical":"https:\/\/www.tstcables.com\/vi\/product\/cap-dieu-khien-tin-hieu-muc-k3\/","og_locale":"vi_VN","og_type":"article","og_title":"C\u00e1p \u0111i\u1ec1u khi\u1ec3n t\u00edn hi\u1ec7u m\u1ee9c K3","og_description":"C\u00e1p \u0111i\u1ec1u khi\u1ec3n t\u00edn hi\u1ec7u c\u1ea5p K3 c\u00f3 kh\u1ea3 n\u0103ng ch\u1ed1ng b\u1ee9c x\u1ea1, \u00edt kh\u00f3i, kh\u00f4ng halogen, ch\u1ed1ng ch\u00e1y v\u00e0 ch\u1ecbu \u0111\u01b0\u1ee3c nhi\u1ec7t \u0111\u1ed9 cao v\u00e0 th\u1ea5p.","og_url":"https:\/\/www.tstcables.com\/vi\/product\/cap-dieu-khien-tin-hieu-muc-k3\/","og_site_name":"TST CABLES supplier &amp; Manufacture","og_image":[{"width":750,"height":750,"url":"https:\/\/www.tstcables.com\/wp-content\/uploads\/2024\/03\/5-13.jpg","type":"image\/jpeg"}],"twitter_card":"summary_large_image","twitter_misc":{"Est. reading time":"1 minute"},"schema":{"@context":"https:\/\/schema.org","@graph":[{"@type":"WebPage","@id":"https:\/\/www.tstcables.com\/vi\/product\/cap-dieu-khien-tin-hieu-muc-k3\/","url":"https:\/\/www.tstcables.com\/vi\/product\/cap-dieu-khien-tin-hieu-muc-k3\/","name":"C\u00e1p \u0111i\u1ec1u khi\u1ec3n t\u00edn hi\u1ec7u m\u1ee9c K3","isPartOf":{"@id":"https:\/\/www.tstcables.com\/vi\/#website"},"primaryImageOfPage":{"@id":"https:\/\/www.tstcables.com\/vi\/product\/cap-dieu-khien-tin-hieu-muc-k3\/#primaryimage"},"image":{"@id":"https:\/\/www.tstcables.com\/vi\/product\/cap-dieu-khien-tin-hieu-muc-k3\/#primaryimage"},"thumbnailUrl":"https:\/\/www.tstcables.com\/wp-content\/uploads\/2024\/03\/5-13.jpg","datePublished":"2024-04-13T01:48:52+00:00","description":"C\u00e1p \u0111i\u1ec1u khi\u1ec3n t\u00edn hi\u1ec7u c\u1ea5p K3 c\u00f3 kh\u1ea3 n\u0103ng ch\u1ed1ng b\u1ee9c x\u1ea1, \u00edt kh\u00f3i, kh\u00f4ng halogen, ch\u1ed1ng ch\u00e1y v\u00e0 ch\u1ecbu \u0111\u01b0\u1ee3c nhi\u1ec7t \u0111\u1ed9 cao v\u00e0 th\u1ea5p.","breadcrumb":{"@id":"https:\/\/www.tstcables.com\/vi\/product\/cap-dieu-khien-tin-hieu-muc-k3\/#breadcrumb"},"inLanguage":"vi-VN","potentialAction":[{"@type":"ReadAction","target":["https:\/\/www.tstcables.com\/vi\/product\/cap-dieu-khien-tin-hieu-muc-k3\/"]}]},{"@type":"ImageObject","inLanguage":"vi-VN","@id":"https:\/\/www.tstcables.com\/vi\/product\/cap-dieu-khien-tin-hieu-muc-k3\/#primaryimage","url":"https:\/\/www.tstcables.com\/wp-content\/uploads\/2024\/03\/5-13.jpg","contentUrl":"https:\/\/www.tstcables.com\/wp-content\/uploads\/2024\/03\/5-13.jpg","width":750,"height":750,"caption":"Fire-resistant wire smoke halogen-free flame retardant GN450-NY"},{"@type":"BreadcrumbList","@id":"https:\/\/www.tstcables.com\/vi\/product\/cap-dieu-khien-tin-hieu-muc-k3\/#breadcrumb","itemListElement":[{"@type":"ListItem","position":1,"name":"\u9996\u9875","item":"https:\/\/www.tstcables.com\/vi\/"},{"@type":"ListItem","position":2,"name":"Product","item":"https:\/\/www.tstcables.com\/product\/"},{"@type":"ListItem","position":3,"name":"C\u00e1p \u0111i\u1ec1u khi\u1ec3n t\u00edn hi\u1ec7u m\u1ee9c K3"}]},{"@type":"WebSite","@id":"https:\/\/www.tstcables.com\/vi\/#website","url":"https:\/\/www.tstcables.com\/vi\/","name":"TST Cable supplier & Manufacture","description":"TST CABLES  supplier &amp; Manufacture official website","publisher":{"@id":"https:\/\/www.tstcables.com\/vi\/#organization"},"potentialAction":[{"@type":"SearchAction","target":{"@type":"EntryPoint","urlTemplate":"https:\/\/www.tstcables.com\/vi\/?s={search_term_string}"},"query-input":{"@type":"PropertyValueSpecification","valueRequired":true,"valueName":"search_term_string"}}],"inLanguage":"vi-VN"},{"@type":"Organization","@id":"https:\/\/www.tstcables.com\/vi\/#organization","name":"TST Cable supplier & Manufacture","url":"https:\/\/www.tstcables.com\/vi\/","logo":{"@type":"ImageObject","inLanguage":"vi-VN","@id":"https:\/\/www.tstcables.com\/vi\/#\/schema\/logo\/image\/","url":"https:\/\/www.tstcables.com\/wp-content\/uploads\/2024\/04\/cropped-\u753b\u677f-1-\u62f7\u8d1d-4-1.png","contentUrl":"https:\/\/www.tstcables.com\/wp-content\/uploads\/2024\/04\/cropped-\u753b\u677f-1-\u62f7\u8d1d-4-1.png","width":300,"height":100,"caption":"TST Cable supplier & Manufacture"},"image":{"@id":"https:\/\/www.tstcables.com\/vi\/#\/schema\/logo\/image\/"}}]}},"_links":{"self":[{"href":"https:\/\/www.tstcables.com\/vi\/wp-json\/wp\/v2\/product\/21021","targetHints":{"allow":["GET"]}}],"collection":[{"href":"https:\/\/www.tstcables.com\/vi\/wp-json\/wp\/v2\/product"}],"about":[{"href":"https:\/\/www.tstcables.com\/vi\/wp-json\/wp\/v2\/types\/product"}],"version-history":[{"count":0,"href":"https:\/\/www.tstcables.com\/vi\/wp-json\/wp\/v2\/product\/21021\/revisions"}],"wp:featuredmedia":[{"embeddable":true,"href":"https:\/\/www.tstcables.com\/vi\/wp-json\/wp\/v2\/media\/13080"}],"wp:attachment":[{"href":"https:\/\/www.tstcables.com\/vi\/wp-json\/wp\/v2\/media?parent=21021"}],"wp:term":[{"taxonomy":"product_brand","embeddable":true,"href":"https:\/\/www.tstcables.com\/vi\/wp-json\/wp\/v2\/product_brand?post=21021"},{"taxonomy":"product_cat","embeddable":true,"href":"https:\/\/www.tstcables.com\/vi\/wp-json\/wp\/v2\/product_cat?post=21021"},{"taxonomy":"product_tag","embeddable":true,"href":"https:\/\/www.tstcables.com\/vi\/wp-json\/wp\/v2\/product_tag?post=21021"}],"curies":[{"name":"wp","href":"https:\/\/api.w.org\/{rel}","templated":true}]}}