{"id":21023,"date":"2024-04-12T14:57:35","date_gmt":"2024-04-12T06:57:35","guid":{"rendered":"https:\/\/www.tstcables.com\/product\/cap-thiet-bi-van-chuyen-dau\/"},"modified":"2024-04-12T14:57:35","modified_gmt":"2024-04-12T06:57:35","slug":"cap-thiet-bi-van-chuyen-dau","status":"publish","type":"product","link":"https:\/\/www.tstcables.com\/vi\/product\/cap-thiet-bi-van-chuyen-dau\/","title":{"rendered":"C\u00e1p thi\u1ebft b\u1ecb v\u1eadn chuy\u1ec3n d\u1ea7u"},"content":{"rendered":"<p>\u1ee8ng d\u1ee5ng:<\/p>\n<p>C\u00e1p c\u1ea3m bi\u1ebfn nhi\u1ec7t \u0111\u1ed9 cho ph\u01b0\u01a1ng ti\u1ec7n giao th\u00f4ng \u0111\u01b0\u1eddng s\u1eaft ch\u1ee7 y\u1ebfu \u0111\u01b0\u1ee3c s\u1eed d\u1ee5ng \u0111\u1ec3 truy\u1ec1n t\u00edn hi\u1ec7u c\u1ea3m bi\u1ebfn nhi\u1ec7t \u0111\u1ed9 v\u00e0 truy\u1ec1n d\u1eef li\u1ec7u.<\/p>\n<p>\u0110\u1eb7c \u0111i\u1ec3m:<\/p>\n<ul>\n<li>Ch\u1ecbu nhi\u1ec7t \u0111\u1ed9: -40\u00b0C \u0111\u1ebfn 125\u00b0C<\/li>\n<li>\u0110\u1ecbnh m\u1ee9c \u0111i\u1ec7n \u00e1p: 750V (\u0111i\u1ec7n \u00e1p th\u1eed nghi\u1ec7m 4000V\/5 ph\u00fat)<\/li>\n<li>B\u00e1n k\u00ednh u\u1ed1n c\u00e1p: 6D (g\u1ea5p 6 l\u1ea7n \u0111\u01b0\u1eddng k\u00ednh ngo\u00e0i c\u1ee7a c\u00e1p)<\/li>\n<li>T\u00ednh linh ho\u1ea1t cao v\u00e0 \u0111\u1ed9 b\u1ec1n xo\u1eafn<\/li>\n<li>Ch\u1ed1ng d\u1ea7u, ch\u1ed1ng tia c\u1ef1c t\u00edm, ch\u1ed1ng ch\u1ecbu th\u1eddi ti\u1ebft<\/li>\n<\/ul>\n<p>Ti\u00eau chu\u1ea9n c\u00f4ng nghi\u1ec7p:<\/p>\n<ul>\n<li>EN45545-2<\/li>\n<\/ul>\n<p>K\u1ebft c\u1ea5u:<\/p>\n<ul>\n<li>D\u00e2y d\u1eabn: D\u00e2y d\u1eabn b\u1eb1ng \u0111\u1ed3ng m\u1ea1 b\u1ea1c, c\u1ea5u tr\u00fac 5 l\u1edbp ho\u1eb7c 6 l\u1edbp.<\/li>\n<li>V\u1eadt li\u1ec7u c\u00e1ch nhi\u1ec7t: Polyolefin li\u00ean k\u1ebft ngang \u0111\u01b0\u1ee3c chi\u1ebfu x\u1ea1.<\/li>\n<li>Che ch\u1eafn: B\u1ec7n \u0111\u1ed3ng m\u1ea1 thi\u1ebfc.<\/li>\n<li>\u00c1o kho\u00e1c\/v\u1ecf b\u1ecdc: Polyolefin li\u00ean k\u1ebft ngang \u0111\u01b0\u1ee3c chi\u1ebfu x\u1ea1.<\/li>\n<\/ul>\n<p>Tham s\u1ed1 l\u1ef1a ch\u1ecdn<\/p>\n<table class=\"tg\">\n<thead>\n<tr>\n<th class=\"tg-949j\" rowspan=\"3\">S\u1ed1 l\u00f5i * Ti\u1ebft di\u1ec7n danh ngh\u0129a\/mm2<\/th>\n<th class=\"tg-949j\" rowspan=\"3\">\u0110\u1ed9 d\u00e0y c\u00e1ch nhi\u1ec7t\/mm<\/th>\n<th class=\"tg-949j\" rowspan=\"2\">\u0110\u01b0\u1eddng k\u00ednh ngo\u00e0i c\u00e1ch nhi\u1ec7t\/ mm<\/th>\n<th class=\"tg-949j\" colspan=\"2\" rowspan=\"2\">\u0110\u1ed9 d\u00e0y v\u1ecf b\u1ecdc\/mm<\/th>\n<th class=\"tg-0lax\"><\/th>\n<\/tr>\n<tr>\n<th class=\"tg-0lax\"><\/th>\n<\/tr>\n<tr>\n<th class=\"tg-949j\">1.10\u00b10.05<\/th>\n<th class=\"tg-grqh\">0.5<\/th>\n<th class=\"tg-7fn2\">3.70\u00b10.20<\/th>\n<th class=\"tg-0lax\"><\/th>\n<\/tr>\n<\/thead>\n<tbody>\n<tr>\n<td class=\"tg-949j\">2\u00d70.35<\/td>\n<td class=\"tg-grqh\">0.25<\/td>\n<td class=\"tg-949j\">1.25\u00b10.05<\/td>\n<td class=\"tg-grqh\">0.5<\/td>\n<td class=\"tg-7fn2\">4.40\u00b10.20<\/td>\n<td class=\"tg-0lax\"><\/td>\n<\/tr>\n<tr>\n<td class=\"tg-949j\">2\u00d70.50<\/td>\n<td class=\"tg-grqh\">0.25<\/td>\n<td class=\"tg-949j\">1.40\u00b10.05<\/td>\n<td class=\"tg-grqh\">0.5<\/td>\n<td class=\"tg-7fn2\">4.30\u00b10.20<\/td>\n<td class=\"tg-0lax\"><\/td>\n<\/tr>\n<tr>\n<td class=\"tg-949j\">3\u00d70.20<\/td>\n<td class=\"tg-grqh\">0.25<\/td>\n<td class=\"tg-949j\">1.10\u00b10.05<\/td>\n<td class=\"tg-grqh\">0.5<\/td>\n<td class=\"tg-7fn2\">3.90\u00b10.20<\/td>\n<td class=\"tg-0lax\"><\/td>\n<\/tr>\n<tr>\n<td class=\"tg-949j\">3\u00d70.35<\/td>\n<td class=\"tg-grqh\">0.25<\/td>\n<td class=\"tg-949j\">1.25\u00b10.05<\/td>\n<td class=\"tg-grqh\">0.5<\/td>\n<td class=\"tg-7fn2\">4.2\u00b10.20<\/td>\n<td class=\"tg-0lax\"><\/td>\n<\/tr>\n<tr>\n<td class=\"tg-949j\">3\u00d70.50<\/td>\n<td class=\"tg-grqh\">0.25<\/td>\n<td class=\"tg-949j\">1.40\u00b10.05<\/td>\n<td class=\"tg-grqh\">0.5<\/td>\n<td class=\"tg-7fn2\">4.50\u00b10.20<\/td>\n<td class=\"tg-0lax\"><\/td>\n<\/tr>\n<tr>\n<td class=\"tg-7fn2\">4\u00d70.20<\/td>\n<td class=\"tg-d93i\">0.25<\/td>\n<td class=\"tg-7fn2\">1.10\u00b10.05<\/td>\n<td class=\"tg-d93i\">0.5<\/td>\n<td class=\"tg-7fn2\">4.20\u00b10.10<\/td>\n<td class=\"tg-0lax\"><\/td>\n<\/tr>\n<tr>\n<td class=\"tg-7fn2\">4\u00d70.35<\/td>\n<td class=\"tg-d93i\">0.25<\/td>\n<td class=\"tg-7fn2\">1.25\u00b10.05<\/td>\n<td class=\"tg-d93i\">0.5<\/td>\n<td class=\"tg-7fn2\">4.50\u00b10.20<\/td>\n<td class=\"tg-0lax\"><\/td>\n<\/tr>\n<tr>\n<td class=\"tg-7fn2\">4\u00d70.50<\/td>\n<td class=\"tg-d93i\">0.25<\/td>\n<td class=\"tg-7fn2\">1.40\u00b10.05<\/td>\n<td class=\"tg-d93i\">0.5<\/td>\n<td class=\"tg-7fn2\">4.80\u00b10.20<\/td>\n<td class=\"tg-0lax\"><\/td>\n<\/tr>\n<tr>\n<td class=\"tg-7fn2\" rowspan=\"2\">6\u00d70.20<\/td>\n<td class=\"tg-d93i\">0.25<\/td>\n<td class=\"tg-7fn2\">1.10\u00b10.05<\/td>\n<td class=\"tg-d93i\">0.5<\/td>\n<td class=\"tg-7fn2\">4.80\u00b10.10<\/td>\n<td class=\"tg-0lax\"><\/td>\n<\/tr>\n<tr>\n<td class=\"tg-d93i\">0.25<\/td>\n<td class=\"tg-7fn2\">1.25\u00b10.05<\/td>\n<td class=\"tg-d93i\">0.5<\/td>\n<td class=\"tg-7fn2\">5.30\u00b10.2<\/td>\n<td class=\"tg-0lax\"><\/td>\n<\/tr>\n<tr>\n<td class=\"tg-7fn2\">6\u00d70.50<\/td>\n<td class=\"tg-d93i\">0.25<\/td>\n<td class=\"tg-7fn2\">1.40\u00b10.05<\/td>\n<td class=\"tg-d93i\">0.8<\/td>\n<td class=\"tg-7fn2\">6.20\u00b10.20<\/td>\n<td class=\"tg-0lax\"><\/td>\n<\/tr>\n<\/tbody>\n<\/table>\n","protected":false},"excerpt":{"rendered":"<p>C\u00e1p c\u1ee7a thi\u1ebft b\u1ecb v\u1eadn chuy\u1ec3n d\u1ea7u c\u00f3 kh\u1ea3 n\u0103ng ch\u1ed1ng m\u00e0i m\u00f2n, u\u1ed1n cong, bi\u1ebfn d\u1ea1ng v\u00e0 d\u1ea7u, \u0111\u1ed3ng th\u1eddi \u0111\u00f3ng vai tr\u00f2 quan tr\u1ecdng trong vi\u1ec7c v\u1eadn chuy\u1ec3n d\u1ea7u an to\u00e0n v\u00e0 hi\u1ec7u qu\u1ea3 t\u1eeb \u0111\u1ecba \u0111i\u1ec3m s\u1ea3n xu\u1ea5t \u0111\u1ebfn c\u01a1 s\u1edf l\u01b0u tr\u1eef ho\u1eb7c m\u1ea1ng l\u01b0\u1edbi ph\u00e2n ph\u1ed1i.<\/p>\n","protected":false},"featured_media":12960,"template":"","meta":{"_eb_attr":"","site-sidebar-layout":"default","site-content-layout":"","ast-site-content-layout":"default","site-content-style":"default","site-sidebar-style":"default","ast-global-header-display":"","ast-banner-title-visibility":"","ast-main-header-display":"","ast-hfb-above-header-display":"","ast-hfb-below-header-display":"","ast-hfb-mobile-header-display":"","site-post-title":"","ast-breadcrumbs-content":"","ast-featured-img":"","footer-sml-layout":"","theme-transparent-header-meta":"default","adv-header-id-meta":"","stick-header-meta":"","header-above-stick-meta":"","header-main-stick-meta":"","header-below-stick-meta":"","astra-migrate-meta-layouts":"default","ast-page-background-enabled":"default","ast-page-background-meta":{"desktop":{"background-color":"","background-image":"","background-repeat":"repeat","background-position":"center center","background-size":"auto","background-attachment":"scroll","background-type":"","background-media":"","overlay-type":"","overlay-color":"","overlay-opacity":"","overlay-gradient":""},"tablet":{"background-color":"","background-image":"","background-repeat":"repeat","background-position":"center center","background-size":"auto","background-attachment":"scroll","background-type":"","background-media":"","overlay-type":"","overlay-color":"","overlay-opacity":"","overlay-gradient":""},"mobile":{"background-color":"","background-image":"","background-repeat":"repeat","background-position":"center center","background-size":"auto","background-attachment":"scroll","background-type":"","background-media":"","overlay-type":"","overlay-color":"","overlay-opacity":"","overlay-gradient":""}},"ast-content-background-meta":{"desktop":{"background-color":"var(--ast-global-color-5)","background-image":"","background-repeat":"repeat","background-position":"center center","background-size":"auto","background-attachment":"scroll","background-type":"","background-media":"","overlay-type":"","overlay-color":"","overlay-opacity":"","overlay-gradient":""},"tablet":{"background-color":"var(--ast-global-color-5)","background-image":"","background-repeat":"repeat","background-position":"center center","background-size":"auto","background-attachment":"scroll","background-type":"","background-media":"","overlay-type":"","overlay-color":"","overlay-opacity":"","overlay-gradient":""},"mobile":{"background-color":"var(--ast-global-color-5)","background-image":"","background-repeat":"repeat","background-position":"center center","background-size":"auto","background-attachment":"scroll","background-type":"","background-media":"","overlay-type":"","overlay-color":"","overlay-opacity":"","overlay-gradient":""}}},"product_brand":[],"product_cat":[836],"product_tag":[1950,1949,1951],"class_list":{"0":"post-21023","1":"product","2":"type-product","3":"status-publish","4":"has-post-thumbnail","6":"product_cat-oil-gas-vi","7":"product_tag-cap-cam-bien","8":"product_tag-cap-cam-bien-nhiet-do","9":"product_tag-cap-nhiet-do","10":"desktop-align-center","11":"tablet-align-left","12":"mobile-align-left","14":"first","15":"instock","16":"shipping-taxable","17":"product-type-simple"},"yoast_head":"<!-- This site is optimized with the Yoast SEO plugin v27.5 - https:\/\/yoast.com\/product\/yoast-seo-wordpress\/ -->\n<title>C\u00e1p thi\u1ebft b\u1ecb v\u1eadn chuy\u1ec3n d\u1ea7u<\/title>\n<meta name=\"description\" content=\"C\u00e1p c\u1ee7a thi\u1ebft b\u1ecb v\u1eadn chuy\u1ec3n d\u1ea7u c\u00f3 kh\u1ea3 n\u0103ng ch\u1ed1ng m\u00e0i m\u00f2n, u\u1ed1n cong, bi\u1ebfn d\u1ea1ng v\u00e0 d\u1ea7u, \u0111\u1ed3ng th\u1eddi \u0111\u00f3ng vai tr\u00f2 quan tr\u1ecdng trong vi\u1ec7c v\u1eadn chuy\u1ec3n d\u1ea7u an to\u00e0n v\u00e0 hi\u1ec7u qu\u1ea3 t\u1eeb \u0111\u1ecba \u0111i\u1ec3m s\u1ea3n xu\u1ea5t \u0111\u1ebfn c\u01a1 s\u1edf l\u01b0u tr\u1eef ho\u1eb7c m\u1ea1ng l\u01b0\u1edbi ph\u00e2n ph\u1ed1i.\" \/>\n<meta name=\"robots\" content=\"index, follow, max-snippet:-1, max-image-preview:large, max-video-preview:-1\" \/>\n<link rel=\"canonical\" href=\"https:\/\/www.tstcables.com\/vi\/product\/cap-thiet-bi-van-chuyen-dau\/\" \/>\n<meta property=\"og:locale\" content=\"vi_VN\" \/>\n<meta property=\"og:type\" content=\"article\" \/>\n<meta property=\"og:title\" content=\"C\u00e1p thi\u1ebft b\u1ecb v\u1eadn chuy\u1ec3n d\u1ea7u\" \/>\n<meta property=\"og:description\" content=\"C\u00e1p c\u1ee7a thi\u1ebft b\u1ecb v\u1eadn chuy\u1ec3n d\u1ea7u c\u00f3 kh\u1ea3 n\u0103ng ch\u1ed1ng m\u00e0i m\u00f2n, u\u1ed1n cong, bi\u1ebfn d\u1ea1ng v\u00e0 d\u1ea7u, \u0111\u1ed3ng th\u1eddi \u0111\u00f3ng vai tr\u00f2 quan tr\u1ecdng trong vi\u1ec7c v\u1eadn chuy\u1ec3n d\u1ea7u an to\u00e0n v\u00e0 hi\u1ec7u qu\u1ea3 t\u1eeb \u0111\u1ecba \u0111i\u1ec3m s\u1ea3n xu\u1ea5t \u0111\u1ebfn c\u01a1 s\u1edf l\u01b0u tr\u1eef ho\u1eb7c m\u1ea1ng l\u01b0\u1edbi ph\u00e2n ph\u1ed1i.\" \/>\n<meta property=\"og:url\" content=\"https:\/\/www.tstcables.com\/vi\/product\/cap-thiet-bi-van-chuyen-dau\/\" \/>\n<meta property=\"og:site_name\" content=\"TST CABLES supplier &amp; Manufacture\" \/>\n<meta property=\"og:image\" content=\"https:\/\/www.tstcables.com\/wp-content\/uploads\/2024\/03\/1-18.jpg\" \/>\n\t<meta property=\"og:image:width\" content=\"640\" \/>\n\t<meta property=\"og:image:height\" content=\"640\" \/>\n\t<meta property=\"og:image:type\" content=\"image\/jpeg\" \/>\n<meta name=\"twitter:card\" content=\"summary_large_image\" \/>\n<meta name=\"twitter:label1\" content=\"Est. reading time\" \/>\n\t<meta name=\"twitter:data1\" content=\"1 minute\" \/>\n<script type=\"application\/ld+json\" class=\"yoast-schema-graph\">{\"@context\":\"https:\\\/\\\/schema.org\",\"@graph\":[{\"@type\":\"WebPage\",\"@id\":\"https:\\\/\\\/www.tstcables.com\\\/vi\\\/product\\\/cap-thiet-bi-van-chuyen-dau\\\/\",\"url\":\"https:\\\/\\\/www.tstcables.com\\\/vi\\\/product\\\/cap-thiet-bi-van-chuyen-dau\\\/\",\"name\":\"C\u00e1p thi\u1ebft b\u1ecb v\u1eadn chuy\u1ec3n d\u1ea7u\",\"isPartOf\":{\"@id\":\"https:\\\/\\\/www.tstcables.com\\\/vi\\\/#website\"},\"primaryImageOfPage\":{\"@id\":\"https:\\\/\\\/www.tstcables.com\\\/vi\\\/product\\\/cap-thiet-bi-van-chuyen-dau\\\/#primaryimage\"},\"image\":{\"@id\":\"https:\\\/\\\/www.tstcables.com\\\/vi\\\/product\\\/cap-thiet-bi-van-chuyen-dau\\\/#primaryimage\"},\"thumbnailUrl\":\"https:\\\/\\\/www.tstcables.com\\\/wp-content\\\/uploads\\\/2024\\\/03\\\/1-18.jpg\",\"datePublished\":\"2024-04-12T06:57:35+00:00\",\"description\":\"C\u00e1p c\u1ee7a thi\u1ebft b\u1ecb v\u1eadn chuy\u1ec3n d\u1ea7u c\u00f3 kh\u1ea3 n\u0103ng ch\u1ed1ng m\u00e0i m\u00f2n, u\u1ed1n cong, bi\u1ebfn d\u1ea1ng v\u00e0 d\u1ea7u, \u0111\u1ed3ng th\u1eddi \u0111\u00f3ng vai tr\u00f2 quan tr\u1ecdng trong vi\u1ec7c v\u1eadn chuy\u1ec3n d\u1ea7u an to\u00e0n v\u00e0 hi\u1ec7u qu\u1ea3 t\u1eeb \u0111\u1ecba \u0111i\u1ec3m s\u1ea3n xu\u1ea5t \u0111\u1ebfn c\u01a1 s\u1edf l\u01b0u tr\u1eef ho\u1eb7c m\u1ea1ng l\u01b0\u1edbi ph\u00e2n ph\u1ed1i.\",\"breadcrumb\":{\"@id\":\"https:\\\/\\\/www.tstcables.com\\\/vi\\\/product\\\/cap-thiet-bi-van-chuyen-dau\\\/#breadcrumb\"},\"inLanguage\":\"vi-VN\",\"potentialAction\":[{\"@type\":\"ReadAction\",\"target\":[\"https:\\\/\\\/www.tstcables.com\\\/vi\\\/product\\\/cap-thiet-bi-van-chuyen-dau\\\/\"]}]},{\"@type\":\"ImageObject\",\"inLanguage\":\"vi-VN\",\"@id\":\"https:\\\/\\\/www.tstcables.com\\\/vi\\\/product\\\/cap-thiet-bi-van-chuyen-dau\\\/#primaryimage\",\"url\":\"https:\\\/\\\/www.tstcables.com\\\/wp-content\\\/uploads\\\/2024\\\/03\\\/1-18.jpg\",\"contentUrl\":\"https:\\\/\\\/www.tstcables.com\\\/wp-content\\\/uploads\\\/2024\\\/03\\\/1-18.jpg\",\"width\":640,\"height\":640,\"caption\":\"temperature sensor cable\"},{\"@type\":\"BreadcrumbList\",\"@id\":\"https:\\\/\\\/www.tstcables.com\\\/vi\\\/product\\\/cap-thiet-bi-van-chuyen-dau\\\/#breadcrumb\",\"itemListElement\":[{\"@type\":\"ListItem\",\"position\":1,\"name\":\"\u9996\u9875\",\"item\":\"https:\\\/\\\/www.tstcables.com\\\/vi\\\/\"},{\"@type\":\"ListItem\",\"position\":2,\"name\":\"Product\",\"item\":\"https:\\\/\\\/www.tstcables.com\\\/product\\\/\"},{\"@type\":\"ListItem\",\"position\":3,\"name\":\"C\u00e1p thi\u1ebft b\u1ecb v\u1eadn chuy\u1ec3n d\u1ea7u\"}]},{\"@type\":\"WebSite\",\"@id\":\"https:\\\/\\\/www.tstcables.com\\\/vi\\\/#website\",\"url\":\"https:\\\/\\\/www.tstcables.com\\\/vi\\\/\",\"name\":\"TST Cable supplier & Manufacture\",\"description\":\"TST CABLES  supplier &amp; Manufacture official website\",\"publisher\":{\"@id\":\"https:\\\/\\\/www.tstcables.com\\\/vi\\\/#organization\"},\"potentialAction\":[{\"@type\":\"SearchAction\",\"target\":{\"@type\":\"EntryPoint\",\"urlTemplate\":\"https:\\\/\\\/www.tstcables.com\\\/vi\\\/?s={search_term_string}\"},\"query-input\":{\"@type\":\"PropertyValueSpecification\",\"valueRequired\":true,\"valueName\":\"search_term_string\"}}],\"inLanguage\":\"vi-VN\"},{\"@type\":\"Organization\",\"@id\":\"https:\\\/\\\/www.tstcables.com\\\/vi\\\/#organization\",\"name\":\"TST Cable supplier & Manufacture\",\"url\":\"https:\\\/\\\/www.tstcables.com\\\/vi\\\/\",\"logo\":{\"@type\":\"ImageObject\",\"inLanguage\":\"vi-VN\",\"@id\":\"https:\\\/\\\/www.tstcables.com\\\/vi\\\/#\\\/schema\\\/logo\\\/image\\\/\",\"url\":\"https:\\\/\\\/www.tstcables.com\\\/wp-content\\\/uploads\\\/2024\\\/04\\\/cropped-\u753b\u677f-1-\u62f7\u8d1d-4-1.png\",\"contentUrl\":\"https:\\\/\\\/www.tstcables.com\\\/wp-content\\\/uploads\\\/2024\\\/04\\\/cropped-\u753b\u677f-1-\u62f7\u8d1d-4-1.png\",\"width\":300,\"height\":100,\"caption\":\"TST Cable supplier & Manufacture\"},\"image\":{\"@id\":\"https:\\\/\\\/www.tstcables.com\\\/vi\\\/#\\\/schema\\\/logo\\\/image\\\/\"}}]}<\/script>\n<!-- \/ Yoast SEO plugin. -->","yoast_head_json":{"title":"C\u00e1p thi\u1ebft b\u1ecb v\u1eadn chuy\u1ec3n d\u1ea7u","description":"C\u00e1p c\u1ee7a thi\u1ebft b\u1ecb v\u1eadn chuy\u1ec3n d\u1ea7u c\u00f3 kh\u1ea3 n\u0103ng ch\u1ed1ng m\u00e0i m\u00f2n, u\u1ed1n cong, bi\u1ebfn d\u1ea1ng v\u00e0 d\u1ea7u, \u0111\u1ed3ng th\u1eddi \u0111\u00f3ng vai tr\u00f2 quan tr\u1ecdng trong vi\u1ec7c v\u1eadn chuy\u1ec3n d\u1ea7u an to\u00e0n v\u00e0 hi\u1ec7u qu\u1ea3 t\u1eeb \u0111\u1ecba \u0111i\u1ec3m s\u1ea3n xu\u1ea5t \u0111\u1ebfn c\u01a1 s\u1edf l\u01b0u tr\u1eef ho\u1eb7c m\u1ea1ng l\u01b0\u1edbi ph\u00e2n ph\u1ed1i.","robots":{"index":"index","follow":"follow","max-snippet":"max-snippet:-1","max-image-preview":"max-image-preview:large","max-video-preview":"max-video-preview:-1"},"canonical":"https:\/\/www.tstcables.com\/vi\/product\/cap-thiet-bi-van-chuyen-dau\/","og_locale":"vi_VN","og_type":"article","og_title":"C\u00e1p thi\u1ebft b\u1ecb v\u1eadn chuy\u1ec3n d\u1ea7u","og_description":"C\u00e1p c\u1ee7a thi\u1ebft b\u1ecb v\u1eadn chuy\u1ec3n d\u1ea7u c\u00f3 kh\u1ea3 n\u0103ng ch\u1ed1ng m\u00e0i m\u00f2n, u\u1ed1n cong, bi\u1ebfn d\u1ea1ng v\u00e0 d\u1ea7u, \u0111\u1ed3ng th\u1eddi \u0111\u00f3ng vai tr\u00f2 quan tr\u1ecdng trong vi\u1ec7c v\u1eadn chuy\u1ec3n d\u1ea7u an to\u00e0n v\u00e0 hi\u1ec7u qu\u1ea3 t\u1eeb \u0111\u1ecba \u0111i\u1ec3m s\u1ea3n xu\u1ea5t \u0111\u1ebfn c\u01a1 s\u1edf l\u01b0u tr\u1eef ho\u1eb7c m\u1ea1ng l\u01b0\u1edbi ph\u00e2n ph\u1ed1i.","og_url":"https:\/\/www.tstcables.com\/vi\/product\/cap-thiet-bi-van-chuyen-dau\/","og_site_name":"TST CABLES supplier &amp; Manufacture","og_image":[{"width":640,"height":640,"url":"https:\/\/www.tstcables.com\/wp-content\/uploads\/2024\/03\/1-18.jpg","type":"image\/jpeg"}],"twitter_card":"summary_large_image","twitter_misc":{"Est. reading time":"1 minute"},"schema":{"@context":"https:\/\/schema.org","@graph":[{"@type":"WebPage","@id":"https:\/\/www.tstcables.com\/vi\/product\/cap-thiet-bi-van-chuyen-dau\/","url":"https:\/\/www.tstcables.com\/vi\/product\/cap-thiet-bi-van-chuyen-dau\/","name":"C\u00e1p thi\u1ebft b\u1ecb v\u1eadn chuy\u1ec3n d\u1ea7u","isPartOf":{"@id":"https:\/\/www.tstcables.com\/vi\/#website"},"primaryImageOfPage":{"@id":"https:\/\/www.tstcables.com\/vi\/product\/cap-thiet-bi-van-chuyen-dau\/#primaryimage"},"image":{"@id":"https:\/\/www.tstcables.com\/vi\/product\/cap-thiet-bi-van-chuyen-dau\/#primaryimage"},"thumbnailUrl":"https:\/\/www.tstcables.com\/wp-content\/uploads\/2024\/03\/1-18.jpg","datePublished":"2024-04-12T06:57:35+00:00","description":"C\u00e1p c\u1ee7a thi\u1ebft b\u1ecb v\u1eadn chuy\u1ec3n d\u1ea7u c\u00f3 kh\u1ea3 n\u0103ng ch\u1ed1ng m\u00e0i m\u00f2n, u\u1ed1n cong, bi\u1ebfn d\u1ea1ng v\u00e0 d\u1ea7u, \u0111\u1ed3ng th\u1eddi \u0111\u00f3ng vai tr\u00f2 quan tr\u1ecdng trong vi\u1ec7c v\u1eadn chuy\u1ec3n d\u1ea7u an to\u00e0n v\u00e0 hi\u1ec7u qu\u1ea3 t\u1eeb \u0111\u1ecba \u0111i\u1ec3m s\u1ea3n xu\u1ea5t \u0111\u1ebfn c\u01a1 s\u1edf l\u01b0u tr\u1eef ho\u1eb7c m\u1ea1ng l\u01b0\u1edbi ph\u00e2n ph\u1ed1i.","breadcrumb":{"@id":"https:\/\/www.tstcables.com\/vi\/product\/cap-thiet-bi-van-chuyen-dau\/#breadcrumb"},"inLanguage":"vi-VN","potentialAction":[{"@type":"ReadAction","target":["https:\/\/www.tstcables.com\/vi\/product\/cap-thiet-bi-van-chuyen-dau\/"]}]},{"@type":"ImageObject","inLanguage":"vi-VN","@id":"https:\/\/www.tstcables.com\/vi\/product\/cap-thiet-bi-van-chuyen-dau\/#primaryimage","url":"https:\/\/www.tstcables.com\/wp-content\/uploads\/2024\/03\/1-18.jpg","contentUrl":"https:\/\/www.tstcables.com\/wp-content\/uploads\/2024\/03\/1-18.jpg","width":640,"height":640,"caption":"temperature sensor cable"},{"@type":"BreadcrumbList","@id":"https:\/\/www.tstcables.com\/vi\/product\/cap-thiet-bi-van-chuyen-dau\/#breadcrumb","itemListElement":[{"@type":"ListItem","position":1,"name":"\u9996\u9875","item":"https:\/\/www.tstcables.com\/vi\/"},{"@type":"ListItem","position":2,"name":"Product","item":"https:\/\/www.tstcables.com\/product\/"},{"@type":"ListItem","position":3,"name":"C\u00e1p thi\u1ebft b\u1ecb v\u1eadn chuy\u1ec3n d\u1ea7u"}]},{"@type":"WebSite","@id":"https:\/\/www.tstcables.com\/vi\/#website","url":"https:\/\/www.tstcables.com\/vi\/","name":"TST Cable supplier & Manufacture","description":"TST CABLES  supplier &amp; Manufacture official website","publisher":{"@id":"https:\/\/www.tstcables.com\/vi\/#organization"},"potentialAction":[{"@type":"SearchAction","target":{"@type":"EntryPoint","urlTemplate":"https:\/\/www.tstcables.com\/vi\/?s={search_term_string}"},"query-input":{"@type":"PropertyValueSpecification","valueRequired":true,"valueName":"search_term_string"}}],"inLanguage":"vi-VN"},{"@type":"Organization","@id":"https:\/\/www.tstcables.com\/vi\/#organization","name":"TST Cable supplier & Manufacture","url":"https:\/\/www.tstcables.com\/vi\/","logo":{"@type":"ImageObject","inLanguage":"vi-VN","@id":"https:\/\/www.tstcables.com\/vi\/#\/schema\/logo\/image\/","url":"https:\/\/www.tstcables.com\/wp-content\/uploads\/2024\/04\/cropped-\u753b\u677f-1-\u62f7\u8d1d-4-1.png","contentUrl":"https:\/\/www.tstcables.com\/wp-content\/uploads\/2024\/04\/cropped-\u753b\u677f-1-\u62f7\u8d1d-4-1.png","width":300,"height":100,"caption":"TST Cable supplier & Manufacture"},"image":{"@id":"https:\/\/www.tstcables.com\/vi\/#\/schema\/logo\/image\/"}}]}},"_links":{"self":[{"href":"https:\/\/www.tstcables.com\/vi\/wp-json\/wp\/v2\/product\/21023","targetHints":{"allow":["GET"]}}],"collection":[{"href":"https:\/\/www.tstcables.com\/vi\/wp-json\/wp\/v2\/product"}],"about":[{"href":"https:\/\/www.tstcables.com\/vi\/wp-json\/wp\/v2\/types\/product"}],"version-history":[{"count":0,"href":"https:\/\/www.tstcables.com\/vi\/wp-json\/wp\/v2\/product\/21023\/revisions"}],"wp:featuredmedia":[{"embeddable":true,"href":"https:\/\/www.tstcables.com\/vi\/wp-json\/wp\/v2\/media\/12960"}],"wp:attachment":[{"href":"https:\/\/www.tstcables.com\/vi\/wp-json\/wp\/v2\/media?parent=21023"}],"wp:term":[{"taxonomy":"product_brand","embeddable":true,"href":"https:\/\/www.tstcables.com\/vi\/wp-json\/wp\/v2\/product_brand?post=21023"},{"taxonomy":"product_cat","embeddable":true,"href":"https:\/\/www.tstcables.com\/vi\/wp-json\/wp\/v2\/product_cat?post=21023"},{"taxonomy":"product_tag","embeddable":true,"href":"https:\/\/www.tstcables.com\/vi\/wp-json\/wp\/v2\/product_tag?post=21023"}],"curies":[{"name":"wp","href":"https:\/\/api.w.org\/{rel}","templated":true}]}}