{"id":21024,"date":"2024-04-12T15:04:34","date_gmt":"2024-04-12T07:04:34","guid":{"rendered":"https:\/\/www.tstcables.com\/product\/cap-thiet-bi-ha-cap-tham-do-khi-dot-tu-nhien\/"},"modified":"2024-04-12T15:04:34","modified_gmt":"2024-04-12T07:04:34","slug":"cap-thiet-bi-ha-cap-tham-do-khi-dot-tu-nhien","status":"publish","type":"product","link":"https:\/\/www.tstcables.com\/vi\/product\/cap-thiet-bi-ha-cap-tham-do-khi-dot-tu-nhien\/","title":{"rendered":"C\u00e1p thi\u1ebft b\u1ecb h\u1ea1 c\u1ea5p th\u0103m d\u00f2 kh\u00ed \u0111\u1ed1t t\u1ef1 nhi\u00ean"},"content":{"rendered":"<p><strong>C\u00e1c \u1ee9ng d\u1ee5ng<\/strong><\/p>\n<p>Thi\u1ebft b\u1ecb th\u0103m d\u00f2 kh\u00ed \u0111\u1ed1t t\u1ef1 nhi\u00ean<\/p>\n<p><strong>T\u00ednh n\u0103ng s\u1ea3n ph\u1ea9m:<\/strong><br \/>\n1. T\u1ed5n th\u1ea5t th\u1ea5p.<br \/>\n2. Ba l\u1edbp b\u1ea3o v\u1ec7 c\u00e1ch nhi\u1ec7t, kh\u00f4ng c\u00f3 l\u1ed7 kim;<br \/>\n3. V\u1edbi \u0111i\u1ec7n \u00e1p c\u00e1ch \u0111i\u1ec7n cao, c\u00f3 th\u1ec3 b\u1ecf qua b\u0103ng c\u00e1ch \u0111i\u1ec7n v\u00e0 c\u00e1c l\u1edbp c\u00e1ch \u0111i\u1ec7n v\u00e0 gi\u1ea3m \u00e2m l\u01b0\u1ee3ng;<br \/>\n4. Cu\u1ed9n d\u00e2y d\u1ec5 cu\u1ed9n v\u00ec b\u1ec1 m\u1eb7t c\u00f3 h\u1ec7 s\u1ed1 ma s\u00e1t r\u1ea5t th\u1ea5p, t\u1ea1o c\u01a1 h\u1ed9i cho cu\u1ed9n d\u00e2y t\u1ed1c \u0111\u1ed9 cao t\u1ef1 \u0111\u1ed9ng.<br \/>\n5. M\u1ee9c nhi\u1ec7t \u0111\u1ed9 cao h\u01a1n v\u00e0 hi\u1ec7u su\u1ea5t tuy\u1ec7t v\u1eddi.<\/p>\n<p><strong>C\u00e1c th\u00f4ng s\u1ed1 k\u1ef9 thu\u1eadt<\/strong><\/p>\n<table class=\"tg\">\n<thead>\n<tr>\n<th class=\"tg-949j\" colspan=\"2\">K\u00edch th\u01b0\u1edbc d\u00e2y d\u1eabn<\/th>\n<th class=\"tg-grqh\" rowspan=\"2\">\u0110\u01b0\u1eddng k\u00ednh ngo\u00e0i ti\u00eau chu\u1ea9n<\/th>\n<th class=\"tg-grqh\" rowspan=\"2\">\u0110\u01b0\u1eddng k\u00ednh ngo\u00e0i t\u1ed1i \u0111a<\/th>\n<th class=\"tg-d93i\" rowspan=\"2\">\u0110i\u1ec7n tr\u1edf d\u00e2y d\u1eabn t\u1ed1i \u0111a (\u03a9\/km)<\/th>\n<\/tr>\n<tr>\n<th class=\"tg-949j\">AWG<\/th>\n<th class=\"tg-grqh\">\u0110\u01b0\u1eddng k\u00ednh ngo\u00e0i (mm)<\/th>\n<\/tr>\n<\/thead>\n<tbody>\n<tr>\n<td class=\"tg-grqh\">32<\/td>\n<td class=\"tg-grqh\">0.2<\/td>\n<td class=\"tg-grqh\">0.52<\/td>\n<td class=\"tg-grqh\">0.56<\/td>\n<td class=\"tg-d93i\">614<\/td>\n<\/tr>\n<tr>\n<td class=\"tg-grqh\">30<\/td>\n<td class=\"tg-grqh\">0.26<\/td>\n<td class=\"tg-grqh\">0.55<\/td>\n<td class=\"tg-grqh\">0.59<\/td>\n<td class=\"tg-d93i\">359<\/td>\n<\/tr>\n<tr>\n<td class=\"tg-grqh\">28<\/td>\n<td class=\"tg-grqh\">0.32<\/td>\n<td class=\"tg-grqh\">0.59<\/td>\n<td class=\"tg-grqh\">0.63<\/td>\n<td class=\"tg-d93i\">237<\/td>\n<\/tr>\n<tr>\n<td class=\"tg-grqh\">26<\/td>\n<td class=\"tg-grqh\">0.4<\/td>\n<td class=\"tg-grqh\">0.64<\/td>\n<td class=\"tg-grqh\">0.68<\/td>\n<td class=\"tg-d93i\">152<\/td>\n<\/tr>\n<tr>\n<td class=\"tg-grqh\">25<\/td>\n<td class=\"tg-grqh\">0.5<\/td>\n<td class=\"tg-grqh\">0.72<\/td>\n<td class=\"tg-grqh\">0.76<\/td>\n<td class=\"tg-d93i\">95.1<\/td>\n<\/tr>\n<tr>\n<td class=\"tg-grqh\">23<\/td>\n<td class=\"tg-grqh\">0.6<\/td>\n<td class=\"tg-grqh\">0.82<\/td>\n<td class=\"tg-grqh\">0.86<\/td>\n<td class=\"tg-d93i\">66.1<\/td>\n<\/tr>\n<tr>\n<td class=\"tg-d93i\">22<\/td>\n<td class=\"tg-d93i\">0.64<\/td>\n<td class=\"tg-d93i\">0.85<\/td>\n<td class=\"tg-d93i\">0.89<\/td>\n<td class=\"tg-d93i\">56.3<\/td>\n<\/tr>\n<tr>\n<td class=\"tg-d93i\">22<\/td>\n<td class=\"tg-d93i\">0.7<\/td>\n<td class=\"tg-d93i\">0.92<\/td>\n<td class=\"tg-d93i\">0.96<\/td>\n<td class=\"tg-d93i\">48.5<\/td>\n<\/tr>\n<tr>\n<td class=\"tg-d93i\">21<\/td>\n<td class=\"tg-d93i\">0.8<\/td>\n<td class=\"tg-d93i\">1<\/td>\n<td class=\"tg-d93i\">1.04<\/td>\n<td class=\"tg-d93i\">37.2<\/td>\n<\/tr>\n<tr>\n<td class=\"tg-d93i\" rowspan=\"2\">19<\/td>\n<td class=\"tg-d93i\">1<\/td>\n<td class=\"tg-d93i\">1.19<\/td>\n<td class=\"tg-d93i\">1.23<\/td>\n<td class=\"tg-d93i\">23.8<\/td>\n<\/tr>\n<tr>\n<td class=\"tg-d93i\">1.2<\/td>\n<td class=\"tg-d93i\">1.43<\/td>\n<td class=\"tg-d93i\">1.47<\/td>\n<td class=\"tg-d93i\">16.5<\/td>\n<\/tr>\n<\/tbody>\n<\/table>\n","protected":false},"excerpt":{"rendered":"<p>C\u00e1p thi\u1ebft b\u1ecb h\u1ea1 t\u1ea7ng th\u0103m d\u00f2 kh\u00ed t\u1ef1 nhi\u00ean c\u00f3 t\u1ed5n th\u1ea5t th\u1ea5p v\u00e0 \u0111i\u1ec7n \u00e1p c\u00e1ch \u0111i\u1ec7n cao, \u0111\u1ed3ng th\u1eddi l\u00e0 th\u00e0nh ph\u1ea7n ch\u00ednh trong qu\u00e1 tr\u00ecnh khai th\u00e1c kh\u00ed t\u1ef1 nhi\u00ean t\u1eeb c\u00e1c b\u1ec3 ch\u1ee9a d\u01b0\u1edbi l\u00f2ng \u0111\u1ea5t. Nh\u1eefng lo\u1ea1i c\u00e1p n\u00e0y ph\u1ea3i ch\u1ecbu m\u00f4i tr\u01b0\u1eddng kh\u1eafc nghi\u1ec7t, bao g\u1ed3m nhi\u1ec7t \u0111\u1ed9 cao, \u00e1p su\u1ea5t v\u00e0 \u0111i\u1ec1u ki\u1ec7n \u0103n m\u00f2n.<\/p>\n","protected":false},"featured_media":12368,"template":"","meta":{"_eb_attr":"","site-sidebar-layout":"default","site-content-layout":"","ast-site-content-layout":"default","site-content-style":"default","site-sidebar-style":"default","ast-global-header-display":"","ast-banner-title-visibility":"","ast-main-header-display":"","ast-hfb-above-header-display":"","ast-hfb-below-header-display":"","ast-hfb-mobile-header-display":"","site-post-title":"","ast-breadcrumbs-content":"","ast-featured-img":"","footer-sml-layout":"","theme-transparent-header-meta":"default","adv-header-id-meta":"","stick-header-meta":"","header-above-stick-meta":"","header-main-stick-meta":"","header-below-stick-meta":"","astra-migrate-meta-layouts":"default","ast-page-background-enabled":"default","ast-page-background-meta":{"desktop":{"background-color":"","background-image":"","background-repeat":"repeat","background-position":"center center","background-size":"auto","background-attachment":"scroll","background-type":"","background-media":"","overlay-type":"","overlay-color":"","overlay-opacity":"","overlay-gradient":""},"tablet":{"background-color":"","background-image":"","background-repeat":"repeat","background-position":"center center","background-size":"auto","background-attachment":"scroll","background-type":"","background-media":"","overlay-type":"","overlay-color":"","overlay-opacity":"","overlay-gradient":""},"mobile":{"background-color":"","background-image":"","background-repeat":"repeat","background-position":"center center","background-size":"auto","background-attachment":"scroll","background-type":"","background-media":"","overlay-type":"","overlay-color":"","overlay-opacity":"","overlay-gradient":""}},"ast-content-background-meta":{"desktop":{"background-color":"var(--ast-global-color-5)","background-image":"","background-repeat":"repeat","background-position":"center center","background-size":"auto","background-attachment":"scroll","background-type":"","background-media":"","overlay-type":"","overlay-color":"","overlay-opacity":"","overlay-gradient":""},"tablet":{"background-color":"var(--ast-global-color-5)","background-image":"","background-repeat":"repeat","background-position":"center center","background-size":"auto","background-attachment":"scroll","background-type":"","background-media":"","overlay-type":"","overlay-color":"","overlay-opacity":"","overlay-gradient":""},"mobile":{"background-color":"var(--ast-global-color-5)","background-image":"","background-repeat":"repeat","background-position":"center center","background-size":"auto","background-attachment":"scroll","background-type":"","background-media":"","overlay-type":"","overlay-color":"","overlay-opacity":"","overlay-gradient":""}}},"product_brand":[],"product_cat":[836],"product_tag":[1919,1953,1952],"class_list":{"0":"post-21024","1":"product","2":"type-product","3":"status-publish","4":"has-post-thumbnail","6":"product_cat-oil-gas-vi","7":"product_tag-day-tan-so-cao-chiu-nhiet-do-cao-tewp","8":"product_tag-day-tan-so-cao-tewp","9":"product_tag-tewp-32awg-17awg-200-vi","10":"desktop-align-center","11":"tablet-align-left","12":"mobile-align-left","14":"first","15":"instock","16":"shipping-taxable","17":"product-type-simple"},"yoast_head":"<!-- This site is optimized with the Yoast SEO plugin v27.5 - https:\/\/yoast.com\/product\/yoast-seo-wordpress\/ -->\n<title>C\u00e1p thi\u1ebft b\u1ecb h\u1ea1 c\u1ea5p th\u0103m d\u00f2 kh\u00ed \u0111\u1ed1t t\u1ef1 nhi\u00ean<\/title>\n<meta name=\"description\" content=\"C\u00e1p thi\u1ebft b\u1ecb h\u1ea1 t\u1ea7ng th\u0103m d\u00f2 kh\u00ed t\u1ef1 nhi\u00ean c\u00f3 t\u1ed5n th\u1ea5t th\u1ea5p v\u00e0 \u0111i\u1ec7n \u00e1p c\u00e1ch \u0111i\u1ec7n cao, \u0111\u1ed3ng th\u1eddi l\u00e0 th\u00e0nh ph\u1ea7n ch\u00ednh trong qu\u00e1 tr\u00ecnh khai th\u00e1c kh\u00ed t\u1ef1 nhi\u00ean t\u1eeb c\u00e1c b\u1ec3 ch\u1ee9a d\u01b0\u1edbi l\u00f2ng \u0111\u1ea5t.\" \/>\n<meta name=\"robots\" content=\"index, follow, max-snippet:-1, max-image-preview:large, max-video-preview:-1\" \/>\n<link rel=\"canonical\" href=\"https:\/\/www.tstcables.com\/vi\/product\/cap-thiet-bi-ha-cap-tham-do-khi-dot-tu-nhien\/\" \/>\n<meta property=\"og:locale\" content=\"vi_VN\" \/>\n<meta property=\"og:type\" content=\"article\" \/>\n<meta property=\"og:title\" content=\"C\u00e1p thi\u1ebft b\u1ecb h\u1ea1 c\u1ea5p th\u0103m d\u00f2 kh\u00ed \u0111\u1ed1t t\u1ef1 nhi\u00ean\" \/>\n<meta property=\"og:description\" content=\"C\u00e1p thi\u1ebft b\u1ecb h\u1ea1 t\u1ea7ng th\u0103m d\u00f2 kh\u00ed t\u1ef1 nhi\u00ean c\u00f3 t\u1ed5n th\u1ea5t th\u1ea5p v\u00e0 \u0111i\u1ec7n \u00e1p c\u00e1ch \u0111i\u1ec7n cao, \u0111\u1ed3ng th\u1eddi l\u00e0 th\u00e0nh ph\u1ea7n ch\u00ednh trong qu\u00e1 tr\u00ecnh khai th\u00e1c kh\u00ed t\u1ef1 nhi\u00ean t\u1eeb c\u00e1c b\u1ec3 ch\u1ee9a d\u01b0\u1edbi l\u00f2ng \u0111\u1ea5t.\" \/>\n<meta property=\"og:url\" content=\"https:\/\/www.tstcables.com\/vi\/product\/cap-thiet-bi-ha-cap-tham-do-khi-dot-tu-nhien\/\" \/>\n<meta property=\"og:site_name\" content=\"TST CABLES supplier &amp; Manufacture\" \/>\n<meta property=\"og:image\" content=\"https:\/\/www.tstcables.com\/wp-content\/uploads\/2024\/03\/2-7.jpg\" \/>\n\t<meta property=\"og:image:width\" content=\"640\" \/>\n\t<meta property=\"og:image:height\" content=\"640\" \/>\n\t<meta property=\"og:image:type\" content=\"image\/jpeg\" \/>\n<meta name=\"twitter:card\" content=\"summary_large_image\" \/>\n<meta name=\"twitter:label1\" content=\"Est. reading time\" \/>\n\t<meta name=\"twitter:data1\" content=\"1 minute\" \/>\n<script type=\"application\/ld+json\" class=\"yoast-schema-graph\">{\"@context\":\"https:\\\/\\\/schema.org\",\"@graph\":[{\"@type\":\"WebPage\",\"@id\":\"https:\\\/\\\/www.tstcables.com\\\/vi\\\/product\\\/cap-thiet-bi-ha-cap-tham-do-khi-dot-tu-nhien\\\/\",\"url\":\"https:\\\/\\\/www.tstcables.com\\\/vi\\\/product\\\/cap-thiet-bi-ha-cap-tham-do-khi-dot-tu-nhien\\\/\",\"name\":\"C\u00e1p thi\u1ebft b\u1ecb h\u1ea1 c\u1ea5p th\u0103m d\u00f2 kh\u00ed \u0111\u1ed1t t\u1ef1 nhi\u00ean\",\"isPartOf\":{\"@id\":\"https:\\\/\\\/www.tstcables.com\\\/vi\\\/#website\"},\"primaryImageOfPage\":{\"@id\":\"https:\\\/\\\/www.tstcables.com\\\/vi\\\/product\\\/cap-thiet-bi-ha-cap-tham-do-khi-dot-tu-nhien\\\/#primaryimage\"},\"image\":{\"@id\":\"https:\\\/\\\/www.tstcables.com\\\/vi\\\/product\\\/cap-thiet-bi-ha-cap-tham-do-khi-dot-tu-nhien\\\/#primaryimage\"},\"thumbnailUrl\":\"https:\\\/\\\/www.tstcables.com\\\/wp-content\\\/uploads\\\/2024\\\/03\\\/2-7.jpg\",\"datePublished\":\"2024-04-12T07:04:34+00:00\",\"description\":\"C\u00e1p thi\u1ebft b\u1ecb h\u1ea1 t\u1ea7ng th\u0103m d\u00f2 kh\u00ed t\u1ef1 nhi\u00ean c\u00f3 t\u1ed5n th\u1ea5t th\u1ea5p v\u00e0 \u0111i\u1ec7n \u00e1p c\u00e1ch \u0111i\u1ec7n cao, \u0111\u1ed3ng th\u1eddi l\u00e0 th\u00e0nh ph\u1ea7n ch\u00ednh trong qu\u00e1 tr\u00ecnh khai th\u00e1c kh\u00ed t\u1ef1 nhi\u00ean t\u1eeb c\u00e1c b\u1ec3 ch\u1ee9a d\u01b0\u1edbi l\u00f2ng \u0111\u1ea5t.\",\"breadcrumb\":{\"@id\":\"https:\\\/\\\/www.tstcables.com\\\/vi\\\/product\\\/cap-thiet-bi-ha-cap-tham-do-khi-dot-tu-nhien\\\/#breadcrumb\"},\"inLanguage\":\"vi-VN\",\"potentialAction\":[{\"@type\":\"ReadAction\",\"target\":[\"https:\\\/\\\/www.tstcables.com\\\/vi\\\/product\\\/cap-thiet-bi-ha-cap-tham-do-khi-dot-tu-nhien\\\/\"]}]},{\"@type\":\"ImageObject\",\"inLanguage\":\"vi-VN\",\"@id\":\"https:\\\/\\\/www.tstcables.com\\\/vi\\\/product\\\/cap-thiet-bi-ha-cap-tham-do-khi-dot-tu-nhien\\\/#primaryimage\",\"url\":\"https:\\\/\\\/www.tstcables.com\\\/wp-content\\\/uploads\\\/2024\\\/03\\\/2-7.jpg\",\"contentUrl\":\"https:\\\/\\\/www.tstcables.com\\\/wp-content\\\/uploads\\\/2024\\\/03\\\/2-7.jpg\",\"width\":640,\"height\":640,\"caption\":\"TEWP high temperature resistant\"},{\"@type\":\"BreadcrumbList\",\"@id\":\"https:\\\/\\\/www.tstcables.com\\\/vi\\\/product\\\/cap-thiet-bi-ha-cap-tham-do-khi-dot-tu-nhien\\\/#breadcrumb\",\"itemListElement\":[{\"@type\":\"ListItem\",\"position\":1,\"name\":\"\u9996\u9875\",\"item\":\"https:\\\/\\\/www.tstcables.com\\\/vi\\\/\"},{\"@type\":\"ListItem\",\"position\":2,\"name\":\"Product\",\"item\":\"https:\\\/\\\/www.tstcables.com\\\/product\\\/\"},{\"@type\":\"ListItem\",\"position\":3,\"name\":\"C\u00e1p thi\u1ebft b\u1ecb h\u1ea1 c\u1ea5p th\u0103m d\u00f2 kh\u00ed \u0111\u1ed1t t\u1ef1 nhi\u00ean\"}]},{\"@type\":\"WebSite\",\"@id\":\"https:\\\/\\\/www.tstcables.com\\\/vi\\\/#website\",\"url\":\"https:\\\/\\\/www.tstcables.com\\\/vi\\\/\",\"name\":\"TST Cable supplier & Manufacture\",\"description\":\"TST CABLES  supplier &amp; Manufacture official website\",\"publisher\":{\"@id\":\"https:\\\/\\\/www.tstcables.com\\\/vi\\\/#organization\"},\"potentialAction\":[{\"@type\":\"SearchAction\",\"target\":{\"@type\":\"EntryPoint\",\"urlTemplate\":\"https:\\\/\\\/www.tstcables.com\\\/vi\\\/?s={search_term_string}\"},\"query-input\":{\"@type\":\"PropertyValueSpecification\",\"valueRequired\":true,\"valueName\":\"search_term_string\"}}],\"inLanguage\":\"vi-VN\"},{\"@type\":\"Organization\",\"@id\":\"https:\\\/\\\/www.tstcables.com\\\/vi\\\/#organization\",\"name\":\"TST Cable supplier & Manufacture\",\"url\":\"https:\\\/\\\/www.tstcables.com\\\/vi\\\/\",\"logo\":{\"@type\":\"ImageObject\",\"inLanguage\":\"vi-VN\",\"@id\":\"https:\\\/\\\/www.tstcables.com\\\/vi\\\/#\\\/schema\\\/logo\\\/image\\\/\",\"url\":\"https:\\\/\\\/www.tstcables.com\\\/wp-content\\\/uploads\\\/2024\\\/04\\\/cropped-\u753b\u677f-1-\u62f7\u8d1d-4-1.png\",\"contentUrl\":\"https:\\\/\\\/www.tstcables.com\\\/wp-content\\\/uploads\\\/2024\\\/04\\\/cropped-\u753b\u677f-1-\u62f7\u8d1d-4-1.png\",\"width\":300,\"height\":100,\"caption\":\"TST Cable supplier & Manufacture\"},\"image\":{\"@id\":\"https:\\\/\\\/www.tstcables.com\\\/vi\\\/#\\\/schema\\\/logo\\\/image\\\/\"}}]}<\/script>\n<!-- \/ Yoast SEO plugin. -->","yoast_head_json":{"title":"C\u00e1p thi\u1ebft b\u1ecb h\u1ea1 c\u1ea5p th\u0103m d\u00f2 kh\u00ed \u0111\u1ed1t t\u1ef1 nhi\u00ean","description":"C\u00e1p thi\u1ebft b\u1ecb h\u1ea1 t\u1ea7ng th\u0103m d\u00f2 kh\u00ed t\u1ef1 nhi\u00ean c\u00f3 t\u1ed5n th\u1ea5t th\u1ea5p v\u00e0 \u0111i\u1ec7n \u00e1p c\u00e1ch \u0111i\u1ec7n cao, \u0111\u1ed3ng th\u1eddi l\u00e0 th\u00e0nh ph\u1ea7n ch\u00ednh trong qu\u00e1 tr\u00ecnh khai th\u00e1c kh\u00ed t\u1ef1 nhi\u00ean t\u1eeb c\u00e1c b\u1ec3 ch\u1ee9a d\u01b0\u1edbi l\u00f2ng \u0111\u1ea5t.","robots":{"index":"index","follow":"follow","max-snippet":"max-snippet:-1","max-image-preview":"max-image-preview:large","max-video-preview":"max-video-preview:-1"},"canonical":"https:\/\/www.tstcables.com\/vi\/product\/cap-thiet-bi-ha-cap-tham-do-khi-dot-tu-nhien\/","og_locale":"vi_VN","og_type":"article","og_title":"C\u00e1p thi\u1ebft b\u1ecb h\u1ea1 c\u1ea5p th\u0103m d\u00f2 kh\u00ed \u0111\u1ed1t t\u1ef1 nhi\u00ean","og_description":"C\u00e1p thi\u1ebft b\u1ecb h\u1ea1 t\u1ea7ng th\u0103m d\u00f2 kh\u00ed t\u1ef1 nhi\u00ean c\u00f3 t\u1ed5n th\u1ea5t th\u1ea5p v\u00e0 \u0111i\u1ec7n \u00e1p c\u00e1ch \u0111i\u1ec7n cao, \u0111\u1ed3ng th\u1eddi l\u00e0 th\u00e0nh ph\u1ea7n ch\u00ednh trong qu\u00e1 tr\u00ecnh khai th\u00e1c kh\u00ed t\u1ef1 nhi\u00ean t\u1eeb c\u00e1c b\u1ec3 ch\u1ee9a d\u01b0\u1edbi l\u00f2ng \u0111\u1ea5t.","og_url":"https:\/\/www.tstcables.com\/vi\/product\/cap-thiet-bi-ha-cap-tham-do-khi-dot-tu-nhien\/","og_site_name":"TST CABLES supplier &amp; Manufacture","og_image":[{"width":640,"height":640,"url":"https:\/\/www.tstcables.com\/wp-content\/uploads\/2024\/03\/2-7.jpg","type":"image\/jpeg"}],"twitter_card":"summary_large_image","twitter_misc":{"Est. reading time":"1 minute"},"schema":{"@context":"https:\/\/schema.org","@graph":[{"@type":"WebPage","@id":"https:\/\/www.tstcables.com\/vi\/product\/cap-thiet-bi-ha-cap-tham-do-khi-dot-tu-nhien\/","url":"https:\/\/www.tstcables.com\/vi\/product\/cap-thiet-bi-ha-cap-tham-do-khi-dot-tu-nhien\/","name":"C\u00e1p thi\u1ebft b\u1ecb h\u1ea1 c\u1ea5p th\u0103m d\u00f2 kh\u00ed \u0111\u1ed1t t\u1ef1 nhi\u00ean","isPartOf":{"@id":"https:\/\/www.tstcables.com\/vi\/#website"},"primaryImageOfPage":{"@id":"https:\/\/www.tstcables.com\/vi\/product\/cap-thiet-bi-ha-cap-tham-do-khi-dot-tu-nhien\/#primaryimage"},"image":{"@id":"https:\/\/www.tstcables.com\/vi\/product\/cap-thiet-bi-ha-cap-tham-do-khi-dot-tu-nhien\/#primaryimage"},"thumbnailUrl":"https:\/\/www.tstcables.com\/wp-content\/uploads\/2024\/03\/2-7.jpg","datePublished":"2024-04-12T07:04:34+00:00","description":"C\u00e1p thi\u1ebft b\u1ecb h\u1ea1 t\u1ea7ng th\u0103m d\u00f2 kh\u00ed t\u1ef1 nhi\u00ean c\u00f3 t\u1ed5n th\u1ea5t th\u1ea5p v\u00e0 \u0111i\u1ec7n \u00e1p c\u00e1ch \u0111i\u1ec7n cao, \u0111\u1ed3ng th\u1eddi l\u00e0 th\u00e0nh ph\u1ea7n ch\u00ednh trong qu\u00e1 tr\u00ecnh khai th\u00e1c kh\u00ed t\u1ef1 nhi\u00ean t\u1eeb c\u00e1c b\u1ec3 ch\u1ee9a d\u01b0\u1edbi l\u00f2ng \u0111\u1ea5t.","breadcrumb":{"@id":"https:\/\/www.tstcables.com\/vi\/product\/cap-thiet-bi-ha-cap-tham-do-khi-dot-tu-nhien\/#breadcrumb"},"inLanguage":"vi-VN","potentialAction":[{"@type":"ReadAction","target":["https:\/\/www.tstcables.com\/vi\/product\/cap-thiet-bi-ha-cap-tham-do-khi-dot-tu-nhien\/"]}]},{"@type":"ImageObject","inLanguage":"vi-VN","@id":"https:\/\/www.tstcables.com\/vi\/product\/cap-thiet-bi-ha-cap-tham-do-khi-dot-tu-nhien\/#primaryimage","url":"https:\/\/www.tstcables.com\/wp-content\/uploads\/2024\/03\/2-7.jpg","contentUrl":"https:\/\/www.tstcables.com\/wp-content\/uploads\/2024\/03\/2-7.jpg","width":640,"height":640,"caption":"TEWP high temperature resistant"},{"@type":"BreadcrumbList","@id":"https:\/\/www.tstcables.com\/vi\/product\/cap-thiet-bi-ha-cap-tham-do-khi-dot-tu-nhien\/#breadcrumb","itemListElement":[{"@type":"ListItem","position":1,"name":"\u9996\u9875","item":"https:\/\/www.tstcables.com\/vi\/"},{"@type":"ListItem","position":2,"name":"Product","item":"https:\/\/www.tstcables.com\/product\/"},{"@type":"ListItem","position":3,"name":"C\u00e1p thi\u1ebft b\u1ecb h\u1ea1 c\u1ea5p th\u0103m d\u00f2 kh\u00ed \u0111\u1ed1t t\u1ef1 nhi\u00ean"}]},{"@type":"WebSite","@id":"https:\/\/www.tstcables.com\/vi\/#website","url":"https:\/\/www.tstcables.com\/vi\/","name":"TST Cable supplier & Manufacture","description":"TST CABLES  supplier &amp; Manufacture official website","publisher":{"@id":"https:\/\/www.tstcables.com\/vi\/#organization"},"potentialAction":[{"@type":"SearchAction","target":{"@type":"EntryPoint","urlTemplate":"https:\/\/www.tstcables.com\/vi\/?s={search_term_string}"},"query-input":{"@type":"PropertyValueSpecification","valueRequired":true,"valueName":"search_term_string"}}],"inLanguage":"vi-VN"},{"@type":"Organization","@id":"https:\/\/www.tstcables.com\/vi\/#organization","name":"TST Cable supplier & Manufacture","url":"https:\/\/www.tstcables.com\/vi\/","logo":{"@type":"ImageObject","inLanguage":"vi-VN","@id":"https:\/\/www.tstcables.com\/vi\/#\/schema\/logo\/image\/","url":"https:\/\/www.tstcables.com\/wp-content\/uploads\/2024\/04\/cropped-\u753b\u677f-1-\u62f7\u8d1d-4-1.png","contentUrl":"https:\/\/www.tstcables.com\/wp-content\/uploads\/2024\/04\/cropped-\u753b\u677f-1-\u62f7\u8d1d-4-1.png","width":300,"height":100,"caption":"TST Cable supplier & Manufacture"},"image":{"@id":"https:\/\/www.tstcables.com\/vi\/#\/schema\/logo\/image\/"}}]}},"_links":{"self":[{"href":"https:\/\/www.tstcables.com\/vi\/wp-json\/wp\/v2\/product\/21024","targetHints":{"allow":["GET"]}}],"collection":[{"href":"https:\/\/www.tstcables.com\/vi\/wp-json\/wp\/v2\/product"}],"about":[{"href":"https:\/\/www.tstcables.com\/vi\/wp-json\/wp\/v2\/types\/product"}],"version-history":[{"count":0,"href":"https:\/\/www.tstcables.com\/vi\/wp-json\/wp\/v2\/product\/21024\/revisions"}],"wp:featuredmedia":[{"embeddable":true,"href":"https:\/\/www.tstcables.com\/vi\/wp-json\/wp\/v2\/media\/12368"}],"wp:attachment":[{"href":"https:\/\/www.tstcables.com\/vi\/wp-json\/wp\/v2\/media?parent=21024"}],"wp:term":[{"taxonomy":"product_brand","embeddable":true,"href":"https:\/\/www.tstcables.com\/vi\/wp-json\/wp\/v2\/product_brand?post=21024"},{"taxonomy":"product_cat","embeddable":true,"href":"https:\/\/www.tstcables.com\/vi\/wp-json\/wp\/v2\/product_cat?post=21024"},{"taxonomy":"product_tag","embeddable":true,"href":"https:\/\/www.tstcables.com\/vi\/wp-json\/wp\/v2\/product_tag?post=21024"}],"curies":[{"name":"wp","href":"https:\/\/api.w.org\/{rel}","templated":true}]}}