{"id":21025,"date":"2024-04-12T15:15:13","date_gmt":"2024-04-12T07:15:13","guid":{"rendered":"https:\/\/www.tstcables.com\/product\/cap-thiet-bi-truyen-khi-tu-nhien\/"},"modified":"2024-04-12T15:15:13","modified_gmt":"2024-04-12T07:15:13","slug":"cap-thiet-bi-truyen-khi-tu-nhien","status":"publish","type":"product","link":"https:\/\/www.tstcables.com\/vi\/product\/cap-thiet-bi-truyen-khi-tu-nhien\/","title":{"rendered":"C\u00e1p thi\u1ebft b\u1ecb truy\u1ec1n kh\u00ed t\u1ef1 nhi\u00ean"},"content":{"rendered":"<p>\u1ee8ng d\u1ee5ng:<\/p>\n<p>Thi\u1ebft b\u1ecb truy\u1ec1n kh\u00ed t\u1ef1 nhi\u00ean<\/p>\n<p>\u0110\u1eb7c \u0111i\u1ec3m:<\/p>\n<ul>\n<li>Ch\u1ecbu nhi\u1ec7t \u0111\u1ed9: -60 \u0111\u1ebfn 180\u00b0C<\/li>\n<li>L\u1edbp c\u00e1ch nhi\u1ec7t\/ch\u1ed1ng m\u00e0i m\u00f2n, kh\u00f4ng bi\u1ebfn d\u1ea1ng<\/li>\n<li>Hao m\u00f2n \u0111i\u1ec7n tr\u1edf<\/li>\n<li>Ch\u1ecbu nhi\u1ec7t \u0111\u1ed9 c\u1ef1c th\u1ea5p<\/li>\n<li>Ch\u1ed1ng \u0111\u00f3ng b\u0103ng v\u00e0 ch\u1ed1ng l\u1ea1nh<\/li>\n<li>T\u00ednh ch\u1ea5t c\u01a1 h\u1ecdc tuy\u1ec7t v\u1eddi<\/li>\n<li>Hi\u1ec7u su\u1ea5t c\u00e1ch \u0111i\u1ec7n v\u01b0\u1ee3t tr\u1ed9i<\/li>\n<\/ul>\n<p>Ti\u00eau chu\u1ea9n c\u00f4ng nghi\u1ec7p:<\/p>\n<ul>\n<li>EN45545-2<\/li>\n<\/ul>\n<p>K\u1ebft c\u1ea5u:<\/p>\n<ul>\n<li>D\u00e2y d\u1eabn: D\u00e2y d\u1eabn b\u1eb1ng \u0111\u1ed3ng m\u1ea1 thi\u1ebfc, c\u1ea5u tr\u00fac 5 l\u1edbp ho\u1eb7c 6 l\u1edbp.<\/li>\n<li>Che ch\u1eafn: D\u00e2y b\u1ec7n b\u1eb1ng \u0111\u1ed3ng m\u1ea1 thi\u1ebfc ho\u1eb7c \u0111\u1ed3ng m\u1ea1 b\u1ea1c.<\/li>\n<li>\u00c1o kho\u00e1c\/V\u1ecf b\u1ecdc: Ch\u1ea5t li\u1ec7u cao su silicon.<\/li>\n<\/ul>\n<p>Tham s\u1ed1 l\u1ef1a ch\u1ecdn<\/p>\n<table class=\"tg\">\n<thead>\n<tr>\n<th class=\"tg-949j\" colspan=\"2\">S\u1ed1 l\u00f5i * ti\u1ebft di\u1ec7n danh ngh\u0129a\/mm<\/th>\n<th class=\"tg-grqh\" colspan=\"2\">\u0110\u01b0\u1eddng k\u00ednh ngo\u00e0i c\u00e1ch nhi\u1ec7t\/mm<\/th>\n<th class=\"tg-d93i\" rowspan=\"2\">\u0110\u01b0\u1eddng k\u00ednh ngo\u00e0i c\u1ee7a c\u00e1p\/mm<\/th>\n<\/tr>\n<tr>\n<th class=\"tg-949j\">5\u00d70.50<\/th>\n<th class=\"tg-grqh\">0.2<\/th>\n<th class=\"tg-949j\">1.30\u00b10.1<\/th>\n<th class=\"tg-grqh\">1.2<\/th>\n<\/tr>\n<\/thead>\n<tbody>\n<tr>\n<td class=\"tg-949j\">4\u00d70.5<\/td>\n<td class=\"tg-grqh\">0.2<\/td>\n<td class=\"tg-949j\">1.30\u00b10.1<\/td>\n<td class=\"tg-grqh\">1.2<\/td>\n<td class=\"tg-7fn2\">6.0\u00b10.2<\/td>\n<\/tr>\n<tr>\n<td class=\"tg-949j\">5\u00d70.50<\/td>\n<td class=\"tg-grqh\">0.2<\/td>\n<td class=\"tg-949j\">1.30\u00b10.1<\/td>\n<td class=\"tg-grqh\">1.2<\/td>\n<td class=\"tg-7fn2\">6.4\u00b10.2<\/td>\n<\/tr>\n<tr>\n<td class=\"tg-949j\">6\u00d70.5<\/td>\n<td class=\"tg-grqh\">0.2<\/td>\n<td class=\"tg-949j\">1.30\u00b10.1<\/td>\n<td class=\"tg-grqh\">1.2<\/td>\n<td class=\"tg-7fn2\">6.8\u00b10.2<\/td>\n<\/tr>\n<tr>\n<td class=\"tg-949j\">7\u00d70.50<\/td>\n<td class=\"tg-grqh\">0.2<\/td>\n<td class=\"tg-949j\">1.30\u00b10.1<\/td>\n<td class=\"tg-grqh\">1.2<\/td>\n<td class=\"tg-7fn2\">6.8\u00b10.2<\/td>\n<\/tr>\n<tr>\n<td class=\"tg-949j\">8\u00d70.50<\/td>\n<td class=\"tg-grqh\">0.2<\/td>\n<td class=\"tg-949j\">1.30\u00b10.1<\/td>\n<td class=\"tg-grqh\">1.2<\/td>\n<td class=\"tg-7fn2\">7.2\u00b10.2<\/td>\n<\/tr>\n<tr>\n<td class=\"tg-949j\">2\u00d70.75<\/td>\n<td class=\"tg-grqh\">0.2<\/td>\n<td class=\"tg-949j\">1.55\u00b10.1<\/td>\n<td class=\"tg-grqh\">1.2<\/td>\n<td class=\"tg-7fn2\">6.0\u00b10.2<\/td>\n<\/tr>\n<tr>\n<td class=\"tg-7fn2\">3\u00d70.75<\/td>\n<td class=\"tg-d93i\">0.2<\/td>\n<td class=\"tg-7fn2\">1.55\u00b10.1<\/td>\n<td class=\"tg-d93i\">1.2<\/td>\n<td class=\"tg-7fn2\">6.2\u00b10.2<\/td>\n<\/tr>\n<tr>\n<td class=\"tg-7fn2\">4\u00d70.75<\/td>\n<td class=\"tg-d93i\">0.2<\/td>\n<td class=\"tg-7fn2\">1.55\u00b10.1<\/td>\n<td class=\"tg-d93i\">1.2<\/td>\n<td class=\"tg-7fn2\">6.6\u00b10.2<\/td>\n<\/tr>\n<tr>\n<td class=\"tg-7fn2\">5\u00d70.75<\/td>\n<td class=\"tg-d93i\">0.2<\/td>\n<td class=\"tg-7fn2\">1.55\u00b10.1<\/td>\n<td class=\"tg-d93i\">1.2<\/td>\n<td class=\"tg-7fn2\">7.1\u00b10.2<\/td>\n<\/tr>\n<tr>\n<td class=\"tg-7fn2\" rowspan=\"2\">6\u00d70.75<\/td>\n<td class=\"tg-d93i\">0.2<\/td>\n<td class=\"tg-7fn2\">1.55\u00b10.1<\/td>\n<td class=\"tg-d93i\">1.2<\/td>\n<td class=\"tg-7fn2\">7.6\u00b10.2<\/td>\n<\/tr>\n<tr>\n<td class=\"tg-d93i\">0.2<\/td>\n<td class=\"tg-7fn2\">1.55\u00b10.1<\/td>\n<td class=\"tg-d93i\">1.2<\/td>\n<td class=\"tg-7fn2\">7.6\u00b10.2<\/td>\n<\/tr>\n<tr>\n<td class=\"tg-1771\">8\u00d70.75<\/td>\n<td class=\"tg-qfl9\">0.2<\/td>\n<td class=\"tg-1771\">1.55\u00b10.1<\/td>\n<td class=\"tg-qfl9\">1.2<\/td>\n<td class=\"tg-1771\">8.0\u00b10.2<\/td>\n<\/tr>\n<tr>\n<td class=\"tg-1771\">2\u00d71.0<\/td>\n<td class=\"tg-qfl9\">0.2<\/td>\n<td class=\"tg-1771\">1.65\u00b10.1<\/td>\n<td class=\"tg-qfl9\">1.2<\/td>\n<td class=\"tg-1771\">6.2\u00b10.2<\/td>\n<\/tr>\n<tr>\n<td class=\"tg-1771\">3\u00d71.0<\/td>\n<td class=\"tg-qfl9\">0.2<\/td>\n<td class=\"tg-1771\">1.65\u00b10.1<\/td>\n<td class=\"tg-qfl9\">1.2<\/td>\n<td class=\"tg-1771\">6.5\u00b10.2<\/td>\n<\/tr>\n<tr>\n<td class=\"tg-1771\">4\u00d71.0<\/td>\n<td class=\"tg-qfl9\">0.2<\/td>\n<td class=\"tg-1771\">1.65\u00b10.1<\/td>\n<td class=\"tg-qfl9\">1.2<\/td>\n<td class=\"tg-1771\">6.9\u00b10.2<\/td>\n<\/tr>\n<tr>\n<td class=\"tg-1771\">5\u00d71.0<\/td>\n<td class=\"tg-qfl9\">0.2<\/td>\n<td class=\"tg-1771\">1.65\u00b10.1<\/td>\n<td class=\"tg-qfl9\">1.2<\/td>\n<td class=\"tg-1771\">7.4\u00b10.2<\/td>\n<\/tr>\n<tr>\n<td class=\"tg-1771\">6\u00d71.0<\/td>\n<td class=\"tg-qfl9\">0.2<\/td>\n<td class=\"tg-1771\">1.65\u00b10.1<\/td>\n<td class=\"tg-qfl9\">1.2<\/td>\n<td class=\"tg-1771\">7.9\u00b10.2<\/td>\n<\/tr>\n<tr>\n<td class=\"tg-1771\">7\u00d71.0<\/td>\n<td class=\"tg-qfl9\">0.2<\/td>\n<td class=\"tg-1771\">1.65\u00b10.1<\/td>\n<td class=\"tg-qfl9\">1.2<\/td>\n<td class=\"tg-1771\">7.9\u00b10.2<\/td>\n<\/tr>\n<tr>\n<td class=\"tg-1771\">8\u00d71.0<\/td>\n<td class=\"tg-qfl9\">0.2<\/td>\n<td class=\"tg-1771\">1.65\u00b10.1<\/td>\n<td class=\"tg-qfl9\">1.2<\/td>\n<td class=\"tg-1771\">7.9\u00b10.2<\/td>\n<\/tr>\n<\/tbody>\n<\/table>\n","protected":false},"excerpt":{"rendered":"<p>C\u00e1p thi\u1ebft b\u1ecb truy\u1ec1n kh\u00ed t\u1ef1 nhi\u00ean c\u00f3 kh\u1ea3 n\u0103ng ch\u1ed1ng m\u00e0i m\u00f2n, ch\u1ecbu nhi\u1ec7t \u0111\u1ed9 c\u1ef1c th\u1ea5p v\u00e0 c\u00f3 t\u00ednh ch\u1ea5t c\u01a1 h\u1ecdc tuy\u1ec7t v\u1eddi. Ch\u00fang l\u00e0 m\u1ed9t ph\u1ea7n quan tr\u1ecdng c\u1ee7a c\u01a1 s\u1edf h\u1ea1 t\u1ea7ng v\u1eadn chuy\u1ec3n kh\u00ed \u0111\u1ed1t t\u1ef1 nhi\u00ean t\u1eeb n\u01a1i s\u1ea3n xu\u1ea5t \u0111\u1ebfn m\u1ea1ng l\u01b0\u1edbi ph\u00e2n ph\u1ed1i v\u00e0 ng\u01b0\u1eddi d\u00f9ng cu\u1ed1i.<\/p>\n","protected":false},"featured_media":12608,"template":"","meta":{"_eb_attr":"","site-sidebar-layout":"default","site-content-layout":"","ast-site-content-layout":"default","site-content-style":"default","site-sidebar-style":"default","ast-global-header-display":"","ast-banner-title-visibility":"","ast-main-header-display":"","ast-hfb-above-header-display":"","ast-hfb-below-header-display":"","ast-hfb-mobile-header-display":"","site-post-title":"","ast-breadcrumbs-content":"","ast-featured-img":"","footer-sml-layout":"","theme-transparent-header-meta":"default","adv-header-id-meta":"","stick-header-meta":"","header-above-stick-meta":"","header-main-stick-meta":"","header-below-stick-meta":"","astra-migrate-meta-layouts":"default","ast-page-background-enabled":"default","ast-page-background-meta":{"desktop":{"background-color":"","background-image":"","background-repeat":"repeat","background-position":"center center","background-size":"auto","background-attachment":"scroll","background-type":"","background-media":"","overlay-type":"","overlay-color":"","overlay-opacity":"","overlay-gradient":""},"tablet":{"background-color":"","background-image":"","background-repeat":"repeat","background-position":"center center","background-size":"auto","background-attachment":"scroll","background-type":"","background-media":"","overlay-type":"","overlay-color":"","overlay-opacity":"","overlay-gradient":""},"mobile":{"background-color":"","background-image":"","background-repeat":"repeat","background-position":"center center","background-size":"auto","background-attachment":"scroll","background-type":"","background-media":"","overlay-type":"","overlay-color":"","overlay-opacity":"","overlay-gradient":""}},"ast-content-background-meta":{"desktop":{"background-color":"var(--ast-global-color-5)","background-image":"","background-repeat":"repeat","background-position":"center center","background-size":"auto","background-attachment":"scroll","background-type":"","background-media":"","overlay-type":"","overlay-color":"","overlay-opacity":"","overlay-gradient":""},"tablet":{"background-color":"var(--ast-global-color-5)","background-image":"","background-repeat":"repeat","background-position":"center center","background-size":"auto","background-attachment":"scroll","background-type":"","background-media":"","overlay-type":"","overlay-color":"","overlay-opacity":"","overlay-gradient":""},"mobile":{"background-color":"var(--ast-global-color-5)","background-image":"","background-repeat":"repeat","background-position":"center center","background-size":"auto","background-attachment":"scroll","background-type":"","background-media":"","overlay-type":"","overlay-color":"","overlay-opacity":"","overlay-gradient":""}}},"product_brand":[],"product_cat":[836],"product_tag":[1954,1942],"class_list":{"0":"post-21025","1":"product","2":"type-product","3":"status-publish","4":"has-post-thumbnail","6":"product_cat-oil-gas-vi","7":"product_tag-day-va-cap-da-loi-nhiet-do-thap","8":"product_tag-day-va-cap-nhiet-do-thap","9":"desktop-align-center","10":"tablet-align-left","11":"mobile-align-left","13":"first","14":"instock","15":"shipping-taxable","16":"product-type-simple"},"yoast_head":"<!-- This site is optimized with the Yoast SEO plugin v27.5 - https:\/\/yoast.com\/product\/yoast-seo-wordpress\/ -->\n<title>C\u00e1p thi\u1ebft b\u1ecb truy\u1ec1n kh\u00ed t\u1ef1 nhi\u00ean<\/title>\n<meta name=\"description\" content=\"C\u00e1p thi\u1ebft b\u1ecb truy\u1ec1n kh\u00ed t\u1ef1 nhi\u00ean c\u00f3 kh\u1ea3 n\u0103ng ch\u1ed1ng m\u00e0i m\u00f2n, ch\u1ecbu nhi\u1ec7t \u0111\u1ed9 c\u1ef1c th\u1ea5p v\u00e0 c\u00f3 t\u00ednh ch\u1ea5t c\u01a1 h\u1ecdc tuy\u1ec7t v\u1eddi.\" \/>\n<meta name=\"robots\" content=\"index, follow, max-snippet:-1, max-image-preview:large, max-video-preview:-1\" \/>\n<link rel=\"canonical\" href=\"https:\/\/www.tstcables.com\/vi\/product\/cap-thiet-bi-truyen-khi-tu-nhien\/\" \/>\n<meta property=\"og:locale\" content=\"vi_VN\" \/>\n<meta property=\"og:type\" content=\"article\" \/>\n<meta property=\"og:title\" content=\"C\u00e1p thi\u1ebft b\u1ecb truy\u1ec1n kh\u00ed t\u1ef1 nhi\u00ean\" \/>\n<meta property=\"og:description\" content=\"C\u00e1p thi\u1ebft b\u1ecb truy\u1ec1n kh\u00ed t\u1ef1 nhi\u00ean c\u00f3 kh\u1ea3 n\u0103ng ch\u1ed1ng m\u00e0i m\u00f2n, ch\u1ecbu nhi\u1ec7t \u0111\u1ed9 c\u1ef1c th\u1ea5p v\u00e0 c\u00f3 t\u00ednh ch\u1ea5t c\u01a1 h\u1ecdc tuy\u1ec7t v\u1eddi.\" \/>\n<meta property=\"og:url\" content=\"https:\/\/www.tstcables.com\/vi\/product\/cap-thiet-bi-truyen-khi-tu-nhien\/\" \/>\n<meta property=\"og:site_name\" content=\"TST CABLES supplier &amp; Manufacture\" \/>\n<meta property=\"og:image\" content=\"https:\/\/www.tstcables.com\/wp-content\/uploads\/2024\/03\/4-8.jpg\" \/>\n\t<meta property=\"og:image:width\" content=\"750\" \/>\n\t<meta property=\"og:image:height\" content=\"750\" \/>\n\t<meta property=\"og:image:type\" content=\"image\/jpeg\" \/>\n<meta name=\"twitter:card\" content=\"summary_large_image\" \/>\n<meta name=\"twitter:label1\" content=\"Est. reading time\" \/>\n\t<meta name=\"twitter:data1\" content=\"1 minute\" \/>\n<script type=\"application\/ld+json\" class=\"yoast-schema-graph\">{\"@context\":\"https:\\\/\\\/schema.org\",\"@graph\":[{\"@type\":\"WebPage\",\"@id\":\"https:\\\/\\\/www.tstcables.com\\\/vi\\\/product\\\/cap-thiet-bi-truyen-khi-tu-nhien\\\/\",\"url\":\"https:\\\/\\\/www.tstcables.com\\\/vi\\\/product\\\/cap-thiet-bi-truyen-khi-tu-nhien\\\/\",\"name\":\"C\u00e1p thi\u1ebft b\u1ecb truy\u1ec1n kh\u00ed t\u1ef1 nhi\u00ean\",\"isPartOf\":{\"@id\":\"https:\\\/\\\/www.tstcables.com\\\/vi\\\/#website\"},\"primaryImageOfPage\":{\"@id\":\"https:\\\/\\\/www.tstcables.com\\\/vi\\\/product\\\/cap-thiet-bi-truyen-khi-tu-nhien\\\/#primaryimage\"},\"image\":{\"@id\":\"https:\\\/\\\/www.tstcables.com\\\/vi\\\/product\\\/cap-thiet-bi-truyen-khi-tu-nhien\\\/#primaryimage\"},\"thumbnailUrl\":\"https:\\\/\\\/www.tstcables.com\\\/wp-content\\\/uploads\\\/2024\\\/03\\\/4-8.jpg\",\"datePublished\":\"2024-04-12T07:15:13+00:00\",\"description\":\"C\u00e1p thi\u1ebft b\u1ecb truy\u1ec1n kh\u00ed t\u1ef1 nhi\u00ean c\u00f3 kh\u1ea3 n\u0103ng ch\u1ed1ng m\u00e0i m\u00f2n, ch\u1ecbu nhi\u1ec7t \u0111\u1ed9 c\u1ef1c th\u1ea5p v\u00e0 c\u00f3 t\u00ednh ch\u1ea5t c\u01a1 h\u1ecdc tuy\u1ec7t v\u1eddi.\",\"breadcrumb\":{\"@id\":\"https:\\\/\\\/www.tstcables.com\\\/vi\\\/product\\\/cap-thiet-bi-truyen-khi-tu-nhien\\\/#breadcrumb\"},\"inLanguage\":\"vi-VN\",\"potentialAction\":[{\"@type\":\"ReadAction\",\"target\":[\"https:\\\/\\\/www.tstcables.com\\\/vi\\\/product\\\/cap-thiet-bi-truyen-khi-tu-nhien\\\/\"]}]},{\"@type\":\"ImageObject\",\"inLanguage\":\"vi-VN\",\"@id\":\"https:\\\/\\\/www.tstcables.com\\\/vi\\\/product\\\/cap-thiet-bi-truyen-khi-tu-nhien\\\/#primaryimage\",\"url\":\"https:\\\/\\\/www.tstcables.com\\\/wp-content\\\/uploads\\\/2024\\\/03\\\/4-8.jpg\",\"contentUrl\":\"https:\\\/\\\/www.tstcables.com\\\/wp-content\\\/uploads\\\/2024\\\/03\\\/4-8.jpg\",\"width\":750,\"height\":750,\"caption\":\"Fire-resistant wire smoke halogen-free flame retardant GN450-NY\"},{\"@type\":\"BreadcrumbList\",\"@id\":\"https:\\\/\\\/www.tstcables.com\\\/vi\\\/product\\\/cap-thiet-bi-truyen-khi-tu-nhien\\\/#breadcrumb\",\"itemListElement\":[{\"@type\":\"ListItem\",\"position\":1,\"name\":\"\u9996\u9875\",\"item\":\"https:\\\/\\\/www.tstcables.com\\\/vi\\\/\"},{\"@type\":\"ListItem\",\"position\":2,\"name\":\"Product\",\"item\":\"https:\\\/\\\/www.tstcables.com\\\/product\\\/\"},{\"@type\":\"ListItem\",\"position\":3,\"name\":\"C\u00e1p thi\u1ebft b\u1ecb truy\u1ec1n kh\u00ed t\u1ef1 nhi\u00ean\"}]},{\"@type\":\"WebSite\",\"@id\":\"https:\\\/\\\/www.tstcables.com\\\/vi\\\/#website\",\"url\":\"https:\\\/\\\/www.tstcables.com\\\/vi\\\/\",\"name\":\"TST Cable supplier & Manufacture\",\"description\":\"TST CABLES  supplier &amp; Manufacture official website\",\"publisher\":{\"@id\":\"https:\\\/\\\/www.tstcables.com\\\/vi\\\/#organization\"},\"potentialAction\":[{\"@type\":\"SearchAction\",\"target\":{\"@type\":\"EntryPoint\",\"urlTemplate\":\"https:\\\/\\\/www.tstcables.com\\\/vi\\\/?s={search_term_string}\"},\"query-input\":{\"@type\":\"PropertyValueSpecification\",\"valueRequired\":true,\"valueName\":\"search_term_string\"}}],\"inLanguage\":\"vi-VN\"},{\"@type\":\"Organization\",\"@id\":\"https:\\\/\\\/www.tstcables.com\\\/vi\\\/#organization\",\"name\":\"TST Cable supplier & Manufacture\",\"url\":\"https:\\\/\\\/www.tstcables.com\\\/vi\\\/\",\"logo\":{\"@type\":\"ImageObject\",\"inLanguage\":\"vi-VN\",\"@id\":\"https:\\\/\\\/www.tstcables.com\\\/vi\\\/#\\\/schema\\\/logo\\\/image\\\/\",\"url\":\"https:\\\/\\\/www.tstcables.com\\\/wp-content\\\/uploads\\\/2024\\\/04\\\/cropped-\u753b\u677f-1-\u62f7\u8d1d-4-1.png\",\"contentUrl\":\"https:\\\/\\\/www.tstcables.com\\\/wp-content\\\/uploads\\\/2024\\\/04\\\/cropped-\u753b\u677f-1-\u62f7\u8d1d-4-1.png\",\"width\":300,\"height\":100,\"caption\":\"TST Cable supplier & Manufacture\"},\"image\":{\"@id\":\"https:\\\/\\\/www.tstcables.com\\\/vi\\\/#\\\/schema\\\/logo\\\/image\\\/\"}}]}<\/script>\n<!-- \/ Yoast SEO plugin. -->","yoast_head_json":{"title":"C\u00e1p thi\u1ebft b\u1ecb truy\u1ec1n kh\u00ed t\u1ef1 nhi\u00ean","description":"C\u00e1p thi\u1ebft b\u1ecb truy\u1ec1n kh\u00ed t\u1ef1 nhi\u00ean c\u00f3 kh\u1ea3 n\u0103ng ch\u1ed1ng m\u00e0i m\u00f2n, ch\u1ecbu nhi\u1ec7t \u0111\u1ed9 c\u1ef1c th\u1ea5p v\u00e0 c\u00f3 t\u00ednh ch\u1ea5t c\u01a1 h\u1ecdc tuy\u1ec7t v\u1eddi.","robots":{"index":"index","follow":"follow","max-snippet":"max-snippet:-1","max-image-preview":"max-image-preview:large","max-video-preview":"max-video-preview:-1"},"canonical":"https:\/\/www.tstcables.com\/vi\/product\/cap-thiet-bi-truyen-khi-tu-nhien\/","og_locale":"vi_VN","og_type":"article","og_title":"C\u00e1p thi\u1ebft b\u1ecb truy\u1ec1n kh\u00ed t\u1ef1 nhi\u00ean","og_description":"C\u00e1p thi\u1ebft b\u1ecb truy\u1ec1n kh\u00ed t\u1ef1 nhi\u00ean c\u00f3 kh\u1ea3 n\u0103ng ch\u1ed1ng m\u00e0i m\u00f2n, ch\u1ecbu nhi\u1ec7t \u0111\u1ed9 c\u1ef1c th\u1ea5p v\u00e0 c\u00f3 t\u00ednh ch\u1ea5t c\u01a1 h\u1ecdc tuy\u1ec7t v\u1eddi.","og_url":"https:\/\/www.tstcables.com\/vi\/product\/cap-thiet-bi-truyen-khi-tu-nhien\/","og_site_name":"TST CABLES supplier &amp; Manufacture","og_image":[{"width":750,"height":750,"url":"https:\/\/www.tstcables.com\/wp-content\/uploads\/2024\/03\/4-8.jpg","type":"image\/jpeg"}],"twitter_card":"summary_large_image","twitter_misc":{"Est. reading time":"1 minute"},"schema":{"@context":"https:\/\/schema.org","@graph":[{"@type":"WebPage","@id":"https:\/\/www.tstcables.com\/vi\/product\/cap-thiet-bi-truyen-khi-tu-nhien\/","url":"https:\/\/www.tstcables.com\/vi\/product\/cap-thiet-bi-truyen-khi-tu-nhien\/","name":"C\u00e1p thi\u1ebft b\u1ecb truy\u1ec1n kh\u00ed t\u1ef1 nhi\u00ean","isPartOf":{"@id":"https:\/\/www.tstcables.com\/vi\/#website"},"primaryImageOfPage":{"@id":"https:\/\/www.tstcables.com\/vi\/product\/cap-thiet-bi-truyen-khi-tu-nhien\/#primaryimage"},"image":{"@id":"https:\/\/www.tstcables.com\/vi\/product\/cap-thiet-bi-truyen-khi-tu-nhien\/#primaryimage"},"thumbnailUrl":"https:\/\/www.tstcables.com\/wp-content\/uploads\/2024\/03\/4-8.jpg","datePublished":"2024-04-12T07:15:13+00:00","description":"C\u00e1p thi\u1ebft b\u1ecb truy\u1ec1n kh\u00ed t\u1ef1 nhi\u00ean c\u00f3 kh\u1ea3 n\u0103ng ch\u1ed1ng m\u00e0i m\u00f2n, ch\u1ecbu nhi\u1ec7t \u0111\u1ed9 c\u1ef1c th\u1ea5p v\u00e0 c\u00f3 t\u00ednh ch\u1ea5t c\u01a1 h\u1ecdc tuy\u1ec7t v\u1eddi.","breadcrumb":{"@id":"https:\/\/www.tstcables.com\/vi\/product\/cap-thiet-bi-truyen-khi-tu-nhien\/#breadcrumb"},"inLanguage":"vi-VN","potentialAction":[{"@type":"ReadAction","target":["https:\/\/www.tstcables.com\/vi\/product\/cap-thiet-bi-truyen-khi-tu-nhien\/"]}]},{"@type":"ImageObject","inLanguage":"vi-VN","@id":"https:\/\/www.tstcables.com\/vi\/product\/cap-thiet-bi-truyen-khi-tu-nhien\/#primaryimage","url":"https:\/\/www.tstcables.com\/wp-content\/uploads\/2024\/03\/4-8.jpg","contentUrl":"https:\/\/www.tstcables.com\/wp-content\/uploads\/2024\/03\/4-8.jpg","width":750,"height":750,"caption":"Fire-resistant wire smoke halogen-free flame retardant GN450-NY"},{"@type":"BreadcrumbList","@id":"https:\/\/www.tstcables.com\/vi\/product\/cap-thiet-bi-truyen-khi-tu-nhien\/#breadcrumb","itemListElement":[{"@type":"ListItem","position":1,"name":"\u9996\u9875","item":"https:\/\/www.tstcables.com\/vi\/"},{"@type":"ListItem","position":2,"name":"Product","item":"https:\/\/www.tstcables.com\/product\/"},{"@type":"ListItem","position":3,"name":"C\u00e1p thi\u1ebft b\u1ecb truy\u1ec1n kh\u00ed t\u1ef1 nhi\u00ean"}]},{"@type":"WebSite","@id":"https:\/\/www.tstcables.com\/vi\/#website","url":"https:\/\/www.tstcables.com\/vi\/","name":"TST Cable supplier & Manufacture","description":"TST CABLES  supplier &amp; Manufacture official website","publisher":{"@id":"https:\/\/www.tstcables.com\/vi\/#organization"},"potentialAction":[{"@type":"SearchAction","target":{"@type":"EntryPoint","urlTemplate":"https:\/\/www.tstcables.com\/vi\/?s={search_term_string}"},"query-input":{"@type":"PropertyValueSpecification","valueRequired":true,"valueName":"search_term_string"}}],"inLanguage":"vi-VN"},{"@type":"Organization","@id":"https:\/\/www.tstcables.com\/vi\/#organization","name":"TST Cable supplier & Manufacture","url":"https:\/\/www.tstcables.com\/vi\/","logo":{"@type":"ImageObject","inLanguage":"vi-VN","@id":"https:\/\/www.tstcables.com\/vi\/#\/schema\/logo\/image\/","url":"https:\/\/www.tstcables.com\/wp-content\/uploads\/2024\/04\/cropped-\u753b\u677f-1-\u62f7\u8d1d-4-1.png","contentUrl":"https:\/\/www.tstcables.com\/wp-content\/uploads\/2024\/04\/cropped-\u753b\u677f-1-\u62f7\u8d1d-4-1.png","width":300,"height":100,"caption":"TST Cable supplier & Manufacture"},"image":{"@id":"https:\/\/www.tstcables.com\/vi\/#\/schema\/logo\/image\/"}}]}},"_links":{"self":[{"href":"https:\/\/www.tstcables.com\/vi\/wp-json\/wp\/v2\/product\/21025","targetHints":{"allow":["GET"]}}],"collection":[{"href":"https:\/\/www.tstcables.com\/vi\/wp-json\/wp\/v2\/product"}],"about":[{"href":"https:\/\/www.tstcables.com\/vi\/wp-json\/wp\/v2\/types\/product"}],"version-history":[{"count":0,"href":"https:\/\/www.tstcables.com\/vi\/wp-json\/wp\/v2\/product\/21025\/revisions"}],"wp:featuredmedia":[{"embeddable":true,"href":"https:\/\/www.tstcables.com\/vi\/wp-json\/wp\/v2\/media\/12608"}],"wp:attachment":[{"href":"https:\/\/www.tstcables.com\/vi\/wp-json\/wp\/v2\/media?parent=21025"}],"wp:term":[{"taxonomy":"product_brand","embeddable":true,"href":"https:\/\/www.tstcables.com\/vi\/wp-json\/wp\/v2\/product_brand?post=21025"},{"taxonomy":"product_cat","embeddable":true,"href":"https:\/\/www.tstcables.com\/vi\/wp-json\/wp\/v2\/product_cat?post=21025"},{"taxonomy":"product_tag","embeddable":true,"href":"https:\/\/www.tstcables.com\/vi\/wp-json\/wp\/v2\/product_tag?post=21025"}],"curies":[{"name":"wp","href":"https:\/\/api.w.org\/{rel}","templated":true}]}}