{"id":21026,"date":"2024-04-11T17:02:36","date_gmt":"2024-04-11T09:02:36","guid":{"rendered":"https:\/\/www.tstcables.com\/product\/cap-he-thong-cua-xe\/"},"modified":"2024-04-11T17:02:36","modified_gmt":"2024-04-11T09:02:36","slug":"cap-he-thong-cua-xe","status":"publish","type":"product","link":"https:\/\/www.tstcables.com\/vi\/product\/cap-he-thong-cua-xe\/","title":{"rendered":"C\u00e1p h\u1ec7 th\u1ed1ng c\u1eeda xe"},"content":{"rendered":"<p>\u1ee8ng d\u1ee5ng:<\/p>\n<p>H\u1ec7 th\u1ed1ng c\u1eeda xe<\/p>\n<p>\u0110\u1eb7c \u0111i\u1ec3m:<\/p>\n<ul>\n<li>Kh\u1ea3 n\u0103ng ch\u1ecbu nhi\u1ec7t \u0111\u1ed9: -40\u00b0C \u0111\u1ebfn +125\u00b0C.<\/li>\n<li>\u0110i\u1ec7n \u00e1p \u0111\u1ecbnh m\u1ee9c: 450\/750V.<\/li>\n<li>Ch\u1ecbu \u0111\u01b0\u1ee3c ki\u1ec3m tra \u0111i\u1ec7n \u00e1p: 3000V\/5 ph\u00fat.<\/li>\n<li>C\u1ea5u tr\u00fac d\u00e2y d\u1eabn: \u0110\u1ed3ng tr\u1ea7n, \u0111\u00f3ng h\u1ed9p.<\/li>\n<\/ul>\n<p>Ti\u00eau chu\u1ea9n c\u00f4ng nghi\u1ec7p:<\/p>\n<ul>\n<li>GB\/T 9330.3-2008<\/li>\n<li>GB\/T19666-2005<\/li>\n<\/ul>\n<p>K\u1ebft c\u1ea5u:<\/p>\n<ul>\n<li>T\u1ea5m ch\u1eafn (b\u0103ng \u0111\u1ed3ng\/t\u1ea5m ch\u1eafn b\u1ec7n\/b\u0103ng composite nh\u00f4m-nh\u1ef1a)<\/li>\n<li>D\u00e2y d\u1eabn (l\u00f5i \u0111\u1ed3ng\/l\u00f5i \u0111\u1ed3ng m\u1ec1m)<\/li>\n<li>L\u1edbp c\u00e1ch nhi\u1ec7t (PE)<\/li>\n<\/ul>\n<p>Tham s\u1ed1 l\u1ef1a ch\u1ecdn<\/p>\n<table class=\"tg\">\n<thead>\n<tr>\n<th class=\"tg-949j\" rowspan=\"2\">S\u1ed1 s\u1ea3n ph\u1ea9m<\/th>\n<th class=\"tg-7fn2\" rowspan=\"2\">danh m\u1ee5c s\u1ea3n ph\u1ea9m<\/th>\n<th class=\"tg-7fn2\" colspan=\"2\">S\u1ed1 l\u01b0\u1ee3ng l\u00f5i<\/th>\n<\/tr>\n<tr>\n<th class=\"tg-7fn2\">1 l\u00f5i<\/th>\n<th class=\"tg-7fn2\">0.5-240mm2<\/th>\n<\/tr>\n<\/thead>\n<tbody>\n<tr>\n<td class=\"tg-7fn2\">KYJYP<\/td>\n<td class=\"tg-7fn2\">C\u00e1p \u0111i\u1ec1u khi\u1ec3n b\u1ec7n b\u1ecdc c\u00e1ch \u0111i\u1ec7n b\u1eb1ng polyolefin c\u00e1ch \u0111i\u1ec7n XLPE<\/td>\n<td class=\"tg-7fn2\">l\u00f5i 1-48<\/td>\n<td class=\"tg-7fn2\">0.5-50mm2<\/td>\n<\/tr>\n<tr>\n<td class=\"tg-7fn2\">KYJYP2<\/td>\n<td class=\"tg-7fn2\">C\u00e1p \u0111i\u1ec1u khi\u1ec3n \u0111\u01b0\u1ee3c b\u1ecdc b\u1eb1ng b\u0103ng \u0111\u1ed3ng b\u1ecdc polyolefin c\u00e1ch \u0111i\u1ec7n XLPE<\/td>\n<td class=\"tg-7fn2\">l\u00f5i 1-48<\/td>\n<td class=\"tg-7fn2\">0.5-50mm2<\/td>\n<\/tr>\n<tr>\n<td class=\"tg-7fn2\">KYJYP3<\/td>\n<td class=\"tg-7fn2\">C\u00e1p \u0111i\u1ec1u khi\u1ec3n \u0111\u01b0\u1ee3c b\u1ecdc b\u1eb1ng b\u0103ng composite nh\u00f4m-nh\u1ef1a c\u00e1ch \u0111i\u1ec7n XLPE<\/td>\n<td class=\"tg-7fn2\">l\u00f5i 1-48<\/td>\n<td class=\"tg-7fn2\">0.5-50mm2<\/td>\n<\/tr>\n<\/tbody>\n<\/table>\n","protected":false},"excerpt":{"rendered":"<p>C\u00e1p h\u1ec7 th\u1ed1ng c\u1eeda c\u00f3 kh\u1ea3 n\u0103ng ch\u1ecbu n\u00e9n v\u00e0 m\u00e0i m\u00f2n, nhi\u1ec7t \u0111\u1ed9 cao v\u00e0 \u0111\u00f3ng vai tr\u00f2 quan tr\u1ecdng trong ho\u1ea1t \u0111\u1ed9ng c\u1ee7a c\u1eeda, t\u1ea1o \u0111i\u1ec1u ki\u1ec7n thu\u1eadn l\u1ee3i cho vi\u1ec7c truy\u1ec1n t\u00edn hi\u1ec7u v\u00e0 ngu\u1ed3n \u0111i\u1ec7n gi\u1eefa b\u1ed9 \u0111i\u1ec1u khi\u1ec3n c\u1eeda, c\u1ea3m bi\u1ebfn v\u00e0 c\u01a1 c\u1ea5u ch\u1ea5p h\u00e0nh.<\/p>\n","protected":false},"featured_media":13336,"template":"","meta":{"_eb_attr":"","site-sidebar-layout":"default","site-content-layout":"","ast-site-content-layout":"default","site-content-style":"default","site-sidebar-style":"default","ast-global-header-display":"","ast-banner-title-visibility":"","ast-main-header-display":"","ast-hfb-above-header-display":"","ast-hfb-below-header-display":"","ast-hfb-mobile-header-display":"","site-post-title":"","ast-breadcrumbs-content":"","ast-featured-img":"","footer-sml-layout":"","theme-transparent-header-meta":"default","adv-header-id-meta":"","stick-header-meta":"","header-above-stick-meta":"","header-main-stick-meta":"","header-below-stick-meta":"","astra-migrate-meta-layouts":"default","ast-page-background-enabled":"default","ast-page-background-meta":{"desktop":{"background-color":"","background-image":"","background-repeat":"repeat","background-position":"center center","background-size":"auto","background-attachment":"scroll","background-type":"","background-media":"","overlay-type":"","overlay-color":"","overlay-opacity":"","overlay-gradient":""},"tablet":{"background-color":"","background-image":"","background-repeat":"repeat","background-position":"center center","background-size":"auto","background-attachment":"scroll","background-type":"","background-media":"","overlay-type":"","overlay-color":"","overlay-opacity":"","overlay-gradient":""},"mobile":{"background-color":"","background-image":"","background-repeat":"repeat","background-position":"center center","background-size":"auto","background-attachment":"scroll","background-type":"","background-media":"","overlay-type":"","overlay-color":"","overlay-opacity":"","overlay-gradient":""}},"ast-content-background-meta":{"desktop":{"background-color":"var(--ast-global-color-5)","background-image":"","background-repeat":"repeat","background-position":"center center","background-size":"auto","background-attachment":"scroll","background-type":"","background-media":"","overlay-type":"","overlay-color":"","overlay-opacity":"","overlay-gradient":""},"tablet":{"background-color":"var(--ast-global-color-5)","background-image":"","background-repeat":"repeat","background-position":"center center","background-size":"auto","background-attachment":"scroll","background-type":"","background-media":"","overlay-type":"","overlay-color":"","overlay-opacity":"","overlay-gradient":""},"mobile":{"background-color":"var(--ast-global-color-5)","background-image":"","background-repeat":"repeat","background-position":"center center","background-size":"auto","background-attachment":"scroll","background-type":"","background-media":"","overlay-type":"","overlay-color":"","overlay-opacity":"","overlay-gradient":""}}},"product_brand":[],"product_cat":[842],"product_tag":[1955,1957,1956],"class_list":{"0":"post-21026","1":"product","2":"type-product","3":"status-publish","4":"has-post-thumbnail","6":"product_cat-rail-way-vi","7":"product_tag-cap-lszh","8":"product_tag-day-va-cap-chong-chay","9":"product_tag-day-va-cap-khong-chua-halogen-it-khoi","10":"desktop-align-center","11":"tablet-align-left","12":"mobile-align-left","14":"first","15":"instock","16":"shipping-taxable","17":"product-type-simple"},"yoast_head":"<!-- This site is optimized with the Yoast SEO plugin v27.5 - https:\/\/yoast.com\/product\/yoast-seo-wordpress\/ -->\n<title>C\u00e1p h\u1ec7 th\u1ed1ng c\u1eeda xe<\/title>\n<meta name=\"description\" content=\"C\u00e1p h\u1ec7 th\u1ed1ng c\u1eeda c\u00f3 kh\u1ea3 n\u0103ng ch\u1ecbu n\u00e9n v\u00e0 m\u00e0i m\u00f2n, nhi\u1ec7t \u0111\u1ed9 cao v\u00e0 \u0111\u00f3ng vai tr\u00f2 quan tr\u1ecdng trong ho\u1ea1t \u0111\u1ed9ng c\u1ee7a c\u1eeda\" \/>\n<meta name=\"robots\" content=\"index, follow, max-snippet:-1, max-image-preview:large, max-video-preview:-1\" \/>\n<link rel=\"canonical\" href=\"https:\/\/www.tstcables.com\/vi\/product\/cap-he-thong-cua-xe\/\" \/>\n<meta property=\"og:locale\" content=\"vi_VN\" \/>\n<meta property=\"og:type\" content=\"article\" \/>\n<meta property=\"og:title\" content=\"C\u00e1p h\u1ec7 th\u1ed1ng c\u1eeda xe\" \/>\n<meta property=\"og:description\" content=\"C\u00e1p h\u1ec7 th\u1ed1ng c\u1eeda c\u00f3 kh\u1ea3 n\u0103ng ch\u1ecbu n\u00e9n v\u00e0 m\u00e0i m\u00f2n, nhi\u1ec7t \u0111\u1ed9 cao v\u00e0 \u0111\u00f3ng vai tr\u00f2 quan tr\u1ecdng trong ho\u1ea1t \u0111\u1ed9ng c\u1ee7a c\u1eeda\" \/>\n<meta property=\"og:url\" content=\"https:\/\/www.tstcables.com\/vi\/product\/cap-he-thong-cua-xe\/\" \/>\n<meta property=\"og:site_name\" content=\"TST CABLES supplier &amp; Manufacture\" \/>\n<meta property=\"og:image\" content=\"https:\/\/www.tstcables.com\/wp-content\/uploads\/2024\/03\/3-1.webp\" \/>\n\t<meta property=\"og:image:width\" content=\"640\" \/>\n\t<meta property=\"og:image:height\" content=\"640\" \/>\n\t<meta property=\"og:image:type\" content=\"image\/webp\" \/>\n<meta name=\"twitter:card\" content=\"summary_large_image\" \/>\n<meta name=\"twitter:label1\" content=\"Est. reading time\" \/>\n\t<meta name=\"twitter:data1\" content=\"1 minute\" \/>\n<script type=\"application\/ld+json\" class=\"yoast-schema-graph\">{\"@context\":\"https:\\\/\\\/schema.org\",\"@graph\":[{\"@type\":\"WebPage\",\"@id\":\"https:\\\/\\\/www.tstcables.com\\\/vi\\\/product\\\/cap-he-thong-cua-xe\\\/\",\"url\":\"https:\\\/\\\/www.tstcables.com\\\/vi\\\/product\\\/cap-he-thong-cua-xe\\\/\",\"name\":\"C\u00e1p h\u1ec7 th\u1ed1ng c\u1eeda xe\",\"isPartOf\":{\"@id\":\"https:\\\/\\\/www.tstcables.com\\\/vi\\\/#website\"},\"primaryImageOfPage\":{\"@id\":\"https:\\\/\\\/www.tstcables.com\\\/vi\\\/product\\\/cap-he-thong-cua-xe\\\/#primaryimage\"},\"image\":{\"@id\":\"https:\\\/\\\/www.tstcables.com\\\/vi\\\/product\\\/cap-he-thong-cua-xe\\\/#primaryimage\"},\"thumbnailUrl\":\"https:\\\/\\\/www.tstcables.com\\\/wp-content\\\/uploads\\\/2024\\\/03\\\/3-1.webp\",\"datePublished\":\"2024-04-11T09:02:36+00:00\",\"description\":\"C\u00e1p h\u1ec7 th\u1ed1ng c\u1eeda c\u00f3 kh\u1ea3 n\u0103ng ch\u1ecbu n\u00e9n v\u00e0 m\u00e0i m\u00f2n, nhi\u1ec7t \u0111\u1ed9 cao v\u00e0 \u0111\u00f3ng vai tr\u00f2 quan tr\u1ecdng trong ho\u1ea1t \u0111\u1ed9ng c\u1ee7a c\u1eeda\",\"breadcrumb\":{\"@id\":\"https:\\\/\\\/www.tstcables.com\\\/vi\\\/product\\\/cap-he-thong-cua-xe\\\/#breadcrumb\"},\"inLanguage\":\"vi-VN\",\"potentialAction\":[{\"@type\":\"ReadAction\",\"target\":[\"https:\\\/\\\/www.tstcables.com\\\/vi\\\/product\\\/cap-he-thong-cua-xe\\\/\"]}]},{\"@type\":\"ImageObject\",\"inLanguage\":\"vi-VN\",\"@id\":\"https:\\\/\\\/www.tstcables.com\\\/vi\\\/product\\\/cap-he-thong-cua-xe\\\/#primaryimage\",\"url\":\"https:\\\/\\\/www.tstcables.com\\\/wp-content\\\/uploads\\\/2024\\\/03\\\/3-1.webp\",\"contentUrl\":\"https:\\\/\\\/www.tstcables.com\\\/wp-content\\\/uploads\\\/2024\\\/03\\\/3-1.webp\",\"width\":640,\"height\":640,\"caption\":\"Fire-resistant wire smoke halogen-free flame retardant GN450-NY\"},{\"@type\":\"BreadcrumbList\",\"@id\":\"https:\\\/\\\/www.tstcables.com\\\/vi\\\/product\\\/cap-he-thong-cua-xe\\\/#breadcrumb\",\"itemListElement\":[{\"@type\":\"ListItem\",\"position\":1,\"name\":\"\u9996\u9875\",\"item\":\"https:\\\/\\\/www.tstcables.com\\\/vi\\\/\"},{\"@type\":\"ListItem\",\"position\":2,\"name\":\"Product\",\"item\":\"https:\\\/\\\/www.tstcables.com\\\/product\\\/\"},{\"@type\":\"ListItem\",\"position\":3,\"name\":\"C\u00e1p h\u1ec7 th\u1ed1ng c\u1eeda xe\"}]},{\"@type\":\"WebSite\",\"@id\":\"https:\\\/\\\/www.tstcables.com\\\/vi\\\/#website\",\"url\":\"https:\\\/\\\/www.tstcables.com\\\/vi\\\/\",\"name\":\"TST Cable supplier & Manufacture\",\"description\":\"TST CABLES  supplier &amp; Manufacture official website\",\"publisher\":{\"@id\":\"https:\\\/\\\/www.tstcables.com\\\/vi\\\/#organization\"},\"potentialAction\":[{\"@type\":\"SearchAction\",\"target\":{\"@type\":\"EntryPoint\",\"urlTemplate\":\"https:\\\/\\\/www.tstcables.com\\\/vi\\\/?s={search_term_string}\"},\"query-input\":{\"@type\":\"PropertyValueSpecification\",\"valueRequired\":true,\"valueName\":\"search_term_string\"}}],\"inLanguage\":\"vi-VN\"},{\"@type\":\"Organization\",\"@id\":\"https:\\\/\\\/www.tstcables.com\\\/vi\\\/#organization\",\"name\":\"TST Cable supplier & Manufacture\",\"url\":\"https:\\\/\\\/www.tstcables.com\\\/vi\\\/\",\"logo\":{\"@type\":\"ImageObject\",\"inLanguage\":\"vi-VN\",\"@id\":\"https:\\\/\\\/www.tstcables.com\\\/vi\\\/#\\\/schema\\\/logo\\\/image\\\/\",\"url\":\"https:\\\/\\\/www.tstcables.com\\\/wp-content\\\/uploads\\\/2024\\\/04\\\/cropped-\u753b\u677f-1-\u62f7\u8d1d-4-1.png\",\"contentUrl\":\"https:\\\/\\\/www.tstcables.com\\\/wp-content\\\/uploads\\\/2024\\\/04\\\/cropped-\u753b\u677f-1-\u62f7\u8d1d-4-1.png\",\"width\":300,\"height\":100,\"caption\":\"TST Cable supplier & Manufacture\"},\"image\":{\"@id\":\"https:\\\/\\\/www.tstcables.com\\\/vi\\\/#\\\/schema\\\/logo\\\/image\\\/\"}}]}<\/script>\n<!-- \/ Yoast SEO plugin. -->","yoast_head_json":{"title":"C\u00e1p h\u1ec7 th\u1ed1ng c\u1eeda xe","description":"C\u00e1p h\u1ec7 th\u1ed1ng c\u1eeda c\u00f3 kh\u1ea3 n\u0103ng ch\u1ecbu n\u00e9n v\u00e0 m\u00e0i m\u00f2n, nhi\u1ec7t \u0111\u1ed9 cao v\u00e0 \u0111\u00f3ng vai tr\u00f2 quan tr\u1ecdng trong ho\u1ea1t \u0111\u1ed9ng c\u1ee7a c\u1eeda","robots":{"index":"index","follow":"follow","max-snippet":"max-snippet:-1","max-image-preview":"max-image-preview:large","max-video-preview":"max-video-preview:-1"},"canonical":"https:\/\/www.tstcables.com\/vi\/product\/cap-he-thong-cua-xe\/","og_locale":"vi_VN","og_type":"article","og_title":"C\u00e1p h\u1ec7 th\u1ed1ng c\u1eeda xe","og_description":"C\u00e1p h\u1ec7 th\u1ed1ng c\u1eeda c\u00f3 kh\u1ea3 n\u0103ng ch\u1ecbu n\u00e9n v\u00e0 m\u00e0i m\u00f2n, nhi\u1ec7t \u0111\u1ed9 cao v\u00e0 \u0111\u00f3ng vai tr\u00f2 quan tr\u1ecdng trong ho\u1ea1t \u0111\u1ed9ng c\u1ee7a c\u1eeda","og_url":"https:\/\/www.tstcables.com\/vi\/product\/cap-he-thong-cua-xe\/","og_site_name":"TST CABLES supplier &amp; Manufacture","og_image":[{"width":640,"height":640,"url":"https:\/\/www.tstcables.com\/wp-content\/uploads\/2024\/03\/3-1.webp","type":"image\/webp"}],"twitter_card":"summary_large_image","twitter_misc":{"Est. reading time":"1 minute"},"schema":{"@context":"https:\/\/schema.org","@graph":[{"@type":"WebPage","@id":"https:\/\/www.tstcables.com\/vi\/product\/cap-he-thong-cua-xe\/","url":"https:\/\/www.tstcables.com\/vi\/product\/cap-he-thong-cua-xe\/","name":"C\u00e1p h\u1ec7 th\u1ed1ng c\u1eeda xe","isPartOf":{"@id":"https:\/\/www.tstcables.com\/vi\/#website"},"primaryImageOfPage":{"@id":"https:\/\/www.tstcables.com\/vi\/product\/cap-he-thong-cua-xe\/#primaryimage"},"image":{"@id":"https:\/\/www.tstcables.com\/vi\/product\/cap-he-thong-cua-xe\/#primaryimage"},"thumbnailUrl":"https:\/\/www.tstcables.com\/wp-content\/uploads\/2024\/03\/3-1.webp","datePublished":"2024-04-11T09:02:36+00:00","description":"C\u00e1p h\u1ec7 th\u1ed1ng c\u1eeda c\u00f3 kh\u1ea3 n\u0103ng ch\u1ecbu n\u00e9n v\u00e0 m\u00e0i m\u00f2n, nhi\u1ec7t \u0111\u1ed9 cao v\u00e0 \u0111\u00f3ng vai tr\u00f2 quan tr\u1ecdng trong ho\u1ea1t \u0111\u1ed9ng c\u1ee7a c\u1eeda","breadcrumb":{"@id":"https:\/\/www.tstcables.com\/vi\/product\/cap-he-thong-cua-xe\/#breadcrumb"},"inLanguage":"vi-VN","potentialAction":[{"@type":"ReadAction","target":["https:\/\/www.tstcables.com\/vi\/product\/cap-he-thong-cua-xe\/"]}]},{"@type":"ImageObject","inLanguage":"vi-VN","@id":"https:\/\/www.tstcables.com\/vi\/product\/cap-he-thong-cua-xe\/#primaryimage","url":"https:\/\/www.tstcables.com\/wp-content\/uploads\/2024\/03\/3-1.webp","contentUrl":"https:\/\/www.tstcables.com\/wp-content\/uploads\/2024\/03\/3-1.webp","width":640,"height":640,"caption":"Fire-resistant wire smoke halogen-free flame retardant GN450-NY"},{"@type":"BreadcrumbList","@id":"https:\/\/www.tstcables.com\/vi\/product\/cap-he-thong-cua-xe\/#breadcrumb","itemListElement":[{"@type":"ListItem","position":1,"name":"\u9996\u9875","item":"https:\/\/www.tstcables.com\/vi\/"},{"@type":"ListItem","position":2,"name":"Product","item":"https:\/\/www.tstcables.com\/product\/"},{"@type":"ListItem","position":3,"name":"C\u00e1p h\u1ec7 th\u1ed1ng c\u1eeda xe"}]},{"@type":"WebSite","@id":"https:\/\/www.tstcables.com\/vi\/#website","url":"https:\/\/www.tstcables.com\/vi\/","name":"TST Cable supplier & Manufacture","description":"TST CABLES  supplier &amp; Manufacture official website","publisher":{"@id":"https:\/\/www.tstcables.com\/vi\/#organization"},"potentialAction":[{"@type":"SearchAction","target":{"@type":"EntryPoint","urlTemplate":"https:\/\/www.tstcables.com\/vi\/?s={search_term_string}"},"query-input":{"@type":"PropertyValueSpecification","valueRequired":true,"valueName":"search_term_string"}}],"inLanguage":"vi-VN"},{"@type":"Organization","@id":"https:\/\/www.tstcables.com\/vi\/#organization","name":"TST Cable supplier & Manufacture","url":"https:\/\/www.tstcables.com\/vi\/","logo":{"@type":"ImageObject","inLanguage":"vi-VN","@id":"https:\/\/www.tstcables.com\/vi\/#\/schema\/logo\/image\/","url":"https:\/\/www.tstcables.com\/wp-content\/uploads\/2024\/04\/cropped-\u753b\u677f-1-\u62f7\u8d1d-4-1.png","contentUrl":"https:\/\/www.tstcables.com\/wp-content\/uploads\/2024\/04\/cropped-\u753b\u677f-1-\u62f7\u8d1d-4-1.png","width":300,"height":100,"caption":"TST Cable supplier & Manufacture"},"image":{"@id":"https:\/\/www.tstcables.com\/vi\/#\/schema\/logo\/image\/"}}]}},"_links":{"self":[{"href":"https:\/\/www.tstcables.com\/vi\/wp-json\/wp\/v2\/product\/21026","targetHints":{"allow":["GET"]}}],"collection":[{"href":"https:\/\/www.tstcables.com\/vi\/wp-json\/wp\/v2\/product"}],"about":[{"href":"https:\/\/www.tstcables.com\/vi\/wp-json\/wp\/v2\/types\/product"}],"version-history":[{"count":0,"href":"https:\/\/www.tstcables.com\/vi\/wp-json\/wp\/v2\/product\/21026\/revisions"}],"wp:featuredmedia":[{"embeddable":true,"href":"https:\/\/www.tstcables.com\/vi\/wp-json\/wp\/v2\/media\/13336"}],"wp:attachment":[{"href":"https:\/\/www.tstcables.com\/vi\/wp-json\/wp\/v2\/media?parent=21026"}],"wp:term":[{"taxonomy":"product_brand","embeddable":true,"href":"https:\/\/www.tstcables.com\/vi\/wp-json\/wp\/v2\/product_brand?post=21026"},{"taxonomy":"product_cat","embeddable":true,"href":"https:\/\/www.tstcables.com\/vi\/wp-json\/wp\/v2\/product_cat?post=21026"},{"taxonomy":"product_tag","embeddable":true,"href":"https:\/\/www.tstcables.com\/vi\/wp-json\/wp\/v2\/product_tag?post=21026"}],"curies":[{"name":"wp","href":"https:\/\/api.w.org\/{rel}","templated":true}]}}