{"id":21027,"date":"2024-04-11T17:09:32","date_gmt":"2024-04-11T09:09:32","guid":{"rendered":"https:\/\/www.tstcables.com\/product\/cap-he-thong-dieu-hoa-o-to\/"},"modified":"2024-04-11T17:09:32","modified_gmt":"2024-04-11T09:09:32","slug":"cap-he-thong-dieu-hoa-o-to","status":"publish","type":"product","link":"https:\/\/www.tstcables.com\/vi\/product\/cap-he-thong-dieu-hoa-o-to\/","title":{"rendered":"C\u00e1p h\u1ec7 th\u1ed1ng \u0111i\u1ec1u h\u00f2a \u00f4 t\u00f4"},"content":{"rendered":"<p>\u1ee8ng d\u1ee5ng:<\/p>\n<p>H\u1ec7 th\u1ed1ng \u0111i\u1ec1u h\u00f2a \u00f4 t\u00f4<\/p>\n<p>\u0110\u1eb7c \u0111i\u1ec3m:<\/p>\n<ul>\n<li>Ch\u1ecbu nhi\u1ec7t \u0111\u1ed9: -50\u00b0C \u0111\u1ebfn 125\u00b0C<\/li>\n<li>\u0110\u00e1nh gi\u00e1 \u0111i\u1ec7n \u00e1p: 600V<\/li>\n<li>\u0110\u1ed9 b\u1ec1n c\u00e1ch nhi\u1ec7t: 10MPa&gt;<\/li>\n<li>\u0110\u1ed9 gi\u00e3n d\u00e0i khi \u0111\u1ee9t: 125&gt;<\/li>\n<\/ul>\n<p>Ti\u00eau chu\u1ea9n c\u00f4ng nghi\u1ec7p:<\/p>\n<ul>\n<li>Tu\u00e2n th\u1ee7 c\u00e1c y\u00eau c\u1ea7u v\u1ec1 c\u00e1p \u0111\u1ea7u m\u00e1y v\u00e0 xe kh\u00e1ch c\u1ee7a TB\/T1484.1-2017 v\u00e0 TJ\/CL254-2013.<\/li>\n<li>\u0110\u1ea1t c\u00e1c y\u00eau c\u1ea7u EN45545, HL1, HL2 v\u00e0 HL3 trong v\u00e0 ngo\u00e0i xe.<\/li>\n<li>Tu\u00e2n th\u1ee7 c\u00e1c y\u00eau c\u1ea7u BS6853:1999 \u0111\u1ed1i v\u1edbi \u0111\u1ea7u m\u00e1y la, lb v\u00e0 h\u1ea1ng li\u00ean quan \u0111\u1ebfn c\u00e1p b\u00ean trong v\u00e0 b\u00ean ngo\u00e0i.<\/li>\n<li>\u0110\u1ea1t ti\u00eau chu\u1ea9n BS 6853:1999 v\u00e0 DIN 5510-2:2009 v\u1ec1 ch\u00e1y, kh\u00f3i v\u00e0 \u0111\u1ed9c t\u00ednh.<\/li>\n<li>Tu\u00e2n th\u1ee7 c\u00e1c y\u00eau c\u1ea7u v\u1ec1 lo\u1ea1i d\u1ec5 ch\u00e1y S1~S5 trong DIN5510-2:2009.<\/li>\n<li>\u0110\u1ea1t ch\u1ee9ng nh\u1eadn CRCC c\u1ee7a S\u1ea3n ph\u1ea9m \u0110\u01b0\u1eddng s\u1eaft Trung Qu\u1ed1c.<\/li>\n<\/ul>\n<p>K\u1ebft c\u1ea5u:<\/p>\n<ul>\n<li>D\u00e2y d\u1eabn: D\u00e2y \u0111\u1ed3ng \u1ee7 thi\u1ebfc linh ho\u1ea1t c\u00f3 c\u1ea5u tr\u00fac Lo\u1ea1i 5.<\/li>\n<li>C\u00e1ch nhi\u1ec7t: H\u1ee3p ch\u1ea5t \u0111\u00e0n h\u1ed3i ti\u00eau chu\u1ea9n \u00edt kh\u00f3i, kh\u00f4ng ch\u1ee9a halogen.<\/li>\n<li>\u00c1o kho\u00e1c: H\u1ee3p ch\u1ea5t \u0111\u00e0n h\u1ed3i ti\u00eau chu\u1ea9n \u00edt kh\u00f3i, kh\u00f4ng ch\u1ee9a halogen.<\/li>\n<\/ul>\n<p>Tham s\u1ed1 l\u1ef1a ch\u1ecdn<\/p>\n<table class=\"tg\">\n<thead>\n<tr>\n<th class=\"tg-949j\" rowspan=\"2\">M\u1eb7t c\u1eaft danh ngh\u0129a c\u1ee7a d\u00e2y d\u1eabn<\/th>\n<th class=\"tg-7fn2\" rowspan=\"2\">S\u1ed1 s\u1ee3i*\u0110\u01b0\u1eddng k\u00ednh d\u00e2y d\u1eabn<\/th>\n<th class=\"tg-7fn2\" colspan=\"2\">\u0110\u01b0\u1eddng k\u00ednh m\u1eafc k\u1eb9t d\u00e2y d\u1eabn<\/th>\n<th class=\"tg-7fn2\">\u0110\u01b0\u1eddng k\u00ednh ngo\u00e0i (D)<\/th>\n<th class=\"tg-7fn2\" rowspan=\"2\">\u0110i\u1ec7n tr\u1edf d\u00e2y d\u1eabn t\u1ed1i \u0111a \u1edf 20oC<\/th>\n<\/tr>\n<tr>\n<th class=\"tg-7fn2\">min<\/th>\n<th class=\"tg-7fn2\">min<\/th>\n<th class=\"tg-1771\">min<\/th>\n<\/tr>\n<\/thead>\n<tbody>\n<tr>\n<td class=\"tg-7fn2\">mm2<\/td>\n<td class=\"tg-7fn2\">n xmm<\/td>\n<td class=\"tg-7fn2\">mm<\/td>\n<td class=\"tg-7fn2\">mm<\/td>\n<td class=\"tg-1771\">mm<\/td>\n<td class=\"tg-1771\">\u03a92\/km<\/td>\n<\/tr>\n<tr>\n<td class=\"tg-d93i\">0.5<\/td>\n<td class=\"tg-7fn2\">19\u00d70.18<\/td>\n<td class=\"tg-d93i\">0.8<\/td>\n<td class=\"tg-d93i\">0.18<\/td>\n<td class=\"tg-qfl9\">1.2<\/td>\n<td class=\"tg-qfl9\">40.1<\/td>\n<\/tr>\n<tr>\n<td class=\"tg-d93i\">0.75<\/td>\n<td class=\"tg-7fn2\">37\u00d70.16<\/td>\n<td class=\"tg-d93i\">1<\/td>\n<td class=\"tg-d93i\">0.18<\/td>\n<td class=\"tg-qfl9\">1.4<\/td>\n<td class=\"tg-qfl9\">26.7<\/td>\n<\/tr>\n<tr>\n<td class=\"tg-qfl9\">1<\/td>\n<td class=\"tg-1771\">37\u00d70.18a<\/td>\n<td class=\"tg-qfl9\">1.1<\/td>\n<td class=\"tg-qfl9\">0.18<\/td>\n<td class=\"tg-qfl9\">1.5<\/td>\n<td class=\"tg-qfl9\">20<\/td>\n<\/tr>\n<tr>\n<td class=\"tg-qfl9\">1.5<\/td>\n<td class=\"tg-1771\">37\u00d70.23a<\/td>\n<td class=\"tg-qfl9\">1.45<\/td>\n<td class=\"tg-qfl9\">0.22<\/td>\n<td class=\"tg-qfl9\">1.85<\/td>\n<td class=\"tg-qfl9\">13.7<\/td>\n<\/tr>\n<tr>\n<td class=\"tg-qfl9\">2.5<\/td>\n<td class=\"tg-1771\">37\u00d70.30a<\/td>\n<td class=\"tg-qfl9\">1.85<\/td>\n<td class=\"tg-qfl9\">0.28<\/td>\n<td class=\"tg-qfl9\">2.25<\/td>\n<td class=\"tg-qfl9\">8.21<\/td>\n<\/tr>\n<\/tbody>\n<\/table>\n","protected":false},"excerpt":{"rendered":"<p>C\u00e1p h\u1ec7 th\u1ed1ng \u0111i\u1ec1u h\u00f2a kh\u00f4ng kh\u00ed tr\u00ean xe c\u00f3 kh\u1ea3 n\u0103ng ch\u1ecbu k\u00e9o v\u00e0 c\u00e1ch \u0111i\u1ec7n t\u1ed1t, \u0111\u1ed3ng th\u1eddi l\u00e0 b\u1ed9 ph\u1eadn quan tr\u1ecdng \u0111\u1ec3 truy\u1ec1n t\u00edn hi\u1ec7u \u0111i\u1ec1u khi\u1ec3n v\u00e0 ngu\u1ed3n \u0111i\u1ec7n gi\u1eefa b\u1ed9 \u0111i\u1ec1u h\u00f2a kh\u00f4ng kh\u00ed, c\u1ea3m bi\u1ebfn nhi\u1ec7t \u0111\u1ed9 v\u00e0 m\u00f4-\u0111un \u0111i\u1ec1u khi\u1ec3n<\/p>\n","protected":false},"featured_media":11383,"template":"","meta":{"_eb_attr":"","site-sidebar-layout":"default","site-content-layout":"","ast-site-content-layout":"default","site-content-style":"default","site-sidebar-style":"default","ast-global-header-display":"","ast-banner-title-visibility":"","ast-main-header-display":"","ast-hfb-above-header-display":"","ast-hfb-below-header-display":"","ast-hfb-mobile-header-display":"","site-post-title":"","ast-breadcrumbs-content":"","ast-featured-img":"","footer-sml-layout":"","theme-transparent-header-meta":"default","adv-header-id-meta":"","stick-header-meta":"","header-above-stick-meta":"","header-main-stick-meta":"","header-below-stick-meta":"","astra-migrate-meta-layouts":"default","ast-page-background-enabled":"default","ast-page-background-meta":{"desktop":{"background-color":"","background-image":"","background-repeat":"repeat","background-position":"center center","background-size":"auto","background-attachment":"scroll","background-type":"","background-media":"","overlay-type":"","overlay-color":"","overlay-opacity":"","overlay-gradient":""},"tablet":{"background-color":"","background-image":"","background-repeat":"repeat","background-position":"center center","background-size":"auto","background-attachment":"scroll","background-type":"","background-media":"","overlay-type":"","overlay-color":"","overlay-opacity":"","overlay-gradient":""},"mobile":{"background-color":"","background-image":"","background-repeat":"repeat","background-position":"center center","background-size":"auto","background-attachment":"scroll","background-type":"","background-media":"","overlay-type":"","overlay-color":"","overlay-opacity":"","overlay-gradient":""}},"ast-content-background-meta":{"desktop":{"background-color":"var(--ast-global-color-5)","background-image":"","background-repeat":"repeat","background-position":"center center","background-size":"auto","background-attachment":"scroll","background-type":"","background-media":"","overlay-type":"","overlay-color":"","overlay-opacity":"","overlay-gradient":""},"tablet":{"background-color":"var(--ast-global-color-5)","background-image":"","background-repeat":"repeat","background-position":"center center","background-size":"auto","background-attachment":"scroll","background-type":"","background-media":"","overlay-type":"","overlay-color":"","overlay-opacity":"","overlay-gradient":""},"mobile":{"background-color":"var(--ast-global-color-5)","background-image":"","background-repeat":"repeat","background-position":"center center","background-size":"auto","background-attachment":"scroll","background-type":"","background-media":"","overlay-type":"","overlay-color":"","overlay-opacity":"","overlay-gradient":""}}},"product_brand":[],"product_cat":[842],"product_tag":[1958,1959],"class_list":{"0":"post-21027","1":"product","2":"type-product","3":"status-publish","4":"has-post-thumbnail","6":"product_cat-rail-way-vi","7":"product_tag-day-va-cap-mong","8":"product_tag-day-va-cap-tin-hieu-dieu-khien","9":"desktop-align-center","10":"tablet-align-left","11":"mobile-align-left","13":"first","14":"instock","15":"shipping-taxable","16":"product-type-simple"},"yoast_head":"<!-- This site is optimized with the Yoast SEO plugin v27.5 - https:\/\/yoast.com\/product\/yoast-seo-wordpress\/ -->\n<title>C\u00e1p h\u1ec7 th\u1ed1ng \u0111i\u1ec1u h\u00f2a \u00f4 t\u00f4<\/title>\n<meta name=\"description\" content=\"C\u00e1p h\u1ec7 th\u1ed1ng \u0111i\u1ec1u h\u00f2a \u00f4 t\u00f4 c\u00f3 kh\u1ea3 n\u0103ng ch\u1ecbu k\u00e9o v\u00e0 c\u00e1ch \u0111i\u1ec7n t\u1ed1tPh\u01b0\u01a1ng ti\u1ec7n \u0111i l\u1ea1i\" \/>\n<meta name=\"robots\" content=\"index, follow, max-snippet:-1, max-image-preview:large, max-video-preview:-1\" \/>\n<link rel=\"canonical\" href=\"https:\/\/www.tstcables.com\/vi\/product\/cap-he-thong-dieu-hoa-o-to\/\" \/>\n<meta property=\"og:locale\" content=\"vi_VN\" \/>\n<meta property=\"og:type\" content=\"article\" \/>\n<meta property=\"og:title\" content=\"C\u00e1p h\u1ec7 th\u1ed1ng \u0111i\u1ec1u h\u00f2a \u00f4 t\u00f4\" \/>\n<meta property=\"og:description\" content=\"C\u00e1p h\u1ec7 th\u1ed1ng \u0111i\u1ec1u h\u00f2a \u00f4 t\u00f4 c\u00f3 kh\u1ea3 n\u0103ng ch\u1ecbu k\u00e9o v\u00e0 c\u00e1ch \u0111i\u1ec7n t\u1ed1tPh\u01b0\u01a1ng ti\u1ec7n \u0111i l\u1ea1i\" \/>\n<meta property=\"og:url\" content=\"https:\/\/www.tstcables.com\/vi\/product\/cap-he-thong-dieu-hoa-o-to\/\" \/>\n<meta property=\"og:site_name\" content=\"TST CABLES supplier &amp; Manufacture\" \/>\n<meta property=\"og:image\" content=\"https:\/\/www.tstcables.com\/wp-content\/uploads\/2024\/03\/decedc6e1c91a68a.jpg\" \/>\n\t<meta property=\"og:image:width\" content=\"500\" \/>\n\t<meta property=\"og:image:height\" content=\"500\" \/>\n\t<meta property=\"og:image:type\" content=\"image\/jpeg\" \/>\n<meta name=\"twitter:card\" content=\"summary_large_image\" \/>\n<meta name=\"twitter:label1\" content=\"Est. reading time\" \/>\n\t<meta name=\"twitter:data1\" content=\"2 minutes\" \/>\n<script type=\"application\/ld+json\" class=\"yoast-schema-graph\">{\"@context\":\"https:\\\/\\\/schema.org\",\"@graph\":[{\"@type\":\"WebPage\",\"@id\":\"https:\\\/\\\/www.tstcables.com\\\/vi\\\/product\\\/cap-he-thong-dieu-hoa-o-to\\\/\",\"url\":\"https:\\\/\\\/www.tstcables.com\\\/vi\\\/product\\\/cap-he-thong-dieu-hoa-o-to\\\/\",\"name\":\"C\u00e1p h\u1ec7 th\u1ed1ng \u0111i\u1ec1u h\u00f2a \u00f4 t\u00f4\",\"isPartOf\":{\"@id\":\"https:\\\/\\\/www.tstcables.com\\\/vi\\\/#website\"},\"primaryImageOfPage\":{\"@id\":\"https:\\\/\\\/www.tstcables.com\\\/vi\\\/product\\\/cap-he-thong-dieu-hoa-o-to\\\/#primaryimage\"},\"image\":{\"@id\":\"https:\\\/\\\/www.tstcables.com\\\/vi\\\/product\\\/cap-he-thong-dieu-hoa-o-to\\\/#primaryimage\"},\"thumbnailUrl\":\"https:\\\/\\\/www.tstcables.com\\\/wp-content\\\/uploads\\\/2024\\\/03\\\/decedc6e1c91a68a.jpg\",\"datePublished\":\"2024-04-11T09:09:32+00:00\",\"description\":\"C\u00e1p h\u1ec7 th\u1ed1ng \u0111i\u1ec1u h\u00f2a \u00f4 t\u00f4 c\u00f3 kh\u1ea3 n\u0103ng ch\u1ecbu k\u00e9o v\u00e0 c\u00e1ch \u0111i\u1ec7n t\u1ed1tPh\u01b0\u01a1ng ti\u1ec7n \u0111i l\u1ea1i\",\"breadcrumb\":{\"@id\":\"https:\\\/\\\/www.tstcables.com\\\/vi\\\/product\\\/cap-he-thong-dieu-hoa-o-to\\\/#breadcrumb\"},\"inLanguage\":\"vi-VN\",\"potentialAction\":[{\"@type\":\"ReadAction\",\"target\":[\"https:\\\/\\\/www.tstcables.com\\\/vi\\\/product\\\/cap-he-thong-dieu-hoa-o-to\\\/\"]}]},{\"@type\":\"ImageObject\",\"inLanguage\":\"vi-VN\",\"@id\":\"https:\\\/\\\/www.tstcables.com\\\/vi\\\/product\\\/cap-he-thong-dieu-hoa-o-to\\\/#primaryimage\",\"url\":\"https:\\\/\\\/www.tstcables.com\\\/wp-content\\\/uploads\\\/2024\\\/03\\\/decedc6e1c91a68a.jpg\",\"contentUrl\":\"https:\\\/\\\/www.tstcables.com\\\/wp-content\\\/uploads\\\/2024\\\/03\\\/decedc6e1c91a68a.jpg\",\"width\":500,\"height\":500,\"caption\":\"EN50306-2\"},{\"@type\":\"BreadcrumbList\",\"@id\":\"https:\\\/\\\/www.tstcables.com\\\/vi\\\/product\\\/cap-he-thong-dieu-hoa-o-to\\\/#breadcrumb\",\"itemListElement\":[{\"@type\":\"ListItem\",\"position\":1,\"name\":\"\u9996\u9875\",\"item\":\"https:\\\/\\\/www.tstcables.com\\\/vi\\\/\"},{\"@type\":\"ListItem\",\"position\":2,\"name\":\"Product\",\"item\":\"https:\\\/\\\/www.tstcables.com\\\/product\\\/\"},{\"@type\":\"ListItem\",\"position\":3,\"name\":\"C\u00e1p h\u1ec7 th\u1ed1ng \u0111i\u1ec1u h\u00f2a \u00f4 t\u00f4\"}]},{\"@type\":\"WebSite\",\"@id\":\"https:\\\/\\\/www.tstcables.com\\\/vi\\\/#website\",\"url\":\"https:\\\/\\\/www.tstcables.com\\\/vi\\\/\",\"name\":\"TST Cable supplier & Manufacture\",\"description\":\"TST CABLES  supplier &amp; Manufacture official website\",\"publisher\":{\"@id\":\"https:\\\/\\\/www.tstcables.com\\\/vi\\\/#organization\"},\"potentialAction\":[{\"@type\":\"SearchAction\",\"target\":{\"@type\":\"EntryPoint\",\"urlTemplate\":\"https:\\\/\\\/www.tstcables.com\\\/vi\\\/?s={search_term_string}\"},\"query-input\":{\"@type\":\"PropertyValueSpecification\",\"valueRequired\":true,\"valueName\":\"search_term_string\"}}],\"inLanguage\":\"vi-VN\"},{\"@type\":\"Organization\",\"@id\":\"https:\\\/\\\/www.tstcables.com\\\/vi\\\/#organization\",\"name\":\"TST Cable supplier & Manufacture\",\"url\":\"https:\\\/\\\/www.tstcables.com\\\/vi\\\/\",\"logo\":{\"@type\":\"ImageObject\",\"inLanguage\":\"vi-VN\",\"@id\":\"https:\\\/\\\/www.tstcables.com\\\/vi\\\/#\\\/schema\\\/logo\\\/image\\\/\",\"url\":\"https:\\\/\\\/www.tstcables.com\\\/wp-content\\\/uploads\\\/2024\\\/04\\\/cropped-\u753b\u677f-1-\u62f7\u8d1d-4-1.png\",\"contentUrl\":\"https:\\\/\\\/www.tstcables.com\\\/wp-content\\\/uploads\\\/2024\\\/04\\\/cropped-\u753b\u677f-1-\u62f7\u8d1d-4-1.png\",\"width\":300,\"height\":100,\"caption\":\"TST Cable supplier & Manufacture\"},\"image\":{\"@id\":\"https:\\\/\\\/www.tstcables.com\\\/vi\\\/#\\\/schema\\\/logo\\\/image\\\/\"}}]}<\/script>\n<!-- \/ Yoast SEO plugin. -->","yoast_head_json":{"title":"C\u00e1p h\u1ec7 th\u1ed1ng \u0111i\u1ec1u h\u00f2a \u00f4 t\u00f4","description":"C\u00e1p h\u1ec7 th\u1ed1ng \u0111i\u1ec1u h\u00f2a \u00f4 t\u00f4 c\u00f3 kh\u1ea3 n\u0103ng ch\u1ecbu k\u00e9o v\u00e0 c\u00e1ch \u0111i\u1ec7n t\u1ed1tPh\u01b0\u01a1ng ti\u1ec7n \u0111i l\u1ea1i","robots":{"index":"index","follow":"follow","max-snippet":"max-snippet:-1","max-image-preview":"max-image-preview:large","max-video-preview":"max-video-preview:-1"},"canonical":"https:\/\/www.tstcables.com\/vi\/product\/cap-he-thong-dieu-hoa-o-to\/","og_locale":"vi_VN","og_type":"article","og_title":"C\u00e1p h\u1ec7 th\u1ed1ng \u0111i\u1ec1u h\u00f2a \u00f4 t\u00f4","og_description":"C\u00e1p h\u1ec7 th\u1ed1ng \u0111i\u1ec1u h\u00f2a \u00f4 t\u00f4 c\u00f3 kh\u1ea3 n\u0103ng ch\u1ecbu k\u00e9o v\u00e0 c\u00e1ch \u0111i\u1ec7n t\u1ed1tPh\u01b0\u01a1ng ti\u1ec7n \u0111i l\u1ea1i","og_url":"https:\/\/www.tstcables.com\/vi\/product\/cap-he-thong-dieu-hoa-o-to\/","og_site_name":"TST CABLES supplier &amp; Manufacture","og_image":[{"width":500,"height":500,"url":"https:\/\/www.tstcables.com\/wp-content\/uploads\/2024\/03\/decedc6e1c91a68a.jpg","type":"image\/jpeg"}],"twitter_card":"summary_large_image","twitter_misc":{"Est. reading time":"2 minutes"},"schema":{"@context":"https:\/\/schema.org","@graph":[{"@type":"WebPage","@id":"https:\/\/www.tstcables.com\/vi\/product\/cap-he-thong-dieu-hoa-o-to\/","url":"https:\/\/www.tstcables.com\/vi\/product\/cap-he-thong-dieu-hoa-o-to\/","name":"C\u00e1p h\u1ec7 th\u1ed1ng \u0111i\u1ec1u h\u00f2a \u00f4 t\u00f4","isPartOf":{"@id":"https:\/\/www.tstcables.com\/vi\/#website"},"primaryImageOfPage":{"@id":"https:\/\/www.tstcables.com\/vi\/product\/cap-he-thong-dieu-hoa-o-to\/#primaryimage"},"image":{"@id":"https:\/\/www.tstcables.com\/vi\/product\/cap-he-thong-dieu-hoa-o-to\/#primaryimage"},"thumbnailUrl":"https:\/\/www.tstcables.com\/wp-content\/uploads\/2024\/03\/decedc6e1c91a68a.jpg","datePublished":"2024-04-11T09:09:32+00:00","description":"C\u00e1p h\u1ec7 th\u1ed1ng \u0111i\u1ec1u h\u00f2a \u00f4 t\u00f4 c\u00f3 kh\u1ea3 n\u0103ng ch\u1ecbu k\u00e9o v\u00e0 c\u00e1ch \u0111i\u1ec7n t\u1ed1tPh\u01b0\u01a1ng ti\u1ec7n \u0111i l\u1ea1i","breadcrumb":{"@id":"https:\/\/www.tstcables.com\/vi\/product\/cap-he-thong-dieu-hoa-o-to\/#breadcrumb"},"inLanguage":"vi-VN","potentialAction":[{"@type":"ReadAction","target":["https:\/\/www.tstcables.com\/vi\/product\/cap-he-thong-dieu-hoa-o-to\/"]}]},{"@type":"ImageObject","inLanguage":"vi-VN","@id":"https:\/\/www.tstcables.com\/vi\/product\/cap-he-thong-dieu-hoa-o-to\/#primaryimage","url":"https:\/\/www.tstcables.com\/wp-content\/uploads\/2024\/03\/decedc6e1c91a68a.jpg","contentUrl":"https:\/\/www.tstcables.com\/wp-content\/uploads\/2024\/03\/decedc6e1c91a68a.jpg","width":500,"height":500,"caption":"EN50306-2"},{"@type":"BreadcrumbList","@id":"https:\/\/www.tstcables.com\/vi\/product\/cap-he-thong-dieu-hoa-o-to\/#breadcrumb","itemListElement":[{"@type":"ListItem","position":1,"name":"\u9996\u9875","item":"https:\/\/www.tstcables.com\/vi\/"},{"@type":"ListItem","position":2,"name":"Product","item":"https:\/\/www.tstcables.com\/product\/"},{"@type":"ListItem","position":3,"name":"C\u00e1p h\u1ec7 th\u1ed1ng \u0111i\u1ec1u h\u00f2a \u00f4 t\u00f4"}]},{"@type":"WebSite","@id":"https:\/\/www.tstcables.com\/vi\/#website","url":"https:\/\/www.tstcables.com\/vi\/","name":"TST Cable supplier & Manufacture","description":"TST CABLES  supplier &amp; Manufacture official website","publisher":{"@id":"https:\/\/www.tstcables.com\/vi\/#organization"},"potentialAction":[{"@type":"SearchAction","target":{"@type":"EntryPoint","urlTemplate":"https:\/\/www.tstcables.com\/vi\/?s={search_term_string}"},"query-input":{"@type":"PropertyValueSpecification","valueRequired":true,"valueName":"search_term_string"}}],"inLanguage":"vi-VN"},{"@type":"Organization","@id":"https:\/\/www.tstcables.com\/vi\/#organization","name":"TST Cable supplier & Manufacture","url":"https:\/\/www.tstcables.com\/vi\/","logo":{"@type":"ImageObject","inLanguage":"vi-VN","@id":"https:\/\/www.tstcables.com\/vi\/#\/schema\/logo\/image\/","url":"https:\/\/www.tstcables.com\/wp-content\/uploads\/2024\/04\/cropped-\u753b\u677f-1-\u62f7\u8d1d-4-1.png","contentUrl":"https:\/\/www.tstcables.com\/wp-content\/uploads\/2024\/04\/cropped-\u753b\u677f-1-\u62f7\u8d1d-4-1.png","width":300,"height":100,"caption":"TST Cable supplier & Manufacture"},"image":{"@id":"https:\/\/www.tstcables.com\/vi\/#\/schema\/logo\/image\/"}}]}},"_links":{"self":[{"href":"https:\/\/www.tstcables.com\/vi\/wp-json\/wp\/v2\/product\/21027","targetHints":{"allow":["GET"]}}],"collection":[{"href":"https:\/\/www.tstcables.com\/vi\/wp-json\/wp\/v2\/product"}],"about":[{"href":"https:\/\/www.tstcables.com\/vi\/wp-json\/wp\/v2\/types\/product"}],"version-history":[{"count":0,"href":"https:\/\/www.tstcables.com\/vi\/wp-json\/wp\/v2\/product\/21027\/revisions"}],"wp:featuredmedia":[{"embeddable":true,"href":"https:\/\/www.tstcables.com\/vi\/wp-json\/wp\/v2\/media\/11383"}],"wp:attachment":[{"href":"https:\/\/www.tstcables.com\/vi\/wp-json\/wp\/v2\/media?parent=21027"}],"wp:term":[{"taxonomy":"product_brand","embeddable":true,"href":"https:\/\/www.tstcables.com\/vi\/wp-json\/wp\/v2\/product_brand?post=21027"},{"taxonomy":"product_cat","embeddable":true,"href":"https:\/\/www.tstcables.com\/vi\/wp-json\/wp\/v2\/product_cat?post=21027"},{"taxonomy":"product_tag","embeddable":true,"href":"https:\/\/www.tstcables.com\/vi\/wp-json\/wp\/v2\/product_tag?post=21027"}],"curies":[{"name":"wp","href":"https:\/\/api.w.org\/{rel}","templated":true}]}}