{"id":21028,"date":"2024-04-12T14:36:45","date_gmt":"2024-04-12T06:36:45","guid":{"rendered":"https:\/\/www.tstcables.com\/product\/cap-thiet-bi-ha-cap-tham-do-dau\/"},"modified":"2024-04-12T14:36:45","modified_gmt":"2024-04-12T06:36:45","slug":"cap-thiet-bi-ha-cap-tham-do-dau","status":"publish","type":"product","link":"https:\/\/www.tstcables.com\/vi\/product\/cap-thiet-bi-ha-cap-tham-do-dau\/","title":{"rendered":"c\u00e1p thi\u1ebft b\u1ecb h\u1ea1 c\u1ea5p th\u0103m d\u00f2 d\u1ea7u"},"content":{"rendered":"<p><strong>C\u00e1c \u1ee9ng d\u1ee5ng<\/strong><\/p>\n<p>thi\u1ebft b\u1ecb khai th\u00e1c d\u1ea7u m\u1ecf<\/p>\n<p><strong>Ti\u00eau chu\u1ea9n c\u00f4ng nghi\u1ec7p<\/strong><\/p>\n<ul>\n<li>lEN45545-2<\/li>\n<\/ul>\n<p><strong>T\u00ednh n\u0103ng s\u1ea3n ph\u1ea9m:<\/strong><\/p>\n<ol>\n<li>Kh\u1ea3 n\u0103ng ch\u1ecbu nhi\u1ec7t \u0111\u1ed9 d\u00e0i h\u1ea1n: -50-250oC<\/li>\n<li>Ch\u1ecbu \u0111\u01b0\u1ee3c c\u1ea5p \u0111i\u1ec7n \u00e1p: 300V 600V<\/li>\n<li>Kh\u1ea3 n\u0103ng ch\u1ed1ng b\u1ee9c x\u1ea1 gamma: 850KGy c\u00f3 th\u1ec3 s\u1eed d\u1ee5ng trong th\u1eddi gian d\u00e0i.<\/li>\n<li>\u00cdt kh\u00f3i, kh\u00f4ng halogen, ch\u1ed1ng ch\u00e1y, ch\u1ecbu nhi\u1ec7t \u0111\u1ed9 cao v\u00e0 th\u1ea5p<\/li>\n<\/ol>\n<p><strong>C\u00e1c th\u00f4ng s\u1ed1 k\u1ef9 thu\u1eadt<\/strong><\/p>\n<table class=\"tg\">\n<thead>\n<tr>\n<th class=\"tg-grqh\">S\u1ed1 l\u01b0\u1ee3ng d\u00e2y l\u00f5i v\u00e0 m\u1eb7t c\u1eaft danh ngh\u0129a<\/th>\n<th class=\"tg-grqh\">\u0110\u1ed9 d\u00e0y t\u1ed1i thi\u1ec3u c\u1ee7a v\u1ecf b\u1ecdc<\/th>\n<th class=\"tg-grqh\" colspan=\"2\">\u0110\u01b0\u1eddng k\u00ednh ngo\u00e0i c\u1ee7a c\u00e1p D<\/th>\n<\/tr>\n<\/thead>\n<tbody>\n<tr>\n<td class=\"tg-949j\" rowspan=\"2\">mm2<\/td>\n<td class=\"tg-949j\" rowspan=\"2\">mm<\/td>\n<td class=\"tg-949j\">Min<\/td>\n<td class=\"tg-949j\">Max<\/td>\n<\/tr>\n<tr>\n<td class=\"tg-grqh\">mm<\/td>\n<td class=\"tg-949j\">\u03a9\/km<\/td>\n<\/tr>\n<tr>\n<td class=\"tg-949j\">2*0.06<\/td>\n<td class=\"tg-grqh\">0.25<\/td>\n<td class=\"tg-grqh\">2.4<\/td>\n<td class=\"tg-grqh\">330<\/td>\n<\/tr>\n<tr>\n<td class=\"tg-949j\">2*0.08<\/td>\n<td class=\"tg-grqh\">0.25<\/td>\n<td class=\"tg-grqh\">2.55<\/td>\n<td class=\"tg-grqh\">227<\/td>\n<\/tr>\n<tr>\n<td class=\"tg-949j\">2*0.14<\/td>\n<td class=\"tg-grqh\">0.25<\/td>\n<td class=\"tg-grqh\">2.8<\/td>\n<td class=\"tg-grqh\">126<\/td>\n<\/tr>\n<tr>\n<td class=\"tg-949j\">2*0.2<\/td>\n<td class=\"tg-grqh\">0.25<\/td>\n<td class=\"tg-grqh\">3<\/td>\n<td class=\"tg-grqh\">83.5<\/td>\n<\/tr>\n<tr>\n<td class=\"tg-949j\">2*0.35<\/td>\n<td class=\"tg-grqh\">0.25<\/td>\n<td class=\"tg-grqh\">3.3<\/td>\n<td class=\"tg-grqh\">49.5<\/td>\n<\/tr>\n<tr>\n<td class=\"tg-7fn2\">2*0.5<\/td>\n<td class=\"tg-d93i\">0.25<\/td>\n<td class=\"tg-d93i\">3.6<\/td>\n<td class=\"tg-d93i\">40.1<\/td>\n<\/tr>\n<tr>\n<td class=\"tg-7fn2\">3*0.06<\/td>\n<td class=\"tg-d93i\">0.25<\/td>\n<td class=\"tg-d93i\">2.5<\/td>\n<td class=\"tg-d93i\">330<\/td>\n<\/tr>\n<tr>\n<td class=\"tg-7fn2\">3*0.08<\/td>\n<td class=\"tg-d93i\">0.25<\/td>\n<td class=\"tg-d93i\">2.55<\/td>\n<td class=\"tg-d93i\">227<\/td>\n<\/tr>\n<tr>\n<td class=\"tg-7fn2\">3*0.14<\/td>\n<td class=\"tg-d93i\">0.25<\/td>\n<td class=\"tg-d93i\">2.95<\/td>\n<td class=\"tg-d93i\">126<\/td>\n<\/tr>\n<tr>\n<td class=\"tg-7fn2\">3*0.2<\/td>\n<td class=\"tg-d93i\">0.25<\/td>\n<td class=\"tg-d93i\">3.15<\/td>\n<td class=\"tg-d93i\">83.5<\/td>\n<\/tr>\n<tr>\n<td class=\"tg-7fn2\">3*0.35<\/td>\n<td class=\"tg-d93i\">0.25<\/td>\n<td class=\"tg-d93i\">3.5<\/td>\n<td class=\"tg-d93i\">49.5<\/td>\n<\/tr>\n<tr>\n<td class=\"tg-7fn2\">3*0.5<\/td>\n<td class=\"tg-d93i\">0.25<\/td>\n<td class=\"tg-d93i\">3.8<\/td>\n<td class=\"tg-d93i\">40.1<\/td>\n<\/tr>\n<tr>\n<td class=\"tg-7fn2\">4*0.06<\/td>\n<td class=\"tg-d93i\">0.25<\/td>\n<td class=\"tg-d93i\">2.7<\/td>\n<td class=\"tg-d93i\">330<\/td>\n<\/tr>\n<tr>\n<td class=\"tg-7fn2\">4*0.08<\/td>\n<td class=\"tg-d93i\">0.25<\/td>\n<td class=\"tg-d93i\">2.85<\/td>\n<td class=\"tg-d93i\">227<\/td>\n<\/tr>\n<tr>\n<td class=\"tg-7fn2\">4*0.14<\/td>\n<td class=\"tg-d93i\">0.25<\/td>\n<td class=\"tg-d93i\">3.15<\/td>\n<td class=\"tg-d93i\">126<\/td>\n<\/tr>\n<tr>\n<td class=\"tg-7fn2\">4*0.2<\/td>\n<td class=\"tg-d93i\">0.25<\/td>\n<td class=\"tg-d93i\">3.4<\/td>\n<td class=\"tg-d93i\">83.5<\/td>\n<\/tr>\n<tr>\n<td class=\"tg-7fn2\">4*0.35<\/td>\n<td class=\"tg-d93i\">0.25<\/td>\n<td class=\"tg-d93i\">3.8<\/td>\n<td class=\"tg-d93i\">49.5<\/td>\n<\/tr>\n<tr>\n<td class=\"tg-7fn2\">4*0.5<\/td>\n<td class=\"tg-d93i\">0.25<\/td>\n<td class=\"tg-d93i\">4.15<\/td>\n<td class=\"tg-d93i\">40.1<\/td>\n<\/tr>\n<tr>\n<td class=\"tg-7fn2\">5*0.06<\/td>\n<td class=\"tg-d93i\">0.25<\/td>\n<td class=\"tg-d93i\">2.9<\/td>\n<td class=\"tg-d93i\">330<\/td>\n<\/tr>\n<tr>\n<td class=\"tg-7fn2\">5*0.08<\/td>\n<td class=\"tg-d93i\">0.25<\/td>\n<td class=\"tg-d93i\">3.05<\/td>\n<td class=\"tg-d93i\">227<\/td>\n<\/tr>\n<tr>\n<td class=\"tg-7fn2\">5*0.14<\/td>\n<td class=\"tg-d93i\">0.25<\/td>\n<td class=\"tg-d93i\">3.45<\/td>\n<td class=\"tg-d93i\">126<\/td>\n<\/tr>\n<tr>\n<td class=\"tg-7fn2\">5*0.2<\/td>\n<td class=\"tg-d93i\">0.25<\/td>\n<td class=\"tg-d93i\">3.7<\/td>\n<td class=\"tg-d93i\">83.5<\/td>\n<\/tr>\n<tr>\n<td class=\"tg-7fn2\">5*0.35<\/td>\n<td class=\"tg-d93i\">0.25<\/td>\n<td class=\"tg-d93i\">4.1<\/td>\n<td class=\"tg-d93i\">49.5<\/td>\n<\/tr>\n<\/tbody>\n<\/table>\n","protected":false},"excerpt":{"rendered":"<p>C\u00e1p thi\u1ebft b\u1ecb h\u1ea1 c\u1ea5p th\u0103m d\u00f2 d\u1ea7u c\u00f3 kh\u1ea3 n\u0103ng ch\u1ecbu nhi\u1ec7t \u0111\u1ed9 cao v\u00e0 th\u1ea5p, \u00edt kh\u00f3i v\u00e0 kh\u00f4ng ch\u1ee9a halogen. Ch\u00fang l\u00e0 th\u00e0nh ph\u1ea7n ch\u00ednh trong ho\u1ea1t \u0111\u1ed9ng khoan v\u00e0 th\u0103m d\u00f2 d\u1ea7u. Ch\u00fang ch\u1ecbu tr\u00e1ch nhi\u1ec7m truy\u1ec1n t\u1ea3i \u0111i\u1ec7n n\u0103ng, d\u1eef li\u1ec7u v\u00e0 t\u00edn hi\u1ec7u \u0111i\u1ec1u khi\u1ec3n gi\u1eefa thi\u1ebft b\u1ecb b\u1ec1 m\u1eb7t v\u00e0 thi\u1ebft b\u1ecb h\u1ea1 c\u1ea5p.<\/p>\n","protected":false},"featured_media":13040,"template":"","meta":{"_eb_attr":"","site-sidebar-layout":"default","site-content-layout":"","ast-site-content-layout":"default","site-content-style":"default","site-sidebar-style":"default","ast-global-header-display":"","ast-banner-title-visibility":"","ast-main-header-display":"","ast-hfb-above-header-display":"","ast-hfb-below-header-display":"","ast-hfb-mobile-header-display":"","site-post-title":"","ast-breadcrumbs-content":"","ast-featured-img":"","footer-sml-layout":"","theme-transparent-header-meta":"default","adv-header-id-meta":"","stick-header-meta":"","header-above-stick-meta":"","header-main-stick-meta":"","header-below-stick-meta":"","astra-migrate-meta-layouts":"default","ast-page-background-enabled":"default","ast-page-background-meta":{"desktop":{"background-color":"","background-image":"","background-repeat":"repeat","background-position":"center center","background-size":"auto","background-attachment":"scroll","background-type":"","background-media":"","overlay-type":"","overlay-color":"","overlay-opacity":"","overlay-gradient":""},"tablet":{"background-color":"","background-image":"","background-repeat":"repeat","background-position":"center center","background-size":"auto","background-attachment":"scroll","background-type":"","background-media":"","overlay-type":"","overlay-color":"","overlay-opacity":"","overlay-gradient":""},"mobile":{"background-color":"","background-image":"","background-repeat":"repeat","background-position":"center center","background-size":"auto","background-attachment":"scroll","background-type":"","background-media":"","overlay-type":"","overlay-color":"","overlay-opacity":"","overlay-gradient":""}},"ast-content-background-meta":{"desktop":{"background-color":"var(--ast-global-color-5)","background-image":"","background-repeat":"repeat","background-position":"center center","background-size":"auto","background-attachment":"scroll","background-type":"","background-media":"","overlay-type":"","overlay-color":"","overlay-opacity":"","overlay-gradient":""},"tablet":{"background-color":"var(--ast-global-color-5)","background-image":"","background-repeat":"repeat","background-position":"center center","background-size":"auto","background-attachment":"scroll","background-type":"","background-media":"","overlay-type":"","overlay-color":"","overlay-opacity":"","overlay-gradient":""},"mobile":{"background-color":"var(--ast-global-color-5)","background-image":"","background-repeat":"repeat","background-position":"center center","background-size":"auto","background-attachment":"scroll","background-type":"","background-media":"","overlay-type":"","overlay-color":"","overlay-opacity":"","overlay-gradient":""}}},"product_brand":[],"product_cat":[836],"product_tag":[1960,1944,1962,1961],"class_list":{"0":"post-21028","1":"product","2":"type-product","3":"status-publish","4":"has-post-thumbnail","6":"product_cat-oil-gas-vi","7":"product_tag-cap-boc-da-loi-th-j-akpk-200-600v","8":"product_tag-cap-boc-loi-don-peek-polyetheretherketone","9":"product_tag-cap-peek-th-j-akpk-200","10":"product_tag-cap-tau-peek","11":"desktop-align-center","12":"tablet-align-left","13":"mobile-align-left","15":"first","16":"instock","17":"shipping-taxable","18":"product-type-simple"},"yoast_head":"<!-- This site is optimized with the Yoast SEO plugin v27.5 - https:\/\/yoast.com\/product\/yoast-seo-wordpress\/ -->\n<title>c\u00e1p thi\u1ebft b\u1ecb h\u1ea1 c\u1ea5p th\u0103m d\u00f2 d\u1ea7u<\/title>\n<meta name=\"description\" content=\"C\u00e1p thi\u1ebft b\u1ecb h\u1ea1 c\u1ea5p th\u0103m d\u00f2 d\u1ea7u c\u00f3 kh\u1ea3 n\u0103ng ch\u1ecbu nhi\u1ec7t \u0111\u1ed9 cao v\u00e0 th\u1ea5p, \u00edt kh\u00f3i v\u00e0 kh\u00f4ng ch\u1ee9a halogen.\" \/>\n<meta name=\"robots\" content=\"index, follow, max-snippet:-1, max-image-preview:large, max-video-preview:-1\" \/>\n<link rel=\"canonical\" href=\"https:\/\/www.tstcables.com\/vi\/product\/cap-thiet-bi-ha-cap-tham-do-dau\/\" \/>\n<meta property=\"og:locale\" content=\"vi_VN\" \/>\n<meta property=\"og:type\" content=\"article\" \/>\n<meta property=\"og:title\" content=\"c\u00e1p thi\u1ebft b\u1ecb h\u1ea1 c\u1ea5p th\u0103m d\u00f2 d\u1ea7u\" \/>\n<meta property=\"og:description\" content=\"C\u00e1p thi\u1ebft b\u1ecb h\u1ea1 c\u1ea5p th\u0103m d\u00f2 d\u1ea7u c\u00f3 kh\u1ea3 n\u0103ng ch\u1ecbu nhi\u1ec7t \u0111\u1ed9 cao v\u00e0 th\u1ea5p, \u00edt kh\u00f3i v\u00e0 kh\u00f4ng ch\u1ee9a halogen.\" \/>\n<meta property=\"og:url\" content=\"https:\/\/www.tstcables.com\/vi\/product\/cap-thiet-bi-ha-cap-tham-do-dau\/\" \/>\n<meta property=\"og:site_name\" content=\"TST CABLES supplier &amp; Manufacture\" \/>\n<meta property=\"og:image\" content=\"https:\/\/www.tstcables.com\/wp-content\/uploads\/2024\/03\/1-20.jpg\" \/>\n\t<meta property=\"og:image:width\" content=\"750\" \/>\n\t<meta property=\"og:image:height\" content=\"750\" \/>\n\t<meta property=\"og:image:type\" content=\"image\/jpeg\" \/>\n<meta name=\"twitter:card\" content=\"summary_large_image\" \/>\n<meta name=\"twitter:label1\" content=\"Est. reading time\" \/>\n\t<meta name=\"twitter:data1\" content=\"1 minute\" \/>\n<script type=\"application\/ld+json\" class=\"yoast-schema-graph\">{\"@context\":\"https:\\\/\\\/schema.org\",\"@graph\":[{\"@type\":\"WebPage\",\"@id\":\"https:\\\/\\\/www.tstcables.com\\\/vi\\\/product\\\/cap-thiet-bi-ha-cap-tham-do-dau\\\/\",\"url\":\"https:\\\/\\\/www.tstcables.com\\\/vi\\\/product\\\/cap-thiet-bi-ha-cap-tham-do-dau\\\/\",\"name\":\"c\u00e1p thi\u1ebft b\u1ecb h\u1ea1 c\u1ea5p th\u0103m d\u00f2 d\u1ea7u\",\"isPartOf\":{\"@id\":\"https:\\\/\\\/www.tstcables.com\\\/vi\\\/#website\"},\"primaryImageOfPage\":{\"@id\":\"https:\\\/\\\/www.tstcables.com\\\/vi\\\/product\\\/cap-thiet-bi-ha-cap-tham-do-dau\\\/#primaryimage\"},\"image\":{\"@id\":\"https:\\\/\\\/www.tstcables.com\\\/vi\\\/product\\\/cap-thiet-bi-ha-cap-tham-do-dau\\\/#primaryimage\"},\"thumbnailUrl\":\"https:\\\/\\\/www.tstcables.com\\\/wp-content\\\/uploads\\\/2024\\\/03\\\/1-20.jpg\",\"datePublished\":\"2024-04-12T06:36:45+00:00\",\"description\":\"C\u00e1p thi\u1ebft b\u1ecb h\u1ea1 c\u1ea5p th\u0103m d\u00f2 d\u1ea7u c\u00f3 kh\u1ea3 n\u0103ng ch\u1ecbu nhi\u1ec7t \u0111\u1ed9 cao v\u00e0 th\u1ea5p, \u00edt kh\u00f3i v\u00e0 kh\u00f4ng ch\u1ee9a halogen.\",\"breadcrumb\":{\"@id\":\"https:\\\/\\\/www.tstcables.com\\\/vi\\\/product\\\/cap-thiet-bi-ha-cap-tham-do-dau\\\/#breadcrumb\"},\"inLanguage\":\"vi-VN\",\"potentialAction\":[{\"@type\":\"ReadAction\",\"target\":[\"https:\\\/\\\/www.tstcables.com\\\/vi\\\/product\\\/cap-thiet-bi-ha-cap-tham-do-dau\\\/\"]}]},{\"@type\":\"ImageObject\",\"inLanguage\":\"vi-VN\",\"@id\":\"https:\\\/\\\/www.tstcables.com\\\/vi\\\/product\\\/cap-thiet-bi-ha-cap-tham-do-dau\\\/#primaryimage\",\"url\":\"https:\\\/\\\/www.tstcables.com\\\/wp-content\\\/uploads\\\/2024\\\/03\\\/1-20.jpg\",\"contentUrl\":\"https:\\\/\\\/www.tstcables.com\\\/wp-content\\\/uploads\\\/2024\\\/03\\\/1-20.jpg\",\"width\":750,\"height\":750,\"caption\":\"AFPF200 AFPF250 Teflon high temperature shielded cable\"},{\"@type\":\"BreadcrumbList\",\"@id\":\"https:\\\/\\\/www.tstcables.com\\\/vi\\\/product\\\/cap-thiet-bi-ha-cap-tham-do-dau\\\/#breadcrumb\",\"itemListElement\":[{\"@type\":\"ListItem\",\"position\":1,\"name\":\"\u9996\u9875\",\"item\":\"https:\\\/\\\/www.tstcables.com\\\/vi\\\/\"},{\"@type\":\"ListItem\",\"position\":2,\"name\":\"Product\",\"item\":\"https:\\\/\\\/www.tstcables.com\\\/product\\\/\"},{\"@type\":\"ListItem\",\"position\":3,\"name\":\"c\u00e1p thi\u1ebft b\u1ecb h\u1ea1 c\u1ea5p th\u0103m d\u00f2 d\u1ea7u\"}]},{\"@type\":\"WebSite\",\"@id\":\"https:\\\/\\\/www.tstcables.com\\\/vi\\\/#website\",\"url\":\"https:\\\/\\\/www.tstcables.com\\\/vi\\\/\",\"name\":\"TST Cable supplier & Manufacture\",\"description\":\"TST CABLES  supplier &amp; Manufacture official website\",\"publisher\":{\"@id\":\"https:\\\/\\\/www.tstcables.com\\\/vi\\\/#organization\"},\"potentialAction\":[{\"@type\":\"SearchAction\",\"target\":{\"@type\":\"EntryPoint\",\"urlTemplate\":\"https:\\\/\\\/www.tstcables.com\\\/vi\\\/?s={search_term_string}\"},\"query-input\":{\"@type\":\"PropertyValueSpecification\",\"valueRequired\":true,\"valueName\":\"search_term_string\"}}],\"inLanguage\":\"vi-VN\"},{\"@type\":\"Organization\",\"@id\":\"https:\\\/\\\/www.tstcables.com\\\/vi\\\/#organization\",\"name\":\"TST Cable supplier & Manufacture\",\"url\":\"https:\\\/\\\/www.tstcables.com\\\/vi\\\/\",\"logo\":{\"@type\":\"ImageObject\",\"inLanguage\":\"vi-VN\",\"@id\":\"https:\\\/\\\/www.tstcables.com\\\/vi\\\/#\\\/schema\\\/logo\\\/image\\\/\",\"url\":\"https:\\\/\\\/www.tstcables.com\\\/wp-content\\\/uploads\\\/2024\\\/04\\\/cropped-\u753b\u677f-1-\u62f7\u8d1d-4-1.png\",\"contentUrl\":\"https:\\\/\\\/www.tstcables.com\\\/wp-content\\\/uploads\\\/2024\\\/04\\\/cropped-\u753b\u677f-1-\u62f7\u8d1d-4-1.png\",\"width\":300,\"height\":100,\"caption\":\"TST Cable supplier & Manufacture\"},\"image\":{\"@id\":\"https:\\\/\\\/www.tstcables.com\\\/vi\\\/#\\\/schema\\\/logo\\\/image\\\/\"}}]}<\/script>\n<!-- \/ Yoast SEO plugin. -->","yoast_head_json":{"title":"c\u00e1p thi\u1ebft b\u1ecb h\u1ea1 c\u1ea5p th\u0103m d\u00f2 d\u1ea7u","description":"C\u00e1p thi\u1ebft b\u1ecb h\u1ea1 c\u1ea5p th\u0103m d\u00f2 d\u1ea7u c\u00f3 kh\u1ea3 n\u0103ng ch\u1ecbu nhi\u1ec7t \u0111\u1ed9 cao v\u00e0 th\u1ea5p, \u00edt kh\u00f3i v\u00e0 kh\u00f4ng ch\u1ee9a halogen.","robots":{"index":"index","follow":"follow","max-snippet":"max-snippet:-1","max-image-preview":"max-image-preview:large","max-video-preview":"max-video-preview:-1"},"canonical":"https:\/\/www.tstcables.com\/vi\/product\/cap-thiet-bi-ha-cap-tham-do-dau\/","og_locale":"vi_VN","og_type":"article","og_title":"c\u00e1p thi\u1ebft b\u1ecb h\u1ea1 c\u1ea5p th\u0103m d\u00f2 d\u1ea7u","og_description":"C\u00e1p thi\u1ebft b\u1ecb h\u1ea1 c\u1ea5p th\u0103m d\u00f2 d\u1ea7u c\u00f3 kh\u1ea3 n\u0103ng ch\u1ecbu nhi\u1ec7t \u0111\u1ed9 cao v\u00e0 th\u1ea5p, \u00edt kh\u00f3i v\u00e0 kh\u00f4ng ch\u1ee9a halogen.","og_url":"https:\/\/www.tstcables.com\/vi\/product\/cap-thiet-bi-ha-cap-tham-do-dau\/","og_site_name":"TST CABLES supplier &amp; Manufacture","og_image":[{"width":750,"height":750,"url":"https:\/\/www.tstcables.com\/wp-content\/uploads\/2024\/03\/1-20.jpg","type":"image\/jpeg"}],"twitter_card":"summary_large_image","twitter_misc":{"Est. reading time":"1 minute"},"schema":{"@context":"https:\/\/schema.org","@graph":[{"@type":"WebPage","@id":"https:\/\/www.tstcables.com\/vi\/product\/cap-thiet-bi-ha-cap-tham-do-dau\/","url":"https:\/\/www.tstcables.com\/vi\/product\/cap-thiet-bi-ha-cap-tham-do-dau\/","name":"c\u00e1p thi\u1ebft b\u1ecb h\u1ea1 c\u1ea5p th\u0103m d\u00f2 d\u1ea7u","isPartOf":{"@id":"https:\/\/www.tstcables.com\/vi\/#website"},"primaryImageOfPage":{"@id":"https:\/\/www.tstcables.com\/vi\/product\/cap-thiet-bi-ha-cap-tham-do-dau\/#primaryimage"},"image":{"@id":"https:\/\/www.tstcables.com\/vi\/product\/cap-thiet-bi-ha-cap-tham-do-dau\/#primaryimage"},"thumbnailUrl":"https:\/\/www.tstcables.com\/wp-content\/uploads\/2024\/03\/1-20.jpg","datePublished":"2024-04-12T06:36:45+00:00","description":"C\u00e1p thi\u1ebft b\u1ecb h\u1ea1 c\u1ea5p th\u0103m d\u00f2 d\u1ea7u c\u00f3 kh\u1ea3 n\u0103ng ch\u1ecbu nhi\u1ec7t \u0111\u1ed9 cao v\u00e0 th\u1ea5p, \u00edt kh\u00f3i v\u00e0 kh\u00f4ng ch\u1ee9a halogen.","breadcrumb":{"@id":"https:\/\/www.tstcables.com\/vi\/product\/cap-thiet-bi-ha-cap-tham-do-dau\/#breadcrumb"},"inLanguage":"vi-VN","potentialAction":[{"@type":"ReadAction","target":["https:\/\/www.tstcables.com\/vi\/product\/cap-thiet-bi-ha-cap-tham-do-dau\/"]}]},{"@type":"ImageObject","inLanguage":"vi-VN","@id":"https:\/\/www.tstcables.com\/vi\/product\/cap-thiet-bi-ha-cap-tham-do-dau\/#primaryimage","url":"https:\/\/www.tstcables.com\/wp-content\/uploads\/2024\/03\/1-20.jpg","contentUrl":"https:\/\/www.tstcables.com\/wp-content\/uploads\/2024\/03\/1-20.jpg","width":750,"height":750,"caption":"AFPF200 AFPF250 Teflon high temperature shielded cable"},{"@type":"BreadcrumbList","@id":"https:\/\/www.tstcables.com\/vi\/product\/cap-thiet-bi-ha-cap-tham-do-dau\/#breadcrumb","itemListElement":[{"@type":"ListItem","position":1,"name":"\u9996\u9875","item":"https:\/\/www.tstcables.com\/vi\/"},{"@type":"ListItem","position":2,"name":"Product","item":"https:\/\/www.tstcables.com\/product\/"},{"@type":"ListItem","position":3,"name":"c\u00e1p thi\u1ebft b\u1ecb h\u1ea1 c\u1ea5p th\u0103m d\u00f2 d\u1ea7u"}]},{"@type":"WebSite","@id":"https:\/\/www.tstcables.com\/vi\/#website","url":"https:\/\/www.tstcables.com\/vi\/","name":"TST Cable supplier & Manufacture","description":"TST CABLES  supplier &amp; Manufacture official website","publisher":{"@id":"https:\/\/www.tstcables.com\/vi\/#organization"},"potentialAction":[{"@type":"SearchAction","target":{"@type":"EntryPoint","urlTemplate":"https:\/\/www.tstcables.com\/vi\/?s={search_term_string}"},"query-input":{"@type":"PropertyValueSpecification","valueRequired":true,"valueName":"search_term_string"}}],"inLanguage":"vi-VN"},{"@type":"Organization","@id":"https:\/\/www.tstcables.com\/vi\/#organization","name":"TST Cable supplier & Manufacture","url":"https:\/\/www.tstcables.com\/vi\/","logo":{"@type":"ImageObject","inLanguage":"vi-VN","@id":"https:\/\/www.tstcables.com\/vi\/#\/schema\/logo\/image\/","url":"https:\/\/www.tstcables.com\/wp-content\/uploads\/2024\/04\/cropped-\u753b\u677f-1-\u62f7\u8d1d-4-1.png","contentUrl":"https:\/\/www.tstcables.com\/wp-content\/uploads\/2024\/04\/cropped-\u753b\u677f-1-\u62f7\u8d1d-4-1.png","width":300,"height":100,"caption":"TST Cable supplier & Manufacture"},"image":{"@id":"https:\/\/www.tstcables.com\/vi\/#\/schema\/logo\/image\/"}}]}},"_links":{"self":[{"href":"https:\/\/www.tstcables.com\/vi\/wp-json\/wp\/v2\/product\/21028","targetHints":{"allow":["GET"]}}],"collection":[{"href":"https:\/\/www.tstcables.com\/vi\/wp-json\/wp\/v2\/product"}],"about":[{"href":"https:\/\/www.tstcables.com\/vi\/wp-json\/wp\/v2\/types\/product"}],"version-history":[{"count":0,"href":"https:\/\/www.tstcables.com\/vi\/wp-json\/wp\/v2\/product\/21028\/revisions"}],"wp:featuredmedia":[{"embeddable":true,"href":"https:\/\/www.tstcables.com\/vi\/wp-json\/wp\/v2\/media\/13040"}],"wp:attachment":[{"href":"https:\/\/www.tstcables.com\/vi\/wp-json\/wp\/v2\/media?parent=21028"}],"wp:term":[{"taxonomy":"product_brand","embeddable":true,"href":"https:\/\/www.tstcables.com\/vi\/wp-json\/wp\/v2\/product_brand?post=21028"},{"taxonomy":"product_cat","embeddable":true,"href":"https:\/\/www.tstcables.com\/vi\/wp-json\/wp\/v2\/product_cat?post=21028"},{"taxonomy":"product_tag","embeddable":true,"href":"https:\/\/www.tstcables.com\/vi\/wp-json\/wp\/v2\/product_tag?post=21028"}],"curies":[{"name":"wp","href":"https:\/\/api.w.org\/{rel}","templated":true}]}}