{"id":21030,"date":"2024-04-11T16:12:37","date_gmt":"2024-04-11T08:12:37","guid":{"rendered":"https:\/\/www.tstcables.com\/product\/cap-chieu-sang-van-chuyen-duong-sat\/"},"modified":"2024-04-11T16:12:37","modified_gmt":"2024-04-11T08:12:37","slug":"cap-chieu-sang-van-chuyen-duong-sat","status":"publish","type":"product","link":"https:\/\/www.tstcables.com\/vi\/product\/cap-chieu-sang-van-chuyen-duong-sat\/","title":{"rendered":"C\u00e1p chi\u1ebfu s\u00e1ng v\u1eadn chuy\u1ec3n \u0111\u01b0\u1eddng s\u1eaft"},"content":{"rendered":"<p>\u1ee8ng d\u1ee5ng:<\/p>\n<p>H\u1ec7 th\u1ed1ng chi\u1ebfu s\u00e1ng<\/p>\n<p>\u0110\u1eb7c \u0111i\u1ec3m:<\/p>\n<ul>\n<li>Ch\u1ecbu nhi\u1ec7t \u0111\u1ed9: -40\u00b0C \u0111\u1ebfn 125\u00b0C<\/li>\n<li>\u0110\u1ecbnh m\u1ee9c \u0111i\u1ec7n \u00e1p: 600V (\u0111i\u1ec7n \u00e1p th\u1eed nghi\u1ec7m 3500V\/5 ph\u00fat)<\/li>\n<li>\u0110\u00e1p \u1ee9ng y\u00eau c\u1ea7u EN50200 trong 30 ph\u00fat v\u00e0 90 ph\u00fat<\/li>\n<\/ul>\n<p>Ti\u00eau chu\u1ea9n c\u00f4ng nghi\u1ec7p:<\/p>\n<ul>\n<li>Tu\u00e2n th\u1ee7 c\u00e1c y\u00eau c\u1ea7u v\u1ec1 c\u00e1p \u0111\u1ea7u m\u00e1y v\u00e0 xe kh\u00e1ch TBIT1484.1-2017 v\u00e0 TJ\/CL254-2013.<\/li>\n<li>\u0110\u1ea1t c\u00e1c y\u00eau c\u1ea7u EN45545, HL1, HL2 v\u00e0 HL3 trong v\u00e0 ngo\u00e0i xe.<\/li>\n<li>Tu\u00e2n th\u1ee7 c\u00e1c y\u00eau c\u1ea7u BS6853:1999 \u0111\u1ed1i v\u1edbi \u0111\u1ea7u m\u00e1y la, lb v\u00e0 h\u1ea1ng li\u00ean quan \u0111\u1ebfn c\u00e1p b\u00ean trong v\u00e0 b\u00ean ngo\u00e0i.<\/li>\n<li>\u0110\u1ea1t ti\u00eau chu\u1ea9n BS 6853:1999 v\u00e0 DIN 5510-2:2009 v\u1ec1 ch\u00e1y, kh\u00f3i v\u00e0 \u0111\u1ed9c t\u00ednh.<\/li>\n<li>Tu\u00e2n th\u1ee7 c\u00e1c y\u00eau c\u1ea7u v\u1ec1 lo\u1ea1i d\u1ec5 ch\u00e1y S1~S5 trong DIN5510-2:2009.<\/li>\n<li>\u0110\u1ea1t ch\u1ee9ng nh\u1eadn CRCC c\u1ee7a S\u1ea3n ph\u1ea9m \u0110\u01b0\u1eddng s\u1eaft Trung Qu\u1ed1c.<\/li>\n<\/ul>\n<p>K\u1ebft c\u1ea5u:<\/p>\n<ul>\n<li>D\u00e2y d\u1eabn: D\u00e2y d\u1eabn b\u1eb1ng \u0111\u1ed3ng m\u1ea1 b\u1ea1c c\u00f3 k\u1ebft c\u1ea5u Class 5.<\/li>\n<li>V\u1eadt li\u1ec7u c\u00e1ch nhi\u1ec7t: Polyetylen li\u00ean k\u1ebft ngang \u0111\u01b0\u1ee3c chi\u1ebfu x\u1ea1.<\/li>\n<\/ul>\n<p>Tham s\u1ed1 l\u1ef1a ch\u1ecdn<\/p>\n<table class=\"tg\">\n<thead>\n<tr>\n<th class=\"tg-949j\" rowspan=\"2\">S\u1ed1 l\u00f5i x m\u1eb7t c\u1eaft danh ngh\u0129a<\/th>\n<th class=\"tg-7fn2\" rowspan=\"2\">\u0110\u01b0\u1eddng k\u00ednh d\u00e2y d\u1eabn \uff08d)<\/th>\n<th class=\"tg-7fn2\" rowspan=\"2\">\u0110\u1ed9 d\u00e0y trung b\u00ecnh c\u1ee7a l\u1edbp c\u00e1ch nhi\u1ec7t<\/th>\n<th class=\"tg-7fn2\">\u0110\u01b0\u1eddng k\u00ednh ngo\u00e0i (D)<\/th>\n<th class=\"tg-7fn2\">\u0110i\u1ec7n tr\u1edf d\u00e2y d\u1eabn 20oC<\/th>\n<\/tr>\n<tr>\n<th class=\"tg-1771\">Min. mm<\/th>\n<th class=\"tg-1771\">Max.\u03a9\/km<\/th>\n<\/tr>\n<\/thead>\n<tbody>\n<tr>\n<td class=\"tg-1771\">2\u00d70.75<\/td>\n<td class=\"tg-qfl9\">1.1<\/td>\n<td class=\"tg-qfl9\">0.4<\/td>\n<td class=\"tg-qfl9\">6.5<\/td>\n<td class=\"tg-qfl9\">26.7<\/td>\n<\/tr>\n<tr>\n<td class=\"tg-1771\">4\u00d70.75<\/td>\n<td class=\"tg-qfl9\">1.1<\/td>\n<td class=\"tg-qfl9\">0.4<\/td>\n<td class=\"tg-qfl9\">7.2<\/td>\n<td class=\"tg-qfl9\">26.7<\/td>\n<\/tr>\n<tr>\n<td class=\"tg-1771\">2\u00d71.0<\/td>\n<td class=\"tg-qfl9\">1.3<\/td>\n<td class=\"tg-qfl9\">0.5<\/td>\n<td class=\"tg-qfl9\">7<\/td>\n<td class=\"tg-qfl9\">20<\/td>\n<\/tr>\n<tr>\n<td class=\"tg-1771\">2\u00d71.5<\/td>\n<td class=\"tg-qfl9\">1.5<\/td>\n<td class=\"tg-qfl9\">0.5<\/td>\n<td class=\"tg-qfl9\">7.2<\/td>\n<td class=\"tg-qfl9\">13.7<\/td>\n<\/tr>\n<tr>\n<td class=\"tg-1771\">3\u00d71.0<\/td>\n<td class=\"tg-qfl9\">1.3<\/td>\n<td class=\"tg-qfl9\">0.5<\/td>\n<td class=\"tg-qfl9\">7.3<\/td>\n<td class=\"tg-qfl9\">20<\/td>\n<\/tr>\n<tr>\n<td class=\"tg-1771\">2\u00d72.5<\/td>\n<td class=\"tg-qfl9\">1.9<\/td>\n<td class=\"tg-qfl9\">0.5<\/td>\n<td class=\"tg-qfl9\">8.5<\/td>\n<td class=\"tg-qfl9\">8.21<\/td>\n<\/tr>\n<tr>\n<td class=\"tg-1771\">2x2x1.0<\/td>\n<td class=\"tg-qfl9\">1.3<\/td>\n<td class=\"tg-qfl9\">0.5<\/td>\n<td class=\"tg-qfl9\">10.3<\/td>\n<td class=\"tg-qfl9\">20<\/td>\n<\/tr>\n<tr>\n<td class=\"tg-1771\">3x2x0.5<\/td>\n<td class=\"tg-qfl9\">1.1<\/td>\n<td class=\"tg-qfl9\">0.4<\/td>\n<td class=\"tg-qfl9\">10.2<\/td>\n<td class=\"tg-qfl9\">40.1<\/td>\n<\/tr>\n<tr>\n<td class=\"tg-1771\">6x2x0.75<\/td>\n<td class=\"tg-qfl9\">1.1<\/td>\n<td class=\"tg-qfl9\">0.4<\/td>\n<td class=\"tg-qfl9\">16.4<\/td>\n<td class=\"tg-qfl9\">40.1<\/td>\n<\/tr>\n<\/tbody>\n<\/table>\n","protected":false},"excerpt":{"rendered":"<p>C\u00e1p chi\u1ebfu s\u00e1ng v\u1eadn chuy\u1ec3n \u0111\u01b0\u1eddng s\u1eaft c\u00f3 kh\u1ea3 n\u0103ng ch\u1ecbu nhi\u1ec7t \u0111\u1ed9 cao v\u00e0 c\u00f3 \u0111i\u1ec7n \u00e1p \u0111\u1ecbnh m\u1ee9c 600V. Ch\u00fang l\u00e0 m\u1ed9t ph\u1ea7n quan tr\u1ecdng c\u1ee7a h\u1ec7 th\u1ed1ng chi\u1ebfu s\u00e1ng \u0111\u01b0\u1ee3c cung c\u1ea5p \u1edf c\u00e1c khu v\u1ef1c kh\u00e1c nhau c\u1ee7a h\u1ec7 th\u1ed1ng v\u1eadn t\u1ea3i \u0111\u01b0\u1eddng s\u1eaft (bao g\u1ed3m khoang h\u00e0nh kh\u00e1ch, s\u00e2n ga v\u00e0 nh\u00e0 ga).<\/p>\n","protected":false},"featured_media":11328,"template":"","meta":{"_eb_attr":"","site-sidebar-layout":"default","site-content-layout":"","ast-site-content-layout":"default","site-content-style":"default","site-sidebar-style":"default","ast-global-header-display":"","ast-banner-title-visibility":"","ast-main-header-display":"","ast-hfb-above-header-display":"","ast-hfb-below-header-display":"","ast-hfb-mobile-header-display":"","site-post-title":"","ast-breadcrumbs-content":"","ast-featured-img":"","footer-sml-layout":"","theme-transparent-header-meta":"default","adv-header-id-meta":"","stick-header-meta":"","header-above-stick-meta":"","header-main-stick-meta":"","header-below-stick-meta":"","astra-migrate-meta-layouts":"default","ast-page-background-enabled":"default","ast-page-background-meta":{"desktop":{"background-color":"","background-image":"","background-repeat":"repeat","background-position":"center center","background-size":"auto","background-attachment":"scroll","background-type":"","background-media":"","overlay-type":"","overlay-color":"","overlay-opacity":"","overlay-gradient":""},"tablet":{"background-color":"","background-image":"","background-repeat":"repeat","background-position":"center center","background-size":"auto","background-attachment":"scroll","background-type":"","background-media":"","overlay-type":"","overlay-color":"","overlay-opacity":"","overlay-gradient":""},"mobile":{"background-color":"","background-image":"","background-repeat":"repeat","background-position":"center center","background-size":"auto","background-attachment":"scroll","background-type":"","background-media":"","overlay-type":"","overlay-color":"","overlay-opacity":"","overlay-gradient":""}},"ast-content-background-meta":{"desktop":{"background-color":"var(--ast-global-color-5)","background-image":"","background-repeat":"repeat","background-position":"center center","background-size":"auto","background-attachment":"scroll","background-type":"","background-media":"","overlay-type":"","overlay-color":"","overlay-opacity":"","overlay-gradient":""},"tablet":{"background-color":"var(--ast-global-color-5)","background-image":"","background-repeat":"repeat","background-position":"center center","background-size":"auto","background-attachment":"scroll","background-type":"","background-media":"","overlay-type":"","overlay-color":"","overlay-opacity":"","overlay-gradient":""},"mobile":{"background-color":"var(--ast-global-color-5)","background-image":"","background-repeat":"repeat","background-position":"center center","background-size":"auto","background-attachment":"scroll","background-type":"","background-media":"","overlay-type":"","overlay-color":"","overlay-opacity":"","overlay-gradient":""}}},"product_brand":[],"product_cat":[842],"product_tag":[1932],"class_list":{"0":"post-21030","1":"product","2":"type-product","3":"status-publish","4":"has-post-thumbnail","6":"product_cat-rail-way-vi","7":"product_tag-day-cap-chong-chay","8":"desktop-align-center","9":"tablet-align-left","10":"mobile-align-left","12":"first","13":"instock","14":"shipping-taxable","15":"product-type-simple"},"yoast_head":"<!-- This site is optimized with the Yoast SEO plugin v27.5 - https:\/\/yoast.com\/product\/yoast-seo-wordpress\/ -->\n<title>C\u00e1p chi\u1ebfu s\u00e1ng v\u1eadn chuy\u1ec3n \u0111\u01b0\u1eddng s\u1eaft<\/title>\n<meta name=\"description\" content=\"C\u00e1p chi\u1ebfu s\u00e1ng v\u1eadn chuy\u1ec3n \u0111\u01b0\u1eddng s\u1eaft c\u00f3 kh\u1ea3 n\u0103ng ch\u1ecbu nhi\u1ec7t \u0111\u1ed9 cao v\u00e0 c\u00f3 \u0111i\u1ec7n \u00e1p \u0111\u1ecbnh m\u1ee9c 600V.\" \/>\n<meta name=\"robots\" content=\"index, follow, max-snippet:-1, max-image-preview:large, max-video-preview:-1\" \/>\n<link rel=\"canonical\" href=\"https:\/\/www.tstcables.com\/vi\/product\/cap-chieu-sang-van-chuyen-duong-sat\/\" \/>\n<meta property=\"og:locale\" content=\"vi_VN\" \/>\n<meta property=\"og:type\" content=\"article\" \/>\n<meta property=\"og:title\" content=\"C\u00e1p chi\u1ebfu s\u00e1ng v\u1eadn chuy\u1ec3n \u0111\u01b0\u1eddng s\u1eaft\" \/>\n<meta property=\"og:description\" content=\"C\u00e1p chi\u1ebfu s\u00e1ng v\u1eadn chuy\u1ec3n \u0111\u01b0\u1eddng s\u1eaft c\u00f3 kh\u1ea3 n\u0103ng ch\u1ecbu nhi\u1ec7t \u0111\u1ed9 cao v\u00e0 c\u00f3 \u0111i\u1ec7n \u00e1p \u0111\u1ecbnh m\u1ee9c 600V.\" \/>\n<meta property=\"og:url\" content=\"https:\/\/www.tstcables.com\/vi\/product\/cap-chieu-sang-van-chuyen-duong-sat\/\" \/>\n<meta property=\"og:site_name\" content=\"TST CABLES supplier &amp; Manufacture\" \/>\n<meta property=\"og:image\" content=\"https:\/\/www.tstcables.com\/wp-content\/uploads\/2024\/03\/c83b414e251c9798.jpg\" \/>\n\t<meta property=\"og:image:width\" content=\"800\" \/>\n\t<meta property=\"og:image:height\" content=\"800\" \/>\n\t<meta property=\"og:image:type\" content=\"image\/jpeg\" \/>\n<meta name=\"twitter:card\" content=\"summary_large_image\" \/>\n<meta name=\"twitter:label1\" content=\"Est. reading time\" \/>\n\t<meta name=\"twitter:data1\" content=\"1 minute\" \/>\n<script type=\"application\/ld+json\" class=\"yoast-schema-graph\">{\"@context\":\"https:\\\/\\\/schema.org\",\"@graph\":[{\"@type\":\"WebPage\",\"@id\":\"https:\\\/\\\/www.tstcables.com\\\/vi\\\/product\\\/cap-chieu-sang-van-chuyen-duong-sat\\\/\",\"url\":\"https:\\\/\\\/www.tstcables.com\\\/vi\\\/product\\\/cap-chieu-sang-van-chuyen-duong-sat\\\/\",\"name\":\"C\u00e1p chi\u1ebfu s\u00e1ng v\u1eadn chuy\u1ec3n \u0111\u01b0\u1eddng s\u1eaft\",\"isPartOf\":{\"@id\":\"https:\\\/\\\/www.tstcables.com\\\/vi\\\/#website\"},\"primaryImageOfPage\":{\"@id\":\"https:\\\/\\\/www.tstcables.com\\\/vi\\\/product\\\/cap-chieu-sang-van-chuyen-duong-sat\\\/#primaryimage\"},\"image\":{\"@id\":\"https:\\\/\\\/www.tstcables.com\\\/vi\\\/product\\\/cap-chieu-sang-van-chuyen-duong-sat\\\/#primaryimage\"},\"thumbnailUrl\":\"https:\\\/\\\/www.tstcables.com\\\/wp-content\\\/uploads\\\/2024\\\/03\\\/c83b414e251c9798.jpg\",\"datePublished\":\"2024-04-11T08:12:37+00:00\",\"description\":\"C\u00e1p chi\u1ebfu s\u00e1ng v\u1eadn chuy\u1ec3n \u0111\u01b0\u1eddng s\u1eaft c\u00f3 kh\u1ea3 n\u0103ng ch\u1ecbu nhi\u1ec7t \u0111\u1ed9 cao v\u00e0 c\u00f3 \u0111i\u1ec7n \u00e1p \u0111\u1ecbnh m\u1ee9c 600V.\",\"breadcrumb\":{\"@id\":\"https:\\\/\\\/www.tstcables.com\\\/vi\\\/product\\\/cap-chieu-sang-van-chuyen-duong-sat\\\/#breadcrumb\"},\"inLanguage\":\"vi-VN\",\"potentialAction\":[{\"@type\":\"ReadAction\",\"target\":[\"https:\\\/\\\/www.tstcables.com\\\/vi\\\/product\\\/cap-chieu-sang-van-chuyen-duong-sat\\\/\"]}]},{\"@type\":\"ImageObject\",\"inLanguage\":\"vi-VN\",\"@id\":\"https:\\\/\\\/www.tstcables.com\\\/vi\\\/product\\\/cap-chieu-sang-van-chuyen-duong-sat\\\/#primaryimage\",\"url\":\"https:\\\/\\\/www.tstcables.com\\\/wp-content\\\/uploads\\\/2024\\\/03\\\/c83b414e251c9798.jpg\",\"contentUrl\":\"https:\\\/\\\/www.tstcables.com\\\/wp-content\\\/uploads\\\/2024\\\/03\\\/c83b414e251c9798.jpg\",\"width\":800,\"height\":800,\"caption\":\"EN50264-3-1 fire-resistant wire &cable\"},{\"@type\":\"BreadcrumbList\",\"@id\":\"https:\\\/\\\/www.tstcables.com\\\/vi\\\/product\\\/cap-chieu-sang-van-chuyen-duong-sat\\\/#breadcrumb\",\"itemListElement\":[{\"@type\":\"ListItem\",\"position\":1,\"name\":\"\u9996\u9875\",\"item\":\"https:\\\/\\\/www.tstcables.com\\\/vi\\\/\"},{\"@type\":\"ListItem\",\"position\":2,\"name\":\"Product\",\"item\":\"https:\\\/\\\/www.tstcables.com\\\/product\\\/\"},{\"@type\":\"ListItem\",\"position\":3,\"name\":\"C\u00e1p chi\u1ebfu s\u00e1ng v\u1eadn chuy\u1ec3n \u0111\u01b0\u1eddng s\u1eaft\"}]},{\"@type\":\"WebSite\",\"@id\":\"https:\\\/\\\/www.tstcables.com\\\/vi\\\/#website\",\"url\":\"https:\\\/\\\/www.tstcables.com\\\/vi\\\/\",\"name\":\"TST Cable supplier & Manufacture\",\"description\":\"TST CABLES  supplier &amp; Manufacture official website\",\"publisher\":{\"@id\":\"https:\\\/\\\/www.tstcables.com\\\/vi\\\/#organization\"},\"potentialAction\":[{\"@type\":\"SearchAction\",\"target\":{\"@type\":\"EntryPoint\",\"urlTemplate\":\"https:\\\/\\\/www.tstcables.com\\\/vi\\\/?s={search_term_string}\"},\"query-input\":{\"@type\":\"PropertyValueSpecification\",\"valueRequired\":true,\"valueName\":\"search_term_string\"}}],\"inLanguage\":\"vi-VN\"},{\"@type\":\"Organization\",\"@id\":\"https:\\\/\\\/www.tstcables.com\\\/vi\\\/#organization\",\"name\":\"TST Cable supplier & Manufacture\",\"url\":\"https:\\\/\\\/www.tstcables.com\\\/vi\\\/\",\"logo\":{\"@type\":\"ImageObject\",\"inLanguage\":\"vi-VN\",\"@id\":\"https:\\\/\\\/www.tstcables.com\\\/vi\\\/#\\\/schema\\\/logo\\\/image\\\/\",\"url\":\"https:\\\/\\\/www.tstcables.com\\\/wp-content\\\/uploads\\\/2024\\\/04\\\/cropped-\u753b\u677f-1-\u62f7\u8d1d-4-1.png\",\"contentUrl\":\"https:\\\/\\\/www.tstcables.com\\\/wp-content\\\/uploads\\\/2024\\\/04\\\/cropped-\u753b\u677f-1-\u62f7\u8d1d-4-1.png\",\"width\":300,\"height\":100,\"caption\":\"TST Cable supplier & Manufacture\"},\"image\":{\"@id\":\"https:\\\/\\\/www.tstcables.com\\\/vi\\\/#\\\/schema\\\/logo\\\/image\\\/\"}}]}<\/script>\n<!-- \/ Yoast SEO plugin. -->","yoast_head_json":{"title":"C\u00e1p chi\u1ebfu s\u00e1ng v\u1eadn chuy\u1ec3n \u0111\u01b0\u1eddng s\u1eaft","description":"C\u00e1p chi\u1ebfu s\u00e1ng v\u1eadn chuy\u1ec3n \u0111\u01b0\u1eddng s\u1eaft c\u00f3 kh\u1ea3 n\u0103ng ch\u1ecbu nhi\u1ec7t \u0111\u1ed9 cao v\u00e0 c\u00f3 \u0111i\u1ec7n \u00e1p \u0111\u1ecbnh m\u1ee9c 600V.","robots":{"index":"index","follow":"follow","max-snippet":"max-snippet:-1","max-image-preview":"max-image-preview:large","max-video-preview":"max-video-preview:-1"},"canonical":"https:\/\/www.tstcables.com\/vi\/product\/cap-chieu-sang-van-chuyen-duong-sat\/","og_locale":"vi_VN","og_type":"article","og_title":"C\u00e1p chi\u1ebfu s\u00e1ng v\u1eadn chuy\u1ec3n \u0111\u01b0\u1eddng s\u1eaft","og_description":"C\u00e1p chi\u1ebfu s\u00e1ng v\u1eadn chuy\u1ec3n \u0111\u01b0\u1eddng s\u1eaft c\u00f3 kh\u1ea3 n\u0103ng ch\u1ecbu nhi\u1ec7t \u0111\u1ed9 cao v\u00e0 c\u00f3 \u0111i\u1ec7n \u00e1p \u0111\u1ecbnh m\u1ee9c 600V.","og_url":"https:\/\/www.tstcables.com\/vi\/product\/cap-chieu-sang-van-chuyen-duong-sat\/","og_site_name":"TST CABLES supplier &amp; Manufacture","og_image":[{"width":800,"height":800,"url":"https:\/\/www.tstcables.com\/wp-content\/uploads\/2024\/03\/c83b414e251c9798.jpg","type":"image\/jpeg"}],"twitter_card":"summary_large_image","twitter_misc":{"Est. reading time":"1 minute"},"schema":{"@context":"https:\/\/schema.org","@graph":[{"@type":"WebPage","@id":"https:\/\/www.tstcables.com\/vi\/product\/cap-chieu-sang-van-chuyen-duong-sat\/","url":"https:\/\/www.tstcables.com\/vi\/product\/cap-chieu-sang-van-chuyen-duong-sat\/","name":"C\u00e1p chi\u1ebfu s\u00e1ng v\u1eadn chuy\u1ec3n \u0111\u01b0\u1eddng s\u1eaft","isPartOf":{"@id":"https:\/\/www.tstcables.com\/vi\/#website"},"primaryImageOfPage":{"@id":"https:\/\/www.tstcables.com\/vi\/product\/cap-chieu-sang-van-chuyen-duong-sat\/#primaryimage"},"image":{"@id":"https:\/\/www.tstcables.com\/vi\/product\/cap-chieu-sang-van-chuyen-duong-sat\/#primaryimage"},"thumbnailUrl":"https:\/\/www.tstcables.com\/wp-content\/uploads\/2024\/03\/c83b414e251c9798.jpg","datePublished":"2024-04-11T08:12:37+00:00","description":"C\u00e1p chi\u1ebfu s\u00e1ng v\u1eadn chuy\u1ec3n \u0111\u01b0\u1eddng s\u1eaft c\u00f3 kh\u1ea3 n\u0103ng ch\u1ecbu nhi\u1ec7t \u0111\u1ed9 cao v\u00e0 c\u00f3 \u0111i\u1ec7n \u00e1p \u0111\u1ecbnh m\u1ee9c 600V.","breadcrumb":{"@id":"https:\/\/www.tstcables.com\/vi\/product\/cap-chieu-sang-van-chuyen-duong-sat\/#breadcrumb"},"inLanguage":"vi-VN","potentialAction":[{"@type":"ReadAction","target":["https:\/\/www.tstcables.com\/vi\/product\/cap-chieu-sang-van-chuyen-duong-sat\/"]}]},{"@type":"ImageObject","inLanguage":"vi-VN","@id":"https:\/\/www.tstcables.com\/vi\/product\/cap-chieu-sang-van-chuyen-duong-sat\/#primaryimage","url":"https:\/\/www.tstcables.com\/wp-content\/uploads\/2024\/03\/c83b414e251c9798.jpg","contentUrl":"https:\/\/www.tstcables.com\/wp-content\/uploads\/2024\/03\/c83b414e251c9798.jpg","width":800,"height":800,"caption":"EN50264-3-1 fire-resistant wire &cable"},{"@type":"BreadcrumbList","@id":"https:\/\/www.tstcables.com\/vi\/product\/cap-chieu-sang-van-chuyen-duong-sat\/#breadcrumb","itemListElement":[{"@type":"ListItem","position":1,"name":"\u9996\u9875","item":"https:\/\/www.tstcables.com\/vi\/"},{"@type":"ListItem","position":2,"name":"Product","item":"https:\/\/www.tstcables.com\/product\/"},{"@type":"ListItem","position":3,"name":"C\u00e1p chi\u1ebfu s\u00e1ng v\u1eadn chuy\u1ec3n \u0111\u01b0\u1eddng s\u1eaft"}]},{"@type":"WebSite","@id":"https:\/\/www.tstcables.com\/vi\/#website","url":"https:\/\/www.tstcables.com\/vi\/","name":"TST Cable supplier & Manufacture","description":"TST CABLES  supplier &amp; Manufacture official website","publisher":{"@id":"https:\/\/www.tstcables.com\/vi\/#organization"},"potentialAction":[{"@type":"SearchAction","target":{"@type":"EntryPoint","urlTemplate":"https:\/\/www.tstcables.com\/vi\/?s={search_term_string}"},"query-input":{"@type":"PropertyValueSpecification","valueRequired":true,"valueName":"search_term_string"}}],"inLanguage":"vi-VN"},{"@type":"Organization","@id":"https:\/\/www.tstcables.com\/vi\/#organization","name":"TST Cable supplier & Manufacture","url":"https:\/\/www.tstcables.com\/vi\/","logo":{"@type":"ImageObject","inLanguage":"vi-VN","@id":"https:\/\/www.tstcables.com\/vi\/#\/schema\/logo\/image\/","url":"https:\/\/www.tstcables.com\/wp-content\/uploads\/2024\/04\/cropped-\u753b\u677f-1-\u62f7\u8d1d-4-1.png","contentUrl":"https:\/\/www.tstcables.com\/wp-content\/uploads\/2024\/04\/cropped-\u753b\u677f-1-\u62f7\u8d1d-4-1.png","width":300,"height":100,"caption":"TST Cable supplier & Manufacture"},"image":{"@id":"https:\/\/www.tstcables.com\/vi\/#\/schema\/logo\/image\/"}}]}},"_links":{"self":[{"href":"https:\/\/www.tstcables.com\/vi\/wp-json\/wp\/v2\/product\/21030","targetHints":{"allow":["GET"]}}],"collection":[{"href":"https:\/\/www.tstcables.com\/vi\/wp-json\/wp\/v2\/product"}],"about":[{"href":"https:\/\/www.tstcables.com\/vi\/wp-json\/wp\/v2\/types\/product"}],"version-history":[{"count":0,"href":"https:\/\/www.tstcables.com\/vi\/wp-json\/wp\/v2\/product\/21030\/revisions"}],"wp:featuredmedia":[{"embeddable":true,"href":"https:\/\/www.tstcables.com\/vi\/wp-json\/wp\/v2\/media\/11328"}],"wp:attachment":[{"href":"https:\/\/www.tstcables.com\/vi\/wp-json\/wp\/v2\/media?parent=21030"}],"wp:term":[{"taxonomy":"product_brand","embeddable":true,"href":"https:\/\/www.tstcables.com\/vi\/wp-json\/wp\/v2\/product_brand?post=21030"},{"taxonomy":"product_cat","embeddable":true,"href":"https:\/\/www.tstcables.com\/vi\/wp-json\/wp\/v2\/product_cat?post=21030"},{"taxonomy":"product_tag","embeddable":true,"href":"https:\/\/www.tstcables.com\/vi\/wp-json\/wp\/v2\/product_tag?post=21030"}],"curies":[{"name":"wp","href":"https:\/\/api.w.org\/{rel}","templated":true}]}}