{"id":21031,"date":"2024-04-11T16:19:47","date_gmt":"2024-04-11T08:19:47","guid":{"rendered":"https:\/\/www.tstcables.com\/product\/cap-nhay-van-chuyen-duong-sat\/"},"modified":"2024-04-11T16:19:47","modified_gmt":"2024-04-11T08:19:47","slug":"cap-nhay-van-chuyen-duong-sat","status":"publish","type":"product","link":"https:\/\/www.tstcables.com\/vi\/product\/cap-nhay-van-chuyen-duong-sat\/","title":{"rendered":"C\u00e1p nh\u1ea3y v\u1eadn chuy\u1ec3n \u0111\u01b0\u1eddng s\u1eaft"},"content":{"rendered":"<p><strong><b>Th\u00f4ng s\u1ed1 s\u1ea3n ph\u1ea9m<\/b><\/strong><\/p>\n<ul>\n<li>D\u00e2y d\u1eabn: D\u00e2y d\u1eabn b\u1eb1ng \u0111\u1ed3ng \u0111\u00f3ng h\u1ed9p lo\u1ea1i 6<\/li>\n<li>C\u00e1ch nhi\u1ec7t: cao su silicon<\/li>\n<li>\u0110i\u1ec7n \u00e1p \u0111\u1ecbnh m\u1ee9c: 3,6\/6,0kV<\/li>\n<li>\u0110\u1ed9 b\u1ec1n \u0111i\u1ec7n m\u00f4i:8MPa&gt;<\/li>\n<li>B\u00e1n k\u00ednh u\u1ed1n c\u00e1p: 6D (\u0111\u01b0\u1eddng k\u00ednh ngo\u00e0i c\u00e1p D)<\/li>\n<li>Nhi\u1ec7t \u0111\u1ed9 ho\u1ea1t \u0111\u1ed9ng: -50\u00b0C \u0111\u1ebfn +150\u00b0C<\/li>\n<li>\u0110i\u1ec7n \u00e1p ph\u1ee5c v\u1ee5: 300V\/500V<\/li>\n<li>\u0110i\u1ec7n \u00e1p th\u1eed nghi\u1ec7m: 2.500V<\/li>\n<\/ul>\n<p><strong>C\u1ea5u tr\u00fac c\u00e1p \u0111\u01b0\u1ee3c t\u1ed1i \u01b0u h\u00f3a:<\/strong><br \/>\njumper ngu\u1ed3n, jumper \u0111i\u1ec1u khi\u1ec3n, jumper d\u1eef li\u1ec7u, jumper to\u00e0n di\u1ec7n<\/p>\n<p><strong>\u1ee8ng d\u1ee5ng h\u00e0i l\u00f2ng<\/strong><br \/>\n\u2460 Ch\u1ed1ng ch\u00e1y \u2461 \u00cdt ph\u00e1t th\u1ea3i kh\u00f3i<\/p>\n<p>\u2462 \u0110\u1ed9c t\u00ednh th\u1ea5p \u2463 Ch\u1ed1ng l\u00e3o h\u00f3a d\u01b0\u1edbi \u00e1nh n\u1eafng m\u1eb7t tr\u1eddi \u2464 Ch\u1ed1ng d\u1ea7u<\/p>\n<p>\u2465 Ch\u1ed1ng ch\u1ecbu th\u1eddi ti\u1ebft \u2466 Ch\u1ed1ng ch\u1ecbu c\u01a1 h\u1ecdc<\/p>\n<p><strong><b>\u0110\u1eb7c t\u00ednh ch\u1ed1ng ch\u00e1y<\/b><\/strong><\/p>\n<ul>\n<li>EN45545-2 HL1 \u2014 Th\u1eed nghi\u1ec7m HL3<\/li>\n<li>d\u1ecdc \u0111\u01a1n EN60332-1-2<\/li>\n<li>M\u1eadt \u0111\u1ed9 kh\u00f3i EN61034-2<\/li>\n<li>\u0111\u1ed9c t\u00ednh EN50305-9-2<\/li>\n<\/ul>\n<p><strong><b>T\u1ea5t c\u1ea3 c\u00e1c ch\u1ee9ng ch\u1ec9 chuy\u00ean m\u00f4n cho ng\u00e0nh \u0111\u01b0\u1eddng s\u1eaft<\/b><\/strong><\/p>\n<ul>\n<li>Doanh nghi\u1ec7p \u0111\u01b0\u1ee3c ch\u1ee9ng nh\u1eadn CRCC<\/li>\n<li>TS22163 (H\u1ec7 th\u1ed1ng qu\u1ea3n l\u00fd ch\u1ea5t l\u01b0\u1ee3ng \u0111\u01b0\u1eddng s\u1eaft qu\u1ed1c t\u1ebf)<\/li>\n<li>ISO9001 (h\u1ec7 th\u1ed1ng ch\u1ea5t l\u01b0\u1ee3ng)<\/li>\n<li>Ch\u1ee9ng nh\u1eadn s\u1ea3n ph\u1ea9m CE<\/li>\n<li>Ph\u00f2ng ch\u00e1y ch\u1eefa ch\u00e1y ECER118<\/li>\n<\/ul>\n","protected":false},"excerpt":{"rendered":"<p>C\u00e1p nh\u1ea3y v\u1eadn chuy\u1ec3n \u0111\u01b0\u1eddng s\u1eaft c\u00f3 kh\u1ea3 n\u0103ng ch\u1ed1ng ch\u00e1y, \u00edt kh\u00f3i v\u00e0 kh\u00f4ng ch\u1ee9a halogen v\u00e0 l\u00e0 m\u1ed9t ph\u1ea7n quan tr\u1ecdng trong c\u01a1 s\u1edf h\u1ea1 t\u1ea7ng \u0111i\u1ec7n c\u1ee7a h\u1ec7 th\u1ed1ng \u0111\u01b0\u1eddng s\u1eaft, cung c\u1ea5p k\u1ebft n\u1ed1i t\u1ea1m th\u1eddi gi\u1eefa ngu\u1ed3n \u0111i\u1ec7n v\u00e0 c\u00e1c thi\u1ebft b\u1ecb kh\u00e1c nhau.<\/p>\n","protected":false},"featured_media":9352,"template":"","meta":{"_eb_attr":"","site-sidebar-layout":"default","site-content-layout":"","ast-site-content-layout":"default","site-content-style":"default","site-sidebar-style":"default","ast-global-header-display":"","ast-banner-title-visibility":"","ast-main-header-display":"","ast-hfb-above-header-display":"","ast-hfb-below-header-display":"","ast-hfb-mobile-header-display":"","site-post-title":"","ast-breadcrumbs-content":"","ast-featured-img":"","footer-sml-layout":"","theme-transparent-header-meta":"default","adv-header-id-meta":"","stick-header-meta":"","header-above-stick-meta":"","header-main-stick-meta":"","header-below-stick-meta":"","astra-migrate-meta-layouts":"default","ast-page-background-enabled":"default","ast-page-background-meta":{"desktop":{"background-color":"","background-image":"","background-repeat":"repeat","background-position":"center center","background-size":"auto","background-attachment":"scroll","background-type":"","background-media":"","overlay-type":"","overlay-color":"","overlay-opacity":"","overlay-gradient":""},"tablet":{"background-color":"","background-image":"","background-repeat":"repeat","background-position":"center center","background-size":"auto","background-attachment":"scroll","background-type":"","background-media":"","overlay-type":"","overlay-color":"","overlay-opacity":"","overlay-gradient":""},"mobile":{"background-color":"","background-image":"","background-repeat":"repeat","background-position":"center center","background-size":"auto","background-attachment":"scroll","background-type":"","background-media":"","overlay-type":"","overlay-color":"","overlay-opacity":"","overlay-gradient":""}},"ast-content-background-meta":{"desktop":{"background-color":"var(--ast-global-color-5)","background-image":"","background-repeat":"repeat","background-position":"center center","background-size":"auto","background-attachment":"scroll","background-type":"","background-media":"","overlay-type":"","overlay-color":"","overlay-opacity":"","overlay-gradient":""},"tablet":{"background-color":"var(--ast-global-color-5)","background-image":"","background-repeat":"repeat","background-position":"center center","background-size":"auto","background-attachment":"scroll","background-type":"","background-media":"","overlay-type":"","overlay-color":"","overlay-opacity":"","overlay-gradient":""},"mobile":{"background-color":"var(--ast-global-color-5)","background-image":"","background-repeat":"repeat","background-position":"center center","background-size":"auto","background-attachment":"scroll","background-type":"","background-media":"","overlay-type":"","overlay-color":"","overlay-opacity":"","overlay-gradient":""}}},"product_brand":[],"product_cat":[842],"product_tag":[1965,1966,1967],"class_list":{"0":"post-21031","1":"product","2":"type-product","3":"status-publish","4":"has-post-thumbnail","6":"product_cat-rail-way-vi","7":"product_tag-cap-duong-sat","8":"product_tag-cap-nhay-tst-382","9":"product_tag-cap-nhay-xe-tst","10":"desktop-align-center","11":"tablet-align-left","12":"mobile-align-left","14":"first","15":"instock","16":"shipping-taxable","17":"product-type-simple"},"yoast_head":"<!-- This site is optimized with the Yoast SEO plugin v27.5 - https:\/\/yoast.com\/product\/yoast-seo-wordpress\/ -->\n<title>C\u00e1p nh\u1ea3y v\u1eadn chuy\u1ec3n \u0111\u01b0\u1eddng s\u1eaft<\/title>\n<meta name=\"description\" content=\"C\u00e1p nh\u1ea3y v\u1eadn chuy\u1ec3n \u0111\u01b0\u1eddng s\u1eaft c\u00f3 kh\u1ea3 n\u0103ng ch\u1ed1ng ch\u00e1y, \u00edt kh\u00f3i v\u00e0 kh\u00f4ng ch\u1ee9a halogen\" \/>\n<meta name=\"robots\" content=\"index, follow, max-snippet:-1, max-image-preview:large, max-video-preview:-1\" \/>\n<link rel=\"canonical\" href=\"https:\/\/www.tstcables.com\/vi\/product\/cap-nhay-van-chuyen-duong-sat\/\" \/>\n<meta property=\"og:locale\" content=\"vi_VN\" \/>\n<meta property=\"og:type\" content=\"article\" \/>\n<meta property=\"og:title\" content=\"C\u00e1p nh\u1ea3y v\u1eadn chuy\u1ec3n \u0111\u01b0\u1eddng s\u1eaft\" \/>\n<meta property=\"og:description\" content=\"C\u00e1p nh\u1ea3y v\u1eadn chuy\u1ec3n \u0111\u01b0\u1eddng s\u1eaft c\u00f3 kh\u1ea3 n\u0103ng ch\u1ed1ng ch\u00e1y, \u00edt kh\u00f3i v\u00e0 kh\u00f4ng ch\u1ee9a halogen\" \/>\n<meta property=\"og:url\" content=\"https:\/\/www.tstcables.com\/vi\/product\/cap-nhay-van-chuyen-duong-sat\/\" \/>\n<meta property=\"og:site_name\" content=\"TST CABLES supplier &amp; Manufacture\" \/>\n<meta property=\"og:image\" content=\"https:\/\/www.tstcables.com\/wp-content\/uploads\/2024\/03\/image_vehiclejumpercable.png\" \/>\n\t<meta property=\"og:image:width\" content=\"900\" \/>\n\t<meta property=\"og:image:height\" content=\"900\" \/>\n\t<meta property=\"og:image:type\" content=\"image\/png\" \/>\n<meta name=\"twitter:card\" content=\"summary_large_image\" \/>\n<meta name=\"twitter:label1\" content=\"Est. reading time\" \/>\n\t<meta name=\"twitter:data1\" content=\"1 minute\" \/>\n<script type=\"application\/ld+json\" class=\"yoast-schema-graph\">{\"@context\":\"https:\\\/\\\/schema.org\",\"@graph\":[{\"@type\":\"WebPage\",\"@id\":\"https:\\\/\\\/www.tstcables.com\\\/vi\\\/product\\\/cap-nhay-van-chuyen-duong-sat\\\/\",\"url\":\"https:\\\/\\\/www.tstcables.com\\\/vi\\\/product\\\/cap-nhay-van-chuyen-duong-sat\\\/\",\"name\":\"C\u00e1p nh\u1ea3y v\u1eadn chuy\u1ec3n \u0111\u01b0\u1eddng s\u1eaft\",\"isPartOf\":{\"@id\":\"https:\\\/\\\/www.tstcables.com\\\/vi\\\/#website\"},\"primaryImageOfPage\":{\"@id\":\"https:\\\/\\\/www.tstcables.com\\\/vi\\\/product\\\/cap-nhay-van-chuyen-duong-sat\\\/#primaryimage\"},\"image\":{\"@id\":\"https:\\\/\\\/www.tstcables.com\\\/vi\\\/product\\\/cap-nhay-van-chuyen-duong-sat\\\/#primaryimage\"},\"thumbnailUrl\":\"https:\\\/\\\/www.tstcables.com\\\/wp-content\\\/uploads\\\/2024\\\/03\\\/image_vehiclejumpercable.png\",\"datePublished\":\"2024-04-11T08:19:47+00:00\",\"description\":\"C\u00e1p nh\u1ea3y v\u1eadn chuy\u1ec3n \u0111\u01b0\u1eddng s\u1eaft c\u00f3 kh\u1ea3 n\u0103ng ch\u1ed1ng ch\u00e1y, \u00edt kh\u00f3i v\u00e0 kh\u00f4ng ch\u1ee9a halogen\",\"breadcrumb\":{\"@id\":\"https:\\\/\\\/www.tstcables.com\\\/vi\\\/product\\\/cap-nhay-van-chuyen-duong-sat\\\/#breadcrumb\"},\"inLanguage\":\"vi-VN\",\"potentialAction\":[{\"@type\":\"ReadAction\",\"target\":[\"https:\\\/\\\/www.tstcables.com\\\/vi\\\/product\\\/cap-nhay-van-chuyen-duong-sat\\\/\"]}]},{\"@type\":\"ImageObject\",\"inLanguage\":\"vi-VN\",\"@id\":\"https:\\\/\\\/www.tstcables.com\\\/vi\\\/product\\\/cap-nhay-van-chuyen-duong-sat\\\/#primaryimage\",\"url\":\"https:\\\/\\\/www.tstcables.com\\\/wp-content\\\/uploads\\\/2024\\\/03\\\/image_vehiclejumpercable.png\",\"contentUrl\":\"https:\\\/\\\/www.tstcables.com\\\/wp-content\\\/uploads\\\/2024\\\/03\\\/image_vehiclejumpercable.png\",\"width\":900,\"height\":900,\"caption\":\"Vehicle jumper cable\"},{\"@type\":\"BreadcrumbList\",\"@id\":\"https:\\\/\\\/www.tstcables.com\\\/vi\\\/product\\\/cap-nhay-van-chuyen-duong-sat\\\/#breadcrumb\",\"itemListElement\":[{\"@type\":\"ListItem\",\"position\":1,\"name\":\"\u9996\u9875\",\"item\":\"https:\\\/\\\/www.tstcables.com\\\/vi\\\/\"},{\"@type\":\"ListItem\",\"position\":2,\"name\":\"Product\",\"item\":\"https:\\\/\\\/www.tstcables.com\\\/product\\\/\"},{\"@type\":\"ListItem\",\"position\":3,\"name\":\"C\u00e1p nh\u1ea3y v\u1eadn chuy\u1ec3n \u0111\u01b0\u1eddng s\u1eaft\"}]},{\"@type\":\"WebSite\",\"@id\":\"https:\\\/\\\/www.tstcables.com\\\/vi\\\/#website\",\"url\":\"https:\\\/\\\/www.tstcables.com\\\/vi\\\/\",\"name\":\"TST Cable supplier & Manufacture\",\"description\":\"TST CABLES  supplier &amp; Manufacture official website\",\"publisher\":{\"@id\":\"https:\\\/\\\/www.tstcables.com\\\/vi\\\/#organization\"},\"potentialAction\":[{\"@type\":\"SearchAction\",\"target\":{\"@type\":\"EntryPoint\",\"urlTemplate\":\"https:\\\/\\\/www.tstcables.com\\\/vi\\\/?s={search_term_string}\"},\"query-input\":{\"@type\":\"PropertyValueSpecification\",\"valueRequired\":true,\"valueName\":\"search_term_string\"}}],\"inLanguage\":\"vi-VN\"},{\"@type\":\"Organization\",\"@id\":\"https:\\\/\\\/www.tstcables.com\\\/vi\\\/#organization\",\"name\":\"TST Cable supplier & Manufacture\",\"url\":\"https:\\\/\\\/www.tstcables.com\\\/vi\\\/\",\"logo\":{\"@type\":\"ImageObject\",\"inLanguage\":\"vi-VN\",\"@id\":\"https:\\\/\\\/www.tstcables.com\\\/vi\\\/#\\\/schema\\\/logo\\\/image\\\/\",\"url\":\"https:\\\/\\\/www.tstcables.com\\\/wp-content\\\/uploads\\\/2024\\\/04\\\/cropped-\u753b\u677f-1-\u62f7\u8d1d-4-1.png\",\"contentUrl\":\"https:\\\/\\\/www.tstcables.com\\\/wp-content\\\/uploads\\\/2024\\\/04\\\/cropped-\u753b\u677f-1-\u62f7\u8d1d-4-1.png\",\"width\":300,\"height\":100,\"caption\":\"TST Cable supplier & Manufacture\"},\"image\":{\"@id\":\"https:\\\/\\\/www.tstcables.com\\\/vi\\\/#\\\/schema\\\/logo\\\/image\\\/\"}}]}<\/script>\n<!-- \/ Yoast SEO plugin. -->","yoast_head_json":{"title":"C\u00e1p nh\u1ea3y v\u1eadn chuy\u1ec3n \u0111\u01b0\u1eddng s\u1eaft","description":"C\u00e1p nh\u1ea3y v\u1eadn chuy\u1ec3n \u0111\u01b0\u1eddng s\u1eaft c\u00f3 kh\u1ea3 n\u0103ng ch\u1ed1ng ch\u00e1y, \u00edt kh\u00f3i v\u00e0 kh\u00f4ng ch\u1ee9a halogen","robots":{"index":"index","follow":"follow","max-snippet":"max-snippet:-1","max-image-preview":"max-image-preview:large","max-video-preview":"max-video-preview:-1"},"canonical":"https:\/\/www.tstcables.com\/vi\/product\/cap-nhay-van-chuyen-duong-sat\/","og_locale":"vi_VN","og_type":"article","og_title":"C\u00e1p nh\u1ea3y v\u1eadn chuy\u1ec3n \u0111\u01b0\u1eddng s\u1eaft","og_description":"C\u00e1p nh\u1ea3y v\u1eadn chuy\u1ec3n \u0111\u01b0\u1eddng s\u1eaft c\u00f3 kh\u1ea3 n\u0103ng ch\u1ed1ng ch\u00e1y, \u00edt kh\u00f3i v\u00e0 kh\u00f4ng ch\u1ee9a halogen","og_url":"https:\/\/www.tstcables.com\/vi\/product\/cap-nhay-van-chuyen-duong-sat\/","og_site_name":"TST CABLES supplier &amp; Manufacture","og_image":[{"width":900,"height":900,"url":"https:\/\/www.tstcables.com\/wp-content\/uploads\/2024\/03\/image_vehiclejumpercable.png","type":"image\/png"}],"twitter_card":"summary_large_image","twitter_misc":{"Est. reading time":"1 minute"},"schema":{"@context":"https:\/\/schema.org","@graph":[{"@type":"WebPage","@id":"https:\/\/www.tstcables.com\/vi\/product\/cap-nhay-van-chuyen-duong-sat\/","url":"https:\/\/www.tstcables.com\/vi\/product\/cap-nhay-van-chuyen-duong-sat\/","name":"C\u00e1p nh\u1ea3y v\u1eadn chuy\u1ec3n \u0111\u01b0\u1eddng s\u1eaft","isPartOf":{"@id":"https:\/\/www.tstcables.com\/vi\/#website"},"primaryImageOfPage":{"@id":"https:\/\/www.tstcables.com\/vi\/product\/cap-nhay-van-chuyen-duong-sat\/#primaryimage"},"image":{"@id":"https:\/\/www.tstcables.com\/vi\/product\/cap-nhay-van-chuyen-duong-sat\/#primaryimage"},"thumbnailUrl":"https:\/\/www.tstcables.com\/wp-content\/uploads\/2024\/03\/image_vehiclejumpercable.png","datePublished":"2024-04-11T08:19:47+00:00","description":"C\u00e1p nh\u1ea3y v\u1eadn chuy\u1ec3n \u0111\u01b0\u1eddng s\u1eaft c\u00f3 kh\u1ea3 n\u0103ng ch\u1ed1ng ch\u00e1y, \u00edt kh\u00f3i v\u00e0 kh\u00f4ng ch\u1ee9a halogen","breadcrumb":{"@id":"https:\/\/www.tstcables.com\/vi\/product\/cap-nhay-van-chuyen-duong-sat\/#breadcrumb"},"inLanguage":"vi-VN","potentialAction":[{"@type":"ReadAction","target":["https:\/\/www.tstcables.com\/vi\/product\/cap-nhay-van-chuyen-duong-sat\/"]}]},{"@type":"ImageObject","inLanguage":"vi-VN","@id":"https:\/\/www.tstcables.com\/vi\/product\/cap-nhay-van-chuyen-duong-sat\/#primaryimage","url":"https:\/\/www.tstcables.com\/wp-content\/uploads\/2024\/03\/image_vehiclejumpercable.png","contentUrl":"https:\/\/www.tstcables.com\/wp-content\/uploads\/2024\/03\/image_vehiclejumpercable.png","width":900,"height":900,"caption":"Vehicle jumper cable"},{"@type":"BreadcrumbList","@id":"https:\/\/www.tstcables.com\/vi\/product\/cap-nhay-van-chuyen-duong-sat\/#breadcrumb","itemListElement":[{"@type":"ListItem","position":1,"name":"\u9996\u9875","item":"https:\/\/www.tstcables.com\/vi\/"},{"@type":"ListItem","position":2,"name":"Product","item":"https:\/\/www.tstcables.com\/product\/"},{"@type":"ListItem","position":3,"name":"C\u00e1p nh\u1ea3y v\u1eadn chuy\u1ec3n \u0111\u01b0\u1eddng s\u1eaft"}]},{"@type":"WebSite","@id":"https:\/\/www.tstcables.com\/vi\/#website","url":"https:\/\/www.tstcables.com\/vi\/","name":"TST Cable supplier & Manufacture","description":"TST CABLES  supplier &amp; Manufacture official website","publisher":{"@id":"https:\/\/www.tstcables.com\/vi\/#organization"},"potentialAction":[{"@type":"SearchAction","target":{"@type":"EntryPoint","urlTemplate":"https:\/\/www.tstcables.com\/vi\/?s={search_term_string}"},"query-input":{"@type":"PropertyValueSpecification","valueRequired":true,"valueName":"search_term_string"}}],"inLanguage":"vi-VN"},{"@type":"Organization","@id":"https:\/\/www.tstcables.com\/vi\/#organization","name":"TST Cable supplier & Manufacture","url":"https:\/\/www.tstcables.com\/vi\/","logo":{"@type":"ImageObject","inLanguage":"vi-VN","@id":"https:\/\/www.tstcables.com\/vi\/#\/schema\/logo\/image\/","url":"https:\/\/www.tstcables.com\/wp-content\/uploads\/2024\/04\/cropped-\u753b\u677f-1-\u62f7\u8d1d-4-1.png","contentUrl":"https:\/\/www.tstcables.com\/wp-content\/uploads\/2024\/04\/cropped-\u753b\u677f-1-\u62f7\u8d1d-4-1.png","width":300,"height":100,"caption":"TST Cable supplier & Manufacture"},"image":{"@id":"https:\/\/www.tstcables.com\/vi\/#\/schema\/logo\/image\/"}}]}},"_links":{"self":[{"href":"https:\/\/www.tstcables.com\/vi\/wp-json\/wp\/v2\/product\/21031","targetHints":{"allow":["GET"]}}],"collection":[{"href":"https:\/\/www.tstcables.com\/vi\/wp-json\/wp\/v2\/product"}],"about":[{"href":"https:\/\/www.tstcables.com\/vi\/wp-json\/wp\/v2\/types\/product"}],"version-history":[{"count":0,"href":"https:\/\/www.tstcables.com\/vi\/wp-json\/wp\/v2\/product\/21031\/revisions"}],"wp:featuredmedia":[{"embeddable":true,"href":"https:\/\/www.tstcables.com\/vi\/wp-json\/wp\/v2\/media\/9352"}],"wp:attachment":[{"href":"https:\/\/www.tstcables.com\/vi\/wp-json\/wp\/v2\/media?parent=21031"}],"wp:term":[{"taxonomy":"product_brand","embeddable":true,"href":"https:\/\/www.tstcables.com\/vi\/wp-json\/wp\/v2\/product_brand?post=21031"},{"taxonomy":"product_cat","embeddable":true,"href":"https:\/\/www.tstcables.com\/vi\/wp-json\/wp\/v2\/product_cat?post=21031"},{"taxonomy":"product_tag","embeddable":true,"href":"https:\/\/www.tstcables.com\/vi\/wp-json\/wp\/v2\/product_tag?post=21031"}],"curies":[{"name":"wp","href":"https:\/\/api.w.org\/{rel}","templated":true}]}}