{"id":21032,"date":"2024-04-11T16:27:31","date_gmt":"2024-04-11T08:27:31","guid":{"rendered":"https:\/\/www.tstcables.com\/product\/cap-cam-bien-phia-sau-xe\/"},"modified":"2024-04-11T16:27:31","modified_gmt":"2024-04-11T08:27:31","slug":"cap-cam-bien-phia-sau-xe","status":"publish","type":"product","link":"https:\/\/www.tstcables.com\/vi\/product\/cap-cam-bien-phia-sau-xe\/","title":{"rendered":"C\u00e1p c\u1ea3m bi\u1ebfn ph\u00eda sau xe"},"content":{"rendered":"<p>\u1ee8ng d\u1ee5ng:<\/p>\n<p>C\u1ea3m bi\u1ebfn ph\u00eda sau xe<\/p>\n<p>\u0110\u1eb7c \u0111i\u1ec3m:<\/p>\n<ul>\n<li>Ch\u1ecbu nhi\u1ec7t \u0111\u1ed9: -40\u00b0C \u0111\u1ebfn 125\u00b0C<\/li>\n<li>\u0110\u1ecbnh m\u1ee9c \u0111i\u1ec7n \u00e1p: 750V (\u0110i\u1ec7n \u00e1p th\u1eed nghi\u1ec7m: 3500V\/5 ph\u00fat)<\/li>\n<li>\u0110\u1ed9 b\u1ec1n c\u00e1ch nhi\u1ec7t: 12Mpa&gt;<\/li>\n<li>B\u00e1n k\u00ednh u\u1ed1n c\u00e1p: 6 l\u1ea7n \u0111\u01b0\u1eddng k\u00ednh ngo\u00e0i (6D)<\/li>\n<\/ul>\n<p>Ti\u00eau chu\u1ea9n c\u00f4ng nghi\u1ec7p:<\/p>\n<ul>\n<li>EN45545-2<\/li>\n<\/ul>\n<p>K\u1ebft c\u1ea5u:<\/p>\n<ul>\n<li>D\u00e2y d\u1eabn: D\u00e2y d\u1eabn b\u1eb1ng \u0111\u1ed3ng m\u1ea1 b\u1ea1c, c\u1ea5u tr\u00fac 5 l\u1edbp ho\u1eb7c 6 l\u1edbp.<\/li>\n<li>Ch\u1ea5t c\u00e1ch \u0111i\u1ec7n: ch\u1ea5t \u0111\u1ed3ng tr\u00f9ng h\u1ee3p kh\u00f4ng ch\u1ee9a halogen.<\/li>\n<li>Che ch\u1eafn: B\u1ec7n \u0111\u1ed3ng m\u1ea1 thi\u1ebfc.<\/li>\n<\/ul>\n<p>Tham s\u1ed1 l\u1ef1a ch\u1ecdn<\/p>\n<table class=\"tg\">\n<thead>\n<tr>\n<th class=\"tg-949j\" rowspan=\"2\">S\u1ed1 l\u00f5i * ti\u1ebft di\u1ec7n danh ngh\u0129a\/mm2<\/th>\n<th class=\"tg-7fn2\" rowspan=\"2\">\u0110\u1ed9 d\u00e0y c\u00e1ch nhi\u1ec7t\/mm<\/th>\n<th class=\"tg-7fn2\" rowspan=\"2\">\u0110\u01b0\u1eddng k\u00ednh ngo\u00e0i c\u00e1ch nhi\u1ec7t\/mm<\/th>\n<th class=\"tg-7fn2\" colspan=\"2\">\u0110\u1ed9 d\u00e0y v\u1ecf b\u1ecdc\/mm<\/th>\n<\/tr>\n<tr>\n<th class=\"tg-qfl9\">0.5<\/th>\n<th class=\"tg-1771\">4.8\u00b10.2mm<\/th>\n<\/tr>\n<\/thead>\n<tbody>\n<tr>\n<td class=\"tg-1771\">6X0.5<\/td>\n<td class=\"tg-ywbj\">0.25\u00b10.05<\/td>\n<td class=\"tg-1771\">1.4\u00b10.1<\/td>\n<td class=\"tg-ybkv\">0.5<\/td>\n<td class=\"tg-ywbj\">5.8\u00b10.2mm<\/td>\n<\/tr>\n<tr>\n<td class=\"tg-1771\">8X0.5<\/td>\n<td class=\"tg-ywbj\">0.25\u00b10.05<\/td>\n<td class=\"tg-1771\">1.4\u00b10.1<\/td>\n<td class=\"tg-ybkv\">1<\/td>\n<td class=\"tg-ywbj\">7.2\u00b10.2mm<\/td>\n<\/tr>\n<tr>\n<td class=\"tg-1771\">6X0.75<\/td>\n<td class=\"tg-ywbj\">0.25\u00b10.05<\/td>\n<td class=\"tg-1771\">1.4\u00b10.1<\/td>\n<td class=\"tg-ybkv\">1<\/td>\n<td class=\"tg-ywbj\">7.4\u00b10.2mm<\/td>\n<\/tr>\n<tr>\n<td class=\"tg-1771\">7X0.75<\/td>\n<td class=\"tg-ywbj\">0.25\u00b10.05<\/td>\n<td class=\"tg-1771\">1.4\u00b10.1<\/td>\n<td class=\"tg-ybkv\">1<\/td>\n<td class=\"tg-ywbj\">7.4\u00b10.2mm<\/td>\n<\/tr>\n<tr>\n<td class=\"tg-1771\">8X0.75<\/td>\n<td class=\"tg-ywbj\">0.25\u00b10.05<\/td>\n<td class=\"tg-1771\">1.4\u00b10.1<\/td>\n<td class=\"tg-ybkv\">1<\/td>\n<td class=\"tg-ywbj\">8.0\u00b10.2mm<\/td>\n<\/tr>\n<\/tbody>\n<\/table>\n","protected":false},"excerpt":{"rendered":"<p>C\u00e1p c\u1ea3m bi\u1ebfn ph\u00eda sau xe c\u00f3 kh\u1ea3 n\u0103ng c\u00e1ch \u0111i\u1ec7n t\u1ed1t, ch\u1ecbu nhi\u1ec7t \u0111\u1ed9 cao, u\u1ed1n cong m\u00e0 kh\u00f4ng b\u1ecb bi\u1ebfn d\u1ea1ng, l\u00e0 b\u1ed9 ph\u1eadn quan tr\u1ecdng c\u1ee7a c\u00e1c lo\u1ea1i xe hi\u1ec7n \u0111\u1ea1i<\/p>\n","protected":false},"featured_media":12792,"template":"","meta":{"_eb_attr":"","site-sidebar-layout":"default","site-content-layout":"","ast-site-content-layout":"default","site-content-style":"default","site-sidebar-style":"default","ast-global-header-display":"","ast-banner-title-visibility":"","ast-main-header-display":"","ast-hfb-above-header-display":"","ast-hfb-below-header-display":"","ast-hfb-mobile-header-display":"","site-post-title":"","ast-breadcrumbs-content":"","ast-featured-img":"","footer-sml-layout":"","theme-transparent-header-meta":"default","adv-header-id-meta":"","stick-header-meta":"","header-above-stick-meta":"","header-main-stick-meta":"","header-below-stick-meta":"","astra-migrate-meta-layouts":"default","ast-page-background-enabled":"default","ast-page-background-meta":{"desktop":{"background-color":"","background-image":"","background-repeat":"repeat","background-position":"center center","background-size":"auto","background-attachment":"scroll","background-type":"","background-media":"","overlay-type":"","overlay-color":"","overlay-opacity":"","overlay-gradient":""},"tablet":{"background-color":"","background-image":"","background-repeat":"repeat","background-position":"center center","background-size":"auto","background-attachment":"scroll","background-type":"","background-media":"","overlay-type":"","overlay-color":"","overlay-opacity":"","overlay-gradient":""},"mobile":{"background-color":"","background-image":"","background-repeat":"repeat","background-position":"center center","background-size":"auto","background-attachment":"scroll","background-type":"","background-media":"","overlay-type":"","overlay-color":"","overlay-opacity":"","overlay-gradient":""}},"ast-content-background-meta":{"desktop":{"background-color":"var(--ast-global-color-5)","background-image":"","background-repeat":"repeat","background-position":"center center","background-size":"auto","background-attachment":"scroll","background-type":"","background-media":"","overlay-type":"","overlay-color":"","overlay-opacity":"","overlay-gradient":""},"tablet":{"background-color":"var(--ast-global-color-5)","background-image":"","background-repeat":"repeat","background-position":"center center","background-size":"auto","background-attachment":"scroll","background-type":"","background-media":"","overlay-type":"","overlay-color":"","overlay-opacity":"","overlay-gradient":""},"mobile":{"background-color":"var(--ast-global-color-5)","background-image":"","background-repeat":"repeat","background-position":"center center","background-size":"auto","background-attachment":"scroll","background-type":"","background-media":"","overlay-type":"","overlay-color":"","overlay-opacity":"","overlay-gradient":""}}},"product_brand":[],"product_cat":[842],"product_tag":[1970,1971,1968,1969],"class_list":{"0":"post-21032","1":"product","2":"type-product","3":"status-publish","4":"has-post-thumbnail","6":"product_cat-rail-way-vi","7":"product_tag-cap-cam-bien-gia-toc","8":"product_tag-cap-cam-bien-giai-quyet","9":"product_tag-cap-cam-bien-rung","10":"product_tag-cap-cam-bien-van-toc","11":"desktop-align-center","12":"tablet-align-left","13":"mobile-align-left","15":"first","16":"instock","17":"shipping-taxable","18":"product-type-simple"},"yoast_head":"<!-- This site is optimized with the Yoast SEO plugin v27.5 - https:\/\/yoast.com\/product\/yoast-seo-wordpress\/ -->\n<title>C\u00e1p c\u1ea3m bi\u1ebfn ph\u00eda sau xe<\/title>\n<meta name=\"description\" content=\"C\u00e1p c\u1ea3m bi\u1ebfn ph\u00eda sau xe c\u00f3 kh\u1ea3 n\u0103ng c\u00e1ch \u0111i\u1ec7n t\u1ed1t, ch\u1ecbu nhi\u1ec7t \u0111\u1ed9 cao, u\u1ed1n cong m\u00e0 kh\u00f4ng b\u1ecb bi\u1ebfn d\u1ea1ng, l\u00e0 b\u1ed9 ph\u1eadn quan tr\u1ecdng c\u1ee7a c\u00e1c lo\u1ea1i xe hi\u1ec7n \u0111\u1ea1i\" \/>\n<meta name=\"robots\" content=\"index, follow, max-snippet:-1, max-image-preview:large, max-video-preview:-1\" \/>\n<link rel=\"canonical\" href=\"https:\/\/www.tstcables.com\/vi\/product\/cap-cam-bien-phia-sau-xe\/\" \/>\n<meta property=\"og:locale\" content=\"vi_VN\" \/>\n<meta property=\"og:type\" content=\"article\" \/>\n<meta property=\"og:title\" content=\"C\u00e1p c\u1ea3m bi\u1ebfn ph\u00eda sau xe\" \/>\n<meta property=\"og:description\" content=\"C\u00e1p c\u1ea3m bi\u1ebfn ph\u00eda sau xe c\u00f3 kh\u1ea3 n\u0103ng c\u00e1ch \u0111i\u1ec7n t\u1ed1t, ch\u1ecbu nhi\u1ec7t \u0111\u1ed9 cao, u\u1ed1n cong m\u00e0 kh\u00f4ng b\u1ecb bi\u1ebfn d\u1ea1ng, l\u00e0 b\u1ed9 ph\u1eadn quan tr\u1ecdng c\u1ee7a c\u00e1c lo\u1ea1i xe hi\u1ec7n \u0111\u1ea1i\" \/>\n<meta property=\"og:url\" content=\"https:\/\/www.tstcables.com\/vi\/product\/cap-cam-bien-phia-sau-xe\/\" \/>\n<meta property=\"og:site_name\" content=\"TST CABLES supplier &amp; Manufacture\" \/>\n<meta property=\"og:image\" content=\"https:\/\/www.tstcables.com\/wp-content\/uploads\/2024\/03\/1-2.webp\" \/>\n\t<meta property=\"og:image:width\" content=\"640\" \/>\n\t<meta property=\"og:image:height\" content=\"640\" \/>\n\t<meta property=\"og:image:type\" content=\"image\/webp\" \/>\n<meta name=\"twitter:card\" content=\"summary_large_image\" \/>\n<meta name=\"twitter:label1\" content=\"Est. reading time\" \/>\n\t<meta name=\"twitter:data1\" content=\"1 minute\" \/>\n<script type=\"application\/ld+json\" class=\"yoast-schema-graph\">{\"@context\":\"https:\\\/\\\/schema.org\",\"@graph\":[{\"@type\":\"WebPage\",\"@id\":\"https:\\\/\\\/www.tstcables.com\\\/vi\\\/product\\\/cap-cam-bien-phia-sau-xe\\\/\",\"url\":\"https:\\\/\\\/www.tstcables.com\\\/vi\\\/product\\\/cap-cam-bien-phia-sau-xe\\\/\",\"name\":\"C\u00e1p c\u1ea3m bi\u1ebfn ph\u00eda sau xe\",\"isPartOf\":{\"@id\":\"https:\\\/\\\/www.tstcables.com\\\/vi\\\/#website\"},\"primaryImageOfPage\":{\"@id\":\"https:\\\/\\\/www.tstcables.com\\\/vi\\\/product\\\/cap-cam-bien-phia-sau-xe\\\/#primaryimage\"},\"image\":{\"@id\":\"https:\\\/\\\/www.tstcables.com\\\/vi\\\/product\\\/cap-cam-bien-phia-sau-xe\\\/#primaryimage\"},\"thumbnailUrl\":\"https:\\\/\\\/www.tstcables.com\\\/wp-content\\\/uploads\\\/2024\\\/03\\\/1-2.webp\",\"datePublished\":\"2024-04-11T08:27:31+00:00\",\"description\":\"C\u00e1p c\u1ea3m bi\u1ebfn ph\u00eda sau xe c\u00f3 kh\u1ea3 n\u0103ng c\u00e1ch \u0111i\u1ec7n t\u1ed1t, ch\u1ecbu nhi\u1ec7t \u0111\u1ed9 cao, u\u1ed1n cong m\u00e0 kh\u00f4ng b\u1ecb bi\u1ebfn d\u1ea1ng, l\u00e0 b\u1ed9 ph\u1eadn quan tr\u1ecdng c\u1ee7a c\u00e1c lo\u1ea1i xe hi\u1ec7n \u0111\u1ea1i\",\"breadcrumb\":{\"@id\":\"https:\\\/\\\/www.tstcables.com\\\/vi\\\/product\\\/cap-cam-bien-phia-sau-xe\\\/#breadcrumb\"},\"inLanguage\":\"vi-VN\",\"potentialAction\":[{\"@type\":\"ReadAction\",\"target\":[\"https:\\\/\\\/www.tstcables.com\\\/vi\\\/product\\\/cap-cam-bien-phia-sau-xe\\\/\"]}]},{\"@type\":\"ImageObject\",\"inLanguage\":\"vi-VN\",\"@id\":\"https:\\\/\\\/www.tstcables.com\\\/vi\\\/product\\\/cap-cam-bien-phia-sau-xe\\\/#primaryimage\",\"url\":\"https:\\\/\\\/www.tstcables.com\\\/wp-content\\\/uploads\\\/2024\\\/03\\\/1-2.webp\",\"contentUrl\":\"https:\\\/\\\/www.tstcables.com\\\/wp-content\\\/uploads\\\/2024\\\/03\\\/1-2.webp\",\"width\":640,\"height\":640,\"caption\":\"CAT7 cable (Category 7 network cable) EN50264 fire-resistant wire &cableEN50264 fire-resistant wire &cable\"},{\"@type\":\"BreadcrumbList\",\"@id\":\"https:\\\/\\\/www.tstcables.com\\\/vi\\\/product\\\/cap-cam-bien-phia-sau-xe\\\/#breadcrumb\",\"itemListElement\":[{\"@type\":\"ListItem\",\"position\":1,\"name\":\"\u9996\u9875\",\"item\":\"https:\\\/\\\/www.tstcables.com\\\/vi\\\/\"},{\"@type\":\"ListItem\",\"position\":2,\"name\":\"Product\",\"item\":\"https:\\\/\\\/www.tstcables.com\\\/product\\\/\"},{\"@type\":\"ListItem\",\"position\":3,\"name\":\"C\u00e1p c\u1ea3m bi\u1ebfn ph\u00eda sau xe\"}]},{\"@type\":\"WebSite\",\"@id\":\"https:\\\/\\\/www.tstcables.com\\\/vi\\\/#website\",\"url\":\"https:\\\/\\\/www.tstcables.com\\\/vi\\\/\",\"name\":\"TST Cable supplier & Manufacture\",\"description\":\"TST CABLES  supplier &amp; Manufacture official website\",\"publisher\":{\"@id\":\"https:\\\/\\\/www.tstcables.com\\\/vi\\\/#organization\"},\"potentialAction\":[{\"@type\":\"SearchAction\",\"target\":{\"@type\":\"EntryPoint\",\"urlTemplate\":\"https:\\\/\\\/www.tstcables.com\\\/vi\\\/?s={search_term_string}\"},\"query-input\":{\"@type\":\"PropertyValueSpecification\",\"valueRequired\":true,\"valueName\":\"search_term_string\"}}],\"inLanguage\":\"vi-VN\"},{\"@type\":\"Organization\",\"@id\":\"https:\\\/\\\/www.tstcables.com\\\/vi\\\/#organization\",\"name\":\"TST Cable supplier & Manufacture\",\"url\":\"https:\\\/\\\/www.tstcables.com\\\/vi\\\/\",\"logo\":{\"@type\":\"ImageObject\",\"inLanguage\":\"vi-VN\",\"@id\":\"https:\\\/\\\/www.tstcables.com\\\/vi\\\/#\\\/schema\\\/logo\\\/image\\\/\",\"url\":\"https:\\\/\\\/www.tstcables.com\\\/wp-content\\\/uploads\\\/2024\\\/04\\\/cropped-\u753b\u677f-1-\u62f7\u8d1d-4-1.png\",\"contentUrl\":\"https:\\\/\\\/www.tstcables.com\\\/wp-content\\\/uploads\\\/2024\\\/04\\\/cropped-\u753b\u677f-1-\u62f7\u8d1d-4-1.png\",\"width\":300,\"height\":100,\"caption\":\"TST Cable supplier & Manufacture\"},\"image\":{\"@id\":\"https:\\\/\\\/www.tstcables.com\\\/vi\\\/#\\\/schema\\\/logo\\\/image\\\/\"}}]}<\/script>\n<!-- \/ Yoast SEO plugin. -->","yoast_head_json":{"title":"C\u00e1p c\u1ea3m bi\u1ebfn ph\u00eda sau xe","description":"C\u00e1p c\u1ea3m bi\u1ebfn ph\u00eda sau xe c\u00f3 kh\u1ea3 n\u0103ng c\u00e1ch \u0111i\u1ec7n t\u1ed1t, ch\u1ecbu nhi\u1ec7t \u0111\u1ed9 cao, u\u1ed1n cong m\u00e0 kh\u00f4ng b\u1ecb bi\u1ebfn d\u1ea1ng, l\u00e0 b\u1ed9 ph\u1eadn quan tr\u1ecdng c\u1ee7a c\u00e1c lo\u1ea1i xe hi\u1ec7n \u0111\u1ea1i","robots":{"index":"index","follow":"follow","max-snippet":"max-snippet:-1","max-image-preview":"max-image-preview:large","max-video-preview":"max-video-preview:-1"},"canonical":"https:\/\/www.tstcables.com\/vi\/product\/cap-cam-bien-phia-sau-xe\/","og_locale":"vi_VN","og_type":"article","og_title":"C\u00e1p c\u1ea3m bi\u1ebfn ph\u00eda sau xe","og_description":"C\u00e1p c\u1ea3m bi\u1ebfn ph\u00eda sau xe c\u00f3 kh\u1ea3 n\u0103ng c\u00e1ch \u0111i\u1ec7n t\u1ed1t, ch\u1ecbu nhi\u1ec7t \u0111\u1ed9 cao, u\u1ed1n cong m\u00e0 kh\u00f4ng b\u1ecb bi\u1ebfn d\u1ea1ng, l\u00e0 b\u1ed9 ph\u1eadn quan tr\u1ecdng c\u1ee7a c\u00e1c lo\u1ea1i xe hi\u1ec7n \u0111\u1ea1i","og_url":"https:\/\/www.tstcables.com\/vi\/product\/cap-cam-bien-phia-sau-xe\/","og_site_name":"TST CABLES supplier &amp; Manufacture","og_image":[{"width":640,"height":640,"url":"https:\/\/www.tstcables.com\/wp-content\/uploads\/2024\/03\/1-2.webp","type":"image\/webp"}],"twitter_card":"summary_large_image","twitter_misc":{"Est. reading time":"1 minute"},"schema":{"@context":"https:\/\/schema.org","@graph":[{"@type":"WebPage","@id":"https:\/\/www.tstcables.com\/vi\/product\/cap-cam-bien-phia-sau-xe\/","url":"https:\/\/www.tstcables.com\/vi\/product\/cap-cam-bien-phia-sau-xe\/","name":"C\u00e1p c\u1ea3m bi\u1ebfn ph\u00eda sau xe","isPartOf":{"@id":"https:\/\/www.tstcables.com\/vi\/#website"},"primaryImageOfPage":{"@id":"https:\/\/www.tstcables.com\/vi\/product\/cap-cam-bien-phia-sau-xe\/#primaryimage"},"image":{"@id":"https:\/\/www.tstcables.com\/vi\/product\/cap-cam-bien-phia-sau-xe\/#primaryimage"},"thumbnailUrl":"https:\/\/www.tstcables.com\/wp-content\/uploads\/2024\/03\/1-2.webp","datePublished":"2024-04-11T08:27:31+00:00","description":"C\u00e1p c\u1ea3m bi\u1ebfn ph\u00eda sau xe c\u00f3 kh\u1ea3 n\u0103ng c\u00e1ch \u0111i\u1ec7n t\u1ed1t, ch\u1ecbu nhi\u1ec7t \u0111\u1ed9 cao, u\u1ed1n cong m\u00e0 kh\u00f4ng b\u1ecb bi\u1ebfn d\u1ea1ng, l\u00e0 b\u1ed9 ph\u1eadn quan tr\u1ecdng c\u1ee7a c\u00e1c lo\u1ea1i xe hi\u1ec7n \u0111\u1ea1i","breadcrumb":{"@id":"https:\/\/www.tstcables.com\/vi\/product\/cap-cam-bien-phia-sau-xe\/#breadcrumb"},"inLanguage":"vi-VN","potentialAction":[{"@type":"ReadAction","target":["https:\/\/www.tstcables.com\/vi\/product\/cap-cam-bien-phia-sau-xe\/"]}]},{"@type":"ImageObject","inLanguage":"vi-VN","@id":"https:\/\/www.tstcables.com\/vi\/product\/cap-cam-bien-phia-sau-xe\/#primaryimage","url":"https:\/\/www.tstcables.com\/wp-content\/uploads\/2024\/03\/1-2.webp","contentUrl":"https:\/\/www.tstcables.com\/wp-content\/uploads\/2024\/03\/1-2.webp","width":640,"height":640,"caption":"CAT7 cable (Category 7 network cable) EN50264 fire-resistant wire &cableEN50264 fire-resistant wire &cable"},{"@type":"BreadcrumbList","@id":"https:\/\/www.tstcables.com\/vi\/product\/cap-cam-bien-phia-sau-xe\/#breadcrumb","itemListElement":[{"@type":"ListItem","position":1,"name":"\u9996\u9875","item":"https:\/\/www.tstcables.com\/vi\/"},{"@type":"ListItem","position":2,"name":"Product","item":"https:\/\/www.tstcables.com\/product\/"},{"@type":"ListItem","position":3,"name":"C\u00e1p c\u1ea3m bi\u1ebfn ph\u00eda sau xe"}]},{"@type":"WebSite","@id":"https:\/\/www.tstcables.com\/vi\/#website","url":"https:\/\/www.tstcables.com\/vi\/","name":"TST Cable supplier & Manufacture","description":"TST CABLES  supplier &amp; Manufacture official website","publisher":{"@id":"https:\/\/www.tstcables.com\/vi\/#organization"},"potentialAction":[{"@type":"SearchAction","target":{"@type":"EntryPoint","urlTemplate":"https:\/\/www.tstcables.com\/vi\/?s={search_term_string}"},"query-input":{"@type":"PropertyValueSpecification","valueRequired":true,"valueName":"search_term_string"}}],"inLanguage":"vi-VN"},{"@type":"Organization","@id":"https:\/\/www.tstcables.com\/vi\/#organization","name":"TST Cable supplier & Manufacture","url":"https:\/\/www.tstcables.com\/vi\/","logo":{"@type":"ImageObject","inLanguage":"vi-VN","@id":"https:\/\/www.tstcables.com\/vi\/#\/schema\/logo\/image\/","url":"https:\/\/www.tstcables.com\/wp-content\/uploads\/2024\/04\/cropped-\u753b\u677f-1-\u62f7\u8d1d-4-1.png","contentUrl":"https:\/\/www.tstcables.com\/wp-content\/uploads\/2024\/04\/cropped-\u753b\u677f-1-\u62f7\u8d1d-4-1.png","width":300,"height":100,"caption":"TST Cable supplier & Manufacture"},"image":{"@id":"https:\/\/www.tstcables.com\/vi\/#\/schema\/logo\/image\/"}}]}},"_links":{"self":[{"href":"https:\/\/www.tstcables.com\/vi\/wp-json\/wp\/v2\/product\/21032","targetHints":{"allow":["GET"]}}],"collection":[{"href":"https:\/\/www.tstcables.com\/vi\/wp-json\/wp\/v2\/product"}],"about":[{"href":"https:\/\/www.tstcables.com\/vi\/wp-json\/wp\/v2\/types\/product"}],"version-history":[{"count":0,"href":"https:\/\/www.tstcables.com\/vi\/wp-json\/wp\/v2\/product\/21032\/revisions"}],"wp:featuredmedia":[{"embeddable":true,"href":"https:\/\/www.tstcables.com\/vi\/wp-json\/wp\/v2\/media\/12792"}],"wp:attachment":[{"href":"https:\/\/www.tstcables.com\/vi\/wp-json\/wp\/v2\/media?parent=21032"}],"wp:term":[{"taxonomy":"product_brand","embeddable":true,"href":"https:\/\/www.tstcables.com\/vi\/wp-json\/wp\/v2\/product_brand?post=21032"},{"taxonomy":"product_cat","embeddable":true,"href":"https:\/\/www.tstcables.com\/vi\/wp-json\/wp\/v2\/product_cat?post=21032"},{"taxonomy":"product_tag","embeddable":true,"href":"https:\/\/www.tstcables.com\/vi\/wp-json\/wp\/v2\/product_tag?post=21032"}],"curies":[{"name":"wp","href":"https:\/\/api.w.org\/{rel}","templated":true}]}}