{"id":21034,"date":"2024-04-11T15:56:26","date_gmt":"2024-04-11T07:56:26","guid":{"rendered":"https:\/\/www.tstcables.com\/product\/cap-giam-sat-an-toan-xe\/"},"modified":"2024-04-11T15:56:26","modified_gmt":"2024-04-11T07:56:26","slug":"cap-giam-sat-an-toan-xe","status":"publish","type":"product","link":"https:\/\/www.tstcables.com\/vi\/product\/cap-giam-sat-an-toan-xe\/","title":{"rendered":"C\u00e1p gi\u00e1m s\u00e1t an to\u00e0n xe"},"content":{"rendered":"<p>\u1ee8ng d\u1ee5ng:<\/p>\n<p>H\u1ec7 th\u1ed1ng gi\u00e1m s\u00e1t an to\u00e0n ph\u01b0\u01a1ng ti\u1ec7n<\/p>\n<p>\u0110\u1eb7c \u0111i\u1ec3m:<\/p>\n<ul>\n<li>\u0110i\u1ec7n \u00e1p \u0111\u1ecbnh m\u1ee9c: 300V AC<\/li>\n<li>Ph\u1ea1m vi nhi\u1ec7t \u0111\u1ed9: -40\u00b0C \u0111\u1ebfn 90\u00b0C<\/li>\n<li>B\u00e1n k\u00ednh u\u1ed1n: 6D (D d\u00f9ng \u0111\u1ec3 ch\u1ec9 \u0111\u01b0\u1eddng k\u00ednh ngo\u00e0i c\u1ee7a c\u00e1p)<\/li>\n<li>Tr\u1edf kh\u00e1ng \u0111\u1eb7c tr\u01b0ng: 100\u03a9+15\u03a9 (100 MHz)<\/li>\n<li>\u0110i\u1ec7n \u00e1p c\u00e1ch \u0111i\u1ec7n: DC 1000V\/1 ph\u00fat<\/li>\n<\/ul>\n<p>K\u1ebft c\u1ea5u:<\/p>\n<ul>\n<li>D\u00e2y d\u1eabn t\u00edch h\u1ee3p: \u0111\u1ed3ng \u0111\u00f3ng h\u1ed9p<\/li>\n<li>S\u1ed1 l\u00f5i 8<\/li>\n<li>D\u00e2y b\u1ec7n che ch\u1eafn EMC b\u1eb1ng \u0111\u1ed3ng \u0111\u00f3ng h\u1ed9p (to\u00e0n b\u1ed9)<\/li>\n<li>V\u1ecf b\u1ecdc polyolefin li\u00ean k\u1ebft ngang b\u1ee9c x\u1ea1<\/li>\n<\/ul>\n<p>Tham s\u1ed1 l\u1ef1a ch\u1ecdn<\/p>\n<table class=\"tg\">\n<thead>\n<tr>\n<th class=\"tg-949j\" rowspan=\"2\">Th\u00f4ng s\u1ed1 m\u1eabu<\/th>\n<th class=\"tg-1771\" rowspan=\"2\">\u0110\u01b0\u1eddng k\u00ednh d\u00e2y d\u1eabn (mm)<\/th>\n<th class=\"tg-7fn2\" rowspan=\"2\">\u0110\u01b0\u1eddng k\u00ednh c\u00e1ch nhi\u1ec7t (mm)<\/th>\n<th class=\"tg-7fn2\" colspan=\"2\">\u0110\u01b0\u1eddng k\u00ednh c\u00e1ch nhi\u1ec7t (D)<\/th>\n<\/tr>\n<tr>\n<th class=\"tg-1771\" colspan=\"2\">Min.mm<\/th>\n<\/tr>\n<\/thead>\n<tbody>\n<tr>\n<td class=\"tg-ywbj\">4x2x24A WG<\/td>\n<td class=\"tg-ybkv\">0.6<\/td>\n<td class=\"tg-ybkv\">1.4<\/td>\n<td class=\"tg-ybkv\">7.8<\/td>\n<td class=\"tg-ybkv\">8.5<\/td>\n<\/tr>\n<tr>\n<td class=\"tg-ywbj\">4x2x26A WG<\/td>\n<td class=\"tg-ybkv\">0.48<\/td>\n<td class=\"tg-ybkv\">1<\/td>\n<td class=\"tg-ybkv\">6.6<\/td>\n<td class=\"tg-ybkv\">7.2<\/td>\n<\/tr>\n<\/tbody>\n<\/table>\n","protected":false},"excerpt":{"rendered":"<p>C\u00e1p gi\u00e1m s\u00e1t an to\u00e0n xe c\u00f3 \u0111i\u1ec7n \u00e1p \u0111\u1ecbnh m\u1ee9c 300V, hi\u1ec7u su\u1ea5t c\u00e1ch \u0111i\u1ec7n t\u1ed1t v\u00e0 kh\u1ea3 n\u0103ng ch\u1ed1ng nhi\u1ec5u m\u1ea1nh. N\u00f3 \u0111\u00f3ng vai tr\u00f2 quan tr\u1ecdng trong vi\u1ec7c truy\u1ec1n d\u1eef li\u1ec7u v\u00e0 t\u00edn hi\u1ec7u t\u1eeb c\u00e1c c\u1ea3m bi\u1ebfn an to\u00e0n kh\u00e1c nhau \u0111\u1ebfn h\u1ec7 th\u1ed1ng gi\u00e1m s\u00e1t tr\u00ean xe.<\/p>\n","protected":false},"featured_media":12792,"template":"","meta":{"_eb_attr":"","site-sidebar-layout":"default","site-content-layout":"","ast-site-content-layout":"default","site-content-style":"default","site-sidebar-style":"default","ast-global-header-display":"","ast-banner-title-visibility":"","ast-main-header-display":"","ast-hfb-above-header-display":"","ast-hfb-below-header-display":"","ast-hfb-mobile-header-display":"","site-post-title":"","ast-breadcrumbs-content":"","ast-featured-img":"","footer-sml-layout":"","theme-transparent-header-meta":"default","adv-header-id-meta":"","stick-header-meta":"","header-above-stick-meta":"","header-main-stick-meta":"","header-below-stick-meta":"","astra-migrate-meta-layouts":"default","ast-page-background-enabled":"default","ast-page-background-meta":{"desktop":{"background-color":"","background-image":"","background-repeat":"repeat","background-position":"center center","background-size":"auto","background-attachment":"scroll","background-type":"","background-media":"","overlay-type":"","overlay-color":"","overlay-opacity":"","overlay-gradient":""},"tablet":{"background-color":"","background-image":"","background-repeat":"repeat","background-position":"center center","background-size":"auto","background-attachment":"scroll","background-type":"","background-media":"","overlay-type":"","overlay-color":"","overlay-opacity":"","overlay-gradient":""},"mobile":{"background-color":"","background-image":"","background-repeat":"repeat","background-position":"center center","background-size":"auto","background-attachment":"scroll","background-type":"","background-media":"","overlay-type":"","overlay-color":"","overlay-opacity":"","overlay-gradient":""}},"ast-content-background-meta":{"desktop":{"background-color":"var(--ast-global-color-5)","background-image":"","background-repeat":"repeat","background-position":"center center","background-size":"auto","background-attachment":"scroll","background-type":"","background-media":"","overlay-type":"","overlay-color":"","overlay-opacity":"","overlay-gradient":""},"tablet":{"background-color":"var(--ast-global-color-5)","background-image":"","background-repeat":"repeat","background-position":"center center","background-size":"auto","background-attachment":"scroll","background-type":"","background-media":"","overlay-type":"","overlay-color":"","overlay-opacity":"","overlay-gradient":""},"mobile":{"background-color":"var(--ast-global-color-5)","background-image":"","background-repeat":"repeat","background-position":"center center","background-size":"auto","background-attachment":"scroll","background-type":"","background-media":"","overlay-type":"","overlay-color":"","overlay-opacity":"","overlay-gradient":""}}},"product_brand":[],"product_cat":[842],"product_tag":[1972,1973],"class_list":{"0":"post-21034","1":"product","2":"type-product","3":"status-publish","4":"has-post-thumbnail","6":"product_cat-rail-way-vi","7":"product_tag-cap-cat7","8":"product_tag-cap-mang-loai-7","9":"desktop-align-center","10":"tablet-align-left","11":"mobile-align-left","13":"first","14":"instock","15":"shipping-taxable","16":"product-type-simple"},"yoast_head":"<!-- This site is optimized with the Yoast SEO plugin v27.5 - https:\/\/yoast.com\/product\/yoast-seo-wordpress\/ -->\n<title>C\u00e1p gi\u00e1m s\u00e1t an to\u00e0n xe<\/title>\n<meta name=\"description\" content=\"C\u00e1p gi\u00e1m s\u00e1t an to\u00e0n xe c\u00f3 \u0111i\u1ec7n \u00e1p \u0111\u1ecbnh m\u1ee9c 300V, hi\u1ec7u su\u1ea5t c\u00e1ch \u0111i\u1ec7n t\u1ed1t v\u00e0 kh\u1ea3 n\u0103ng ch\u1ed1ng nhi\u1ec5u m\u1ea1nh.\" \/>\n<meta name=\"robots\" content=\"index, follow, max-snippet:-1, max-image-preview:large, max-video-preview:-1\" \/>\n<link rel=\"canonical\" href=\"https:\/\/www.tstcables.com\/vi\/product\/cap-giam-sat-an-toan-xe\/\" \/>\n<meta property=\"og:locale\" content=\"vi_VN\" \/>\n<meta property=\"og:type\" content=\"article\" \/>\n<meta property=\"og:title\" content=\"C\u00e1p gi\u00e1m s\u00e1t an to\u00e0n xe\" \/>\n<meta property=\"og:description\" content=\"C\u00e1p gi\u00e1m s\u00e1t an to\u00e0n xe c\u00f3 \u0111i\u1ec7n \u00e1p \u0111\u1ecbnh m\u1ee9c 300V, hi\u1ec7u su\u1ea5t c\u00e1ch \u0111i\u1ec7n t\u1ed1t v\u00e0 kh\u1ea3 n\u0103ng ch\u1ed1ng nhi\u1ec5u m\u1ea1nh.\" \/>\n<meta property=\"og:url\" content=\"https:\/\/www.tstcables.com\/vi\/product\/cap-giam-sat-an-toan-xe\/\" \/>\n<meta property=\"og:site_name\" content=\"TST CABLES supplier &amp; Manufacture\" \/>\n<meta property=\"og:image\" content=\"https:\/\/www.tstcables.com\/wp-content\/uploads\/2024\/03\/1-2.webp\" \/>\n\t<meta property=\"og:image:width\" content=\"640\" \/>\n\t<meta property=\"og:image:height\" content=\"640\" \/>\n\t<meta property=\"og:image:type\" content=\"image\/webp\" \/>\n<meta name=\"twitter:card\" content=\"summary_large_image\" \/>\n<meta name=\"twitter:label1\" content=\"Est. reading time\" \/>\n\t<meta name=\"twitter:data1\" content=\"1 minute\" \/>\n<script type=\"application\/ld+json\" class=\"yoast-schema-graph\">{\"@context\":\"https:\\\/\\\/schema.org\",\"@graph\":[{\"@type\":\"WebPage\",\"@id\":\"https:\\\/\\\/www.tstcables.com\\\/vi\\\/product\\\/cap-giam-sat-an-toan-xe\\\/\",\"url\":\"https:\\\/\\\/www.tstcables.com\\\/vi\\\/product\\\/cap-giam-sat-an-toan-xe\\\/\",\"name\":\"C\u00e1p gi\u00e1m s\u00e1t an to\u00e0n xe\",\"isPartOf\":{\"@id\":\"https:\\\/\\\/www.tstcables.com\\\/vi\\\/#website\"},\"primaryImageOfPage\":{\"@id\":\"https:\\\/\\\/www.tstcables.com\\\/vi\\\/product\\\/cap-giam-sat-an-toan-xe\\\/#primaryimage\"},\"image\":{\"@id\":\"https:\\\/\\\/www.tstcables.com\\\/vi\\\/product\\\/cap-giam-sat-an-toan-xe\\\/#primaryimage\"},\"thumbnailUrl\":\"https:\\\/\\\/www.tstcables.com\\\/wp-content\\\/uploads\\\/2024\\\/03\\\/1-2.webp\",\"datePublished\":\"2024-04-11T07:56:26+00:00\",\"description\":\"C\u00e1p gi\u00e1m s\u00e1t an to\u00e0n xe c\u00f3 \u0111i\u1ec7n \u00e1p \u0111\u1ecbnh m\u1ee9c 300V, hi\u1ec7u su\u1ea5t c\u00e1ch \u0111i\u1ec7n t\u1ed1t v\u00e0 kh\u1ea3 n\u0103ng ch\u1ed1ng nhi\u1ec5u m\u1ea1nh.\",\"breadcrumb\":{\"@id\":\"https:\\\/\\\/www.tstcables.com\\\/vi\\\/product\\\/cap-giam-sat-an-toan-xe\\\/#breadcrumb\"},\"inLanguage\":\"vi-VN\",\"potentialAction\":[{\"@type\":\"ReadAction\",\"target\":[\"https:\\\/\\\/www.tstcables.com\\\/vi\\\/product\\\/cap-giam-sat-an-toan-xe\\\/\"]}]},{\"@type\":\"ImageObject\",\"inLanguage\":\"vi-VN\",\"@id\":\"https:\\\/\\\/www.tstcables.com\\\/vi\\\/product\\\/cap-giam-sat-an-toan-xe\\\/#primaryimage\",\"url\":\"https:\\\/\\\/www.tstcables.com\\\/wp-content\\\/uploads\\\/2024\\\/03\\\/1-2.webp\",\"contentUrl\":\"https:\\\/\\\/www.tstcables.com\\\/wp-content\\\/uploads\\\/2024\\\/03\\\/1-2.webp\",\"width\":640,\"height\":640,\"caption\":\"CAT7 cable (Category 7 network cable) EN50264 fire-resistant wire &cableEN50264 fire-resistant wire &cable\"},{\"@type\":\"BreadcrumbList\",\"@id\":\"https:\\\/\\\/www.tstcables.com\\\/vi\\\/product\\\/cap-giam-sat-an-toan-xe\\\/#breadcrumb\",\"itemListElement\":[{\"@type\":\"ListItem\",\"position\":1,\"name\":\"\u9996\u9875\",\"item\":\"https:\\\/\\\/www.tstcables.com\\\/vi\\\/\"},{\"@type\":\"ListItem\",\"position\":2,\"name\":\"Product\",\"item\":\"https:\\\/\\\/www.tstcables.com\\\/product\\\/\"},{\"@type\":\"ListItem\",\"position\":3,\"name\":\"C\u00e1p gi\u00e1m s\u00e1t an to\u00e0n xe\"}]},{\"@type\":\"WebSite\",\"@id\":\"https:\\\/\\\/www.tstcables.com\\\/vi\\\/#website\",\"url\":\"https:\\\/\\\/www.tstcables.com\\\/vi\\\/\",\"name\":\"TST Cable supplier & Manufacture\",\"description\":\"TST CABLES  supplier &amp; Manufacture official website\",\"publisher\":{\"@id\":\"https:\\\/\\\/www.tstcables.com\\\/vi\\\/#organization\"},\"potentialAction\":[{\"@type\":\"SearchAction\",\"target\":{\"@type\":\"EntryPoint\",\"urlTemplate\":\"https:\\\/\\\/www.tstcables.com\\\/vi\\\/?s={search_term_string}\"},\"query-input\":{\"@type\":\"PropertyValueSpecification\",\"valueRequired\":true,\"valueName\":\"search_term_string\"}}],\"inLanguage\":\"vi-VN\"},{\"@type\":\"Organization\",\"@id\":\"https:\\\/\\\/www.tstcables.com\\\/vi\\\/#organization\",\"name\":\"TST Cable supplier & Manufacture\",\"url\":\"https:\\\/\\\/www.tstcables.com\\\/vi\\\/\",\"logo\":{\"@type\":\"ImageObject\",\"inLanguage\":\"vi-VN\",\"@id\":\"https:\\\/\\\/www.tstcables.com\\\/vi\\\/#\\\/schema\\\/logo\\\/image\\\/\",\"url\":\"https:\\\/\\\/www.tstcables.com\\\/wp-content\\\/uploads\\\/2024\\\/04\\\/cropped-\u753b\u677f-1-\u62f7\u8d1d-4-1.png\",\"contentUrl\":\"https:\\\/\\\/www.tstcables.com\\\/wp-content\\\/uploads\\\/2024\\\/04\\\/cropped-\u753b\u677f-1-\u62f7\u8d1d-4-1.png\",\"width\":300,\"height\":100,\"caption\":\"TST Cable supplier & Manufacture\"},\"image\":{\"@id\":\"https:\\\/\\\/www.tstcables.com\\\/vi\\\/#\\\/schema\\\/logo\\\/image\\\/\"}}]}<\/script>\n<!-- \/ Yoast SEO plugin. -->","yoast_head_json":{"title":"C\u00e1p gi\u00e1m s\u00e1t an to\u00e0n xe","description":"C\u00e1p gi\u00e1m s\u00e1t an to\u00e0n xe c\u00f3 \u0111i\u1ec7n \u00e1p \u0111\u1ecbnh m\u1ee9c 300V, hi\u1ec7u su\u1ea5t c\u00e1ch \u0111i\u1ec7n t\u1ed1t v\u00e0 kh\u1ea3 n\u0103ng ch\u1ed1ng nhi\u1ec5u m\u1ea1nh.","robots":{"index":"index","follow":"follow","max-snippet":"max-snippet:-1","max-image-preview":"max-image-preview:large","max-video-preview":"max-video-preview:-1"},"canonical":"https:\/\/www.tstcables.com\/vi\/product\/cap-giam-sat-an-toan-xe\/","og_locale":"vi_VN","og_type":"article","og_title":"C\u00e1p gi\u00e1m s\u00e1t an to\u00e0n xe","og_description":"C\u00e1p gi\u00e1m s\u00e1t an to\u00e0n xe c\u00f3 \u0111i\u1ec7n \u00e1p \u0111\u1ecbnh m\u1ee9c 300V, hi\u1ec7u su\u1ea5t c\u00e1ch \u0111i\u1ec7n t\u1ed1t v\u00e0 kh\u1ea3 n\u0103ng ch\u1ed1ng nhi\u1ec5u m\u1ea1nh.","og_url":"https:\/\/www.tstcables.com\/vi\/product\/cap-giam-sat-an-toan-xe\/","og_site_name":"TST CABLES supplier &amp; Manufacture","og_image":[{"width":640,"height":640,"url":"https:\/\/www.tstcables.com\/wp-content\/uploads\/2024\/03\/1-2.webp","type":"image\/webp"}],"twitter_card":"summary_large_image","twitter_misc":{"Est. reading time":"1 minute"},"schema":{"@context":"https:\/\/schema.org","@graph":[{"@type":"WebPage","@id":"https:\/\/www.tstcables.com\/vi\/product\/cap-giam-sat-an-toan-xe\/","url":"https:\/\/www.tstcables.com\/vi\/product\/cap-giam-sat-an-toan-xe\/","name":"C\u00e1p gi\u00e1m s\u00e1t an to\u00e0n xe","isPartOf":{"@id":"https:\/\/www.tstcables.com\/vi\/#website"},"primaryImageOfPage":{"@id":"https:\/\/www.tstcables.com\/vi\/product\/cap-giam-sat-an-toan-xe\/#primaryimage"},"image":{"@id":"https:\/\/www.tstcables.com\/vi\/product\/cap-giam-sat-an-toan-xe\/#primaryimage"},"thumbnailUrl":"https:\/\/www.tstcables.com\/wp-content\/uploads\/2024\/03\/1-2.webp","datePublished":"2024-04-11T07:56:26+00:00","description":"C\u00e1p gi\u00e1m s\u00e1t an to\u00e0n xe c\u00f3 \u0111i\u1ec7n \u00e1p \u0111\u1ecbnh m\u1ee9c 300V, hi\u1ec7u su\u1ea5t c\u00e1ch \u0111i\u1ec7n t\u1ed1t v\u00e0 kh\u1ea3 n\u0103ng ch\u1ed1ng nhi\u1ec5u m\u1ea1nh.","breadcrumb":{"@id":"https:\/\/www.tstcables.com\/vi\/product\/cap-giam-sat-an-toan-xe\/#breadcrumb"},"inLanguage":"vi-VN","potentialAction":[{"@type":"ReadAction","target":["https:\/\/www.tstcables.com\/vi\/product\/cap-giam-sat-an-toan-xe\/"]}]},{"@type":"ImageObject","inLanguage":"vi-VN","@id":"https:\/\/www.tstcables.com\/vi\/product\/cap-giam-sat-an-toan-xe\/#primaryimage","url":"https:\/\/www.tstcables.com\/wp-content\/uploads\/2024\/03\/1-2.webp","contentUrl":"https:\/\/www.tstcables.com\/wp-content\/uploads\/2024\/03\/1-2.webp","width":640,"height":640,"caption":"CAT7 cable (Category 7 network cable) EN50264 fire-resistant wire &cableEN50264 fire-resistant wire &cable"},{"@type":"BreadcrumbList","@id":"https:\/\/www.tstcables.com\/vi\/product\/cap-giam-sat-an-toan-xe\/#breadcrumb","itemListElement":[{"@type":"ListItem","position":1,"name":"\u9996\u9875","item":"https:\/\/www.tstcables.com\/vi\/"},{"@type":"ListItem","position":2,"name":"Product","item":"https:\/\/www.tstcables.com\/product\/"},{"@type":"ListItem","position":3,"name":"C\u00e1p gi\u00e1m s\u00e1t an to\u00e0n xe"}]},{"@type":"WebSite","@id":"https:\/\/www.tstcables.com\/vi\/#website","url":"https:\/\/www.tstcables.com\/vi\/","name":"TST Cable supplier & Manufacture","description":"TST CABLES  supplier &amp; Manufacture official website","publisher":{"@id":"https:\/\/www.tstcables.com\/vi\/#organization"},"potentialAction":[{"@type":"SearchAction","target":{"@type":"EntryPoint","urlTemplate":"https:\/\/www.tstcables.com\/vi\/?s={search_term_string}"},"query-input":{"@type":"PropertyValueSpecification","valueRequired":true,"valueName":"search_term_string"}}],"inLanguage":"vi-VN"},{"@type":"Organization","@id":"https:\/\/www.tstcables.com\/vi\/#organization","name":"TST Cable supplier & Manufacture","url":"https:\/\/www.tstcables.com\/vi\/","logo":{"@type":"ImageObject","inLanguage":"vi-VN","@id":"https:\/\/www.tstcables.com\/vi\/#\/schema\/logo\/image\/","url":"https:\/\/www.tstcables.com\/wp-content\/uploads\/2024\/04\/cropped-\u753b\u677f-1-\u62f7\u8d1d-4-1.png","contentUrl":"https:\/\/www.tstcables.com\/wp-content\/uploads\/2024\/04\/cropped-\u753b\u677f-1-\u62f7\u8d1d-4-1.png","width":300,"height":100,"caption":"TST Cable supplier & Manufacture"},"image":{"@id":"https:\/\/www.tstcables.com\/vi\/#\/schema\/logo\/image\/"}}]}},"_links":{"self":[{"href":"https:\/\/www.tstcables.com\/vi\/wp-json\/wp\/v2\/product\/21034","targetHints":{"allow":["GET"]}}],"collection":[{"href":"https:\/\/www.tstcables.com\/vi\/wp-json\/wp\/v2\/product"}],"about":[{"href":"https:\/\/www.tstcables.com\/vi\/wp-json\/wp\/v2\/types\/product"}],"version-history":[{"count":0,"href":"https:\/\/www.tstcables.com\/vi\/wp-json\/wp\/v2\/product\/21034\/revisions"}],"wp:featuredmedia":[{"embeddable":true,"href":"https:\/\/www.tstcables.com\/vi\/wp-json\/wp\/v2\/media\/12792"}],"wp:attachment":[{"href":"https:\/\/www.tstcables.com\/vi\/wp-json\/wp\/v2\/media?parent=21034"}],"wp:term":[{"taxonomy":"product_brand","embeddable":true,"href":"https:\/\/www.tstcables.com\/vi\/wp-json\/wp\/v2\/product_brand?post=21034"},{"taxonomy":"product_cat","embeddable":true,"href":"https:\/\/www.tstcables.com\/vi\/wp-json\/wp\/v2\/product_cat?post=21034"},{"taxonomy":"product_tag","embeddable":true,"href":"https:\/\/www.tstcables.com\/vi\/wp-json\/wp\/v2\/product_tag?post=21034"}],"curies":[{"name":"wp","href":"https:\/\/api.w.org\/{rel}","templated":true}]}}