{"id":21038,"date":"2024-04-11T14:39:51","date_gmt":"2024-04-11T06:39:51","guid":{"rendered":"https:\/\/www.tstcables.com\/product\/cap-he-thong-dieu-khien-tau-van-chuyen-duong-sat\/"},"modified":"2024-04-11T14:39:51","modified_gmt":"2024-04-11T06:39:51","slug":"cap-he-thong-dieu-khien-tau-van-chuyen-duong-sat","status":"publish","type":"product","link":"https:\/\/www.tstcables.com\/vi\/product\/cap-he-thong-dieu-khien-tau-van-chuyen-duong-sat\/","title":{"rendered":"C\u00e1p h\u1ec7 th\u1ed1ng \u0111i\u1ec1u khi\u1ec3n t\u00e0u v\u1eadn chuy\u1ec3n \u0111\u01b0\u1eddng s\u1eaft"},"content":{"rendered":"<p>\u1ee8ng d\u1ee5ng:<\/p>\n<p>H\u1ec7 th\u1ed1ng \u0111i\u1ec1u khi\u1ec3n t\u00e0u v\u1eadn t\u1ea3i \u0111\u01b0\u1eddng s\u1eaft<\/p>\n<p>\u0110\u1eb7c \u0111i\u1ec3m:<\/p>\n<ul>\n<li>\u0110i\u1ec7n \u00e1p \u0111\u1ecbnh m\u1ee9c: 300VAC<\/li>\n<li>Ph\u1ea1m vi nhi\u1ec7t \u0111\u1ed9: -40\u00b0C \u0111\u1ebfn 90\u00b0C<\/li>\n<li>B\u00e1n k\u00ednh u\u1ed1n: 6D (D d\u00f9ng \u0111\u1ec3 ch\u1ec9 \u0111\u01b0\u1eddng k\u00ednh ngo\u00e0i c\u1ee7a c\u00e1p)<\/li>\n<li>Ch\u1ed1ng oxy h\u00f3a<\/li>\n<li>\u0110\u1ed9 d\u1eabn \u0111i\u1ec7n cao<\/li>\n<li>Ch\u1ed1ng m\u00e0i m\u00f2n<\/li>\n<li>Ch\u1ed1ng oxy h\u00f3a<\/li>\n<\/ul>\n<p>K\u1ebft c\u1ea5u:<\/p>\n<ul>\n<li>D\u00e2y d\u1eabn: D\u00e2y d\u1eabn b\u1eb1ng \u0111\u1ed3ng \u0111\u00f3ng h\u1ed9p, c\u1ea5u tr\u00fac lo\u1ea1i 5.<\/li>\n<li>V\u1eadt li\u1ec7u c\u00e1ch nhi\u1ec7t: V\u1eadt li\u1ec7u c\u00e1ch nhi\u1ec7t Polyethylene.<\/li>\n<li>B\u0103ng polyester.<\/li>\n<li>Che ch\u1eafn: L\u00e1 nh\u00f4m + Che ch\u1eafn b\u1ec7n.<\/li>\n<li>\u00c1o kho\u00e1c\/v\u1ecf b\u1ecdc: Polyolef li\u00ean k\u1ebft ngang \u0111\u01b0\u1ee3c chi\u1ebfu x\u1ea1<\/li>\n<\/ul>\n<p>Tham s\u1ed1 l\u1ef1a ch\u1ecdn<\/p>\n<table class=\"tg\">\n<thead>\n<tr>\n<th class=\"tg-949j\" rowspan=\"2\">Th\u00f4ng s\u1ed1 m\u1eabu<\/th>\n<th class=\"tg-1771\" rowspan=\"2\">\u0110\u01b0\u1eddng k\u00ednh d\u00e2y d\u1eabn \uff08mm<\/th>\n<th class=\"tg-1771\" rowspan=\"2\">\u0110\u01b0\u1eddng k\u00ednh c\u00e1ch nhi\u1ec7t \uff08mm<\/th>\n<th class=\"tg-1771\">\u0110\u01b0\u1eddng k\u00ednh ngo\u00e0i(D)<\/th>\n<th class=\"tg-1771\" rowspan=\"2\">Tr\u1ecdng l\u01b0\u1ee3ng c\u00e1p trung b\u00ecnh Kg\/km<\/th>\n<th class=\"tg-1771\" rowspan=\"2\">Gi\u00e1 tr\u1ecb nhi\u1ec7t \u0111\u1ed1t KJ\/m<\/th>\n<\/tr>\n<tr>\n<th class=\"tg-1771\">Min.mm<\/th>\n<\/tr>\n<\/thead>\n<tbody>\n<tr>\n<td class=\"tg-1771\">2x2x26AWG(Lo\u1ea1i \u0111\u1eb7c)<\/td>\n<td class=\"tg-qfl9\">0.48<\/td>\n<td class=\"tg-qfl9\">1.2<\/td>\n<td class=\"tg-qfl9\">6.2<\/td>\n<td class=\"tg-qfl9\">43<\/td>\n<td class=\"tg-qfl9\">380<\/td>\n<\/tr>\n<tr>\n<td class=\"tg-1771\">4x2x26AWG(Lo\u1ea1i \u0111\u1eb7c)<\/td>\n<td class=\"tg-qfl9\">0.48<\/td>\n<td class=\"tg-qfl9\">1.2<\/td>\n<td class=\"tg-qfl9\">7.2<\/td>\n<td class=\"tg-qfl9\">64<\/td>\n<td class=\"tg-qfl9\">520<\/td>\n<\/tr>\n<tr>\n<td class=\"tg-1771\">2\u00d70,5+1\u00d70,5(Lo\u1ea1i b\u1ecdt)<\/td>\n<td class=\"tg-qfl9\">0.9<\/td>\n<td class=\"tg-qfl9\">2.4<\/td>\n<td class=\"tg-qfl9\">6.7<\/td>\n<td class=\"tg-qfl9\">68<\/td>\n<td class=\"tg-qfl9\">1250<\/td>\n<\/tr>\n<tr>\n<td class=\"tg-1771\">4 \u00d7 0,5 (Lo\u1ea1i r\u1eafn)<\/td>\n<td class=\"tg-qfl9\">0.9<\/td>\n<td class=\"tg-qfl9\">2.9<\/td>\n<td class=\"tg-qfl9\">9<\/td>\n<td class=\"tg-qfl9\">96<\/td>\n<td class=\"tg-qfl9\">1560<\/td>\n<\/tr>\n<tr>\n<td class=\"tg-1771\">4\u00d70,75(Lo\u1ea1i \u0111\u1eb7c)<\/td>\n<td class=\"tg-qfl9\">1.15<\/td>\n<td class=\"tg-qfl9\">3.4<\/td>\n<td class=\"tg-qfl9\">10.2<\/td>\n<td class=\"tg-qfl9\">128<\/td>\n<td class=\"tg-qfl9\">1720<\/td>\n<\/tr>\n<\/tbody>\n<\/table>\n","protected":false},"excerpt":{"rendered":"<p>C\u00e1p \u0111\u00f3ng m\u1ed9t vai tr\u00f2 quan tr\u1ecdng trong h\u1ec7 th\u1ed1ng \u0111i\u1ec1u khi\u1ec3n t\u00e0u c\u1ee7a c\u00e1c ph\u01b0\u01a1ng ti\u1ec7n v\u1eadn t\u1ea3i \u0111\u01b0\u1eddng s\u1eaft, t\u1ea1o \u0111i\u1ec1u ki\u1ec7n thu\u1eadn l\u1ee3i cho vi\u1ec7c truy\u1ec1n t\u00edn hi\u1ec7u v\u00e0 cung c\u1ea5p \u0111i\u1ec7n. T\u1ed1i \u01b0u h\u00f3a \u1ee9ng d\u1ee5ng c\u00e1p trong h\u1ec7 th\u1ed1ng \u0111i\u1ec1u khi\u1ec3n t\u00e0u ph\u01b0\u01a1ng ti\u1ec7n v\u1eadn t\u1ea3i \u0111\u01b0\u1eddng s\u1eaft c\u00f3 th\u1ec3 c\u1ea3i thi\u1ec7n hi\u1ec7u qu\u1ea3 v\u00e0 \u0111\u1ed9 tin c\u1eady c\u1ee7a h\u1ec7 th\u1ed1ng.<\/p>\n","protected":false},"featured_media":12536,"template":"","meta":{"_eb_attr":"","site-sidebar-layout":"default","site-content-layout":"","ast-site-content-layout":"default","site-content-style":"default","site-sidebar-style":"default","ast-global-header-display":"","ast-banner-title-visibility":"","ast-main-header-display":"","ast-hfb-above-header-display":"","ast-hfb-below-header-display":"","ast-hfb-mobile-header-display":"","site-post-title":"","ast-breadcrumbs-content":"","ast-featured-img":"","footer-sml-layout":"","theme-transparent-header-meta":"default","adv-header-id-meta":"","stick-header-meta":"","header-above-stick-meta":"","header-main-stick-meta":"","header-below-stick-meta":"","astra-migrate-meta-layouts":"default","ast-page-background-enabled":"default","ast-page-background-meta":{"desktop":{"background-color":"","background-image":"","background-repeat":"repeat","background-position":"center center","background-size":"auto","background-attachment":"scroll","background-type":"","background-media":"","overlay-type":"","overlay-color":"","overlay-opacity":"","overlay-gradient":""},"tablet":{"background-color":"","background-image":"","background-repeat":"repeat","background-position":"center center","background-size":"auto","background-attachment":"scroll","background-type":"","background-media":"","overlay-type":"","overlay-color":"","overlay-opacity":"","overlay-gradient":""},"mobile":{"background-color":"","background-image":"","background-repeat":"repeat","background-position":"center center","background-size":"auto","background-attachment":"scroll","background-type":"","background-media":"","overlay-type":"","overlay-color":"","overlay-opacity":"","overlay-gradient":""}},"ast-content-background-meta":{"desktop":{"background-color":"var(--ast-global-color-5)","background-image":"","background-repeat":"repeat","background-position":"center center","background-size":"auto","background-attachment":"scroll","background-type":"","background-media":"","overlay-type":"","overlay-color":"","overlay-opacity":"","overlay-gradient":""},"tablet":{"background-color":"var(--ast-global-color-5)","background-image":"","background-repeat":"repeat","background-position":"center center","background-size":"auto","background-attachment":"scroll","background-type":"","background-media":"","overlay-type":"","overlay-color":"","overlay-opacity":"","overlay-gradient":""},"mobile":{"background-color":"var(--ast-global-color-5)","background-image":"","background-repeat":"repeat","background-position":"center center","background-size":"auto","background-attachment":"scroll","background-type":"","background-media":"","overlay-type":"","overlay-color":"","overlay-opacity":"","overlay-gradient":""}}},"product_brand":[],"product_cat":[842],"product_tag":[1983,1986,1985,1982,1984],"class_list":{"0":"post-21038","1":"product","2":"type-product","3":"status-publish","4":"has-post-thumbnail","6":"product_cat-rail-way-vi","7":"product_tag-cap-co-the","8":"product_tag-cap-rs422","9":"product_tag-cap-rs485","10":"product_tag-cap-truyen-thong","11":"product_tag-cap-xe-buyt","12":"desktop-align-center","13":"tablet-align-left","14":"mobile-align-left","16":"first","17":"instock","18":"shipping-taxable","19":"product-type-simple"},"yoast_head":"<!-- This site is optimized with the Yoast SEO plugin v27.5 - https:\/\/yoast.com\/product\/yoast-seo-wordpress\/ -->\n<title>C\u00e1p h\u1ec7 th\u1ed1ng \u0111i\u1ec1u khi\u1ec3n t\u00e0u v\u1eadn chuy\u1ec3n \u0111\u01b0\u1eddng s\u1eaft<\/title>\n<meta name=\"description\" content=\"C\u00e1p h\u1ec7 th\u1ed1ng \u0111i\u1ec1u khi\u1ec3n t\u00e0u v\u1eadn t\u1ea3i \u0111\u01b0\u1eddng s\u1eaft \u0111\u00f3ng m\u1ed9t vai tr\u00f2 quan tr\u1ecdng trong h\u1ec7 th\u1ed1ng \u0111i\u1ec1u khi\u1ec3n t\u00e0u c\u1ee7a c\u00e1c ph\u01b0\u01a1ng ti\u1ec7n v\u1eadn t\u1ea3i \u0111\u01b0\u1eddng s\u1eaft, t\u1ea1o \u0111i\u1ec1u ki\u1ec7n thu\u1eadn l\u1ee3i cho vi\u1ec7c truy\u1ec1n t\u00edn hi\u1ec7u v\u00e0 cung c\u1ea5p \u0111i\u1ec7n.\" \/>\n<meta name=\"robots\" content=\"index, follow, max-snippet:-1, max-image-preview:large, max-video-preview:-1\" \/>\n<link rel=\"canonical\" href=\"https:\/\/www.tstcables.com\/vi\/product\/cap-he-thong-dieu-khien-tau-van-chuyen-duong-sat\/\" \/>\n<meta property=\"og:locale\" content=\"vi_VN\" \/>\n<meta property=\"og:type\" content=\"article\" \/>\n<meta property=\"og:title\" content=\"C\u00e1p h\u1ec7 th\u1ed1ng \u0111i\u1ec1u khi\u1ec3n t\u00e0u v\u1eadn chuy\u1ec3n \u0111\u01b0\u1eddng s\u1eaft\" \/>\n<meta property=\"og:description\" content=\"C\u00e1p h\u1ec7 th\u1ed1ng \u0111i\u1ec1u khi\u1ec3n t\u00e0u v\u1eadn t\u1ea3i \u0111\u01b0\u1eddng s\u1eaft \u0111\u00f3ng m\u1ed9t vai tr\u00f2 quan tr\u1ecdng trong h\u1ec7 th\u1ed1ng \u0111i\u1ec1u khi\u1ec3n t\u00e0u c\u1ee7a c\u00e1c ph\u01b0\u01a1ng ti\u1ec7n v\u1eadn t\u1ea3i \u0111\u01b0\u1eddng s\u1eaft, t\u1ea1o \u0111i\u1ec1u ki\u1ec7n thu\u1eadn l\u1ee3i cho vi\u1ec7c truy\u1ec1n t\u00edn hi\u1ec7u v\u00e0 cung c\u1ea5p \u0111i\u1ec7n.\" \/>\n<meta property=\"og:url\" content=\"https:\/\/www.tstcables.com\/vi\/product\/cap-he-thong-dieu-khien-tau-van-chuyen-duong-sat\/\" \/>\n<meta property=\"og:site_name\" content=\"TST CABLES supplier &amp; Manufacture\" \/>\n<meta property=\"og:image\" content=\"https:\/\/www.tstcables.com\/wp-content\/uploads\/2024\/03\/5-7.jpg\" \/>\n\t<meta property=\"og:image:width\" content=\"640\" \/>\n\t<meta property=\"og:image:height\" content=\"640\" \/>\n\t<meta property=\"og:image:type\" content=\"image\/jpeg\" \/>\n<meta name=\"twitter:card\" content=\"summary_large_image\" \/>\n<meta name=\"twitter:label1\" content=\"Est. reading time\" \/>\n\t<meta name=\"twitter:data1\" content=\"1 minute\" \/>\n<script type=\"application\/ld+json\" class=\"yoast-schema-graph\">{\"@context\":\"https:\\\/\\\/schema.org\",\"@graph\":[{\"@type\":\"WebPage\",\"@id\":\"https:\\\/\\\/www.tstcables.com\\\/vi\\\/product\\\/cap-he-thong-dieu-khien-tau-van-chuyen-duong-sat\\\/\",\"url\":\"https:\\\/\\\/www.tstcables.com\\\/vi\\\/product\\\/cap-he-thong-dieu-khien-tau-van-chuyen-duong-sat\\\/\",\"name\":\"C\u00e1p h\u1ec7 th\u1ed1ng \u0111i\u1ec1u khi\u1ec3n t\u00e0u v\u1eadn chuy\u1ec3n \u0111\u01b0\u1eddng s\u1eaft\",\"isPartOf\":{\"@id\":\"https:\\\/\\\/www.tstcables.com\\\/vi\\\/#website\"},\"primaryImageOfPage\":{\"@id\":\"https:\\\/\\\/www.tstcables.com\\\/vi\\\/product\\\/cap-he-thong-dieu-khien-tau-van-chuyen-duong-sat\\\/#primaryimage\"},\"image\":{\"@id\":\"https:\\\/\\\/www.tstcables.com\\\/vi\\\/product\\\/cap-he-thong-dieu-khien-tau-van-chuyen-duong-sat\\\/#primaryimage\"},\"thumbnailUrl\":\"https:\\\/\\\/www.tstcables.com\\\/wp-content\\\/uploads\\\/2024\\\/03\\\/5-7.jpg\",\"datePublished\":\"2024-04-11T06:39:51+00:00\",\"description\":\"C\u00e1p h\u1ec7 th\u1ed1ng \u0111i\u1ec1u khi\u1ec3n t\u00e0u v\u1eadn t\u1ea3i \u0111\u01b0\u1eddng s\u1eaft \u0111\u00f3ng m\u1ed9t vai tr\u00f2 quan tr\u1ecdng trong h\u1ec7 th\u1ed1ng \u0111i\u1ec1u khi\u1ec3n t\u00e0u c\u1ee7a c\u00e1c ph\u01b0\u01a1ng ti\u1ec7n v\u1eadn t\u1ea3i \u0111\u01b0\u1eddng s\u1eaft, t\u1ea1o \u0111i\u1ec1u ki\u1ec7n thu\u1eadn l\u1ee3i cho vi\u1ec7c truy\u1ec1n t\u00edn hi\u1ec7u v\u00e0 cung c\u1ea5p \u0111i\u1ec7n.\",\"breadcrumb\":{\"@id\":\"https:\\\/\\\/www.tstcables.com\\\/vi\\\/product\\\/cap-he-thong-dieu-khien-tau-van-chuyen-duong-sat\\\/#breadcrumb\"},\"inLanguage\":\"vi-VN\",\"potentialAction\":[{\"@type\":\"ReadAction\",\"target\":[\"https:\\\/\\\/www.tstcables.com\\\/vi\\\/product\\\/cap-he-thong-dieu-khien-tau-van-chuyen-duong-sat\\\/\"]}]},{\"@type\":\"ImageObject\",\"inLanguage\":\"vi-VN\",\"@id\":\"https:\\\/\\\/www.tstcables.com\\\/vi\\\/product\\\/cap-he-thong-dieu-khien-tau-van-chuyen-duong-sat\\\/#primaryimage\",\"url\":\"https:\\\/\\\/www.tstcables.com\\\/wp-content\\\/uploads\\\/2024\\\/03\\\/5-7.jpg\",\"contentUrl\":\"https:\\\/\\\/www.tstcables.com\\\/wp-content\\\/uploads\\\/2024\\\/03\\\/5-7.jpg\",\"width\":640,\"height\":640,\"caption\":\"CAN BUS\\\/RS485\\\/RS422 communication cable\"},{\"@type\":\"BreadcrumbList\",\"@id\":\"https:\\\/\\\/www.tstcables.com\\\/vi\\\/product\\\/cap-he-thong-dieu-khien-tau-van-chuyen-duong-sat\\\/#breadcrumb\",\"itemListElement\":[{\"@type\":\"ListItem\",\"position\":1,\"name\":\"\u9996\u9875\",\"item\":\"https:\\\/\\\/www.tstcables.com\\\/vi\\\/\"},{\"@type\":\"ListItem\",\"position\":2,\"name\":\"Product\",\"item\":\"https:\\\/\\\/www.tstcables.com\\\/product\\\/\"},{\"@type\":\"ListItem\",\"position\":3,\"name\":\"C\u00e1p h\u1ec7 th\u1ed1ng \u0111i\u1ec1u khi\u1ec3n t\u00e0u v\u1eadn chuy\u1ec3n \u0111\u01b0\u1eddng s\u1eaft\"}]},{\"@type\":\"WebSite\",\"@id\":\"https:\\\/\\\/www.tstcables.com\\\/vi\\\/#website\",\"url\":\"https:\\\/\\\/www.tstcables.com\\\/vi\\\/\",\"name\":\"TST Cable supplier & Manufacture\",\"description\":\"TST CABLES  supplier &amp; Manufacture official website\",\"publisher\":{\"@id\":\"https:\\\/\\\/www.tstcables.com\\\/vi\\\/#organization\"},\"potentialAction\":[{\"@type\":\"SearchAction\",\"target\":{\"@type\":\"EntryPoint\",\"urlTemplate\":\"https:\\\/\\\/www.tstcables.com\\\/vi\\\/?s={search_term_string}\"},\"query-input\":{\"@type\":\"PropertyValueSpecification\",\"valueRequired\":true,\"valueName\":\"search_term_string\"}}],\"inLanguage\":\"vi-VN\"},{\"@type\":\"Organization\",\"@id\":\"https:\\\/\\\/www.tstcables.com\\\/vi\\\/#organization\",\"name\":\"TST Cable supplier & Manufacture\",\"url\":\"https:\\\/\\\/www.tstcables.com\\\/vi\\\/\",\"logo\":{\"@type\":\"ImageObject\",\"inLanguage\":\"vi-VN\",\"@id\":\"https:\\\/\\\/www.tstcables.com\\\/vi\\\/#\\\/schema\\\/logo\\\/image\\\/\",\"url\":\"https:\\\/\\\/www.tstcables.com\\\/wp-content\\\/uploads\\\/2024\\\/04\\\/cropped-\u753b\u677f-1-\u62f7\u8d1d-4-1.png\",\"contentUrl\":\"https:\\\/\\\/www.tstcables.com\\\/wp-content\\\/uploads\\\/2024\\\/04\\\/cropped-\u753b\u677f-1-\u62f7\u8d1d-4-1.png\",\"width\":300,\"height\":100,\"caption\":\"TST Cable supplier & Manufacture\"},\"image\":{\"@id\":\"https:\\\/\\\/www.tstcables.com\\\/vi\\\/#\\\/schema\\\/logo\\\/image\\\/\"}}]}<\/script>\n<!-- \/ Yoast SEO plugin. -->","yoast_head_json":{"title":"C\u00e1p h\u1ec7 th\u1ed1ng \u0111i\u1ec1u khi\u1ec3n t\u00e0u v\u1eadn chuy\u1ec3n \u0111\u01b0\u1eddng s\u1eaft","description":"C\u00e1p h\u1ec7 th\u1ed1ng \u0111i\u1ec1u khi\u1ec3n t\u00e0u v\u1eadn t\u1ea3i \u0111\u01b0\u1eddng s\u1eaft \u0111\u00f3ng m\u1ed9t vai tr\u00f2 quan tr\u1ecdng trong h\u1ec7 th\u1ed1ng \u0111i\u1ec1u khi\u1ec3n t\u00e0u c\u1ee7a c\u00e1c ph\u01b0\u01a1ng ti\u1ec7n v\u1eadn t\u1ea3i \u0111\u01b0\u1eddng s\u1eaft, t\u1ea1o \u0111i\u1ec1u ki\u1ec7n thu\u1eadn l\u1ee3i cho vi\u1ec7c truy\u1ec1n t\u00edn hi\u1ec7u v\u00e0 cung c\u1ea5p \u0111i\u1ec7n.","robots":{"index":"index","follow":"follow","max-snippet":"max-snippet:-1","max-image-preview":"max-image-preview:large","max-video-preview":"max-video-preview:-1"},"canonical":"https:\/\/www.tstcables.com\/vi\/product\/cap-he-thong-dieu-khien-tau-van-chuyen-duong-sat\/","og_locale":"vi_VN","og_type":"article","og_title":"C\u00e1p h\u1ec7 th\u1ed1ng \u0111i\u1ec1u khi\u1ec3n t\u00e0u v\u1eadn chuy\u1ec3n \u0111\u01b0\u1eddng s\u1eaft","og_description":"C\u00e1p h\u1ec7 th\u1ed1ng \u0111i\u1ec1u khi\u1ec3n t\u00e0u v\u1eadn t\u1ea3i \u0111\u01b0\u1eddng s\u1eaft \u0111\u00f3ng m\u1ed9t vai tr\u00f2 quan tr\u1ecdng trong h\u1ec7 th\u1ed1ng \u0111i\u1ec1u khi\u1ec3n t\u00e0u c\u1ee7a c\u00e1c ph\u01b0\u01a1ng ti\u1ec7n v\u1eadn t\u1ea3i \u0111\u01b0\u1eddng s\u1eaft, t\u1ea1o \u0111i\u1ec1u ki\u1ec7n thu\u1eadn l\u1ee3i cho vi\u1ec7c truy\u1ec1n t\u00edn hi\u1ec7u v\u00e0 cung c\u1ea5p \u0111i\u1ec7n.","og_url":"https:\/\/www.tstcables.com\/vi\/product\/cap-he-thong-dieu-khien-tau-van-chuyen-duong-sat\/","og_site_name":"TST CABLES supplier &amp; Manufacture","og_image":[{"width":640,"height":640,"url":"https:\/\/www.tstcables.com\/wp-content\/uploads\/2024\/03\/5-7.jpg","type":"image\/jpeg"}],"twitter_card":"summary_large_image","twitter_misc":{"Est. reading time":"1 minute"},"schema":{"@context":"https:\/\/schema.org","@graph":[{"@type":"WebPage","@id":"https:\/\/www.tstcables.com\/vi\/product\/cap-he-thong-dieu-khien-tau-van-chuyen-duong-sat\/","url":"https:\/\/www.tstcables.com\/vi\/product\/cap-he-thong-dieu-khien-tau-van-chuyen-duong-sat\/","name":"C\u00e1p h\u1ec7 th\u1ed1ng \u0111i\u1ec1u khi\u1ec3n t\u00e0u v\u1eadn chuy\u1ec3n \u0111\u01b0\u1eddng s\u1eaft","isPartOf":{"@id":"https:\/\/www.tstcables.com\/vi\/#website"},"primaryImageOfPage":{"@id":"https:\/\/www.tstcables.com\/vi\/product\/cap-he-thong-dieu-khien-tau-van-chuyen-duong-sat\/#primaryimage"},"image":{"@id":"https:\/\/www.tstcables.com\/vi\/product\/cap-he-thong-dieu-khien-tau-van-chuyen-duong-sat\/#primaryimage"},"thumbnailUrl":"https:\/\/www.tstcables.com\/wp-content\/uploads\/2024\/03\/5-7.jpg","datePublished":"2024-04-11T06:39:51+00:00","description":"C\u00e1p h\u1ec7 th\u1ed1ng \u0111i\u1ec1u khi\u1ec3n t\u00e0u v\u1eadn t\u1ea3i \u0111\u01b0\u1eddng s\u1eaft \u0111\u00f3ng m\u1ed9t vai tr\u00f2 quan tr\u1ecdng trong h\u1ec7 th\u1ed1ng \u0111i\u1ec1u khi\u1ec3n t\u00e0u c\u1ee7a c\u00e1c ph\u01b0\u01a1ng ti\u1ec7n v\u1eadn t\u1ea3i \u0111\u01b0\u1eddng s\u1eaft, t\u1ea1o \u0111i\u1ec1u ki\u1ec7n thu\u1eadn l\u1ee3i cho vi\u1ec7c truy\u1ec1n t\u00edn hi\u1ec7u v\u00e0 cung c\u1ea5p \u0111i\u1ec7n.","breadcrumb":{"@id":"https:\/\/www.tstcables.com\/vi\/product\/cap-he-thong-dieu-khien-tau-van-chuyen-duong-sat\/#breadcrumb"},"inLanguage":"vi-VN","potentialAction":[{"@type":"ReadAction","target":["https:\/\/www.tstcables.com\/vi\/product\/cap-he-thong-dieu-khien-tau-van-chuyen-duong-sat\/"]}]},{"@type":"ImageObject","inLanguage":"vi-VN","@id":"https:\/\/www.tstcables.com\/vi\/product\/cap-he-thong-dieu-khien-tau-van-chuyen-duong-sat\/#primaryimage","url":"https:\/\/www.tstcables.com\/wp-content\/uploads\/2024\/03\/5-7.jpg","contentUrl":"https:\/\/www.tstcables.com\/wp-content\/uploads\/2024\/03\/5-7.jpg","width":640,"height":640,"caption":"CAN BUS\/RS485\/RS422 communication cable"},{"@type":"BreadcrumbList","@id":"https:\/\/www.tstcables.com\/vi\/product\/cap-he-thong-dieu-khien-tau-van-chuyen-duong-sat\/#breadcrumb","itemListElement":[{"@type":"ListItem","position":1,"name":"\u9996\u9875","item":"https:\/\/www.tstcables.com\/vi\/"},{"@type":"ListItem","position":2,"name":"Product","item":"https:\/\/www.tstcables.com\/product\/"},{"@type":"ListItem","position":3,"name":"C\u00e1p h\u1ec7 th\u1ed1ng \u0111i\u1ec1u khi\u1ec3n t\u00e0u v\u1eadn chuy\u1ec3n \u0111\u01b0\u1eddng s\u1eaft"}]},{"@type":"WebSite","@id":"https:\/\/www.tstcables.com\/vi\/#website","url":"https:\/\/www.tstcables.com\/vi\/","name":"TST Cable supplier & Manufacture","description":"TST CABLES  supplier &amp; Manufacture official website","publisher":{"@id":"https:\/\/www.tstcables.com\/vi\/#organization"},"potentialAction":[{"@type":"SearchAction","target":{"@type":"EntryPoint","urlTemplate":"https:\/\/www.tstcables.com\/vi\/?s={search_term_string}"},"query-input":{"@type":"PropertyValueSpecification","valueRequired":true,"valueName":"search_term_string"}}],"inLanguage":"vi-VN"},{"@type":"Organization","@id":"https:\/\/www.tstcables.com\/vi\/#organization","name":"TST Cable supplier & Manufacture","url":"https:\/\/www.tstcables.com\/vi\/","logo":{"@type":"ImageObject","inLanguage":"vi-VN","@id":"https:\/\/www.tstcables.com\/vi\/#\/schema\/logo\/image\/","url":"https:\/\/www.tstcables.com\/wp-content\/uploads\/2024\/04\/cropped-\u753b\u677f-1-\u62f7\u8d1d-4-1.png","contentUrl":"https:\/\/www.tstcables.com\/wp-content\/uploads\/2024\/04\/cropped-\u753b\u677f-1-\u62f7\u8d1d-4-1.png","width":300,"height":100,"caption":"TST Cable supplier & Manufacture"},"image":{"@id":"https:\/\/www.tstcables.com\/vi\/#\/schema\/logo\/image\/"}}]}},"_links":{"self":[{"href":"https:\/\/www.tstcables.com\/vi\/wp-json\/wp\/v2\/product\/21038","targetHints":{"allow":["GET"]}}],"collection":[{"href":"https:\/\/www.tstcables.com\/vi\/wp-json\/wp\/v2\/product"}],"about":[{"href":"https:\/\/www.tstcables.com\/vi\/wp-json\/wp\/v2\/types\/product"}],"version-history":[{"count":0,"href":"https:\/\/www.tstcables.com\/vi\/wp-json\/wp\/v2\/product\/21038\/revisions"}],"wp:featuredmedia":[{"embeddable":true,"href":"https:\/\/www.tstcables.com\/vi\/wp-json\/wp\/v2\/media\/12536"}],"wp:attachment":[{"href":"https:\/\/www.tstcables.com\/vi\/wp-json\/wp\/v2\/media?parent=21038"}],"wp:term":[{"taxonomy":"product_brand","embeddable":true,"href":"https:\/\/www.tstcables.com\/vi\/wp-json\/wp\/v2\/product_brand?post=21038"},{"taxonomy":"product_cat","embeddable":true,"href":"https:\/\/www.tstcables.com\/vi\/wp-json\/wp\/v2\/product_cat?post=21038"},{"taxonomy":"product_tag","embeddable":true,"href":"https:\/\/www.tstcables.com\/vi\/wp-json\/wp\/v2\/product_tag?post=21038"}],"curies":[{"name":"wp","href":"https:\/\/api.w.org\/{rel}","templated":true}]}}