{"id":21039,"date":"2024-04-11T15:35:15","date_gmt":"2024-04-11T07:35:15","guid":{"rendered":"https:\/\/www.tstcables.com\/product\/cap-he-thong-phanh-xe\/"},"modified":"2024-04-11T15:35:15","modified_gmt":"2024-04-11T07:35:15","slug":"cap-he-thong-phanh-xe","status":"publish","type":"product","link":"https:\/\/www.tstcables.com\/vi\/product\/cap-he-thong-phanh-xe\/","title":{"rendered":"c\u00e1p h\u1ec7 th\u1ed1ng phanh xe"},"content":{"rendered":"<p>\u1ee8ng d\u1ee5ng:<\/p>\n<p>h\u1ec7 th\u1ed1ng phanh xe<\/p>\n<p>\u0110\u1eb7c \u0111i\u1ec3m:<\/p>\n<ul>\n<li>Ch\u1ecbu nhi\u1ec7t \u0111\u1ed9: -40\u00b0C \u0111\u1ebfn 125\u00b0C<\/li>\n<li>\u0110\u1ecbnh m\u1ee9c \u0111i\u1ec7n \u00e1p: 300V (\u0110i\u1ec7n \u00e1p th\u1eed nghi\u1ec7m: 3500V\/5 ph\u00fat)<\/li>\n<li>Kh\u1ea3 n\u0103ng ch\u1ed1ng ch\u00e1y: Tu\u00e2n th\u1ee7 EN45545-2 R15\/R16 HL3<\/li>\n<li>\u0110\u1ed9 b\u1ec1n v\u1ecf b\u1ecdc: 10Mpa&gt;<\/li>\n<li>B\u00e1n k\u00ednh u\u1ed1n c\u00e1p: 6 l\u1ea7n \u0111\u01b0\u1eddng k\u00ednh ngo\u00e0i (6D)<\/li>\n<li>\u0110\u1ed9 d\u1eabn \u0111i\u1ec7n cao<\/li>\n<\/ul>\n<p>Ti\u00eau chu\u1ea9n c\u00f4ng nghi\u1ec7p:<\/p>\n<ul>\n<li>EN45545-2<\/li>\n<\/ul>\n<p>K\u1ebft c\u1ea5u:<\/p>\n<ul>\n<li>D\u00e2y d\u1eabn: D\u00e2y d\u1eabn b\u1eb1ng \u0111\u1ed3ng m\u1ea1 b\u1ea1c, c\u1ea5u tr\u00fac 5 l\u1edbp ho\u1eb7c 6 l\u1edbp.<\/li>\n<li>Ch\u1ea5t c\u00e1ch \u0111i\u1ec7n: ch\u1ea5t \u0111\u1ed3ng tr\u00f9ng h\u1ee3p kh\u00f4ng ch\u1ee9a halogen.<\/li>\n<li>Che ch\u1eafn: B\u1ec7n \u0111\u1ed3ng m\u1ea1 thi\u1ebfc.<\/li>\n<li>\u00c1o kho\u00e1c\/v\u1ecf b\u1ecdc: ch\u1ea5t \u0111\u1ed3ng tr\u00f9ng h\u1ee3p kh\u00f4ng ch\u1ee9a halogen.<\/li>\n<\/ul>\n<p>Tham s\u1ed1 l\u1ef1a ch\u1ecdn<\/p>\n<style type=\"text\/css\">\n.tg  {border-collapse:collapse;border-spacing:0;}<br \/>\n.tg td{border-color:black;border-style:solid;border-width:1px;font-family:Arial, sans-serif;font-size:14px;<br \/>\n  overflow:hidden;padding:10px 5px;word-break:normal;}<br \/>\n.tg th{border-color:black;border-style:solid;border-width:1px;font-family:Arial, sans-serif;font-size:14px;<br \/>\n  font-weight:normal;overflow:hidden;padding:10px 5px;word-break:normal;}<br \/>\n.tg .tg-949j{background-color:#F5F7F9;border-color:inherit;color:#333;text-align:center;vertical-align:top}<br \/>\n.tg .tg-qfl9{background-color:#F5F7F9;text-align:center;vertical-align:middle}<br \/>\n.tg .tg-ybkv{background-color:#F5F7F9;text-align:left;vertical-align:middle}<br \/>\n.tg .tg-1771{background-color:#F5F7F9;text-align:center;vertical-align:top}<br \/>\n.tg .tg-ywbj{background-color:#F5F7F9;text-align:left;vertical-align:top}<br \/>\n<\/style>\n<table class=\"tg\">\n<thead>\n<tr>\n<th class=\"tg-949j\" rowspan=\"2\">S\u1ed1 l\u00f5i * ti\u1ebft di\u1ec7n danh ngh\u0129a\/mm2<\/th>\n<th class=\"tg-1771\" rowspan=\"2\">\u0110\u1ed9 d\u00e0y c\u00e1ch nhi\u1ec7t\/mm<\/th>\n<th class=\"tg-1771\" rowspan=\"2\">\u0110\u01b0\u1eddng k\u00ednh ngo\u00e0i c\u00e1ch nhi\u1ec7t\/mm<\/th>\n<th class=\"tg-1771\" colspan=\"2\">\u0110\u1ed9 d\u00e0y v\u1ecf b\u1ecdc\/mm<\/th>\n<\/tr>\n<tr>\n<th class=\"tg-qfl9\">0.5<\/th>\n<th class=\"tg-1771\">4.4\u00b10.2mm<\/th>\n<\/tr>\n<\/thead>\n<tbody>\n<tr>\n<td class=\"tg-ywbj\">4X0.5<\/td>\n<td class=\"tg-ywbj\">0.25\u00b10.05<\/td>\n<td class=\"tg-ywbj\">1.4\u00b10.1<\/td>\n<td class=\"tg-ybkv\">0.6<\/td>\n<td class=\"tg-ywbj\">5.0\u00b10.2mm<\/td>\n<\/tr>\n<tr>\n<td class=\"tg-ywbj\">5X0.5<\/td>\n<td class=\"tg-ywbj\">0.25\u00b10.05<\/td>\n<td class=\"tg-ywbj\">1.4\u00b10.1<\/td>\n<td class=\"tg-ybkv\">0.5<\/td>\n<td class=\"tg-ywbj\">5.2\u00b10.2mm<\/td>\n<\/tr>\n<tr>\n<td class=\"tg-ywbj\">6X0.5<\/td>\n<td class=\"tg-ywbj\">0.25\u00b10.05<\/td>\n<td class=\"tg-ywbj\">1.4\u00b10.1<\/td>\n<td class=\"tg-ybkv\">0.6<\/td>\n<td class=\"tg-ywbj\">6.2\u00b10.2mm<\/td>\n<\/tr>\n<tr>\n<td class=\"tg-ywbj\">8X0.5<\/td>\n<td class=\"tg-ywbj\">0.25\u00b10.05<\/td>\n<td class=\"tg-ywbj\">1.4\u00b10.1<\/td>\n<td class=\"tg-ybkv\">0.5<\/td>\n<td class=\"tg-ywbj\">6.1\u00b10.2mm<\/td>\n<\/tr>\n<tr>\n<td class=\"tg-ywbj\" rowspan=\"2\">2*4*0.2<\/td>\n<td class=\"tg-ywbj\" rowspan=\"2\">0.25\/0.2<\/td>\n<td class=\"tg-ywbj\">1.4\u00b10.1\/1.3<\/td>\n<td class=\"tg-ybkv\" rowspan=\"2\">1.2<\/td>\n<td class=\"tg-ywbj\" rowspan=\"2\">9.0\u00b10.2mm<\/td>\n<\/tr>\n<tr>\n<td class=\"tg-ywbj\">\u00b10.1<\/td>\n<\/tr>\n<\/tbody>\n<\/table>\n","protected":false},"excerpt":{"rendered":"<p>C\u00e1p h\u1ec7 th\u1ed1ng phanh xe c\u00f3 nhi\u1ec7t \u0111\u1ed9 cao, ch\u1ed1ng ch\u00e1y v\u00e0 c\u00f3 th\u1ec3 u\u1ed1n cong, \u0111\u1ed3ng th\u1eddi \u0111\u00f3ng vai tr\u00f2 quan tr\u1ecdng trong vi\u1ec7c truy\u1ec1n t\u00edn hi\u1ec7u v\u00e0 l\u1ec7nh gi\u1eefa b\u00e0n \u0111\u1ea1p phanh v\u00e0 c\u00e1c b\u1ed9 ph\u1eadn c\u1ee7a h\u1ec7 th\u1ed1ng phanh.<\/p>\n","protected":false},"featured_media":11499,"template":"","meta":{"_eb_attr":"","site-sidebar-layout":"default","site-content-layout":"","ast-site-content-layout":"default","site-content-style":"default","site-sidebar-style":"default","ast-global-header-display":"","ast-banner-title-visibility":"","ast-main-header-display":"","ast-hfb-above-header-display":"","ast-hfb-below-header-display":"","ast-hfb-mobile-header-display":"","site-post-title":"","ast-breadcrumbs-content":"","ast-featured-img":"","footer-sml-layout":"","theme-transparent-header-meta":"default","adv-header-id-meta":"","stick-header-meta":"","header-above-stick-meta":"","header-main-stick-meta":"","header-below-stick-meta":"","astra-migrate-meta-layouts":"default","ast-page-background-enabled":"default","ast-page-background-meta":{"desktop":{"background-color":"","background-image":"","background-repeat":"repeat","background-position":"center center","background-size":"auto","background-attachment":"scroll","background-type":"","background-media":"","overlay-type":"","overlay-color":"","overlay-opacity":"","overlay-gradient":""},"tablet":{"background-color":"","background-image":"","background-repeat":"repeat","background-position":"center center","background-size":"auto","background-attachment":"scroll","background-type":"","background-media":"","overlay-type":"","overlay-color":"","overlay-opacity":"","overlay-gradient":""},"mobile":{"background-color":"","background-image":"","background-repeat":"repeat","background-position":"center center","background-size":"auto","background-attachment":"scroll","background-type":"","background-media":"","overlay-type":"","overlay-color":"","overlay-opacity":"","overlay-gradient":""}},"ast-content-background-meta":{"desktop":{"background-color":"var(--ast-global-color-5)","background-image":"","background-repeat":"repeat","background-position":"center center","background-size":"auto","background-attachment":"scroll","background-type":"","background-media":"","overlay-type":"","overlay-color":"","overlay-opacity":"","overlay-gradient":""},"tablet":{"background-color":"var(--ast-global-color-5)","background-image":"","background-repeat":"repeat","background-position":"center center","background-size":"auto","background-attachment":"scroll","background-type":"","background-media":"","overlay-type":"","overlay-color":"","overlay-opacity":"","overlay-gradient":""},"mobile":{"background-color":"var(--ast-global-color-5)","background-image":"","background-repeat":"repeat","background-position":"center center","background-size":"auto","background-attachment":"scroll","background-type":"","background-media":"","overlay-type":"","overlay-color":"","overlay-opacity":"","overlay-gradient":""}}},"product_brand":[],"product_cat":[842],"product_tag":[1950,1987],"class_list":{"0":"post-21039","1":"product","2":"type-product","3":"status-publish","4":"has-post-thumbnail","6":"product_cat-rail-way-vi","7":"product_tag-cap-cam-bien","8":"product_tag-cap-cam-bien-tong-hop","9":"desktop-align-center","10":"tablet-align-left","11":"mobile-align-left","13":"first","14":"instock","15":"shipping-taxable","16":"product-type-simple"},"yoast_head":"<!-- This site is optimized with the Yoast SEO plugin v27.5 - https:\/\/yoast.com\/product\/yoast-seo-wordpress\/ -->\n<title>c\u00e1p h\u1ec7 th\u1ed1ng phanh xe<\/title>\n<meta name=\"description\" content=\"C\u00e1p h\u1ec7 th\u1ed1ng phanh xe \u0111\u00f3ng m\u1ed9t vai tr\u00f2 quan tr\u1ecdng trong vi\u1ec7c truy\u1ec1n t\u00edn hi\u1ec7u v\u00e0 l\u1ec7nh gi\u1eefa b\u00e0n \u0111\u1ea1p phanh v\u00e0 c\u00e1c b\u1ed9 ph\u1eadn c\u1ee7a h\u1ec7 th\u1ed1ng phanh.\" \/>\n<meta name=\"robots\" content=\"index, follow, max-snippet:-1, max-image-preview:large, max-video-preview:-1\" \/>\n<link rel=\"canonical\" href=\"https:\/\/www.tstcables.com\/vi\/product\/cap-he-thong-phanh-xe\/\" \/>\n<meta property=\"og:locale\" content=\"vi_VN\" \/>\n<meta property=\"og:type\" content=\"article\" \/>\n<meta property=\"og:title\" content=\"c\u00e1p h\u1ec7 th\u1ed1ng phanh xe\" \/>\n<meta property=\"og:description\" content=\"C\u00e1p h\u1ec7 th\u1ed1ng phanh xe \u0111\u00f3ng m\u1ed9t vai tr\u00f2 quan tr\u1ecdng trong vi\u1ec7c truy\u1ec1n t\u00edn hi\u1ec7u v\u00e0 l\u1ec7nh gi\u1eefa b\u00e0n \u0111\u1ea1p phanh v\u00e0 c\u00e1c b\u1ed9 ph\u1eadn c\u1ee7a h\u1ec7 th\u1ed1ng phanh.\" \/>\n<meta property=\"og:url\" content=\"https:\/\/www.tstcables.com\/vi\/product\/cap-he-thong-phanh-xe\/\" \/>\n<meta property=\"og:site_name\" content=\"TST CABLES supplier &amp; Manufacture\" \/>\n<meta property=\"og:image\" content=\"https:\/\/www.tstcables.com\/wp-content\/uploads\/2024\/03\/Composite-sensor-cable.jpg\" \/>\n\t<meta property=\"og:image:width\" content=\"500\" \/>\n\t<meta property=\"og:image:height\" content=\"500\" \/>\n\t<meta property=\"og:image:type\" content=\"image\/jpeg\" \/>\n<meta name=\"twitter:card\" content=\"summary_large_image\" \/>\n<meta name=\"twitter:label1\" content=\"Est. reading time\" \/>\n\t<meta name=\"twitter:data1\" content=\"1 minute\" \/>\n<script type=\"application\/ld+json\" class=\"yoast-schema-graph\">{\"@context\":\"https:\\\/\\\/schema.org\",\"@graph\":[{\"@type\":\"WebPage\",\"@id\":\"https:\\\/\\\/www.tstcables.com\\\/vi\\\/product\\\/cap-he-thong-phanh-xe\\\/\",\"url\":\"https:\\\/\\\/www.tstcables.com\\\/vi\\\/product\\\/cap-he-thong-phanh-xe\\\/\",\"name\":\"c\u00e1p h\u1ec7 th\u1ed1ng phanh xe\",\"isPartOf\":{\"@id\":\"https:\\\/\\\/www.tstcables.com\\\/vi\\\/#website\"},\"primaryImageOfPage\":{\"@id\":\"https:\\\/\\\/www.tstcables.com\\\/vi\\\/product\\\/cap-he-thong-phanh-xe\\\/#primaryimage\"},\"image\":{\"@id\":\"https:\\\/\\\/www.tstcables.com\\\/vi\\\/product\\\/cap-he-thong-phanh-xe\\\/#primaryimage\"},\"thumbnailUrl\":\"https:\\\/\\\/www.tstcables.com\\\/wp-content\\\/uploads\\\/2024\\\/03\\\/Composite-sensor-cable.jpg\",\"datePublished\":\"2024-04-11T07:35:15+00:00\",\"description\":\"C\u00e1p h\u1ec7 th\u1ed1ng phanh xe \u0111\u00f3ng m\u1ed9t vai tr\u00f2 quan tr\u1ecdng trong vi\u1ec7c truy\u1ec1n t\u00edn hi\u1ec7u v\u00e0 l\u1ec7nh gi\u1eefa b\u00e0n \u0111\u1ea1p phanh v\u00e0 c\u00e1c b\u1ed9 ph\u1eadn c\u1ee7a h\u1ec7 th\u1ed1ng phanh.\",\"breadcrumb\":{\"@id\":\"https:\\\/\\\/www.tstcables.com\\\/vi\\\/product\\\/cap-he-thong-phanh-xe\\\/#breadcrumb\"},\"inLanguage\":\"vi-VN\",\"potentialAction\":[{\"@type\":\"ReadAction\",\"target\":[\"https:\\\/\\\/www.tstcables.com\\\/vi\\\/product\\\/cap-he-thong-phanh-xe\\\/\"]}]},{\"@type\":\"ImageObject\",\"inLanguage\":\"vi-VN\",\"@id\":\"https:\\\/\\\/www.tstcables.com\\\/vi\\\/product\\\/cap-he-thong-phanh-xe\\\/#primaryimage\",\"url\":\"https:\\\/\\\/www.tstcables.com\\\/wp-content\\\/uploads\\\/2024\\\/03\\\/Composite-sensor-cable.jpg\",\"contentUrl\":\"https:\\\/\\\/www.tstcables.com\\\/wp-content\\\/uploads\\\/2024\\\/03\\\/Composite-sensor-cable.jpg\",\"width\":500,\"height\":500,\"caption\":\"Composite sensor cable\"},{\"@type\":\"BreadcrumbList\",\"@id\":\"https:\\\/\\\/www.tstcables.com\\\/vi\\\/product\\\/cap-he-thong-phanh-xe\\\/#breadcrumb\",\"itemListElement\":[{\"@type\":\"ListItem\",\"position\":1,\"name\":\"\u9996\u9875\",\"item\":\"https:\\\/\\\/www.tstcables.com\\\/vi\\\/\"},{\"@type\":\"ListItem\",\"position\":2,\"name\":\"Product\",\"item\":\"https:\\\/\\\/www.tstcables.com\\\/product\\\/\"},{\"@type\":\"ListItem\",\"position\":3,\"name\":\"c\u00e1p h\u1ec7 th\u1ed1ng phanh xe\"}]},{\"@type\":\"WebSite\",\"@id\":\"https:\\\/\\\/www.tstcables.com\\\/vi\\\/#website\",\"url\":\"https:\\\/\\\/www.tstcables.com\\\/vi\\\/\",\"name\":\"TST Cable supplier & Manufacture\",\"description\":\"TST CABLES  supplier &amp; Manufacture official website\",\"publisher\":{\"@id\":\"https:\\\/\\\/www.tstcables.com\\\/vi\\\/#organization\"},\"potentialAction\":[{\"@type\":\"SearchAction\",\"target\":{\"@type\":\"EntryPoint\",\"urlTemplate\":\"https:\\\/\\\/www.tstcables.com\\\/vi\\\/?s={search_term_string}\"},\"query-input\":{\"@type\":\"PropertyValueSpecification\",\"valueRequired\":true,\"valueName\":\"search_term_string\"}}],\"inLanguage\":\"vi-VN\"},{\"@type\":\"Organization\",\"@id\":\"https:\\\/\\\/www.tstcables.com\\\/vi\\\/#organization\",\"name\":\"TST Cable supplier & Manufacture\",\"url\":\"https:\\\/\\\/www.tstcables.com\\\/vi\\\/\",\"logo\":{\"@type\":\"ImageObject\",\"inLanguage\":\"vi-VN\",\"@id\":\"https:\\\/\\\/www.tstcables.com\\\/vi\\\/#\\\/schema\\\/logo\\\/image\\\/\",\"url\":\"https:\\\/\\\/www.tstcables.com\\\/wp-content\\\/uploads\\\/2024\\\/04\\\/cropped-\u753b\u677f-1-\u62f7\u8d1d-4-1.png\",\"contentUrl\":\"https:\\\/\\\/www.tstcables.com\\\/wp-content\\\/uploads\\\/2024\\\/04\\\/cropped-\u753b\u677f-1-\u62f7\u8d1d-4-1.png\",\"width\":300,\"height\":100,\"caption\":\"TST Cable supplier & Manufacture\"},\"image\":{\"@id\":\"https:\\\/\\\/www.tstcables.com\\\/vi\\\/#\\\/schema\\\/logo\\\/image\\\/\"}}]}<\/script>\n<!-- \/ Yoast SEO plugin. -->","yoast_head_json":{"title":"c\u00e1p h\u1ec7 th\u1ed1ng phanh xe","description":"C\u00e1p h\u1ec7 th\u1ed1ng phanh xe \u0111\u00f3ng m\u1ed9t vai tr\u00f2 quan tr\u1ecdng trong vi\u1ec7c truy\u1ec1n t\u00edn hi\u1ec7u v\u00e0 l\u1ec7nh gi\u1eefa b\u00e0n \u0111\u1ea1p phanh v\u00e0 c\u00e1c b\u1ed9 ph\u1eadn c\u1ee7a h\u1ec7 th\u1ed1ng phanh.","robots":{"index":"index","follow":"follow","max-snippet":"max-snippet:-1","max-image-preview":"max-image-preview:large","max-video-preview":"max-video-preview:-1"},"canonical":"https:\/\/www.tstcables.com\/vi\/product\/cap-he-thong-phanh-xe\/","og_locale":"vi_VN","og_type":"article","og_title":"c\u00e1p h\u1ec7 th\u1ed1ng phanh xe","og_description":"C\u00e1p h\u1ec7 th\u1ed1ng phanh xe \u0111\u00f3ng m\u1ed9t vai tr\u00f2 quan tr\u1ecdng trong vi\u1ec7c truy\u1ec1n t\u00edn hi\u1ec7u v\u00e0 l\u1ec7nh gi\u1eefa b\u00e0n \u0111\u1ea1p phanh v\u00e0 c\u00e1c b\u1ed9 ph\u1eadn c\u1ee7a h\u1ec7 th\u1ed1ng phanh.","og_url":"https:\/\/www.tstcables.com\/vi\/product\/cap-he-thong-phanh-xe\/","og_site_name":"TST CABLES supplier &amp; Manufacture","og_image":[{"width":500,"height":500,"url":"https:\/\/www.tstcables.com\/wp-content\/uploads\/2024\/03\/Composite-sensor-cable.jpg","type":"image\/jpeg"}],"twitter_card":"summary_large_image","twitter_misc":{"Est. reading time":"1 minute"},"schema":{"@context":"https:\/\/schema.org","@graph":[{"@type":"WebPage","@id":"https:\/\/www.tstcables.com\/vi\/product\/cap-he-thong-phanh-xe\/","url":"https:\/\/www.tstcables.com\/vi\/product\/cap-he-thong-phanh-xe\/","name":"c\u00e1p h\u1ec7 th\u1ed1ng phanh xe","isPartOf":{"@id":"https:\/\/www.tstcables.com\/vi\/#website"},"primaryImageOfPage":{"@id":"https:\/\/www.tstcables.com\/vi\/product\/cap-he-thong-phanh-xe\/#primaryimage"},"image":{"@id":"https:\/\/www.tstcables.com\/vi\/product\/cap-he-thong-phanh-xe\/#primaryimage"},"thumbnailUrl":"https:\/\/www.tstcables.com\/wp-content\/uploads\/2024\/03\/Composite-sensor-cable.jpg","datePublished":"2024-04-11T07:35:15+00:00","description":"C\u00e1p h\u1ec7 th\u1ed1ng phanh xe \u0111\u00f3ng m\u1ed9t vai tr\u00f2 quan tr\u1ecdng trong vi\u1ec7c truy\u1ec1n t\u00edn hi\u1ec7u v\u00e0 l\u1ec7nh gi\u1eefa b\u00e0n \u0111\u1ea1p phanh v\u00e0 c\u00e1c b\u1ed9 ph\u1eadn c\u1ee7a h\u1ec7 th\u1ed1ng phanh.","breadcrumb":{"@id":"https:\/\/www.tstcables.com\/vi\/product\/cap-he-thong-phanh-xe\/#breadcrumb"},"inLanguage":"vi-VN","potentialAction":[{"@type":"ReadAction","target":["https:\/\/www.tstcables.com\/vi\/product\/cap-he-thong-phanh-xe\/"]}]},{"@type":"ImageObject","inLanguage":"vi-VN","@id":"https:\/\/www.tstcables.com\/vi\/product\/cap-he-thong-phanh-xe\/#primaryimage","url":"https:\/\/www.tstcables.com\/wp-content\/uploads\/2024\/03\/Composite-sensor-cable.jpg","contentUrl":"https:\/\/www.tstcables.com\/wp-content\/uploads\/2024\/03\/Composite-sensor-cable.jpg","width":500,"height":500,"caption":"Composite sensor cable"},{"@type":"BreadcrumbList","@id":"https:\/\/www.tstcables.com\/vi\/product\/cap-he-thong-phanh-xe\/#breadcrumb","itemListElement":[{"@type":"ListItem","position":1,"name":"\u9996\u9875","item":"https:\/\/www.tstcables.com\/vi\/"},{"@type":"ListItem","position":2,"name":"Product","item":"https:\/\/www.tstcables.com\/product\/"},{"@type":"ListItem","position":3,"name":"c\u00e1p h\u1ec7 th\u1ed1ng phanh xe"}]},{"@type":"WebSite","@id":"https:\/\/www.tstcables.com\/vi\/#website","url":"https:\/\/www.tstcables.com\/vi\/","name":"TST Cable supplier & Manufacture","description":"TST CABLES  supplier &amp; Manufacture official website","publisher":{"@id":"https:\/\/www.tstcables.com\/vi\/#organization"},"potentialAction":[{"@type":"SearchAction","target":{"@type":"EntryPoint","urlTemplate":"https:\/\/www.tstcables.com\/vi\/?s={search_term_string}"},"query-input":{"@type":"PropertyValueSpecification","valueRequired":true,"valueName":"search_term_string"}}],"inLanguage":"vi-VN"},{"@type":"Organization","@id":"https:\/\/www.tstcables.com\/vi\/#organization","name":"TST Cable supplier & Manufacture","url":"https:\/\/www.tstcables.com\/vi\/","logo":{"@type":"ImageObject","inLanguage":"vi-VN","@id":"https:\/\/www.tstcables.com\/vi\/#\/schema\/logo\/image\/","url":"https:\/\/www.tstcables.com\/wp-content\/uploads\/2024\/04\/cropped-\u753b\u677f-1-\u62f7\u8d1d-4-1.png","contentUrl":"https:\/\/www.tstcables.com\/wp-content\/uploads\/2024\/04\/cropped-\u753b\u677f-1-\u62f7\u8d1d-4-1.png","width":300,"height":100,"caption":"TST Cable supplier & Manufacture"},"image":{"@id":"https:\/\/www.tstcables.com\/vi\/#\/schema\/logo\/image\/"}}]}},"_links":{"self":[{"href":"https:\/\/www.tstcables.com\/vi\/wp-json\/wp\/v2\/product\/21039","targetHints":{"allow":["GET"]}}],"collection":[{"href":"https:\/\/www.tstcables.com\/vi\/wp-json\/wp\/v2\/product"}],"about":[{"href":"https:\/\/www.tstcables.com\/vi\/wp-json\/wp\/v2\/types\/product"}],"version-history":[{"count":0,"href":"https:\/\/www.tstcables.com\/vi\/wp-json\/wp\/v2\/product\/21039\/revisions"}],"wp:featuredmedia":[{"embeddable":true,"href":"https:\/\/www.tstcables.com\/vi\/wp-json\/wp\/v2\/media\/11499"}],"wp:attachment":[{"href":"https:\/\/www.tstcables.com\/vi\/wp-json\/wp\/v2\/media?parent=21039"}],"wp:term":[{"taxonomy":"product_brand","embeddable":true,"href":"https:\/\/www.tstcables.com\/vi\/wp-json\/wp\/v2\/product_brand?post=21039"},{"taxonomy":"product_cat","embeddable":true,"href":"https:\/\/www.tstcables.com\/vi\/wp-json\/wp\/v2\/product_cat?post=21039"},{"taxonomy":"product_tag","embeddable":true,"href":"https:\/\/www.tstcables.com\/vi\/wp-json\/wp\/v2\/product_tag?post=21039"}],"curies":[{"name":"wp","href":"https:\/\/api.w.org\/{rel}","templated":true}]}}