{"id":21040,"date":"2024-03-25T14:48:54","date_gmt":"2024-03-25T06:48:54","guid":{"rendered":"https:\/\/www.tstcables.com\/product\/cap-cach-dien-pe-chiu-nhiet-do-cao-075mm-chiu-muoi-va-kiem-dau\/"},"modified":"2024-03-25T14:48:54","modified_gmt":"2024-03-25T06:48:54","slug":"cap-cach-dien-pe-chiu-nhiet-do-cao-075mm-chiu-muoi-va-kiem-dau","status":"publish","type":"product","link":"https:\/\/www.tstcables.com\/vi\/product\/cap-cach-dien-pe-chiu-nhiet-do-cao-075mm-chiu-muoi-va-kiem-dau\/","title":{"rendered":"C\u00e1p c\u00e1ch \u0111i\u1ec7n PE ch\u1ecbu nhi\u1ec7t \u0111\u1ed9 cao 0,75mm ch\u1ecbu mu\u1ed1i v\u00e0 ki\u1ec1m d\u1ea7u"},"content":{"rendered":"<p>M\u1eabu s\u1ea3n ph\u1ea9m: 0,75mm<\/p>\n<p>T\u00ean s\u1ea3n ph\u1ea9m: C\u00e1p c\u00e1ch \u0111i\u1ec7n PE ch\u1ecbu nhi\u1ec7t \u0111\u1ed9 cao ch\u1ecbu mu\u1ed1i v\u00e0 ki\u1ec1m d\u1ea7u<\/p>\n<p>Ch\u1ecbu \u0111\u01b0\u1ee3c c\u1ea5p \u0111i\u1ec7n \u00e1p: 150\/250V (300V)<\/p>\n<p>C\u1ea5p nhi\u1ec7t \u0111\u1ed9: -40oC &#8211; + 125oC<\/p>\n<p>&nbsp;<\/p>\n<p><strong>C\u00e1c \u1ee9ng d\u1ee5ng:<\/strong><\/p>\n<p>C\u00e1p c\u00e1ch \u0111i\u1ec7n PE ch\u1ecbu nhi\u1ec7t \u0111\u1ed9 cao, ch\u1ecbu mu\u1ed1i v\u00e0 ki\u1ec1m d\u1ea7u h\u00e0ng h\u1ea3i \u0111\u01b0\u1ee3c s\u1eed d\u1ee5ng \u0111\u1eb7c bi\u1ec7t cho c\u00e1c m\u1ea1ch \u0111i\u1ec7n, chi\u1ebfu s\u00e1ng, \u0111i\u1ec1u khi\u1ec3n chung v\u00e0 thi\u1ebft b\u1ecb c\u1ee7a c\u00e1c t\u00e0u kh\u00e1c nhau tr\u00ean s\u00f4ng, bi\u1ec3n, gi\u00e0n khoan d\u1ea7u ngo\u00e0i kh\u01a1i v\u00e0 c\u00e1c c\u00f4ng tr\u00ecnh n\u01b0\u1edbc kh\u00e1c.<\/p>\n<p>&nbsp;<\/p>\n<p><strong>T\u00ednh n\u0103ng s\u1ea3n ph\u1ea9m:<\/strong><\/p>\n<p>C\u00e1p c\u00e1ch \u0111i\u1ec7n PE ch\u1ecbu nhi\u1ec7t \u0111\u1ed9 cao ch\u1ecbu mu\u1ed1i v\u00e0 ki\u1ec1m d\u1ea7u h\u00e0ng h\u1ea3i \u0111\u00e3 \u0111\u01b0\u1ee3c ch\u1ee9ng nh\u1eadn b\u1edfi Hi\u1ec7p h\u1ed9i ph\u00e2n lo\u1ea1i CCS Trung Qu\u1ed1c; n\u00f3 c\u00f3 \u0111\u1eb7c t\u00ednh \u00edt kh\u00f3i, kh\u00f4ng ch\u1ee9a halogen, \u00edt \u0111\u1ed9c t\u00ednh v\u00e0 c\u00f3 kh\u1ea3 n\u0103ng ch\u1ed1ng \u0103n m\u00f2n do n\u1ea5m m\u1ed1c v\u00e0 phun mu\u1ed1i.<\/p>\n<p>&nbsp;<\/p>\n<p><strong>Ti\u00eau chu\u1ea9n c\u00f4ng nghi\u1ec7p:<\/strong><\/p>\n<p>IEC60228, IEC60092-350, IEC60092-360, IEC60092-376, IEC60332-1, IEC60332-3, IEC60331, IEC61034, IEC60754, GJB150, GJB1916<\/p>\n<p>&nbsp;<\/p>\n<p><strong>C\u00e1c th\u00f4ng s\u1ed1 k\u1ef9 thu\u1eadt<\/strong><\/p>\n<table class=\"tg\">\n<thead>\n<tr>\n<th class=\"tg-wa1i\">S\u1ef1 ch\u1ec9 r\u00f5<\/th>\n<th class=\"tg-wa1i\">k\u1ebft c\u1ea5u d\u00e2y d\u1eabn<\/th>\n<th class=\"tg-wa1i\" rowspan=\"2\">Tr\u00ean danh ngh\u0129a<br \/>\nm\u1ee9c \u0111\u1ed9<br \/>\nc\u00e1ch nhi\u1ec7t mm<\/th>\n<th class=\"tg-wa1i\" colspan=\"2\">v\u1ecf b\u1ecdc danh ngh\u0129a<br \/>\n\u0111\u1ed9 d\u00e0y mm<\/th>\n<th class=\"tg-wa1i\" rowspan=\"2\">D\u00e2y b\u1ecdc th\u00e9p<br \/>\n\u0111\u01b0\u1eddng k\u00ednh am<\/th>\n<th class=\"tg-wa1i\" colspan=\"2\">C\u00e1p b\u00ean ngo\u00e0i<br \/>\n\u0111\u01b0\u1eddng k\u00ednh mm<\/th>\n<th class=\"tg-wa1i\">\u0110\u00e3 t\u00ednh to\u00e1n<br \/>\ntr\u1ecdng l\u01b0\u1ee3ng c\u1ee7a<br \/>\nc\u00e1p kg\/km<\/th>\n<\/tr>\n<tr>\n<th class=\"tg-wa1i\">S\u1ed1 l\u00f5i \u00d7<br \/>\nc\u1eaft danh ngh\u0129a<br \/>\ndi\u1ec7n t\u00edch mm2<\/th>\n<th class=\"tg-wa1i\">S\u1ed1 l\u01b0\u1ee3ng<br \/>\ns\u1ee3i\/\u0111\u01a1n<br \/>\nd\u00e2y danh ngh\u0129a<br \/>\n\u0111\u01b0\u1eddng k\u00ednh, mm<\/th>\n<th class=\"tg-wa1i\">B\u00ean trong tay \u00e1o<\/th>\n<th class=\"tg-wa1i\">\u00e1o cho\u00e0ng<\/th>\n<th class=\"tg-wa1i\">tr\u00ean danh ngh\u0129a<br \/>\ngi\u00e1 tr\u1ecb<\/th>\n<th class=\"tg-wa1i\">t\u1ed1i \u0111a<br \/>\ngi\u00e1 tr\u1ecb<\/th>\n<th class=\"tg-wa1i\">CKOJ 185\/DC<\/th>\n<\/tr>\n<\/thead>\n<tbody>\n<tr>\n<td class=\"tg-baqh\">2\u00d70.75<\/td>\n<td class=\"tg-baqh\">7\/0.37<\/td>\n<td class=\"tg-nrix\">0.7<\/td>\n<td class=\"tg-baqh\">\u2014<\/td>\n<td class=\"tg-nrix\">1.1<\/td>\n<td class=\"tg-nrix\">0.2<\/td>\n<td class=\"tg-nrix\">9.3<\/td>\n<td class=\"tg-nrix\">11<\/td>\n<td class=\"tg-nrix\">102<\/td>\n<\/tr>\n<tr>\n<td class=\"tg-baqh\">4\u00d70.75<\/td>\n<td class=\"tg-baqh\">7\/0.37<\/td>\n<td class=\"tg-nrix\">0.7<\/td>\n<td class=\"tg-baqh\">\u2014<\/td>\n<td class=\"tg-nrix\">1.1<\/td>\n<td class=\"tg-nrix\">0.2<\/td>\n<td class=\"tg-nrix\">10.5<\/td>\n<td class=\"tg-nrix\">12<\/td>\n<td class=\"tg-nrix\">137<\/td>\n<\/tr>\n<tr>\n<td class=\"tg-baqh\">7\u00d70.75<\/td>\n<td class=\"tg-baqh\">7\/0.37<\/td>\n<td class=\"tg-nrix\">0.7<\/td>\n<td class=\"tg-baqh\">\u2014<\/td>\n<td class=\"tg-nrix\">1.2<\/td>\n<td class=\"tg-nrix\">0.2<\/td>\n<td class=\"tg-nrix\">12.2<\/td>\n<td class=\"tg-nrix\">14<\/td>\n<td class=\"tg-nrix\">192<\/td>\n<\/tr>\n<tr>\n<td class=\"tg-baqh\">10\u00d70.75<\/td>\n<td class=\"tg-baqh\">7\/0.37<\/td>\n<td class=\"tg-nrix\">0.7<\/td>\n<td class=\"tg-baqh\">\u2014<\/td>\n<td class=\"tg-nrix\">1.3<\/td>\n<td class=\"tg-nrix\">0.3<\/td>\n<td class=\"tg-nrix\">15.6<\/td>\n<td class=\"tg-nrix\">18<\/td>\n<td class=\"tg-nrix\">299<\/td>\n<\/tr>\n<tr>\n<td class=\"tg-baqh\">14\u00d70.75<\/td>\n<td class=\"tg-baqh\">7\/0.37<\/td>\n<td class=\"tg-nrix\">0.7<\/td>\n<td class=\"tg-baqh\">\u2014<\/td>\n<td class=\"tg-nrix\">1.3<\/td>\n<td class=\"tg-nrix\">0.3<\/td>\n<td class=\"tg-nrix\">16.7<\/td>\n<td class=\"tg-nrix\">19<\/td>\n<td class=\"tg-nrix\">360<\/td>\n<\/tr>\n<tr>\n<td class=\"tg-baqh\">19\u00d70.75<\/td>\n<td class=\"tg-baqh\">7\/0.37<\/td>\n<td class=\"tg-nrix\">0.7<\/td>\n<td class=\"tg-nrix\">\u2014<\/td>\n<td class=\"tg-nrix\">1.4<\/td>\n<td class=\"tg-nrix\">0.3<\/td>\n<td class=\"tg-nrix\">18.5<\/td>\n<td class=\"tg-nrix\">21<\/td>\n<td class=\"tg-nrix\">445<\/td>\n<\/tr>\n<tr>\n<td class=\"tg-baqh\">24\u00d70.75<\/td>\n<td class=\"tg-baqh\">7\/0.37<\/td>\n<td class=\"tg-nrix\">0.7<\/td>\n<td class=\"tg-baqh\">\u2014<\/td>\n<td class=\"tg-nrix\">1.5<\/td>\n<td class=\"tg-nrix\">0.3<\/td>\n<td class=\"tg-nrix\">21.3<\/td>\n<td class=\"tg-nrix\">24.5<\/td>\n<td class=\"tg-nrix\">550<\/td>\n<\/tr>\n<tr>\n<td class=\"tg-baqh\">30\u00d70.75<\/td>\n<td class=\"tg-baqh\">7\/0.37<\/td>\n<td class=\"tg-nrix\">0.7<\/td>\n<td class=\"tg-baqh\">\u2014<\/td>\n<td class=\"tg-nrix\">1.5<\/td>\n<td class=\"tg-nrix\">0.3<\/td>\n<td class=\"tg-nrix\">22.4<\/td>\n<td class=\"tg-nrix\">25.3<\/td>\n<td class=\"tg-nrix\">633<\/td>\n<\/tr>\n<tr>\n<td class=\"tg-baqh\">37\u00d70.75<\/td>\n<td class=\"tg-baqh\">7\/0.37<\/td>\n<td class=\"tg-nrix\">0.7<\/td>\n<td class=\"tg-baqh\">\u2014<\/td>\n<td class=\"tg-nrix\">1.6<\/td>\n<td class=\"tg-nrix\">0.3<\/td>\n<td class=\"tg-nrix\">24.2<\/td>\n<td class=\"tg-nrix\">27.5<\/td>\n<td class=\"tg-nrix\">743<\/td>\n<\/tr>\n<\/tbody>\n<\/table>\n<p>L\u01b0u \u00fd: C\u00e1c s\u1ea3n ph\u1ea9m c\u00f3 th\u00f4ng s\u1ed1 k\u1ef9 thu\u1eadt kh\u00e1c c\u0169ng c\u00f3 th\u1ec3 \u0111\u01b0\u1ee3c t\u00f9y ch\u1ec9nh theo nhu c\u1ea7u c\u1ee7a kh\u00e1ch h\u00e0ng<\/p>\n","protected":false},"excerpt":{"rendered":"<p>C\u00e1c s\u1ea3n ph\u1ea9m n\u00e0y \u0111\u01b0\u1ee3c s\u1eed d\u1ee5ng \u0111\u1eb7c bi\u1ec7t cho c\u00e1c m\u1ea1ch \u0111i\u1ec7n, chi\u1ebfu s\u00e1ng, \u0111i\u1ec1u khi\u1ec3n chung v\u00e0 d\u1ee5ng c\u1ee5 c\u1ee7a c\u00e1c t\u00e0u kh\u00e1c nhau tr\u00ean s\u00f4ng, bi\u1ec3n, gi\u00e0n khoan d\u1ea7u ngo\u00e0i kh\u01a1i v\u00e0 c\u00e1c c\u00f4ng tr\u00ecnh n\u01b0\u1edbc kh\u00e1c.<\/p>\n","protected":false},"featured_media":11936,"template":"","meta":{"_eb_attr":"","site-sidebar-layout":"default","site-content-layout":"","ast-site-content-layout":"default","site-content-style":"default","site-sidebar-style":"default","ast-global-header-display":"","ast-banner-title-visibility":"","ast-main-header-display":"","ast-hfb-above-header-display":"","ast-hfb-below-header-display":"","ast-hfb-mobile-header-display":"","site-post-title":"","ast-breadcrumbs-content":"","ast-featured-img":"","footer-sml-layout":"","theme-transparent-header-meta":"default","adv-header-id-meta":"","stick-header-meta":"","header-above-stick-meta":"","header-main-stick-meta":"","header-below-stick-meta":"","astra-migrate-meta-layouts":"default","ast-page-background-enabled":"default","ast-page-background-meta":{"desktop":{"background-color":"","background-image":"","background-repeat":"repeat","background-position":"center center","background-size":"auto","background-attachment":"scroll","background-type":"","background-media":"","overlay-type":"","overlay-color":"","overlay-opacity":"","overlay-gradient":""},"tablet":{"background-color":"","background-image":"","background-repeat":"repeat","background-position":"center center","background-size":"auto","background-attachment":"scroll","background-type":"","background-media":"","overlay-type":"","overlay-color":"","overlay-opacity":"","overlay-gradient":""},"mobile":{"background-color":"","background-image":"","background-repeat":"repeat","background-position":"center center","background-size":"auto","background-attachment":"scroll","background-type":"","background-media":"","overlay-type":"","overlay-color":"","overlay-opacity":"","overlay-gradient":""}},"ast-content-background-meta":{"desktop":{"background-color":"var(--ast-global-color-5)","background-image":"","background-repeat":"repeat","background-position":"center center","background-size":"auto","background-attachment":"scroll","background-type":"","background-media":"","overlay-type":"","overlay-color":"","overlay-opacity":"","overlay-gradient":""},"tablet":{"background-color":"var(--ast-global-color-5)","background-image":"","background-repeat":"repeat","background-position":"center center","background-size":"auto","background-attachment":"scroll","background-type":"","background-media":"","overlay-type":"","overlay-color":"","overlay-opacity":"","overlay-gradient":""},"mobile":{"background-color":"var(--ast-global-color-5)","background-image":"","background-repeat":"repeat","background-position":"center center","background-size":"auto","background-attachment":"scroll","background-type":"","background-media":"","overlay-type":"","overlay-color":"","overlay-opacity":"","overlay-gradient":""}}},"product_brand":[],"product_cat":[1988,1977,1922,831,1989,827,828,829,834,832],"product_tag":[1992,1990,1991],"class_list":{"0":"post-21040","1":"product","2":"type-product","3":"status-publish","4":"has-post-thumbnail","6":"product_cat-cap-chiu-dau","7":"product_cat-cap-chong-muoi-kiem","8":"product_cat-cap-kich-thuoc-nho","9":"product_cat-high-temperature-cable-vi","10":"product_cat-cap-peek","11":"product_cat-enstandard-cable-vi","12":"product_cat-en50264-vi","13":"product_cat-en50306-vi","14":"product_cat-marine-vi","15":"product_cat-ice-standard-vi","16":"product_tag-cap-cach-dien-polyolefin-lien-ket-ngang-nhieu-loi-ckojzp85-dc","17":"product_tag-cap-dien-hang-hai","18":"product_tag-ckojzp85-dc-loai-075mm2","19":"desktop-align-center","20":"tablet-align-left","21":"mobile-align-left","23":"first","24":"instock","25":"shipping-taxable","26":"product-type-simple"},"yoast_head":"<!-- This site is optimized with the Yoast SEO plugin v27.4 - https:\/\/yoast.com\/product\/yoast-seo-wordpress\/ -->\n<title>C\u00e1p c\u00e1ch \u0111i\u1ec7n PE ch\u1ecbu nhi\u1ec7t \u0111\u1ed9 cao ch\u1ecbu mu\u1ed1i v\u00e0 ki\u1ec1m d\u1ea7u<\/title>\n<meta name=\"description\" content=\"C\u00e1p c\u00e1ch \u0111i\u1ec7n PE ch\u1ecbu nhi\u1ec7t \u0111\u1ed9 cao ch\u1ecbu mu\u1ed1i v\u00e0 ki\u1ec1m d\u1ea7u \u0111\u01b0\u1ee3c s\u1eed d\u1ee5ng \u0111\u1eb7c bi\u1ec7t cho \u0111i\u1ec7n, chi\u1ebfu s\u00e1ng\" \/>\n<meta name=\"robots\" content=\"index, follow, max-snippet:-1, max-image-preview:large, max-video-preview:-1\" \/>\n<link rel=\"canonical\" href=\"https:\/\/www.tstcables.com\/vi\/product\/cap-cach-dien-pe-chiu-nhiet-do-cao-075mm-chiu-muoi-va-kiem-dau\/\" \/>\n<meta property=\"og:locale\" content=\"vi_VN\" \/>\n<meta property=\"og:type\" content=\"article\" \/>\n<meta property=\"og:title\" content=\"C\u00e1p c\u00e1ch \u0111i\u1ec7n PE ch\u1ecbu nhi\u1ec7t \u0111\u1ed9 cao ch\u1ecbu mu\u1ed1i v\u00e0 ki\u1ec1m d\u1ea7u\" \/>\n<meta property=\"og:description\" content=\"C\u00e1p c\u00e1ch \u0111i\u1ec7n PE ch\u1ecbu nhi\u1ec7t \u0111\u1ed9 cao ch\u1ecbu mu\u1ed1i v\u00e0 ki\u1ec1m d\u1ea7u \u0111\u01b0\u1ee3c s\u1eed d\u1ee5ng \u0111\u1eb7c bi\u1ec7t cho \u0111i\u1ec7n, chi\u1ebfu s\u00e1ng\" \/>\n<meta property=\"og:url\" content=\"https:\/\/www.tstcables.com\/vi\/product\/cap-cach-dien-pe-chiu-nhiet-do-cao-075mm-chiu-muoi-va-kiem-dau\/\" \/>\n<meta property=\"og:site_name\" content=\"TST CABLES supplier &amp; Manufacture\" \/>\n<meta property=\"og:image\" content=\"https:\/\/www.tstcables.com\/wp-content\/uploads\/2024\/03\/EN50306-4-1pE-300V-MMno-shield-3.jpg\" \/>\n\t<meta property=\"og:image:width\" content=\"640\" \/>\n\t<meta property=\"og:image:height\" content=\"640\" \/>\n\t<meta property=\"og:image:type\" content=\"image\/jpeg\" \/>\n<meta name=\"twitter:card\" content=\"summary_large_image\" \/>\n<meta name=\"twitter:label1\" content=\"Est. reading time\" \/>\n\t<meta name=\"twitter:data1\" content=\"2 minutes\" \/>\n<script type=\"application\/ld+json\" class=\"yoast-schema-graph\">{\"@context\":\"https:\\\/\\\/schema.org\",\"@graph\":[{\"@type\":\"WebPage\",\"@id\":\"https:\\\/\\\/www.tstcables.com\\\/vi\\\/product\\\/cap-cach-dien-pe-chiu-nhiet-do-cao-075mm-chiu-muoi-va-kiem-dau\\\/\",\"url\":\"https:\\\/\\\/www.tstcables.com\\\/vi\\\/product\\\/cap-cach-dien-pe-chiu-nhiet-do-cao-075mm-chiu-muoi-va-kiem-dau\\\/\",\"name\":\"C\u00e1p c\u00e1ch \u0111i\u1ec7n PE ch\u1ecbu nhi\u1ec7t \u0111\u1ed9 cao ch\u1ecbu mu\u1ed1i v\u00e0 ki\u1ec1m d\u1ea7u\",\"isPartOf\":{\"@id\":\"https:\\\/\\\/www.tstcables.com\\\/vi\\\/#website\"},\"primaryImageOfPage\":{\"@id\":\"https:\\\/\\\/www.tstcables.com\\\/vi\\\/product\\\/cap-cach-dien-pe-chiu-nhiet-do-cao-075mm-chiu-muoi-va-kiem-dau\\\/#primaryimage\"},\"image\":{\"@id\":\"https:\\\/\\\/www.tstcables.com\\\/vi\\\/product\\\/cap-cach-dien-pe-chiu-nhiet-do-cao-075mm-chiu-muoi-va-kiem-dau\\\/#primaryimage\"},\"thumbnailUrl\":\"https:\\\/\\\/www.tstcables.com\\\/wp-content\\\/uploads\\\/2024\\\/03\\\/EN50306-4-1pE-300V-MMno-shield-3.jpg\",\"datePublished\":\"2024-03-25T06:48:54+00:00\",\"description\":\"C\u00e1p c\u00e1ch \u0111i\u1ec7n PE ch\u1ecbu nhi\u1ec7t \u0111\u1ed9 cao ch\u1ecbu mu\u1ed1i v\u00e0 ki\u1ec1m d\u1ea7u \u0111\u01b0\u1ee3c s\u1eed d\u1ee5ng \u0111\u1eb7c bi\u1ec7t cho \u0111i\u1ec7n, chi\u1ebfu s\u00e1ng\",\"breadcrumb\":{\"@id\":\"https:\\\/\\\/www.tstcables.com\\\/vi\\\/product\\\/cap-cach-dien-pe-chiu-nhiet-do-cao-075mm-chiu-muoi-va-kiem-dau\\\/#breadcrumb\"},\"inLanguage\":\"vi-VN\",\"potentialAction\":[{\"@type\":\"ReadAction\",\"target\":[\"https:\\\/\\\/www.tstcables.com\\\/vi\\\/product\\\/cap-cach-dien-pe-chiu-nhiet-do-cao-075mm-chiu-muoi-va-kiem-dau\\\/\"]}]},{\"@type\":\"ImageObject\",\"inLanguage\":\"vi-VN\",\"@id\":\"https:\\\/\\\/www.tstcables.com\\\/vi\\\/product\\\/cap-cach-dien-pe-chiu-nhiet-do-cao-075mm-chiu-muoi-va-kiem-dau\\\/#primaryimage\",\"url\":\"https:\\\/\\\/www.tstcables.com\\\/wp-content\\\/uploads\\\/2024\\\/03\\\/EN50306-4-1pE-300V-MMno-shield-3.jpg\",\"contentUrl\":\"https:\\\/\\\/www.tstcables.com\\\/wp-content\\\/uploads\\\/2024\\\/03\\\/EN50306-4-1pE-300V-MMno-shield-3.jpg\",\"width\":640,\"height\":640,\"caption\":\"multi-core silicone insulated cable CKGZP85\\\/DC\"},{\"@type\":\"BreadcrumbList\",\"@id\":\"https:\\\/\\\/www.tstcables.com\\\/vi\\\/product\\\/cap-cach-dien-pe-chiu-nhiet-do-cao-075mm-chiu-muoi-va-kiem-dau\\\/#breadcrumb\",\"itemListElement\":[{\"@type\":\"ListItem\",\"position\":1,\"name\":\"\u9996\u9875\",\"item\":\"https:\\\/\\\/www.tstcables.com\\\/vi\\\/\"},{\"@type\":\"ListItem\",\"position\":2,\"name\":\"Product\",\"item\":\"https:\\\/\\\/www.tstcables.com\\\/product\\\/\"},{\"@type\":\"ListItem\",\"position\":3,\"name\":\"C\u00e1p c\u00e1ch \u0111i\u1ec7n PE ch\u1ecbu nhi\u1ec7t \u0111\u1ed9 cao 0,75mm ch\u1ecbu mu\u1ed1i v\u00e0 ki\u1ec1m d\u1ea7u\"}]},{\"@type\":\"WebSite\",\"@id\":\"https:\\\/\\\/www.tstcables.com\\\/vi\\\/#website\",\"url\":\"https:\\\/\\\/www.tstcables.com\\\/vi\\\/\",\"name\":\"TST Cable supplier & Manufacture\",\"description\":\"TST CABLES  supplier &amp; Manufacture official website\",\"publisher\":{\"@id\":\"https:\\\/\\\/www.tstcables.com\\\/vi\\\/#organization\"},\"potentialAction\":[{\"@type\":\"SearchAction\",\"target\":{\"@type\":\"EntryPoint\",\"urlTemplate\":\"https:\\\/\\\/www.tstcables.com\\\/vi\\\/?s={search_term_string}\"},\"query-input\":{\"@type\":\"PropertyValueSpecification\",\"valueRequired\":true,\"valueName\":\"search_term_string\"}}],\"inLanguage\":\"vi-VN\"},{\"@type\":\"Organization\",\"@id\":\"https:\\\/\\\/www.tstcables.com\\\/vi\\\/#organization\",\"name\":\"TST Cable supplier & Manufacture\",\"url\":\"https:\\\/\\\/www.tstcables.com\\\/vi\\\/\",\"logo\":{\"@type\":\"ImageObject\",\"inLanguage\":\"vi-VN\",\"@id\":\"https:\\\/\\\/www.tstcables.com\\\/vi\\\/#\\\/schema\\\/logo\\\/image\\\/\",\"url\":\"https:\\\/\\\/www.tstcables.com\\\/wp-content\\\/uploads\\\/2024\\\/04\\\/cropped-\u753b\u677f-1-\u62f7\u8d1d-4-1.png\",\"contentUrl\":\"https:\\\/\\\/www.tstcables.com\\\/wp-content\\\/uploads\\\/2024\\\/04\\\/cropped-\u753b\u677f-1-\u62f7\u8d1d-4-1.png\",\"width\":300,\"height\":100,\"caption\":\"TST Cable supplier & Manufacture\"},\"image\":{\"@id\":\"https:\\\/\\\/www.tstcables.com\\\/vi\\\/#\\\/schema\\\/logo\\\/image\\\/\"}}]}<\/script>\n<!-- \/ Yoast SEO plugin. -->","yoast_head_json":{"title":"C\u00e1p c\u00e1ch \u0111i\u1ec7n PE ch\u1ecbu nhi\u1ec7t \u0111\u1ed9 cao ch\u1ecbu mu\u1ed1i v\u00e0 ki\u1ec1m d\u1ea7u","description":"C\u00e1p c\u00e1ch \u0111i\u1ec7n PE ch\u1ecbu nhi\u1ec7t \u0111\u1ed9 cao ch\u1ecbu mu\u1ed1i v\u00e0 ki\u1ec1m d\u1ea7u \u0111\u01b0\u1ee3c s\u1eed d\u1ee5ng \u0111\u1eb7c bi\u1ec7t cho \u0111i\u1ec7n, chi\u1ebfu s\u00e1ng","robots":{"index":"index","follow":"follow","max-snippet":"max-snippet:-1","max-image-preview":"max-image-preview:large","max-video-preview":"max-video-preview:-1"},"canonical":"https:\/\/www.tstcables.com\/vi\/product\/cap-cach-dien-pe-chiu-nhiet-do-cao-075mm-chiu-muoi-va-kiem-dau\/","og_locale":"vi_VN","og_type":"article","og_title":"C\u00e1p c\u00e1ch \u0111i\u1ec7n PE ch\u1ecbu nhi\u1ec7t \u0111\u1ed9 cao ch\u1ecbu mu\u1ed1i v\u00e0 ki\u1ec1m d\u1ea7u","og_description":"C\u00e1p c\u00e1ch \u0111i\u1ec7n PE ch\u1ecbu nhi\u1ec7t \u0111\u1ed9 cao ch\u1ecbu mu\u1ed1i v\u00e0 ki\u1ec1m d\u1ea7u \u0111\u01b0\u1ee3c s\u1eed d\u1ee5ng \u0111\u1eb7c bi\u1ec7t cho \u0111i\u1ec7n, chi\u1ebfu s\u00e1ng","og_url":"https:\/\/www.tstcables.com\/vi\/product\/cap-cach-dien-pe-chiu-nhiet-do-cao-075mm-chiu-muoi-va-kiem-dau\/","og_site_name":"TST CABLES supplier &amp; Manufacture","og_image":[{"width":640,"height":640,"url":"https:\/\/www.tstcables.com\/wp-content\/uploads\/2024\/03\/EN50306-4-1pE-300V-MMno-shield-3.jpg","type":"image\/jpeg"}],"twitter_card":"summary_large_image","twitter_misc":{"Est. reading time":"2 minutes"},"schema":{"@context":"https:\/\/schema.org","@graph":[{"@type":"WebPage","@id":"https:\/\/www.tstcables.com\/vi\/product\/cap-cach-dien-pe-chiu-nhiet-do-cao-075mm-chiu-muoi-va-kiem-dau\/","url":"https:\/\/www.tstcables.com\/vi\/product\/cap-cach-dien-pe-chiu-nhiet-do-cao-075mm-chiu-muoi-va-kiem-dau\/","name":"C\u00e1p c\u00e1ch \u0111i\u1ec7n PE ch\u1ecbu nhi\u1ec7t \u0111\u1ed9 cao ch\u1ecbu mu\u1ed1i v\u00e0 ki\u1ec1m d\u1ea7u","isPartOf":{"@id":"https:\/\/www.tstcables.com\/vi\/#website"},"primaryImageOfPage":{"@id":"https:\/\/www.tstcables.com\/vi\/product\/cap-cach-dien-pe-chiu-nhiet-do-cao-075mm-chiu-muoi-va-kiem-dau\/#primaryimage"},"image":{"@id":"https:\/\/www.tstcables.com\/vi\/product\/cap-cach-dien-pe-chiu-nhiet-do-cao-075mm-chiu-muoi-va-kiem-dau\/#primaryimage"},"thumbnailUrl":"https:\/\/www.tstcables.com\/wp-content\/uploads\/2024\/03\/EN50306-4-1pE-300V-MMno-shield-3.jpg","datePublished":"2024-03-25T06:48:54+00:00","description":"C\u00e1p c\u00e1ch \u0111i\u1ec7n PE ch\u1ecbu nhi\u1ec7t \u0111\u1ed9 cao ch\u1ecbu mu\u1ed1i v\u00e0 ki\u1ec1m d\u1ea7u \u0111\u01b0\u1ee3c s\u1eed d\u1ee5ng \u0111\u1eb7c bi\u1ec7t cho \u0111i\u1ec7n, chi\u1ebfu s\u00e1ng","breadcrumb":{"@id":"https:\/\/www.tstcables.com\/vi\/product\/cap-cach-dien-pe-chiu-nhiet-do-cao-075mm-chiu-muoi-va-kiem-dau\/#breadcrumb"},"inLanguage":"vi-VN","potentialAction":[{"@type":"ReadAction","target":["https:\/\/www.tstcables.com\/vi\/product\/cap-cach-dien-pe-chiu-nhiet-do-cao-075mm-chiu-muoi-va-kiem-dau\/"]}]},{"@type":"ImageObject","inLanguage":"vi-VN","@id":"https:\/\/www.tstcables.com\/vi\/product\/cap-cach-dien-pe-chiu-nhiet-do-cao-075mm-chiu-muoi-va-kiem-dau\/#primaryimage","url":"https:\/\/www.tstcables.com\/wp-content\/uploads\/2024\/03\/EN50306-4-1pE-300V-MMno-shield-3.jpg","contentUrl":"https:\/\/www.tstcables.com\/wp-content\/uploads\/2024\/03\/EN50306-4-1pE-300V-MMno-shield-3.jpg","width":640,"height":640,"caption":"multi-core silicone insulated cable CKGZP85\/DC"},{"@type":"BreadcrumbList","@id":"https:\/\/www.tstcables.com\/vi\/product\/cap-cach-dien-pe-chiu-nhiet-do-cao-075mm-chiu-muoi-va-kiem-dau\/#breadcrumb","itemListElement":[{"@type":"ListItem","position":1,"name":"\u9996\u9875","item":"https:\/\/www.tstcables.com\/vi\/"},{"@type":"ListItem","position":2,"name":"Product","item":"https:\/\/www.tstcables.com\/product\/"},{"@type":"ListItem","position":3,"name":"C\u00e1p c\u00e1ch \u0111i\u1ec7n PE ch\u1ecbu nhi\u1ec7t \u0111\u1ed9 cao 0,75mm ch\u1ecbu mu\u1ed1i v\u00e0 ki\u1ec1m d\u1ea7u"}]},{"@type":"WebSite","@id":"https:\/\/www.tstcables.com\/vi\/#website","url":"https:\/\/www.tstcables.com\/vi\/","name":"TST Cable supplier & Manufacture","description":"TST CABLES  supplier &amp; Manufacture official website","publisher":{"@id":"https:\/\/www.tstcables.com\/vi\/#organization"},"potentialAction":[{"@type":"SearchAction","target":{"@type":"EntryPoint","urlTemplate":"https:\/\/www.tstcables.com\/vi\/?s={search_term_string}"},"query-input":{"@type":"PropertyValueSpecification","valueRequired":true,"valueName":"search_term_string"}}],"inLanguage":"vi-VN"},{"@type":"Organization","@id":"https:\/\/www.tstcables.com\/vi\/#organization","name":"TST Cable supplier & Manufacture","url":"https:\/\/www.tstcables.com\/vi\/","logo":{"@type":"ImageObject","inLanguage":"vi-VN","@id":"https:\/\/www.tstcables.com\/vi\/#\/schema\/logo\/image\/","url":"https:\/\/www.tstcables.com\/wp-content\/uploads\/2024\/04\/cropped-\u753b\u677f-1-\u62f7\u8d1d-4-1.png","contentUrl":"https:\/\/www.tstcables.com\/wp-content\/uploads\/2024\/04\/cropped-\u753b\u677f-1-\u62f7\u8d1d-4-1.png","width":300,"height":100,"caption":"TST Cable supplier & Manufacture"},"image":{"@id":"https:\/\/www.tstcables.com\/vi\/#\/schema\/logo\/image\/"}}]}},"_links":{"self":[{"href":"https:\/\/www.tstcables.com\/vi\/wp-json\/wp\/v2\/product\/21040","targetHints":{"allow":["GET"]}}],"collection":[{"href":"https:\/\/www.tstcables.com\/vi\/wp-json\/wp\/v2\/product"}],"about":[{"href":"https:\/\/www.tstcables.com\/vi\/wp-json\/wp\/v2\/types\/product"}],"version-history":[{"count":0,"href":"https:\/\/www.tstcables.com\/vi\/wp-json\/wp\/v2\/product\/21040\/revisions"}],"wp:featuredmedia":[{"embeddable":true,"href":"https:\/\/www.tstcables.com\/vi\/wp-json\/wp\/v2\/media\/11936"}],"wp:attachment":[{"href":"https:\/\/www.tstcables.com\/vi\/wp-json\/wp\/v2\/media?parent=21040"}],"wp:term":[{"taxonomy":"product_brand","embeddable":true,"href":"https:\/\/www.tstcables.com\/vi\/wp-json\/wp\/v2\/product_brand?post=21040"},{"taxonomy":"product_cat","embeddable":true,"href":"https:\/\/www.tstcables.com\/vi\/wp-json\/wp\/v2\/product_cat?post=21040"},{"taxonomy":"product_tag","embeddable":true,"href":"https:\/\/www.tstcables.com\/vi\/wp-json\/wp\/v2\/product_tag?post=21040"}],"curies":[{"name":"wp","href":"https:\/\/api.w.org\/{rel}","templated":true}]}}