{"id":21041,"date":"2024-03-25T14:58:43","date_gmt":"2024-03-25T06:58:43","guid":{"rendered":"https:\/\/www.tstcables.com\/product\/cap-cach-dien-silicon-linh-hoat-chong-mai-mon-1mm\/"},"modified":"2024-03-25T14:58:43","modified_gmt":"2024-03-25T06:58:43","slug":"cap-cach-dien-silicon-linh-hoat-chong-mai-mon-1mm","status":"publish","type":"product","link":"https:\/\/www.tstcables.com\/vi\/product\/cap-cach-dien-silicon-linh-hoat-chong-mai-mon-1mm\/","title":{"rendered":"C\u00e1p c\u00e1ch \u0111i\u1ec7n silicon linh ho\u1ea1t ch\u1ed1ng m\u00e0i m\u00f2n 1mm"},"content":{"rendered":"<p>T\u00ean s\u1ea3n ph\u1ea9m: C\u00e1p c\u00e1ch \u0111i\u1ec7n silicon linh ho\u1ea1t ch\u1ed1ng m\u00e0i m\u00f2n h\u00e0ng h\u1ea3i<\/p>\n<p>M\u1eabu s\u1ea3n ph\u1ea9m: 1.0mm<\/p>\n<p>Ch\u1ecbu \u0111\u01b0\u1ee3c c\u1ea5p \u0111i\u1ec7n \u00e1p: 150\/250V (300V)<\/p>\n<p>C\u1ea5p nhi\u1ec7t \u0111\u1ed9: -40oC &#8211; + 125oC<\/p>\n<p>&nbsp;<\/p>\n<p><strong>C\u00e1c \u1ee9ng d\u1ee5ng:<\/strong><\/p>\n<p>C\u00e1c s\u1ea3n ph\u1ea9m n\u00e0y \u0111\u01b0\u1ee3c s\u1eed d\u1ee5ng \u0111\u1eb7c bi\u1ec7t cho c\u00e1c m\u1ea1ch \u0111i\u1ec7n, chi\u1ebfu s\u00e1ng, \u0111i\u1ec1u khi\u1ec3n chung v\u00e0 d\u1ee5ng c\u1ee5 c\u1ee7a c\u00e1c t\u00e0u kh\u00e1c nhau tr\u00ean s\u00f4ng, bi\u1ec3n, gi\u00e0n khoan d\u1ea7u ngo\u00e0i kh\u01a1i v\u00e0 c\u00e1c c\u00f4ng tr\u00ecnh n\u01b0\u1edbc kh\u00e1c.<\/p>\n<p>&nbsp;<\/p>\n<p><strong>T\u00ednh n\u0103ng s\u1ea3n ph\u1ea9m:<\/strong><\/p>\n<p>N\u00f3 \u0111\u00e3 \u0111\u01b0\u1ee3c ch\u1ee9ng nh\u1eadn b\u1edfi Hi\u1ec7p h\u1ed9i ph\u00e2n lo\u1ea1i CCS Trung Qu\u1ed1c; n\u00f3 c\u00f3 \u0111\u1eb7c t\u00ednh \u00edt kh\u00f3i, kh\u00f4ng ch\u1ee9a halogen, \u00edt \u0111\u1ed9c t\u00ednh v\u00e0 c\u00f3 kh\u1ea3 n\u0103ng ch\u1ed1ng \u0103n m\u00f2n do n\u1ea5m m\u1ed1c v\u00e0 phun mu\u1ed1i.<\/p>\n<p>&nbsp;<\/p>\n<p><strong>Ti\u00eau chu\u1ea9n c\u00f4ng nghi\u1ec7p:<\/strong><\/p>\n<p>IEC60228, IEC60092-350, IEC60092-360, IEC60092-376, IEC60332-1,<\/p>\n<p>IEC60332-3, IEC60331, IEC61034, IEC60754, GJB150, GJB1916<\/p>\n<p>&nbsp;<\/p>\n<p><strong>C\u00e1c th\u00f4ng s\u1ed1 k\u1ef9 thu\u1eadt<\/strong><\/p>\n<table class=\"tg\">\n<thead>\n<tr>\n<th class=\"tg-wa1i\">S\u1ef1 ch\u1ec9 r\u00f5<\/th>\n<th class=\"tg-wa1i\">k\u1ebft c\u1ea5u d\u00e2y d\u1eabn<\/th>\n<th class=\"tg-wa1i\" rowspan=\"2\">M\u1ee9c \u0111\u1ed9 c\u00e1ch \u0111i\u1ec7n danh ngh\u0129a mm<\/th>\n<th class=\"tg-wa1i\" colspan=\"2\">\u0110\u1ed9 d\u00e0y danh ngh\u0129a c\u1ee7a v\u1ecf b\u1ecdc mm<\/th>\n<th class=\"tg-wa1i\" rowspan=\"2\">\u0110\u01b0\u1eddng k\u00ednh d\u00e2y b\u1ecdc th\u00e9p am<\/th>\n<th class=\"tg-wa1i\" colspan=\"2\">\u0110\u01b0\u1eddng k\u00ednh ngo\u00e0i c\u1ee7a c\u00e1p mm<\/th>\n<th class=\"tg-wa1i\">Tr\u1ecdng l\u01b0\u1ee3ng t\u00ednh to\u00e1n c\u1ee7a c\u00e1p kg\/km<\/th>\n<\/tr>\n<tr>\n<th class=\"tg-wa1i\">S\u1ed1 l\u00f5i \u00d7 di\u1ec7n t\u00edch c\u1eaft danh \u0111\u1ecbnh mm2<\/th>\n<th class=\"tg-wa1i\">S\u1ed1 s\u1ee3i\/\u0111\u01b0\u1eddng k\u00ednh danh ngh\u0129a c\u1ee7a d\u00e2y \u0111\u01a1n, mm<\/th>\n<th class=\"tg-wa1i\">B\u00ean trong tay \u00e1o<\/th>\n<th class=\"tg-wa1i\">\u00e1o cho\u00e0ng<\/th>\n<th class=\"tg-wa1i\">gi\u00e1 tr\u1ecb danh ngh\u0129a<\/th>\n<th class=\"tg-wa1i\">gia tri\u0323 l\u01a1n nh\u00e2t<\/th>\n<th class=\"tg-wa1i\">CKGZP85\/DC<\/th>\n<\/tr>\n<\/thead>\n<tbody>\n<tr>\n<td class=\"tg-baqh\">2\u00d71<\/td>\n<td class=\"tg-baqh\">7\/0.43<\/td>\n<td class=\"tg-nrix\">0.7<\/td>\n<td class=\"tg-baqh\">\u2014<\/td>\n<td class=\"tg-nrix\">1<\/td>\n<td class=\"tg-baqh\">\u2014<\/td>\n<td class=\"tg-nrix\">8.5<\/td>\n<td class=\"tg-nrix\">10.5<\/td>\n<td class=\"tg-nrix\">70<\/td>\n<\/tr>\n<tr>\n<td class=\"tg-baqh\">4\u00d71<\/td>\n<td class=\"tg-baqh\">7\/0.43<\/td>\n<td class=\"tg-nrix\">0.7<\/td>\n<td class=\"tg-baqh\">&#8211;<\/td>\n<td class=\"tg-nrix\">1.1<\/td>\n<td class=\"tg-baqh\">&#8211;<\/td>\n<td class=\"tg-nrix\">9.9<\/td>\n<td class=\"tg-nrix\">12<\/td>\n<td class=\"tg-nrix\">112<\/td>\n<\/tr>\n<tr>\n<td class=\"tg-baqh\">7\u00d71<\/td>\n<td class=\"tg-baqh\">7\/0.43<\/td>\n<td class=\"tg-nrix\">0.7<\/td>\n<td class=\"tg-baqh\">&#8211;<\/td>\n<td class=\"tg-nrix\">1.1<\/td>\n<td class=\"tg-baqh\">&#8211;<\/td>\n<td class=\"tg-nrix\">11.6<\/td>\n<td class=\"tg-nrix\">14<\/td>\n<td class=\"tg-nrix\">169<\/td>\n<\/tr>\n<tr>\n<td class=\"tg-baqh\">10\u00d71<\/td>\n<td class=\"tg-baqh\">7\/0.43<\/td>\n<td class=\"tg-nrix\">0.7<\/td>\n<td class=\"tg-baqh\">\u2014<\/td>\n<td class=\"tg-nrix\">1.3<\/td>\n<td class=\"tg-baqh\">&#8211;<\/td>\n<td class=\"tg-nrix\">14.8<\/td>\n<td class=\"tg-nrix\">17.5<\/td>\n<td class=\"tg-nrix\">239<\/td>\n<\/tr>\n<tr>\n<td class=\"tg-baqh\">14\u00d71<\/td>\n<td class=\"tg-baqh\">7\/0.43<\/td>\n<td class=\"tg-nrix\">0.7<\/td>\n<td class=\"tg-baqh\">&#8211;<\/td>\n<td class=\"tg-nrix\">1.3<\/td>\n<td class=\"tg-baqh\">&#8211;<\/td>\n<td class=\"tg-nrix\">16<\/td>\n<td class=\"tg-nrix\">19<\/td>\n<td class=\"tg-nrix\">317<\/td>\n<\/tr>\n<tr>\n<td class=\"tg-baqh\">19\u00d71<\/td>\n<td class=\"tg-baqh\">7\/0.43<\/td>\n<td class=\"tg-nrix\">0.7<\/td>\n<td class=\"tg-baqh\">&#8211;<\/td>\n<td class=\"tg-nrix\">1.3<\/td>\n<td class=\"tg-baqh\">&#8211;<\/td>\n<td class=\"tg-nrix\">17.7<\/td>\n<td class=\"tg-nrix\">20.5<\/td>\n<td class=\"tg-nrix\">410<\/td>\n<\/tr>\n<tr>\n<td class=\"tg-baqh\">24\u00d71<\/td>\n<td class=\"tg-baqh\">7\/0.43<\/td>\n<td class=\"tg-nrix\">0.7<\/td>\n<td class=\"tg-baqh\">&#8211;<\/td>\n<td class=\"tg-nrix\">1.5<\/td>\n<td class=\"tg-baqh\">&#8211;<\/td>\n<td class=\"tg-nrix\">20.9<\/td>\n<td class=\"tg-nrix\">24.5<\/td>\n<td class=\"tg-nrix\">516<\/td>\n<\/tr>\n<tr>\n<td class=\"tg-baqh\">30\u00d71<\/td>\n<td class=\"tg-baqh\">7\/0.43<\/td>\n<td class=\"tg-nrix\">0.7<\/td>\n<td class=\"tg-baqh\">&#8211;<\/td>\n<td class=\"tg-nrix\">1.5<\/td>\n<td class=\"tg-baqh\">&#8211;<\/td>\n<td class=\"tg-nrix\">22.1<\/td>\n<td class=\"tg-nrix\">25.5<\/td>\n<td class=\"tg-nrix\">627<\/td>\n<\/tr>\n<tr>\n<td class=\"tg-baqh\">37\u00d71<\/td>\n<td class=\"tg-baqh\">7\/0.43<\/td>\n<td class=\"tg-nrix\">0.7<\/td>\n<td class=\"tg-baqh\">&#8211;<\/td>\n<td class=\"tg-nrix\">1.5<\/td>\n<td class=\"tg-baqh\">&#8211;<\/td>\n<td class=\"tg-nrix\">23.8<\/td>\n<td class=\"tg-nrix\">27.5<\/td>\n<td class=\"tg-nrix\">756<\/td>\n<\/tr>\n<\/tbody>\n<\/table>\n<p><span class=\"Y2IQFc\" lang=\"en\">L\u01b0u \u00fd: S\u1ea3n ph\u1ea9m c\u00f3 th\u00f4ng s\u1ed1 kh\u00e1c c\u00f3 th\u1ec3 t\u00f9y ch\u1ec9nh theo nhu c\u1ea7u<\/span><\/p>\n","protected":false},"excerpt":{"rendered":"<p>C\u00e1p c\u00e1ch \u0111i\u1ec7n silicon linh ho\u1ea1t ch\u1ed1ng m\u00e0i m\u00f2n h\u00e0ng h\u1ea3i \u0111\u01b0\u1ee3c s\u1eed d\u1ee5ng \u0111\u1eb7c bi\u1ec7t cho c\u00e1c m\u1ea1ch \u0111i\u1ec7n, chi\u1ebfu s\u00e1ng, \u0111i\u1ec1u khi\u1ec3n chung v\u00e0 d\u1ee5ng c\u1ee5 c\u1ee7a c\u00e1c t\u00e0u kh\u00e1c nhau tr\u00ean s\u00f4ng, bi\u1ec3n, gi\u00e0n khoan d\u1ea7u ngo\u00e0i kh\u01a1i v\u00e0 c\u00e1c c\u00f4ng tr\u00ecnh n\u01b0\u1edbc kh\u00e1c.<\/p>\n","protected":false},"featured_media":11888,"template":"","meta":{"_eb_attr":"","site-sidebar-layout":"default","site-content-layout":"","ast-site-content-layout":"default","site-content-style":"default","site-sidebar-style":"default","ast-global-header-display":"","ast-banner-title-visibility":"","ast-main-header-display":"","ast-hfb-above-header-display":"","ast-hfb-below-header-display":"","ast-hfb-mobile-header-display":"","site-post-title":"","ast-breadcrumbs-content":"","ast-featured-img":"","footer-sml-layout":"","theme-transparent-header-meta":"default","adv-header-id-meta":"","stick-header-meta":"","header-above-stick-meta":"","header-main-stick-meta":"","header-below-stick-meta":"","astra-migrate-meta-layouts":"default","ast-page-background-enabled":"default","ast-page-background-meta":{"desktop":{"background-color":"","background-image":"","background-repeat":"repeat","background-position":"center center","background-size":"auto","background-attachment":"scroll","background-type":"","background-media":"","overlay-type":"","overlay-color":"","overlay-opacity":"","overlay-gradient":""},"tablet":{"background-color":"","background-image":"","background-repeat":"repeat","background-position":"center center","background-size":"auto","background-attachment":"scroll","background-type":"","background-media":"","overlay-type":"","overlay-color":"","overlay-opacity":"","overlay-gradient":""},"mobile":{"background-color":"","background-image":"","background-repeat":"repeat","background-position":"center center","background-size":"auto","background-attachment":"scroll","background-type":"","background-media":"","overlay-type":"","overlay-color":"","overlay-opacity":"","overlay-gradient":""}},"ast-content-background-meta":{"desktop":{"background-color":"var(--ast-global-color-5)","background-image":"","background-repeat":"repeat","background-position":"center center","background-size":"auto","background-attachment":"scroll","background-type":"","background-media":"","overlay-type":"","overlay-color":"","overlay-opacity":"","overlay-gradient":""},"tablet":{"background-color":"var(--ast-global-color-5)","background-image":"","background-repeat":"repeat","background-position":"center center","background-size":"auto","background-attachment":"scroll","background-type":"","background-media":"","overlay-type":"","overlay-color":"","overlay-opacity":"","overlay-gradient":""},"mobile":{"background-color":"var(--ast-global-color-5)","background-image":"","background-repeat":"repeat","background-position":"center center","background-size":"auto","background-attachment":"scroll","background-type":"","background-media":"","overlay-type":"","overlay-color":"","overlay-opacity":"","overlay-gradient":""}}},"product_brand":[],"product_cat":[1988,1993,843,827,830,834,832],"product_tag":[1979,1995,1994],"class_list":{"0":"post-21041","1":"product","2":"type-product","3":"status-publish","4":"has-post-thumbnail","6":"product_cat-cap-chiu-dau","7":"product_cat-cap-chong-mai-mon","8":"product_cat-silicone-cable-vi","9":"product_cat-enstandard-cable-vi","10":"product_cat-en50382-vi","11":"product_cat-marine-vi","12":"product_cat-ice-standard-vi","13":"product_tag-cap-cach-dien-silicon-nhieu-loi-ckgzp85-dc","14":"product_tag-cap-dien-tau-ckgzp85-dc","15":"product_tag-ckgzp85-dc-loai-1-0mm2","16":"desktop-align-center","17":"tablet-align-left","18":"mobile-align-left","20":"first","21":"instock","22":"shipping-taxable","23":"product-type-simple"},"yoast_head":"<!-- This site is optimized with the Yoast SEO plugin v27.5 - https:\/\/yoast.com\/product\/yoast-seo-wordpress\/ -->\n<title>C\u00e1p c\u00e1ch \u0111i\u1ec7n silicon linh ho\u1ea1t ch\u1ed1ng m\u00e0i m\u00f2n h\u00e0ng h\u1ea3i<\/title>\n<meta name=\"description\" content=\"C\u00e1p c\u00e1ch \u0111i\u1ec7n silicon linh ho\u1ea1t ch\u1ed1ng m\u00e0i m\u00f2n Marine \u0111\u01b0\u1ee3c s\u1eed d\u1ee5ng \u0111\u1eb7c bi\u1ec7t cho ngu\u1ed3n \u0111i\u1ec7n, \u00e1nh s\u00e1ng v\u00e0 \u0111i\u1ec1u khi\u1ec3n chung.\" \/>\n<meta name=\"robots\" content=\"index, follow, max-snippet:-1, max-image-preview:large, max-video-preview:-1\" \/>\n<link rel=\"canonical\" href=\"https:\/\/www.tstcables.com\/vi\/product\/cap-cach-dien-silicon-linh-hoat-chong-mai-mon-1mm\/\" \/>\n<meta property=\"og:locale\" content=\"vi_VN\" \/>\n<meta property=\"og:type\" content=\"article\" \/>\n<meta property=\"og:title\" content=\"C\u00e1p c\u00e1ch \u0111i\u1ec7n silicon linh ho\u1ea1t ch\u1ed1ng m\u00e0i m\u00f2n h\u00e0ng h\u1ea3i\" \/>\n<meta property=\"og:description\" content=\"C\u00e1p c\u00e1ch \u0111i\u1ec7n silicon linh ho\u1ea1t ch\u1ed1ng m\u00e0i m\u00f2n Marine \u0111\u01b0\u1ee3c s\u1eed d\u1ee5ng \u0111\u1eb7c bi\u1ec7t cho ngu\u1ed3n \u0111i\u1ec7n, \u00e1nh s\u00e1ng v\u00e0 \u0111i\u1ec1u khi\u1ec3n chung.\" \/>\n<meta property=\"og:url\" content=\"https:\/\/www.tstcables.com\/vi\/product\/cap-cach-dien-silicon-linh-hoat-chong-mai-mon-1mm\/\" \/>\n<meta property=\"og:site_name\" content=\"TST CABLES supplier &amp; Manufacture\" \/>\n<meta property=\"og:image\" content=\"https:\/\/www.tstcables.com\/wp-content\/uploads\/2024\/03\/EN50306-3-300V-MM-4.jpg\" \/>\n\t<meta property=\"og:image:width\" content=\"1000\" \/>\n\t<meta property=\"og:image:height\" content=\"1000\" \/>\n\t<meta property=\"og:image:type\" content=\"image\/jpeg\" \/>\n<meta name=\"twitter:card\" content=\"summary_large_image\" \/>\n<meta name=\"twitter:label1\" content=\"Est. reading time\" \/>\n\t<meta name=\"twitter:data1\" content=\"2 minutes\" \/>\n<script type=\"application\/ld+json\" class=\"yoast-schema-graph\">{\"@context\":\"https:\\\/\\\/schema.org\",\"@graph\":[{\"@type\":\"WebPage\",\"@id\":\"https:\\\/\\\/www.tstcables.com\\\/vi\\\/product\\\/cap-cach-dien-silicon-linh-hoat-chong-mai-mon-1mm\\\/\",\"url\":\"https:\\\/\\\/www.tstcables.com\\\/vi\\\/product\\\/cap-cach-dien-silicon-linh-hoat-chong-mai-mon-1mm\\\/\",\"name\":\"C\u00e1p c\u00e1ch \u0111i\u1ec7n silicon linh ho\u1ea1t ch\u1ed1ng m\u00e0i m\u00f2n h\u00e0ng h\u1ea3i\",\"isPartOf\":{\"@id\":\"https:\\\/\\\/www.tstcables.com\\\/vi\\\/#website\"},\"primaryImageOfPage\":{\"@id\":\"https:\\\/\\\/www.tstcables.com\\\/vi\\\/product\\\/cap-cach-dien-silicon-linh-hoat-chong-mai-mon-1mm\\\/#primaryimage\"},\"image\":{\"@id\":\"https:\\\/\\\/www.tstcables.com\\\/vi\\\/product\\\/cap-cach-dien-silicon-linh-hoat-chong-mai-mon-1mm\\\/#primaryimage\"},\"thumbnailUrl\":\"https:\\\/\\\/www.tstcables.com\\\/wp-content\\\/uploads\\\/2024\\\/03\\\/EN50306-3-300V-MM-4.jpg\",\"datePublished\":\"2024-03-25T06:58:43+00:00\",\"description\":\"C\u00e1p c\u00e1ch \u0111i\u1ec7n silicon linh ho\u1ea1t ch\u1ed1ng m\u00e0i m\u00f2n Marine \u0111\u01b0\u1ee3c s\u1eed d\u1ee5ng \u0111\u1eb7c bi\u1ec7t cho ngu\u1ed3n \u0111i\u1ec7n, \u00e1nh s\u00e1ng v\u00e0 \u0111i\u1ec1u khi\u1ec3n chung.\",\"breadcrumb\":{\"@id\":\"https:\\\/\\\/www.tstcables.com\\\/vi\\\/product\\\/cap-cach-dien-silicon-linh-hoat-chong-mai-mon-1mm\\\/#breadcrumb\"},\"inLanguage\":\"vi-VN\",\"potentialAction\":[{\"@type\":\"ReadAction\",\"target\":[\"https:\\\/\\\/www.tstcables.com\\\/vi\\\/product\\\/cap-cach-dien-silicon-linh-hoat-chong-mai-mon-1mm\\\/\"]}]},{\"@type\":\"ImageObject\",\"inLanguage\":\"vi-VN\",\"@id\":\"https:\\\/\\\/www.tstcables.com\\\/vi\\\/product\\\/cap-cach-dien-silicon-linh-hoat-chong-mai-mon-1mm\\\/#primaryimage\",\"url\":\"https:\\\/\\\/www.tstcables.com\\\/wp-content\\\/uploads\\\/2024\\\/03\\\/EN50306-3-300V-MM-4.jpg\",\"contentUrl\":\"https:\\\/\\\/www.tstcables.com\\\/wp-content\\\/uploads\\\/2024\\\/03\\\/EN50306-3-300V-MM-4.jpg\",\"width\":1000,\"height\":1000,\"caption\":\"multi-core silicone insulated cable CKGZP85\\\/DC\"},{\"@type\":\"BreadcrumbList\",\"@id\":\"https:\\\/\\\/www.tstcables.com\\\/vi\\\/product\\\/cap-cach-dien-silicon-linh-hoat-chong-mai-mon-1mm\\\/#breadcrumb\",\"itemListElement\":[{\"@type\":\"ListItem\",\"position\":1,\"name\":\"\u9996\u9875\",\"item\":\"https:\\\/\\\/www.tstcables.com\\\/vi\\\/\"},{\"@type\":\"ListItem\",\"position\":2,\"name\":\"Product\",\"item\":\"https:\\\/\\\/www.tstcables.com\\\/product\\\/\"},{\"@type\":\"ListItem\",\"position\":3,\"name\":\"C\u00e1p c\u00e1ch \u0111i\u1ec7n silicon linh ho\u1ea1t ch\u1ed1ng m\u00e0i m\u00f2n 1mm\"}]},{\"@type\":\"WebSite\",\"@id\":\"https:\\\/\\\/www.tstcables.com\\\/vi\\\/#website\",\"url\":\"https:\\\/\\\/www.tstcables.com\\\/vi\\\/\",\"name\":\"TST Cable supplier & Manufacture\",\"description\":\"TST CABLES  supplier &amp; Manufacture official website\",\"publisher\":{\"@id\":\"https:\\\/\\\/www.tstcables.com\\\/vi\\\/#organization\"},\"potentialAction\":[{\"@type\":\"SearchAction\",\"target\":{\"@type\":\"EntryPoint\",\"urlTemplate\":\"https:\\\/\\\/www.tstcables.com\\\/vi\\\/?s={search_term_string}\"},\"query-input\":{\"@type\":\"PropertyValueSpecification\",\"valueRequired\":true,\"valueName\":\"search_term_string\"}}],\"inLanguage\":\"vi-VN\"},{\"@type\":\"Organization\",\"@id\":\"https:\\\/\\\/www.tstcables.com\\\/vi\\\/#organization\",\"name\":\"TST Cable supplier & Manufacture\",\"url\":\"https:\\\/\\\/www.tstcables.com\\\/vi\\\/\",\"logo\":{\"@type\":\"ImageObject\",\"inLanguage\":\"vi-VN\",\"@id\":\"https:\\\/\\\/www.tstcables.com\\\/vi\\\/#\\\/schema\\\/logo\\\/image\\\/\",\"url\":\"https:\\\/\\\/www.tstcables.com\\\/wp-content\\\/uploads\\\/2024\\\/04\\\/cropped-\u753b\u677f-1-\u62f7\u8d1d-4-1.png\",\"contentUrl\":\"https:\\\/\\\/www.tstcables.com\\\/wp-content\\\/uploads\\\/2024\\\/04\\\/cropped-\u753b\u677f-1-\u62f7\u8d1d-4-1.png\",\"width\":300,\"height\":100,\"caption\":\"TST Cable supplier & Manufacture\"},\"image\":{\"@id\":\"https:\\\/\\\/www.tstcables.com\\\/vi\\\/#\\\/schema\\\/logo\\\/image\\\/\"}}]}<\/script>\n<!-- \/ Yoast SEO plugin. -->","yoast_head_json":{"title":"C\u00e1p c\u00e1ch \u0111i\u1ec7n silicon linh ho\u1ea1t ch\u1ed1ng m\u00e0i m\u00f2n h\u00e0ng h\u1ea3i","description":"C\u00e1p c\u00e1ch \u0111i\u1ec7n silicon linh ho\u1ea1t ch\u1ed1ng m\u00e0i m\u00f2n Marine \u0111\u01b0\u1ee3c s\u1eed d\u1ee5ng \u0111\u1eb7c bi\u1ec7t cho ngu\u1ed3n \u0111i\u1ec7n, \u00e1nh s\u00e1ng v\u00e0 \u0111i\u1ec1u khi\u1ec3n chung.","robots":{"index":"index","follow":"follow","max-snippet":"max-snippet:-1","max-image-preview":"max-image-preview:large","max-video-preview":"max-video-preview:-1"},"canonical":"https:\/\/www.tstcables.com\/vi\/product\/cap-cach-dien-silicon-linh-hoat-chong-mai-mon-1mm\/","og_locale":"vi_VN","og_type":"article","og_title":"C\u00e1p c\u00e1ch \u0111i\u1ec7n silicon linh ho\u1ea1t ch\u1ed1ng m\u00e0i m\u00f2n h\u00e0ng h\u1ea3i","og_description":"C\u00e1p c\u00e1ch \u0111i\u1ec7n silicon linh ho\u1ea1t ch\u1ed1ng m\u00e0i m\u00f2n Marine \u0111\u01b0\u1ee3c s\u1eed d\u1ee5ng \u0111\u1eb7c bi\u1ec7t cho ngu\u1ed3n \u0111i\u1ec7n, \u00e1nh s\u00e1ng v\u00e0 \u0111i\u1ec1u khi\u1ec3n chung.","og_url":"https:\/\/www.tstcables.com\/vi\/product\/cap-cach-dien-silicon-linh-hoat-chong-mai-mon-1mm\/","og_site_name":"TST CABLES supplier &amp; Manufacture","og_image":[{"width":1000,"height":1000,"url":"https:\/\/www.tstcables.com\/wp-content\/uploads\/2024\/03\/EN50306-3-300V-MM-4.jpg","type":"image\/jpeg"}],"twitter_card":"summary_large_image","twitter_misc":{"Est. reading time":"2 minutes"},"schema":{"@context":"https:\/\/schema.org","@graph":[{"@type":"WebPage","@id":"https:\/\/www.tstcables.com\/vi\/product\/cap-cach-dien-silicon-linh-hoat-chong-mai-mon-1mm\/","url":"https:\/\/www.tstcables.com\/vi\/product\/cap-cach-dien-silicon-linh-hoat-chong-mai-mon-1mm\/","name":"C\u00e1p c\u00e1ch \u0111i\u1ec7n silicon linh ho\u1ea1t ch\u1ed1ng m\u00e0i m\u00f2n h\u00e0ng h\u1ea3i","isPartOf":{"@id":"https:\/\/www.tstcables.com\/vi\/#website"},"primaryImageOfPage":{"@id":"https:\/\/www.tstcables.com\/vi\/product\/cap-cach-dien-silicon-linh-hoat-chong-mai-mon-1mm\/#primaryimage"},"image":{"@id":"https:\/\/www.tstcables.com\/vi\/product\/cap-cach-dien-silicon-linh-hoat-chong-mai-mon-1mm\/#primaryimage"},"thumbnailUrl":"https:\/\/www.tstcables.com\/wp-content\/uploads\/2024\/03\/EN50306-3-300V-MM-4.jpg","datePublished":"2024-03-25T06:58:43+00:00","description":"C\u00e1p c\u00e1ch \u0111i\u1ec7n silicon linh ho\u1ea1t ch\u1ed1ng m\u00e0i m\u00f2n Marine \u0111\u01b0\u1ee3c s\u1eed d\u1ee5ng \u0111\u1eb7c bi\u1ec7t cho ngu\u1ed3n \u0111i\u1ec7n, \u00e1nh s\u00e1ng v\u00e0 \u0111i\u1ec1u khi\u1ec3n chung.","breadcrumb":{"@id":"https:\/\/www.tstcables.com\/vi\/product\/cap-cach-dien-silicon-linh-hoat-chong-mai-mon-1mm\/#breadcrumb"},"inLanguage":"vi-VN","potentialAction":[{"@type":"ReadAction","target":["https:\/\/www.tstcables.com\/vi\/product\/cap-cach-dien-silicon-linh-hoat-chong-mai-mon-1mm\/"]}]},{"@type":"ImageObject","inLanguage":"vi-VN","@id":"https:\/\/www.tstcables.com\/vi\/product\/cap-cach-dien-silicon-linh-hoat-chong-mai-mon-1mm\/#primaryimage","url":"https:\/\/www.tstcables.com\/wp-content\/uploads\/2024\/03\/EN50306-3-300V-MM-4.jpg","contentUrl":"https:\/\/www.tstcables.com\/wp-content\/uploads\/2024\/03\/EN50306-3-300V-MM-4.jpg","width":1000,"height":1000,"caption":"multi-core silicone insulated cable CKGZP85\/DC"},{"@type":"BreadcrumbList","@id":"https:\/\/www.tstcables.com\/vi\/product\/cap-cach-dien-silicon-linh-hoat-chong-mai-mon-1mm\/#breadcrumb","itemListElement":[{"@type":"ListItem","position":1,"name":"\u9996\u9875","item":"https:\/\/www.tstcables.com\/vi\/"},{"@type":"ListItem","position":2,"name":"Product","item":"https:\/\/www.tstcables.com\/product\/"},{"@type":"ListItem","position":3,"name":"C\u00e1p c\u00e1ch \u0111i\u1ec7n silicon linh ho\u1ea1t ch\u1ed1ng m\u00e0i m\u00f2n 1mm"}]},{"@type":"WebSite","@id":"https:\/\/www.tstcables.com\/vi\/#website","url":"https:\/\/www.tstcables.com\/vi\/","name":"TST Cable supplier & Manufacture","description":"TST CABLES  supplier &amp; Manufacture official website","publisher":{"@id":"https:\/\/www.tstcables.com\/vi\/#organization"},"potentialAction":[{"@type":"SearchAction","target":{"@type":"EntryPoint","urlTemplate":"https:\/\/www.tstcables.com\/vi\/?s={search_term_string}"},"query-input":{"@type":"PropertyValueSpecification","valueRequired":true,"valueName":"search_term_string"}}],"inLanguage":"vi-VN"},{"@type":"Organization","@id":"https:\/\/www.tstcables.com\/vi\/#organization","name":"TST Cable supplier & Manufacture","url":"https:\/\/www.tstcables.com\/vi\/","logo":{"@type":"ImageObject","inLanguage":"vi-VN","@id":"https:\/\/www.tstcables.com\/vi\/#\/schema\/logo\/image\/","url":"https:\/\/www.tstcables.com\/wp-content\/uploads\/2024\/04\/cropped-\u753b\u677f-1-\u62f7\u8d1d-4-1.png","contentUrl":"https:\/\/www.tstcables.com\/wp-content\/uploads\/2024\/04\/cropped-\u753b\u677f-1-\u62f7\u8d1d-4-1.png","width":300,"height":100,"caption":"TST Cable supplier & Manufacture"},"image":{"@id":"https:\/\/www.tstcables.com\/vi\/#\/schema\/logo\/image\/"}}]}},"_links":{"self":[{"href":"https:\/\/www.tstcables.com\/vi\/wp-json\/wp\/v2\/product\/21041","targetHints":{"allow":["GET"]}}],"collection":[{"href":"https:\/\/www.tstcables.com\/vi\/wp-json\/wp\/v2\/product"}],"about":[{"href":"https:\/\/www.tstcables.com\/vi\/wp-json\/wp\/v2\/types\/product"}],"version-history":[{"count":0,"href":"https:\/\/www.tstcables.com\/vi\/wp-json\/wp\/v2\/product\/21041\/revisions"}],"wp:featuredmedia":[{"embeddable":true,"href":"https:\/\/www.tstcables.com\/vi\/wp-json\/wp\/v2\/media\/11888"}],"wp:attachment":[{"href":"https:\/\/www.tstcables.com\/vi\/wp-json\/wp\/v2\/media?parent=21041"}],"wp:term":[{"taxonomy":"product_brand","embeddable":true,"href":"https:\/\/www.tstcables.com\/vi\/wp-json\/wp\/v2\/product_brand?post=21041"},{"taxonomy":"product_cat","embeddable":true,"href":"https:\/\/www.tstcables.com\/vi\/wp-json\/wp\/v2\/product_cat?post=21041"},{"taxonomy":"product_tag","embeddable":true,"href":"https:\/\/www.tstcables.com\/vi\/wp-json\/wp\/v2\/product_tag?post=21041"}],"curies":[{"name":"wp","href":"https:\/\/api.w.org\/{rel}","templated":true}]}}