{"id":21043,"date":"2024-03-25T11:14:15","date_gmt":"2024-03-25T03:14:15","guid":{"rendered":"https:\/\/www.tstcables.com\/product\/cap-dc-chiu-nhiet-do-thap-chong-nuoc-cho-tau-day-bien\/"},"modified":"2024-03-25T11:14:15","modified_gmt":"2024-03-25T03:14:15","slug":"cap-dc-chiu-nhiet-do-thap-chong-nuoc-cho-tau-day-bien","status":"publish","type":"product","link":"https:\/\/www.tstcables.com\/vi\/product\/cap-dc-chiu-nhiet-do-thap-chong-nuoc-cho-tau-day-bien\/","title":{"rendered":"C\u00e1p DC ch\u1ecbu nhi\u1ec7t \u0111\u1ed9 th\u1ea5p ch\u1ed1ng n\u01b0\u1edbc cho t\u00e0u D\u00e2y bi\u1ec3n"},"content":{"rendered":"<p>T\u00ean s\u1ea3n ph\u1ea9m: C\u00e1p DC ch\u1ecbu nhi\u1ec7t \u0111\u1ed9 th\u1ea5p ch\u1ed1ng n\u01b0\u1edbc d\u00f9ng cho t\u00e0u bi\u1ec3n<\/p>\n<p>Ch\u1ecbu \u0111\u01b0\u1ee3c c\u1ea5p \u0111i\u1ec7n \u00e1p: 0,6\/1Kv, 1,8\/3Kv<\/p>\n<p>C\u1ea5p nhi\u1ec7t \u0111\u1ed9: -40oC &#8211; + 90oC<\/p>\n<p>&nbsp;<\/p>\n<p><strong>C\u00e1c \u1ee9ng d\u1ee5ng:<\/strong><\/p>\n<p>C\u00e1p DC ch\u1ecbu nhi\u1ec7t \u0111\u1ed9 th\u1ea5p kh\u00f4ng th\u1ea5m n\u01b0\u1edbc cho t\u00e0u D\u00e2y h\u00e0ng h\u1ea3i \u0111\u01b0\u1ee3c s\u1eed d\u1ee5ng \u0111\u1eb7c bi\u1ec7t cho c\u00e1c m\u1ea1ch \u0111i\u1ec7n, chi\u1ebfu s\u00e1ng, \u0111i\u1ec1u khi\u1ec3n chung v\u00e0 thi\u1ebft b\u1ecb c\u1ee7a c\u00e1c t\u00e0u kh\u00e1c nhau tr\u00ean s\u00f4ng, bi\u1ec3n, gi\u00e0n khoan d\u1ea7u ngo\u00e0i kh\u01a1i v\u00e0 c\u00e1c c\u00f4ng tr\u00ecnh n\u01b0\u1edbc kh\u00e1c.<\/p>\n<p>&nbsp;<\/p>\n<p><strong>T\u00ednh n\u0103ng s\u1ea3n ph\u1ea9m:<\/strong><\/p>\n<p>C\u00e1p DC ch\u1ecbu nhi\u1ec7t \u0111\u1ed9 th\u1ea5p ch\u1ed1ng th\u1ea5m n\u01b0\u1edbc cho t\u00e0u D\u00e2y h\u00e0ng h\u1ea3i \u0111\u00e3 \u0111\u01b0\u1ee3c Hi\u1ec7p h\u1ed9i ph\u00e2n lo\u1ea1i CCS Trung Qu\u1ed1c ch\u1ee9ng nh\u1eadn; n\u00f3 c\u00f3 \u0111\u1eb7c t\u00ednh \u00edt kh\u00f3i, kh\u00f4ng ch\u1ee9a halogen, \u00edt \u0111\u1ed9c t\u00ednh v\u00e0 c\u00f3 kh\u1ea3 n\u0103ng ch\u1ed1ng \u0103n m\u00f2n do n\u1ea5m m\u1ed1c v\u00e0 phun mu\u1ed1i.<\/p>\n<p>&nbsp;<\/p>\n<p><strong>Ti\u00eau chu\u1ea9n c\u00f4ng nghi\u1ec7p:<\/strong><\/p>\n<p>IEC60228, IEC60092-350, IEC60092-360, IEC60092-376, IEC60332-1, IEC60332-3, IEC60331, IEC61034, IEC60754, GJB150, GJB1916<\/p>\n<p>&nbsp;<\/p>\n<p><strong>C\u00e1c th\u00f4ng s\u1ed1 k\u1ef9 thu\u1eadt<\/strong><\/p>\n<table class=\"tg\">\n<thead>\n<tr>\n<th class=\"tg-uzvj\" rowspan=\"3\">K\u00edch c\u1ee1<\/p>\n<p>\uff08mm\u00b2\uff09<\/th>\n<th class=\"tg-uzvj\" colspan=\"3\">BYI\/DC<\/th>\n<th class=\"tg-uzvj\" colspan=\"3\">CBYJR\/DC<\/th>\n<\/tr>\n<tr>\n<th class=\"tg-uzvj\" colspan=\"2\">\u0110\u01b0\u1eddng k\u00ednh t\u00ednh to\u00e1n<\/th>\n<th class=\"tg-7btt\" rowspan=\"2\">\u0110\u00e3 t\u00ednh to\u00e1n<br \/>\nkh\u1ed1i l\u01b0\u1ee3ng (kg km)<\/th>\n<th class=\"tg-7btt\" colspan=\"2\">\u0110\u01b0\u1eddng k\u00ednh t\u00ednh to\u00e1n<\/th>\n<th class=\"tg-amwm\" rowspan=\"2\">\u0110\u00e3 t\u00ednh to\u00e1n<br \/>\nkh\u1ed1i l\u01b0\u1ee3ng (kg\/km)<\/th>\n<\/tr>\n<tr>\n<th class=\"tg-uzvj\">NOM (mm)<\/th>\n<th class=\"tg-7btt\">max (mm)<\/th>\n<th class=\"tg-uzvj\">NOM (mm)<\/th>\n<th class=\"tg-7btt\">max (mm)<\/th>\n<\/tr>\n<\/thead>\n<tbody>\n<tr>\n<td class=\"tg-9wq8\">0.5<\/td>\n<td class=\"tg-9wq8\">2.2<\/td>\n<td class=\"tg-9wq8\">2.8<\/td>\n<td class=\"tg-9wq8\">9<\/td>\n<td class=\"tg-9wq8\">2.2<\/td>\n<td class=\"tg-9wq8\">2.8<\/td>\n<td class=\"tg-nrix\">9<\/td>\n<\/tr>\n<tr>\n<td class=\"tg-9wq8\">0.75<\/td>\n<td class=\"tg-9wq8\">2.8<\/td>\n<td class=\"tg-9wq8\">3.4<\/td>\n<td class=\"tg-9wq8\">14<\/td>\n<td class=\"tg-9wq8\">2.8<\/td>\n<td class=\"tg-9wq8\">3.4<\/td>\n<td class=\"tg-nrix\">14<\/td>\n<\/tr>\n<tr>\n<td class=\"tg-9wq8\">1<\/td>\n<td class=\"tg-9wq8\">2.9<\/td>\n<td class=\"tg-9wq8\">3.6<\/td>\n<td class=\"tg-9wq8\">16<\/td>\n<td class=\"tg-9wq8\">3<\/td>\n<td class=\"tg-9wq8\">3.8<\/td>\n<td class=\"tg-nrix\">17<\/td>\n<\/tr>\n<tr>\n<td class=\"tg-9wq8\">1.5<\/td>\n<td class=\"tg-9wq8\">3.3<\/td>\n<td class=\"tg-9wq8\">4<\/td>\n<td class=\"tg-9wq8\">22<\/td>\n<td class=\"tg-9wq8\">3.3<\/td>\n<td class=\"tg-9wq8\">4<\/td>\n<td class=\"tg-nrix\">22<\/td>\n<\/tr>\n<tr>\n<td class=\"tg-9wq8\">2.5<\/td>\n<td class=\"tg-9wq8\">3.7<\/td>\n<td class=\"tg-9wq8\">4.4<\/td>\n<td class=\"tg-9wq8\">32<\/td>\n<td class=\"tg-9wq8\">3.7<\/td>\n<td class=\"tg-9wq8\">4.4<\/td>\n<td class=\"tg-nrix\">32<\/td>\n<\/tr>\n<tr>\n<td class=\"tg-nrix\">4<\/td>\n<td class=\"tg-nrix\">4.6<\/td>\n<td class=\"tg-nrix\">5.4<\/td>\n<td class=\"tg-nrix\">50<\/td>\n<td class=\"tg-nrix\">4.7<\/td>\n<td class=\"tg-nrix\">5.4<\/td>\n<td class=\"tg-nrix\">52<\/td>\n<\/tr>\n<tr>\n<td class=\"tg-nrix\">6<\/td>\n<td class=\"tg-nrix\">5.2<\/td>\n<td class=\"tg-nrix\">6<\/td>\n<td class=\"tg-nrix\">70<\/td>\n<td class=\"tg-nrix\">5.3<\/td>\n<td class=\"tg-nrix\">6.2<\/td>\n<td class=\"tg-nrix\">73<\/td>\n<\/tr>\n<tr>\n<td class=\"tg-nrix\">10<\/td>\n<td class=\"tg-nrix\">6.1<\/td>\n<td class=\"tg-nrix\">7<\/td>\n<td class=\"tg-nrix\">111<\/td>\n<td class=\"tg-nrix\">6.8<\/td>\n<td class=\"tg-nrix\">7.6<\/td>\n<td class=\"tg-nrix\">122<\/td>\n<\/tr>\n<tr>\n<td class=\"tg-nrix\">16<\/td>\n<td class=\"tg-nrix\">7.1<\/td>\n<td class=\"tg-baqh\">\ud83d\ude2f<\/td>\n<td class=\"tg-nrix\">167<\/td>\n<td class=\"tg-nrix\">7.8<\/td>\n<td class=\"tg-nrix\">8.8<\/td>\n<td class=\"tg-nrix\">174<\/td>\n<\/tr>\n<tr>\n<td class=\"tg-nrix\">25<\/td>\n<td class=\"tg-nrix\">8.9<\/td>\n<td class=\"tg-nrix\">10<\/td>\n<td class=\"tg-nrix\">264<\/td>\n<td class=\"tg-nrix\">9.6<\/td>\n<td class=\"tg-nrix\">11<\/td>\n<td class=\"tg-nrix\">269<\/td>\n<\/tr>\n<tr>\n<td class=\"tg-nrix\">35<\/td>\n<td class=\"tg-nrix\">10<\/td>\n<td class=\"tg-nrix\">11.5<\/td>\n<td class=\"tg-nrix\">356<\/td>\n<td class=\"tg-nrix\">11.3<\/td>\n<td class=\"tg-nrix\">12.5<\/td>\n<td class=\"tg-nrix\">370<\/td>\n<\/tr>\n<tr>\n<td class=\"tg-nrix\">35<\/td>\n<td class=\"tg-nrix\">10<\/td>\n<td class=\"tg-nrix\">11.5<\/td>\n<td class=\"tg-nrix\">156<\/td>\n<td class=\"tg-nrix\">113<\/td>\n<td class=\"tg-nrix\">12.5<\/td>\n<td class=\"tg-nrix\">370<\/td>\n<\/tr>\n<tr>\n<td class=\"tg-nrix\">50<\/td>\n<td class=\"tg-nrix\">11.7<\/td>\n<td class=\"tg-nrix\">13<\/td>\n<td class=\"tg-nrix\">483<\/td>\n<td class=\"tg-nrix\">13.4<\/td>\n<td class=\"tg-nrix\">15<\/td>\n<td class=\"tg-nrix\">513<\/td>\n<\/tr>\n<tr>\n<td class=\"tg-nrix\">70<\/td>\n<td class=\"tg-nrix\">13.9<\/td>\n<td class=\"tg-nrix\">15.5<\/td>\n<td class=\"tg-nrix\">695<\/td>\n<td class=\"tg-nrix\">15.6<\/td>\n<td class=\"tg-nrix\">17<\/td>\n<td class=\"tg-nrix\">715<\/td>\n<\/tr>\n<tr>\n<td class=\"tg-nrix\">95<\/td>\n<td class=\"tg-nrix\">15.8<\/td>\n<td class=\"tg-nrix\">17.5<\/td>\n<td class=\"tg-nrix\">946<\/td>\n<td class=\"tg-nrix\">17.8<\/td>\n<td class=\"tg-nrix\">19.5<\/td>\n<td class=\"tg-nrix\">968<\/td>\n<\/tr>\n<tr>\n<td class=\"tg-nrix\">120<\/td>\n<td class=\"tg-nrix\">17.4<\/td>\n<td class=\"tg-nrix\">19<\/td>\n<td class=\"tg-nrix\">1176<\/td>\n<td class=\"tg-nrix\">19.6<\/td>\n<td class=\"tg-nrix\">21.5<\/td>\n<td class=\"tg-nrix\">1219<\/td>\n<\/tr>\n<tr>\n<td class=\"tg-nrix\">150<\/td>\n<td class=\"tg-nrix\">19.3<\/td>\n<td class=\"tg-nrix\">21<\/td>\n<td class=\"tg-nrix\">1449<\/td>\n<td class=\"tg-nrix\">21.7<\/td>\n<td class=\"tg-nrix\">23.5<\/td>\n<td class=\"tg-nrix\">1485<\/td>\n<\/tr>\n<tr>\n<td class=\"tg-nrix\">185<\/td>\n<td class=\"tg-nrix\">21.6<\/td>\n<td class=\"tg-nrix\">23.5<\/td>\n<td class=\"tg-nrix\">1819<\/td>\n<td class=\"tg-nrix\">24.2<\/td>\n<td class=\"tg-nrix\">26<\/td>\n<td class=\"tg-nrix\">1853<\/td>\n<\/tr>\n<tr>\n<td class=\"tg-nrix\">240<\/td>\n<td class=\"tg-nrix\">24.6<\/td>\n<td class=\"tg-nrix\">26.5<\/td>\n<td class=\"tg-nrix\">2376<\/td>\n<td class=\"tg-nrix\">28.2<\/td>\n<td class=\"tg-nrix\">30.5<\/td>\n<td class=\"tg-nrix\">2373<\/td>\n<\/tr>\n<\/tbody>\n<\/table>\n<p>L\u01b0u \u00fd: C\u00e1c s\u1ea3n ph\u1ea9m c\u00f3 th\u00f4ng s\u1ed1 k\u1ef9 thu\u1eadt kh\u00e1c c\u0169ng c\u00f3 th\u1ec3 \u0111\u01b0\u1ee3c t\u00f9y ch\u1ec9nh theo nhu c\u1ea7u c\u1ee7a kh\u00e1ch h\u00e0ng<\/p>\n","protected":false},"excerpt":{"rendered":"<p>C\u00e1p DC ch\u1ecbu nhi\u1ec7t \u0111\u1ed9 th\u1ea5p kh\u00f4ng th\u1ea5m n\u01b0\u1edbc cho t\u00e0u D\u00e2y h\u00e0ng h\u1ea3i \u0111\u01b0\u1ee3c s\u1eed d\u1ee5ng \u0111\u1eb7c bi\u1ec7t cho c\u00e1c m\u1ea1ch \u0111i\u1ec7n, chi\u1ebfu s\u00e1ng, \u0111i\u1ec1u khi\u1ec3n chung v\u00e0 thi\u1ebft b\u1ecb c\u1ee7a c\u00e1c t\u00e0u kh\u00e1c nhau tr\u00ean s\u00f4ng, bi\u1ec3n, gi\u00e0n khoan d\u1ea7u ngo\u00e0i kh\u01a1i v\u00e0 c\u00e1c c\u00f4ng tr\u00ecnh n\u01b0\u1edbc kh\u00e1c.<\/p>\n<p>N\u00f3 \u0111\u00e3 \u0111\u01b0\u1ee3c ch\u1ee9ng nh\u1eadn b\u1edfi Hi\u1ec7p h\u1ed9i ph\u00e2n lo\u1ea1i CCS Trung Qu\u1ed1c; n\u00f3 c\u00f3 \u0111\u1eb7c t\u00ednh \u00edt kh\u00f3i, kh\u00f4ng ch\u1ee9a halogen, \u00edt \u0111\u1ed9c t\u00ednh v\u00e0 c\u00f3 kh\u1ea3 n\u0103ng ch\u1ed1ng \u0103n m\u00f2n do n\u1ea5m m\u1ed1c v\u00e0 phun mu\u1ed1i.<\/p>\n","protected":false},"featured_media":12352,"template":"","meta":{"_eb_attr":"","site-sidebar-layout":"default","site-content-layout":"","ast-site-content-layout":"default","site-content-style":"default","site-sidebar-style":"default","ast-global-header-display":"","ast-banner-title-visibility":"","ast-main-header-display":"","ast-hfb-above-header-display":"","ast-hfb-below-header-display":"","ast-hfb-mobile-header-display":"","site-post-title":"","ast-breadcrumbs-content":"","ast-featured-img":"","footer-sml-layout":"","theme-transparent-header-meta":"default","adv-header-id-meta":"","stick-header-meta":"","header-above-stick-meta":"","header-main-stick-meta":"","header-below-stick-meta":"","astra-migrate-meta-layouts":"default","ast-page-background-enabled":"default","ast-page-background-meta":{"desktop":{"background-color":"","background-image":"","background-repeat":"repeat","background-position":"center center","background-size":"auto","background-attachment":"scroll","background-type":"","background-media":"","overlay-type":"","overlay-color":"","overlay-opacity":"","overlay-gradient":""},"tablet":{"background-color":"","background-image":"","background-repeat":"repeat","background-position":"center center","background-size":"auto","background-attachment":"scroll","background-type":"","background-media":"","overlay-type":"","overlay-color":"","overlay-opacity":"","overlay-gradient":""},"mobile":{"background-color":"","background-image":"","background-repeat":"repeat","background-position":"center center","background-size":"auto","background-attachment":"scroll","background-type":"","background-media":"","overlay-type":"","overlay-color":"","overlay-opacity":"","overlay-gradient":""}},"ast-content-background-meta":{"desktop":{"background-color":"var(--ast-global-color-5)","background-image":"","background-repeat":"repeat","background-position":"center center","background-size":"auto","background-attachment":"scroll","background-type":"","background-media":"","overlay-type":"","overlay-color":"","overlay-opacity":"","overlay-gradient":""},"tablet":{"background-color":"var(--ast-global-color-5)","background-image":"","background-repeat":"repeat","background-position":"center center","background-size":"auto","background-attachment":"scroll","background-type":"","background-media":"","overlay-type":"","overlay-color":"","overlay-opacity":"","overlay-gradient":""},"mobile":{"background-color":"var(--ast-global-color-5)","background-image":"","background-repeat":"repeat","background-position":"center center","background-size":"auto","background-attachment":"scroll","background-type":"","background-media":"","overlay-type":"","overlay-color":"","overlay-opacity":"","overlay-gradient":""}}},"product_brand":[],"product_cat":[1978,827,828,829,834,832,1998],"product_tag":[1999,2000,2001],"class_list":{"0":"post-21043","1":"product","2":"type-product","3":"status-publish","4":"has-post-thumbnail","6":"product_cat-cap-chong-nuoc","7":"product_cat-enstandard-cable-vi","8":"product_cat-en50264-vi","9":"product_cat-en50306-vi","10":"product_cat-marine-vi","11":"product_cat-ice-standard-vi","12":"product_cat-khoi-luong-kg-km","13":"product_tag-cap-cach-dien-polyolefin-loi-don-ce","14":"product_tag-cbyj-dc-cbyjr-dc-vi","15":"product_tag-day-cach-dien-polyolefin-lien-ket-ngang-loi-don","16":"desktop-align-center","17":"tablet-align-left","18":"mobile-align-left","20":"first","21":"instock","22":"shipping-taxable","23":"product-type-simple"},"yoast_head":"<!-- This site is optimized with the Yoast SEO plugin v27.4 - https:\/\/yoast.com\/product\/yoast-seo-wordpress\/ -->\n<title>C\u00e1p DC ch\u1ecbu nhi\u1ec7t \u0111\u1ed9 th\u1ea5p ch\u1ed1ng n\u01b0\u1edbc cho t\u00e0u D\u00e2y bi\u1ec3n<\/title>\n<meta name=\"description\" content=\"C\u00e1p DC ch\u1ecbu nhi\u1ec7t \u0111\u1ed9 th\u1ea5p ch\u1ed1ng th\u1ea5m n\u01b0\u1edbc cho t\u00e0u D\u00e2y h\u00e0ng h\u1ea3i \u0111\u01b0\u1ee3c s\u1eed d\u1ee5ng \u0111\u1eb7c bi\u1ec7t cho ngu\u1ed3n \u0111i\u1ec7n, chi\u1ebfu s\u00e1ng\" \/>\n<meta name=\"robots\" content=\"index, follow, max-snippet:-1, max-image-preview:large, max-video-preview:-1\" \/>\n<link rel=\"canonical\" href=\"https:\/\/www.tstcables.com\/vi\/product\/cap-dc-chiu-nhiet-do-thap-chong-nuoc-cho-tau-day-bien\/\" \/>\n<meta property=\"og:locale\" content=\"vi_VN\" \/>\n<meta property=\"og:type\" content=\"article\" \/>\n<meta property=\"og:title\" content=\"C\u00e1p DC ch\u1ecbu nhi\u1ec7t \u0111\u1ed9 th\u1ea5p ch\u1ed1ng n\u01b0\u1edbc cho t\u00e0u D\u00e2y bi\u1ec3n\" \/>\n<meta property=\"og:description\" content=\"C\u00e1p DC ch\u1ecbu nhi\u1ec7t \u0111\u1ed9 th\u1ea5p ch\u1ed1ng th\u1ea5m n\u01b0\u1edbc cho t\u00e0u D\u00e2y h\u00e0ng h\u1ea3i \u0111\u01b0\u1ee3c s\u1eed d\u1ee5ng \u0111\u1eb7c bi\u1ec7t cho ngu\u1ed3n \u0111i\u1ec7n, chi\u1ebfu s\u00e1ng\" \/>\n<meta property=\"og:url\" content=\"https:\/\/www.tstcables.com\/vi\/product\/cap-dc-chiu-nhiet-do-thap-chong-nuoc-cho-tau-day-bien\/\" \/>\n<meta property=\"og:site_name\" content=\"TST CABLES supplier &amp; Manufacture\" \/>\n<meta property=\"og:image\" content=\"https:\/\/www.tstcables.com\/wp-content\/uploads\/2024\/03\/3.webp\" \/>\n\t<meta property=\"og:image:width\" content=\"640\" \/>\n\t<meta property=\"og:image:height\" content=\"640\" \/>\n\t<meta property=\"og:image:type\" content=\"image\/webp\" \/>\n<meta name=\"twitter:card\" content=\"summary_large_image\" \/>\n<meta name=\"twitter:label1\" content=\"Est. reading time\" \/>\n\t<meta name=\"twitter:data1\" content=\"2 minutes\" \/>\n<script type=\"application\/ld+json\" class=\"yoast-schema-graph\">{\"@context\":\"https:\\\/\\\/schema.org\",\"@graph\":[{\"@type\":\"WebPage\",\"@id\":\"https:\\\/\\\/www.tstcables.com\\\/vi\\\/product\\\/cap-dc-chiu-nhiet-do-thap-chong-nuoc-cho-tau-day-bien\\\/\",\"url\":\"https:\\\/\\\/www.tstcables.com\\\/vi\\\/product\\\/cap-dc-chiu-nhiet-do-thap-chong-nuoc-cho-tau-day-bien\\\/\",\"name\":\"C\u00e1p DC ch\u1ecbu nhi\u1ec7t \u0111\u1ed9 th\u1ea5p ch\u1ed1ng n\u01b0\u1edbc cho t\u00e0u D\u00e2y bi\u1ec3n\",\"isPartOf\":{\"@id\":\"https:\\\/\\\/www.tstcables.com\\\/vi\\\/#website\"},\"primaryImageOfPage\":{\"@id\":\"https:\\\/\\\/www.tstcables.com\\\/vi\\\/product\\\/cap-dc-chiu-nhiet-do-thap-chong-nuoc-cho-tau-day-bien\\\/#primaryimage\"},\"image\":{\"@id\":\"https:\\\/\\\/www.tstcables.com\\\/vi\\\/product\\\/cap-dc-chiu-nhiet-do-thap-chong-nuoc-cho-tau-day-bien\\\/#primaryimage\"},\"thumbnailUrl\":\"https:\\\/\\\/www.tstcables.com\\\/wp-content\\\/uploads\\\/2024\\\/03\\\/3.webp\",\"datePublished\":\"2024-03-25T03:14:15+00:00\",\"description\":\"C\u00e1p DC ch\u1ecbu nhi\u1ec7t \u0111\u1ed9 th\u1ea5p ch\u1ed1ng th\u1ea5m n\u01b0\u1edbc cho t\u00e0u D\u00e2y h\u00e0ng h\u1ea3i \u0111\u01b0\u1ee3c s\u1eed d\u1ee5ng \u0111\u1eb7c bi\u1ec7t cho ngu\u1ed3n \u0111i\u1ec7n, chi\u1ebfu s\u00e1ng\",\"breadcrumb\":{\"@id\":\"https:\\\/\\\/www.tstcables.com\\\/vi\\\/product\\\/cap-dc-chiu-nhiet-do-thap-chong-nuoc-cho-tau-day-bien\\\/#breadcrumb\"},\"inLanguage\":\"vi-VN\",\"potentialAction\":[{\"@type\":\"ReadAction\",\"target\":[\"https:\\\/\\\/www.tstcables.com\\\/vi\\\/product\\\/cap-dc-chiu-nhiet-do-thap-chong-nuoc-cho-tau-day-bien\\\/\"]}]},{\"@type\":\"ImageObject\",\"inLanguage\":\"vi-VN\",\"@id\":\"https:\\\/\\\/www.tstcables.com\\\/vi\\\/product\\\/cap-dc-chiu-nhiet-do-thap-chong-nuoc-cho-tau-day-bien\\\/#primaryimage\",\"url\":\"https:\\\/\\\/www.tstcables.com\\\/wp-content\\\/uploads\\\/2024\\\/03\\\/3.webp\",\"contentUrl\":\"https:\\\/\\\/www.tstcables.com\\\/wp-content\\\/uploads\\\/2024\\\/03\\\/3.webp\",\"width\":640,\"height\":640,\"caption\":\"single-core cross-linked polyolefin insulated wire CBYJ\\\/DC CBYJR\\\/DC\"},{\"@type\":\"BreadcrumbList\",\"@id\":\"https:\\\/\\\/www.tstcables.com\\\/vi\\\/product\\\/cap-dc-chiu-nhiet-do-thap-chong-nuoc-cho-tau-day-bien\\\/#breadcrumb\",\"itemListElement\":[{\"@type\":\"ListItem\",\"position\":1,\"name\":\"\u9996\u9875\",\"item\":\"https:\\\/\\\/www.tstcables.com\\\/vi\\\/\"},{\"@type\":\"ListItem\",\"position\":2,\"name\":\"Product\",\"item\":\"https:\\\/\\\/www.tstcables.com\\\/product\\\/\"},{\"@type\":\"ListItem\",\"position\":3,\"name\":\"C\u00e1p DC ch\u1ecbu nhi\u1ec7t \u0111\u1ed9 th\u1ea5p ch\u1ed1ng n\u01b0\u1edbc cho t\u00e0u D\u00e2y bi\u1ec3n\"}]},{\"@type\":\"WebSite\",\"@id\":\"https:\\\/\\\/www.tstcables.com\\\/vi\\\/#website\",\"url\":\"https:\\\/\\\/www.tstcables.com\\\/vi\\\/\",\"name\":\"TST Cable supplier & Manufacture\",\"description\":\"TST CABLES  supplier &amp; Manufacture official website\",\"publisher\":{\"@id\":\"https:\\\/\\\/www.tstcables.com\\\/vi\\\/#organization\"},\"potentialAction\":[{\"@type\":\"SearchAction\",\"target\":{\"@type\":\"EntryPoint\",\"urlTemplate\":\"https:\\\/\\\/www.tstcables.com\\\/vi\\\/?s={search_term_string}\"},\"query-input\":{\"@type\":\"PropertyValueSpecification\",\"valueRequired\":true,\"valueName\":\"search_term_string\"}}],\"inLanguage\":\"vi-VN\"},{\"@type\":\"Organization\",\"@id\":\"https:\\\/\\\/www.tstcables.com\\\/vi\\\/#organization\",\"name\":\"TST Cable supplier & Manufacture\",\"url\":\"https:\\\/\\\/www.tstcables.com\\\/vi\\\/\",\"logo\":{\"@type\":\"ImageObject\",\"inLanguage\":\"vi-VN\",\"@id\":\"https:\\\/\\\/www.tstcables.com\\\/vi\\\/#\\\/schema\\\/logo\\\/image\\\/\",\"url\":\"https:\\\/\\\/www.tstcables.com\\\/wp-content\\\/uploads\\\/2024\\\/04\\\/cropped-\u753b\u677f-1-\u62f7\u8d1d-4-1.png\",\"contentUrl\":\"https:\\\/\\\/www.tstcables.com\\\/wp-content\\\/uploads\\\/2024\\\/04\\\/cropped-\u753b\u677f-1-\u62f7\u8d1d-4-1.png\",\"width\":300,\"height\":100,\"caption\":\"TST Cable supplier & Manufacture\"},\"image\":{\"@id\":\"https:\\\/\\\/www.tstcables.com\\\/vi\\\/#\\\/schema\\\/logo\\\/image\\\/\"}}]}<\/script>\n<!-- \/ Yoast SEO plugin. -->","yoast_head_json":{"title":"C\u00e1p DC ch\u1ecbu nhi\u1ec7t \u0111\u1ed9 th\u1ea5p ch\u1ed1ng n\u01b0\u1edbc cho t\u00e0u D\u00e2y bi\u1ec3n","description":"C\u00e1p DC ch\u1ecbu nhi\u1ec7t \u0111\u1ed9 th\u1ea5p ch\u1ed1ng th\u1ea5m n\u01b0\u1edbc cho t\u00e0u D\u00e2y h\u00e0ng h\u1ea3i \u0111\u01b0\u1ee3c s\u1eed d\u1ee5ng \u0111\u1eb7c bi\u1ec7t cho ngu\u1ed3n \u0111i\u1ec7n, chi\u1ebfu s\u00e1ng","robots":{"index":"index","follow":"follow","max-snippet":"max-snippet:-1","max-image-preview":"max-image-preview:large","max-video-preview":"max-video-preview:-1"},"canonical":"https:\/\/www.tstcables.com\/vi\/product\/cap-dc-chiu-nhiet-do-thap-chong-nuoc-cho-tau-day-bien\/","og_locale":"vi_VN","og_type":"article","og_title":"C\u00e1p DC ch\u1ecbu nhi\u1ec7t \u0111\u1ed9 th\u1ea5p ch\u1ed1ng n\u01b0\u1edbc cho t\u00e0u D\u00e2y bi\u1ec3n","og_description":"C\u00e1p DC ch\u1ecbu nhi\u1ec7t \u0111\u1ed9 th\u1ea5p ch\u1ed1ng th\u1ea5m n\u01b0\u1edbc cho t\u00e0u D\u00e2y h\u00e0ng h\u1ea3i \u0111\u01b0\u1ee3c s\u1eed d\u1ee5ng \u0111\u1eb7c bi\u1ec7t cho ngu\u1ed3n \u0111i\u1ec7n, chi\u1ebfu s\u00e1ng","og_url":"https:\/\/www.tstcables.com\/vi\/product\/cap-dc-chiu-nhiet-do-thap-chong-nuoc-cho-tau-day-bien\/","og_site_name":"TST CABLES supplier &amp; Manufacture","og_image":[{"width":640,"height":640,"url":"https:\/\/www.tstcables.com\/wp-content\/uploads\/2024\/03\/3.webp","type":"image\/webp"}],"twitter_card":"summary_large_image","twitter_misc":{"Est. reading time":"2 minutes"},"schema":{"@context":"https:\/\/schema.org","@graph":[{"@type":"WebPage","@id":"https:\/\/www.tstcables.com\/vi\/product\/cap-dc-chiu-nhiet-do-thap-chong-nuoc-cho-tau-day-bien\/","url":"https:\/\/www.tstcables.com\/vi\/product\/cap-dc-chiu-nhiet-do-thap-chong-nuoc-cho-tau-day-bien\/","name":"C\u00e1p DC ch\u1ecbu nhi\u1ec7t \u0111\u1ed9 th\u1ea5p ch\u1ed1ng n\u01b0\u1edbc cho t\u00e0u D\u00e2y bi\u1ec3n","isPartOf":{"@id":"https:\/\/www.tstcables.com\/vi\/#website"},"primaryImageOfPage":{"@id":"https:\/\/www.tstcables.com\/vi\/product\/cap-dc-chiu-nhiet-do-thap-chong-nuoc-cho-tau-day-bien\/#primaryimage"},"image":{"@id":"https:\/\/www.tstcables.com\/vi\/product\/cap-dc-chiu-nhiet-do-thap-chong-nuoc-cho-tau-day-bien\/#primaryimage"},"thumbnailUrl":"https:\/\/www.tstcables.com\/wp-content\/uploads\/2024\/03\/3.webp","datePublished":"2024-03-25T03:14:15+00:00","description":"C\u00e1p DC ch\u1ecbu nhi\u1ec7t \u0111\u1ed9 th\u1ea5p ch\u1ed1ng th\u1ea5m n\u01b0\u1edbc cho t\u00e0u D\u00e2y h\u00e0ng h\u1ea3i \u0111\u01b0\u1ee3c s\u1eed d\u1ee5ng \u0111\u1eb7c bi\u1ec7t cho ngu\u1ed3n \u0111i\u1ec7n, chi\u1ebfu s\u00e1ng","breadcrumb":{"@id":"https:\/\/www.tstcables.com\/vi\/product\/cap-dc-chiu-nhiet-do-thap-chong-nuoc-cho-tau-day-bien\/#breadcrumb"},"inLanguage":"vi-VN","potentialAction":[{"@type":"ReadAction","target":["https:\/\/www.tstcables.com\/vi\/product\/cap-dc-chiu-nhiet-do-thap-chong-nuoc-cho-tau-day-bien\/"]}]},{"@type":"ImageObject","inLanguage":"vi-VN","@id":"https:\/\/www.tstcables.com\/vi\/product\/cap-dc-chiu-nhiet-do-thap-chong-nuoc-cho-tau-day-bien\/#primaryimage","url":"https:\/\/www.tstcables.com\/wp-content\/uploads\/2024\/03\/3.webp","contentUrl":"https:\/\/www.tstcables.com\/wp-content\/uploads\/2024\/03\/3.webp","width":640,"height":640,"caption":"single-core cross-linked polyolefin insulated wire CBYJ\/DC CBYJR\/DC"},{"@type":"BreadcrumbList","@id":"https:\/\/www.tstcables.com\/vi\/product\/cap-dc-chiu-nhiet-do-thap-chong-nuoc-cho-tau-day-bien\/#breadcrumb","itemListElement":[{"@type":"ListItem","position":1,"name":"\u9996\u9875","item":"https:\/\/www.tstcables.com\/vi\/"},{"@type":"ListItem","position":2,"name":"Product","item":"https:\/\/www.tstcables.com\/product\/"},{"@type":"ListItem","position":3,"name":"C\u00e1p DC ch\u1ecbu nhi\u1ec7t \u0111\u1ed9 th\u1ea5p ch\u1ed1ng n\u01b0\u1edbc cho t\u00e0u D\u00e2y bi\u1ec3n"}]},{"@type":"WebSite","@id":"https:\/\/www.tstcables.com\/vi\/#website","url":"https:\/\/www.tstcables.com\/vi\/","name":"TST Cable supplier & Manufacture","description":"TST CABLES  supplier &amp; Manufacture official website","publisher":{"@id":"https:\/\/www.tstcables.com\/vi\/#organization"},"potentialAction":[{"@type":"SearchAction","target":{"@type":"EntryPoint","urlTemplate":"https:\/\/www.tstcables.com\/vi\/?s={search_term_string}"},"query-input":{"@type":"PropertyValueSpecification","valueRequired":true,"valueName":"search_term_string"}}],"inLanguage":"vi-VN"},{"@type":"Organization","@id":"https:\/\/www.tstcables.com\/vi\/#organization","name":"TST Cable supplier & Manufacture","url":"https:\/\/www.tstcables.com\/vi\/","logo":{"@type":"ImageObject","inLanguage":"vi-VN","@id":"https:\/\/www.tstcables.com\/vi\/#\/schema\/logo\/image\/","url":"https:\/\/www.tstcables.com\/wp-content\/uploads\/2024\/04\/cropped-\u753b\u677f-1-\u62f7\u8d1d-4-1.png","contentUrl":"https:\/\/www.tstcables.com\/wp-content\/uploads\/2024\/04\/cropped-\u753b\u677f-1-\u62f7\u8d1d-4-1.png","width":300,"height":100,"caption":"TST Cable supplier & Manufacture"},"image":{"@id":"https:\/\/www.tstcables.com\/vi\/#\/schema\/logo\/image\/"}}]}},"_links":{"self":[{"href":"https:\/\/www.tstcables.com\/vi\/wp-json\/wp\/v2\/product\/21043","targetHints":{"allow":["GET"]}}],"collection":[{"href":"https:\/\/www.tstcables.com\/vi\/wp-json\/wp\/v2\/product"}],"about":[{"href":"https:\/\/www.tstcables.com\/vi\/wp-json\/wp\/v2\/types\/product"}],"version-history":[{"count":0,"href":"https:\/\/www.tstcables.com\/vi\/wp-json\/wp\/v2\/product\/21043\/revisions"}],"wp:featuredmedia":[{"embeddable":true,"href":"https:\/\/www.tstcables.com\/vi\/wp-json\/wp\/v2\/media\/12352"}],"wp:attachment":[{"href":"https:\/\/www.tstcables.com\/vi\/wp-json\/wp\/v2\/media?parent=21043"}],"wp:term":[{"taxonomy":"product_brand","embeddable":true,"href":"https:\/\/www.tstcables.com\/vi\/wp-json\/wp\/v2\/product_brand?post=21043"},{"taxonomy":"product_cat","embeddable":true,"href":"https:\/\/www.tstcables.com\/vi\/wp-json\/wp\/v2\/product_cat?post=21043"},{"taxonomy":"product_tag","embeddable":true,"href":"https:\/\/www.tstcables.com\/vi\/wp-json\/wp\/v2\/product_tag?post=21043"}],"curies":[{"name":"wp","href":"https:\/\/api.w.org\/{rel}","templated":true}]}}