{"id":21046,"date":"2024-03-23T19:20:54","date_gmt":"2024-03-23T11:20:54","guid":{"rendered":"https:\/\/www.tstcables.com\/product\/cap-lszh-cat7-cap-mang-cat-7\/"},"modified":"2024-03-23T19:20:54","modified_gmt":"2024-03-23T11:20:54","slug":"cap-lszh-cat7-cap-mang-cat-7","status":"publish","type":"product","link":"https:\/\/www.tstcables.com\/vi\/product\/cap-lszh-cat7-cap-mang-cat-7\/","title":{"rendered":"c\u00e1p lszh CAT7 (c\u00e1p m\u1ea1ng Cat 7)"},"content":{"rendered":"<p>\u1ee8ng d\u1ee5ng:<\/p>\n<p>C\u00e1p lszh CAT7 (c\u00e1p m\u1ea1ng Cat 7) \u0111\u1eb7c bi\u1ec7t th\u00edch h\u1ee3p cho Gigabit Ethernet v\u00e0 truy\u1ec1n d\u1eef li\u1ec7u k\u1ef9 thu\u1eadt s\u1ed1 l\u00ean \u0111\u1ebfn 10Gigabit \u0111\u00e1p \u1ee9ng c\u00e1c y\u00eau c\u1ea7u c\u1ee7a IEEE802.3.<\/p>\n<p>\u0110\u1eb7c \u0111i\u1ec3m:<\/p>\n<ul>\n<li>\u0110i\u1ec7n \u00e1p \u0111\u1ecbnh m\u1ee9c: 300V AC<\/li>\n<li>Ph\u1ea1m vi nhi\u1ec7t \u0111\u1ed9: -40\u00b0C \u0111\u1ebfn 90\u00b0C<\/li>\n<li>B\u00e1n k\u00ednh u\u1ed1n: 6D (D d\u00f9ng \u0111\u1ec3 ch\u1ec9 \u0111\u01b0\u1eddng k\u00ednh ngo\u00e0i c\u1ee7a c\u00e1p)<\/li>\n<li>Tr\u1edf kh\u00e1ng \u0111\u1eb7c tr\u01b0ng: 100\u03a9+15\u03a9 (100 MHz)<\/li>\n<li>\u0110i\u1ec7n \u00e1p c\u00e1ch \u0111i\u1ec7n: DC 1000V\/1 ph\u00fat<\/li>\n<li>\u0110\u1ed3ng b\u1ea1c<\/li>\n<li>Ch\u1ed1ng oxy h\u00f3a<\/li>\n<li>\u0110\u1ed9 d\u1eabn \u0111i\u1ec7n cao<\/li>\n<li>Ch\u1ed1ng m\u00e0i m\u00f2n<\/li>\n<li>Ch\u1ed1ng oxy h\u00f3a<\/li>\n<li>Kh\u00f4ng bi\u1ebfn d\u1ea1ng<\/li>\n<\/ul>\n<p>K\u1ebft c\u1ea5u:<\/p>\n<ul>\n<li>D\u00e2y d\u1eabn t\u00edch h\u1ee3p: \u0111\u1ed3ng \u0111\u00f3ng h\u1ed9p<\/li>\n<li>b\u1ecdt c\u00e1ch nhi\u1ec7t<\/li>\n<li>S\u1ed1 l\u00f5i 8<\/li>\n<li>X\u00e2y d\u1ef1ng 4 nh\u00f3m<\/li>\n<li>D\u00e2y b\u1ec7n che ch\u1eafn EMC b\u1eb1ng \u0111\u1ed3ng \u0111\u00f3ng h\u1ed9p (to\u00e0n b\u1ed9)<\/li>\n<li>V\u1ecf b\u1ecdc polyolefin li\u00ean k\u1ebft ngang b\u1ee9c x\u1ea1<\/li>\n<\/ul>\n<p>Tham s\u1ed1 l\u1ef1a ch\u1ecdn<\/p>\n<table class=\"tg\">\n<thead>\n<tr>\n<th class=\"tg-0pky\" rowspan=\"2\">Th\u00f4ng s\u1ed1 m\u1eabu<\/th>\n<th class=\"tg-0pky\" rowspan=\"2\"><span style=\"color: #000;\">\u0110\u01b0\u1eddng k\u00ednh d\u00e2y d\u1eabn (mm)<\/span><\/th>\n<th class=\"tg-0pky\" rowspan=\"2\"><span style=\"color: #000;\">\u0110\u01b0\u1eddng k\u00ednh c\u00e1ch nhi\u1ec7t (mm)<\/span><\/th>\n<th class=\"tg-0pky\" colspan=\"2\"><span style=\"color: #000;\">\u0110\u01b0\u1eddng k\u00ednh c\u00e1ch nhi\u1ec7t (D)<\/span><\/th>\n<th class=\"tg-0pky\" rowspan=\"2\"><span style=\"color: #000;\">Tr\u1ecdng l\u01b0\u1ee3ng c\u00e1p trung b\u00ecnh Kg\/km<\/span><\/th>\n<th class=\"tg-0pky\" rowspan=\"2\"><span style=\"color: #000;\">Gi\u00e1 tr\u1ecb nhi\u1ec7t \u0111\u1ed1t KJ\/m<\/span><\/th>\n<\/tr>\n<tr>\n<th class=\"tg-0pky\" colspan=\"2\"><span style=\"color: #000;\">Min.mm<\/span><\/th>\n<\/tr>\n<\/thead>\n<tbody>\n<tr>\n<td class=\"tg-0pky\"><span style=\"color: #000;\">4x2x24A WG<\/span><\/td>\n<td class=\"tg-0pky\"><span style=\"color: #000;\">0.6<\/span><\/td>\n<td class=\"tg-0pky\"><span style=\"color: #000;\">1.4<\/span><\/td>\n<td class=\"tg-0pky\"><span style=\"color: #000;\">7.8<\/span><\/td>\n<td class=\"tg-0pky\"><span style=\"color: #000;\">8.5<\/span><\/td>\n<td class=\"tg-0pky\"><span style=\"color: #000;\">69<\/span><\/td>\n<td class=\"tg-0pky\"><span style=\"color: #000;\">908<\/span><\/td>\n<\/tr>\n<tr>\n<td class=\"tg-0pky\"><span style=\"color: #000;\">4x2x26A WG<\/span><\/td>\n<td class=\"tg-0pky\"><span style=\"color: #000;\">0.48<\/span><\/td>\n<td class=\"tg-0pky\"><span style=\"color: #000;\">1<\/span><\/td>\n<td class=\"tg-0pky\"><span style=\"color: #000;\">6.6<\/span><\/td>\n<td class=\"tg-0pky\"><span style=\"color: #000;\">7.2<\/span><\/td>\n<td class=\"tg-0pky\"><span style=\"color: #000;\">51<\/span><\/td>\n<td class=\"tg-0pky\"><span style=\"color: #000;\">342<\/span><\/td>\n<\/tr>\n<\/tbody>\n<\/table>\n","protected":false},"excerpt":{"rendered":"<p>C\u00e1p li\u00ean k\u1ebft ngang \u0111i\u1ec7n t\u1eed, kh\u00f4ng ch\u1ee9a halogen \u0111\u00e3 c\u1ea3i thi\u1ec7n kh\u1ea3 n\u0103ng ch\u1ed1ng ch\u00e1y, d\u1ec5 d\u00e0ng t\u01b0\u1edbc, ch\u1ed1ng l\u1ea1i b\u00e0n \u1ee7i h\u00e0n v\u00e0 t\u00ednh linh ho\u1ea1t. \u0110\u00e1p \u1ee9ng c\u00e1c y\u00eau c\u1ea7u v\u1ec1 \u0111i\u1ec7n c\u1ee7a EN50288-4-2 v\u00e0 IEC61156-6 Lo\u1ea1i 7. Vi\u1ec7c t\u01b0\u1edbc d\u00e2y tr\u01b0\u1edbc gi\u00fap l\u1eafp r\u00e1p t\u1ed1t h\u01a1n. C\u00e1p \u0111\u1eb7c bi\u1ec7t th\u00edch h\u1ee3p cho Gigabit Ethernet v\u00e0 truy\u1ec1n d\u1eef li\u1ec7u k\u1ef9 thu\u1eadt s\u1ed1 l\u00ean \u0111\u1ebfn 10Gigabit \u0111\u00e1p \u1ee9ng c\u00e1c y\u00eau c\u1ea7u c\u1ee7a IEEE802.3.<\/p>\n","protected":false},"featured_media":12792,"template":"","meta":{"_eb_attr":"","site-sidebar-layout":"default","site-content-layout":"","ast-site-content-layout":"default","site-content-style":"default","site-sidebar-style":"default","ast-global-header-display":"","ast-banner-title-visibility":"","ast-main-header-display":"","ast-hfb-above-header-display":"","ast-hfb-below-header-display":"","ast-hfb-mobile-header-display":"","site-post-title":"","ast-breadcrumbs-content":"","ast-featured-img":"","footer-sml-layout":"","theme-transparent-header-meta":"default","adv-header-id-meta":"","stick-header-meta":"","header-above-stick-meta":"","header-main-stick-meta":"","header-below-stick-meta":"","astra-migrate-meta-layouts":"default","ast-page-background-enabled":"default","ast-page-background-meta":{"desktop":{"background-color":"","background-image":"","background-repeat":"repeat","background-position":"center center","background-size":"auto","background-attachment":"scroll","background-type":"","background-media":"","overlay-type":"","overlay-color":"","overlay-opacity":"","overlay-gradient":""},"tablet":{"background-color":"","background-image":"","background-repeat":"repeat","background-position":"center center","background-size":"auto","background-attachment":"scroll","background-type":"","background-media":"","overlay-type":"","overlay-color":"","overlay-opacity":"","overlay-gradient":""},"mobile":{"background-color":"","background-image":"","background-repeat":"repeat","background-position":"center center","background-size":"auto","background-attachment":"scroll","background-type":"","background-media":"","overlay-type":"","overlay-color":"","overlay-opacity":"","overlay-gradient":""}},"ast-content-background-meta":{"desktop":{"background-color":"var(--ast-global-color-5)","background-image":"","background-repeat":"repeat","background-position":"center center","background-size":"auto","background-attachment":"scroll","background-type":"","background-media":"","overlay-type":"","overlay-color":"","overlay-opacity":"","overlay-gradient":""},"tablet":{"background-color":"var(--ast-global-color-5)","background-image":"","background-repeat":"repeat","background-position":"center center","background-size":"auto","background-attachment":"scroll","background-type":"","background-media":"","overlay-type":"","overlay-color":"","overlay-opacity":"","overlay-gradient":""},"mobile":{"background-color":"var(--ast-global-color-5)","background-image":"","background-repeat":"repeat","background-position":"center center","background-size":"auto","background-attachment":"scroll","background-type":"","background-media":"","overlay-type":"","overlay-color":"","overlay-opacity":"","overlay-gradient":""}}},"product_brand":[],"product_cat":[833,836,842,827,828,829,830,834,825,835,832,847],"product_tag":[1972,1973],"class_list":{"0":"post-21046","1":"product","2":"type-product","3":"status-publish","4":"has-post-thumbnail","6":"product_cat-lsoh-cable-vi","7":"product_cat-oil-gas-vi","8":"product_cat-rail-way-vi","9":"product_cat-enstandard-cable-vi","10":"product_cat-en50264-vi","11":"product_cat-en50306-vi","12":"product_cat-en50382-vi","13":"product_cat-marine-vi","14":"product_cat-aviation-vi","15":"product_cat-nuclear-vi","16":"product_cat-ice-standard-vi","17":"product_cat-wind-power-vi","18":"product_tag-cap-cat7","19":"product_tag-cap-mang-loai-7","20":"desktop-align-center","21":"tablet-align-left","22":"mobile-align-left","24":"first","25":"instock","26":"shipping-taxable","27":"product-type-simple"},"yoast_head":"<!-- This site is optimized with the Yoast SEO plugin v27.4 - https:\/\/yoast.com\/product\/yoast-seo-wordpress\/ -->\n<title>C\u00e1p CAT7 (C\u00e1p m\u1ea1ng lo\u1ea1i 7)<\/title>\n<meta name=\"description\" content=\"CAT7 (C\u00e1p m\u1ea1ng Category 7) \u0111\u01b0\u1ee3c c\u1ea3i thi\u1ec7n kh\u1ea3 n\u0103ng ch\u1ed1ng ch\u00e1y, d\u1ec5 d\u00e0ng tu\u1ed1t, ch\u1ed1ng h\u00e0n s\u1eaft v\u00e0 linh ho\u1ea1t.\" \/>\n<meta name=\"robots\" content=\"index, follow, max-snippet:-1, max-image-preview:large, max-video-preview:-1\" \/>\n<link rel=\"canonical\" href=\"https:\/\/www.tstcables.com\/vi\/product\/cap-lszh-cat7-cap-mang-cat-7\/\" \/>\n<meta property=\"og:locale\" content=\"vi_VN\" \/>\n<meta property=\"og:type\" content=\"article\" \/>\n<meta property=\"og:title\" content=\"C\u00e1p CAT7 (C\u00e1p m\u1ea1ng lo\u1ea1i 7)\" \/>\n<meta property=\"og:description\" content=\"CAT7 (C\u00e1p m\u1ea1ng Category 7) \u0111\u01b0\u1ee3c c\u1ea3i thi\u1ec7n kh\u1ea3 n\u0103ng ch\u1ed1ng ch\u00e1y, d\u1ec5 d\u00e0ng tu\u1ed1t, ch\u1ed1ng h\u00e0n s\u1eaft v\u00e0 linh ho\u1ea1t.\" \/>\n<meta property=\"og:url\" content=\"https:\/\/www.tstcables.com\/vi\/product\/cap-lszh-cat7-cap-mang-cat-7\/\" \/>\n<meta property=\"og:site_name\" content=\"TST CABLES supplier &amp; Manufacture\" \/>\n<meta property=\"og:image\" content=\"https:\/\/www.tstcables.com\/wp-content\/uploads\/2024\/03\/1-2.webp\" \/>\n\t<meta property=\"og:image:width\" content=\"640\" \/>\n\t<meta property=\"og:image:height\" content=\"640\" \/>\n\t<meta property=\"og:image:type\" content=\"image\/webp\" \/>\n<meta name=\"twitter:card\" content=\"summary_large_image\" \/>\n<meta name=\"twitter:label1\" content=\"Est. reading time\" \/>\n\t<meta name=\"twitter:data1\" content=\"1 minute\" \/>\n<script type=\"application\/ld+json\" class=\"yoast-schema-graph\">{\"@context\":\"https:\\\/\\\/schema.org\",\"@graph\":[{\"@type\":\"WebPage\",\"@id\":\"https:\\\/\\\/www.tstcables.com\\\/vi\\\/product\\\/cap-lszh-cat7-cap-mang-cat-7\\\/\",\"url\":\"https:\\\/\\\/www.tstcables.com\\\/vi\\\/product\\\/cap-lszh-cat7-cap-mang-cat-7\\\/\",\"name\":\"C\u00e1p CAT7 (C\u00e1p m\u1ea1ng lo\u1ea1i 7)\",\"isPartOf\":{\"@id\":\"https:\\\/\\\/www.tstcables.com\\\/vi\\\/#website\"},\"primaryImageOfPage\":{\"@id\":\"https:\\\/\\\/www.tstcables.com\\\/vi\\\/product\\\/cap-lszh-cat7-cap-mang-cat-7\\\/#primaryimage\"},\"image\":{\"@id\":\"https:\\\/\\\/www.tstcables.com\\\/vi\\\/product\\\/cap-lszh-cat7-cap-mang-cat-7\\\/#primaryimage\"},\"thumbnailUrl\":\"https:\\\/\\\/www.tstcables.com\\\/wp-content\\\/uploads\\\/2024\\\/03\\\/1-2.webp\",\"datePublished\":\"2024-03-23T11:20:54+00:00\",\"description\":\"CAT7 (C\u00e1p m\u1ea1ng Category 7) \u0111\u01b0\u1ee3c c\u1ea3i thi\u1ec7n kh\u1ea3 n\u0103ng ch\u1ed1ng ch\u00e1y, d\u1ec5 d\u00e0ng tu\u1ed1t, ch\u1ed1ng h\u00e0n s\u1eaft v\u00e0 linh ho\u1ea1t.\",\"breadcrumb\":{\"@id\":\"https:\\\/\\\/www.tstcables.com\\\/vi\\\/product\\\/cap-lszh-cat7-cap-mang-cat-7\\\/#breadcrumb\"},\"inLanguage\":\"vi-VN\",\"potentialAction\":[{\"@type\":\"ReadAction\",\"target\":[\"https:\\\/\\\/www.tstcables.com\\\/vi\\\/product\\\/cap-lszh-cat7-cap-mang-cat-7\\\/\"]}]},{\"@type\":\"ImageObject\",\"inLanguage\":\"vi-VN\",\"@id\":\"https:\\\/\\\/www.tstcables.com\\\/vi\\\/product\\\/cap-lszh-cat7-cap-mang-cat-7\\\/#primaryimage\",\"url\":\"https:\\\/\\\/www.tstcables.com\\\/wp-content\\\/uploads\\\/2024\\\/03\\\/1-2.webp\",\"contentUrl\":\"https:\\\/\\\/www.tstcables.com\\\/wp-content\\\/uploads\\\/2024\\\/03\\\/1-2.webp\",\"width\":640,\"height\":640,\"caption\":\"CAT7 cable (Category 7 network cable) EN50264 fire-resistant wire &cableEN50264 fire-resistant wire &cable\"},{\"@type\":\"BreadcrumbList\",\"@id\":\"https:\\\/\\\/www.tstcables.com\\\/vi\\\/product\\\/cap-lszh-cat7-cap-mang-cat-7\\\/#breadcrumb\",\"itemListElement\":[{\"@type\":\"ListItem\",\"position\":1,\"name\":\"\u9996\u9875\",\"item\":\"https:\\\/\\\/www.tstcables.com\\\/vi\\\/\"},{\"@type\":\"ListItem\",\"position\":2,\"name\":\"Product\",\"item\":\"https:\\\/\\\/www.tstcables.com\\\/product\\\/\"},{\"@type\":\"ListItem\",\"position\":3,\"name\":\"c\u00e1p lszh CAT7 (c\u00e1p m\u1ea1ng Cat 7)\"}]},{\"@type\":\"WebSite\",\"@id\":\"https:\\\/\\\/www.tstcables.com\\\/vi\\\/#website\",\"url\":\"https:\\\/\\\/www.tstcables.com\\\/vi\\\/\",\"name\":\"TST Cable supplier & Manufacture\",\"description\":\"TST CABLES  supplier &amp; Manufacture official website\",\"publisher\":{\"@id\":\"https:\\\/\\\/www.tstcables.com\\\/vi\\\/#organization\"},\"potentialAction\":[{\"@type\":\"SearchAction\",\"target\":{\"@type\":\"EntryPoint\",\"urlTemplate\":\"https:\\\/\\\/www.tstcables.com\\\/vi\\\/?s={search_term_string}\"},\"query-input\":{\"@type\":\"PropertyValueSpecification\",\"valueRequired\":true,\"valueName\":\"search_term_string\"}}],\"inLanguage\":\"vi-VN\"},{\"@type\":\"Organization\",\"@id\":\"https:\\\/\\\/www.tstcables.com\\\/vi\\\/#organization\",\"name\":\"TST Cable supplier & Manufacture\",\"url\":\"https:\\\/\\\/www.tstcables.com\\\/vi\\\/\",\"logo\":{\"@type\":\"ImageObject\",\"inLanguage\":\"vi-VN\",\"@id\":\"https:\\\/\\\/www.tstcables.com\\\/vi\\\/#\\\/schema\\\/logo\\\/image\\\/\",\"url\":\"https:\\\/\\\/www.tstcables.com\\\/wp-content\\\/uploads\\\/2024\\\/04\\\/cropped-\u753b\u677f-1-\u62f7\u8d1d-4-1.png\",\"contentUrl\":\"https:\\\/\\\/www.tstcables.com\\\/wp-content\\\/uploads\\\/2024\\\/04\\\/cropped-\u753b\u677f-1-\u62f7\u8d1d-4-1.png\",\"width\":300,\"height\":100,\"caption\":\"TST Cable supplier & Manufacture\"},\"image\":{\"@id\":\"https:\\\/\\\/www.tstcables.com\\\/vi\\\/#\\\/schema\\\/logo\\\/image\\\/\"}}]}<\/script>\n<!-- \/ Yoast SEO plugin. -->","yoast_head_json":{"title":"C\u00e1p CAT7 (C\u00e1p m\u1ea1ng lo\u1ea1i 7)","description":"CAT7 (C\u00e1p m\u1ea1ng Category 7) \u0111\u01b0\u1ee3c c\u1ea3i thi\u1ec7n kh\u1ea3 n\u0103ng ch\u1ed1ng ch\u00e1y, d\u1ec5 d\u00e0ng tu\u1ed1t, ch\u1ed1ng h\u00e0n s\u1eaft v\u00e0 linh ho\u1ea1t.","robots":{"index":"index","follow":"follow","max-snippet":"max-snippet:-1","max-image-preview":"max-image-preview:large","max-video-preview":"max-video-preview:-1"},"canonical":"https:\/\/www.tstcables.com\/vi\/product\/cap-lszh-cat7-cap-mang-cat-7\/","og_locale":"vi_VN","og_type":"article","og_title":"C\u00e1p CAT7 (C\u00e1p m\u1ea1ng lo\u1ea1i 7)","og_description":"CAT7 (C\u00e1p m\u1ea1ng Category 7) \u0111\u01b0\u1ee3c c\u1ea3i thi\u1ec7n kh\u1ea3 n\u0103ng ch\u1ed1ng ch\u00e1y, d\u1ec5 d\u00e0ng tu\u1ed1t, ch\u1ed1ng h\u00e0n s\u1eaft v\u00e0 linh ho\u1ea1t.","og_url":"https:\/\/www.tstcables.com\/vi\/product\/cap-lszh-cat7-cap-mang-cat-7\/","og_site_name":"TST CABLES supplier &amp; Manufacture","og_image":[{"width":640,"height":640,"url":"https:\/\/www.tstcables.com\/wp-content\/uploads\/2024\/03\/1-2.webp","type":"image\/webp"}],"twitter_card":"summary_large_image","twitter_misc":{"Est. reading time":"1 minute"},"schema":{"@context":"https:\/\/schema.org","@graph":[{"@type":"WebPage","@id":"https:\/\/www.tstcables.com\/vi\/product\/cap-lszh-cat7-cap-mang-cat-7\/","url":"https:\/\/www.tstcables.com\/vi\/product\/cap-lszh-cat7-cap-mang-cat-7\/","name":"C\u00e1p CAT7 (C\u00e1p m\u1ea1ng lo\u1ea1i 7)","isPartOf":{"@id":"https:\/\/www.tstcables.com\/vi\/#website"},"primaryImageOfPage":{"@id":"https:\/\/www.tstcables.com\/vi\/product\/cap-lszh-cat7-cap-mang-cat-7\/#primaryimage"},"image":{"@id":"https:\/\/www.tstcables.com\/vi\/product\/cap-lszh-cat7-cap-mang-cat-7\/#primaryimage"},"thumbnailUrl":"https:\/\/www.tstcables.com\/wp-content\/uploads\/2024\/03\/1-2.webp","datePublished":"2024-03-23T11:20:54+00:00","description":"CAT7 (C\u00e1p m\u1ea1ng Category 7) \u0111\u01b0\u1ee3c c\u1ea3i thi\u1ec7n kh\u1ea3 n\u0103ng ch\u1ed1ng ch\u00e1y, d\u1ec5 d\u00e0ng tu\u1ed1t, ch\u1ed1ng h\u00e0n s\u1eaft v\u00e0 linh ho\u1ea1t.","breadcrumb":{"@id":"https:\/\/www.tstcables.com\/vi\/product\/cap-lszh-cat7-cap-mang-cat-7\/#breadcrumb"},"inLanguage":"vi-VN","potentialAction":[{"@type":"ReadAction","target":["https:\/\/www.tstcables.com\/vi\/product\/cap-lszh-cat7-cap-mang-cat-7\/"]}]},{"@type":"ImageObject","inLanguage":"vi-VN","@id":"https:\/\/www.tstcables.com\/vi\/product\/cap-lszh-cat7-cap-mang-cat-7\/#primaryimage","url":"https:\/\/www.tstcables.com\/wp-content\/uploads\/2024\/03\/1-2.webp","contentUrl":"https:\/\/www.tstcables.com\/wp-content\/uploads\/2024\/03\/1-2.webp","width":640,"height":640,"caption":"CAT7 cable (Category 7 network cable) EN50264 fire-resistant wire &cableEN50264 fire-resistant wire &cable"},{"@type":"BreadcrumbList","@id":"https:\/\/www.tstcables.com\/vi\/product\/cap-lszh-cat7-cap-mang-cat-7\/#breadcrumb","itemListElement":[{"@type":"ListItem","position":1,"name":"\u9996\u9875","item":"https:\/\/www.tstcables.com\/vi\/"},{"@type":"ListItem","position":2,"name":"Product","item":"https:\/\/www.tstcables.com\/product\/"},{"@type":"ListItem","position":3,"name":"c\u00e1p lszh CAT7 (c\u00e1p m\u1ea1ng Cat 7)"}]},{"@type":"WebSite","@id":"https:\/\/www.tstcables.com\/vi\/#website","url":"https:\/\/www.tstcables.com\/vi\/","name":"TST Cable supplier & Manufacture","description":"TST CABLES  supplier &amp; Manufacture official website","publisher":{"@id":"https:\/\/www.tstcables.com\/vi\/#organization"},"potentialAction":[{"@type":"SearchAction","target":{"@type":"EntryPoint","urlTemplate":"https:\/\/www.tstcables.com\/vi\/?s={search_term_string}"},"query-input":{"@type":"PropertyValueSpecification","valueRequired":true,"valueName":"search_term_string"}}],"inLanguage":"vi-VN"},{"@type":"Organization","@id":"https:\/\/www.tstcables.com\/vi\/#organization","name":"TST Cable supplier & Manufacture","url":"https:\/\/www.tstcables.com\/vi\/","logo":{"@type":"ImageObject","inLanguage":"vi-VN","@id":"https:\/\/www.tstcables.com\/vi\/#\/schema\/logo\/image\/","url":"https:\/\/www.tstcables.com\/wp-content\/uploads\/2024\/04\/cropped-\u753b\u677f-1-\u62f7\u8d1d-4-1.png","contentUrl":"https:\/\/www.tstcables.com\/wp-content\/uploads\/2024\/04\/cropped-\u753b\u677f-1-\u62f7\u8d1d-4-1.png","width":300,"height":100,"caption":"TST Cable supplier & Manufacture"},"image":{"@id":"https:\/\/www.tstcables.com\/vi\/#\/schema\/logo\/image\/"}}]}},"_links":{"self":[{"href":"https:\/\/www.tstcables.com\/vi\/wp-json\/wp\/v2\/product\/21046","targetHints":{"allow":["GET"]}}],"collection":[{"href":"https:\/\/www.tstcables.com\/vi\/wp-json\/wp\/v2\/product"}],"about":[{"href":"https:\/\/www.tstcables.com\/vi\/wp-json\/wp\/v2\/types\/product"}],"version-history":[{"count":0,"href":"https:\/\/www.tstcables.com\/vi\/wp-json\/wp\/v2\/product\/21046\/revisions"}],"wp:featuredmedia":[{"embeddable":true,"href":"https:\/\/www.tstcables.com\/vi\/wp-json\/wp\/v2\/media\/12792"}],"wp:attachment":[{"href":"https:\/\/www.tstcables.com\/vi\/wp-json\/wp\/v2\/media?parent=21046"}],"wp:term":[{"taxonomy":"product_brand","embeddable":true,"href":"https:\/\/www.tstcables.com\/vi\/wp-json\/wp\/v2\/product_brand?post=21046"},{"taxonomy":"product_cat","embeddable":true,"href":"https:\/\/www.tstcables.com\/vi\/wp-json\/wp\/v2\/product_cat?post=21046"},{"taxonomy":"product_tag","embeddable":true,"href":"https:\/\/www.tstcables.com\/vi\/wp-json\/wp\/v2\/product_tag?post=21046"}],"curies":[{"name":"wp","href":"https:\/\/api.w.org\/{rel}","templated":true}]}}