{"id":21048,"date":"2024-03-23T20:06:14","date_gmt":"2024-03-23T12:06:14","guid":{"rendered":"https:\/\/www.tstcables.com\/product\/cap-va-day-cach-dien-nhe-chiu-nhiet-do-cao-tewp-200oc\/"},"modified":"2024-03-23T20:06:14","modified_gmt":"2024-03-23T12:06:14","slug":"cap-va-day-cach-dien-nhe-chiu-nhiet-do-cao-tewp-200oc","status":"publish","type":"product","link":"https:\/\/www.tstcables.com\/vi\/product\/cap-va-day-cach-dien-nhe-chiu-nhiet-do-cao-tewp-200oc\/","title":{"rendered":"C\u00e1p v\u00e0 d\u00e2y c\u00e1ch \u0111i\u1ec7n nh\u1eb9 ch\u1ecbu nhi\u1ec7t \u0111\u1ed9 cao TEWP 200oC"},"content":{"rendered":"<p><strong>Gi\u01a1i thi\u00ea\u0323u sa\u0309n ph\u00e2\u0309m<\/strong><\/p>\n<p>C\u00e1p &amp; d\u00e2y c\u00e1ch \u0111i\u1ec7n nh\u1eb9 ch\u1ecbu nhi\u1ec7t \u0111\u1ed9 cao TEWP 200oC l\u00e0 d\u00e2y c\u00e1ch \u0111i\u1ec7n hi\u1ec7u su\u1ea5t cao. D\u00e2y n\u00e0y c\u00f3 ba l\u1edbp c\u00e1ch \u0111i\u1ec7n v\u1edbi m\u1ed9t d\u00e2y l\u00f5i \u1edf gi\u1eefa. \u0110\u1ed9 d\u00e0y c\u00e1ch nhi\u1ec7t c\u1ee7a n\u00f3 c\u00f3 th\u1ec3 th\u1ea5p \u0111\u1ebfn v\u00e0i micron. \u0110\u1ed3ng th\u1eddi, do s\u1eed d\u1ee5ng d\u00e2y d\u1eabn \u0111\u01b0\u1ee3c b\u1ecdc \u0111\u1eb7c bi\u1ec7t n\u00ean \u0111\u1ea1t \u0111\u01b0\u1ee3c t\u1ed5n th\u1ea5t th\u1ea5p v\u00e0 h\u1ec7 s\u1ed1 kh\u00f4ng gian cao. T\u01b0\u01a1ng th\u00edch, n\u00f3 c\u00f3 th\u1ec3 l\u00e0m gi\u1ea3m \u0111\u00e1ng k\u1ec3 k\u00edch th\u01b0\u1edbc c\u1ee7a thi\u1ebft b\u1ecb \u0111i\u1ec7n s\u1eed d\u1ee5ng v\u1eadt li\u1ec7u n\u00e0y, ti\u1ebft ki\u1ec7m v\u1eadt li\u1ec7u v\u00e0 gi\u1ea3m \u0111\u00e1ng k\u1ec3 chi ph\u00ed.<\/p>\n<p>\u0110\u1eb7c bi\u1ec7t \u0111\u1ed1i v\u1edbi ng\u00e0nh \u0111\u1ed9ng c\u01a1 v\u00e0 m\u00e1y bi\u1ebfn \u00e1p, d\u00e2y d\u1eabn c\u00e1ch \u0111i\u1ec7n gia c\u1ed1 g\u1ed3m ba l\u1edbp c\u00e1ch ly ho\u00e0n to\u00e0n ph\u1ea7n s\u01a1 c\u1ea5p v\u00e0 th\u1ee9 c\u1ea5p c\u1ee7a m\u00e1y bi\u1ebfn \u00e1p. V\u00ec v\u1eady, n\u00f3 gi\u00fap lo\u1ea1i b\u1ecf c\u00e1c r\u00e0o c\u1ea3n, b\u0103ng d\u00e1n xen k\u1ebd v\u00e0 \u1ed1ng c\u00e1ch \u0111i\u1ec7n trong m\u00e1y bi\u1ebfn \u00e1p. Ngo\u00e0i vi\u1ec7c gi\u1ea3m k\u00edch th\u01b0\u1edbc c\u1ee7a m\u00e1y bi\u1ebfn \u00e1p v\u00e0 ti\u1ebft ki\u1ec7m chi ph\u00ed v\u1eadt li\u1ec7u, hi\u1ec7u su\u1ea5t c\u1ee7a n\u00f3 c\u0169ng c\u00f3 th\u1ec3 \u0111\u01b0\u1ee3c c\u1ea3i thi\u1ec7n b\u1eb1ng c\u00e1ch gi\u1ea3m kho\u1ea3ng c\u00e1ch gi\u1eefa c\u00e1c cu\u1ed9n d\u00e2y.<\/p>\n<p>Ph\u1ea1m vi th\u00f4ng s\u1ed1 k\u1ef9 thu\u1eadt: 30AWG&#8211;17AWG<br \/>\nC\u1ea5p ch\u1ecbu nhi\u1ec7t \u0111\u1ed9: C\u1ea5p F (200oC)<\/p>\n<p><strong>C\u00e1c \u1ee9ng d\u1ee5ng<\/strong><br \/>\nC\u00e1c lo\u1ea1i c\u00f4ng t\u1eafc, b\u1ed9 ngu\u1ed3n, m\u00e1y bi\u1ebfn th\u1ebf, b\u1ed9 ngu\u1ed3n chi\u1ebfu s\u00e1ng, Xe n\u0103ng l\u01b0\u1ee3ng m\u1edbi, S\u1ea1c \u0111i\u1ec7n tho\u1ea1i di \u0111\u1ed9ng kh\u00f4ng d\u00e2y<\/p>\n<p><strong>T\u00ednh n\u0103ng s\u1ea3n ph\u1ea9m:<\/strong><br \/>\n1. T\u1ed5n th\u1ea5t th\u1ea5p.<br \/>\nThi\u1ebft k\u1ebf c\u1ea5u tr\u00fac d\u00e2y d\u1eabn \u0111\u1eb7c bi\u1ec7t, s\u1eed d\u1ee5ng d\u00e2y b\u1ec7n \u0111\u01b0\u1ee3c b\u1ecdc \u0111\u1eb7c bi\u1ec7t, l\u00e0m gi\u1ea3m d\u00f2ng \u0111i\u1ec7n xo\u00e1y b\u00ean trong d\u00e2y d\u1eabn<br \/>\nm\u1ea5t m\u00e1t, \u0111\u1ea1t \u0111\u01b0\u1ee3c \u0111\u01b0\u1eddng k\u00ednh ngo\u00e0i c\u1ee7a d\u00e2y d\u1eabn nh\u1ecf h\u01a1n v\u00e0 kh\u1ea3 n\u0103ng h\u00e0n tuy\u1ec7t v\u1eddi; hi\u1ec7u su\u1ea5t t\u1ed5n th\u1ea5t th\u1ea5p c\u1ee7a n\u00f3 t\u01b0\u01a1ng \u0111\u01b0\u01a1ng v\u1edbi<br \/>\nD\u00f2ng Litz gi\u1ea3m t\u1ed5n th\u1ea5t kh\u00f4ng \u0111\u00e1ng c\u00f3;<br \/>\n2. Ba l\u1edbp b\u1ea3o v\u1ec7 c\u00e1ch nhi\u1ec7t, kh\u00f4ng c\u00f3 l\u1ed7 kim;<br \/>\nNhi\u1ec1u l\u1edbp ph\u1ee7 c\u00e1ch \u0111i\u1ec7n b\u1eb1ng c\u00e1c v\u1eadt li\u1ec7u kh\u00e1c nhau gi\u00fap lo\u1ea1i b\u1ecf kh\u1ea3 n\u0103ng h\u00ecnh th\u00e0nh l\u1ed7 kim.<br \/>\n3. V\u1edbi \u0111i\u1ec7n \u00e1p c\u00e1ch \u0111i\u1ec7n cao, c\u00f3 th\u1ec3 b\u1ecf qua b\u0103ng c\u00e1ch \u0111i\u1ec7n v\u00e0 c\u00e1c l\u1edbp c\u00e1ch \u0111i\u1ec7n v\u00e0 gi\u1ea3m \u00e2m l\u01b0\u1ee3ng;<br \/>\n4. Cu\u1ed9n d\u00e2y d\u1ec5 cu\u1ed9n v\u00ec b\u1ec1 m\u1eb7t c\u00f3 h\u1ec7 s\u1ed1 ma s\u00e1t r\u1ea5t th\u1ea5p, t\u1ea1o c\u01a1 h\u1ed9i cho cu\u1ed9n d\u00e2y t\u1ed1c \u0111\u1ed9 cao t\u1ef1 \u0111\u1ed9ng mang l\u1ea1i kh\u1ea3 n\u0103ng;<br \/>\n5. M\u1ee9c nhi\u1ec7t \u0111\u1ed9 cao h\u01a1n v\u00e0 hi\u1ec7u su\u1ea5t tuy\u1ec7t v\u1eddi. C\u00e1c m\u1ee9c nhi\u1ec7t \u0111\u1ed9 bao g\u1ed3m x\u1ebfp h\u1ea1ng 155\u00b0C, 180\u00b0C v\u00e0 200\u00b0C.<br \/>\n6. D\u1ec5 d\u00e0ng b\u00f3c ra.<br \/>\nDo s\u1eed d\u1ee5ng v\u1eadt li\u1ec7u ph\u1ee7 \u0111\u1eb7c bi\u1ec7t n\u00ean d\u00e2y d\u1eabn d\u1ec5 bong tr\u00f3c h\u01a1n. C\u00f3 th\u1ec3 h\u00e0n tr\u1ef1c ti\u1ebfp m\u00e0 kh\u00f4ng c\u1ea7n t\u01b0\u1edbc b\u1ecf ho\u00e0n to\u00e0n l\u1edbp c\u00e1ch nhi\u1ec7t.<\/p>\n<p><strong>C\u00e1c th\u00f4ng s\u1ed1 k\u1ef9 thu\u1eadt<\/strong><\/p>\n<table class=\"tg\">\n<thead>\n<tr>\n<th class=\"tg-amwm\" colspan=\"2\">K\u00edch th\u01b0\u1edbc d\u00e2y d\u1eabn<\/th>\n<th class=\"tg-amwm\" rowspan=\"2\">Ti\u00eau chu\u1ea9n b\u00ean ngo\u00e0i<br \/>\n\u0111\u01b0\u1eddng k\u00ednh<\/th>\n<th class=\"tg-amwm\" rowspan=\"2\">b\u00ean ngo\u00e0i t\u1ed1i \u0111a<br \/>\n\u0111\u01b0\u1eddng k\u00ednh<\/th>\n<th class=\"tg-amwm\" rowspan=\"2\">D\u00e2y d\u1eabn t\u1ed1i \u0111a<br \/>\n\u0110i\u1ec7n tr\u1edf (\u03a9\/km)<\/th>\n<th class=\"tg-amwm\" rowspan=\"2\">Ti\u00eau chu\u1ea9n<br \/>\nTr\u1ecdng l\u01b0\u1ee3ng (g\/m)<\/th>\n<\/tr>\n<tr>\n<th class=\"tg-wa1i\">AWG<\/th>\n<th class=\"tg-amwm\">\u0110\u01b0\u1eddng k\u00ednh ngo\u00e0i<br \/>\n(mm)<\/th>\n<\/tr>\n<\/thead>\n<tbody>\n<tr>\n<td class=\"tg-nrix\">32<\/td>\n<td class=\"tg-nrix\">0.2<\/td>\n<td class=\"tg-nrix\">0.52<\/td>\n<td class=\"tg-nrix\">0.56<\/td>\n<td class=\"tg-nrix\">614<\/td>\n<td class=\"tg-nrix\">0.52<\/td>\n<\/tr>\n<tr>\n<td class=\"tg-nrix\">30<\/td>\n<td class=\"tg-nrix\">0.26<\/td>\n<td class=\"tg-nrix\">0.55<\/td>\n<td class=\"tg-nrix\">0.59<\/td>\n<td class=\"tg-nrix\">359<\/td>\n<td class=\"tg-nrix\">0.72<\/td>\n<\/tr>\n<tr>\n<td class=\"tg-nrix\">28<\/td>\n<td class=\"tg-nrix\">0.32<\/td>\n<td class=\"tg-nrix\">0.59<\/td>\n<td class=\"tg-nrix\">0.63<\/td>\n<td class=\"tg-nrix\">237<\/td>\n<td class=\"tg-nrix\">0.97<\/td>\n<\/tr>\n<tr>\n<td class=\"tg-nrix\">26<\/td>\n<td class=\"tg-nrix\">0.4<\/td>\n<td class=\"tg-nrix\">0.64<\/td>\n<td class=\"tg-nrix\">0.68<\/td>\n<td class=\"tg-nrix\">152<\/td>\n<td class=\"tg-nrix\">1.38<\/td>\n<\/tr>\n<tr>\n<td class=\"tg-nrix\">25<\/td>\n<td class=\"tg-nrix\">0.5<\/td>\n<td class=\"tg-nrix\">0.72<\/td>\n<td class=\"tg-nrix\">0.76<\/td>\n<td class=\"tg-nrix\">95.1<\/td>\n<td class=\"tg-nrix\">2.03<\/td>\n<\/tr>\n<tr>\n<td class=\"tg-nrix\">23<\/td>\n<td class=\"tg-nrix\">0.6<\/td>\n<td class=\"tg-nrix\">0.82<\/td>\n<td class=\"tg-nrix\">0.86<\/td>\n<td class=\"tg-nrix\">66.1<\/td>\n<td class=\"tg-nrix\">2.84<\/td>\n<\/tr>\n<tr>\n<td class=\"tg-nrix\">22<\/td>\n<td class=\"tg-nrix\">0.64<\/td>\n<td class=\"tg-nrix\">0.85<\/td>\n<td class=\"tg-nrix\">0.89<\/td>\n<td class=\"tg-nrix\">56.3<\/td>\n<td class=\"tg-nrix\">3.19<\/td>\n<\/tr>\n<tr>\n<td class=\"tg-nrix\">22<\/td>\n<td class=\"tg-nrix\">0.7<\/td>\n<td class=\"tg-nrix\">0.92<\/td>\n<td class=\"tg-nrix\">0.96<\/td>\n<td class=\"tg-nrix\">48.5<\/td>\n<td class=\"tg-nrix\">3.79<\/td>\n<\/tr>\n<tr>\n<td class=\"tg-nrix\">21<\/td>\n<td class=\"tg-nrix\">0.8<\/td>\n<td class=\"tg-nrix\">1<\/td>\n<td class=\"tg-nrix\">1.04<\/td>\n<td class=\"tg-nrix\">37.2<\/td>\n<td class=\"tg-nrix\">4.82<\/td>\n<\/tr>\n<tr>\n<td class=\"tg-nrix\">19<\/td>\n<td class=\"tg-nrix\">1<\/td>\n<td class=\"tg-nrix\">1.19<\/td>\n<td class=\"tg-nrix\">1.23<\/td>\n<td class=\"tg-nrix\">23.8<\/td>\n<td class=\"tg-nrix\">7.42<\/td>\n<\/tr>\n<tr>\n<td class=\"tg-nrix\">17<\/td>\n<td class=\"tg-nrix\">1.2<\/td>\n<td class=\"tg-nrix\">1.43<\/td>\n<td class=\"tg-nrix\">1.47<\/td>\n<td class=\"tg-nrix\">16.5<\/td>\n<td class=\"tg-nrix\">10.6<\/td>\n<\/tr>\n<\/tbody>\n<\/table>\n<p><span class=\"Y2IQFc\" lang=\"en\">L\u01b0u \u00fd: S\u1ea3n ph\u1ea9m c\u00f3 th\u00f4ng s\u1ed1 kh\u00e1c c\u00f3 th\u1ec3 t\u00f9y ch\u1ec9nh theo nhu c\u1ea7u<\/span><\/p>\n","protected":false},"excerpt":{"rendered":"<p>C\u00e1p &amp; d\u00e2y c\u00e1ch \u0111i\u1ec7n nh\u1eb9 ch\u1ecbu nhi\u1ec7t \u0111\u1ed9 cao TEWP 200oC l\u00e0 d\u00e2y c\u00e1ch \u0111i\u1ec7n hi\u1ec7u su\u1ea5t cao. D\u00e2y n\u00e0y c\u00f3 ba l\u1edbp c\u00e1ch \u0111i\u1ec7n v\u1edbi m\u1ed9t d\u00e2y l\u00f5i \u1edf gi\u1eefa. \u0110\u1ed9 d\u00e0y c\u00e1ch nhi\u1ec7t c\u1ee7a n\u00f3 c\u00f3 th\u1ec3 th\u1ea5p \u0111\u1ebfn v\u00e0i micron. \u0110\u1ed3ng th\u1eddi, do s\u1eed d\u1ee5ng d\u00e2y d\u1eabn \u0111\u01b0\u1ee3c b\u1ecdc \u0111\u1eb7c bi\u1ec7t n\u00ean \u0111\u1ea1t \u0111\u01b0\u1ee3c t\u1ed5n th\u1ea5t th\u1ea5p v\u00e0 h\u1ec7 s\u1ed1 kh\u00f4ng gian cao. T\u01b0\u01a1ng th\u00edch, n\u00f3 c\u00f3 th\u1ec3 l\u00e0m gi\u1ea3m \u0111\u00e1ng k\u1ec3 k\u00edch th\u01b0\u1edbc c\u1ee7a thi\u1ebft b\u1ecb \u0111i\u1ec7n s\u1eed d\u1ee5ng v\u1eadt li\u1ec7u n\u00e0y, ti\u1ebft ki\u1ec7m v\u1eadt li\u1ec7u v\u00e0 gi\u1ea3m \u0111\u00e1ng k\u1ec3 chi ph\u00ed.<\/p>\n","protected":false},"featured_media":12368,"template":"","meta":{"_eb_attr":"","site-sidebar-layout":"default","site-content-layout":"","ast-site-content-layout":"default","site-content-style":"default","site-sidebar-style":"default","ast-global-header-display":"","ast-banner-title-visibility":"","ast-main-header-display":"","ast-hfb-above-header-display":"","ast-hfb-below-header-display":"","ast-hfb-mobile-header-display":"","site-post-title":"","ast-breadcrumbs-content":"","ast-featured-img":"","footer-sml-layout":"","theme-transparent-header-meta":"default","adv-header-id-meta":"","stick-header-meta":"","header-above-stick-meta":"","header-main-stick-meta":"","header-below-stick-meta":"","astra-migrate-meta-layouts":"default","ast-page-background-enabled":"default","ast-page-background-meta":{"desktop":{"background-color":"","background-image":"","background-repeat":"repeat","background-position":"center center","background-size":"auto","background-attachment":"scroll","background-type":"","background-media":"","overlay-type":"","overlay-color":"","overlay-opacity":"","overlay-gradient":""},"tablet":{"background-color":"","background-image":"","background-repeat":"repeat","background-position":"center center","background-size":"auto","background-attachment":"scroll","background-type":"","background-media":"","overlay-type":"","overlay-color":"","overlay-opacity":"","overlay-gradient":""},"mobile":{"background-color":"","background-image":"","background-repeat":"repeat","background-position":"center center","background-size":"auto","background-attachment":"scroll","background-type":"","background-media":"","overlay-type":"","overlay-color":"","overlay-opacity":"","overlay-gradient":""}},"ast-content-background-meta":{"desktop":{"background-color":"var(--ast-global-color-5)","background-image":"","background-repeat":"repeat","background-position":"center center","background-size":"auto","background-attachment":"scroll","background-type":"","background-media":"","overlay-type":"","overlay-color":"","overlay-opacity":"","overlay-gradient":""},"tablet":{"background-color":"var(--ast-global-color-5)","background-image":"","background-repeat":"repeat","background-position":"center center","background-size":"auto","background-attachment":"scroll","background-type":"","background-media":"","overlay-type":"","overlay-color":"","overlay-opacity":"","overlay-gradient":""},"mobile":{"background-color":"var(--ast-global-color-5)","background-image":"","background-repeat":"repeat","background-position":"center center","background-size":"auto","background-attachment":"scroll","background-type":"","background-media":"","overlay-type":"","overlay-color":"","overlay-opacity":"","overlay-gradient":""}}},"product_brand":[],"product_cat":[1922,833,831,1923,842,827,828,829,825,832],"product_tag":[1919,1953,1952],"class_list":{"0":"post-21048","1":"product","2":"type-product","3":"status-publish","4":"has-post-thumbnail","6":"product_cat-cap-kich-thuoc-nho","7":"product_cat-lsoh-cable-vi","8":"product_cat-high-temperature-cable-vi","9":"product_cat-cap-trong-luong-nhe","10":"product_cat-rail-way-vi","11":"product_cat-enstandard-cable-vi","12":"product_cat-en50264-vi","13":"product_cat-en50306-vi","14":"product_cat-aviation-vi","15":"product_cat-ice-standard-vi","16":"product_tag-day-tan-so-cao-chiu-nhiet-do-cao-tewp","17":"product_tag-day-tan-so-cao-tewp","18":"product_tag-tewp-32awg-17awg-200-vi","19":"desktop-align-center","20":"tablet-align-left","21":"mobile-align-left","23":"first","24":"instock","25":"shipping-taxable","26":"product-type-simple"},"yoast_head":"<!-- This site is optimized with the Yoast SEO plugin v27.4 - https:\/\/yoast.com\/product\/yoast-seo-wordpress\/ -->\n<title>C\u00e1p v\u00e0 d\u00e2y c\u00e1ch \u0111i\u1ec7n nh\u1eb9 ch\u1ecbu nhi\u1ec7t \u0111\u1ed9 cao TEWP 200oC<\/title>\n<meta name=\"description\" content=\"C\u00e1p v\u00e0 d\u00e2y c\u00e1ch \u0111i\u1ec7n nh\u1eb9 ch\u1ecbu nhi\u1ec7t \u0111\u1ed9 cao TEWP 200oC c\u00f3 ba l\u1edbp c\u00e1ch \u0111i\u1ec7n v\u1edbi m\u1ed9t d\u00e2y l\u00f5i \u1edf gi\u1eefa.\" \/>\n<meta name=\"robots\" content=\"index, follow, max-snippet:-1, max-image-preview:large, max-video-preview:-1\" \/>\n<link rel=\"canonical\" href=\"https:\/\/www.tstcables.com\/vi\/product\/cap-va-day-cach-dien-nhe-chiu-nhiet-do-cao-tewp-200oc\/\" \/>\n<meta property=\"og:locale\" content=\"vi_VN\" \/>\n<meta property=\"og:type\" content=\"article\" \/>\n<meta property=\"og:title\" content=\"C\u00e1p v\u00e0 d\u00e2y c\u00e1ch \u0111i\u1ec7n nh\u1eb9 ch\u1ecbu nhi\u1ec7t \u0111\u1ed9 cao TEWP 200oC\" \/>\n<meta property=\"og:description\" content=\"C\u00e1p v\u00e0 d\u00e2y c\u00e1ch \u0111i\u1ec7n nh\u1eb9 ch\u1ecbu nhi\u1ec7t \u0111\u1ed9 cao TEWP 200oC c\u00f3 ba l\u1edbp c\u00e1ch \u0111i\u1ec7n v\u1edbi m\u1ed9t d\u00e2y l\u00f5i \u1edf gi\u1eefa.\" \/>\n<meta property=\"og:url\" content=\"https:\/\/www.tstcables.com\/vi\/product\/cap-va-day-cach-dien-nhe-chiu-nhiet-do-cao-tewp-200oc\/\" \/>\n<meta property=\"og:site_name\" content=\"TST CABLES supplier &amp; Manufacture\" \/>\n<meta property=\"og:image\" content=\"https:\/\/www.tstcables.com\/wp-content\/uploads\/2024\/03\/2-7.jpg\" \/>\n\t<meta property=\"og:image:width\" content=\"640\" \/>\n\t<meta property=\"og:image:height\" content=\"640\" \/>\n\t<meta property=\"og:image:type\" content=\"image\/jpeg\" \/>\n<meta name=\"twitter:card\" content=\"summary_large_image\" \/>\n<meta name=\"twitter:label1\" content=\"Est. reading time\" \/>\n\t<meta name=\"twitter:data1\" content=\"4 minutes\" \/>\n<script type=\"application\/ld+json\" class=\"yoast-schema-graph\">{\"@context\":\"https:\\\/\\\/schema.org\",\"@graph\":[{\"@type\":\"WebPage\",\"@id\":\"https:\\\/\\\/www.tstcables.com\\\/vi\\\/product\\\/cap-va-day-cach-dien-nhe-chiu-nhiet-do-cao-tewp-200oc\\\/\",\"url\":\"https:\\\/\\\/www.tstcables.com\\\/vi\\\/product\\\/cap-va-day-cach-dien-nhe-chiu-nhiet-do-cao-tewp-200oc\\\/\",\"name\":\"C\u00e1p v\u00e0 d\u00e2y c\u00e1ch \u0111i\u1ec7n nh\u1eb9 ch\u1ecbu nhi\u1ec7t \u0111\u1ed9 cao TEWP 200oC\",\"isPartOf\":{\"@id\":\"https:\\\/\\\/www.tstcables.com\\\/vi\\\/#website\"},\"primaryImageOfPage\":{\"@id\":\"https:\\\/\\\/www.tstcables.com\\\/vi\\\/product\\\/cap-va-day-cach-dien-nhe-chiu-nhiet-do-cao-tewp-200oc\\\/#primaryimage\"},\"image\":{\"@id\":\"https:\\\/\\\/www.tstcables.com\\\/vi\\\/product\\\/cap-va-day-cach-dien-nhe-chiu-nhiet-do-cao-tewp-200oc\\\/#primaryimage\"},\"thumbnailUrl\":\"https:\\\/\\\/www.tstcables.com\\\/wp-content\\\/uploads\\\/2024\\\/03\\\/2-7.jpg\",\"datePublished\":\"2024-03-23T12:06:14+00:00\",\"description\":\"C\u00e1p v\u00e0 d\u00e2y c\u00e1ch \u0111i\u1ec7n nh\u1eb9 ch\u1ecbu nhi\u1ec7t \u0111\u1ed9 cao TEWP 200oC c\u00f3 ba l\u1edbp c\u00e1ch \u0111i\u1ec7n v\u1edbi m\u1ed9t d\u00e2y l\u00f5i \u1edf gi\u1eefa.\",\"breadcrumb\":{\"@id\":\"https:\\\/\\\/www.tstcables.com\\\/vi\\\/product\\\/cap-va-day-cach-dien-nhe-chiu-nhiet-do-cao-tewp-200oc\\\/#breadcrumb\"},\"inLanguage\":\"vi-VN\",\"potentialAction\":[{\"@type\":\"ReadAction\",\"target\":[\"https:\\\/\\\/www.tstcables.com\\\/vi\\\/product\\\/cap-va-day-cach-dien-nhe-chiu-nhiet-do-cao-tewp-200oc\\\/\"]}]},{\"@type\":\"ImageObject\",\"inLanguage\":\"vi-VN\",\"@id\":\"https:\\\/\\\/www.tstcables.com\\\/vi\\\/product\\\/cap-va-day-cach-dien-nhe-chiu-nhiet-do-cao-tewp-200oc\\\/#primaryimage\",\"url\":\"https:\\\/\\\/www.tstcables.com\\\/wp-content\\\/uploads\\\/2024\\\/03\\\/2-7.jpg\",\"contentUrl\":\"https:\\\/\\\/www.tstcables.com\\\/wp-content\\\/uploads\\\/2024\\\/03\\\/2-7.jpg\",\"width\":640,\"height\":640,\"caption\":\"TEWP high temperature resistant\"},{\"@type\":\"BreadcrumbList\",\"@id\":\"https:\\\/\\\/www.tstcables.com\\\/vi\\\/product\\\/cap-va-day-cach-dien-nhe-chiu-nhiet-do-cao-tewp-200oc\\\/#breadcrumb\",\"itemListElement\":[{\"@type\":\"ListItem\",\"position\":1,\"name\":\"\u9996\u9875\",\"item\":\"https:\\\/\\\/www.tstcables.com\\\/vi\\\/\"},{\"@type\":\"ListItem\",\"position\":2,\"name\":\"Product\",\"item\":\"https:\\\/\\\/www.tstcables.com\\\/product\\\/\"},{\"@type\":\"ListItem\",\"position\":3,\"name\":\"C\u00e1p v\u00e0 d\u00e2y c\u00e1ch \u0111i\u1ec7n nh\u1eb9 ch\u1ecbu nhi\u1ec7t \u0111\u1ed9 cao TEWP 200oC\"}]},{\"@type\":\"WebSite\",\"@id\":\"https:\\\/\\\/www.tstcables.com\\\/vi\\\/#website\",\"url\":\"https:\\\/\\\/www.tstcables.com\\\/vi\\\/\",\"name\":\"TST Cable supplier & Manufacture\",\"description\":\"TST CABLES  supplier &amp; Manufacture official website\",\"publisher\":{\"@id\":\"https:\\\/\\\/www.tstcables.com\\\/vi\\\/#organization\"},\"potentialAction\":[{\"@type\":\"SearchAction\",\"target\":{\"@type\":\"EntryPoint\",\"urlTemplate\":\"https:\\\/\\\/www.tstcables.com\\\/vi\\\/?s={search_term_string}\"},\"query-input\":{\"@type\":\"PropertyValueSpecification\",\"valueRequired\":true,\"valueName\":\"search_term_string\"}}],\"inLanguage\":\"vi-VN\"},{\"@type\":\"Organization\",\"@id\":\"https:\\\/\\\/www.tstcables.com\\\/vi\\\/#organization\",\"name\":\"TST Cable supplier & Manufacture\",\"url\":\"https:\\\/\\\/www.tstcables.com\\\/vi\\\/\",\"logo\":{\"@type\":\"ImageObject\",\"inLanguage\":\"vi-VN\",\"@id\":\"https:\\\/\\\/www.tstcables.com\\\/vi\\\/#\\\/schema\\\/logo\\\/image\\\/\",\"url\":\"https:\\\/\\\/www.tstcables.com\\\/wp-content\\\/uploads\\\/2024\\\/04\\\/cropped-\u753b\u677f-1-\u62f7\u8d1d-4-1.png\",\"contentUrl\":\"https:\\\/\\\/www.tstcables.com\\\/wp-content\\\/uploads\\\/2024\\\/04\\\/cropped-\u753b\u677f-1-\u62f7\u8d1d-4-1.png\",\"width\":300,\"height\":100,\"caption\":\"TST Cable supplier & Manufacture\"},\"image\":{\"@id\":\"https:\\\/\\\/www.tstcables.com\\\/vi\\\/#\\\/schema\\\/logo\\\/image\\\/\"}}]}<\/script>\n<!-- \/ Yoast SEO plugin. -->","yoast_head_json":{"title":"C\u00e1p v\u00e0 d\u00e2y c\u00e1ch \u0111i\u1ec7n nh\u1eb9 ch\u1ecbu nhi\u1ec7t \u0111\u1ed9 cao TEWP 200oC","description":"C\u00e1p v\u00e0 d\u00e2y c\u00e1ch \u0111i\u1ec7n nh\u1eb9 ch\u1ecbu nhi\u1ec7t \u0111\u1ed9 cao TEWP 200oC c\u00f3 ba l\u1edbp c\u00e1ch \u0111i\u1ec7n v\u1edbi m\u1ed9t d\u00e2y l\u00f5i \u1edf gi\u1eefa.","robots":{"index":"index","follow":"follow","max-snippet":"max-snippet:-1","max-image-preview":"max-image-preview:large","max-video-preview":"max-video-preview:-1"},"canonical":"https:\/\/www.tstcables.com\/vi\/product\/cap-va-day-cach-dien-nhe-chiu-nhiet-do-cao-tewp-200oc\/","og_locale":"vi_VN","og_type":"article","og_title":"C\u00e1p v\u00e0 d\u00e2y c\u00e1ch \u0111i\u1ec7n nh\u1eb9 ch\u1ecbu nhi\u1ec7t \u0111\u1ed9 cao TEWP 200oC","og_description":"C\u00e1p v\u00e0 d\u00e2y c\u00e1ch \u0111i\u1ec7n nh\u1eb9 ch\u1ecbu nhi\u1ec7t \u0111\u1ed9 cao TEWP 200oC c\u00f3 ba l\u1edbp c\u00e1ch \u0111i\u1ec7n v\u1edbi m\u1ed9t d\u00e2y l\u00f5i \u1edf gi\u1eefa.","og_url":"https:\/\/www.tstcables.com\/vi\/product\/cap-va-day-cach-dien-nhe-chiu-nhiet-do-cao-tewp-200oc\/","og_site_name":"TST CABLES supplier &amp; Manufacture","og_image":[{"width":640,"height":640,"url":"https:\/\/www.tstcables.com\/wp-content\/uploads\/2024\/03\/2-7.jpg","type":"image\/jpeg"}],"twitter_card":"summary_large_image","twitter_misc":{"Est. reading time":"4 minutes"},"schema":{"@context":"https:\/\/schema.org","@graph":[{"@type":"WebPage","@id":"https:\/\/www.tstcables.com\/vi\/product\/cap-va-day-cach-dien-nhe-chiu-nhiet-do-cao-tewp-200oc\/","url":"https:\/\/www.tstcables.com\/vi\/product\/cap-va-day-cach-dien-nhe-chiu-nhiet-do-cao-tewp-200oc\/","name":"C\u00e1p v\u00e0 d\u00e2y c\u00e1ch \u0111i\u1ec7n nh\u1eb9 ch\u1ecbu nhi\u1ec7t \u0111\u1ed9 cao TEWP 200oC","isPartOf":{"@id":"https:\/\/www.tstcables.com\/vi\/#website"},"primaryImageOfPage":{"@id":"https:\/\/www.tstcables.com\/vi\/product\/cap-va-day-cach-dien-nhe-chiu-nhiet-do-cao-tewp-200oc\/#primaryimage"},"image":{"@id":"https:\/\/www.tstcables.com\/vi\/product\/cap-va-day-cach-dien-nhe-chiu-nhiet-do-cao-tewp-200oc\/#primaryimage"},"thumbnailUrl":"https:\/\/www.tstcables.com\/wp-content\/uploads\/2024\/03\/2-7.jpg","datePublished":"2024-03-23T12:06:14+00:00","description":"C\u00e1p v\u00e0 d\u00e2y c\u00e1ch \u0111i\u1ec7n nh\u1eb9 ch\u1ecbu nhi\u1ec7t \u0111\u1ed9 cao TEWP 200oC c\u00f3 ba l\u1edbp c\u00e1ch \u0111i\u1ec7n v\u1edbi m\u1ed9t d\u00e2y l\u00f5i \u1edf gi\u1eefa.","breadcrumb":{"@id":"https:\/\/www.tstcables.com\/vi\/product\/cap-va-day-cach-dien-nhe-chiu-nhiet-do-cao-tewp-200oc\/#breadcrumb"},"inLanguage":"vi-VN","potentialAction":[{"@type":"ReadAction","target":["https:\/\/www.tstcables.com\/vi\/product\/cap-va-day-cach-dien-nhe-chiu-nhiet-do-cao-tewp-200oc\/"]}]},{"@type":"ImageObject","inLanguage":"vi-VN","@id":"https:\/\/www.tstcables.com\/vi\/product\/cap-va-day-cach-dien-nhe-chiu-nhiet-do-cao-tewp-200oc\/#primaryimage","url":"https:\/\/www.tstcables.com\/wp-content\/uploads\/2024\/03\/2-7.jpg","contentUrl":"https:\/\/www.tstcables.com\/wp-content\/uploads\/2024\/03\/2-7.jpg","width":640,"height":640,"caption":"TEWP high temperature resistant"},{"@type":"BreadcrumbList","@id":"https:\/\/www.tstcables.com\/vi\/product\/cap-va-day-cach-dien-nhe-chiu-nhiet-do-cao-tewp-200oc\/#breadcrumb","itemListElement":[{"@type":"ListItem","position":1,"name":"\u9996\u9875","item":"https:\/\/www.tstcables.com\/vi\/"},{"@type":"ListItem","position":2,"name":"Product","item":"https:\/\/www.tstcables.com\/product\/"},{"@type":"ListItem","position":3,"name":"C\u00e1p v\u00e0 d\u00e2y c\u00e1ch \u0111i\u1ec7n nh\u1eb9 ch\u1ecbu nhi\u1ec7t \u0111\u1ed9 cao TEWP 200oC"}]},{"@type":"WebSite","@id":"https:\/\/www.tstcables.com\/vi\/#website","url":"https:\/\/www.tstcables.com\/vi\/","name":"TST Cable supplier & Manufacture","description":"TST CABLES  supplier &amp; Manufacture official website","publisher":{"@id":"https:\/\/www.tstcables.com\/vi\/#organization"},"potentialAction":[{"@type":"SearchAction","target":{"@type":"EntryPoint","urlTemplate":"https:\/\/www.tstcables.com\/vi\/?s={search_term_string}"},"query-input":{"@type":"PropertyValueSpecification","valueRequired":true,"valueName":"search_term_string"}}],"inLanguage":"vi-VN"},{"@type":"Organization","@id":"https:\/\/www.tstcables.com\/vi\/#organization","name":"TST Cable supplier & Manufacture","url":"https:\/\/www.tstcables.com\/vi\/","logo":{"@type":"ImageObject","inLanguage":"vi-VN","@id":"https:\/\/www.tstcables.com\/vi\/#\/schema\/logo\/image\/","url":"https:\/\/www.tstcables.com\/wp-content\/uploads\/2024\/04\/cropped-\u753b\u677f-1-\u62f7\u8d1d-4-1.png","contentUrl":"https:\/\/www.tstcables.com\/wp-content\/uploads\/2024\/04\/cropped-\u753b\u677f-1-\u62f7\u8d1d-4-1.png","width":300,"height":100,"caption":"TST Cable supplier & Manufacture"},"image":{"@id":"https:\/\/www.tstcables.com\/vi\/#\/schema\/logo\/image\/"}}]}},"_links":{"self":[{"href":"https:\/\/www.tstcables.com\/vi\/wp-json\/wp\/v2\/product\/21048","targetHints":{"allow":["GET"]}}],"collection":[{"href":"https:\/\/www.tstcables.com\/vi\/wp-json\/wp\/v2\/product"}],"about":[{"href":"https:\/\/www.tstcables.com\/vi\/wp-json\/wp\/v2\/types\/product"}],"version-history":[{"count":0,"href":"https:\/\/www.tstcables.com\/vi\/wp-json\/wp\/v2\/product\/21048\/revisions"}],"wp:featuredmedia":[{"embeddable":true,"href":"https:\/\/www.tstcables.com\/vi\/wp-json\/wp\/v2\/media\/12368"}],"wp:attachment":[{"href":"https:\/\/www.tstcables.com\/vi\/wp-json\/wp\/v2\/media?parent=21048"}],"wp:term":[{"taxonomy":"product_brand","embeddable":true,"href":"https:\/\/www.tstcables.com\/vi\/wp-json\/wp\/v2\/product_brand?post=21048"},{"taxonomy":"product_cat","embeddable":true,"href":"https:\/\/www.tstcables.com\/vi\/wp-json\/wp\/v2\/product_cat?post=21048"},{"taxonomy":"product_tag","embeddable":true,"href":"https:\/\/www.tstcables.com\/vi\/wp-json\/wp\/v2\/product_tag?post=21048"}],"curies":[{"name":"wp","href":"https:\/\/api.w.org\/{rel}","templated":true}]}}