{"id":21051,"date":"2024-03-23T19:09:03","date_gmt":"2024-03-23T11:09:03","guid":{"rendered":"https:\/\/www.tstcables.com\/product\/cap-dong-truc-50%cf%89-75%cf%89\/"},"modified":"2024-03-23T19:09:03","modified_gmt":"2024-03-23T11:09:03","slug":"cap-dong-truc-50%cf%89-75%cf%89","status":"publish","type":"product","link":"https:\/\/www.tstcables.com\/vi\/product\/cap-dong-truc-50%cf%89-75%cf%89\/","title":{"rendered":"C\u00e1p \u0111\u1ed3ng tr\u1ee5c 50\u03a9\/75\u03a9"},"content":{"rendered":"<p>\u0110\u1eb7c \u0111i\u1ec3m:<\/p>\n<ul>\n<li>Ph\u1ea1m vi nhi\u1ec7t \u0111\u1ed9: -40\u00b0C \u0111\u1ebfn 90\u00b0C<\/li>\n<li>B\u00e1n k\u00ednh u\u1ed1n: 6D (D d\u00f9ng \u0111\u1ec3 ch\u1ec9 \u0111\u01b0\u1eddng k\u00ednh ngo\u00e0i c\u1ee7a c\u00e1p)<\/li>\n<li>T\u1ed1c \u0111\u1ed9 truy\u1ec1n t\u1ea3i (%): 66%<\/li>\n<\/ul>\n<p>K\u1ebft c\u1ea5u:<\/p>\n<ul>\n<li>D\u00e2y d\u1eabn: \u0110\u1ed3ng \u0111\u00f3ng h\u1ed9p ho\u1eb7c \u0111\u1ed3ng tr\u1ea7n.<\/li>\n<li>V\u1eadt li\u1ec7u c\u00e1ch nhi\u1ec7t: Polyetylen.<\/li>\n<li>B\u1ec7n.<\/li>\n<li>\u00c1o kho\u00e1c\/v\u1ecf b\u1ecdc: Polyolefin li\u00ean k\u1ebft ngang \u0111\u01b0\u1ee3c chi\u1ebfu x\u1ea1.<\/li>\n<\/ul>\n<p>Tham s\u1ed1 l\u1ef1a ch\u1ecdn<\/p>\n<table class=\"tg\">\n<thead>\n<tr>\n<th class=\"tg-c3ow\" colspan=\"9\"><span style=\"color: #000;\">C\u00e1p RF \u0111\u1ed3ng tr\u1ee5c (50\u03a9)<\/span><\/th>\n<\/tr>\n<\/thead>\n<tbody>\n<tr>\n<td class=\"tg-c3ow\" rowspan=\"2\">Th\u00f4ng s\u1ed1 m\u1eabu<\/td>\n<td class=\"tg-c3ow\" rowspan=\"2\"><span style=\"color: #000;\">S\u1ed1 l\u01b0\u1ee3ng d\u00e2y d\u1eabn b\u00ean trong * \u0111\u01b0\u1eddng k\u00ednh (mm)<\/span><\/td>\n<td class=\"tg-c3ow\" rowspan=\"2\"><span style=\"color: #000;\">\u0110\u01b0\u1eddng k\u00ednh c\u00e1ch nhi\u1ec7t \uff08mm<\/span><\/td>\n<td class=\"tg-c3ow\" colspan=\"2\">D\u00e2y d\u1eabn b\u00ean ngo\u00e0i<\/td>\n<td class=\"tg-c3ow\" colspan=\"2\"><span style=\"color: #000;\">\u0110\u01b0\u1eddng k\u00ednh ngo\u00e0i(D)<\/span><\/td>\n<td class=\"tg-baqh\" rowspan=\"2\"><span style=\"color: #000;\">Tr\u1edf kh\u00e1ng(\u03a9)<\/span><\/td>\n<td class=\"tg-baqh\" rowspan=\"2\"><span style=\"color: #000;\">Suy gi\u1ea3m dB\/m<\/span><\/td>\n<\/tr>\n<tr>\n<td class=\"tg-c3ow\">V\u1eadt li\u1ec7u<\/td>\n<td class=\"tg-c3ow\"><span style=\"color: #000;\">\u0110\u01b0\u1eddng k\u00ednh d\u00e2y b\u1ec7n mm<\/span><\/td>\n<td class=\"tg-c3ow\"><span style=\"color: #000;\">Min.mm<\/span><\/td>\n<td class=\"tg-c3ow\"><span style=\"color: #000;\">Max.mm<\/span><\/td>\n<\/tr>\n<tr>\n<td class=\"tg-c3ow\"><span style=\"color: #000;\">SYYZ-50-2-1<\/span><\/td>\n<td class=\"tg-c3ow\"><span style=\"color: #000;\">7&#215;0.16\u0111\u1ed3ng tr\u1ea7n<\/span><\/td>\n<td class=\"tg-c3ow\"><span style=\"color: #000;\">1.5\u00b10.1<\/span><\/td>\n<td class=\"tg-c3ow\">\u0111\u1ed3ng tr\u1ea7n<\/td>\n<td class=\"tg-c3ow\"><span style=\"color: #000;\">0.1<\/span><\/td>\n<td class=\"tg-c3ow\"><span style=\"color: #000;\">2.6<\/span><\/td>\n<td class=\"tg-c3ow\"><span style=\"color: #000;\">3<\/span><\/td>\n<td class=\"tg-baqh\"><span style=\"color: #000;\">50\u00b12<\/span><\/td>\n<td class=\"tg-baqh\"><span style=\"color: #000;\">200MHz\u22640.45<\/span><\/td>\n<\/tr>\n<tr>\n<td class=\"tg-baqh\"><span style=\"color: #000;\">SYYZ-50-3-1<\/span><\/td>\n<td class=\"tg-baqh\"><span style=\"color: #000;\">7&#215;0.32\u0111\u1ed3ng tr\u1ea7n<\/span><\/td>\n<td class=\"tg-baqh\"><span style=\"color: #000;\">2.95\u00b10.1<\/span><br \/>\n<span style=\"color: #000;\">3<\/span><\/td>\n<td class=\"tg-baqh\">\u0111\u1ed3ng tr\u1ea7n<\/td>\n<td class=\"tg-baqh\"><span style=\"color: #000;\">0.15<\/span><\/td>\n<td class=\"tg-baqh\"><span style=\"color: #000;\">4.8<\/span><\/td>\n<td class=\"tg-baqh\"><span style=\"color: #000;\">5.2<\/span><\/td>\n<td class=\"tg-baqh\"><span style=\"color: #000;\">50\u00b12<\/span><\/td>\n<td class=\"tg-baqh\"><span style=\"color: #000;\">200MHz\u22640.24<\/span><\/td>\n<\/tr>\n<tr>\n<td class=\"tg-baqh\"><span style=\"color: #000;\">SYYZ-50-5-1<\/span><\/td>\n<td class=\"tg-baqh\"><span style=\"color: #000;\">1&#215;1,4 tr\u1ea7n \u0111\u1ed3ng<\/span><\/td>\n<td class=\"tg-baqh\"><span style=\"color: #000;\">4.8\u00b10.2<\/span><\/td>\n<td class=\"tg-baqh\">\u0111\u1ed3ng tr\u1ea7n<\/td>\n<td class=\"tg-baqh\"><span style=\"color: #000;\">0.15<\/span><\/td>\n<td class=\"tg-baqh\"><span style=\"color: #000;\">6.9<\/span><\/td>\n<td class=\"tg-baqh\"><span style=\"color: #000;\">7.5<\/span><\/td>\n<td class=\"tg-baqh\"><span style=\"color: #000;\">50\u00b12<\/span><\/td>\n<td class=\"tg-baqh\"><span style=\"color: #000;\">200MHz\u22640.15<\/span><\/td>\n<\/tr>\n<tr>\n<td class=\"tg-baqh\"><span style=\"color: #000;\">SYYZ-50-7-2<\/span><\/td>\n<td class=\"tg-baqh\"><span style=\"color: #000;\">7&#215;0,75\u0111\u1ed3ng tr\u1ea7n<\/span><\/td>\n<td class=\"tg-baqh\"><span style=\"color: #000;\">7.25\u00b10.2<\/span><br \/>\n<span style=\"color: #000;\">5<\/span><\/td>\n<td class=\"tg-baqh\">\u0111\u1ed3ng tr\u1ea7n<\/td>\n<td class=\"tg-baqh\"><span style=\"color: #000;\">0.18<\/span><\/td>\n<td class=\"tg-baqh\"><span style=\"color: #000;\">10<\/span><\/td>\n<td class=\"tg-baqh\"><span style=\"color: #000;\">10.6<\/span><\/td>\n<td class=\"tg-baqh\"><span style=\"color: #000;\">50\u00b12<\/span><\/td>\n<td class=\"tg-baqh\"><span style=\"color: #000;\">200MHz\u22640.11<\/span><\/td>\n<\/tr>\n<tr>\n<td class=\"tg-baqh\"><span style=\"color: #000;\">RG58<\/span><\/td>\n<td class=\"tg-baqh\"><span style=\"color: #000;\">19&#215;0.18\u0110\u1ed3ng thi\u1ebfc<\/span><\/td>\n<td class=\"tg-baqh\"><span style=\"color: #000;\">0.9\u00b10.1<\/span><\/td>\n<td class=\"tg-baqh\">L\u00e1 nh\u00f4m + \u0111\u1ed3ng \u0111\u00f3ng h\u1ed9p<\/td>\n<td class=\"tg-baqh\"><span style=\"color: #000;\">0.12<\/span><\/td>\n<td class=\"tg-baqh\"><span style=\"color: #000;\">4.8<\/span><\/td>\n<td class=\"tg-baqh\"><span style=\"color: #000;\">5.1<\/span><\/td>\n<td class=\"tg-baqh\"><span style=\"color: #000;\">50\u00b12<\/span><\/td>\n<td class=\"tg-baqh\"><span style=\"color: #000;\">400MHz\u22640.35<\/span><\/td>\n<\/tr>\n<\/tbody>\n<\/table>\n<p>&nbsp;<\/p>\n<table class=\"tg\">\n<thead>\n<tr>\n<th class=\"tg-c3ow\" colspan=\"9\"><span style=\"color: #000;\">C\u00e1p RF \u0111\u1ed3ng tr\u1ee5c (75\u03a9)<\/span><\/th>\n<\/tr>\n<\/thead>\n<tbody>\n<tr>\n<td class=\"tg-c3ow\" rowspan=\"2\">Th\u00f4ng s\u1ed1 m\u1eabu<\/td>\n<td class=\"tg-c3ow\" rowspan=\"2\"><span style=\"color: #000;\">S\u1ed1 d\u00e2y d\u1eabn b\u00ean trong x \u0111\u01b0\u1eddng k\u00ednh (mm)<\/span><\/td>\n<td class=\"tg-c3ow\" rowspan=\"2\"><span style=\"color: #000;\">\u0110\u01b0\u1eddng k\u00ednh c\u00e1ch nhi\u1ec7t \uff08mm<\/span><\/td>\n<td class=\"tg-c3ow\" colspan=\"2\">D\u00e2y d\u1eabn b\u00ean ngo\u00e0i<\/td>\n<td class=\"tg-c3ow\" colspan=\"2\">\u0110\u01b0\u1eddng k\u00ednh ngo\u00e0i (D)<\/td>\n<td class=\"tg-c3ow\" rowspan=\"2\"><span style=\"color: #000;\">Tr\u1edf kh\u00e1ng(\u03a92)<\/span><\/td>\n<td class=\"tg-c3ow\" rowspan=\"2\"><span style=\"color: #000;\">Suy gi\u1ea3m dB\/m<\/span><\/td>\n<\/tr>\n<tr>\n<td class=\"tg-c3ow\">V\u1eadt li\u1ec7u<\/td>\n<td class=\"tg-c3ow\"><span style=\"color: #000;\">\u0110\u01b0\u1eddng k\u00ednh d\u00e2y b\u1ec7n mm<\/span><\/td>\n<td class=\"tg-c3ow\"><span style=\"color: #000;\">Min.mm<\/span><\/td>\n<td class=\"tg-c3ow\"><span style=\"color: #000;\">Max.mm<\/span><\/td>\n<\/tr>\n<tr>\n<td class=\"tg-c3ow\"><span style=\"color: #000;\">SYYZ-75-3-41<\/span><\/td>\n<td class=\"tg-c3ow\"><span style=\"color: #000;\">7&#215;0.17\u0111\u1ed3ng tr\u1ea7n<\/span><\/td>\n<td class=\"tg-c3ow\"><span style=\"color: #000;\">3.0\u00b10.13<\/span><\/td>\n<td class=\"tg-c3ow\">\u0111\u1ed3ng tr\u1ea7n<\/td>\n<td class=\"tg-c3ow\"><span style=\"color: #000;\">0.15<\/span><\/td>\n<td class=\"tg-c3ow\"><span style=\"color: #000;\">4.8<\/span><\/td>\n<td class=\"tg-c3ow\"><span style=\"color: #000;\">5.2<\/span><\/td>\n<td class=\"tg-c3ow\"><span style=\"color: #000;\">75\u00b13<\/span><\/td>\n<td class=\"tg-c3ow\"><span style=\"color: #000;\">200MHz\u22640.28<\/span><\/td>\n<\/tr>\n<tr>\n<td class=\"tg-c3ow\"><span style=\"color: #000;\">SYYZ-75-4-1<\/span><\/td>\n<td class=\"tg-c3ow\"><span style=\"color: #000;\">7&#215;0.21\u0111\u1ed3ng tr\u1ea7n<\/span><\/td>\n<td class=\"tg-c3ow\"><span style=\"color: #000;\">3.7\u00b10.13<\/span><\/td>\n<td class=\"tg-c3ow\">\u0111\u1ed3ng tr\u1ea7n<\/td>\n<td class=\"tg-c3ow\"><span style=\"color: #000;\">0.15<\/span><\/td>\n<td class=\"tg-c3ow\"><span style=\"color: #000;\">5.8<\/span><\/td>\n<td class=\"tg-c3ow\"><span style=\"color: #000;\">6.2<\/span><\/td>\n<td class=\"tg-c3ow\"><span style=\"color: #000;\">75\u00b13<\/span><\/td>\n<td class=\"tg-c3ow\"><span style=\"color: #000;\">200MHz\u22640.22<\/span><\/td>\n<\/tr>\n<tr>\n<td class=\"tg-c3ow\"><span style=\"color: #000;\">SYYZ-75-5-41<\/span><\/td>\n<td class=\"tg-c3ow\"><span style=\"color: #000;\">1&#215;0,75\u0111\u1ed3ng tr\u1ea7n<\/span><\/td>\n<td class=\"tg-c3ow\"><span style=\"color: #000;\">4.8\u00b10.2<\/span><\/td>\n<td class=\"tg-c3ow\">\u0111\u1ed3ng tr\u1ea7n<\/td>\n<td class=\"tg-c3ow\"><span style=\"color: #000;\">0.15<\/span><\/td>\n<td class=\"tg-c3ow\"><span style=\"color: #000;\">6.9<\/span><\/td>\n<td class=\"tg-c3ow\"><span style=\"color: #000;\">7.5<\/span><\/td>\n<td class=\"tg-c3ow\"><span style=\"color: #000;\">75\u00b13<\/span><\/td>\n<td class=\"tg-c3ow\"><span style=\"color: #000;\">200MHz\u22640.15<\/span><\/td>\n<\/tr>\n<tr>\n<td class=\"tg-c3ow\"><span style=\"color: #000;\">SYYZ-75-7-2<\/span><\/td>\n<td class=\"tg-c3ow\"><span style=\"color: #000;\">7&#215;0.4\u0111\u1ed3ng tr\u1ea7n<\/span><\/td>\n<td class=\"tg-c3ow\"><span style=\"color: #000;\">7.25\u00b10.2<\/span><br \/>\n<span style=\"color: #000;\">5<\/span><\/td>\n<td class=\"tg-c3ow\">\u0111\u1ed3ng tr\u1ea7n<\/td>\n<td class=\"tg-c3ow\"><span style=\"color: #000;\">0.18<\/span><\/td>\n<td class=\"tg-c3ow\"><span style=\"color: #000;\">10<\/span><\/td>\n<td class=\"tg-c3ow\"><span style=\"color: #000;\">10.6<\/span><\/td>\n<td class=\"tg-c3ow\"><span style=\"color: #000;\">75\u00b13<\/span><\/td>\n<td class=\"tg-c3ow\"><span style=\"color: #000;\">200MHz\u22640.12<\/span><\/td>\n<\/tr>\n<\/tbody>\n<\/table>\n","protected":false},"excerpt":{"rendered":"<p>C\u00e1p \u0111\u1ed3ng tr\u1ee5c 50\u03a9\/75\u03a9 ch\u1ee7 y\u1ebfu \u0111\u01b0\u1ee3c s\u1eed d\u1ee5ng trong c\u00e1c thi\u1ebft b\u1ecb \u0111i\u1ec7n t\u1eed v\u00e0 li\u00ean l\u1ea1c v\u00f4 tuy\u1ebfn s\u1eed d\u1ee5ng c\u00f4ng ngh\u1ec7 t\u01b0\u01a1ng t\u1ef1. Nh\u1eefng lo\u1ea1i c\u00e1p n\u00e0y linh ho\u1ea1t, nh\u1eb9 v\u00e0 c\u00f3 kh\u1ea3 n\u0103ng ch\u1ed1ng nhi\u1ec5u \u0111i\u1ec7n t\u1eeb.<\/p>\n","protected":false},"featured_media":10776,"template":"","meta":{"_eb_attr":"","site-sidebar-layout":"default","site-content-layout":"","ast-site-content-layout":"default","site-content-style":"default","site-sidebar-style":"default","ast-global-header-display":"","ast-banner-title-visibility":"","ast-main-header-display":"","ast-hfb-above-header-display":"","ast-hfb-below-header-display":"","ast-hfb-mobile-header-display":"","site-post-title":"","ast-breadcrumbs-content":"","ast-featured-img":"","footer-sml-layout":"","theme-transparent-header-meta":"default","adv-header-id-meta":"","stick-header-meta":"","header-above-stick-meta":"","header-main-stick-meta":"","header-below-stick-meta":"","astra-migrate-meta-layouts":"default","ast-page-background-enabled":"default","ast-page-background-meta":{"desktop":{"background-color":"","background-image":"","background-repeat":"repeat","background-position":"center center","background-size":"auto","background-attachment":"scroll","background-type":"","background-media":"","overlay-type":"","overlay-color":"","overlay-opacity":"","overlay-gradient":""},"tablet":{"background-color":"","background-image":"","background-repeat":"repeat","background-position":"center center","background-size":"auto","background-attachment":"scroll","background-type":"","background-media":"","overlay-type":"","overlay-color":"","overlay-opacity":"","overlay-gradient":""},"mobile":{"background-color":"","background-image":"","background-repeat":"repeat","background-position":"center center","background-size":"auto","background-attachment":"scroll","background-type":"","background-media":"","overlay-type":"","overlay-color":"","overlay-opacity":"","overlay-gradient":""}},"ast-content-background-meta":{"desktop":{"background-color":"var(--ast-global-color-5)","background-image":"","background-repeat":"repeat","background-position":"center center","background-size":"auto","background-attachment":"scroll","background-type":"","background-media":"","overlay-type":"","overlay-color":"","overlay-opacity":"","overlay-gradient":""},"tablet":{"background-color":"var(--ast-global-color-5)","background-image":"","background-repeat":"repeat","background-position":"center center","background-size":"auto","background-attachment":"scroll","background-type":"","background-media":"","overlay-type":"","overlay-color":"","overlay-opacity":"","overlay-gradient":""},"mobile":{"background-color":"var(--ast-global-color-5)","background-image":"","background-repeat":"repeat","background-position":"center center","background-size":"auto","background-attachment":"scroll","background-type":"","background-media":"","overlay-type":"","overlay-color":"","overlay-opacity":"","overlay-gradient":""}}},"product_brand":[],"product_cat":[833,836,842,827,828,829,830,834,825,835,832,847],"product_tag":[1934,1935],"class_list":{"0":"post-21051","1":"product","2":"type-product","3":"status-publish","4":"has-post-thumbnail","6":"product_cat-lsoh-cable-vi","7":"product_cat-oil-gas-vi","8":"product_cat-rail-way-vi","9":"product_cat-enstandard-cable-vi","10":"product_cat-en50264-vi","11":"product_cat-en50306-vi","12":"product_cat-en50382-vi","13":"product_cat-marine-vi","14":"product_cat-aviation-vi","15":"product_cat-nuclear-vi","16":"product_cat-ice-standard-vi","17":"product_cat-wind-power-vi","18":"product_tag-cap-dong-truc-50","19":"product_tag-cap-dong-truc-75","20":"desktop-align-center","21":"tablet-align-left","22":"mobile-align-left","24":"first","25":"instock","26":"shipping-taxable","27":"product-type-simple"},"yoast_head":"<!-- This site is optimized with the Yoast SEO plugin v27.4 - https:\/\/yoast.com\/product\/yoast-seo-wordpress\/ -->\n<title>C\u00e1p \u0111\u1ed3ng tr\u1ee5c 50\u03a9\/75\u03a9<\/title>\n<meta name=\"description\" content=\"C\u00e1p \u0111\u1ed3ng tr\u1ee5c 50\u03a9\/75\u03a9 ch\u1ee7 y\u1ebfu \u0111\u01b0\u1ee3c s\u1eed d\u1ee5ng trong c\u00e1c thi\u1ebft b\u1ecb \u0111i\u1ec7n t\u1eed v\u00e0 li\u00ean l\u1ea1c v\u00f4 tuy\u1ebfn s\u1eed d\u1ee5ng c\u00f4ng ngh\u1ec7 t\u01b0\u01a1ng t\u1ef1.\" \/>\n<meta name=\"robots\" content=\"index, follow, max-snippet:-1, max-image-preview:large, max-video-preview:-1\" \/>\n<link rel=\"canonical\" href=\"https:\/\/www.tstcables.com\/vi\/product\/cap-dong-truc-50%cf%89-75%cf%89\/\" \/>\n<meta property=\"og:locale\" content=\"vi_VN\" \/>\n<meta property=\"og:type\" content=\"article\" \/>\n<meta property=\"og:title\" content=\"C\u00e1p \u0111\u1ed3ng tr\u1ee5c 50\u03a9\/75\u03a9\" \/>\n<meta property=\"og:description\" content=\"C\u00e1p \u0111\u1ed3ng tr\u1ee5c 50\u03a9\/75\u03a9 ch\u1ee7 y\u1ebfu \u0111\u01b0\u1ee3c s\u1eed d\u1ee5ng trong c\u00e1c thi\u1ebft b\u1ecb \u0111i\u1ec7n t\u1eed v\u00e0 li\u00ean l\u1ea1c v\u00f4 tuy\u1ebfn s\u1eed d\u1ee5ng c\u00f4ng ngh\u1ec7 t\u01b0\u01a1ng t\u1ef1.\" \/>\n<meta property=\"og:url\" content=\"https:\/\/www.tstcables.com\/vi\/product\/cap-dong-truc-50%cf%89-75%cf%89\/\" \/>\n<meta property=\"og:site_name\" content=\"TST CABLES supplier &amp; Manufacture\" \/>\n<meta property=\"og:image\" content=\"https:\/\/www.tstcables.com\/wp-content\/uploads\/2024\/03\/50-ohm-coax-cable_.jpg\" \/>\n\t<meta property=\"og:image:width\" content=\"522\" \/>\n\t<meta property=\"og:image:height\" content=\"522\" \/>\n\t<meta property=\"og:image:type\" content=\"image\/jpeg\" \/>\n<meta name=\"twitter:card\" content=\"summary_large_image\" \/>\n<meta name=\"twitter:label1\" content=\"Est. reading time\" \/>\n\t<meta name=\"twitter:data1\" content=\"2 minutes\" \/>\n<script type=\"application\/ld+json\" class=\"yoast-schema-graph\">{\"@context\":\"https:\\\/\\\/schema.org\",\"@graph\":[{\"@type\":\"WebPage\",\"@id\":\"https:\\\/\\\/www.tstcables.com\\\/vi\\\/product\\\/cap-dong-truc-50%cf%89-75%cf%89\\\/\",\"url\":\"https:\\\/\\\/www.tstcables.com\\\/vi\\\/product\\\/cap-dong-truc-50%cf%89-75%cf%89\\\/\",\"name\":\"C\u00e1p \u0111\u1ed3ng tr\u1ee5c 50\u03a9\\\/75\u03a9\",\"isPartOf\":{\"@id\":\"https:\\\/\\\/www.tstcables.com\\\/vi\\\/#website\"},\"primaryImageOfPage\":{\"@id\":\"https:\\\/\\\/www.tstcables.com\\\/vi\\\/product\\\/cap-dong-truc-50%cf%89-75%cf%89\\\/#primaryimage\"},\"image\":{\"@id\":\"https:\\\/\\\/www.tstcables.com\\\/vi\\\/product\\\/cap-dong-truc-50%cf%89-75%cf%89\\\/#primaryimage\"},\"thumbnailUrl\":\"https:\\\/\\\/www.tstcables.com\\\/wp-content\\\/uploads\\\/2024\\\/03\\\/50-ohm-coax-cable_.jpg\",\"datePublished\":\"2024-03-23T11:09:03+00:00\",\"description\":\"C\u00e1p \u0111\u1ed3ng tr\u1ee5c 50\u03a9\\\/75\u03a9 ch\u1ee7 y\u1ebfu \u0111\u01b0\u1ee3c s\u1eed d\u1ee5ng trong c\u00e1c thi\u1ebft b\u1ecb \u0111i\u1ec7n t\u1eed v\u00e0 li\u00ean l\u1ea1c v\u00f4 tuy\u1ebfn s\u1eed d\u1ee5ng c\u00f4ng ngh\u1ec7 t\u01b0\u01a1ng t\u1ef1.\",\"breadcrumb\":{\"@id\":\"https:\\\/\\\/www.tstcables.com\\\/vi\\\/product\\\/cap-dong-truc-50%cf%89-75%cf%89\\\/#breadcrumb\"},\"inLanguage\":\"vi-VN\",\"potentialAction\":[{\"@type\":\"ReadAction\",\"target\":[\"https:\\\/\\\/www.tstcables.com\\\/vi\\\/product\\\/cap-dong-truc-50%cf%89-75%cf%89\\\/\"]}]},{\"@type\":\"ImageObject\",\"inLanguage\":\"vi-VN\",\"@id\":\"https:\\\/\\\/www.tstcables.com\\\/vi\\\/product\\\/cap-dong-truc-50%cf%89-75%cf%89\\\/#primaryimage\",\"url\":\"https:\\\/\\\/www.tstcables.com\\\/wp-content\\\/uploads\\\/2024\\\/03\\\/50-ohm-coax-cable_.jpg\",\"contentUrl\":\"https:\\\/\\\/www.tstcables.com\\\/wp-content\\\/uploads\\\/2024\\\/03\\\/50-ohm-coax-cable_.jpg\",\"width\":522,\"height\":522,\"caption\":\"50\u03a9\\\/75\u03a9 coaxial cable\"},{\"@type\":\"BreadcrumbList\",\"@id\":\"https:\\\/\\\/www.tstcables.com\\\/vi\\\/product\\\/cap-dong-truc-50%cf%89-75%cf%89\\\/#breadcrumb\",\"itemListElement\":[{\"@type\":\"ListItem\",\"position\":1,\"name\":\"\u9996\u9875\",\"item\":\"https:\\\/\\\/www.tstcables.com\\\/vi\\\/\"},{\"@type\":\"ListItem\",\"position\":2,\"name\":\"Product\",\"item\":\"https:\\\/\\\/www.tstcables.com\\\/product\\\/\"},{\"@type\":\"ListItem\",\"position\":3,\"name\":\"C\u00e1p \u0111\u1ed3ng tr\u1ee5c 50\u03a9\\\/75\u03a9\"}]},{\"@type\":\"WebSite\",\"@id\":\"https:\\\/\\\/www.tstcables.com\\\/vi\\\/#website\",\"url\":\"https:\\\/\\\/www.tstcables.com\\\/vi\\\/\",\"name\":\"TST Cable supplier & Manufacture\",\"description\":\"TST CABLES  supplier &amp; Manufacture official website\",\"publisher\":{\"@id\":\"https:\\\/\\\/www.tstcables.com\\\/vi\\\/#organization\"},\"potentialAction\":[{\"@type\":\"SearchAction\",\"target\":{\"@type\":\"EntryPoint\",\"urlTemplate\":\"https:\\\/\\\/www.tstcables.com\\\/vi\\\/?s={search_term_string}\"},\"query-input\":{\"@type\":\"PropertyValueSpecification\",\"valueRequired\":true,\"valueName\":\"search_term_string\"}}],\"inLanguage\":\"vi-VN\"},{\"@type\":\"Organization\",\"@id\":\"https:\\\/\\\/www.tstcables.com\\\/vi\\\/#organization\",\"name\":\"TST Cable supplier & Manufacture\",\"url\":\"https:\\\/\\\/www.tstcables.com\\\/vi\\\/\",\"logo\":{\"@type\":\"ImageObject\",\"inLanguage\":\"vi-VN\",\"@id\":\"https:\\\/\\\/www.tstcables.com\\\/vi\\\/#\\\/schema\\\/logo\\\/image\\\/\",\"url\":\"https:\\\/\\\/www.tstcables.com\\\/wp-content\\\/uploads\\\/2024\\\/04\\\/cropped-\u753b\u677f-1-\u62f7\u8d1d-4-1.png\",\"contentUrl\":\"https:\\\/\\\/www.tstcables.com\\\/wp-content\\\/uploads\\\/2024\\\/04\\\/cropped-\u753b\u677f-1-\u62f7\u8d1d-4-1.png\",\"width\":300,\"height\":100,\"caption\":\"TST Cable supplier & Manufacture\"},\"image\":{\"@id\":\"https:\\\/\\\/www.tstcables.com\\\/vi\\\/#\\\/schema\\\/logo\\\/image\\\/\"}}]}<\/script>\n<!-- \/ Yoast SEO plugin. -->","yoast_head_json":{"title":"C\u00e1p \u0111\u1ed3ng tr\u1ee5c 50\u03a9\/75\u03a9","description":"C\u00e1p \u0111\u1ed3ng tr\u1ee5c 50\u03a9\/75\u03a9 ch\u1ee7 y\u1ebfu \u0111\u01b0\u1ee3c s\u1eed d\u1ee5ng trong c\u00e1c thi\u1ebft b\u1ecb \u0111i\u1ec7n t\u1eed v\u00e0 li\u00ean l\u1ea1c v\u00f4 tuy\u1ebfn s\u1eed d\u1ee5ng c\u00f4ng ngh\u1ec7 t\u01b0\u01a1ng t\u1ef1.","robots":{"index":"index","follow":"follow","max-snippet":"max-snippet:-1","max-image-preview":"max-image-preview:large","max-video-preview":"max-video-preview:-1"},"canonical":"https:\/\/www.tstcables.com\/vi\/product\/cap-dong-truc-50%cf%89-75%cf%89\/","og_locale":"vi_VN","og_type":"article","og_title":"C\u00e1p \u0111\u1ed3ng tr\u1ee5c 50\u03a9\/75\u03a9","og_description":"C\u00e1p \u0111\u1ed3ng tr\u1ee5c 50\u03a9\/75\u03a9 ch\u1ee7 y\u1ebfu \u0111\u01b0\u1ee3c s\u1eed d\u1ee5ng trong c\u00e1c thi\u1ebft b\u1ecb \u0111i\u1ec7n t\u1eed v\u00e0 li\u00ean l\u1ea1c v\u00f4 tuy\u1ebfn s\u1eed d\u1ee5ng c\u00f4ng ngh\u1ec7 t\u01b0\u01a1ng t\u1ef1.","og_url":"https:\/\/www.tstcables.com\/vi\/product\/cap-dong-truc-50%cf%89-75%cf%89\/","og_site_name":"TST CABLES supplier &amp; Manufacture","og_image":[{"width":522,"height":522,"url":"https:\/\/www.tstcables.com\/wp-content\/uploads\/2024\/03\/50-ohm-coax-cable_.jpg","type":"image\/jpeg"}],"twitter_card":"summary_large_image","twitter_misc":{"Est. reading time":"2 minutes"},"schema":{"@context":"https:\/\/schema.org","@graph":[{"@type":"WebPage","@id":"https:\/\/www.tstcables.com\/vi\/product\/cap-dong-truc-50%cf%89-75%cf%89\/","url":"https:\/\/www.tstcables.com\/vi\/product\/cap-dong-truc-50%cf%89-75%cf%89\/","name":"C\u00e1p \u0111\u1ed3ng tr\u1ee5c 50\u03a9\/75\u03a9","isPartOf":{"@id":"https:\/\/www.tstcables.com\/vi\/#website"},"primaryImageOfPage":{"@id":"https:\/\/www.tstcables.com\/vi\/product\/cap-dong-truc-50%cf%89-75%cf%89\/#primaryimage"},"image":{"@id":"https:\/\/www.tstcables.com\/vi\/product\/cap-dong-truc-50%cf%89-75%cf%89\/#primaryimage"},"thumbnailUrl":"https:\/\/www.tstcables.com\/wp-content\/uploads\/2024\/03\/50-ohm-coax-cable_.jpg","datePublished":"2024-03-23T11:09:03+00:00","description":"C\u00e1p \u0111\u1ed3ng tr\u1ee5c 50\u03a9\/75\u03a9 ch\u1ee7 y\u1ebfu \u0111\u01b0\u1ee3c s\u1eed d\u1ee5ng trong c\u00e1c thi\u1ebft b\u1ecb \u0111i\u1ec7n t\u1eed v\u00e0 li\u00ean l\u1ea1c v\u00f4 tuy\u1ebfn s\u1eed d\u1ee5ng c\u00f4ng ngh\u1ec7 t\u01b0\u01a1ng t\u1ef1.","breadcrumb":{"@id":"https:\/\/www.tstcables.com\/vi\/product\/cap-dong-truc-50%cf%89-75%cf%89\/#breadcrumb"},"inLanguage":"vi-VN","potentialAction":[{"@type":"ReadAction","target":["https:\/\/www.tstcables.com\/vi\/product\/cap-dong-truc-50%cf%89-75%cf%89\/"]}]},{"@type":"ImageObject","inLanguage":"vi-VN","@id":"https:\/\/www.tstcables.com\/vi\/product\/cap-dong-truc-50%cf%89-75%cf%89\/#primaryimage","url":"https:\/\/www.tstcables.com\/wp-content\/uploads\/2024\/03\/50-ohm-coax-cable_.jpg","contentUrl":"https:\/\/www.tstcables.com\/wp-content\/uploads\/2024\/03\/50-ohm-coax-cable_.jpg","width":522,"height":522,"caption":"50\u03a9\/75\u03a9 coaxial cable"},{"@type":"BreadcrumbList","@id":"https:\/\/www.tstcables.com\/vi\/product\/cap-dong-truc-50%cf%89-75%cf%89\/#breadcrumb","itemListElement":[{"@type":"ListItem","position":1,"name":"\u9996\u9875","item":"https:\/\/www.tstcables.com\/vi\/"},{"@type":"ListItem","position":2,"name":"Product","item":"https:\/\/www.tstcables.com\/product\/"},{"@type":"ListItem","position":3,"name":"C\u00e1p \u0111\u1ed3ng tr\u1ee5c 50\u03a9\/75\u03a9"}]},{"@type":"WebSite","@id":"https:\/\/www.tstcables.com\/vi\/#website","url":"https:\/\/www.tstcables.com\/vi\/","name":"TST Cable supplier & Manufacture","description":"TST CABLES  supplier &amp; Manufacture official website","publisher":{"@id":"https:\/\/www.tstcables.com\/vi\/#organization"},"potentialAction":[{"@type":"SearchAction","target":{"@type":"EntryPoint","urlTemplate":"https:\/\/www.tstcables.com\/vi\/?s={search_term_string}"},"query-input":{"@type":"PropertyValueSpecification","valueRequired":true,"valueName":"search_term_string"}}],"inLanguage":"vi-VN"},{"@type":"Organization","@id":"https:\/\/www.tstcables.com\/vi\/#organization","name":"TST Cable supplier & Manufacture","url":"https:\/\/www.tstcables.com\/vi\/","logo":{"@type":"ImageObject","inLanguage":"vi-VN","@id":"https:\/\/www.tstcables.com\/vi\/#\/schema\/logo\/image\/","url":"https:\/\/www.tstcables.com\/wp-content\/uploads\/2024\/04\/cropped-\u753b\u677f-1-\u62f7\u8d1d-4-1.png","contentUrl":"https:\/\/www.tstcables.com\/wp-content\/uploads\/2024\/04\/cropped-\u753b\u677f-1-\u62f7\u8d1d-4-1.png","width":300,"height":100,"caption":"TST Cable supplier & Manufacture"},"image":{"@id":"https:\/\/www.tstcables.com\/vi\/#\/schema\/logo\/image\/"}}]}},"_links":{"self":[{"href":"https:\/\/www.tstcables.com\/vi\/wp-json\/wp\/v2\/product\/21051","targetHints":{"allow":["GET"]}}],"collection":[{"href":"https:\/\/www.tstcables.com\/vi\/wp-json\/wp\/v2\/product"}],"about":[{"href":"https:\/\/www.tstcables.com\/vi\/wp-json\/wp\/v2\/types\/product"}],"version-history":[{"count":0,"href":"https:\/\/www.tstcables.com\/vi\/wp-json\/wp\/v2\/product\/21051\/revisions"}],"wp:featuredmedia":[{"embeddable":true,"href":"https:\/\/www.tstcables.com\/vi\/wp-json\/wp\/v2\/media\/10776"}],"wp:attachment":[{"href":"https:\/\/www.tstcables.com\/vi\/wp-json\/wp\/v2\/media?parent=21051"}],"wp:term":[{"taxonomy":"product_brand","embeddable":true,"href":"https:\/\/www.tstcables.com\/vi\/wp-json\/wp\/v2\/product_brand?post=21051"},{"taxonomy":"product_cat","embeddable":true,"href":"https:\/\/www.tstcables.com\/vi\/wp-json\/wp\/v2\/product_cat?post=21051"},{"taxonomy":"product_tag","embeddable":true,"href":"https:\/\/www.tstcables.com\/vi\/wp-json\/wp\/v2\/product_tag?post=21051"}],"curies":[{"name":"wp","href":"https:\/\/api.w.org\/{rel}","templated":true}]}}