{"id":21052,"date":"2024-03-23T19:15:09","date_gmt":"2024-03-23T11:15:09","guid":{"rendered":"https:\/\/www.tstcables.com\/product\/cap-lszh-cat5-5e-cap-mang-cat-5\/"},"modified":"2024-03-23T19:15:09","modified_gmt":"2024-03-23T11:15:09","slug":"cap-lszh-cat5-5e-cap-mang-cat-5","status":"publish","type":"product","link":"https:\/\/www.tstcables.com\/vi\/product\/cap-lszh-cat5-5e-cap-mang-cat-5\/","title":{"rendered":"C\u00e1p LSZH CAT5\/5e (C\u00e1p m\u1ea1ng Cat 5)"},"content":{"rendered":"<p>\u1ee8ng d\u1ee5ng:<\/p>\n<p>C\u00e1p LSZH CAT5\/5e (C\u00e1p m\u1ea1ng Cat 5) d\u00f9ng \u0111\u1ec3 truy\u1ec1n d\u1eabn m\u1ea1ng d\u1ef1a tr\u00ean Ethernet, nh\u01b0: h\u1ec7 th\u1ed1ng th\u00f4ng tin gi\u1ea3i tr\u00ed, \u0111a ph\u01b0\u01a1ng ti\u1ec7n, th\u00f4ng tin h\u00e0nh kh\u00e1ch, v.v.<\/p>\n<p>\u0110\u1eb7c \u0111i\u1ec3m:<\/p>\n<ul>\n<li>\u0110i\u1ec7n \u00e1p \u0111\u1ecbnh m\u1ee9c: 300VAC<\/li>\n<li>Ph\u1ea1m vi nhi\u1ec7t \u0111\u1ed9: -40\u00b0C \u0111\u1ebfn 90\u00b0C<\/li>\n<li>B\u00e1n k\u00ednh u\u1ed1n: 6D (D d\u00f9ng \u0111\u1ec3 ch\u1ec9 \u0111\u01b0\u1eddng k\u00ednh ngo\u00e0i c\u1ee7a c\u00e1p)<\/li>\n<li>Tr\u1edf kh\u00e1ng \u0111\u1eb7c tr\u01b0ng: 100\u03a9+15\u03a9 (100 MHz)<\/li>\n<li>\u0110\u1ed9 suy gi\u1ea3&lt;m: 3,1dB\/100m (1 MHz), &lt;32dB\/100m (100 MHz)<\/li>\n<li>\u0110i\u1ec7n dung ho\u1ea1t \u0111\u1ed9ng: &lt;5,6nF\/100m (1,0kHz)<\/li>\n<li>\u0110i\u1ec7n dung m\u1eb7t \u0111\u1ea5t: 160pF\/100m (1.0kHz)&lt;<\/li>\n<li>Suy hao ph\u1ea3n h\u1ed3i: &gt;20dB (14 MHz), &lt;19dB (100 MHz)<\/li>\n<li>\u0110\u1ed3ng b\u1ea1c<\/li>\n<li>Ch\u1ed1ng oxy h\u00f3a<\/li>\n<li>\u0110\u1ed9 d\u1eabn \u0111i\u1ec7n cao<\/li>\n<li>Ch\u1ed1ng m\u00e0i m\u00f2n<\/li>\n<li>Ch\u1ed1ng oxy h\u00f3a<\/li>\n<li>Kh\u00f4ng bi\u1ebfn d\u1ea1ng<\/li>\n<\/ul>\n<p>K\u1ebft c\u1ea5u:<\/p>\n<ul>\n<li>D\u00e2y d\u1eabn: D\u00e2y d\u1eabn b\u1eb1ng \u0111\u1ed3ng \u0111\u00f3ng h\u1ed9p, c\u1ea5u tr\u00fac lo\u1ea1i 5.<\/li>\n<li>V\u1eadt li\u1ec7u c\u00e1ch nhi\u1ec7t: V\u1eadt li\u1ec7u c\u00e1ch nhi\u1ec7t Polyethylene.<\/li>\n<li>B\u0103ng polyester.<\/li>\n<li>Che ch\u1eafn: L\u00e1 nh\u00f4m + Che ch\u1eafn b\u1ec7n.<\/li>\n<li>\u00c1o kho\u00e1c\/v\u1ecf b\u1ecdc: V\u1eadt li\u1ec7u v\u1ecf b\u1ecdc polyolefin li\u00ean k\u1ebft ngang \u0111\u01b0\u1ee3c chi\u1ebfu x\u1ea1.<\/li>\n<\/ul>\n<p>Tham s\u1ed1 l\u1ef1a ch\u1ecdn<\/p>\n<table class=\"tg\">\n<thead>\n<tr>\n<th class=\"tg-c3ow\" rowspan=\"2\">Th\u00f4ng s\u1ed1 m\u1eabu<\/th>\n<th class=\"tg-c3ow\" rowspan=\"2\"><span style=\"color: #000;\">\u0110\u01b0\u1eddng k\u00ednh d\u00e2y d\u1eabn (mm)<\/span><\/th>\n<th class=\"tg-c3ow\" rowspan=\"2\"><span style=\"color: #000;\">\u0110\u01b0\u1eddng k\u00ednh c\u00e1ch nhi\u1ec7t mm<\/span><\/th>\n<th class=\"tg-c3ow\" colspan=\"2\">\u0110\u01b0\u1eddng k\u00ednh ngo\u00e0i (D)<\/th>\n<th class=\"tg-c3ow\" rowspan=\"2\"><span style=\"color: #000;\">Tr\u1ecdng l\u01b0\u1ee3ng c\u00e1p trung b\u00ecnh Kg\/km<\/span><\/th>\n<th class=\"tg-c3ow\" rowspan=\"2\"><span style=\"color: #000;\">Gi\u00e1 tr\u1ecb nhi\u1ec7t \u0111\u1ed1t KJ\/m<\/span><\/th>\n<\/tr>\n<tr>\n<th class=\"tg-c3ow\" colspan=\"2\"><span style=\"color: #000;\">Min.mm<\/span><\/th>\n<\/tr>\n<\/thead>\n<tbody>\n<tr>\n<td class=\"tg-c3ow\"><span style=\"color: #000;\">4x24AW<\/span><br \/>\n<span style=\"color: #000;\">G<\/span><\/td>\n<td class=\"tg-c3ow\"><span style=\"color: #000;\">0.6<\/span><\/td>\n<td class=\"tg-c3ow\"><span style=\"color: #000;\">1.35<\/span><\/td>\n<td class=\"tg-c3ow\"><span style=\"color: #000;\">5.2<\/span><\/td>\n<td class=\"tg-c3ow\"><span style=\"color: #000;\">5.7<\/span><\/td>\n<td class=\"tg-c3ow\"><span style=\"color: #000;\">46<\/span><\/td>\n<td class=\"tg-c3ow\"><span style=\"color: #000;\">547<\/span><\/td>\n<\/tr>\n<tr>\n<td class=\"tg-c3ow\"><span style=\"color: #000;\">4x2x24 AWG<\/span><\/td>\n<td class=\"tg-c3ow\"><span style=\"color: #000;\">0.6<\/span><\/td>\n<td class=\"tg-c3ow\"><span style=\"color: #000;\">1.25<\/span><\/td>\n<td class=\"tg-c3ow\"><span style=\"color: #000;\">7.1<\/span><\/td>\n<td class=\"tg-c3ow\"><span style=\"color: #000;\">7.6<\/span><\/td>\n<td class=\"tg-c3ow\"><span style=\"color: #000;\">72<\/span><\/td>\n<td class=\"tg-c3ow\"><span style=\"color: #000;\">680<\/span><\/td>\n<\/tr>\n<tr>\n<td class=\"tg-c3ow\"><span style=\"color: #000;\">4&#215;0.5<\/span><\/td>\n<td class=\"tg-c3ow\"><span style=\"color: #000;\">0.9<\/span><\/td>\n<td class=\"tg-c3ow\"><span style=\"color: #000;\">1.9<\/span><\/td>\n<td class=\"tg-c3ow\"><span style=\"color: #000;\">6.4<\/span><\/td>\n<td class=\"tg-c3ow\"><span style=\"color: #000;\">6.9<\/span><\/td>\n<td class=\"tg-c3ow\"><span style=\"color: #000;\">64<\/span><\/td>\n<td class=\"tg-c3ow\"><span style=\"color: #000;\">730<\/span><\/td>\n<\/tr>\n<tr>\n<td class=\"tg-c3ow\"><span style=\"color: #000;\">4x22AW<\/span><br \/>\n<span style=\"color: #000;\">G<\/span><\/td>\n<td class=\"tg-c3ow\"><span style=\"color: #000;\">0.75<\/span><\/td>\n<td class=\"tg-c3ow\"><span style=\"color: #000;\">1.8<\/span><\/td>\n<td class=\"tg-c3ow\"><span style=\"color: #000;\">6.8<\/span><\/td>\n<td class=\"tg-c3ow\"><span style=\"color: #000;\">7.6<\/span><\/td>\n<td class=\"tg-c3ow\"><span style=\"color: #000;\">65<\/span><\/td>\n<td class=\"tg-c3ow\"><span style=\"color: #000;\">569<\/span><\/td>\n<\/tr>\n<tr>\n<td class=\"tg-c3ow\"><span style=\"color: #000;\">2x2x0.5<\/span><\/td>\n<td class=\"tg-c3ow\"><span style=\"color: #000;\">0.9<\/span><\/td>\n<td class=\"tg-c3ow\"><span style=\"color: #000;\">2<\/span><\/td>\n<td class=\"tg-c3ow\"><span style=\"color: #000;\">10.5<\/span><\/td>\n<td class=\"tg-c3ow\"><span style=\"color: #000;\">11<\/span><\/td>\n<td class=\"tg-c3ow\"><span style=\"color: #000;\">126<\/span><\/td>\n<td class=\"tg-c3ow\"><span style=\"color: #000;\">1080<\/span><\/td>\n<\/tr>\n<\/tbody>\n<\/table>\n","protected":false},"excerpt":{"rendered":"<p>C\u00e1p CAT5\/5e (c\u00e1p m\u1ea1ng Lo\u1ea1i 5) \u0111\u01b0\u1ee3c l\u1eafp \u0111\u1eb7t b\u1ea3o v\u1ec7 c\u1ed1 \u0111\u1ecbnh tr\u00ean c\u00e1c k\u1ebft n\u1ed1i b\u00ean trong v\u00e0 b\u00ean ngo\u00e0i c\u1ee7a \u0111\u1ea7u m\u00e1y xe l\u1eeda, xe bu\u00fdt v\u00e0 c\u00e1c ph\u01b0\u01a1ng ti\u1ec7n kh\u00e1c. \u0110\u01b0\u1ee3c s\u1eed d\u1ee5ng \u0111\u1ec3 truy\u1ec1n d\u1eabn m\u1ea1ng d\u1ef1a tr\u00ean Ethernet, ch\u1eb3ng h\u1ea1n nh\u01b0: th\u00f4ng tin gi\u1ea3i tr\u00ed, \u0111a ph\u01b0\u01a1ng ti\u1ec7n, h\u1ec7 th\u1ed1ng th\u00f4ng tin h\u00e0nh kh\u00e1ch, v.v.<\/p>\n","protected":false},"featured_media":10760,"template":"","meta":{"_eb_attr":"","site-sidebar-layout":"default","site-content-layout":"","ast-site-content-layout":"default","site-content-style":"default","site-sidebar-style":"default","ast-global-header-display":"","ast-banner-title-visibility":"","ast-main-header-display":"","ast-hfb-above-header-display":"","ast-hfb-below-header-display":"","ast-hfb-mobile-header-display":"","site-post-title":"","ast-breadcrumbs-content":"","ast-featured-img":"","footer-sml-layout":"","theme-transparent-header-meta":"default","adv-header-id-meta":"","stick-header-meta":"","header-above-stick-meta":"","header-main-stick-meta":"","header-below-stick-meta":"","astra-migrate-meta-layouts":"default","ast-page-background-enabled":"default","ast-page-background-meta":{"desktop":{"background-color":"","background-image":"","background-repeat":"repeat","background-position":"center center","background-size":"auto","background-attachment":"scroll","background-type":"","background-media":"","overlay-type":"","overlay-color":"","overlay-opacity":"","overlay-gradient":""},"tablet":{"background-color":"","background-image":"","background-repeat":"repeat","background-position":"center center","background-size":"auto","background-attachment":"scroll","background-type":"","background-media":"","overlay-type":"","overlay-color":"","overlay-opacity":"","overlay-gradient":""},"mobile":{"background-color":"","background-image":"","background-repeat":"repeat","background-position":"center center","background-size":"auto","background-attachment":"scroll","background-type":"","background-media":"","overlay-type":"","overlay-color":"","overlay-opacity":"","overlay-gradient":""}},"ast-content-background-meta":{"desktop":{"background-color":"var(--ast-global-color-5)","background-image":"","background-repeat":"repeat","background-position":"center center","background-size":"auto","background-attachment":"scroll","background-type":"","background-media":"","overlay-type":"","overlay-color":"","overlay-opacity":"","overlay-gradient":""},"tablet":{"background-color":"var(--ast-global-color-5)","background-image":"","background-repeat":"repeat","background-position":"center center","background-size":"auto","background-attachment":"scroll","background-type":"","background-media":"","overlay-type":"","overlay-color":"","overlay-opacity":"","overlay-gradient":""},"mobile":{"background-color":"var(--ast-global-color-5)","background-image":"","background-repeat":"repeat","background-position":"center center","background-size":"auto","background-attachment":"scroll","background-type":"","background-media":"","overlay-type":"","overlay-color":"","overlay-opacity":"","overlay-gradient":""}}},"product_brand":[],"product_cat":[833,836,842,827,828,829,830,834,825,835,832,847,840],"product_tag":[1975,1974,1976],"class_list":{"0":"post-21052","1":"product","2":"type-product","3":"status-publish","4":"has-post-thumbnail","6":"product_cat-lsoh-cable-vi","7":"product_cat-oil-gas-vi","8":"product_cat-rail-way-vi","9":"product_cat-enstandard-cable-vi","10":"product_cat-en50264-vi","11":"product_cat-en50306-vi","12":"product_cat-en50382-vi","13":"product_cat-marine-vi","14":"product_cat-aviation-vi","15":"product_cat-nuclear-vi","16":"product_cat-ice-standard-vi","17":"product_cat-wind-power-vi","18":"product_cat-product-by-standard-vi","19":"product_tag-cap-5e","20":"product_tag-cap-cat5","21":"product_tag-cap-mang-loai-5","22":"desktop-align-center","23":"tablet-align-left","24":"mobile-align-left","26":"first","27":"instock","28":"shipping-taxable","29":"product-type-simple"},"yoast_head":"<!-- This site is optimized with the Yoast SEO plugin v27.5 - https:\/\/yoast.com\/product\/yoast-seo-wordpress\/ -->\n<title>C\u00e1p CAT5\/5e (C\u00e1p m\u1ea1ng lo\u1ea1i 5)<\/title>\n<meta name=\"description\" content=\"C\u00e1p CAT5\/5e (c\u00e1p m\u1ea1ng Lo\u1ea1i 5) \u0111\u01b0\u1ee3c l\u1eafp \u0111\u1eb7t b\u1ea3o v\u1ec7 c\u1ed1 \u0111\u1ecbnh tr\u00ean c\u00e1c k\u1ebft n\u1ed1i b\u00ean trong v\u00e0 b\u00ean ngo\u00e0i c\u1ee7a \u0111\u1ea7u m\u00e1y xe l\u1eeda, xe bu\u00fdt v\u00e0 c\u00e1c ph\u01b0\u01a1ng ti\u1ec7n kh\u00e1c.\" \/>\n<meta name=\"robots\" content=\"index, follow, max-snippet:-1, max-image-preview:large, max-video-preview:-1\" \/>\n<link rel=\"canonical\" href=\"https:\/\/www.tstcables.com\/vi\/product\/cap-lszh-cat5-5e-cap-mang-cat-5\/\" \/>\n<meta property=\"og:locale\" content=\"vi_VN\" \/>\n<meta property=\"og:type\" content=\"article\" \/>\n<meta property=\"og:title\" content=\"C\u00e1p CAT5\/5e (C\u00e1p m\u1ea1ng lo\u1ea1i 5)\" \/>\n<meta property=\"og:description\" content=\"C\u00e1p CAT5\/5e (c\u00e1p m\u1ea1ng Lo\u1ea1i 5) \u0111\u01b0\u1ee3c l\u1eafp \u0111\u1eb7t b\u1ea3o v\u1ec7 c\u1ed1 \u0111\u1ecbnh tr\u00ean c\u00e1c k\u1ebft n\u1ed1i b\u00ean trong v\u00e0 b\u00ean ngo\u00e0i c\u1ee7a \u0111\u1ea7u m\u00e1y xe l\u1eeda, xe bu\u00fdt v\u00e0 c\u00e1c ph\u01b0\u01a1ng ti\u1ec7n kh\u00e1c.\" \/>\n<meta property=\"og:url\" content=\"https:\/\/www.tstcables.com\/vi\/product\/cap-lszh-cat5-5e-cap-mang-cat-5\/\" \/>\n<meta property=\"og:site_name\" content=\"TST CABLES supplier &amp; Manufacture\" \/>\n<meta property=\"og:image\" content=\"https:\/\/www.tstcables.com\/wp-content\/uploads\/2024\/03\/cat5.jpg\" \/>\n\t<meta property=\"og:image:width\" content=\"500\" \/>\n\t<meta property=\"og:image:height\" content=\"500\" \/>\n\t<meta property=\"og:image:type\" content=\"image\/jpeg\" \/>\n<meta name=\"twitter:card\" content=\"summary_large_image\" \/>\n<meta name=\"twitter:label1\" content=\"Est. reading time\" \/>\n\t<meta name=\"twitter:data1\" content=\"2 minutes\" \/>\n<script type=\"application\/ld+json\" class=\"yoast-schema-graph\">{\"@context\":\"https:\\\/\\\/schema.org\",\"@graph\":[{\"@type\":\"WebPage\",\"@id\":\"https:\\\/\\\/www.tstcables.com\\\/vi\\\/product\\\/cap-lszh-cat5-5e-cap-mang-cat-5\\\/\",\"url\":\"https:\\\/\\\/www.tstcables.com\\\/vi\\\/product\\\/cap-lszh-cat5-5e-cap-mang-cat-5\\\/\",\"name\":\"C\u00e1p CAT5\\\/5e (C\u00e1p m\u1ea1ng lo\u1ea1i 5)\",\"isPartOf\":{\"@id\":\"https:\\\/\\\/www.tstcables.com\\\/vi\\\/#website\"},\"primaryImageOfPage\":{\"@id\":\"https:\\\/\\\/www.tstcables.com\\\/vi\\\/product\\\/cap-lszh-cat5-5e-cap-mang-cat-5\\\/#primaryimage\"},\"image\":{\"@id\":\"https:\\\/\\\/www.tstcables.com\\\/vi\\\/product\\\/cap-lszh-cat5-5e-cap-mang-cat-5\\\/#primaryimage\"},\"thumbnailUrl\":\"https:\\\/\\\/www.tstcables.com\\\/wp-content\\\/uploads\\\/2024\\\/03\\\/cat5.jpg\",\"datePublished\":\"2024-03-23T11:15:09+00:00\",\"description\":\"C\u00e1p CAT5\\\/5e (c\u00e1p m\u1ea1ng Lo\u1ea1i 5) \u0111\u01b0\u1ee3c l\u1eafp \u0111\u1eb7t b\u1ea3o v\u1ec7 c\u1ed1 \u0111\u1ecbnh tr\u00ean c\u00e1c k\u1ebft n\u1ed1i b\u00ean trong v\u00e0 b\u00ean ngo\u00e0i c\u1ee7a \u0111\u1ea7u m\u00e1y xe l\u1eeda, xe bu\u00fdt v\u00e0 c\u00e1c ph\u01b0\u01a1ng ti\u1ec7n kh\u00e1c.\",\"breadcrumb\":{\"@id\":\"https:\\\/\\\/www.tstcables.com\\\/vi\\\/product\\\/cap-lszh-cat5-5e-cap-mang-cat-5\\\/#breadcrumb\"},\"inLanguage\":\"vi-VN\",\"potentialAction\":[{\"@type\":\"ReadAction\",\"target\":[\"https:\\\/\\\/www.tstcables.com\\\/vi\\\/product\\\/cap-lszh-cat5-5e-cap-mang-cat-5\\\/\"]}]},{\"@type\":\"ImageObject\",\"inLanguage\":\"vi-VN\",\"@id\":\"https:\\\/\\\/www.tstcables.com\\\/vi\\\/product\\\/cap-lszh-cat5-5e-cap-mang-cat-5\\\/#primaryimage\",\"url\":\"https:\\\/\\\/www.tstcables.com\\\/wp-content\\\/uploads\\\/2024\\\/03\\\/cat5.jpg\",\"contentUrl\":\"https:\\\/\\\/www.tstcables.com\\\/wp-content\\\/uploads\\\/2024\\\/03\\\/cat5.jpg\",\"width\":500,\"height\":500,\"caption\":\"CAT5\\\/5e cable (Category 5 network cable)\"},{\"@type\":\"BreadcrumbList\",\"@id\":\"https:\\\/\\\/www.tstcables.com\\\/vi\\\/product\\\/cap-lszh-cat5-5e-cap-mang-cat-5\\\/#breadcrumb\",\"itemListElement\":[{\"@type\":\"ListItem\",\"position\":1,\"name\":\"\u9996\u9875\",\"item\":\"https:\\\/\\\/www.tstcables.com\\\/vi\\\/\"},{\"@type\":\"ListItem\",\"position\":2,\"name\":\"Product\",\"item\":\"https:\\\/\\\/www.tstcables.com\\\/product\\\/\"},{\"@type\":\"ListItem\",\"position\":3,\"name\":\"C\u00e1p LSZH CAT5\\\/5e (C\u00e1p m\u1ea1ng Cat 5)\"}]},{\"@type\":\"WebSite\",\"@id\":\"https:\\\/\\\/www.tstcables.com\\\/vi\\\/#website\",\"url\":\"https:\\\/\\\/www.tstcables.com\\\/vi\\\/\",\"name\":\"TST Cable supplier & Manufacture\",\"description\":\"TST CABLES  supplier &amp; Manufacture official website\",\"publisher\":{\"@id\":\"https:\\\/\\\/www.tstcables.com\\\/vi\\\/#organization\"},\"potentialAction\":[{\"@type\":\"SearchAction\",\"target\":{\"@type\":\"EntryPoint\",\"urlTemplate\":\"https:\\\/\\\/www.tstcables.com\\\/vi\\\/?s={search_term_string}\"},\"query-input\":{\"@type\":\"PropertyValueSpecification\",\"valueRequired\":true,\"valueName\":\"search_term_string\"}}],\"inLanguage\":\"vi-VN\"},{\"@type\":\"Organization\",\"@id\":\"https:\\\/\\\/www.tstcables.com\\\/vi\\\/#organization\",\"name\":\"TST Cable supplier & Manufacture\",\"url\":\"https:\\\/\\\/www.tstcables.com\\\/vi\\\/\",\"logo\":{\"@type\":\"ImageObject\",\"inLanguage\":\"vi-VN\",\"@id\":\"https:\\\/\\\/www.tstcables.com\\\/vi\\\/#\\\/schema\\\/logo\\\/image\\\/\",\"url\":\"https:\\\/\\\/www.tstcables.com\\\/wp-content\\\/uploads\\\/2024\\\/04\\\/cropped-\u753b\u677f-1-\u62f7\u8d1d-4-1.png\",\"contentUrl\":\"https:\\\/\\\/www.tstcables.com\\\/wp-content\\\/uploads\\\/2024\\\/04\\\/cropped-\u753b\u677f-1-\u62f7\u8d1d-4-1.png\",\"width\":300,\"height\":100,\"caption\":\"TST Cable supplier & Manufacture\"},\"image\":{\"@id\":\"https:\\\/\\\/www.tstcables.com\\\/vi\\\/#\\\/schema\\\/logo\\\/image\\\/\"}}]}<\/script>\n<!-- \/ Yoast SEO plugin. -->","yoast_head_json":{"title":"C\u00e1p CAT5\/5e (C\u00e1p m\u1ea1ng lo\u1ea1i 5)","description":"C\u00e1p CAT5\/5e (c\u00e1p m\u1ea1ng Lo\u1ea1i 5) \u0111\u01b0\u1ee3c l\u1eafp \u0111\u1eb7t b\u1ea3o v\u1ec7 c\u1ed1 \u0111\u1ecbnh tr\u00ean c\u00e1c k\u1ebft n\u1ed1i b\u00ean trong v\u00e0 b\u00ean ngo\u00e0i c\u1ee7a \u0111\u1ea7u m\u00e1y xe l\u1eeda, xe bu\u00fdt v\u00e0 c\u00e1c ph\u01b0\u01a1ng ti\u1ec7n kh\u00e1c.","robots":{"index":"index","follow":"follow","max-snippet":"max-snippet:-1","max-image-preview":"max-image-preview:large","max-video-preview":"max-video-preview:-1"},"canonical":"https:\/\/www.tstcables.com\/vi\/product\/cap-lszh-cat5-5e-cap-mang-cat-5\/","og_locale":"vi_VN","og_type":"article","og_title":"C\u00e1p CAT5\/5e (C\u00e1p m\u1ea1ng lo\u1ea1i 5)","og_description":"C\u00e1p CAT5\/5e (c\u00e1p m\u1ea1ng Lo\u1ea1i 5) \u0111\u01b0\u1ee3c l\u1eafp \u0111\u1eb7t b\u1ea3o v\u1ec7 c\u1ed1 \u0111\u1ecbnh tr\u00ean c\u00e1c k\u1ebft n\u1ed1i b\u00ean trong v\u00e0 b\u00ean ngo\u00e0i c\u1ee7a \u0111\u1ea7u m\u00e1y xe l\u1eeda, xe bu\u00fdt v\u00e0 c\u00e1c ph\u01b0\u01a1ng ti\u1ec7n kh\u00e1c.","og_url":"https:\/\/www.tstcables.com\/vi\/product\/cap-lszh-cat5-5e-cap-mang-cat-5\/","og_site_name":"TST CABLES supplier &amp; Manufacture","og_image":[{"width":500,"height":500,"url":"https:\/\/www.tstcables.com\/wp-content\/uploads\/2024\/03\/cat5.jpg","type":"image\/jpeg"}],"twitter_card":"summary_large_image","twitter_misc":{"Est. reading time":"2 minutes"},"schema":{"@context":"https:\/\/schema.org","@graph":[{"@type":"WebPage","@id":"https:\/\/www.tstcables.com\/vi\/product\/cap-lszh-cat5-5e-cap-mang-cat-5\/","url":"https:\/\/www.tstcables.com\/vi\/product\/cap-lszh-cat5-5e-cap-mang-cat-5\/","name":"C\u00e1p CAT5\/5e (C\u00e1p m\u1ea1ng lo\u1ea1i 5)","isPartOf":{"@id":"https:\/\/www.tstcables.com\/vi\/#website"},"primaryImageOfPage":{"@id":"https:\/\/www.tstcables.com\/vi\/product\/cap-lszh-cat5-5e-cap-mang-cat-5\/#primaryimage"},"image":{"@id":"https:\/\/www.tstcables.com\/vi\/product\/cap-lszh-cat5-5e-cap-mang-cat-5\/#primaryimage"},"thumbnailUrl":"https:\/\/www.tstcables.com\/wp-content\/uploads\/2024\/03\/cat5.jpg","datePublished":"2024-03-23T11:15:09+00:00","description":"C\u00e1p CAT5\/5e (c\u00e1p m\u1ea1ng Lo\u1ea1i 5) \u0111\u01b0\u1ee3c l\u1eafp \u0111\u1eb7t b\u1ea3o v\u1ec7 c\u1ed1 \u0111\u1ecbnh tr\u00ean c\u00e1c k\u1ebft n\u1ed1i b\u00ean trong v\u00e0 b\u00ean ngo\u00e0i c\u1ee7a \u0111\u1ea7u m\u00e1y xe l\u1eeda, xe bu\u00fdt v\u00e0 c\u00e1c ph\u01b0\u01a1ng ti\u1ec7n kh\u00e1c.","breadcrumb":{"@id":"https:\/\/www.tstcables.com\/vi\/product\/cap-lszh-cat5-5e-cap-mang-cat-5\/#breadcrumb"},"inLanguage":"vi-VN","potentialAction":[{"@type":"ReadAction","target":["https:\/\/www.tstcables.com\/vi\/product\/cap-lszh-cat5-5e-cap-mang-cat-5\/"]}]},{"@type":"ImageObject","inLanguage":"vi-VN","@id":"https:\/\/www.tstcables.com\/vi\/product\/cap-lszh-cat5-5e-cap-mang-cat-5\/#primaryimage","url":"https:\/\/www.tstcables.com\/wp-content\/uploads\/2024\/03\/cat5.jpg","contentUrl":"https:\/\/www.tstcables.com\/wp-content\/uploads\/2024\/03\/cat5.jpg","width":500,"height":500,"caption":"CAT5\/5e cable (Category 5 network cable)"},{"@type":"BreadcrumbList","@id":"https:\/\/www.tstcables.com\/vi\/product\/cap-lszh-cat5-5e-cap-mang-cat-5\/#breadcrumb","itemListElement":[{"@type":"ListItem","position":1,"name":"\u9996\u9875","item":"https:\/\/www.tstcables.com\/vi\/"},{"@type":"ListItem","position":2,"name":"Product","item":"https:\/\/www.tstcables.com\/product\/"},{"@type":"ListItem","position":3,"name":"C\u00e1p LSZH CAT5\/5e (C\u00e1p m\u1ea1ng Cat 5)"}]},{"@type":"WebSite","@id":"https:\/\/www.tstcables.com\/vi\/#website","url":"https:\/\/www.tstcables.com\/vi\/","name":"TST Cable supplier & Manufacture","description":"TST CABLES  supplier &amp; Manufacture official website","publisher":{"@id":"https:\/\/www.tstcables.com\/vi\/#organization"},"potentialAction":[{"@type":"SearchAction","target":{"@type":"EntryPoint","urlTemplate":"https:\/\/www.tstcables.com\/vi\/?s={search_term_string}"},"query-input":{"@type":"PropertyValueSpecification","valueRequired":true,"valueName":"search_term_string"}}],"inLanguage":"vi-VN"},{"@type":"Organization","@id":"https:\/\/www.tstcables.com\/vi\/#organization","name":"TST Cable supplier & Manufacture","url":"https:\/\/www.tstcables.com\/vi\/","logo":{"@type":"ImageObject","inLanguage":"vi-VN","@id":"https:\/\/www.tstcables.com\/vi\/#\/schema\/logo\/image\/","url":"https:\/\/www.tstcables.com\/wp-content\/uploads\/2024\/04\/cropped-\u753b\u677f-1-\u62f7\u8d1d-4-1.png","contentUrl":"https:\/\/www.tstcables.com\/wp-content\/uploads\/2024\/04\/cropped-\u753b\u677f-1-\u62f7\u8d1d-4-1.png","width":300,"height":100,"caption":"TST Cable supplier & Manufacture"},"image":{"@id":"https:\/\/www.tstcables.com\/vi\/#\/schema\/logo\/image\/"}}]}},"_links":{"self":[{"href":"https:\/\/www.tstcables.com\/vi\/wp-json\/wp\/v2\/product\/21052","targetHints":{"allow":["GET"]}}],"collection":[{"href":"https:\/\/www.tstcables.com\/vi\/wp-json\/wp\/v2\/product"}],"about":[{"href":"https:\/\/www.tstcables.com\/vi\/wp-json\/wp\/v2\/types\/product"}],"version-history":[{"count":0,"href":"https:\/\/www.tstcables.com\/vi\/wp-json\/wp\/v2\/product\/21052\/revisions"}],"wp:featuredmedia":[{"embeddable":true,"href":"https:\/\/www.tstcables.com\/vi\/wp-json\/wp\/v2\/media\/10760"}],"wp:attachment":[{"href":"https:\/\/www.tstcables.com\/vi\/wp-json\/wp\/v2\/media?parent=21052"}],"wp:term":[{"taxonomy":"product_brand","embeddable":true,"href":"https:\/\/www.tstcables.com\/vi\/wp-json\/wp\/v2\/product_brand?post=21052"},{"taxonomy":"product_cat","embeddable":true,"href":"https:\/\/www.tstcables.com\/vi\/wp-json\/wp\/v2\/product_cat?post=21052"},{"taxonomy":"product_tag","embeddable":true,"href":"https:\/\/www.tstcables.com\/vi\/wp-json\/wp\/v2\/product_tag?post=21052"}],"curies":[{"name":"wp","href":"https:\/\/api.w.org\/{rel}","templated":true}]}}