{"id":21056,"date":"2024-03-23T18:58:31","date_gmt":"2024-03-23T10:58:31","guid":{"rendered":"https:\/\/www.tstcables.com\/product\/cap-truyen-thong-can-bus-rs485-rs422\/"},"modified":"2024-03-23T18:58:31","modified_gmt":"2024-03-23T10:58:31","slug":"cap-truyen-thong-can-bus-rs485-rs422","status":"publish","type":"product","link":"https:\/\/www.tstcables.com\/vi\/product\/cap-truyen-thong-can-bus-rs485-rs422\/","title":{"rendered":"C\u00e1p truy\u1ec1n th\u00f4ng CAN BUS\/RS485\/RS422"},"content":{"rendered":"<p>\u1ee8ng d\u1ee5ng:<\/p>\n<p>Giao ti\u1ebfp gi\u1eefa c\u00e1c b\u1ed9 ph\u1eadn kh\u00e1c nhau trong \u00f4 t\u00f4<\/p>\n<p>\u0110\u1eb7c \u0111i\u1ec3m:<\/p>\n<ul>\n<li>\u0110i\u1ec7n \u00e1p \u0111\u1ecbnh m\u1ee9c: 300VAC<\/li>\n<li>Ph\u1ea1m vi nhi\u1ec7t \u0111\u1ed9: -40\u00b0C \u0111\u1ebfn 90\u00b0C<\/li>\n<li>B\u00e1n k\u00ednh u\u1ed1n: 6D (D d\u00f9ng \u0111\u1ec3 ch\u1ec9 \u0111\u01b0\u1eddng k\u00ednh ngo\u00e0i c\u1ee7a c\u00e1p)<\/li>\n<li>Tr\u1edf kh\u00e1ng \u0111\u1eb7c tr\u01b0ng: 120\u03a9+12\u03a9 (0,75 ~ 3 MHz)<\/li>\n<li>\u0110\u1ed3ng b\u1ea1c<\/li>\n<li>Ch\u1ed1ng oxy h\u00f3a<\/li>\n<li>\u0110\u1ed9 d\u1eabn \u0111i\u1ec7n cao<\/li>\n<li>Ch\u1ed1ng m\u00e0i m\u00f2n<\/li>\n<li>Ch\u1ed1ng oxy h\u00f3a<\/li>\n<li>Kh\u00f4ng bi\u1ebfn d\u1ea1ng<\/li>\n<\/ul>\n<p>K\u1ebft c\u1ea5u:<\/p>\n<ul>\n<li>D\u00e2y d\u1eabn: D\u00e2y d\u1eabn b\u1eb1ng \u0111\u1ed3ng \u0111\u00f3ng h\u1ed9p, c\u1ea5u tr\u00fac lo\u1ea1i 5.<\/li>\n<li>V\u1eadt li\u1ec7u c\u00e1ch nhi\u1ec7t: V\u1eadt li\u1ec7u c\u00e1ch nhi\u1ec7t Polyethylene.<\/li>\n<li>B\u0103ng polyester.<\/li>\n<li>Che ch\u1eafn: L\u00e1 nh\u00f4m + Che ch\u1eafn b\u1ec7n.<\/li>\n<li>\u00c1o kho\u00e1c\/v\u1ecf b\u1ecdc: Polyolef li\u00ean k\u1ebft ngang \u0111\u01b0\u1ee3c chi\u1ebfu x\u1ea1<\/li>\n<li>trong v\u1eadt li\u1ec7u v\u1ecf.<\/li>\n<\/ul>\n<p>Tham s\u1ed1 l\u1ef1a ch\u1ecdn<\/p>\n<style type=\"text\/css\">\n.tg  {border-collapse:collapse;border-color:#ccc;border-spacing:0;}<br \/>.tg td{background-color:#fff;border-color:#ccc;border-style:solid;border-width:1px;color:#333;<br \/>  font-family:Arial, sans-serif;font-size:14px;overflow:hidden;padding:10px 5px;word-break:normal;}<br \/>.tg th{background-color:#f0f0f0;border-color:#ccc;border-style:solid;border-width:1px;color:#333;<br \/>  font-family:Arial, sans-serif;font-size:14px;font-weight:normal;overflow:hidden;padding:10px 5px;word-break:normal;}<br \/>.tg .tg-0pky{border-color:inherit;text-align:left;vertical-align:top}<br \/>.tg .tg-0lax{text-align:left;vertical-align:top}<br \/><\/style>\n<table class=\"tg\">\n<thead>\n<tr>\n<th class=\"tg-0pky\" rowspan=\"2\">Th\u00f4ng s\u1ed1 m\u1eabu<\/th>\n<th class=\"tg-0pky\" rowspan=\"2\"><span style=\"color: #000;\">\u0110\u01b0\u1eddng k\u00ednh d\u00e2y d\u1eabn \uff08mm<\/span><\/th>\n<th class=\"tg-0pky\" rowspan=\"2\"><span style=\"color: #000;\">\u0110\u01b0\u1eddng k\u00ednh c\u00e1ch nhi\u1ec7t \uff08mm<\/span><\/th>\n<th class=\"tg-0pky\" colspan=\"2\"><span style=\"color: #000;\">\u0110\u01b0\u1eddng k\u00ednh ngo\u00e0i(D)<\/span><\/th>\n<th class=\"tg-0pky\" rowspan=\"2\"><span style=\"color: #000;\">Tr\u1ecdng l\u01b0\u1ee3ng c\u00e1p trung b\u00ecnh Kg\/km<\/span><\/th>\n<th class=\"tg-0pky\" rowspan=\"2\"><span style=\"color: #000;\">Gi\u00e1 tr\u1ecb nhi\u1ec7t \u0111\u1ed1t KJ\/m<\/span><\/th>\n<\/tr>\n<tr>\n<th class=\"tg-0pky\"><span style=\"color: #000;\">Min.mm<\/span><\/th>\n<th class=\"tg-0pky\"><span style=\"color: #000;\">Max.mm<\/span><\/th>\n<\/tr>\n<\/thead>\n<tbody>\n<tr>\n<td class=\"tg-0pky\"><span style=\"color: #000;\">2x2x26AWG(Lo\u1ea1i \u0111\u1eb7c)<\/span><\/td>\n<td class=\"tg-0pky\"><span style=\"color: #000;\">0.48<\/span><\/td>\n<td class=\"tg-0pky\"><span style=\"color: #000;\">1.2<\/span><\/td>\n<td class=\"tg-0pky\"><span style=\"color: #000;\">6.2<\/span><\/td>\n<td class=\"tg-0pky\"><span style=\"color: #000;\">6.8<\/span><\/td>\n<td class=\"tg-0pky\"><span style=\"color: #000;\">43<\/span><\/td>\n<td class=\"tg-0pky\"><span style=\"color: #000;\">380<\/span><\/td>\n<\/tr>\n<tr>\n<td class=\"tg-0pky\"><span style=\"color: #000;\">4x2x26AWG(Lo\u1ea1i \u0111\u1eb7c)<\/span><\/td>\n<td class=\"tg-0pky\"><span style=\"color: #000;\">0.48<\/span><\/td>\n<td class=\"tg-0pky\"><span style=\"color: #000;\">1.2<\/span><\/td>\n<td class=\"tg-0pky\"><span style=\"color: #000;\">7.2<\/span><\/td>\n<td class=\"tg-0pky\"><span style=\"color: #000;\">7.8<\/span><\/td>\n<td class=\"tg-0pky\"><span style=\"color: #000;\">64<\/span><\/td>\n<td class=\"tg-0pky\"><span style=\"color: #000;\">520<\/span><\/td>\n<\/tr>\n<tr>\n<td class=\"tg-0lax\"><span style=\"color: #000;\">2&#215;0,5+1&#215;0,5(Lo\u1ea1i b\u1ecdt)<\/span><\/td>\n<td class=\"tg-0lax\"><span style=\"color: #000;\">0.9<\/span><\/td>\n<td class=\"tg-0lax\"><span style=\"color: #000;\">2.4<\/span><\/td>\n<td class=\"tg-0lax\"><span style=\"color: #000;\">6.7<\/span><\/td>\n<td class=\"tg-0lax\"><span style=\"color: #000;\">7.2<\/span><\/td>\n<td class=\"tg-0lax\"><span style=\"color: #000;\">68<\/span><\/td>\n<td class=\"tg-0lax\"><span style=\"color: #000;\">1250<\/span><\/td>\n<\/tr>\n<tr>\n<td class=\"tg-0lax\"><span style=\"color: #000;\">4&#215;0,5 (Lo\u1ea1i r\u1eafn)<\/span><\/td>\n<td class=\"tg-0lax\"><span style=\"color: #000;\">0.9<\/span><\/td>\n<td class=\"tg-0lax\"><span style=\"color: #000;\">2.9<\/span><\/td>\n<td class=\"tg-0lax\"><span style=\"color: #000;\">9<\/span><\/td>\n<td class=\"tg-0lax\"><span style=\"color: #000;\">9.5<\/span><\/td>\n<td class=\"tg-0lax\"><span style=\"color: #000;\">96<\/span><\/td>\n<td class=\"tg-0lax\"><span style=\"color: #000;\">1560<\/span><\/td>\n<\/tr>\n<tr>\n<td class=\"tg-0lax\"><span style=\"color: #000;\">4&#215;0,75 (Lo\u1ea1i r\u1eafn)<\/span><\/td>\n<td class=\"tg-0lax\"><span style=\"color: #000;\">1.15<\/span><\/td>\n<td class=\"tg-0lax\"><span style=\"color: #000;\">3.4<\/span><\/td>\n<td class=\"tg-0lax\"><span style=\"color: #000;\">10.2<\/span><\/td>\n<td class=\"tg-0lax\"><span style=\"color: #000;\">10.8<\/span><\/td>\n<td class=\"tg-0lax\"><span style=\"color: #000;\">128<\/span><\/td>\n<td class=\"tg-0lax\"><span style=\"color: #000;\">1720<\/span><\/td>\n<\/tr>\n<\/tbody>\n<\/table>\n","protected":false},"excerpt":{"rendered":"<p>M\u1ea1ng khu v\u1ef1c \u0111i\u1ec1u khi\u1ec3n (CAN) l\u00e0 bus giao th\u1ee9c truy\u1ec1n th\u00f4ng n\u1ed1i ti\u1ebfp \u0111\u01b0\u1ee3c s\u1eed d\u1ee5ng cho c\u00e1c \u1ee9ng d\u1ee5ng th\u1eddi gian th\u1ef1c. N\u00f3 \u0111\u01b0\u1ee3c s\u1eed d\u1ee5ng \u0111\u1ec3 li\u00ean l\u1ea1c gi\u1eefa c\u00e1c b\u1ed9 ph\u1eadn kh\u00e1c nhau trong \u00f4 t\u00f4 \u0111\u1ec3 thay th\u1ebf c\u00e1c d\u00e2y d\u1eabn ph\u00e2n ph\u1ed1i \u0111\u1eaft ti\u1ec1n v\u00e0 c\u1ed3ng k\u1ec1nh. C\u00e1c t\u00ednh n\u0103ng bao g\u1ed3m truy\u1ec1n d\u1eef li\u1ec7u n\u1ed1i ti\u1ebfp ho\u00e0n ch\u1ec9nh, h\u1ed7 tr\u1ee3 th\u1eddi gian th\u1ef1c, t\u1ed1c \u0111\u1ed9 truy\u1ec1n l\u00ean t\u1edbi 1Mb\/s, kh\u1ea3 n\u0103ng \u0111\u00e1nh \u0111\u1ecba ch\u1ec9 11 bit \u0111\u1ed3ng th\u1eddi v\u00e0 ph\u00e1t hi\u1ec7n l\u1ed7i.<\/p>\n","protected":false},"featured_media":12536,"template":"","meta":{"_eb_attr":"","site-sidebar-layout":"default","site-content-layout":"","ast-site-content-layout":"default","site-content-style":"default","site-sidebar-style":"default","ast-global-header-display":"","ast-banner-title-visibility":"","ast-main-header-display":"","ast-hfb-above-header-display":"","ast-hfb-below-header-display":"","ast-hfb-mobile-header-display":"","site-post-title":"","ast-breadcrumbs-content":"","ast-featured-img":"","footer-sml-layout":"","theme-transparent-header-meta":"default","adv-header-id-meta":"","stick-header-meta":"","header-above-stick-meta":"","header-main-stick-meta":"","header-below-stick-meta":"","astra-migrate-meta-layouts":"default","ast-page-background-enabled":"default","ast-page-background-meta":{"desktop":{"background-color":"","background-image":"","background-repeat":"repeat","background-position":"center center","background-size":"auto","background-attachment":"scroll","background-type":"","background-media":"","overlay-type":"","overlay-color":"","overlay-opacity":"","overlay-gradient":""},"tablet":{"background-color":"","background-image":"","background-repeat":"repeat","background-position":"center center","background-size":"auto","background-attachment":"scroll","background-type":"","background-media":"","overlay-type":"","overlay-color":"","overlay-opacity":"","overlay-gradient":""},"mobile":{"background-color":"","background-image":"","background-repeat":"repeat","background-position":"center center","background-size":"auto","background-attachment":"scroll","background-type":"","background-media":"","overlay-type":"","overlay-color":"","overlay-opacity":"","overlay-gradient":""}},"ast-content-background-meta":{"desktop":{"background-color":"var(--ast-global-color-5)","background-image":"","background-repeat":"repeat","background-position":"center center","background-size":"auto","background-attachment":"scroll","background-type":"","background-media":"","overlay-type":"","overlay-color":"","overlay-opacity":"","overlay-gradient":""},"tablet":{"background-color":"var(--ast-global-color-5)","background-image":"","background-repeat":"repeat","background-position":"center center","background-size":"auto","background-attachment":"scroll","background-type":"","background-media":"","overlay-type":"","overlay-color":"","overlay-opacity":"","overlay-gradient":""},"mobile":{"background-color":"var(--ast-global-color-5)","background-image":"","background-repeat":"repeat","background-position":"center center","background-size":"auto","background-attachment":"scroll","background-type":"","background-media":"","overlay-type":"","overlay-color":"","overlay-opacity":"","overlay-gradient":""}}},"product_brand":[],"product_cat":[833,836,842,827,828,829,830,834,825,835,832,847],"product_tag":[1983,1986,1985,1982,1984],"class_list":{"0":"post-21056","1":"product","2":"type-product","3":"status-publish","4":"has-post-thumbnail","6":"product_cat-lsoh-cable-vi","7":"product_cat-oil-gas-vi","8":"product_cat-rail-way-vi","9":"product_cat-enstandard-cable-vi","10":"product_cat-en50264-vi","11":"product_cat-en50306-vi","12":"product_cat-en50382-vi","13":"product_cat-marine-vi","14":"product_cat-aviation-vi","15":"product_cat-nuclear-vi","16":"product_cat-ice-standard-vi","17":"product_cat-wind-power-vi","18":"product_tag-cap-co-the","19":"product_tag-cap-rs422","20":"product_tag-cap-rs485","21":"product_tag-cap-truyen-thong","22":"product_tag-cap-xe-buyt","23":"desktop-align-center","24":"tablet-align-left","25":"mobile-align-left","27":"first","28":"instock","29":"shipping-taxable","30":"product-type-simple"},"yoast_head":"<!-- This site is optimized with the Yoast SEO plugin v27.5 - https:\/\/yoast.com\/product\/yoast-seo-wordpress\/ -->\n<title>C\u00e1p truy\u1ec1n th\u00f4ng CAN BUS\/RS485\/RS422<\/title>\n<meta name=\"description\" content=\"M\u1ea1ng khu v\u1ef1c \u0111i\u1ec1u khi\u1ec3n (CAN) l\u00e0 bus giao th\u1ee9c truy\u1ec1n th\u00f4ng n\u1ed1i ti\u1ebfp \u0111\u01b0\u1ee3c s\u1eed d\u1ee5ng cho c\u00e1c \u1ee9ng d\u1ee5ng th\u1eddi gian th\u1ef1c.\" \/>\n<meta name=\"robots\" content=\"index, follow, max-snippet:-1, max-image-preview:large, max-video-preview:-1\" \/>\n<link rel=\"canonical\" href=\"https:\/\/www.tstcables.com\/vi\/product\/cap-truyen-thong-can-bus-rs485-rs422\/\" \/>\n<meta property=\"og:locale\" content=\"vi_VN\" \/>\n<meta property=\"og:type\" content=\"article\" \/>\n<meta property=\"og:title\" content=\"C\u00e1p truy\u1ec1n th\u00f4ng CAN BUS\/RS485\/RS422\" \/>\n<meta property=\"og:description\" content=\"M\u1ea1ng khu v\u1ef1c \u0111i\u1ec1u khi\u1ec3n (CAN) l\u00e0 bus giao th\u1ee9c truy\u1ec1n th\u00f4ng n\u1ed1i ti\u1ebfp \u0111\u01b0\u1ee3c s\u1eed d\u1ee5ng cho c\u00e1c \u1ee9ng d\u1ee5ng th\u1eddi gian th\u1ef1c.\" \/>\n<meta property=\"og:url\" content=\"https:\/\/www.tstcables.com\/vi\/product\/cap-truyen-thong-can-bus-rs485-rs422\/\" \/>\n<meta property=\"og:site_name\" content=\"TST CABLES supplier &amp; Manufacture\" \/>\n<meta property=\"og:image\" content=\"https:\/\/www.tstcables.com\/wp-content\/uploads\/2024\/03\/5-7.jpg\" \/>\n\t<meta property=\"og:image:width\" content=\"640\" \/>\n\t<meta property=\"og:image:height\" content=\"640\" \/>\n\t<meta property=\"og:image:type\" content=\"image\/jpeg\" \/>\n<meta name=\"twitter:card\" content=\"summary_large_image\" \/>\n<meta name=\"twitter:label1\" content=\"Est. reading time\" \/>\n\t<meta name=\"twitter:data1\" content=\"1 minute\" \/>\n<script type=\"application\/ld+json\" class=\"yoast-schema-graph\">{\"@context\":\"https:\\\/\\\/schema.org\",\"@graph\":[{\"@type\":\"WebPage\",\"@id\":\"https:\\\/\\\/www.tstcables.com\\\/vi\\\/product\\\/cap-truyen-thong-can-bus-rs485-rs422\\\/\",\"url\":\"https:\\\/\\\/www.tstcables.com\\\/vi\\\/product\\\/cap-truyen-thong-can-bus-rs485-rs422\\\/\",\"name\":\"C\u00e1p truy\u1ec1n th\u00f4ng CAN BUS\\\/RS485\\\/RS422\",\"isPartOf\":{\"@id\":\"https:\\\/\\\/www.tstcables.com\\\/vi\\\/#website\"},\"primaryImageOfPage\":{\"@id\":\"https:\\\/\\\/www.tstcables.com\\\/vi\\\/product\\\/cap-truyen-thong-can-bus-rs485-rs422\\\/#primaryimage\"},\"image\":{\"@id\":\"https:\\\/\\\/www.tstcables.com\\\/vi\\\/product\\\/cap-truyen-thong-can-bus-rs485-rs422\\\/#primaryimage\"},\"thumbnailUrl\":\"https:\\\/\\\/www.tstcables.com\\\/wp-content\\\/uploads\\\/2024\\\/03\\\/5-7.jpg\",\"datePublished\":\"2024-03-23T10:58:31+00:00\",\"description\":\"M\u1ea1ng khu v\u1ef1c \u0111i\u1ec1u khi\u1ec3n (CAN) l\u00e0 bus giao th\u1ee9c truy\u1ec1n th\u00f4ng n\u1ed1i ti\u1ebfp \u0111\u01b0\u1ee3c s\u1eed d\u1ee5ng cho c\u00e1c \u1ee9ng d\u1ee5ng th\u1eddi gian th\u1ef1c.\",\"breadcrumb\":{\"@id\":\"https:\\\/\\\/www.tstcables.com\\\/vi\\\/product\\\/cap-truyen-thong-can-bus-rs485-rs422\\\/#breadcrumb\"},\"inLanguage\":\"vi-VN\",\"potentialAction\":[{\"@type\":\"ReadAction\",\"target\":[\"https:\\\/\\\/www.tstcables.com\\\/vi\\\/product\\\/cap-truyen-thong-can-bus-rs485-rs422\\\/\"]}]},{\"@type\":\"ImageObject\",\"inLanguage\":\"vi-VN\",\"@id\":\"https:\\\/\\\/www.tstcables.com\\\/vi\\\/product\\\/cap-truyen-thong-can-bus-rs485-rs422\\\/#primaryimage\",\"url\":\"https:\\\/\\\/www.tstcables.com\\\/wp-content\\\/uploads\\\/2024\\\/03\\\/5-7.jpg\",\"contentUrl\":\"https:\\\/\\\/www.tstcables.com\\\/wp-content\\\/uploads\\\/2024\\\/03\\\/5-7.jpg\",\"width\":640,\"height\":640,\"caption\":\"CAN BUS\\\/RS485\\\/RS422 communication cable\"},{\"@type\":\"BreadcrumbList\",\"@id\":\"https:\\\/\\\/www.tstcables.com\\\/vi\\\/product\\\/cap-truyen-thong-can-bus-rs485-rs422\\\/#breadcrumb\",\"itemListElement\":[{\"@type\":\"ListItem\",\"position\":1,\"name\":\"\u9996\u9875\",\"item\":\"https:\\\/\\\/www.tstcables.com\\\/vi\\\/\"},{\"@type\":\"ListItem\",\"position\":2,\"name\":\"Product\",\"item\":\"https:\\\/\\\/www.tstcables.com\\\/product\\\/\"},{\"@type\":\"ListItem\",\"position\":3,\"name\":\"C\u00e1p truy\u1ec1n th\u00f4ng CAN BUS\\\/RS485\\\/RS422\"}]},{\"@type\":\"WebSite\",\"@id\":\"https:\\\/\\\/www.tstcables.com\\\/vi\\\/#website\",\"url\":\"https:\\\/\\\/www.tstcables.com\\\/vi\\\/\",\"name\":\"TST Cable supplier & Manufacture\",\"description\":\"TST CABLES  supplier &amp; Manufacture official website\",\"publisher\":{\"@id\":\"https:\\\/\\\/www.tstcables.com\\\/vi\\\/#organization\"},\"potentialAction\":[{\"@type\":\"SearchAction\",\"target\":{\"@type\":\"EntryPoint\",\"urlTemplate\":\"https:\\\/\\\/www.tstcables.com\\\/vi\\\/?s={search_term_string}\"},\"query-input\":{\"@type\":\"PropertyValueSpecification\",\"valueRequired\":true,\"valueName\":\"search_term_string\"}}],\"inLanguage\":\"vi-VN\"},{\"@type\":\"Organization\",\"@id\":\"https:\\\/\\\/www.tstcables.com\\\/vi\\\/#organization\",\"name\":\"TST Cable supplier & Manufacture\",\"url\":\"https:\\\/\\\/www.tstcables.com\\\/vi\\\/\",\"logo\":{\"@type\":\"ImageObject\",\"inLanguage\":\"vi-VN\",\"@id\":\"https:\\\/\\\/www.tstcables.com\\\/vi\\\/#\\\/schema\\\/logo\\\/image\\\/\",\"url\":\"https:\\\/\\\/www.tstcables.com\\\/wp-content\\\/uploads\\\/2024\\\/04\\\/cropped-\u753b\u677f-1-\u62f7\u8d1d-4-1.png\",\"contentUrl\":\"https:\\\/\\\/www.tstcables.com\\\/wp-content\\\/uploads\\\/2024\\\/04\\\/cropped-\u753b\u677f-1-\u62f7\u8d1d-4-1.png\",\"width\":300,\"height\":100,\"caption\":\"TST Cable supplier & Manufacture\"},\"image\":{\"@id\":\"https:\\\/\\\/www.tstcables.com\\\/vi\\\/#\\\/schema\\\/logo\\\/image\\\/\"}}]}<\/script>\n<!-- \/ Yoast SEO plugin. -->","yoast_head_json":{"title":"C\u00e1p truy\u1ec1n th\u00f4ng CAN BUS\/RS485\/RS422","description":"M\u1ea1ng khu v\u1ef1c \u0111i\u1ec1u khi\u1ec3n (CAN) l\u00e0 bus giao th\u1ee9c truy\u1ec1n th\u00f4ng n\u1ed1i ti\u1ebfp \u0111\u01b0\u1ee3c s\u1eed d\u1ee5ng cho c\u00e1c \u1ee9ng d\u1ee5ng th\u1eddi gian th\u1ef1c.","robots":{"index":"index","follow":"follow","max-snippet":"max-snippet:-1","max-image-preview":"max-image-preview:large","max-video-preview":"max-video-preview:-1"},"canonical":"https:\/\/www.tstcables.com\/vi\/product\/cap-truyen-thong-can-bus-rs485-rs422\/","og_locale":"vi_VN","og_type":"article","og_title":"C\u00e1p truy\u1ec1n th\u00f4ng CAN BUS\/RS485\/RS422","og_description":"M\u1ea1ng khu v\u1ef1c \u0111i\u1ec1u khi\u1ec3n (CAN) l\u00e0 bus giao th\u1ee9c truy\u1ec1n th\u00f4ng n\u1ed1i ti\u1ebfp \u0111\u01b0\u1ee3c s\u1eed d\u1ee5ng cho c\u00e1c \u1ee9ng d\u1ee5ng th\u1eddi gian th\u1ef1c.","og_url":"https:\/\/www.tstcables.com\/vi\/product\/cap-truyen-thong-can-bus-rs485-rs422\/","og_site_name":"TST CABLES supplier &amp; Manufacture","og_image":[{"width":640,"height":640,"url":"https:\/\/www.tstcables.com\/wp-content\/uploads\/2024\/03\/5-7.jpg","type":"image\/jpeg"}],"twitter_card":"summary_large_image","twitter_misc":{"Est. reading time":"1 minute"},"schema":{"@context":"https:\/\/schema.org","@graph":[{"@type":"WebPage","@id":"https:\/\/www.tstcables.com\/vi\/product\/cap-truyen-thong-can-bus-rs485-rs422\/","url":"https:\/\/www.tstcables.com\/vi\/product\/cap-truyen-thong-can-bus-rs485-rs422\/","name":"C\u00e1p truy\u1ec1n th\u00f4ng CAN BUS\/RS485\/RS422","isPartOf":{"@id":"https:\/\/www.tstcables.com\/vi\/#website"},"primaryImageOfPage":{"@id":"https:\/\/www.tstcables.com\/vi\/product\/cap-truyen-thong-can-bus-rs485-rs422\/#primaryimage"},"image":{"@id":"https:\/\/www.tstcables.com\/vi\/product\/cap-truyen-thong-can-bus-rs485-rs422\/#primaryimage"},"thumbnailUrl":"https:\/\/www.tstcables.com\/wp-content\/uploads\/2024\/03\/5-7.jpg","datePublished":"2024-03-23T10:58:31+00:00","description":"M\u1ea1ng khu v\u1ef1c \u0111i\u1ec1u khi\u1ec3n (CAN) l\u00e0 bus giao th\u1ee9c truy\u1ec1n th\u00f4ng n\u1ed1i ti\u1ebfp \u0111\u01b0\u1ee3c s\u1eed d\u1ee5ng cho c\u00e1c \u1ee9ng d\u1ee5ng th\u1eddi gian th\u1ef1c.","breadcrumb":{"@id":"https:\/\/www.tstcables.com\/vi\/product\/cap-truyen-thong-can-bus-rs485-rs422\/#breadcrumb"},"inLanguage":"vi-VN","potentialAction":[{"@type":"ReadAction","target":["https:\/\/www.tstcables.com\/vi\/product\/cap-truyen-thong-can-bus-rs485-rs422\/"]}]},{"@type":"ImageObject","inLanguage":"vi-VN","@id":"https:\/\/www.tstcables.com\/vi\/product\/cap-truyen-thong-can-bus-rs485-rs422\/#primaryimage","url":"https:\/\/www.tstcables.com\/wp-content\/uploads\/2024\/03\/5-7.jpg","contentUrl":"https:\/\/www.tstcables.com\/wp-content\/uploads\/2024\/03\/5-7.jpg","width":640,"height":640,"caption":"CAN BUS\/RS485\/RS422 communication cable"},{"@type":"BreadcrumbList","@id":"https:\/\/www.tstcables.com\/vi\/product\/cap-truyen-thong-can-bus-rs485-rs422\/#breadcrumb","itemListElement":[{"@type":"ListItem","position":1,"name":"\u9996\u9875","item":"https:\/\/www.tstcables.com\/vi\/"},{"@type":"ListItem","position":2,"name":"Product","item":"https:\/\/www.tstcables.com\/product\/"},{"@type":"ListItem","position":3,"name":"C\u00e1p truy\u1ec1n th\u00f4ng CAN BUS\/RS485\/RS422"}]},{"@type":"WebSite","@id":"https:\/\/www.tstcables.com\/vi\/#website","url":"https:\/\/www.tstcables.com\/vi\/","name":"TST Cable supplier & Manufacture","description":"TST CABLES  supplier &amp; Manufacture official website","publisher":{"@id":"https:\/\/www.tstcables.com\/vi\/#organization"},"potentialAction":[{"@type":"SearchAction","target":{"@type":"EntryPoint","urlTemplate":"https:\/\/www.tstcables.com\/vi\/?s={search_term_string}"},"query-input":{"@type":"PropertyValueSpecification","valueRequired":true,"valueName":"search_term_string"}}],"inLanguage":"vi-VN"},{"@type":"Organization","@id":"https:\/\/www.tstcables.com\/vi\/#organization","name":"TST Cable supplier & Manufacture","url":"https:\/\/www.tstcables.com\/vi\/","logo":{"@type":"ImageObject","inLanguage":"vi-VN","@id":"https:\/\/www.tstcables.com\/vi\/#\/schema\/logo\/image\/","url":"https:\/\/www.tstcables.com\/wp-content\/uploads\/2024\/04\/cropped-\u753b\u677f-1-\u62f7\u8d1d-4-1.png","contentUrl":"https:\/\/www.tstcables.com\/wp-content\/uploads\/2024\/04\/cropped-\u753b\u677f-1-\u62f7\u8d1d-4-1.png","width":300,"height":100,"caption":"TST Cable supplier & Manufacture"},"image":{"@id":"https:\/\/www.tstcables.com\/vi\/#\/schema\/logo\/image\/"}}]}},"_links":{"self":[{"href":"https:\/\/www.tstcables.com\/vi\/wp-json\/wp\/v2\/product\/21056","targetHints":{"allow":["GET"]}}],"collection":[{"href":"https:\/\/www.tstcables.com\/vi\/wp-json\/wp\/v2\/product"}],"about":[{"href":"https:\/\/www.tstcables.com\/vi\/wp-json\/wp\/v2\/types\/product"}],"version-history":[{"count":0,"href":"https:\/\/www.tstcables.com\/vi\/wp-json\/wp\/v2\/product\/21056\/revisions"}],"wp:featuredmedia":[{"embeddable":true,"href":"https:\/\/www.tstcables.com\/vi\/wp-json\/wp\/v2\/media\/12536"}],"wp:attachment":[{"href":"https:\/\/www.tstcables.com\/vi\/wp-json\/wp\/v2\/media?parent=21056"}],"wp:term":[{"taxonomy":"product_brand","embeddable":true,"href":"https:\/\/www.tstcables.com\/vi\/wp-json\/wp\/v2\/product_brand?post=21056"},{"taxonomy":"product_cat","embeddable":true,"href":"https:\/\/www.tstcables.com\/vi\/wp-json\/wp\/v2\/product_cat?post=21056"},{"taxonomy":"product_tag","embeddable":true,"href":"https:\/\/www.tstcables.com\/vi\/wp-json\/wp\/v2\/product_tag?post=21056"}],"curies":[{"name":"wp","href":"https:\/\/api.w.org\/{rel}","templated":true}]}}