{"id":21060,"date":"2024-03-23T18:44:07","date_gmt":"2024-03-23T10:44:07","guid":{"rendered":"https:\/\/www.tstcables.com\/product\/cap-duoc-bao-ve-pi-chong-chay-chiu-nhiet-do-cao\/"},"modified":"2024-03-23T18:44:07","modified_gmt":"2024-03-23T10:44:07","slug":"cap-duoc-bao-ve-pi-chong-chay-chiu-nhiet-do-cao","status":"publish","type":"product","link":"https:\/\/www.tstcables.com\/vi\/product\/cap-duoc-bao-ve-pi-chong-chay-chiu-nhiet-do-cao\/","title":{"rendered":"C\u00e1p \u0111\u01b0\u1ee3c b\u1ea3o v\u1ec7 PI ch\u1ed1ng ch\u00e1y ch\u1ecbu nhi\u1ec7t \u0111\u1ed9 cao"},"content":{"rendered":"<p><strong><b>Gi\u01a1i thi\u00ea\u0323u sa\u0309n ph\u00e2\u0309m:<\/b><\/strong><\/p>\n<p>C\u00e1p \u0111\u01b0\u1ee3c b\u1ea3o v\u1ec7 ch\u1ed1ng ch\u00e1y PI ch\u1ed1ng b\u1ee9c x\u1ea1 ch\u1ecbu nhi\u1ec7t \u0111\u1ed9 cao c\u00f3 \u00edt kh\u00f3i, kh\u00f4ng halogen, ch\u1ed1ng ch\u00e1y, ch\u1ecbu nhi\u1ec7t \u0111\u1ed9 cao v\u00e0 th\u1ea5p, ch\u1ed1ng b\u1ee9c x\u1ea1 v\u00e0 t\u00ednh ch\u1ea5t c\u01a1 h\u1ecdc t\u1ed1t.<\/p>\n<p>So v\u1edbi c\u00e1p PI (polyimide) c\u1ea5u tr\u00fac b\u1ecdc truy\u1ec1n th\u1ed1ng, chu\u1ed7i ph\u00e2n t\u1eed PI (polyimide) \u00e9p \u0111\u00f9n d\u00e0y \u0111\u1eb7c h\u01a1n, gi\u00fap gi\u1ea3i quy\u1ebft c\u00e1c khuy\u1ebft t\u1eadt nh\u01b0 ch\u00e2n kh\u00f4ng v\u00e0 m\u1eaft h\u1ed9t, \u0111\u1ed3ng th\u1eddi c\u1ea3i thi\u1ec7n \u0111\u00e1ng k\u1ec3 \u0111\u1eb7c t\u00ednh \u0111i\u1ec7n \u00e1p c\u1ee7a s\u1ea3n ph\u1ea9m.<\/p>\n<p>&nbsp;<\/p>\n<p><strong><b>Ti\u00eau chu\u1ea9n c\u00f4ng nghi\u1ec7p<\/b><\/strong><\/p>\n<ul>\n<li>EN45545-2<\/li>\n<\/ul>\n<p><strong><b>T\u00ednh n\u0103ng s\u1ea3n ph\u1ea9m:<\/b><\/strong><\/p>\n<ol>\n<li>Kh\u1ea3 n\u0103ng ch\u1ecbu nhi\u1ec7t \u0111\u1ed9 d\u00e0i h\u1ea1n: -50-220oC<\/li>\n<li>Ch\u1ecbu \u0111\u01b0\u1ee3c c\u1ea5p \u0111i\u1ec7n \u00e1p: 300V 600V<\/li>\n<li>Kh\u1ea3 n\u0103ng ch\u1ed1ng b\u1ee9c x\u1ea1 gamma: 850KGy, c\u00f3 th\u1ec3 s\u1eed d\u1ee5ng l\u00e2u d\u00e0i.&gt;<\/li>\n<li>Ch\u1ea5t ch\u1ed1ng ch\u00e1y kh\u00f4ng ch\u1ee9a halogen \u00edt kh\u00f3i:<\/li>\n<\/ol>\n<p>&nbsp;<\/p>\n<p><strong><b>C\u00e1c th\u00f4ng s\u1ed1 k\u1ef9 thu\u1eadt<\/b><\/strong><\/p>\n<table class=\"tg\">\n<thead>\n<tr>\n<th class=\"tg-uzvj\">S\u1ed1 l\u00f5i v\u00e0 m\u1eb7t c\u1eaft danh ngh\u0129a<\/th>\n<th class=\"tg-uzvj\">\u0110\u1ed9 d\u00e0y t\u1ed1i thi\u1ec3u c\u1ee7a v\u1ecf b\u1ecdc<\/th>\n<th class=\"tg-uzvj\" colspan=\"2\">\u0110\u01b0\u1eddng k\u00ednh ngo\u00e0i c\u1ee7a c\u00e1p D<\/th>\n<th class=\"tg-uzvj\">\u0110i\u1ec7n tr\u1edf d\u00e2y d\u1eabn 20oC<\/th>\n<th class=\"tg-uzvj\">Tr\u1ecdng l\u01b0\u1ee3ng trung b\u00ecnh<\/th>\n<\/tr>\n<\/thead>\n<tbody>\n<tr>\n<td class=\"tg-uzvj\">mm2<\/td>\n<td class=\"tg-uzvj\">mm<\/td>\n<td class=\"tg-uzvj\">Minmm<\/td>\n<td class=\"tg-uzvj\">Max mm<\/td>\n<td class=\"tg-uzvj\">Max \u03a9\/km<\/td>\n<td class=\"tg-uzvj\">Kg\/km<\/td>\n<\/tr>\n<tr>\n<td class=\"tg-c3ow\">2*0.06<\/td>\n<td class=\"tg-9wq8\">0.25<\/td>\n<td class=\"tg-9wq8\">1.9<\/td>\n<td class=\"tg-9wq8\">2<\/td>\n<td class=\"tg-9wq8\">330<\/td>\n<td class=\"tg-9wq8\">3.78<\/td>\n<\/tr>\n<tr>\n<td class=\"tg-c3ow\">2*0.08<\/td>\n<td class=\"tg-9wq8\">0.25<\/td>\n<td class=\"tg-9wq8\">2.05<\/td>\n<td class=\"tg-9wq8\">2.15<\/td>\n<td class=\"tg-9wq8\">227<\/td>\n<td class=\"tg-9wq8\">4.52<\/td>\n<\/tr>\n<tr>\n<td class=\"tg-c3ow\">2*0.14<\/td>\n<td class=\"tg-9wq8\">0.25<\/td>\n<td class=\"tg-9wq8\">2.3<\/td>\n<td class=\"tg-9wq8\">2.4<\/td>\n<td class=\"tg-9wq8\">126<\/td>\n<td class=\"tg-9wq8\">6.29<\/td>\n<\/tr>\n<tr>\n<td class=\"tg-c3ow\">2*0.2<\/td>\n<td class=\"tg-9wq8\">0.25<\/td>\n<td class=\"tg-9wq8\">2.5<\/td>\n<td class=\"tg-9wq8\">2.6<\/td>\n<td class=\"tg-9wq8\">83.5<\/td>\n<td class=\"tg-9wq8\">7.88<\/td>\n<\/tr>\n<tr>\n<td class=\"tg-c3ow\">2*0.35<\/td>\n<td class=\"tg-9wq8\">0.25<\/td>\n<td class=\"tg-9wq8\">2.8<\/td>\n<td class=\"tg-9wq8\">2.9<\/td>\n<td class=\"tg-9wq8\">49.5<\/td>\n<td class=\"tg-9wq8\">10.67<\/td>\n<\/tr>\n<tr>\n<td class=\"tg-c3ow\">2*0.5<\/td>\n<td class=\"tg-9wq8\">0.25<\/td>\n<td class=\"tg-9wq8\">3.1<\/td>\n<td class=\"tg-9wq8\">3.2<\/td>\n<td class=\"tg-9wq8\">40.1<\/td>\n<td class=\"tg-9wq8\">13.94<\/td>\n<\/tr>\n<tr>\n<td class=\"tg-c3ow\">3*0.06<\/td>\n<td class=\"tg-9wq8\">0.25<\/td>\n<td class=\"tg-9wq8\">2<\/td>\n<td class=\"tg-9wq8\">2.1<\/td>\n<td class=\"tg-9wq8\">330<\/td>\n<td class=\"tg-9wq8\">4.85<\/td>\n<\/tr>\n<tr>\n<td class=\"tg-c3ow\">3*0.08<\/td>\n<td class=\"tg-9wq8\">0.25<\/td>\n<td class=\"tg-9wq8\">2.15<\/td>\n<td class=\"tg-9wq8\">2.25<\/td>\n<td class=\"tg-9wq8\">227<\/td>\n<td class=\"tg-9wq8\">5.82<\/td>\n<\/tr>\n<tr>\n<td class=\"tg-c3ow\">3*0.14<\/td>\n<td class=\"tg-9wq8\">0.25<\/td>\n<td class=\"tg-9wq8\">2.45<\/td>\n<td class=\"tg-9wq8\">2.55<\/td>\n<td class=\"tg-9wq8\">126<\/td>\n<td class=\"tg-9wq8\">8.43<\/td>\n<\/tr>\n<tr>\n<td class=\"tg-baqh\">3*0.2<\/td>\n<td class=\"tg-nrix\">0.25<\/td>\n<td class=\"tg-nrix\">2.65<\/td>\n<td class=\"tg-nrix\">2.75<\/td>\n<td class=\"tg-nrix\">83.5<\/td>\n<td class=\"tg-nrix\">10.72<\/td>\n<\/tr>\n<tr>\n<td class=\"tg-baqh\">3*0.35<\/td>\n<td class=\"tg-nrix\">0.25<\/td>\n<td class=\"tg-nrix\">3<\/td>\n<td class=\"tg-nrix\">3.1<\/td>\n<td class=\"tg-nrix\">49.5<\/td>\n<td class=\"tg-nrix\">14.76<\/td>\n<\/tr>\n<tr>\n<td class=\"tg-baqh\">3*0.5<\/td>\n<td class=\"tg-nrix\">0.25<\/td>\n<td class=\"tg-nrix\">3.3<\/td>\n<td class=\"tg-nrix\">3.4<\/td>\n<td class=\"tg-nrix\">40.1<\/td>\n<td class=\"tg-nrix\">19.52<\/td>\n<\/tr>\n<tr>\n<td class=\"tg-baqh\">4*0.06<\/td>\n<td class=\"tg-nrix\">0.25<\/td>\n<td class=\"tg-nrix\">2.2<\/td>\n<td class=\"tg-nrix\">2.3<\/td>\n<td class=\"tg-nrix\">330<\/td>\n<td class=\"tg-nrix\">6.01<\/td>\n<\/tr>\n<tr>\n<td class=\"tg-baqh\">4*0.08<\/td>\n<td class=\"tg-nrix\">0.25<\/td>\n<td class=\"tg-nrix\">2.35<\/td>\n<td class=\"tg-nrix\">2.45<\/td>\n<td class=\"tg-nrix\">227<\/td>\n<td class=\"tg-nrix\">7.26<\/td>\n<\/tr>\n<tr>\n<td class=\"tg-baqh\">4*0.14<\/td>\n<td class=\"tg-nrix\">0.25<\/td>\n<td class=\"tg-nrix\">2.65<\/td>\n<td class=\"tg-nrix\">2.75<\/td>\n<td class=\"tg-nrix\">126<\/td>\n<td class=\"tg-nrix\">10.69<\/td>\n<\/tr>\n<tr>\n<td class=\"tg-baqh\">4*0.2<\/td>\n<td class=\"tg-nrix\">0.25<\/td>\n<td class=\"tg-nrix\">2.9<\/td>\n<td class=\"tg-nrix\">3<\/td>\n<td class=\"tg-nrix\">83.5<\/td>\n<td class=\"tg-nrix\">13.68<\/td>\n<\/tr>\n<tr>\n<td class=\"tg-baqh\">4*0.35<\/td>\n<td class=\"tg-nrix\">0.25<\/td>\n<td class=\"tg-nrix\">3.3<\/td>\n<td class=\"tg-nrix\">3.4<\/td>\n<td class=\"tg-nrix\">49.5<\/td>\n<td class=\"tg-nrix\">18.98<\/td>\n<\/tr>\n<tr>\n<td class=\"tg-baqh\">4*0.5<\/td>\n<td class=\"tg-nrix\">0.25<\/td>\n<td class=\"tg-nrix\">3.65<\/td>\n<td class=\"tg-nrix\">3.75<\/td>\n<td class=\"tg-nrix\">40.1<\/td>\n<td class=\"tg-nrix\">25.25<\/td>\n<\/tr>\n<tr>\n<td class=\"tg-baqh\">5*0.06<\/td>\n<td class=\"tg-nrix\">0.25<\/td>\n<td class=\"tg-nrix\">2.4<\/td>\n<td class=\"tg-nrix\">2.5<\/td>\n<td class=\"tg-nrix\">330<\/td>\n<td class=\"tg-nrix\">7.19<\/td>\n<\/tr>\n<tr>\n<td class=\"tg-baqh\">5*0.08<\/td>\n<td class=\"tg-nrix\">0.25<\/td>\n<td class=\"tg-nrix\">2.55<\/td>\n<td class=\"tg-nrix\">2.65<\/td>\n<td class=\"tg-nrix\">227<\/td>\n<td class=\"tg-nrix\">8.73<\/td>\n<\/tr>\n<tr>\n<td class=\"tg-baqh\">5*0.14<\/td>\n<td class=\"tg-nrix\">0.25<\/td>\n<td class=\"tg-nrix\">2.95<\/td>\n<td class=\"tg-nrix\">3.05<\/td>\n<td class=\"tg-nrix\">126<\/td>\n<td class=\"tg-nrix\">12.95<\/td>\n<\/tr>\n<tr>\n<td class=\"tg-baqh\">5*0.2<\/td>\n<td class=\"tg-nrix\">0.25<\/td>\n<td class=\"tg-nrix\">3.2<\/td>\n<td class=\"tg-nrix\">3.3<\/td>\n<td class=\"tg-nrix\">83.5<\/td>\n<td class=\"tg-nrix\">16.66<\/td>\n<\/tr>\n<tr>\n<td class=\"tg-baqh\">5*0.35<\/td>\n<td class=\"tg-nrix\">0.25<\/td>\n<td class=\"tg-nrix\">3.6<\/td>\n<td class=\"tg-nrix\">3.7<\/td>\n<td class=\"tg-nrix\">49.5<\/td>\n<td class=\"tg-nrix\">23.25<\/td>\n<\/tr>\n<\/tbody>\n<\/table>\n","protected":false},"excerpt":{"rendered":"<p>C\u00e1p \u0111\u01b0\u1ee3c b\u1ea3o v\u1ec7 ch\u1ed1ng ch\u00e1y PI ch\u1ed1ng b\u1ee9c x\u1ea1 ch\u1ecbu nhi\u1ec7t \u0111\u1ed9 cao c\u00f3 \u00edt kh\u00f3i, kh\u00f4ng halogen, ch\u1ed1ng ch\u00e1y, ch\u1ecbu nhi\u1ec7t \u0111\u1ed9 cao v\u00e0 th\u1ea5p, ch\u1ed1ng b\u1ee9c x\u1ea1 v\u00e0 t\u00ednh ch\u1ea5t c\u01a1 h\u1ecdc t\u1ed1t.<\/p>\n","protected":false},"featured_media":12584,"template":"","meta":{"_eb_attr":"","site-sidebar-layout":"default","site-content-layout":"","ast-site-content-layout":"default","site-content-style":"default","site-sidebar-style":"default","ast-global-header-display":"","ast-banner-title-visibility":"","ast-main-header-display":"","ast-hfb-above-header-display":"","ast-hfb-below-header-display":"","ast-hfb-mobile-header-display":"","site-post-title":"","ast-breadcrumbs-content":"","ast-featured-img":"","footer-sml-layout":"","theme-transparent-header-meta":"default","adv-header-id-meta":"","stick-header-meta":"","header-above-stick-meta":"","header-main-stick-meta":"","header-below-stick-meta":"","astra-migrate-meta-layouts":"default","ast-page-background-enabled":"default","ast-page-background-meta":{"desktop":{"background-color":"","background-image":"","background-repeat":"repeat","background-position":"center center","background-size":"auto","background-attachment":"scroll","background-type":"","background-media":"","overlay-type":"","overlay-color":"","overlay-opacity":"","overlay-gradient":""},"tablet":{"background-color":"","background-image":"","background-repeat":"repeat","background-position":"center center","background-size":"auto","background-attachment":"scroll","background-type":"","background-media":"","overlay-type":"","overlay-color":"","overlay-opacity":"","overlay-gradient":""},"mobile":{"background-color":"","background-image":"","background-repeat":"repeat","background-position":"center center","background-size":"auto","background-attachment":"scroll","background-type":"","background-media":"","overlay-type":"","overlay-color":"","overlay-opacity":"","overlay-gradient":""}},"ast-content-background-meta":{"desktop":{"background-color":"var(--ast-global-color-5)","background-image":"","background-repeat":"repeat","background-position":"center center","background-size":"auto","background-attachment":"scroll","background-type":"","background-media":"","overlay-type":"","overlay-color":"","overlay-opacity":"","overlay-gradient":""},"tablet":{"background-color":"var(--ast-global-color-5)","background-image":"","background-repeat":"repeat","background-position":"center center","background-size":"auto","background-attachment":"scroll","background-type":"","background-media":"","overlay-type":"","overlay-color":"","overlay-opacity":"","overlay-gradient":""},"mobile":{"background-color":"var(--ast-global-color-5)","background-image":"","background-repeat":"repeat","background-position":"center center","background-size":"auto","background-attachment":"scroll","background-type":"","background-media":"","overlay-type":"","overlay-color":"","overlay-opacity":"","overlay-gradient":""}}},"product_brand":[],"product_cat":[841,833,831,2006,1923,827,835,832],"product_tag":[2015,2016],"class_list":{"0":"post-21060","1":"product","2":"type-product","3":"status-publish","4":"has-post-thumbnail","6":"product_cat-radiation-resistant-cable-vi","7":"product_cat-lsoh-cable-vi","8":"product_cat-high-temperature-cable-vi","9":"product_cat-cap-pi","10":"product_cat-cap-trong-luong-nhe","11":"product_cat-enstandard-cable-vi","12":"product_cat-nuclear-vi","13":"product_cat-ice-standard-vi","14":"product_tag-cap-pi-polyimide","15":"product_tag-cap-pi-th-j-aii-220","16":"desktop-align-center","17":"tablet-align-left","18":"mobile-align-left","20":"first","21":"instock","22":"shipping-taxable","23":"product-type-simple"},"yoast_head":"<!-- This site is optimized with the Yoast SEO plugin v27.3 - https:\/\/yoast.com\/product\/yoast-seo-wordpress\/ -->\n<title>C\u00e1p \u0111\u01b0\u1ee3c b\u1ea3o v\u1ec7 PI ch\u1ed1ng ch\u00e1y ch\u1ecbu nhi\u1ec7t \u0111\u1ed9 cao<\/title>\n<meta name=\"description\" content=\"C\u00e1p \u0111\u01b0\u1ee3c b\u1ea3o v\u1ec7 PI ch\u1ed1ng ch\u00e1y ch\u1ecbu nhi\u1ec7t \u0111\u1ed9 cao c\u00f3 kh\u1ea3 n\u0103ng ch\u1ed1ng b\u1ee9c x\u1ea1 th\u1ea5p, kh\u00f4ng ch\u1ee9a halogen.\" \/>\n<meta name=\"robots\" content=\"index, follow, max-snippet:-1, max-image-preview:large, max-video-preview:-1\" \/>\n<link rel=\"canonical\" href=\"https:\/\/www.tstcables.com\/vi\/product\/cap-duoc-bao-ve-pi-chong-chay-chiu-nhiet-do-cao\/\" \/>\n<meta property=\"og:locale\" content=\"vi_VN\" \/>\n<meta property=\"og:type\" content=\"article\" \/>\n<meta property=\"og:title\" content=\"C\u00e1p \u0111\u01b0\u1ee3c b\u1ea3o v\u1ec7 PI ch\u1ed1ng ch\u00e1y ch\u1ecbu nhi\u1ec7t \u0111\u1ed9 cao\" \/>\n<meta property=\"og:description\" content=\"C\u00e1p \u0111\u01b0\u1ee3c b\u1ea3o v\u1ec7 PI ch\u1ed1ng ch\u00e1y ch\u1ecbu nhi\u1ec7t \u0111\u1ed9 cao c\u00f3 kh\u1ea3 n\u0103ng ch\u1ed1ng b\u1ee9c x\u1ea1 th\u1ea5p, kh\u00f4ng ch\u1ee9a halogen.\" \/>\n<meta property=\"og:url\" content=\"https:\/\/www.tstcables.com\/vi\/product\/cap-duoc-bao-ve-pi-chong-chay-chiu-nhiet-do-cao\/\" \/>\n<meta property=\"og:site_name\" content=\"TST CABLES supplier &amp; Manufacture\" \/>\n<meta property=\"og:image\" content=\"https:\/\/www.tstcables.com\/wp-content\/uploads\/2024\/03\/1-12.jpg\" \/>\n\t<meta property=\"og:image:width\" content=\"750\" \/>\n\t<meta property=\"og:image:height\" content=\"750\" \/>\n\t<meta property=\"og:image:type\" content=\"image\/jpeg\" \/>\n<meta name=\"twitter:card\" content=\"summary_large_image\" \/>\n<meta name=\"twitter:label1\" content=\"Est. reading time\" \/>\n\t<meta name=\"twitter:data1\" content=\"1 minute\" \/>\n<script type=\"application\/ld+json\" class=\"yoast-schema-graph\">{\"@context\":\"https:\\\/\\\/schema.org\",\"@graph\":[{\"@type\":\"WebPage\",\"@id\":\"https:\\\/\\\/www.tstcables.com\\\/vi\\\/product\\\/cap-duoc-bao-ve-pi-chong-chay-chiu-nhiet-do-cao\\\/\",\"url\":\"https:\\\/\\\/www.tstcables.com\\\/vi\\\/product\\\/cap-duoc-bao-ve-pi-chong-chay-chiu-nhiet-do-cao\\\/\",\"name\":\"C\u00e1p \u0111\u01b0\u1ee3c b\u1ea3o v\u1ec7 PI ch\u1ed1ng ch\u00e1y ch\u1ecbu nhi\u1ec7t \u0111\u1ed9 cao\",\"isPartOf\":{\"@id\":\"https:\\\/\\\/www.tstcables.com\\\/vi\\\/#website\"},\"primaryImageOfPage\":{\"@id\":\"https:\\\/\\\/www.tstcables.com\\\/vi\\\/product\\\/cap-duoc-bao-ve-pi-chong-chay-chiu-nhiet-do-cao\\\/#primaryimage\"},\"image\":{\"@id\":\"https:\\\/\\\/www.tstcables.com\\\/vi\\\/product\\\/cap-duoc-bao-ve-pi-chong-chay-chiu-nhiet-do-cao\\\/#primaryimage\"},\"thumbnailUrl\":\"https:\\\/\\\/www.tstcables.com\\\/wp-content\\\/uploads\\\/2024\\\/03\\\/1-12.jpg\",\"datePublished\":\"2024-03-23T10:44:07+00:00\",\"description\":\"C\u00e1p \u0111\u01b0\u1ee3c b\u1ea3o v\u1ec7 PI ch\u1ed1ng ch\u00e1y ch\u1ecbu nhi\u1ec7t \u0111\u1ed9 cao c\u00f3 kh\u1ea3 n\u0103ng ch\u1ed1ng b\u1ee9c x\u1ea1 th\u1ea5p, kh\u00f4ng ch\u1ee9a halogen.\",\"breadcrumb\":{\"@id\":\"https:\\\/\\\/www.tstcables.com\\\/vi\\\/product\\\/cap-duoc-bao-ve-pi-chong-chay-chiu-nhiet-do-cao\\\/#breadcrumb\"},\"inLanguage\":\"vi-VN\",\"potentialAction\":[{\"@type\":\"ReadAction\",\"target\":[\"https:\\\/\\\/www.tstcables.com\\\/vi\\\/product\\\/cap-duoc-bao-ve-pi-chong-chay-chiu-nhiet-do-cao\\\/\"]}]},{\"@type\":\"ImageObject\",\"inLanguage\":\"vi-VN\",\"@id\":\"https:\\\/\\\/www.tstcables.com\\\/vi\\\/product\\\/cap-duoc-bao-ve-pi-chong-chay-chiu-nhiet-do-cao\\\/#primaryimage\",\"url\":\"https:\\\/\\\/www.tstcables.com\\\/wp-content\\\/uploads\\\/2024\\\/03\\\/1-12.jpg\",\"contentUrl\":\"https:\\\/\\\/www.tstcables.com\\\/wp-content\\\/uploads\\\/2024\\\/03\\\/1-12.jpg\",\"width\":750,\"height\":750,\"caption\":\"PEEK single core sheathed cable AK200\"},{\"@type\":\"BreadcrumbList\",\"@id\":\"https:\\\/\\\/www.tstcables.com\\\/vi\\\/product\\\/cap-duoc-bao-ve-pi-chong-chay-chiu-nhiet-do-cao\\\/#breadcrumb\",\"itemListElement\":[{\"@type\":\"ListItem\",\"position\":1,\"name\":\"\u9996\u9875\",\"item\":\"https:\\\/\\\/www.tstcables.com\\\/vi\\\/\"},{\"@type\":\"ListItem\",\"position\":2,\"name\":\"Product\",\"item\":\"https:\\\/\\\/www.tstcables.com\\\/product\\\/\"},{\"@type\":\"ListItem\",\"position\":3,\"name\":\"C\u00e1p \u0111\u01b0\u1ee3c b\u1ea3o v\u1ec7 PI ch\u1ed1ng ch\u00e1y ch\u1ecbu nhi\u1ec7t \u0111\u1ed9 cao\"}]},{\"@type\":\"WebSite\",\"@id\":\"https:\\\/\\\/www.tstcables.com\\\/vi\\\/#website\",\"url\":\"https:\\\/\\\/www.tstcables.com\\\/vi\\\/\",\"name\":\"TST Cable supplier & Manufacture\",\"description\":\"TST CABLES  supplier &amp; Manufacture official website\",\"publisher\":{\"@id\":\"https:\\\/\\\/www.tstcables.com\\\/vi\\\/#organization\"},\"potentialAction\":[{\"@type\":\"SearchAction\",\"target\":{\"@type\":\"EntryPoint\",\"urlTemplate\":\"https:\\\/\\\/www.tstcables.com\\\/vi\\\/?s={search_term_string}\"},\"query-input\":{\"@type\":\"PropertyValueSpecification\",\"valueRequired\":true,\"valueName\":\"search_term_string\"}}],\"inLanguage\":\"vi-VN\"},{\"@type\":\"Organization\",\"@id\":\"https:\\\/\\\/www.tstcables.com\\\/vi\\\/#organization\",\"name\":\"TST Cable supplier & Manufacture\",\"url\":\"https:\\\/\\\/www.tstcables.com\\\/vi\\\/\",\"logo\":{\"@type\":\"ImageObject\",\"inLanguage\":\"vi-VN\",\"@id\":\"https:\\\/\\\/www.tstcables.com\\\/vi\\\/#\\\/schema\\\/logo\\\/image\\\/\",\"url\":\"https:\\\/\\\/www.tstcables.com\\\/wp-content\\\/uploads\\\/2024\\\/04\\\/cropped-\u753b\u677f-1-\u62f7\u8d1d-4-1.png\",\"contentUrl\":\"https:\\\/\\\/www.tstcables.com\\\/wp-content\\\/uploads\\\/2024\\\/04\\\/cropped-\u753b\u677f-1-\u62f7\u8d1d-4-1.png\",\"width\":300,\"height\":100,\"caption\":\"TST Cable supplier & Manufacture\"},\"image\":{\"@id\":\"https:\\\/\\\/www.tstcables.com\\\/vi\\\/#\\\/schema\\\/logo\\\/image\\\/\"}}]}<\/script>\n<!-- \/ Yoast SEO plugin. -->","yoast_head_json":{"title":"C\u00e1p \u0111\u01b0\u1ee3c b\u1ea3o v\u1ec7 PI ch\u1ed1ng ch\u00e1y ch\u1ecbu nhi\u1ec7t \u0111\u1ed9 cao","description":"C\u00e1p \u0111\u01b0\u1ee3c b\u1ea3o v\u1ec7 PI ch\u1ed1ng ch\u00e1y ch\u1ecbu nhi\u1ec7t \u0111\u1ed9 cao c\u00f3 kh\u1ea3 n\u0103ng ch\u1ed1ng b\u1ee9c x\u1ea1 th\u1ea5p, kh\u00f4ng ch\u1ee9a halogen.","robots":{"index":"index","follow":"follow","max-snippet":"max-snippet:-1","max-image-preview":"max-image-preview:large","max-video-preview":"max-video-preview:-1"},"canonical":"https:\/\/www.tstcables.com\/vi\/product\/cap-duoc-bao-ve-pi-chong-chay-chiu-nhiet-do-cao\/","og_locale":"vi_VN","og_type":"article","og_title":"C\u00e1p \u0111\u01b0\u1ee3c b\u1ea3o v\u1ec7 PI ch\u1ed1ng ch\u00e1y ch\u1ecbu nhi\u1ec7t \u0111\u1ed9 cao","og_description":"C\u00e1p \u0111\u01b0\u1ee3c b\u1ea3o v\u1ec7 PI ch\u1ed1ng ch\u00e1y ch\u1ecbu nhi\u1ec7t \u0111\u1ed9 cao c\u00f3 kh\u1ea3 n\u0103ng ch\u1ed1ng b\u1ee9c x\u1ea1 th\u1ea5p, kh\u00f4ng ch\u1ee9a halogen.","og_url":"https:\/\/www.tstcables.com\/vi\/product\/cap-duoc-bao-ve-pi-chong-chay-chiu-nhiet-do-cao\/","og_site_name":"TST CABLES supplier &amp; Manufacture","og_image":[{"width":750,"height":750,"url":"https:\/\/www.tstcables.com\/wp-content\/uploads\/2024\/03\/1-12.jpg","type":"image\/jpeg"}],"twitter_card":"summary_large_image","twitter_misc":{"Est. reading time":"1 minute"},"schema":{"@context":"https:\/\/schema.org","@graph":[{"@type":"WebPage","@id":"https:\/\/www.tstcables.com\/vi\/product\/cap-duoc-bao-ve-pi-chong-chay-chiu-nhiet-do-cao\/","url":"https:\/\/www.tstcables.com\/vi\/product\/cap-duoc-bao-ve-pi-chong-chay-chiu-nhiet-do-cao\/","name":"C\u00e1p \u0111\u01b0\u1ee3c b\u1ea3o v\u1ec7 PI ch\u1ed1ng ch\u00e1y ch\u1ecbu nhi\u1ec7t \u0111\u1ed9 cao","isPartOf":{"@id":"https:\/\/www.tstcables.com\/vi\/#website"},"primaryImageOfPage":{"@id":"https:\/\/www.tstcables.com\/vi\/product\/cap-duoc-bao-ve-pi-chong-chay-chiu-nhiet-do-cao\/#primaryimage"},"image":{"@id":"https:\/\/www.tstcables.com\/vi\/product\/cap-duoc-bao-ve-pi-chong-chay-chiu-nhiet-do-cao\/#primaryimage"},"thumbnailUrl":"https:\/\/www.tstcables.com\/wp-content\/uploads\/2024\/03\/1-12.jpg","datePublished":"2024-03-23T10:44:07+00:00","description":"C\u00e1p \u0111\u01b0\u1ee3c b\u1ea3o v\u1ec7 PI ch\u1ed1ng ch\u00e1y ch\u1ecbu nhi\u1ec7t \u0111\u1ed9 cao c\u00f3 kh\u1ea3 n\u0103ng ch\u1ed1ng b\u1ee9c x\u1ea1 th\u1ea5p, kh\u00f4ng ch\u1ee9a halogen.","breadcrumb":{"@id":"https:\/\/www.tstcables.com\/vi\/product\/cap-duoc-bao-ve-pi-chong-chay-chiu-nhiet-do-cao\/#breadcrumb"},"inLanguage":"vi-VN","potentialAction":[{"@type":"ReadAction","target":["https:\/\/www.tstcables.com\/vi\/product\/cap-duoc-bao-ve-pi-chong-chay-chiu-nhiet-do-cao\/"]}]},{"@type":"ImageObject","inLanguage":"vi-VN","@id":"https:\/\/www.tstcables.com\/vi\/product\/cap-duoc-bao-ve-pi-chong-chay-chiu-nhiet-do-cao\/#primaryimage","url":"https:\/\/www.tstcables.com\/wp-content\/uploads\/2024\/03\/1-12.jpg","contentUrl":"https:\/\/www.tstcables.com\/wp-content\/uploads\/2024\/03\/1-12.jpg","width":750,"height":750,"caption":"PEEK single core sheathed cable AK200"},{"@type":"BreadcrumbList","@id":"https:\/\/www.tstcables.com\/vi\/product\/cap-duoc-bao-ve-pi-chong-chay-chiu-nhiet-do-cao\/#breadcrumb","itemListElement":[{"@type":"ListItem","position":1,"name":"\u9996\u9875","item":"https:\/\/www.tstcables.com\/vi\/"},{"@type":"ListItem","position":2,"name":"Product","item":"https:\/\/www.tstcables.com\/product\/"},{"@type":"ListItem","position":3,"name":"C\u00e1p \u0111\u01b0\u1ee3c b\u1ea3o v\u1ec7 PI ch\u1ed1ng ch\u00e1y ch\u1ecbu nhi\u1ec7t \u0111\u1ed9 cao"}]},{"@type":"WebSite","@id":"https:\/\/www.tstcables.com\/vi\/#website","url":"https:\/\/www.tstcables.com\/vi\/","name":"TST Cable supplier & Manufacture","description":"TST CABLES  supplier &amp; Manufacture official website","publisher":{"@id":"https:\/\/www.tstcables.com\/vi\/#organization"},"potentialAction":[{"@type":"SearchAction","target":{"@type":"EntryPoint","urlTemplate":"https:\/\/www.tstcables.com\/vi\/?s={search_term_string}"},"query-input":{"@type":"PropertyValueSpecification","valueRequired":true,"valueName":"search_term_string"}}],"inLanguage":"vi-VN"},{"@type":"Organization","@id":"https:\/\/www.tstcables.com\/vi\/#organization","name":"TST Cable supplier & Manufacture","url":"https:\/\/www.tstcables.com\/vi\/","logo":{"@type":"ImageObject","inLanguage":"vi-VN","@id":"https:\/\/www.tstcables.com\/vi\/#\/schema\/logo\/image\/","url":"https:\/\/www.tstcables.com\/wp-content\/uploads\/2024\/04\/cropped-\u753b\u677f-1-\u62f7\u8d1d-4-1.png","contentUrl":"https:\/\/www.tstcables.com\/wp-content\/uploads\/2024\/04\/cropped-\u753b\u677f-1-\u62f7\u8d1d-4-1.png","width":300,"height":100,"caption":"TST Cable supplier & Manufacture"},"image":{"@id":"https:\/\/www.tstcables.com\/vi\/#\/schema\/logo\/image\/"}}]}},"_links":{"self":[{"href":"https:\/\/www.tstcables.com\/vi\/wp-json\/wp\/v2\/product\/21060","targetHints":{"allow":["GET"]}}],"collection":[{"href":"https:\/\/www.tstcables.com\/vi\/wp-json\/wp\/v2\/product"}],"about":[{"href":"https:\/\/www.tstcables.com\/vi\/wp-json\/wp\/v2\/types\/product"}],"version-history":[{"count":0,"href":"https:\/\/www.tstcables.com\/vi\/wp-json\/wp\/v2\/product\/21060\/revisions"}],"wp:featuredmedia":[{"embeddable":true,"href":"https:\/\/www.tstcables.com\/vi\/wp-json\/wp\/v2\/media\/12584"}],"wp:attachment":[{"href":"https:\/\/www.tstcables.com\/vi\/wp-json\/wp\/v2\/media?parent=21060"}],"wp:term":[{"taxonomy":"product_brand","embeddable":true,"href":"https:\/\/www.tstcables.com\/vi\/wp-json\/wp\/v2\/product_brand?post=21060"},{"taxonomy":"product_cat","embeddable":true,"href":"https:\/\/www.tstcables.com\/vi\/wp-json\/wp\/v2\/product_cat?post=21060"},{"taxonomy":"product_tag","embeddable":true,"href":"https:\/\/www.tstcables.com\/vi\/wp-json\/wp\/v2\/product_tag?post=21060"}],"curies":[{"name":"wp","href":"https:\/\/api.w.org\/{rel}","templated":true}]}}