{"id":21061,"date":"2024-03-23T17:44:19","date_gmt":"2024-03-23T09:44:19","guid":{"rendered":"https:\/\/www.tstcables.com\/product\/cap-cam-bien-toc-do-hall\/"},"modified":"2024-03-23T17:44:19","modified_gmt":"2024-03-23T09:44:19","slug":"cap-cam-bien-toc-do-hall","status":"publish","type":"product","link":"https:\/\/www.tstcables.com\/vi\/product\/cap-cam-bien-toc-do-hall\/","title":{"rendered":"C\u00e1p c\u1ea3m bi\u1ebfn t\u1ed1c \u0111\u1ed9 Hall"},"content":{"rendered":"<p>\u1ee8ng d\u1ee5ng:<\/p>\n<p>C\u00e1p c\u1ea3m bi\u1ebfn cho ph\u01b0\u01a1ng ti\u1ec7n \u0111\u01b0\u1eddng s\u1eaft ch\u1ee7 y\u1ebfu \u0111\u01b0\u1ee3c s\u1eed d\u1ee5ng \u0111\u1ec3 truy\u1ec1n t\u00edn hi\u1ec7u c\u1ea3m bi\u1ebfn t\u1ed1c \u0111\u1ed9 v\u00e0 truy\u1ec1n d\u1eef li\u1ec7u.<\/p>\n<p>\u0110\u1eb7c \u0111i\u1ec3m:<\/p>\n<ul>\n<li>Ch\u1ecbu nhi\u1ec7t \u0111\u1ed9: -50\u00b0C \u0111\u1ebfn 150\u00b0C<\/li>\n<li>\u0110\u1ecbnh m\u1ee9c \u0111i\u1ec7n \u00e1p: 750V (\u0110i\u1ec7n \u00e1p th\u1eed nghi\u1ec7m: 4000V\/5 ph\u00fat)<\/li>\n<li>Kh\u1ea3 n\u0103ng ch\u1ed1ng ch\u00e1y: Tu\u00e2n th\u1ee7 EN45545-2 R15\/R16 HL3<\/li>\n<li>\u0110\u1ed9 b\u1ec1n c\u00e1ch nhi\u1ec7t: &gt;30Mpa<\/li>\n<li>\u0110\u1ed9 b\u1ec1n v\u1ecf b\u1ecdc: 10Mpa&gt;<\/li>\n<li>B\u00e1n k\u00ednh u\u1ed1n c\u00e1p: 6 l\u1ea7n \u0111\u01b0\u1eddng k\u00ednh ngo\u00e0i (6D)<\/li>\n<li>M\u00e0u \u0111en<\/li>\n<li>\u0110\u1ed3ng b\u1ea1c<\/li>\n<li>Ch\u1ed1ng oxy h\u00f3a<\/li>\n<li>\u0110\u1ed9 d\u1eabn \u0111i\u1ec7n cao<\/li>\n<\/ul>\n<p>Ti\u00eau chu\u1ea9n c\u00f4ng nghi\u1ec7p:<\/p>\n<ul>\n<li>EN45545-2<\/li>\n<\/ul>\n<p>K\u1ebft c\u1ea5u:<\/p>\n<ul>\n<li>D\u00e2y d\u1eabn: D\u00e2y d\u1eabn b\u1eb1ng \u0111\u1ed3ng m\u1ea1 b\u1ea1c, c\u1ea5u tr\u00fac 5 l\u1edbp ho\u1eb7c 6 l\u1edbp.<\/li>\n<li>Ch\u1ea5t c\u00e1ch \u0111i\u1ec7n: copolyme kh\u00f4ng ch\u1ee9a halogen TST-1006.<\/li>\n<li>Che ch\u1eafn: B\u1ec7n \u0111\u1ed3ng m\u1ea1 thi\u1ebfc.<\/li>\n<li>\u00c1o kho\u00e1c\/v\u1ecf b\u1ecdc: Ch\u1ea5t \u0111\u00e0n h\u1ed3i cao su hai l\u1edbp.<\/li>\n<\/ul>\n<p>Tham s\u1ed1 l\u1ef1a ch\u1ecdn<\/p>\n<style type=\"text\/css\">\n.tg  {border-collapse:collapse;border-color:#ccc;border-spacing:0;}<br \/>.tg td{background-color:#fff;border-color:#ccc;border-style:solid;border-width:1px;color:#333;<br \/>  font-family:Arial, sans-serif;font-size:14px;overflow:hidden;padding:10px 5px;word-break:normal;}<br \/>.tg th{background-color:#f0f0f0;border-color:#ccc;border-style:solid;border-width:1px;color:#333;<br \/>  font-family:Arial, sans-serif;font-size:14px;font-weight:normal;overflow:hidden;padding:10px 5px;word-break:normal;}<br \/>.tg .tg-0pky{border-color:inherit;text-align:left;vertical-align:top}<br \/><\/style>\n<table class=\"tg\">\n<thead>\n<tr>\n<th class=\"tg-0pky\" rowspan=\"2\"><span style=\"color: #000;\">S\u1ed1 l\u00f5i * ti\u1ebft di\u1ec7n danh ngh\u0129a\/mm2<\/span><\/th>\n<th class=\"tg-0pky\" rowspan=\"2\"><span style=\"color: #000;\">\u0110\u1ed9 d\u00e0y c\u00e1ch nhi\u1ec7t\/mm<\/span><\/th>\n<th class=\"tg-0pky\"><span style=\"color: #000;\">\u0110\u01b0\u1eddng k\u00ednh ngo\u00e0i c\u00e1ch nhi\u1ec7t\/mm<\/span><\/th>\n<th class=\"tg-0pky\" colspan=\"2\"><span style=\"color: #000;\">\u0110\u1ed9 d\u00e0y v\u1ecf b\u1ecdc\/mm<\/span><\/th>\n<th class=\"tg-0pky\" colspan=\"2\"><span style=\"color: #000;\">Tr\u1ecdng l\u01b0\u1ee3ng trung b\u00ecnh KG\/Km<\/span><\/th>\n<\/tr>\n<tr>\n<th class=\"tg-0pky\"><span style=\"color: #000;\">1.4\u00b10.1<\/span><\/th>\n<th class=\"tg-0pky\"><span style=\"color: #000;\">4.5<\/span><\/th>\n<th class=\"tg-0pky\"><span style=\"color: #000;\">12.8\u00b10.3<\/span><\/th>\n<th class=\"tg-0pky\"><span style=\"color: #000;\">187.5<\/span><\/th>\n<th class=\"tg-0pky\"><span style=\"color: #000;\">2298<\/span><\/th>\n<\/tr>\n<\/thead>\n<tbody>\n<tr>\n<td class=\"tg-0pky\"><span style=\"color: #000;\">6&#215;0.5<\/span><\/td>\n<td class=\"tg-0pky\"><span style=\"color: #000;\">0.25\u00b10.05<\/span><\/td>\n<td class=\"tg-0pky\"><span style=\"color: #000;\">1.4\u00b10.1<\/span><\/td>\n<td class=\"tg-0pky\"><span style=\"color: #000;\">4<\/span><\/td>\n<td class=\"tg-0pky\"><span style=\"color: #000;\">12.8\u00b10.3<\/span><\/td>\n<td class=\"tg-0pky\"><span style=\"color: #000;\">191.6<\/span><\/td>\n<td class=\"tg-0pky\"><span style=\"color: #000;\">2467<\/span><\/td>\n<\/tr>\n<tr>\n<td class=\"tg-0pky\"><span style=\"color: #000;\">6&#215;1.0<\/span><\/td>\n<td class=\"tg-0pky\"><span style=\"color: #000;\">0.25\u00b10.05<\/span><\/td>\n<td class=\"tg-0pky\"><span style=\"color: #000;\">1.4\u00b10.1<\/span><\/td>\n<td class=\"tg-0pky\"><span style=\"color: #000;\">3.5<\/span><\/td>\n<td class=\"tg-0pky\"><span style=\"color: #000;\">12.8\u00b10.3<\/span><\/td>\n<td class=\"tg-0pky\"><span style=\"color: #000;\">215.4<\/span><\/td>\n<td class=\"tg-0pky\"><span style=\"color: #000;\">2916<\/span><\/td>\n<\/tr>\n<\/tbody>\n<\/table>\n","protected":false},"excerpt":{"rendered":"<p>C\u00e1p c\u1ea3m bi\u1ebfn t\u1ed1c \u0111\u1ed9 Hall cho ph\u01b0\u01a1ng ti\u1ec7n \u0111\u01b0\u1eddng s\u1eaft ch\u1ee7 y\u1ebfu \u0111\u01b0\u1ee3c s\u1eed d\u1ee5ng \u0111\u1ec3 truy\u1ec1n t\u00edn hi\u1ec7u v\u00e0 d\u1eef li\u1ec7u c\u1ea3m bi\u1ebfn t\u1ed1c \u0111\u1ed9. Nh\u1eefng lo\u1ea1i c\u00e1p n\u00e0y \u0111\u01b0\u1ee3c l\u00e0m b\u1eb1ng v\u1eadt li\u1ec7u linh ho\u1ea1t mang l\u1ea1i \u0111\u1ed9 b\u1ec1n k\u00e9o v\u00e0 \u0111\u1ed9 xo\u1eafn tuy\u1ec7t v\u1eddi. Ch\u00fang c\u00f3 kh\u1ea3 n\u0103ng ch\u1ed1ng d\u1ea7u, m\u00e0i m\u00f2n, m\u1ecfi v\u00e0 axit\/ki\u1ec1m, cho ph\u00e9p ch\u00fang duy tr\u00ec hi\u1ec7u su\u1ea5t t\u1ed1t trong m\u00f4i tr\u01b0\u1eddng l\u00e0m vi\u1ec7c ph\u1ee9c t\u1ea1p. \u0110i\u1ec1u n\u00e0y \u0111\u1ea3m b\u1ea3o \u0111\u1ed9 tin c\u1eady v\u00e0 \u1ed5n \u0111\u1ecbnh c\u1ee7a c\u00e1c k\u1ebft n\u1ed1i, ng\u0103n ch\u1eb7n hi\u1ec7u qu\u1ea3 t\u00ecnh tr\u1ea1ng gi\u00e1n \u0111o\u1ea1n t\u00edn hi\u1ec7u v\u00e0 c\u00e1c s\u1ef1 c\u1ed1 truy\u1ec1n t\u1ea3i. C\u00e1p c\u1ea3m bi\u1ebfn \u0111\u00f3ng m\u1ed9t vai tr\u00f2 quan tr\u1ecdng trong vi\u1ec7c duy tr\u00ec vi\u1ec7c truy\u1ec1n d\u1eef li\u1ec7u c\u1ea3m bi\u1ebfn kh\u00f4ng b\u1ecb gi\u00e1n \u0111o\u1ea1n v\u00e0 ch\u00ednh x\u00e1c trong c\u00e1c \u1ee9ng d\u1ee5ng ph\u01b0\u01a1ng ti\u1ec7n \u0111\u01b0\u1eddng s\u1eaft.<\/p>\n","protected":false},"featured_media":12912,"template":"","meta":{"_eb_attr":"","site-sidebar-layout":"default","site-content-layout":"","ast-site-content-layout":"default","site-content-style":"default","site-sidebar-style":"default","ast-global-header-display":"","ast-banner-title-visibility":"","ast-main-header-display":"","ast-hfb-above-header-display":"","ast-hfb-below-header-display":"","ast-hfb-mobile-header-display":"","site-post-title":"","ast-breadcrumbs-content":"","ast-featured-img":"","footer-sml-layout":"","theme-transparent-header-meta":"default","adv-header-id-meta":"","stick-header-meta":"","header-above-stick-meta":"","header-main-stick-meta":"","header-below-stick-meta":"","astra-migrate-meta-layouts":"default","ast-page-background-enabled":"default","ast-page-background-meta":{"desktop":{"background-color":"","background-image":"","background-repeat":"repeat","background-position":"center center","background-size":"auto","background-attachment":"scroll","background-type":"","background-media":"","overlay-type":"","overlay-color":"","overlay-opacity":"","overlay-gradient":""},"tablet":{"background-color":"","background-image":"","background-repeat":"repeat","background-position":"center center","background-size":"auto","background-attachment":"scroll","background-type":"","background-media":"","overlay-type":"","overlay-color":"","overlay-opacity":"","overlay-gradient":""},"mobile":{"background-color":"","background-image":"","background-repeat":"repeat","background-position":"center center","background-size":"auto","background-attachment":"scroll","background-type":"","background-media":"","overlay-type":"","overlay-color":"","overlay-opacity":"","overlay-gradient":""}},"ast-content-background-meta":{"desktop":{"background-color":"var(--ast-global-color-5)","background-image":"","background-repeat":"repeat","background-position":"center center","background-size":"auto","background-attachment":"scroll","background-type":"","background-media":"","overlay-type":"","overlay-color":"","overlay-opacity":"","overlay-gradient":""},"tablet":{"background-color":"var(--ast-global-color-5)","background-image":"","background-repeat":"repeat","background-position":"center center","background-size":"auto","background-attachment":"scroll","background-type":"","background-media":"","overlay-type":"","overlay-color":"","overlay-opacity":"","overlay-gradient":""},"mobile":{"background-color":"var(--ast-global-color-5)","background-image":"","background-repeat":"repeat","background-position":"center center","background-size":"auto","background-attachment":"scroll","background-type":"","background-media":"","overlay-type":"","overlay-color":"","overlay-opacity":"","overlay-gradient":""}}},"product_brand":[],"product_cat":[833,836,842,827,828,829,830,834,825,832,847],"product_tag":[1929,1930],"class_list":{"0":"post-21061","1":"product","2":"type-product","3":"status-publish","4":"has-post-thumbnail","6":"product_cat-lsoh-cable-vi","7":"product_cat-oil-gas-vi","8":"product_cat-rail-way-vi","9":"product_cat-enstandard-cable-vi","10":"product_cat-en50264-vi","11":"product_cat-en50306-vi","12":"product_cat-en50382-vi","13":"product_cat-marine-vi","14":"product_cat-aviation-vi","15":"product_cat-ice-standard-vi","16":"product_cat-wind-power-vi","17":"product_tag-cap-cam-bien-toc-do","18":"product_tag-cap-cam-bien-toc-do-hall","19":"desktop-align-center","20":"tablet-align-left","21":"mobile-align-left","23":"first","24":"instock","25":"shipping-taxable","26":"product-type-simple"},"yoast_head":"<!-- This site is optimized with the Yoast SEO plugin v27.4 - https:\/\/yoast.com\/product\/yoast-seo-wordpress\/ -->\n<title>C\u00e1p c\u1ea3m bi\u1ebfn t\u1ed1c \u0111\u1ed9 Hall<\/title>\n<meta name=\"description\" content=\"C\u00e1p c\u1ea3m bi\u1ebfn t\u1ed1c \u0111\u1ed9 Hall cho ph\u01b0\u01a1ng ti\u1ec7n \u0111\u01b0\u1eddng s\u1eaft ch\u1ee7 y\u1ebfu \u0111\u01b0\u1ee3c s\u1eed d\u1ee5ng \u0111\u1ec3 truy\u1ec1n t\u00edn hi\u1ec7u v\u00e0 d\u1eef li\u1ec7u c\u1ea3m bi\u1ebfn t\u1ed1c \u0111\u1ed9.\" \/>\n<meta name=\"robots\" content=\"index, follow, max-snippet:-1, max-image-preview:large, max-video-preview:-1\" \/>\n<link rel=\"canonical\" href=\"https:\/\/www.tstcables.com\/vi\/product\/cap-cam-bien-toc-do-hall\/\" \/>\n<meta property=\"og:locale\" content=\"vi_VN\" \/>\n<meta property=\"og:type\" content=\"article\" \/>\n<meta property=\"og:title\" content=\"C\u00e1p c\u1ea3m bi\u1ebfn t\u1ed1c \u0111\u1ed9 Hall\" \/>\n<meta property=\"og:description\" content=\"C\u00e1p c\u1ea3m bi\u1ebfn t\u1ed1c \u0111\u1ed9 Hall cho ph\u01b0\u01a1ng ti\u1ec7n \u0111\u01b0\u1eddng s\u1eaft ch\u1ee7 y\u1ebfu \u0111\u01b0\u1ee3c s\u1eed d\u1ee5ng \u0111\u1ec3 truy\u1ec1n t\u00edn hi\u1ec7u v\u00e0 d\u1eef li\u1ec7u c\u1ea3m bi\u1ebfn t\u1ed1c \u0111\u1ed9.\" \/>\n<meta property=\"og:url\" content=\"https:\/\/www.tstcables.com\/vi\/product\/cap-cam-bien-toc-do-hall\/\" \/>\n<meta property=\"og:site_name\" content=\"TST CABLES supplier &amp; Manufacture\" \/>\n<meta property=\"og:image\" content=\"https:\/\/www.tstcables.com\/wp-content\/uploads\/2024\/03\/1-16.jpg\" \/>\n\t<meta property=\"og:image:width\" content=\"640\" \/>\n\t<meta property=\"og:image:height\" content=\"640\" \/>\n\t<meta property=\"og:image:type\" content=\"image\/jpeg\" \/>\n<meta name=\"twitter:card\" content=\"summary_large_image\" \/>\n<meta name=\"twitter:label1\" content=\"Est. reading time\" \/>\n\t<meta name=\"twitter:data1\" content=\"1 minute\" \/>\n<script type=\"application\/ld+json\" class=\"yoast-schema-graph\">{\"@context\":\"https:\\\/\\\/schema.org\",\"@graph\":[{\"@type\":\"WebPage\",\"@id\":\"https:\\\/\\\/www.tstcables.com\\\/vi\\\/product\\\/cap-cam-bien-toc-do-hall\\\/\",\"url\":\"https:\\\/\\\/www.tstcables.com\\\/vi\\\/product\\\/cap-cam-bien-toc-do-hall\\\/\",\"name\":\"C\u00e1p c\u1ea3m bi\u1ebfn t\u1ed1c \u0111\u1ed9 Hall\",\"isPartOf\":{\"@id\":\"https:\\\/\\\/www.tstcables.com\\\/vi\\\/#website\"},\"primaryImageOfPage\":{\"@id\":\"https:\\\/\\\/www.tstcables.com\\\/vi\\\/product\\\/cap-cam-bien-toc-do-hall\\\/#primaryimage\"},\"image\":{\"@id\":\"https:\\\/\\\/www.tstcables.com\\\/vi\\\/product\\\/cap-cam-bien-toc-do-hall\\\/#primaryimage\"},\"thumbnailUrl\":\"https:\\\/\\\/www.tstcables.com\\\/wp-content\\\/uploads\\\/2024\\\/03\\\/1-16.jpg\",\"datePublished\":\"2024-03-23T09:44:19+00:00\",\"description\":\"C\u00e1p c\u1ea3m bi\u1ebfn t\u1ed1c \u0111\u1ed9 Hall cho ph\u01b0\u01a1ng ti\u1ec7n \u0111\u01b0\u1eddng s\u1eaft ch\u1ee7 y\u1ebfu \u0111\u01b0\u1ee3c s\u1eed d\u1ee5ng \u0111\u1ec3 truy\u1ec1n t\u00edn hi\u1ec7u v\u00e0 d\u1eef li\u1ec7u c\u1ea3m bi\u1ebfn t\u1ed1c \u0111\u1ed9.\",\"breadcrumb\":{\"@id\":\"https:\\\/\\\/www.tstcables.com\\\/vi\\\/product\\\/cap-cam-bien-toc-do-hall\\\/#breadcrumb\"},\"inLanguage\":\"vi-VN\",\"potentialAction\":[{\"@type\":\"ReadAction\",\"target\":[\"https:\\\/\\\/www.tstcables.com\\\/vi\\\/product\\\/cap-cam-bien-toc-do-hall\\\/\"]}]},{\"@type\":\"ImageObject\",\"inLanguage\":\"vi-VN\",\"@id\":\"https:\\\/\\\/www.tstcables.com\\\/vi\\\/product\\\/cap-cam-bien-toc-do-hall\\\/#primaryimage\",\"url\":\"https:\\\/\\\/www.tstcables.com\\\/wp-content\\\/uploads\\\/2024\\\/03\\\/1-16.jpg\",\"contentUrl\":\"https:\\\/\\\/www.tstcables.com\\\/wp-content\\\/uploads\\\/2024\\\/03\\\/1-16.jpg\",\"width\":640,\"height\":640,\"caption\":\"Hall speed sensor cable\"},{\"@type\":\"BreadcrumbList\",\"@id\":\"https:\\\/\\\/www.tstcables.com\\\/vi\\\/product\\\/cap-cam-bien-toc-do-hall\\\/#breadcrumb\",\"itemListElement\":[{\"@type\":\"ListItem\",\"position\":1,\"name\":\"\u9996\u9875\",\"item\":\"https:\\\/\\\/www.tstcables.com\\\/vi\\\/\"},{\"@type\":\"ListItem\",\"position\":2,\"name\":\"Product\",\"item\":\"https:\\\/\\\/www.tstcables.com\\\/product\\\/\"},{\"@type\":\"ListItem\",\"position\":3,\"name\":\"C\u00e1p c\u1ea3m bi\u1ebfn t\u1ed1c \u0111\u1ed9 Hall\"}]},{\"@type\":\"WebSite\",\"@id\":\"https:\\\/\\\/www.tstcables.com\\\/vi\\\/#website\",\"url\":\"https:\\\/\\\/www.tstcables.com\\\/vi\\\/\",\"name\":\"TST Cable supplier & Manufacture\",\"description\":\"TST CABLES  supplier &amp; Manufacture official website\",\"publisher\":{\"@id\":\"https:\\\/\\\/www.tstcables.com\\\/vi\\\/#organization\"},\"potentialAction\":[{\"@type\":\"SearchAction\",\"target\":{\"@type\":\"EntryPoint\",\"urlTemplate\":\"https:\\\/\\\/www.tstcables.com\\\/vi\\\/?s={search_term_string}\"},\"query-input\":{\"@type\":\"PropertyValueSpecification\",\"valueRequired\":true,\"valueName\":\"search_term_string\"}}],\"inLanguage\":\"vi-VN\"},{\"@type\":\"Organization\",\"@id\":\"https:\\\/\\\/www.tstcables.com\\\/vi\\\/#organization\",\"name\":\"TST Cable supplier & Manufacture\",\"url\":\"https:\\\/\\\/www.tstcables.com\\\/vi\\\/\",\"logo\":{\"@type\":\"ImageObject\",\"inLanguage\":\"vi-VN\",\"@id\":\"https:\\\/\\\/www.tstcables.com\\\/vi\\\/#\\\/schema\\\/logo\\\/image\\\/\",\"url\":\"https:\\\/\\\/www.tstcables.com\\\/wp-content\\\/uploads\\\/2024\\\/04\\\/cropped-\u753b\u677f-1-\u62f7\u8d1d-4-1.png\",\"contentUrl\":\"https:\\\/\\\/www.tstcables.com\\\/wp-content\\\/uploads\\\/2024\\\/04\\\/cropped-\u753b\u677f-1-\u62f7\u8d1d-4-1.png\",\"width\":300,\"height\":100,\"caption\":\"TST Cable supplier & Manufacture\"},\"image\":{\"@id\":\"https:\\\/\\\/www.tstcables.com\\\/vi\\\/#\\\/schema\\\/logo\\\/image\\\/\"}}]}<\/script>\n<!-- \/ Yoast SEO plugin. -->","yoast_head_json":{"title":"C\u00e1p c\u1ea3m bi\u1ebfn t\u1ed1c \u0111\u1ed9 Hall","description":"C\u00e1p c\u1ea3m bi\u1ebfn t\u1ed1c \u0111\u1ed9 Hall cho ph\u01b0\u01a1ng ti\u1ec7n \u0111\u01b0\u1eddng s\u1eaft ch\u1ee7 y\u1ebfu \u0111\u01b0\u1ee3c s\u1eed d\u1ee5ng \u0111\u1ec3 truy\u1ec1n t\u00edn hi\u1ec7u v\u00e0 d\u1eef li\u1ec7u c\u1ea3m bi\u1ebfn t\u1ed1c \u0111\u1ed9.","robots":{"index":"index","follow":"follow","max-snippet":"max-snippet:-1","max-image-preview":"max-image-preview:large","max-video-preview":"max-video-preview:-1"},"canonical":"https:\/\/www.tstcables.com\/vi\/product\/cap-cam-bien-toc-do-hall\/","og_locale":"vi_VN","og_type":"article","og_title":"C\u00e1p c\u1ea3m bi\u1ebfn t\u1ed1c \u0111\u1ed9 Hall","og_description":"C\u00e1p c\u1ea3m bi\u1ebfn t\u1ed1c \u0111\u1ed9 Hall cho ph\u01b0\u01a1ng ti\u1ec7n \u0111\u01b0\u1eddng s\u1eaft ch\u1ee7 y\u1ebfu \u0111\u01b0\u1ee3c s\u1eed d\u1ee5ng \u0111\u1ec3 truy\u1ec1n t\u00edn hi\u1ec7u v\u00e0 d\u1eef li\u1ec7u c\u1ea3m bi\u1ebfn t\u1ed1c \u0111\u1ed9.","og_url":"https:\/\/www.tstcables.com\/vi\/product\/cap-cam-bien-toc-do-hall\/","og_site_name":"TST CABLES supplier &amp; Manufacture","og_image":[{"width":640,"height":640,"url":"https:\/\/www.tstcables.com\/wp-content\/uploads\/2024\/03\/1-16.jpg","type":"image\/jpeg"}],"twitter_card":"summary_large_image","twitter_misc":{"Est. reading time":"1 minute"},"schema":{"@context":"https:\/\/schema.org","@graph":[{"@type":"WebPage","@id":"https:\/\/www.tstcables.com\/vi\/product\/cap-cam-bien-toc-do-hall\/","url":"https:\/\/www.tstcables.com\/vi\/product\/cap-cam-bien-toc-do-hall\/","name":"C\u00e1p c\u1ea3m bi\u1ebfn t\u1ed1c \u0111\u1ed9 Hall","isPartOf":{"@id":"https:\/\/www.tstcables.com\/vi\/#website"},"primaryImageOfPage":{"@id":"https:\/\/www.tstcables.com\/vi\/product\/cap-cam-bien-toc-do-hall\/#primaryimage"},"image":{"@id":"https:\/\/www.tstcables.com\/vi\/product\/cap-cam-bien-toc-do-hall\/#primaryimage"},"thumbnailUrl":"https:\/\/www.tstcables.com\/wp-content\/uploads\/2024\/03\/1-16.jpg","datePublished":"2024-03-23T09:44:19+00:00","description":"C\u00e1p c\u1ea3m bi\u1ebfn t\u1ed1c \u0111\u1ed9 Hall cho ph\u01b0\u01a1ng ti\u1ec7n \u0111\u01b0\u1eddng s\u1eaft ch\u1ee7 y\u1ebfu \u0111\u01b0\u1ee3c s\u1eed d\u1ee5ng \u0111\u1ec3 truy\u1ec1n t\u00edn hi\u1ec7u v\u00e0 d\u1eef li\u1ec7u c\u1ea3m bi\u1ebfn t\u1ed1c \u0111\u1ed9.","breadcrumb":{"@id":"https:\/\/www.tstcables.com\/vi\/product\/cap-cam-bien-toc-do-hall\/#breadcrumb"},"inLanguage":"vi-VN","potentialAction":[{"@type":"ReadAction","target":["https:\/\/www.tstcables.com\/vi\/product\/cap-cam-bien-toc-do-hall\/"]}]},{"@type":"ImageObject","inLanguage":"vi-VN","@id":"https:\/\/www.tstcables.com\/vi\/product\/cap-cam-bien-toc-do-hall\/#primaryimage","url":"https:\/\/www.tstcables.com\/wp-content\/uploads\/2024\/03\/1-16.jpg","contentUrl":"https:\/\/www.tstcables.com\/wp-content\/uploads\/2024\/03\/1-16.jpg","width":640,"height":640,"caption":"Hall speed sensor cable"},{"@type":"BreadcrumbList","@id":"https:\/\/www.tstcables.com\/vi\/product\/cap-cam-bien-toc-do-hall\/#breadcrumb","itemListElement":[{"@type":"ListItem","position":1,"name":"\u9996\u9875","item":"https:\/\/www.tstcables.com\/vi\/"},{"@type":"ListItem","position":2,"name":"Product","item":"https:\/\/www.tstcables.com\/product\/"},{"@type":"ListItem","position":3,"name":"C\u00e1p c\u1ea3m bi\u1ebfn t\u1ed1c \u0111\u1ed9 Hall"}]},{"@type":"WebSite","@id":"https:\/\/www.tstcables.com\/vi\/#website","url":"https:\/\/www.tstcables.com\/vi\/","name":"TST Cable supplier & Manufacture","description":"TST CABLES  supplier &amp; Manufacture official website","publisher":{"@id":"https:\/\/www.tstcables.com\/vi\/#organization"},"potentialAction":[{"@type":"SearchAction","target":{"@type":"EntryPoint","urlTemplate":"https:\/\/www.tstcables.com\/vi\/?s={search_term_string}"},"query-input":{"@type":"PropertyValueSpecification","valueRequired":true,"valueName":"search_term_string"}}],"inLanguage":"vi-VN"},{"@type":"Organization","@id":"https:\/\/www.tstcables.com\/vi\/#organization","name":"TST Cable supplier & Manufacture","url":"https:\/\/www.tstcables.com\/vi\/","logo":{"@type":"ImageObject","inLanguage":"vi-VN","@id":"https:\/\/www.tstcables.com\/vi\/#\/schema\/logo\/image\/","url":"https:\/\/www.tstcables.com\/wp-content\/uploads\/2024\/04\/cropped-\u753b\u677f-1-\u62f7\u8d1d-4-1.png","contentUrl":"https:\/\/www.tstcables.com\/wp-content\/uploads\/2024\/04\/cropped-\u753b\u677f-1-\u62f7\u8d1d-4-1.png","width":300,"height":100,"caption":"TST Cable supplier & Manufacture"},"image":{"@id":"https:\/\/www.tstcables.com\/vi\/#\/schema\/logo\/image\/"}}]}},"_links":{"self":[{"href":"https:\/\/www.tstcables.com\/vi\/wp-json\/wp\/v2\/product\/21061","targetHints":{"allow":["GET"]}}],"collection":[{"href":"https:\/\/www.tstcables.com\/vi\/wp-json\/wp\/v2\/product"}],"about":[{"href":"https:\/\/www.tstcables.com\/vi\/wp-json\/wp\/v2\/types\/product"}],"version-history":[{"count":0,"href":"https:\/\/www.tstcables.com\/vi\/wp-json\/wp\/v2\/product\/21061\/revisions"}],"wp:featuredmedia":[{"embeddable":true,"href":"https:\/\/www.tstcables.com\/vi\/wp-json\/wp\/v2\/media\/12912"}],"wp:attachment":[{"href":"https:\/\/www.tstcables.com\/vi\/wp-json\/wp\/v2\/media?parent=21061"}],"wp:term":[{"taxonomy":"product_brand","embeddable":true,"href":"https:\/\/www.tstcables.com\/vi\/wp-json\/wp\/v2\/product_brand?post=21061"},{"taxonomy":"product_cat","embeddable":true,"href":"https:\/\/www.tstcables.com\/vi\/wp-json\/wp\/v2\/product_cat?post=21061"},{"taxonomy":"product_tag","embeddable":true,"href":"https:\/\/www.tstcables.com\/vi\/wp-json\/wp\/v2\/product_tag?post=21061"}],"curies":[{"name":"wp","href":"https:\/\/api.w.org\/{rel}","templated":true}]}}