{"id":21064,"date":"2024-03-23T17:32:34","date_gmt":"2024-03-23T09:32:34","guid":{"rendered":"https:\/\/www.tstcables.com\/product\/cap-peek-nhe-chiu-muoi-kiem-cho-tau-thuy-duoc-su-dung-trong-moi-truong-khac-nghiet\/"},"modified":"2024-03-23T17:32:34","modified_gmt":"2024-03-23T09:32:34","slug":"cap-peek-nhe-chiu-muoi-kiem-cho-tau-thuy-duoc-su-dung-trong-moi-truong-khac-nghiet","status":"publish","type":"product","link":"https:\/\/www.tstcables.com\/vi\/product\/cap-peek-nhe-chiu-muoi-kiem-cho-tau-thuy-duoc-su-dung-trong-moi-truong-khac-nghiet\/","title":{"rendered":"C\u00e1p PEEK nh\u1eb9 ch\u1ecbu mu\u1ed1i ki\u1ec1m cho t\u00e0u th\u1ee7y \u0111\u01b0\u1ee3c s\u1eed d\u1ee5ng trong m\u00f4i tr\u01b0\u1eddng kh\u1eafc nghi\u1ec7t"},"content":{"rendered":"<p><strong>C\u00e1c \u1ee9ng d\u1ee5ng<\/strong><\/p>\n<p>C\u00e1p PEEK kh\u00e1ng mu\u1ed1i-ki\u1ec1m nh\u1eb9 d\u00f9ng cho t\u00e0u th\u1ee7y c\u00f3 kh\u1ea3 n\u0103ng ch\u1ecbu n\u01b0\u1edbc bi\u1ec3n, tr\u1ecdng l\u01b0\u1ee3ng nh\u1eb9, k\u00edch th\u01b0\u1edbc nh\u1ecf, ch\u1ed1ng ch\u00e1y, ch\u1ed1ng ch\u00e1y kh\u00f4ng ch\u1ee9a halogen \u00edt kh\u00f3i, ch\u1ecbu nhi\u1ec7t \u0111\u1ed9 cao v\u00e0 th\u1ea5p, ch\u1ed1ng b\u1ee9c x\u1ea1 v\u00e0 t\u00ednh ch\u1ea5t c\u01a1 h\u1ecdc t\u1ed1t. N\u00f3 \u0111\u01b0\u1ee3c s\u1eed d\u1ee5ng r\u1ed9ng r\u00e3i trong c\u00e1c d\u00e2y nhi\u1ec7t \u0111\u1ed9 c\u1ef1c cao cho \u0111\u1ea7u m\u00e1y xe l\u1eeda, t\u00e0u th\u1ee7y v\u00e0 ng\u00e0nh h\u00e0ng kh\u00f4ng v\u1eadn chuy\u1ec3n t\u1ed1c \u0111\u1ed9 cao; D\u00e2y qu\u1ea5n \u0111\u1ed9ng c\u01a1 m\u00e1y b\u01a1m ch\u00ecm m\u1ecf d\u1ea7u, d\u00e2y d\u1eabn \u0111\u1ed9ng c\u01a1 m\u00e1y b\u01a1m ch\u00ecm gi\u1ebfng d\u1ea7u s\u00e2u, d\u00e2y qu\u1ea5n \u0111\u1ed9ng c\u01a1 h\u1ea1t nh\u00e2n v\u00e0 \u0111\u1ea7u cu\u1ed1i c\u1ea3m bi\u1ebfn, v.v.<\/p>\n<p>&nbsp;<\/p>\n<p><strong>Ti\u00eau chu\u1ea9n c\u00f4ng nghi\u1ec7p<\/strong><\/p>\n<ul>\n<li>lEN45545-2<\/li>\n<\/ul>\n<p><strong>T\u00ednh n\u0103ng s\u1ea3n ph\u1ea9m:<\/strong><\/p>\n<ol>\n<li>Kh\u1ea3 n\u0103ng ch\u1ecbu nhi\u1ec7t \u0111\u1ed9 d\u00e0i h\u1ea1n: -50-250oC<\/li>\n<li>Ch\u1ecbu \u0111\u01b0\u1ee3c c\u1ea5p \u0111i\u1ec7n \u00e1p: 300V 600V<\/li>\n<li>Kh\u1ea3 n\u0103ng ch\u1ed1ng b\u1ee9c x\u1ea1 gamma: 850KGy c\u00f3 th\u1ec3 s\u1eed d\u1ee5ng trong th\u1eddi gian d\u00e0i.<\/li>\n<li>\u00cdt kh\u00f3i, kh\u00f4ng halogen, ch\u1ed1ng ch\u00e1y, ch\u1ecbu nhi\u1ec7t \u0111\u1ed9 cao v\u00e0 th\u1ea5p<\/li>\n<\/ol>\n<p><strong>C\u00e1c th\u00f4ng s\u1ed1 k\u1ef9 thu\u1eadt<\/strong><\/p>\n<table class=\"tg\">\n<thead>\n<tr>\n<th class=\"tg-wa1i\">S\u1ed1 l\u01b0\u1ee3ng<\/p>\n<p>c\u1ed1t l\u00f5i<br \/>\nd\u00e2y \u0111i\u1ec7n v\u00e0<\/p>\n<p>tr\u00ean danh ngh\u0129a<br \/>\nm\u1eb7t c\u1eaft ngang<\/th>\n<th class=\"tg-wa1i\">t\u1ed1i thi\u1ec3u<br \/>\n\u0111\u1ed9 d\u00e0y<br \/>\nv\u1ecf b\u1ecdc<\/th>\n<th class=\"tg-wa1i\" colspan=\"2\">C\u00e1p b\u00ean ngo\u00e0i<br \/>\n\u0111\u01b0\u1eddng k\u00ednh D<\/th>\n<th class=\"tg-wa1i\">D\u00e2y d\u1eabn 20oC<br \/>\ns\u1ee9c ch\u1ed1ng c\u1ef1<\/th>\n<th class=\"tg-wa1i\">Trung b\u00ecnh<br \/>\nc\u00e2n n\u1eb7ng<\/th>\n<\/tr>\n<\/thead>\n<tbody>\n<tr>\n<td class=\"tg-baqh\" rowspan=\"2\">mm2<\/td>\n<td class=\"tg-baqh\" rowspan=\"2\">mm<\/td>\n<td class=\"tg-baqh\">Min<\/td>\n<td class=\"tg-baqh\">Max<\/td>\n<td class=\"tg-baqh\">Max<\/td>\n<td class=\"tg-baqh\" rowspan=\"2\">Kg\/km<\/td>\n<\/tr>\n<tr>\n<td class=\"tg-baqh\">mm<\/td>\n<td class=\"tg-baqh\">mm<\/td>\n<td class=\"tg-baqh\">\u03a9\/km<\/td>\n<\/tr>\n<tr>\n<td class=\"tg-baqh\">2*0.06<\/td>\n<td class=\"tg-nrix\">0.25<\/td>\n<td class=\"tg-nrix\">2.4<\/td>\n<td class=\"tg-nrix\">2.5<\/td>\n<td class=\"tg-nrix\">330<\/td>\n<td class=\"tg-nrix\">10.52<\/td>\n<\/tr>\n<tr>\n<td class=\"tg-baqh\">2*0.08<\/td>\n<td class=\"tg-nrix\">0.25<\/td>\n<td class=\"tg-nrix\">2.55<\/td>\n<td class=\"tg-nrix\">2.65<\/td>\n<td class=\"tg-nrix\">227<\/td>\n<td class=\"tg-nrix\">11.61<\/td>\n<\/tr>\n<tr>\n<td class=\"tg-baqh\">2*0.14<\/td>\n<td class=\"tg-nrix\">0.25<\/td>\n<td class=\"tg-nrix\">2.8<\/td>\n<td class=\"tg-nrix\">2.9<\/td>\n<td class=\"tg-nrix\">126<\/td>\n<td class=\"tg-nrix\">14.34<\/td>\n<\/tr>\n<tr>\n<td class=\"tg-baqh\">2*0.2<\/td>\n<td class=\"tg-nrix\">0.25<\/td>\n<td class=\"tg-nrix\">3<\/td>\n<td class=\"tg-nrix\">3.1<\/td>\n<td class=\"tg-nrix\">83.5<\/td>\n<td class=\"tg-nrix\">16.57<\/td>\n<\/tr>\n<tr>\n<td class=\"tg-baqh\">2*0.35<\/td>\n<td class=\"tg-nrix\">0.25<\/td>\n<td class=\"tg-nrix\">3.3<\/td>\n<td class=\"tg-nrix\">3.4<\/td>\n<td class=\"tg-nrix\">49.5<\/td>\n<td class=\"tg-nrix\">20.24<\/td>\n<\/tr>\n<tr>\n<td class=\"tg-baqh\">2*0.5<\/td>\n<td class=\"tg-nrix\">0.25<\/td>\n<td class=\"tg-nrix\">3.6<\/td>\n<td class=\"tg-nrix\">4.5<\/td>\n<td class=\"tg-nrix\">40.1<\/td>\n<td class=\"tg-nrix\">24.34<\/td>\n<\/tr>\n<tr>\n<td class=\"tg-baqh\">3*0.06<\/td>\n<td class=\"tg-nrix\">0.25<\/td>\n<td class=\"tg-nrix\">2.5<\/td>\n<td class=\"tg-nrix\">2.6<\/td>\n<td class=\"tg-nrix\">330<\/td>\n<td class=\"tg-nrix\">11.91<\/td>\n<\/tr>\n<tr>\n<td class=\"tg-baqh\">3*0.08<\/td>\n<td class=\"tg-nrix\">0.25<\/td>\n<td class=\"tg-nrix\">2.55<\/td>\n<td class=\"tg-nrix\">2.75<\/td>\n<td class=\"tg-nrix\">227<\/td>\n<td class=\"tg-nrix\">13.28<\/td>\n<\/tr>\n<tr>\n<td class=\"tg-baqh\">3*0.14<\/td>\n<td class=\"tg-nrix\">0.25<\/td>\n<td class=\"tg-nrix\">2.95<\/td>\n<td class=\"tg-nrix\">3.05<\/td>\n<td class=\"tg-nrix\">126<\/td>\n<td class=\"tg-nrix\">16.81<\/td>\n<\/tr>\n<tr>\n<td class=\"tg-baqh\">3*0.2<\/td>\n<td class=\"tg-nrix\">0.25<\/td>\n<td class=\"tg-nrix\">3.15<\/td>\n<td class=\"tg-nrix\">3.25<\/td>\n<td class=\"tg-nrix\">83.5<\/td>\n<td class=\"tg-nrix\">19.69<\/td>\n<\/tr>\n<tr>\n<td class=\"tg-baqh\">3*0.35<\/td>\n<td class=\"tg-nrix\">0.25<\/td>\n<td class=\"tg-nrix\">3.5<\/td>\n<td class=\"tg-nrix\">3.6<\/td>\n<td class=\"tg-nrix\">49.5<\/td>\n<td class=\"tg-nrix\">24.56<\/td>\n<\/tr>\n<tr>\n<td class=\"tg-baqh\">3*0.5<\/td>\n<td class=\"tg-nrix\">0.25<\/td>\n<td class=\"tg-nrix\">3.8<\/td>\n<td class=\"tg-nrix\">3.9<\/td>\n<td class=\"tg-nrix\">40.1<\/td>\n<td class=\"tg-nrix\">30.06<\/td>\n<\/tr>\n<tr>\n<td class=\"tg-baqh\">4*0.06<\/td>\n<td class=\"tg-nrix\">0.25<\/td>\n<td class=\"tg-nrix\">2.7<\/td>\n<td class=\"tg-nrix\">2.8<\/td>\n<td class=\"tg-nrix\">330<\/td>\n<td class=\"tg-nrix\">13.67<\/td>\n<\/tr>\n<tr>\n<td class=\"tg-baqh\">4*0.08<\/td>\n<td class=\"tg-nrix\">0.25<\/td>\n<td class=\"tg-nrix\">2.85<\/td>\n<td class=\"tg-nrix\">2.95<\/td>\n<td class=\"tg-nrix\">227<\/td>\n<td class=\"tg-nrix\">6.39<\/td>\n<\/tr>\n<tr>\n<td class=\"tg-baqh\">4*0.14<\/td>\n<td class=\"tg-nrix\">0.25<\/td>\n<td class=\"tg-nrix\">3.15<\/td>\n<td class=\"tg-nrix\">3.25<\/td>\n<td class=\"tg-nrix\">126<\/td>\n<td class=\"tg-nrix\">15.36<\/td>\n<\/tr>\n<tr>\n<td class=\"tg-baqh\">4*0.2<\/td>\n<td class=\"tg-nrix\">0.25<\/td>\n<td class=\"tg-nrix\">3.4<\/td>\n<td class=\"tg-nrix\">3.5<\/td>\n<td class=\"tg-nrix\">83.5<\/td>\n<td class=\"tg-nrix\">23.36<\/td>\n<\/tr>\n<tr>\n<td class=\"tg-baqh\">4*0.35<\/td>\n<td class=\"tg-nrix\">0.25<\/td>\n<td class=\"tg-nrix\">3.8<\/td>\n<td class=\"tg-nrix\">3.9<\/td>\n<td class=\"tg-nrix\">49.5<\/td>\n<td class=\"tg-nrix\">29.49<\/td>\n<\/tr>\n<tr>\n<td class=\"tg-baqh\">4*0.5<\/td>\n<td class=\"tg-nrix\">0.25<\/td>\n<td class=\"tg-nrix\">4.15<\/td>\n<td class=\"tg-nrix\">4.25<\/td>\n<td class=\"tg-nrix\">40.1<\/td>\n<td class=\"tg-nrix\">36.48<\/td>\n<\/tr>\n<tr>\n<td class=\"tg-baqh\">5*0.06<\/td>\n<td class=\"tg-nrix\">0.25<\/td>\n<td class=\"tg-nrix\">2.9<\/td>\n<td class=\"tg-nrix\">3<\/td>\n<td class=\"tg-nrix\">330<\/td>\n<td class=\"tg-nrix\">15.51<\/td>\n<\/tr>\n<tr>\n<td class=\"tg-baqh\">5*0.08<\/td>\n<td class=\"tg-nrix\">0.25<\/td>\n<td class=\"tg-nrix\">3.05<\/td>\n<td class=\"tg-nrix\">3.15<\/td>\n<td class=\"tg-nrix\">227<\/td>\n<td class=\"tg-nrix\">17.53<\/td>\n<\/tr>\n<tr>\n<td class=\"tg-baqh\">5*0.14<\/td>\n<td class=\"tg-nrix\">0.25<\/td>\n<td class=\"tg-nrix\">3.45<\/td>\n<td class=\"tg-nrix\">3.55<\/td>\n<td class=\"tg-nrix\">126<\/td>\n<td class=\"tg-nrix\">22.77<\/td>\n<\/tr>\n<tr>\n<td class=\"tg-baqh\">5*0.2<\/td>\n<td class=\"tg-nrix\">0.25<\/td>\n<td class=\"tg-nrix\">3.7<\/td>\n<td class=\"tg-nrix\">3.8<\/td>\n<td class=\"tg-nrix\">83.5<\/td>\n<td class=\"tg-nrix\">27.14<\/td>\n<\/tr>\n<tr>\n<td class=\"tg-baqh\">5*0.35<\/td>\n<td class=\"tg-nrix\">0.25<\/td>\n<td class=\"tg-nrix\">4.1<\/td>\n<td class=\"tg-nrix\">4.2<\/td>\n<td class=\"tg-nrix\">49.5<\/td>\n<td class=\"tg-nrix\">34.58<\/td>\n<\/tr>\n<\/tbody>\n<\/table>\n<p>L\u01b0u \u00fd: S\u1ea3n ph\u1ea9m c\u00f3 th\u00f4ng s\u1ed1 k\u1ef9 thu\u1eadt kh\u00e1c c\u0169ng c\u00f3 th\u1ec3 t\u00f9y ch\u1ec9nh theo nhu c\u1ea7u<\/p>\n","protected":false},"excerpt":{"rendered":"<p>C\u00e1p PEEK kh\u00e1ng mu\u1ed1i-ki\u1ec1m nh\u1eb9 d\u00f9ng cho t\u00e0u th\u1ee7y c\u00f3 kh\u1ea3 n\u0103ng ch\u1ecbu n\u01b0\u1edbc bi\u1ec3n, tr\u1ecdng l\u01b0\u1ee3ng nh\u1eb9, k\u00edch th\u01b0\u1edbc nh\u1ecf, ch\u1ed1ng ch\u00e1y, ch\u1ed1ng ch\u00e1y kh\u00f4ng ch\u1ee9a halogen \u00edt kh\u00f3i, ch\u1ecbu nhi\u1ec7t \u0111\u1ed9 cao v\u00e0 th\u1ea5p, ch\u1ed1ng b\u1ee9c x\u1ea1 v\u00e0 t\u00ednh ch\u1ea5t c\u01a1 h\u1ecdc t\u1ed1t.<\/p>\n","protected":false},"featured_media":13040,"template":"","meta":{"_eb_attr":"","site-sidebar-layout":"default","site-content-layout":"","ast-site-content-layout":"default","site-content-style":"default","site-sidebar-style":"default","ast-global-header-display":"","ast-banner-title-visibility":"","ast-main-header-display":"","ast-hfb-above-header-display":"","ast-hfb-below-header-display":"","ast-hfb-mobile-header-display":"","site-post-title":"","ast-breadcrumbs-content":"","ast-featured-img":"","footer-sml-layout":"","theme-transparent-header-meta":"default","adv-header-id-meta":"","stick-header-meta":"","header-above-stick-meta":"","header-main-stick-meta":"","header-below-stick-meta":"","astra-migrate-meta-layouts":"default","ast-page-background-enabled":"default","ast-page-background-meta":{"desktop":{"background-color":"","background-image":"","background-repeat":"repeat","background-position":"center center","background-size":"auto","background-attachment":"scroll","background-type":"","background-media":"","overlay-type":"","overlay-color":"","overlay-opacity":"","overlay-gradient":""},"tablet":{"background-color":"","background-image":"","background-repeat":"repeat","background-position":"center center","background-size":"auto","background-attachment":"scroll","background-type":"","background-media":"","overlay-type":"","overlay-color":"","overlay-opacity":"","overlay-gradient":""},"mobile":{"background-color":"","background-image":"","background-repeat":"repeat","background-position":"center center","background-size":"auto","background-attachment":"scroll","background-type":"","background-media":"","overlay-type":"","overlay-color":"","overlay-opacity":"","overlay-gradient":""}},"ast-content-background-meta":{"desktop":{"background-color":"var(--ast-global-color-5)","background-image":"","background-repeat":"repeat","background-position":"center center","background-size":"auto","background-attachment":"scroll","background-type":"","background-media":"","overlay-type":"","overlay-color":"","overlay-opacity":"","overlay-gradient":""},"tablet":{"background-color":"var(--ast-global-color-5)","background-image":"","background-repeat":"repeat","background-position":"center center","background-size":"auto","background-attachment":"scroll","background-type":"","background-media":"","overlay-type":"","overlay-color":"","overlay-opacity":"","overlay-gradient":""},"mobile":{"background-color":"var(--ast-global-color-5)","background-image":"","background-repeat":"repeat","background-position":"center center","background-size":"auto","background-attachment":"scroll","background-type":"","background-media":"","overlay-type":"","overlay-color":"","overlay-opacity":"","overlay-gradient":""}}},"product_brand":[],"product_cat":[1977,1922,833,1989,1923,827,828,829,834,832],"product_tag":[1960,1944,1962,1961],"class_list":{"0":"post-21064","1":"product","2":"type-product","3":"status-publish","4":"has-post-thumbnail","6":"product_cat-cap-chong-muoi-kiem","7":"product_cat-cap-kich-thuoc-nho","8":"product_cat-lsoh-cable-vi","9":"product_cat-cap-peek","10":"product_cat-cap-trong-luong-nhe","11":"product_cat-enstandard-cable-vi","12":"product_cat-en50264-vi","13":"product_cat-en50306-vi","14":"product_cat-marine-vi","15":"product_cat-ice-standard-vi","16":"product_tag-cap-boc-da-loi-th-j-akpk-200-600v","17":"product_tag-cap-boc-loi-don-peek-polyetheretherketone","18":"product_tag-cap-peek-th-j-akpk-200","19":"product_tag-cap-tau-peek","20":"desktop-align-center","21":"tablet-align-left","22":"mobile-align-left","24":"first","25":"instock","26":"shipping-taxable","27":"product-type-simple"},"yoast_head":"<!-- This site is optimized with the Yoast SEO plugin v27.5 - https:\/\/yoast.com\/product\/yoast-seo-wordpress\/ -->\n<title>C\u00e1p PEEK nh\u1eb9 ch\u1ecbu mu\u1ed1i ki\u1ec1m cho t\u00e0u th\u1ee7y<\/title>\n<meta name=\"description\" content=\"C\u00e1p PEEK nh\u1eb9 ch\u1ecbu mu\u1ed1i-ki\u1ec1m d\u00f9ng cho t\u00e0u th\u1ee7y c\u00f3 kh\u1ea3 n\u0103ng ch\u1ed1ng n\u01b0\u1edbc bi\u1ec3n, k\u00edch th\u01b0\u1edbc nh\u1ecf, ch\u1ed1ng ch\u00e1y, ch\u1ed1ng ch\u00e1y kh\u00f4ng ch\u1ee9a halogen \u00edt kh\u00f3i.\" \/>\n<meta name=\"robots\" content=\"index, follow, max-snippet:-1, max-image-preview:large, max-video-preview:-1\" \/>\n<link rel=\"canonical\" href=\"https:\/\/www.tstcables.com\/vi\/product\/cap-peek-nhe-chiu-muoi-kiem-cho-tau-thuy-duoc-su-dung-trong-moi-truong-khac-nghiet\/\" \/>\n<meta property=\"og:locale\" content=\"vi_VN\" \/>\n<meta property=\"og:type\" content=\"article\" \/>\n<meta property=\"og:title\" content=\"C\u00e1p PEEK nh\u1eb9 ch\u1ecbu mu\u1ed1i ki\u1ec1m cho t\u00e0u th\u1ee7y\" \/>\n<meta property=\"og:description\" content=\"C\u00e1p PEEK nh\u1eb9 ch\u1ecbu mu\u1ed1i-ki\u1ec1m d\u00f9ng cho t\u00e0u th\u1ee7y c\u00f3 kh\u1ea3 n\u0103ng ch\u1ed1ng n\u01b0\u1edbc bi\u1ec3n, k\u00edch th\u01b0\u1edbc nh\u1ecf, ch\u1ed1ng ch\u00e1y, ch\u1ed1ng ch\u00e1y kh\u00f4ng ch\u1ee9a halogen \u00edt kh\u00f3i.\" \/>\n<meta property=\"og:url\" content=\"https:\/\/www.tstcables.com\/vi\/product\/cap-peek-nhe-chiu-muoi-kiem-cho-tau-thuy-duoc-su-dung-trong-moi-truong-khac-nghiet\/\" \/>\n<meta property=\"og:site_name\" content=\"TST CABLES supplier &amp; Manufacture\" \/>\n<meta property=\"og:image\" content=\"https:\/\/www.tstcables.com\/wp-content\/uploads\/2024\/03\/1-20.jpg\" \/>\n\t<meta property=\"og:image:width\" content=\"750\" \/>\n\t<meta property=\"og:image:height\" content=\"750\" \/>\n\t<meta property=\"og:image:type\" content=\"image\/jpeg\" \/>\n<meta name=\"twitter:card\" content=\"summary_large_image\" \/>\n<meta name=\"twitter:label1\" content=\"Est. reading time\" \/>\n\t<meta name=\"twitter:data1\" content=\"2 minutes\" \/>\n<script type=\"application\/ld+json\" class=\"yoast-schema-graph\">{\"@context\":\"https:\\\/\\\/schema.org\",\"@graph\":[{\"@type\":\"WebPage\",\"@id\":\"https:\\\/\\\/www.tstcables.com\\\/vi\\\/product\\\/cap-peek-nhe-chiu-muoi-kiem-cho-tau-thuy-duoc-su-dung-trong-moi-truong-khac-nghiet\\\/\",\"url\":\"https:\\\/\\\/www.tstcables.com\\\/vi\\\/product\\\/cap-peek-nhe-chiu-muoi-kiem-cho-tau-thuy-duoc-su-dung-trong-moi-truong-khac-nghiet\\\/\",\"name\":\"C\u00e1p PEEK nh\u1eb9 ch\u1ecbu mu\u1ed1i ki\u1ec1m cho t\u00e0u th\u1ee7y\",\"isPartOf\":{\"@id\":\"https:\\\/\\\/www.tstcables.com\\\/vi\\\/#website\"},\"primaryImageOfPage\":{\"@id\":\"https:\\\/\\\/www.tstcables.com\\\/vi\\\/product\\\/cap-peek-nhe-chiu-muoi-kiem-cho-tau-thuy-duoc-su-dung-trong-moi-truong-khac-nghiet\\\/#primaryimage\"},\"image\":{\"@id\":\"https:\\\/\\\/www.tstcables.com\\\/vi\\\/product\\\/cap-peek-nhe-chiu-muoi-kiem-cho-tau-thuy-duoc-su-dung-trong-moi-truong-khac-nghiet\\\/#primaryimage\"},\"thumbnailUrl\":\"https:\\\/\\\/www.tstcables.com\\\/wp-content\\\/uploads\\\/2024\\\/03\\\/1-20.jpg\",\"datePublished\":\"2024-03-23T09:32:34+00:00\",\"description\":\"C\u00e1p PEEK nh\u1eb9 ch\u1ecbu mu\u1ed1i-ki\u1ec1m d\u00f9ng cho t\u00e0u th\u1ee7y c\u00f3 kh\u1ea3 n\u0103ng ch\u1ed1ng n\u01b0\u1edbc bi\u1ec3n, k\u00edch th\u01b0\u1edbc nh\u1ecf, ch\u1ed1ng ch\u00e1y, ch\u1ed1ng ch\u00e1y kh\u00f4ng ch\u1ee9a halogen \u00edt kh\u00f3i.\",\"breadcrumb\":{\"@id\":\"https:\\\/\\\/www.tstcables.com\\\/vi\\\/product\\\/cap-peek-nhe-chiu-muoi-kiem-cho-tau-thuy-duoc-su-dung-trong-moi-truong-khac-nghiet\\\/#breadcrumb\"},\"inLanguage\":\"vi-VN\",\"potentialAction\":[{\"@type\":\"ReadAction\",\"target\":[\"https:\\\/\\\/www.tstcables.com\\\/vi\\\/product\\\/cap-peek-nhe-chiu-muoi-kiem-cho-tau-thuy-duoc-su-dung-trong-moi-truong-khac-nghiet\\\/\"]}]},{\"@type\":\"ImageObject\",\"inLanguage\":\"vi-VN\",\"@id\":\"https:\\\/\\\/www.tstcables.com\\\/vi\\\/product\\\/cap-peek-nhe-chiu-muoi-kiem-cho-tau-thuy-duoc-su-dung-trong-moi-truong-khac-nghiet\\\/#primaryimage\",\"url\":\"https:\\\/\\\/www.tstcables.com\\\/wp-content\\\/uploads\\\/2024\\\/03\\\/1-20.jpg\",\"contentUrl\":\"https:\\\/\\\/www.tstcables.com\\\/wp-content\\\/uploads\\\/2024\\\/03\\\/1-20.jpg\",\"width\":750,\"height\":750,\"caption\":\"AFPF200 AFPF250 Teflon high temperature shielded cable\"},{\"@type\":\"BreadcrumbList\",\"@id\":\"https:\\\/\\\/www.tstcables.com\\\/vi\\\/product\\\/cap-peek-nhe-chiu-muoi-kiem-cho-tau-thuy-duoc-su-dung-trong-moi-truong-khac-nghiet\\\/#breadcrumb\",\"itemListElement\":[{\"@type\":\"ListItem\",\"position\":1,\"name\":\"\u9996\u9875\",\"item\":\"https:\\\/\\\/www.tstcables.com\\\/vi\\\/\"},{\"@type\":\"ListItem\",\"position\":2,\"name\":\"Product\",\"item\":\"https:\\\/\\\/www.tstcables.com\\\/product\\\/\"},{\"@type\":\"ListItem\",\"position\":3,\"name\":\"C\u00e1p PEEK nh\u1eb9 ch\u1ecbu mu\u1ed1i ki\u1ec1m cho t\u00e0u th\u1ee7y \u0111\u01b0\u1ee3c s\u1eed d\u1ee5ng trong m\u00f4i tr\u01b0\u1eddng kh\u1eafc nghi\u1ec7t\"}]},{\"@type\":\"WebSite\",\"@id\":\"https:\\\/\\\/www.tstcables.com\\\/vi\\\/#website\",\"url\":\"https:\\\/\\\/www.tstcables.com\\\/vi\\\/\",\"name\":\"TST Cable supplier & Manufacture\",\"description\":\"TST CABLES  supplier &amp; Manufacture official website\",\"publisher\":{\"@id\":\"https:\\\/\\\/www.tstcables.com\\\/vi\\\/#organization\"},\"potentialAction\":[{\"@type\":\"SearchAction\",\"target\":{\"@type\":\"EntryPoint\",\"urlTemplate\":\"https:\\\/\\\/www.tstcables.com\\\/vi\\\/?s={search_term_string}\"},\"query-input\":{\"@type\":\"PropertyValueSpecification\",\"valueRequired\":true,\"valueName\":\"search_term_string\"}}],\"inLanguage\":\"vi-VN\"},{\"@type\":\"Organization\",\"@id\":\"https:\\\/\\\/www.tstcables.com\\\/vi\\\/#organization\",\"name\":\"TST Cable supplier & Manufacture\",\"url\":\"https:\\\/\\\/www.tstcables.com\\\/vi\\\/\",\"logo\":{\"@type\":\"ImageObject\",\"inLanguage\":\"vi-VN\",\"@id\":\"https:\\\/\\\/www.tstcables.com\\\/vi\\\/#\\\/schema\\\/logo\\\/image\\\/\",\"url\":\"https:\\\/\\\/www.tstcables.com\\\/wp-content\\\/uploads\\\/2024\\\/04\\\/cropped-\u753b\u677f-1-\u62f7\u8d1d-4-1.png\",\"contentUrl\":\"https:\\\/\\\/www.tstcables.com\\\/wp-content\\\/uploads\\\/2024\\\/04\\\/cropped-\u753b\u677f-1-\u62f7\u8d1d-4-1.png\",\"width\":300,\"height\":100,\"caption\":\"TST Cable supplier & Manufacture\"},\"image\":{\"@id\":\"https:\\\/\\\/www.tstcables.com\\\/vi\\\/#\\\/schema\\\/logo\\\/image\\\/\"}}]}<\/script>\n<!-- \/ Yoast SEO plugin. -->","yoast_head_json":{"title":"C\u00e1p PEEK nh\u1eb9 ch\u1ecbu mu\u1ed1i ki\u1ec1m cho t\u00e0u th\u1ee7y","description":"C\u00e1p PEEK nh\u1eb9 ch\u1ecbu mu\u1ed1i-ki\u1ec1m d\u00f9ng cho t\u00e0u th\u1ee7y c\u00f3 kh\u1ea3 n\u0103ng ch\u1ed1ng n\u01b0\u1edbc bi\u1ec3n, k\u00edch th\u01b0\u1edbc nh\u1ecf, ch\u1ed1ng ch\u00e1y, ch\u1ed1ng ch\u00e1y kh\u00f4ng ch\u1ee9a halogen \u00edt kh\u00f3i.","robots":{"index":"index","follow":"follow","max-snippet":"max-snippet:-1","max-image-preview":"max-image-preview:large","max-video-preview":"max-video-preview:-1"},"canonical":"https:\/\/www.tstcables.com\/vi\/product\/cap-peek-nhe-chiu-muoi-kiem-cho-tau-thuy-duoc-su-dung-trong-moi-truong-khac-nghiet\/","og_locale":"vi_VN","og_type":"article","og_title":"C\u00e1p PEEK nh\u1eb9 ch\u1ecbu mu\u1ed1i ki\u1ec1m cho t\u00e0u th\u1ee7y","og_description":"C\u00e1p PEEK nh\u1eb9 ch\u1ecbu mu\u1ed1i-ki\u1ec1m d\u00f9ng cho t\u00e0u th\u1ee7y c\u00f3 kh\u1ea3 n\u0103ng ch\u1ed1ng n\u01b0\u1edbc bi\u1ec3n, k\u00edch th\u01b0\u1edbc nh\u1ecf, ch\u1ed1ng ch\u00e1y, ch\u1ed1ng ch\u00e1y kh\u00f4ng ch\u1ee9a halogen \u00edt kh\u00f3i.","og_url":"https:\/\/www.tstcables.com\/vi\/product\/cap-peek-nhe-chiu-muoi-kiem-cho-tau-thuy-duoc-su-dung-trong-moi-truong-khac-nghiet\/","og_site_name":"TST CABLES supplier &amp; Manufacture","og_image":[{"width":750,"height":750,"url":"https:\/\/www.tstcables.com\/wp-content\/uploads\/2024\/03\/1-20.jpg","type":"image\/jpeg"}],"twitter_card":"summary_large_image","twitter_misc":{"Est. reading time":"2 minutes"},"schema":{"@context":"https:\/\/schema.org","@graph":[{"@type":"WebPage","@id":"https:\/\/www.tstcables.com\/vi\/product\/cap-peek-nhe-chiu-muoi-kiem-cho-tau-thuy-duoc-su-dung-trong-moi-truong-khac-nghiet\/","url":"https:\/\/www.tstcables.com\/vi\/product\/cap-peek-nhe-chiu-muoi-kiem-cho-tau-thuy-duoc-su-dung-trong-moi-truong-khac-nghiet\/","name":"C\u00e1p PEEK nh\u1eb9 ch\u1ecbu mu\u1ed1i ki\u1ec1m cho t\u00e0u th\u1ee7y","isPartOf":{"@id":"https:\/\/www.tstcables.com\/vi\/#website"},"primaryImageOfPage":{"@id":"https:\/\/www.tstcables.com\/vi\/product\/cap-peek-nhe-chiu-muoi-kiem-cho-tau-thuy-duoc-su-dung-trong-moi-truong-khac-nghiet\/#primaryimage"},"image":{"@id":"https:\/\/www.tstcables.com\/vi\/product\/cap-peek-nhe-chiu-muoi-kiem-cho-tau-thuy-duoc-su-dung-trong-moi-truong-khac-nghiet\/#primaryimage"},"thumbnailUrl":"https:\/\/www.tstcables.com\/wp-content\/uploads\/2024\/03\/1-20.jpg","datePublished":"2024-03-23T09:32:34+00:00","description":"C\u00e1p PEEK nh\u1eb9 ch\u1ecbu mu\u1ed1i-ki\u1ec1m d\u00f9ng cho t\u00e0u th\u1ee7y c\u00f3 kh\u1ea3 n\u0103ng ch\u1ed1ng n\u01b0\u1edbc bi\u1ec3n, k\u00edch th\u01b0\u1edbc nh\u1ecf, ch\u1ed1ng ch\u00e1y, ch\u1ed1ng ch\u00e1y kh\u00f4ng ch\u1ee9a halogen \u00edt kh\u00f3i.","breadcrumb":{"@id":"https:\/\/www.tstcables.com\/vi\/product\/cap-peek-nhe-chiu-muoi-kiem-cho-tau-thuy-duoc-su-dung-trong-moi-truong-khac-nghiet\/#breadcrumb"},"inLanguage":"vi-VN","potentialAction":[{"@type":"ReadAction","target":["https:\/\/www.tstcables.com\/vi\/product\/cap-peek-nhe-chiu-muoi-kiem-cho-tau-thuy-duoc-su-dung-trong-moi-truong-khac-nghiet\/"]}]},{"@type":"ImageObject","inLanguage":"vi-VN","@id":"https:\/\/www.tstcables.com\/vi\/product\/cap-peek-nhe-chiu-muoi-kiem-cho-tau-thuy-duoc-su-dung-trong-moi-truong-khac-nghiet\/#primaryimage","url":"https:\/\/www.tstcables.com\/wp-content\/uploads\/2024\/03\/1-20.jpg","contentUrl":"https:\/\/www.tstcables.com\/wp-content\/uploads\/2024\/03\/1-20.jpg","width":750,"height":750,"caption":"AFPF200 AFPF250 Teflon high temperature shielded cable"},{"@type":"BreadcrumbList","@id":"https:\/\/www.tstcables.com\/vi\/product\/cap-peek-nhe-chiu-muoi-kiem-cho-tau-thuy-duoc-su-dung-trong-moi-truong-khac-nghiet\/#breadcrumb","itemListElement":[{"@type":"ListItem","position":1,"name":"\u9996\u9875","item":"https:\/\/www.tstcables.com\/vi\/"},{"@type":"ListItem","position":2,"name":"Product","item":"https:\/\/www.tstcables.com\/product\/"},{"@type":"ListItem","position":3,"name":"C\u00e1p PEEK nh\u1eb9 ch\u1ecbu mu\u1ed1i ki\u1ec1m cho t\u00e0u th\u1ee7y \u0111\u01b0\u1ee3c s\u1eed d\u1ee5ng trong m\u00f4i tr\u01b0\u1eddng kh\u1eafc nghi\u1ec7t"}]},{"@type":"WebSite","@id":"https:\/\/www.tstcables.com\/vi\/#website","url":"https:\/\/www.tstcables.com\/vi\/","name":"TST Cable supplier & Manufacture","description":"TST CABLES  supplier &amp; Manufacture official website","publisher":{"@id":"https:\/\/www.tstcables.com\/vi\/#organization"},"potentialAction":[{"@type":"SearchAction","target":{"@type":"EntryPoint","urlTemplate":"https:\/\/www.tstcables.com\/vi\/?s={search_term_string}"},"query-input":{"@type":"PropertyValueSpecification","valueRequired":true,"valueName":"search_term_string"}}],"inLanguage":"vi-VN"},{"@type":"Organization","@id":"https:\/\/www.tstcables.com\/vi\/#organization","name":"TST Cable supplier & Manufacture","url":"https:\/\/www.tstcables.com\/vi\/","logo":{"@type":"ImageObject","inLanguage":"vi-VN","@id":"https:\/\/www.tstcables.com\/vi\/#\/schema\/logo\/image\/","url":"https:\/\/www.tstcables.com\/wp-content\/uploads\/2024\/04\/cropped-\u753b\u677f-1-\u62f7\u8d1d-4-1.png","contentUrl":"https:\/\/www.tstcables.com\/wp-content\/uploads\/2024\/04\/cropped-\u753b\u677f-1-\u62f7\u8d1d-4-1.png","width":300,"height":100,"caption":"TST Cable supplier & Manufacture"},"image":{"@id":"https:\/\/www.tstcables.com\/vi\/#\/schema\/logo\/image\/"}}]}},"_links":{"self":[{"href":"https:\/\/www.tstcables.com\/vi\/wp-json\/wp\/v2\/product\/21064","targetHints":{"allow":["GET"]}}],"collection":[{"href":"https:\/\/www.tstcables.com\/vi\/wp-json\/wp\/v2\/product"}],"about":[{"href":"https:\/\/www.tstcables.com\/vi\/wp-json\/wp\/v2\/types\/product"}],"version-history":[{"count":0,"href":"https:\/\/www.tstcables.com\/vi\/wp-json\/wp\/v2\/product\/21064\/revisions"}],"wp:featuredmedia":[{"embeddable":true,"href":"https:\/\/www.tstcables.com\/vi\/wp-json\/wp\/v2\/media\/13040"}],"wp:attachment":[{"href":"https:\/\/www.tstcables.com\/vi\/wp-json\/wp\/v2\/media?parent=21064"}],"wp:term":[{"taxonomy":"product_brand","embeddable":true,"href":"https:\/\/www.tstcables.com\/vi\/wp-json\/wp\/v2\/product_brand?post=21064"},{"taxonomy":"product_cat","embeddable":true,"href":"https:\/\/www.tstcables.com\/vi\/wp-json\/wp\/v2\/product_cat?post=21064"},{"taxonomy":"product_tag","embeddable":true,"href":"https:\/\/www.tstcables.com\/vi\/wp-json\/wp\/v2\/product_tag?post=21064"}],"curies":[{"name":"wp","href":"https:\/\/api.w.org\/{rel}","templated":true}]}}