{"id":21067,"date":"2024-03-23T17:18:40","date_gmt":"2024-03-23T09:18:40","guid":{"rendered":"https:\/\/www.tstcables.com\/product\/cap-day-silicon-loi-don-duoc-bao-ve-bang-muoi-va-kiem-nhiet-do-cao-600v-peek\/"},"modified":"2024-03-23T17:18:40","modified_gmt":"2024-03-23T09:18:40","slug":"cap-day-silicon-loi-don-duoc-bao-ve-bang-muoi-va-kiem-nhiet-do-cao-600v-peek","status":"publish","type":"product","link":"https:\/\/www.tstcables.com\/vi\/product\/cap-day-silicon-loi-don-duoc-bao-ve-bang-muoi-va-kiem-nhiet-do-cao-600v-peek\/","title":{"rendered":"C\u00e1p &amp; d\u00e2y silicon l\u00f5i \u0111\u01a1n \u0111\u01b0\u1ee3c b\u1ea3o v\u1ec7 b\u1eb1ng mu\u1ed1i v\u00e0 ki\u1ec1m nhi\u1ec7t \u0111\u1ed9 cao 600V PEEK"},"content":{"rendered":"<p><strong>C\u00e1c \u1ee9ng d\u1ee5ng<\/strong><\/p>\n<p>C\u00e1p v\u00e0 d\u00e2y silicon \u0111\u01b0\u1ee3c b\u1ea3o v\u1ec7 l\u00f5i \u0111\u01a1n kh\u00e1ng mu\u1ed1i v\u00e0 ki\u1ec1m 600V PEEK c\u00f3 kh\u1ea3 n\u0103ng ch\u1ed1ng n\u01b0\u1edbc bi\u1ec3n, tr\u1ecdng l\u01b0\u1ee3ng nh\u1eb9, k\u00edch th\u01b0\u1edbc nh\u1ecf, ch\u1ed1ng ch\u00e1y, ch\u1ed1ng ch\u00e1y kh\u00f4ng kh\u00f3i halogen th\u1ea5p, ch\u1ecbu nhi\u1ec7t \u0111\u1ed9 cao v\u00e0 th\u1ea5p, ch\u1ed1ng b\u1ee9c x\u1ea1 v\u00e0 t\u00ednh ch\u1ea5t c\u01a1 h\u1ecdc t\u1ed1t. N\u00f3 \u0111\u01b0\u1ee3c s\u1eed d\u1ee5ng r\u1ed9ng r\u00e3i trong c\u00e1c d\u00e2y nhi\u1ec7t \u0111\u1ed9 c\u1ef1c cao cho \u0111\u1ea7u m\u00e1y xe l\u1eeda, t\u00e0u th\u1ee7y v\u00e0 ng\u00e0nh h\u00e0ng kh\u00f4ng v\u1eadn chuy\u1ec3n t\u1ed1c \u0111\u1ed9 cao; D\u00e2y qu\u1ea5n \u0111\u1ed9ng c\u01a1 m\u00e1y b\u01a1m ch\u00ecm m\u1ecf d\u1ea7u, d\u00e2y d\u1eabn \u0111\u1ed9ng c\u01a1 m\u00e1y b\u01a1m ch\u00ecm gi\u1ebfng d\u1ea7u s\u00e2u, d\u00e2y qu\u1ea5n \u0111\u1ed9ng c\u01a1 h\u1ea1t nh\u00e2n v\u00e0 \u0111\u1ea7u cu\u1ed1i c\u1ea3m bi\u1ebfn, v.v.<\/p>\n<p>&nbsp;<\/p>\n<p><strong>Ti\u00eau chu\u1ea9n c\u00f4ng nghi\u1ec7p<\/strong><\/p>\n<ul>\n<li>lEN45545-2<\/li>\n<\/ul>\n<p><strong>T\u00ednh n\u0103ng s\u1ea3n ph\u1ea9m:<\/strong><\/p>\n<ol>\n<li>Kh\u1ea3 n\u0103ng ch\u1ecbu nhi\u1ec7t \u0111\u1ed9 d\u00e0i h\u1ea1n: -50-250oC<\/li>\n<li>Ch\u1ecbu \u0111\u01b0\u1ee3c c\u1ea5p \u0111i\u1ec7n \u00e1p: 300V 600V<\/li>\n<li>Kh\u1ea3 n\u0103ng ch\u1ed1ng b\u1ee9c x\u1ea1 gamma: 850KGy c\u00f3 th\u1ec3 s\u1eed d\u1ee5ng trong th\u1eddi gian d\u00e0i.<\/li>\n<li>\u00cdt kh\u00f3i, kh\u00f4ng halogen, ch\u1ed1ng ch\u00e1y, ch\u1ecbu nhi\u1ec7t \u0111\u1ed9 cao v\u00e0 th\u1ea5p<\/li>\n<\/ol>\n<p><strong>C\u00e1c th\u00f4ng s\u1ed1 k\u1ef9 thu\u1eadt<\/strong><\/p>\n<table class=\"tg\">\n<thead>\n<tr>\n<th class=\"tg-uzvj\">S\u1ed1 l\u01b0\u1ee3ng l\u00f5i<br \/>\nd\u00e2y v\u00e0 danh ngh\u0129a<br \/>\nm\u1eb7t c\u1eaft ngang<\/th>\n<th class=\"tg-uzvj\">t\u1ed1i thi\u1ec3u<br \/>\n\u0111\u1ed9 d\u00e0y<br \/>\nv\u1ecf b\u1ecdc<\/th>\n<th class=\"tg-uzvj\" colspan=\"2\">C\u00e1p b\u00ean ngo\u00e0i<br \/>\n\u0111\u01b0\u1eddng k\u00ednh D<\/th>\n<th class=\"tg-uzvj\">D\u00e2y d\u1eabn 20oC<br \/>\ns\u1ee9c ch\u1ed1ng c\u1ef1<\/th>\n<th class=\"tg-uzvj\">Trung b\u00ecnh<br \/>\nc\u00e2n n\u1eb7ng<\/th>\n<\/tr>\n<\/thead>\n<tbody>\n<tr>\n<td class=\"tg-c3ow\" rowspan=\"2\">mm2<\/td>\n<td class=\"tg-c3ow\" rowspan=\"2\">mm<\/td>\n<td class=\"tg-c3ow\">Min<\/td>\n<td class=\"tg-c3ow\">Max<\/td>\n<td class=\"tg-c3ow\">Max<\/td>\n<td class=\"tg-c3ow\" rowspan=\"2\">Kg\/km<\/td>\n<\/tr>\n<tr>\n<td class=\"tg-c3ow\">mm<\/td>\n<td class=\"tg-c3ow\">mm<\/td>\n<td class=\"tg-c3ow\">\u03a9\/km<\/td>\n<\/tr>\n<tr>\n<td class=\"tg-c3ow\">2*0.06<\/td>\n<td class=\"tg-9wq8\">0.25<\/td>\n<td class=\"tg-9wq8\">1.9<\/td>\n<td class=\"tg-9wq8\">2<\/td>\n<td class=\"tg-9wq8\">330<\/td>\n<td class=\"tg-9wq8\">3.78<\/td>\n<\/tr>\n<tr>\n<td class=\"tg-c3ow\">2*0.08<\/td>\n<td class=\"tg-9wq8\">0.25<\/td>\n<td class=\"tg-9wq8\">2.05<\/td>\n<td class=\"tg-9wq8\">2.15<\/td>\n<td class=\"tg-9wq8\">227<\/td>\n<td class=\"tg-9wq8\">4.52<\/td>\n<\/tr>\n<tr>\n<td class=\"tg-c3ow\">2*0.14<\/td>\n<td class=\"tg-9wq8\">0.25<\/td>\n<td class=\"tg-9wq8\">2.3<\/td>\n<td class=\"tg-9wq8\">2.4<\/td>\n<td class=\"tg-9wq8\">126<\/td>\n<td class=\"tg-9wq8\">6.29<\/td>\n<\/tr>\n<tr>\n<td class=\"tg-c3ow\">2*0.2<\/td>\n<td class=\"tg-9wq8\">0.25<\/td>\n<td class=\"tg-9wq8\">2.5<\/td>\n<td class=\"tg-9wq8\">2.6<\/td>\n<td class=\"tg-9wq8\">83.5<\/td>\n<td class=\"tg-9wq8\">7.88<\/td>\n<\/tr>\n<tr>\n<td class=\"tg-baqh\">2*0.35<\/td>\n<td class=\"tg-nrix\">0.25<\/td>\n<td class=\"tg-nrix\">2.8<\/td>\n<td class=\"tg-nrix\">2.9<\/td>\n<td class=\"tg-nrix\">49.5<\/td>\n<td class=\"tg-nrix\">10.67<\/td>\n<\/tr>\n<tr>\n<td class=\"tg-baqh\">2*0.5<\/td>\n<td class=\"tg-nrix\">0.25<\/td>\n<td class=\"tg-nrix\">3.1<\/td>\n<td class=\"tg-nrix\">3.2<\/td>\n<td class=\"tg-nrix\">40.1<\/td>\n<td class=\"tg-nrix\">13.94<\/td>\n<\/tr>\n<tr>\n<td class=\"tg-baqh\">3*0.06<\/td>\n<td class=\"tg-nrix\">0.25<\/td>\n<td class=\"tg-nrix\">2<\/td>\n<td class=\"tg-nrix\">2.1<\/td>\n<td class=\"tg-nrix\">330<\/td>\n<td class=\"tg-nrix\">4.85<\/td>\n<\/tr>\n<tr>\n<td class=\"tg-baqh\">3*0.08<\/td>\n<td class=\"tg-nrix\">0.25<\/td>\n<td class=\"tg-nrix\">2.15<\/td>\n<td class=\"tg-nrix\">2.25<\/td>\n<td class=\"tg-nrix\">227<\/td>\n<td class=\"tg-nrix\">5.82<\/td>\n<\/tr>\n<tr>\n<td class=\"tg-baqh\">3*0.14<\/td>\n<td class=\"tg-nrix\">0.25<\/td>\n<td class=\"tg-nrix\">2.45<\/td>\n<td class=\"tg-nrix\">2.55<\/td>\n<td class=\"tg-nrix\">126<\/td>\n<td class=\"tg-nrix\">8.43<\/td>\n<\/tr>\n<tr>\n<td class=\"tg-baqh\">3*0.2<\/td>\n<td class=\"tg-nrix\">0.25<\/td>\n<td class=\"tg-nrix\">2.65<\/td>\n<td class=\"tg-nrix\">2.75<\/td>\n<td class=\"tg-nrix\">83.5<\/td>\n<td class=\"tg-nrix\">10.72<\/td>\n<\/tr>\n<tr>\n<td class=\"tg-baqh\">3*0.35<\/td>\n<td class=\"tg-nrix\">0.25<\/td>\n<td class=\"tg-nrix\">3<\/td>\n<td class=\"tg-nrix\">3.1<\/td>\n<td class=\"tg-nrix\">49.5<\/td>\n<td class=\"tg-nrix\">14.76<\/td>\n<\/tr>\n<tr>\n<td class=\"tg-baqh\">3*0.5<\/td>\n<td class=\"tg-nrix\">0.25<\/td>\n<td class=\"tg-nrix\">3.3<\/td>\n<td class=\"tg-nrix\">3.4<\/td>\n<td class=\"tg-nrix\">40.1<\/td>\n<td class=\"tg-nrix\">19.52<\/td>\n<\/tr>\n<tr>\n<td class=\"tg-baqh\">4*0.06<\/td>\n<td class=\"tg-nrix\">0.25<\/td>\n<td class=\"tg-nrix\">2.2<\/td>\n<td class=\"tg-nrix\">2.3<\/td>\n<td class=\"tg-nrix\">330<\/td>\n<td class=\"tg-nrix\">6.01<\/td>\n<\/tr>\n<tr>\n<td class=\"tg-baqh\">4*0.08<\/td>\n<td class=\"tg-nrix\">0.25<\/td>\n<td class=\"tg-nrix\">2.35<\/td>\n<td class=\"tg-nrix\">2.45<\/td>\n<td class=\"tg-nrix\">227<\/td>\n<td class=\"tg-nrix\">7.26<\/td>\n<\/tr>\n<tr>\n<td class=\"tg-baqh\">4*0.14<\/td>\n<td class=\"tg-nrix\">0.25<\/td>\n<td class=\"tg-nrix\">2.65<\/td>\n<td class=\"tg-nrix\">2.75<\/td>\n<td class=\"tg-nrix\">126<\/td>\n<td class=\"tg-nrix\">10.69<\/td>\n<\/tr>\n<tr>\n<td class=\"tg-baqh\">4*0.2<\/td>\n<td class=\"tg-nrix\">0.25<\/td>\n<td class=\"tg-nrix\">2.9<\/td>\n<td class=\"tg-nrix\">3<\/td>\n<td class=\"tg-nrix\">83.5<\/td>\n<td class=\"tg-nrix\">13.68<\/td>\n<\/tr>\n<tr>\n<td class=\"tg-baqh\">4*0.35<\/td>\n<td class=\"tg-nrix\">0.25<\/td>\n<td class=\"tg-nrix\">3.3<\/td>\n<td class=\"tg-nrix\">3.4<\/td>\n<td class=\"tg-nrix\">49.5<\/td>\n<td class=\"tg-nrix\">18.98<\/td>\n<\/tr>\n<tr>\n<td class=\"tg-baqh\">4*0.5<\/td>\n<td class=\"tg-nrix\">0.25<\/td>\n<td class=\"tg-nrix\">3.65<\/td>\n<td class=\"tg-nrix\">3.75<\/td>\n<td class=\"tg-nrix\">40.1<\/td>\n<td class=\"tg-nrix\">25.25<\/td>\n<\/tr>\n<tr>\n<td class=\"tg-baqh\">5*0.06<\/td>\n<td class=\"tg-nrix\">0.25<\/td>\n<td class=\"tg-nrix\">2.4<\/td>\n<td class=\"tg-nrix\">2.5<\/td>\n<td class=\"tg-nrix\">330<\/td>\n<td class=\"tg-nrix\">7.19<\/td>\n<\/tr>\n<tr>\n<td class=\"tg-baqh\">5*0.08<\/td>\n<td class=\"tg-nrix\">0.25<\/td>\n<td class=\"tg-nrix\">2.55<\/td>\n<td class=\"tg-nrix\">2.65<\/td>\n<td class=\"tg-nrix\">227<\/td>\n<td class=\"tg-nrix\">8.73<\/td>\n<\/tr>\n<tr>\n<td class=\"tg-baqh\">5*0.14<\/td>\n<td class=\"tg-nrix\">0.25<\/td>\n<td class=\"tg-nrix\">2.95<\/td>\n<td class=\"tg-nrix\">3.05<\/td>\n<td class=\"tg-nrix\">126<\/td>\n<td class=\"tg-nrix\">12.95<\/td>\n<\/tr>\n<tr>\n<td class=\"tg-baqh\">5*0.2<\/td>\n<td class=\"tg-nrix\">0.25<\/td>\n<td class=\"tg-nrix\">3.2<\/td>\n<td class=\"tg-nrix\">3.3<\/td>\n<td class=\"tg-nrix\">83.5<\/td>\n<td class=\"tg-nrix\">16.66<\/td>\n<\/tr>\n<tr>\n<td class=\"tg-baqh\">5*0.35<\/td>\n<td class=\"tg-nrix\">0.25<\/td>\n<td class=\"tg-nrix\">3.6<\/td>\n<td class=\"tg-nrix\">3.7<\/td>\n<td class=\"tg-nrix\">49.5<\/td>\n<td class=\"tg-nrix\">23.25<\/td>\n<\/tr>\n<\/tbody>\n<\/table>\n","protected":false},"excerpt":{"rendered":"<p>C\u00e1p v\u00e0 d\u00e2y silicon \u0111\u01b0\u1ee3c b\u1ea3o v\u1ec7 l\u00f5i \u0111\u01a1n kh\u00e1ng mu\u1ed1i v\u00e0 ki\u1ec1m 600V PEEK c\u00f3 kh\u1ea3 n\u0103ng ch\u1ed1ng n\u01b0\u1edbc bi\u1ec3n, tr\u1ecdng l\u01b0\u1ee3ng nh\u1eb9, k\u00edch th\u01b0\u1edbc nh\u1ecf, ch\u1ed1ng ch\u00e1y, ch\u1ed1ng ch\u00e1y kh\u00f4ng kh\u00f3i halogen th\u1ea5p, ch\u1ecbu nhi\u1ec7t \u0111\u1ed9 cao v\u00e0 th\u1ea5p, ch\u1ed1ng b\u1ee9c x\u1ea1 v\u00e0 t\u00ednh ch\u1ea5t c\u01a1 h\u1ecdc t\u1ed1t.<\/p>\n","protected":false},"featured_media":13072,"template":"","meta":{"_eb_attr":"","site-sidebar-layout":"default","site-content-layout":"","ast-site-content-layout":"default","site-content-style":"default","site-sidebar-style":"default","ast-global-header-display":"","ast-banner-title-visibility":"","ast-main-header-display":"","ast-hfb-above-header-display":"","ast-hfb-below-header-display":"","ast-hfb-mobile-header-display":"","site-post-title":"","ast-breadcrumbs-content":"","ast-featured-img":"","footer-sml-layout":"","theme-transparent-header-meta":"default","adv-header-id-meta":"","stick-header-meta":"","header-above-stick-meta":"","header-main-stick-meta":"","header-below-stick-meta":"","astra-migrate-meta-layouts":"default","ast-page-background-enabled":"default","ast-page-background-meta":{"desktop":{"background-color":"","background-image":"","background-repeat":"repeat","background-position":"center center","background-size":"auto","background-attachment":"scroll","background-type":"","background-media":"","overlay-type":"","overlay-color":"","overlay-opacity":"","overlay-gradient":""},"tablet":{"background-color":"","background-image":"","background-repeat":"repeat","background-position":"center center","background-size":"auto","background-attachment":"scroll","background-type":"","background-media":"","overlay-type":"","overlay-color":"","overlay-opacity":"","overlay-gradient":""},"mobile":{"background-color":"","background-image":"","background-repeat":"repeat","background-position":"center center","background-size":"auto","background-attachment":"scroll","background-type":"","background-media":"","overlay-type":"","overlay-color":"","overlay-opacity":"","overlay-gradient":""}},"ast-content-background-meta":{"desktop":{"background-color":"var(--ast-global-color-5)","background-image":"","background-repeat":"repeat","background-position":"center center","background-size":"auto","background-attachment":"scroll","background-type":"","background-media":"","overlay-type":"","overlay-color":"","overlay-opacity":"","overlay-gradient":""},"tablet":{"background-color":"var(--ast-global-color-5)","background-image":"","background-repeat":"repeat","background-position":"center center","background-size":"auto","background-attachment":"scroll","background-type":"","background-media":"","overlay-type":"","overlay-color":"","overlay-opacity":"","overlay-gradient":""},"mobile":{"background-color":"var(--ast-global-color-5)","background-image":"","background-repeat":"repeat","background-position":"center center","background-size":"auto","background-attachment":"scroll","background-type":"","background-media":"","overlay-type":"","overlay-color":"","overlay-opacity":"","overlay-gradient":""}}},"product_brand":[],"product_cat":[1977,831,1989,826,836,842,827,828,829,834,825,835,832,1998],"product_tag":[1944,1947,1948],"class_list":{"0":"post-21067","1":"product","2":"type-product","3":"status-publish","4":"has-post-thumbnail","6":"product_cat-cap-chong-muoi-kiem","7":"product_cat-high-temperature-cable-vi","8":"product_cat-cap-peek","9":"product_cat-customized-cable-vi","10":"product_cat-oil-gas-vi","11":"product_cat-rail-way-vi","12":"product_cat-enstandard-cable-vi","13":"product_cat-en50264-vi","14":"product_cat-en50306-vi","15":"product_cat-marine-vi","16":"product_cat-aviation-vi","17":"product_cat-nuclear-vi","18":"product_cat-ice-standard-vi","19":"product_cat-khoi-luong-kg-km","20":"product_tag-cap-boc-loi-don-peek-polyetheretherketone","21":"product_tag-cap-boc-loi-don-peek-th-j-akk-200","22":"product_tag-th-j-akk-200-vi","23":"desktop-align-center","24":"tablet-align-left","25":"mobile-align-left","27":"first","28":"instock","29":"shipping-taxable","30":"product-type-simple"},"yoast_head":"<!-- This site is optimized with the Yoast SEO plugin v27.5 - https:\/\/yoast.com\/product\/yoast-seo-wordpress\/ -->\n<title>C\u00e1p &amp; d\u00e2y silicon l\u00f5i \u0111\u01a1n \u0111\u01b0\u1ee3c b\u1ea3o v\u1ec7 b\u1eb1ng mu\u1ed1i v\u00e0 ki\u1ec1m nhi\u1ec7t \u0111\u1ed9 cao 600V PEEK<\/title>\n<meta name=\"description\" content=\"C\u00e1p &amp; d\u00e2y silicon l\u00f5i \u0111\u01a1n \u0111\u01b0\u1ee3c b\u1ea3o v\u1ec7 b\u1eb1ng mu\u1ed1i v\u00e0 ki\u1ec1m nhi\u1ec7t \u0111\u1ed9 cao 600V PEEK c\u00f3 kh\u1ea3 n\u0103ng ch\u1ed1ng n\u01b0\u1edbc bi\u1ec3n, nh\u1eb9, k\u00edch th\u01b0\u1edbc nh\u1ecf, ch\u1ed1ng ch\u00e1y.\" \/>\n<meta name=\"robots\" content=\"index, follow, max-snippet:-1, max-image-preview:large, max-video-preview:-1\" \/>\n<link rel=\"canonical\" href=\"https:\/\/www.tstcables.com\/vi\/product\/cap-day-silicon-loi-don-duoc-bao-ve-bang-muoi-va-kiem-nhiet-do-cao-600v-peek\/\" \/>\n<meta property=\"og:locale\" content=\"vi_VN\" \/>\n<meta property=\"og:type\" content=\"article\" \/>\n<meta property=\"og:title\" content=\"C\u00e1p &amp; d\u00e2y silicon l\u00f5i \u0111\u01a1n \u0111\u01b0\u1ee3c b\u1ea3o v\u1ec7 b\u1eb1ng mu\u1ed1i v\u00e0 ki\u1ec1m nhi\u1ec7t \u0111\u1ed9 cao 600V PEEK\" \/>\n<meta property=\"og:description\" content=\"C\u00e1p &amp; d\u00e2y silicon l\u00f5i \u0111\u01a1n \u0111\u01b0\u1ee3c b\u1ea3o v\u1ec7 b\u1eb1ng mu\u1ed1i v\u00e0 ki\u1ec1m nhi\u1ec7t \u0111\u1ed9 cao 600V PEEK c\u00f3 kh\u1ea3 n\u0103ng ch\u1ed1ng n\u01b0\u1edbc bi\u1ec3n, nh\u1eb9, k\u00edch th\u01b0\u1edbc nh\u1ecf, ch\u1ed1ng ch\u00e1y.\" \/>\n<meta property=\"og:url\" content=\"https:\/\/www.tstcables.com\/vi\/product\/cap-day-silicon-loi-don-duoc-bao-ve-bang-muoi-va-kiem-nhiet-do-cao-600v-peek\/\" \/>\n<meta property=\"og:site_name\" content=\"TST CABLES supplier &amp; Manufacture\" \/>\n<meta property=\"og:image\" content=\"https:\/\/www.tstcables.com\/wp-content\/uploads\/2024\/03\/4-12.jpg\" \/>\n\t<meta property=\"og:image:width\" content=\"750\" \/>\n\t<meta property=\"og:image:height\" content=\"750\" \/>\n\t<meta property=\"og:image:type\" content=\"image\/jpeg\" \/>\n<meta name=\"twitter:card\" content=\"summary_large_image\" \/>\n<meta name=\"twitter:label1\" content=\"Est. reading time\" \/>\n\t<meta name=\"twitter:data1\" content=\"2 minutes\" \/>\n<script type=\"application\/ld+json\" class=\"yoast-schema-graph\">{\"@context\":\"https:\\\/\\\/schema.org\",\"@graph\":[{\"@type\":\"WebPage\",\"@id\":\"https:\\\/\\\/www.tstcables.com\\\/vi\\\/product\\\/cap-day-silicon-loi-don-duoc-bao-ve-bang-muoi-va-kiem-nhiet-do-cao-600v-peek\\\/\",\"url\":\"https:\\\/\\\/www.tstcables.com\\\/vi\\\/product\\\/cap-day-silicon-loi-don-duoc-bao-ve-bang-muoi-va-kiem-nhiet-do-cao-600v-peek\\\/\",\"name\":\"C\u00e1p & d\u00e2y silicon l\u00f5i \u0111\u01a1n \u0111\u01b0\u1ee3c b\u1ea3o v\u1ec7 b\u1eb1ng mu\u1ed1i v\u00e0 ki\u1ec1m nhi\u1ec7t \u0111\u1ed9 cao 600V PEEK\",\"isPartOf\":{\"@id\":\"https:\\\/\\\/www.tstcables.com\\\/vi\\\/#website\"},\"primaryImageOfPage\":{\"@id\":\"https:\\\/\\\/www.tstcables.com\\\/vi\\\/product\\\/cap-day-silicon-loi-don-duoc-bao-ve-bang-muoi-va-kiem-nhiet-do-cao-600v-peek\\\/#primaryimage\"},\"image\":{\"@id\":\"https:\\\/\\\/www.tstcables.com\\\/vi\\\/product\\\/cap-day-silicon-loi-don-duoc-bao-ve-bang-muoi-va-kiem-nhiet-do-cao-600v-peek\\\/#primaryimage\"},\"thumbnailUrl\":\"https:\\\/\\\/www.tstcables.com\\\/wp-content\\\/uploads\\\/2024\\\/03\\\/4-12.jpg\",\"datePublished\":\"2024-03-23T09:18:40+00:00\",\"description\":\"C\u00e1p & d\u00e2y silicon l\u00f5i \u0111\u01a1n \u0111\u01b0\u1ee3c b\u1ea3o v\u1ec7 b\u1eb1ng mu\u1ed1i v\u00e0 ki\u1ec1m nhi\u1ec7t \u0111\u1ed9 cao 600V PEEK c\u00f3 kh\u1ea3 n\u0103ng ch\u1ed1ng n\u01b0\u1edbc bi\u1ec3n, nh\u1eb9, k\u00edch th\u01b0\u1edbc nh\u1ecf, ch\u1ed1ng ch\u00e1y.\",\"breadcrumb\":{\"@id\":\"https:\\\/\\\/www.tstcables.com\\\/vi\\\/product\\\/cap-day-silicon-loi-don-duoc-bao-ve-bang-muoi-va-kiem-nhiet-do-cao-600v-peek\\\/#breadcrumb\"},\"inLanguage\":\"vi-VN\",\"potentialAction\":[{\"@type\":\"ReadAction\",\"target\":[\"https:\\\/\\\/www.tstcables.com\\\/vi\\\/product\\\/cap-day-silicon-loi-don-duoc-bao-ve-bang-muoi-va-kiem-nhiet-do-cao-600v-peek\\\/\"]}]},{\"@type\":\"ImageObject\",\"inLanguage\":\"vi-VN\",\"@id\":\"https:\\\/\\\/www.tstcables.com\\\/vi\\\/product\\\/cap-day-silicon-loi-don-duoc-bao-ve-bang-muoi-va-kiem-nhiet-do-cao-600v-peek\\\/#primaryimage\",\"url\":\"https:\\\/\\\/www.tstcables.com\\\/wp-content\\\/uploads\\\/2024\\\/03\\\/4-12.jpg\",\"contentUrl\":\"https:\\\/\\\/www.tstcables.com\\\/wp-content\\\/uploads\\\/2024\\\/03\\\/4-12.jpg\",\"width\":750,\"height\":750,\"caption\":\"Low smoke halogen-free type GN800\"},{\"@type\":\"BreadcrumbList\",\"@id\":\"https:\\\/\\\/www.tstcables.com\\\/vi\\\/product\\\/cap-day-silicon-loi-don-duoc-bao-ve-bang-muoi-va-kiem-nhiet-do-cao-600v-peek\\\/#breadcrumb\",\"itemListElement\":[{\"@type\":\"ListItem\",\"position\":1,\"name\":\"\u9996\u9875\",\"item\":\"https:\\\/\\\/www.tstcables.com\\\/vi\\\/\"},{\"@type\":\"ListItem\",\"position\":2,\"name\":\"Product\",\"item\":\"https:\\\/\\\/www.tstcables.com\\\/product\\\/\"},{\"@type\":\"ListItem\",\"position\":3,\"name\":\"C\u00e1p &amp; d\u00e2y silicon l\u00f5i \u0111\u01a1n \u0111\u01b0\u1ee3c b\u1ea3o v\u1ec7 b\u1eb1ng mu\u1ed1i v\u00e0 ki\u1ec1m nhi\u1ec7t \u0111\u1ed9 cao 600V PEEK\"}]},{\"@type\":\"WebSite\",\"@id\":\"https:\\\/\\\/www.tstcables.com\\\/vi\\\/#website\",\"url\":\"https:\\\/\\\/www.tstcables.com\\\/vi\\\/\",\"name\":\"TST Cable supplier & Manufacture\",\"description\":\"TST CABLES  supplier &amp; Manufacture official website\",\"publisher\":{\"@id\":\"https:\\\/\\\/www.tstcables.com\\\/vi\\\/#organization\"},\"potentialAction\":[{\"@type\":\"SearchAction\",\"target\":{\"@type\":\"EntryPoint\",\"urlTemplate\":\"https:\\\/\\\/www.tstcables.com\\\/vi\\\/?s={search_term_string}\"},\"query-input\":{\"@type\":\"PropertyValueSpecification\",\"valueRequired\":true,\"valueName\":\"search_term_string\"}}],\"inLanguage\":\"vi-VN\"},{\"@type\":\"Organization\",\"@id\":\"https:\\\/\\\/www.tstcables.com\\\/vi\\\/#organization\",\"name\":\"TST Cable supplier & Manufacture\",\"url\":\"https:\\\/\\\/www.tstcables.com\\\/vi\\\/\",\"logo\":{\"@type\":\"ImageObject\",\"inLanguage\":\"vi-VN\",\"@id\":\"https:\\\/\\\/www.tstcables.com\\\/vi\\\/#\\\/schema\\\/logo\\\/image\\\/\",\"url\":\"https:\\\/\\\/www.tstcables.com\\\/wp-content\\\/uploads\\\/2024\\\/04\\\/cropped-\u753b\u677f-1-\u62f7\u8d1d-4-1.png\",\"contentUrl\":\"https:\\\/\\\/www.tstcables.com\\\/wp-content\\\/uploads\\\/2024\\\/04\\\/cropped-\u753b\u677f-1-\u62f7\u8d1d-4-1.png\",\"width\":300,\"height\":100,\"caption\":\"TST Cable supplier & Manufacture\"},\"image\":{\"@id\":\"https:\\\/\\\/www.tstcables.com\\\/vi\\\/#\\\/schema\\\/logo\\\/image\\\/\"}}]}<\/script>\n<!-- \/ Yoast SEO plugin. -->","yoast_head_json":{"title":"C\u00e1p & d\u00e2y silicon l\u00f5i \u0111\u01a1n \u0111\u01b0\u1ee3c b\u1ea3o v\u1ec7 b\u1eb1ng mu\u1ed1i v\u00e0 ki\u1ec1m nhi\u1ec7t \u0111\u1ed9 cao 600V PEEK","description":"C\u00e1p & d\u00e2y silicon l\u00f5i \u0111\u01a1n \u0111\u01b0\u1ee3c b\u1ea3o v\u1ec7 b\u1eb1ng mu\u1ed1i v\u00e0 ki\u1ec1m nhi\u1ec7t \u0111\u1ed9 cao 600V PEEK c\u00f3 kh\u1ea3 n\u0103ng ch\u1ed1ng n\u01b0\u1edbc bi\u1ec3n, nh\u1eb9, k\u00edch th\u01b0\u1edbc nh\u1ecf, ch\u1ed1ng ch\u00e1y.","robots":{"index":"index","follow":"follow","max-snippet":"max-snippet:-1","max-image-preview":"max-image-preview:large","max-video-preview":"max-video-preview:-1"},"canonical":"https:\/\/www.tstcables.com\/vi\/product\/cap-day-silicon-loi-don-duoc-bao-ve-bang-muoi-va-kiem-nhiet-do-cao-600v-peek\/","og_locale":"vi_VN","og_type":"article","og_title":"C\u00e1p & d\u00e2y silicon l\u00f5i \u0111\u01a1n \u0111\u01b0\u1ee3c b\u1ea3o v\u1ec7 b\u1eb1ng mu\u1ed1i v\u00e0 ki\u1ec1m nhi\u1ec7t \u0111\u1ed9 cao 600V PEEK","og_description":"C\u00e1p & d\u00e2y silicon l\u00f5i \u0111\u01a1n \u0111\u01b0\u1ee3c b\u1ea3o v\u1ec7 b\u1eb1ng mu\u1ed1i v\u00e0 ki\u1ec1m nhi\u1ec7t \u0111\u1ed9 cao 600V PEEK c\u00f3 kh\u1ea3 n\u0103ng ch\u1ed1ng n\u01b0\u1edbc bi\u1ec3n, nh\u1eb9, k\u00edch th\u01b0\u1edbc nh\u1ecf, ch\u1ed1ng ch\u00e1y.","og_url":"https:\/\/www.tstcables.com\/vi\/product\/cap-day-silicon-loi-don-duoc-bao-ve-bang-muoi-va-kiem-nhiet-do-cao-600v-peek\/","og_site_name":"TST CABLES supplier &amp; Manufacture","og_image":[{"width":750,"height":750,"url":"https:\/\/www.tstcables.com\/wp-content\/uploads\/2024\/03\/4-12.jpg","type":"image\/jpeg"}],"twitter_card":"summary_large_image","twitter_misc":{"Est. reading time":"2 minutes"},"schema":{"@context":"https:\/\/schema.org","@graph":[{"@type":"WebPage","@id":"https:\/\/www.tstcables.com\/vi\/product\/cap-day-silicon-loi-don-duoc-bao-ve-bang-muoi-va-kiem-nhiet-do-cao-600v-peek\/","url":"https:\/\/www.tstcables.com\/vi\/product\/cap-day-silicon-loi-don-duoc-bao-ve-bang-muoi-va-kiem-nhiet-do-cao-600v-peek\/","name":"C\u00e1p & d\u00e2y silicon l\u00f5i \u0111\u01a1n \u0111\u01b0\u1ee3c b\u1ea3o v\u1ec7 b\u1eb1ng mu\u1ed1i v\u00e0 ki\u1ec1m nhi\u1ec7t \u0111\u1ed9 cao 600V PEEK","isPartOf":{"@id":"https:\/\/www.tstcables.com\/vi\/#website"},"primaryImageOfPage":{"@id":"https:\/\/www.tstcables.com\/vi\/product\/cap-day-silicon-loi-don-duoc-bao-ve-bang-muoi-va-kiem-nhiet-do-cao-600v-peek\/#primaryimage"},"image":{"@id":"https:\/\/www.tstcables.com\/vi\/product\/cap-day-silicon-loi-don-duoc-bao-ve-bang-muoi-va-kiem-nhiet-do-cao-600v-peek\/#primaryimage"},"thumbnailUrl":"https:\/\/www.tstcables.com\/wp-content\/uploads\/2024\/03\/4-12.jpg","datePublished":"2024-03-23T09:18:40+00:00","description":"C\u00e1p & d\u00e2y silicon l\u00f5i \u0111\u01a1n \u0111\u01b0\u1ee3c b\u1ea3o v\u1ec7 b\u1eb1ng mu\u1ed1i v\u00e0 ki\u1ec1m nhi\u1ec7t \u0111\u1ed9 cao 600V PEEK c\u00f3 kh\u1ea3 n\u0103ng ch\u1ed1ng n\u01b0\u1edbc bi\u1ec3n, nh\u1eb9, k\u00edch th\u01b0\u1edbc nh\u1ecf, ch\u1ed1ng ch\u00e1y.","breadcrumb":{"@id":"https:\/\/www.tstcables.com\/vi\/product\/cap-day-silicon-loi-don-duoc-bao-ve-bang-muoi-va-kiem-nhiet-do-cao-600v-peek\/#breadcrumb"},"inLanguage":"vi-VN","potentialAction":[{"@type":"ReadAction","target":["https:\/\/www.tstcables.com\/vi\/product\/cap-day-silicon-loi-don-duoc-bao-ve-bang-muoi-va-kiem-nhiet-do-cao-600v-peek\/"]}]},{"@type":"ImageObject","inLanguage":"vi-VN","@id":"https:\/\/www.tstcables.com\/vi\/product\/cap-day-silicon-loi-don-duoc-bao-ve-bang-muoi-va-kiem-nhiet-do-cao-600v-peek\/#primaryimage","url":"https:\/\/www.tstcables.com\/wp-content\/uploads\/2024\/03\/4-12.jpg","contentUrl":"https:\/\/www.tstcables.com\/wp-content\/uploads\/2024\/03\/4-12.jpg","width":750,"height":750,"caption":"Low smoke halogen-free type GN800"},{"@type":"BreadcrumbList","@id":"https:\/\/www.tstcables.com\/vi\/product\/cap-day-silicon-loi-don-duoc-bao-ve-bang-muoi-va-kiem-nhiet-do-cao-600v-peek\/#breadcrumb","itemListElement":[{"@type":"ListItem","position":1,"name":"\u9996\u9875","item":"https:\/\/www.tstcables.com\/vi\/"},{"@type":"ListItem","position":2,"name":"Product","item":"https:\/\/www.tstcables.com\/product\/"},{"@type":"ListItem","position":3,"name":"C\u00e1p &amp; d\u00e2y silicon l\u00f5i \u0111\u01a1n \u0111\u01b0\u1ee3c b\u1ea3o v\u1ec7 b\u1eb1ng mu\u1ed1i v\u00e0 ki\u1ec1m nhi\u1ec7t \u0111\u1ed9 cao 600V PEEK"}]},{"@type":"WebSite","@id":"https:\/\/www.tstcables.com\/vi\/#website","url":"https:\/\/www.tstcables.com\/vi\/","name":"TST Cable supplier & Manufacture","description":"TST CABLES  supplier &amp; Manufacture official website","publisher":{"@id":"https:\/\/www.tstcables.com\/vi\/#organization"},"potentialAction":[{"@type":"SearchAction","target":{"@type":"EntryPoint","urlTemplate":"https:\/\/www.tstcables.com\/vi\/?s={search_term_string}"},"query-input":{"@type":"PropertyValueSpecification","valueRequired":true,"valueName":"search_term_string"}}],"inLanguage":"vi-VN"},{"@type":"Organization","@id":"https:\/\/www.tstcables.com\/vi\/#organization","name":"TST Cable supplier & Manufacture","url":"https:\/\/www.tstcables.com\/vi\/","logo":{"@type":"ImageObject","inLanguage":"vi-VN","@id":"https:\/\/www.tstcables.com\/vi\/#\/schema\/logo\/image\/","url":"https:\/\/www.tstcables.com\/wp-content\/uploads\/2024\/04\/cropped-\u753b\u677f-1-\u62f7\u8d1d-4-1.png","contentUrl":"https:\/\/www.tstcables.com\/wp-content\/uploads\/2024\/04\/cropped-\u753b\u677f-1-\u62f7\u8d1d-4-1.png","width":300,"height":100,"caption":"TST Cable supplier & Manufacture"},"image":{"@id":"https:\/\/www.tstcables.com\/vi\/#\/schema\/logo\/image\/"}}]}},"_links":{"self":[{"href":"https:\/\/www.tstcables.com\/vi\/wp-json\/wp\/v2\/product\/21067","targetHints":{"allow":["GET"]}}],"collection":[{"href":"https:\/\/www.tstcables.com\/vi\/wp-json\/wp\/v2\/product"}],"about":[{"href":"https:\/\/www.tstcables.com\/vi\/wp-json\/wp\/v2\/types\/product"}],"version-history":[{"count":0,"href":"https:\/\/www.tstcables.com\/vi\/wp-json\/wp\/v2\/product\/21067\/revisions"}],"wp:featuredmedia":[{"embeddable":true,"href":"https:\/\/www.tstcables.com\/vi\/wp-json\/wp\/v2\/media\/13072"}],"wp:attachment":[{"href":"https:\/\/www.tstcables.com\/vi\/wp-json\/wp\/v2\/media?parent=21067"}],"wp:term":[{"taxonomy":"product_brand","embeddable":true,"href":"https:\/\/www.tstcables.com\/vi\/wp-json\/wp\/v2\/product_brand?post=21067"},{"taxonomy":"product_cat","embeddable":true,"href":"https:\/\/www.tstcables.com\/vi\/wp-json\/wp\/v2\/product_cat?post=21067"},{"taxonomy":"product_tag","embeddable":true,"href":"https:\/\/www.tstcables.com\/vi\/wp-json\/wp\/v2\/product_tag?post=21067"}],"curies":[{"name":"wp","href":"https:\/\/api.w.org\/{rel}","templated":true}]}}