{"id":21073,"date":"2024-03-23T17:12:26","date_gmt":"2024-03-23T09:12:26","guid":{"rendered":"https:\/\/www.tstcables.com\/product\/peek-cap-chong-chay-chong-chay-thap-khong-chua-halogen-ak250-300v\/"},"modified":"2024-03-23T17:12:26","modified_gmt":"2024-03-23T09:12:26","slug":"peek-cap-chong-chay-chong-chay-thap-khong-chua-halogen-ak250-300v","status":"publish","type":"product","link":"https:\/\/www.tstcables.com\/vi\/product\/peek-cap-chong-chay-chong-chay-thap-khong-chua-halogen-ak250-300v\/","title":{"rendered":"PEEK C\u00e1p ch\u1ed1ng ch\u00e1y ch\u1ed1ng ch\u00e1y th\u1ea5p kh\u00f4ng ch\u1ee9a halogen AK250 300V"},"content":{"rendered":"<p><strong>C\u00e1c \u1ee9ng d\u1ee5ng<\/strong><\/p>\n<p>C\u00e1p ch\u1ed1ng ch\u00e1y kh\u00f4ng ch\u1ee9a halogen th\u1ea5p PEEK c\u00f3 kh\u1ea3 n\u0103ng ch\u1ed1ng n\u01b0\u1edbc bi\u1ec3n, tr\u1ecdng l\u01b0\u1ee3ng nh\u1eb9, k\u00edch th\u01b0\u1edbc nh\u1ecf, ch\u1ed1ng ch\u00e1y, ch\u1ed1ng ch\u00e1y kh\u00f4ng ch\u1ee9a halogen \u00edt kh\u00f3i, ch\u1ecbu nhi\u1ec7t \u0111\u1ed9 cao v\u00e0 th\u1ea5p, ch\u1ed1ng b\u1ee9c x\u1ea1 v\u00e0 t\u00ednh ch\u1ea5t c\u01a1 h\u1ecdc t\u1ed1t. N\u00f3 \u0111\u01b0\u1ee3c s\u1eed d\u1ee5ng r\u1ed9ng r\u00e3i trong c\u00e1c d\u00e2y nhi\u1ec7t \u0111\u1ed9 c\u1ef1c cao cho \u0111\u1ea7u m\u00e1y xe l\u1eeda, t\u00e0u th\u1ee7y v\u00e0 ng\u00e0nh h\u00e0ng kh\u00f4ng v\u1eadn chuy\u1ec3n t\u1ed1c \u0111\u1ed9 cao; D\u00e2y qu\u1ea5n \u0111\u1ed9ng c\u01a1 m\u00e1y b\u01a1m ch\u00ecm m\u1ecf d\u1ea7u, d\u00e2y d\u1eabn \u0111\u1ed9ng c\u01a1 m\u00e1y b\u01a1m ch\u00ecm gi\u1ebfng d\u1ea7u s\u00e2u, d\u00e2y qu\u1ea5n \u0111\u1ed9ng c\u01a1 h\u1ea1t nh\u00e2n v\u00e0 \u0111\u1ea7u cu\u1ed1i c\u1ea3m bi\u1ebfn, v.v.<\/p>\n<p>&nbsp;<\/p>\n<p><strong>Ti\u00eau chu\u1ea9n c\u00f4ng nghi\u1ec7p<\/strong><\/p>\n<ul>\n<li>lEN45545-2<\/li>\n<\/ul>\n<p><strong>T\u00ednh n\u0103ng s\u1ea3n ph\u1ea9m:<\/strong><\/p>\n<ol>\n<li>Kh\u1ea3 n\u0103ng ch\u1ecbu nhi\u1ec7t \u0111\u1ed9 d\u00e0i h\u1ea1n: -50-250oC<\/li>\n<li>Ch\u1ecbu \u0111\u01b0\u1ee3c c\u1ea5p \u0111i\u1ec7n \u00e1p: 300V 600V<\/li>\n<li>Kh\u1ea3 n\u0103ng ch\u1ed1ng b\u1ee9c x\u1ea1 gamma: 850KGy c\u00f3 th\u1ec3 s\u1eed d\u1ee5ng trong th\u1eddi gian d\u00e0i.<\/li>\n<li>\u00cdt kh\u00f3i, kh\u00f4ng halogen, ch\u1ed1ng ch\u00e1y, ch\u1ecbu nhi\u1ec7t \u0111\u1ed9 cao v\u00e0 th\u1ea5p<\/li>\n<\/ol>\n<p><strong>C\u00e1c th\u00f4ng s\u1ed1 k\u1ef9 thu\u1eadt<\/strong><\/p>\n<table>\n<tbody>\n<tr>\n<td rowspan=\"2\"><strong><b>M\u1eb7t c\u1eaft danh ngh\u0129a<\/b><\/strong><\/td>\n<td><strong><b>k\u1ebft c\u1ea5u d\u00e2y d\u1eabn<\/b><\/strong><\/td>\n<td rowspan=\"2\"><strong><b>\u0110\u01b0\u1eddng k\u00ednh d\u00e2y d\u1eabn d<\/b><\/strong><\/td>\n<td rowspan=\"2\"><strong><b>\u0110\u1ed9 d\u00e0y c\u00e1ch nhi\u1ec7t<\/b><\/strong><\/td>\n<td rowspan=\"2\"><strong><b>\u0110\u01b0\u1eddng k\u00ednh ngo\u00e0i c\u1ee7a c\u00e1p D<\/b><\/strong><\/td>\n<td rowspan=\"2\"><strong><b>\u0110i\u1ec7n tr\u1edf d\u00e2y d\u1eabn 20oC<\/b><\/strong><\/td>\n<td rowspan=\"2\"><strong><b>Tr\u1ecdng l\u01b0\u1ee3ng trung b\u00ecnh<\/b><\/strong><\/td>\n<\/tr>\n<tr>\n<td><strong><b>g\u1ed1c\/\u0111\u01b0\u1eddng k\u00ednh<\/b><\/strong><\/td>\n<\/tr>\n<tr>\n<td rowspan=\"2\">mm 2<\/td>\n<td rowspan=\"2\">mm<\/td>\n<td>Min<\/td>\n<td>Min<\/td>\n<td>Min<\/td>\n<td>Max<\/td>\n<td rowspan=\"2\">Kg\/km<\/td>\n<\/tr>\n<tr>\n<td>mm<\/td>\n<td>mm<\/td>\n<td>mm<\/td>\n<td>\u03a9\/km<\/td>\n<\/tr>\n<tr>\n<td>0.06<\/td>\n<td>7\/0.10<\/td>\n<td>0.3<\/td>\n<td>0.18<\/td>\n<td>0.66<\/td>\n<td>330<\/td>\n<td>0.85<\/td>\n<\/tr>\n<tr>\n<td>0.08<\/td>\n<td>7\/0.12<\/td>\n<td>0.36<\/td>\n<td>0.18<\/td>\n<td>0.72<\/td>\n<td>227<\/td>\n<td>1.1<\/td>\n<\/tr>\n<tr>\n<td>0.14<\/td>\n<td>19\/0.10<\/td>\n<td>0.5<\/td>\n<td>0.2<\/td>\n<td>0.9<\/td>\n<td>126<\/td>\n<td>1.9<\/td>\n<\/tr>\n<tr>\n<td>0.2<\/td>\n<td>19\/0.12<\/td>\n<td>0.6<\/td>\n<td>0.2<\/td>\n<td>1<\/td>\n<td>83.5<\/td>\n<td>2.6<\/td>\n<\/tr>\n<tr>\n<td>0.4\/0.3<\/td>\n<td>19\/0.16<\/td>\n<td>0.8<\/td>\n<td>0.2<\/td>\n<td>1.2<\/td>\n<td>49.5<\/td>\n<td>4.3<\/td>\n<\/tr>\n<tr>\n<td>0.5<\/td>\n<td>19\/0.18<\/td>\n<td>0.9<\/td>\n<td>0.2<\/td>\n<td>1.4<\/td>\n<td>30.2<\/td>\n<td>5.3<\/td>\n<\/tr>\n<tr>\n<td>0.75<\/td>\n<td>37\/0.16<\/td>\n<td>1.12<\/td>\n<td>0.2<\/td>\n<td>1.52<\/td>\n<td>22.7<\/td>\n<td>7.8<\/td>\n<\/tr>\n<tr>\n<td>1<\/td>\n<td>37\/0.18<\/td>\n<td>1.26<\/td>\n<td>0.2<\/td>\n<td>1.66<\/td>\n<td>19<\/td>\n<td>9.7<\/td>\n<\/tr>\n<\/tbody>\n<\/table>\n<p>L\u01b0u \u00fd: S\u1ea3n ph\u1ea9m c\u00f3 th\u00f4ng s\u1ed1 k\u1ef9 thu\u1eadt kh\u00e1c c\u0169ng c\u00f3 th\u1ec3 t\u00f9y ch\u1ec9nh theo nhu c\u1ea7u<\/p>\n","protected":false},"excerpt":{"rendered":"<p>C\u00e1p ch\u1ed1ng ch\u00e1y kh\u00f4ng ch\u1ee9a halogen th\u1ea5p PEEK c\u00f3 kh\u1ea3 n\u0103ng ch\u1ed1ng n\u01b0\u1edbc bi\u1ec3n, tr\u1ecdng l\u01b0\u1ee3ng nh\u1eb9, k\u00edch th\u01b0\u1edbc nh\u1ecf, ch\u1ed1ng ch\u00e1y, ch\u1ed1ng ch\u00e1y kh\u00f4ng ch\u1ee9a halogen \u00edt kh\u00f3i, ch\u1ecbu nhi\u1ec7t \u0111\u1ed9 cao v\u00e0 th\u1ea5p, ch\u1ed1ng b\u1ee9c x\u1ea1 v\u00e0 t\u00ednh ch\u1ea5t c\u01a1 h\u1ecdc t\u1ed1t.<\/p>\n","protected":false},"featured_media":13048,"template":"","meta":{"_eb_attr":"","site-sidebar-layout":"default","site-content-layout":"","ast-site-content-layout":"default","site-content-style":"default","site-sidebar-style":"default","ast-global-header-display":"","ast-banner-title-visibility":"","ast-main-header-display":"","ast-hfb-above-header-display":"","ast-hfb-below-header-display":"","ast-hfb-mobile-header-display":"","site-post-title":"","ast-breadcrumbs-content":"","ast-featured-img":"","footer-sml-layout":"","theme-transparent-header-meta":"default","adv-header-id-meta":"","stick-header-meta":"","header-above-stick-meta":"","header-main-stick-meta":"","header-below-stick-meta":"","astra-migrate-meta-layouts":"default","ast-page-background-enabled":"default","ast-page-background-meta":{"desktop":{"background-color":"","background-image":"","background-repeat":"repeat","background-position":"center center","background-size":"auto","background-attachment":"scroll","background-type":"","background-media":"","overlay-type":"","overlay-color":"","overlay-opacity":"","overlay-gradient":""},"tablet":{"background-color":"","background-image":"","background-repeat":"repeat","background-position":"center center","background-size":"auto","background-attachment":"scroll","background-type":"","background-media":"","overlay-type":"","overlay-color":"","overlay-opacity":"","overlay-gradient":""},"mobile":{"background-color":"","background-image":"","background-repeat":"repeat","background-position":"center center","background-size":"auto","background-attachment":"scroll","background-type":"","background-media":"","overlay-type":"","overlay-color":"","overlay-opacity":"","overlay-gradient":""}},"ast-content-background-meta":{"desktop":{"background-color":"var(--ast-global-color-5)","background-image":"","background-repeat":"repeat","background-position":"center center","background-size":"auto","background-attachment":"scroll","background-type":"","background-media":"","overlay-type":"","overlay-color":"","overlay-opacity":"","overlay-gradient":""},"tablet":{"background-color":"var(--ast-global-color-5)","background-image":"","background-repeat":"repeat","background-position":"center center","background-size":"auto","background-attachment":"scroll","background-type":"","background-media":"","overlay-type":"","overlay-color":"","overlay-opacity":"","overlay-gradient":""},"mobile":{"background-color":"var(--ast-global-color-5)","background-image":"","background-repeat":"repeat","background-position":"center center","background-size":"auto","background-attachment":"scroll","background-type":"","background-media":"","overlay-type":"","overlay-color":"","overlay-opacity":"","overlay-gradient":""}}},"product_brand":[],"product_cat":[1993,833,831,1989,826,836,842,827,828,829,834,825,835,832,847],"product_tag":[1944,1945,1943],"class_list":{"0":"post-21073","1":"product","2":"type-product","3":"status-publish","4":"has-post-thumbnail","6":"product_cat-cap-chong-mai-mon","7":"product_cat-lsoh-cable-vi","8":"product_cat-high-temperature-cable-vi","9":"product_cat-cap-peek","10":"product_cat-customized-cable-vi","11":"product_cat-oil-gas-vi","12":"product_cat-rail-way-vi","13":"product_cat-enstandard-cable-vi","14":"product_cat-en50264-vi","15":"product_cat-en50306-vi","16":"product_cat-marine-vi","17":"product_cat-aviation-vi","18":"product_cat-nuclear-vi","19":"product_cat-ice-standard-vi","20":"product_cat-wind-power-vi","21":"product_tag-cap-boc-loi-don-peek-polyetheretherketone","22":"product_tag-cap-boc-loi-don-th-j-ak-250","23":"product_tag-cap-loi-don","24":"desktop-align-center","25":"tablet-align-left","26":"mobile-align-left","28":"first","29":"instock","30":"shipping-taxable","31":"product-type-simple"},"yoast_head":"<!-- This site is optimized with the Yoast SEO plugin v27.4 - https:\/\/yoast.com\/product\/yoast-seo-wordpress\/ -->\n<title>PEEK C\u00e1p ch\u1ed1ng ch\u00e1y ch\u1ed1ng ch\u00e1y th\u1ea5p kh\u00f4ng ch\u1ee9a halogen<\/title>\n<meta name=\"description\" content=\"C\u00e1p ch\u1ed1ng ch\u00e1y kh\u00f4ng ch\u1ee9a halogen th\u1ea5p PEEK c\u00f3 kh\u1ea3 n\u0103ng ch\u1ed1ng n\u01b0\u1edbc bi\u1ec3n, tr\u1ecdng l\u01b0\u1ee3ng nh\u1eb9, k\u00edch th\u01b0\u1edbc nh\u1ecf, kh\u1ea3 n\u0103ng ch\u1ed1ng ch\u00e1y.\" \/>\n<meta name=\"robots\" content=\"index, follow, max-snippet:-1, max-image-preview:large, max-video-preview:-1\" \/>\n<link rel=\"canonical\" href=\"https:\/\/www.tstcables.com\/vi\/product\/peek-cap-chong-chay-chong-chay-thap-khong-chua-halogen-ak250-300v\/\" \/>\n<meta property=\"og:locale\" content=\"vi_VN\" \/>\n<meta property=\"og:type\" content=\"article\" \/>\n<meta property=\"og:title\" content=\"PEEK C\u00e1p ch\u1ed1ng ch\u00e1y ch\u1ed1ng ch\u00e1y th\u1ea5p kh\u00f4ng ch\u1ee9a halogen\" \/>\n<meta property=\"og:description\" content=\"C\u00e1p ch\u1ed1ng ch\u00e1y kh\u00f4ng ch\u1ee9a halogen th\u1ea5p PEEK c\u00f3 kh\u1ea3 n\u0103ng ch\u1ed1ng n\u01b0\u1edbc bi\u1ec3n, tr\u1ecdng l\u01b0\u1ee3ng nh\u1eb9, k\u00edch th\u01b0\u1edbc nh\u1ecf, kh\u1ea3 n\u0103ng ch\u1ed1ng ch\u00e1y.\" \/>\n<meta property=\"og:url\" content=\"https:\/\/www.tstcables.com\/vi\/product\/peek-cap-chong-chay-chong-chay-thap-khong-chua-halogen-ak250-300v\/\" \/>\n<meta property=\"og:site_name\" content=\"TST CABLES supplier &amp; Manufacture\" \/>\n<meta property=\"og:image\" content=\"https:\/\/www.tstcables.com\/wp-content\/uploads\/2024\/03\/1-21.jpg\" \/>\n\t<meta property=\"og:image:width\" content=\"750\" \/>\n\t<meta property=\"og:image:height\" content=\"750\" \/>\n\t<meta property=\"og:image:type\" content=\"image\/jpeg\" \/>\n<meta name=\"twitter:card\" content=\"summary_large_image\" \/>\n<meta name=\"twitter:label1\" content=\"Est. reading time\" \/>\n\t<meta name=\"twitter:data1\" content=\"2 minutes\" \/>\n<script type=\"application\/ld+json\" class=\"yoast-schema-graph\">{\"@context\":\"https:\\\/\\\/schema.org\",\"@graph\":[{\"@type\":\"WebPage\",\"@id\":\"https:\\\/\\\/www.tstcables.com\\\/vi\\\/product\\\/peek-cap-chong-chay-chong-chay-thap-khong-chua-halogen-ak250-300v\\\/\",\"url\":\"https:\\\/\\\/www.tstcables.com\\\/vi\\\/product\\\/peek-cap-chong-chay-chong-chay-thap-khong-chua-halogen-ak250-300v\\\/\",\"name\":\"PEEK C\u00e1p ch\u1ed1ng ch\u00e1y ch\u1ed1ng ch\u00e1y th\u1ea5p kh\u00f4ng ch\u1ee9a halogen\",\"isPartOf\":{\"@id\":\"https:\\\/\\\/www.tstcables.com\\\/vi\\\/#website\"},\"primaryImageOfPage\":{\"@id\":\"https:\\\/\\\/www.tstcables.com\\\/vi\\\/product\\\/peek-cap-chong-chay-chong-chay-thap-khong-chua-halogen-ak250-300v\\\/#primaryimage\"},\"image\":{\"@id\":\"https:\\\/\\\/www.tstcables.com\\\/vi\\\/product\\\/peek-cap-chong-chay-chong-chay-thap-khong-chua-halogen-ak250-300v\\\/#primaryimage\"},\"thumbnailUrl\":\"https:\\\/\\\/www.tstcables.com\\\/wp-content\\\/uploads\\\/2024\\\/03\\\/1-21.jpg\",\"datePublished\":\"2024-03-23T09:12:26+00:00\",\"description\":\"C\u00e1p ch\u1ed1ng ch\u00e1y kh\u00f4ng ch\u1ee9a halogen th\u1ea5p PEEK c\u00f3 kh\u1ea3 n\u0103ng ch\u1ed1ng n\u01b0\u1edbc bi\u1ec3n, tr\u1ecdng l\u01b0\u1ee3ng nh\u1eb9, k\u00edch th\u01b0\u1edbc nh\u1ecf, kh\u1ea3 n\u0103ng ch\u1ed1ng ch\u00e1y.\",\"breadcrumb\":{\"@id\":\"https:\\\/\\\/www.tstcables.com\\\/vi\\\/product\\\/peek-cap-chong-chay-chong-chay-thap-khong-chua-halogen-ak250-300v\\\/#breadcrumb\"},\"inLanguage\":\"vi-VN\",\"potentialAction\":[{\"@type\":\"ReadAction\",\"target\":[\"https:\\\/\\\/www.tstcables.com\\\/vi\\\/product\\\/peek-cap-chong-chay-chong-chay-thap-khong-chua-halogen-ak250-300v\\\/\"]}]},{\"@type\":\"ImageObject\",\"inLanguage\":\"vi-VN\",\"@id\":\"https:\\\/\\\/www.tstcables.com\\\/vi\\\/product\\\/peek-cap-chong-chay-chong-chay-thap-khong-chua-halogen-ak250-300v\\\/#primaryimage\",\"url\":\"https:\\\/\\\/www.tstcables.com\\\/wp-content\\\/uploads\\\/2024\\\/03\\\/1-21.jpg\",\"contentUrl\":\"https:\\\/\\\/www.tstcables.com\\\/wp-content\\\/uploads\\\/2024\\\/03\\\/1-21.jpg\",\"width\":750,\"height\":750,\"caption\":\"Silicone High Voltage Wire & Cable\"},{\"@type\":\"BreadcrumbList\",\"@id\":\"https:\\\/\\\/www.tstcables.com\\\/vi\\\/product\\\/peek-cap-chong-chay-chong-chay-thap-khong-chua-halogen-ak250-300v\\\/#breadcrumb\",\"itemListElement\":[{\"@type\":\"ListItem\",\"position\":1,\"name\":\"\u9996\u9875\",\"item\":\"https:\\\/\\\/www.tstcables.com\\\/vi\\\/\"},{\"@type\":\"ListItem\",\"position\":2,\"name\":\"Product\",\"item\":\"https:\\\/\\\/www.tstcables.com\\\/product\\\/\"},{\"@type\":\"ListItem\",\"position\":3,\"name\":\"PEEK C\u00e1p ch\u1ed1ng ch\u00e1y ch\u1ed1ng ch\u00e1y th\u1ea5p kh\u00f4ng ch\u1ee9a halogen AK250 300V\"}]},{\"@type\":\"WebSite\",\"@id\":\"https:\\\/\\\/www.tstcables.com\\\/vi\\\/#website\",\"url\":\"https:\\\/\\\/www.tstcables.com\\\/vi\\\/\",\"name\":\"TST Cable supplier & Manufacture\",\"description\":\"TST CABLES  supplier &amp; Manufacture official website\",\"publisher\":{\"@id\":\"https:\\\/\\\/www.tstcables.com\\\/vi\\\/#organization\"},\"potentialAction\":[{\"@type\":\"SearchAction\",\"target\":{\"@type\":\"EntryPoint\",\"urlTemplate\":\"https:\\\/\\\/www.tstcables.com\\\/vi\\\/?s={search_term_string}\"},\"query-input\":{\"@type\":\"PropertyValueSpecification\",\"valueRequired\":true,\"valueName\":\"search_term_string\"}}],\"inLanguage\":\"vi-VN\"},{\"@type\":\"Organization\",\"@id\":\"https:\\\/\\\/www.tstcables.com\\\/vi\\\/#organization\",\"name\":\"TST Cable supplier & Manufacture\",\"url\":\"https:\\\/\\\/www.tstcables.com\\\/vi\\\/\",\"logo\":{\"@type\":\"ImageObject\",\"inLanguage\":\"vi-VN\",\"@id\":\"https:\\\/\\\/www.tstcables.com\\\/vi\\\/#\\\/schema\\\/logo\\\/image\\\/\",\"url\":\"https:\\\/\\\/www.tstcables.com\\\/wp-content\\\/uploads\\\/2024\\\/04\\\/cropped-\u753b\u677f-1-\u62f7\u8d1d-4-1.png\",\"contentUrl\":\"https:\\\/\\\/www.tstcables.com\\\/wp-content\\\/uploads\\\/2024\\\/04\\\/cropped-\u753b\u677f-1-\u62f7\u8d1d-4-1.png\",\"width\":300,\"height\":100,\"caption\":\"TST Cable supplier & Manufacture\"},\"image\":{\"@id\":\"https:\\\/\\\/www.tstcables.com\\\/vi\\\/#\\\/schema\\\/logo\\\/image\\\/\"}}]}<\/script>\n<!-- \/ Yoast SEO plugin. -->","yoast_head_json":{"title":"PEEK C\u00e1p ch\u1ed1ng ch\u00e1y ch\u1ed1ng ch\u00e1y th\u1ea5p kh\u00f4ng ch\u1ee9a halogen","description":"C\u00e1p ch\u1ed1ng ch\u00e1y kh\u00f4ng ch\u1ee9a halogen th\u1ea5p PEEK c\u00f3 kh\u1ea3 n\u0103ng ch\u1ed1ng n\u01b0\u1edbc bi\u1ec3n, tr\u1ecdng l\u01b0\u1ee3ng nh\u1eb9, k\u00edch th\u01b0\u1edbc nh\u1ecf, kh\u1ea3 n\u0103ng ch\u1ed1ng ch\u00e1y.","robots":{"index":"index","follow":"follow","max-snippet":"max-snippet:-1","max-image-preview":"max-image-preview:large","max-video-preview":"max-video-preview:-1"},"canonical":"https:\/\/www.tstcables.com\/vi\/product\/peek-cap-chong-chay-chong-chay-thap-khong-chua-halogen-ak250-300v\/","og_locale":"vi_VN","og_type":"article","og_title":"PEEK C\u00e1p ch\u1ed1ng ch\u00e1y ch\u1ed1ng ch\u00e1y th\u1ea5p kh\u00f4ng ch\u1ee9a halogen","og_description":"C\u00e1p ch\u1ed1ng ch\u00e1y kh\u00f4ng ch\u1ee9a halogen th\u1ea5p PEEK c\u00f3 kh\u1ea3 n\u0103ng ch\u1ed1ng n\u01b0\u1edbc bi\u1ec3n, tr\u1ecdng l\u01b0\u1ee3ng nh\u1eb9, k\u00edch th\u01b0\u1edbc nh\u1ecf, kh\u1ea3 n\u0103ng ch\u1ed1ng ch\u00e1y.","og_url":"https:\/\/www.tstcables.com\/vi\/product\/peek-cap-chong-chay-chong-chay-thap-khong-chua-halogen-ak250-300v\/","og_site_name":"TST CABLES supplier &amp; Manufacture","og_image":[{"width":750,"height":750,"url":"https:\/\/www.tstcables.com\/wp-content\/uploads\/2024\/03\/1-21.jpg","type":"image\/jpeg"}],"twitter_card":"summary_large_image","twitter_misc":{"Est. reading time":"2 minutes"},"schema":{"@context":"https:\/\/schema.org","@graph":[{"@type":"WebPage","@id":"https:\/\/www.tstcables.com\/vi\/product\/peek-cap-chong-chay-chong-chay-thap-khong-chua-halogen-ak250-300v\/","url":"https:\/\/www.tstcables.com\/vi\/product\/peek-cap-chong-chay-chong-chay-thap-khong-chua-halogen-ak250-300v\/","name":"PEEK C\u00e1p ch\u1ed1ng ch\u00e1y ch\u1ed1ng ch\u00e1y th\u1ea5p kh\u00f4ng ch\u1ee9a halogen","isPartOf":{"@id":"https:\/\/www.tstcables.com\/vi\/#website"},"primaryImageOfPage":{"@id":"https:\/\/www.tstcables.com\/vi\/product\/peek-cap-chong-chay-chong-chay-thap-khong-chua-halogen-ak250-300v\/#primaryimage"},"image":{"@id":"https:\/\/www.tstcables.com\/vi\/product\/peek-cap-chong-chay-chong-chay-thap-khong-chua-halogen-ak250-300v\/#primaryimage"},"thumbnailUrl":"https:\/\/www.tstcables.com\/wp-content\/uploads\/2024\/03\/1-21.jpg","datePublished":"2024-03-23T09:12:26+00:00","description":"C\u00e1p ch\u1ed1ng ch\u00e1y kh\u00f4ng ch\u1ee9a halogen th\u1ea5p PEEK c\u00f3 kh\u1ea3 n\u0103ng ch\u1ed1ng n\u01b0\u1edbc bi\u1ec3n, tr\u1ecdng l\u01b0\u1ee3ng nh\u1eb9, k\u00edch th\u01b0\u1edbc nh\u1ecf, kh\u1ea3 n\u0103ng ch\u1ed1ng ch\u00e1y.","breadcrumb":{"@id":"https:\/\/www.tstcables.com\/vi\/product\/peek-cap-chong-chay-chong-chay-thap-khong-chua-halogen-ak250-300v\/#breadcrumb"},"inLanguage":"vi-VN","potentialAction":[{"@type":"ReadAction","target":["https:\/\/www.tstcables.com\/vi\/product\/peek-cap-chong-chay-chong-chay-thap-khong-chua-halogen-ak250-300v\/"]}]},{"@type":"ImageObject","inLanguage":"vi-VN","@id":"https:\/\/www.tstcables.com\/vi\/product\/peek-cap-chong-chay-chong-chay-thap-khong-chua-halogen-ak250-300v\/#primaryimage","url":"https:\/\/www.tstcables.com\/wp-content\/uploads\/2024\/03\/1-21.jpg","contentUrl":"https:\/\/www.tstcables.com\/wp-content\/uploads\/2024\/03\/1-21.jpg","width":750,"height":750,"caption":"Silicone High Voltage Wire & Cable"},{"@type":"BreadcrumbList","@id":"https:\/\/www.tstcables.com\/vi\/product\/peek-cap-chong-chay-chong-chay-thap-khong-chua-halogen-ak250-300v\/#breadcrumb","itemListElement":[{"@type":"ListItem","position":1,"name":"\u9996\u9875","item":"https:\/\/www.tstcables.com\/vi\/"},{"@type":"ListItem","position":2,"name":"Product","item":"https:\/\/www.tstcables.com\/product\/"},{"@type":"ListItem","position":3,"name":"PEEK C\u00e1p ch\u1ed1ng ch\u00e1y ch\u1ed1ng ch\u00e1y th\u1ea5p kh\u00f4ng ch\u1ee9a halogen AK250 300V"}]},{"@type":"WebSite","@id":"https:\/\/www.tstcables.com\/vi\/#website","url":"https:\/\/www.tstcables.com\/vi\/","name":"TST Cable supplier & Manufacture","description":"TST CABLES  supplier &amp; Manufacture official website","publisher":{"@id":"https:\/\/www.tstcables.com\/vi\/#organization"},"potentialAction":[{"@type":"SearchAction","target":{"@type":"EntryPoint","urlTemplate":"https:\/\/www.tstcables.com\/vi\/?s={search_term_string}"},"query-input":{"@type":"PropertyValueSpecification","valueRequired":true,"valueName":"search_term_string"}}],"inLanguage":"vi-VN"},{"@type":"Organization","@id":"https:\/\/www.tstcables.com\/vi\/#organization","name":"TST Cable supplier & Manufacture","url":"https:\/\/www.tstcables.com\/vi\/","logo":{"@type":"ImageObject","inLanguage":"vi-VN","@id":"https:\/\/www.tstcables.com\/vi\/#\/schema\/logo\/image\/","url":"https:\/\/www.tstcables.com\/wp-content\/uploads\/2024\/04\/cropped-\u753b\u677f-1-\u62f7\u8d1d-4-1.png","contentUrl":"https:\/\/www.tstcables.com\/wp-content\/uploads\/2024\/04\/cropped-\u753b\u677f-1-\u62f7\u8d1d-4-1.png","width":300,"height":100,"caption":"TST Cable supplier & Manufacture"},"image":{"@id":"https:\/\/www.tstcables.com\/vi\/#\/schema\/logo\/image\/"}}]}},"_links":{"self":[{"href":"https:\/\/www.tstcables.com\/vi\/wp-json\/wp\/v2\/product\/21073","targetHints":{"allow":["GET"]}}],"collection":[{"href":"https:\/\/www.tstcables.com\/vi\/wp-json\/wp\/v2\/product"}],"about":[{"href":"https:\/\/www.tstcables.com\/vi\/wp-json\/wp\/v2\/types\/product"}],"version-history":[{"count":0,"href":"https:\/\/www.tstcables.com\/vi\/wp-json\/wp\/v2\/product\/21073\/revisions"}],"wp:featuredmedia":[{"embeddable":true,"href":"https:\/\/www.tstcables.com\/vi\/wp-json\/wp\/v2\/media\/13048"}],"wp:attachment":[{"href":"https:\/\/www.tstcables.com\/vi\/wp-json\/wp\/v2\/media?parent=21073"}],"wp:term":[{"taxonomy":"product_brand","embeddable":true,"href":"https:\/\/www.tstcables.com\/vi\/wp-json\/wp\/v2\/product_brand?post=21073"},{"taxonomy":"product_cat","embeddable":true,"href":"https:\/\/www.tstcables.com\/vi\/wp-json\/wp\/v2\/product_cat?post=21073"},{"taxonomy":"product_tag","embeddable":true,"href":"https:\/\/www.tstcables.com\/vi\/wp-json\/wp\/v2\/product_tag?post=21073"}],"curies":[{"name":"wp","href":"https:\/\/api.w.org\/{rel}","templated":true}]}}