{"id":21074,"date":"2024-03-23T15:14:21","date_gmt":"2024-03-23T07:14:21","guid":{"rendered":"https:\/\/www.tstcables.com\/product\/duong-sat-dc-ac-cap-nhieu-loi-chiu-mai-mon-bang-muoi-va-kiem-ap-suat-cao\/"},"modified":"2024-03-23T15:14:21","modified_gmt":"2024-03-23T07:14:21","slug":"duong-sat-dc-ac-cap-nhieu-loi-chiu-mai-mon-bang-muoi-va-kiem-ap-suat-cao","status":"publish","type":"product","link":"https:\/\/www.tstcables.com\/vi\/product\/duong-sat-dc-ac-cap-nhieu-loi-chiu-mai-mon-bang-muoi-va-kiem-ap-suat-cao\/","title":{"rendered":"\u0111\u01b0\u1eddng s\u1eaft DC\/AC C\u00e1p nhi\u1ec1u l\u00f5i ch\u1ecbu m\u00e0i m\u00f2n b\u1eb1ng mu\u1ed1i v\u00e0 ki\u1ec1m \u00e1p su\u1ea5t cao"},"content":{"rendered":"<p>\u1ee8ng d\u1ee5ng:<\/p>\n<p>\u0110\u01b0\u1eddng s\u1eaft DC\/AC C\u00e1p nhi\u1ec1u l\u00f5i ch\u1ecbu m\u00e0i m\u00f2n b\u1eb1ng mu\u1ed1i v\u00e0 ki\u1ec1m \u00e1p su\u1ea5t cao ph\u00f9 h\u1ee3p cho c\u1ea3 c\u00e1c b\u1ed9 ph\u1eadn c\u1ed1 \u0111\u1ecbnh v\u00e0 chuy\u1ec3n \u0111\u1ed9ng trong c\u00e1c k\u1ebft n\u1ed1i b\u00ean trong v\u00e0 b\u00ean ngo\u00e0i c\u1ee7a \u0111\u1ea7u m\u00e1y xe l\u1eeda v\u00e0 ph\u01b0\u01a1ng ti\u1ec7n, trong c\u1ea3 \u1ee9ng d\u1ee5ng DC v\u00e0 AC. N\u00f3 \u0111\u1eb7c bi\u1ec7t ph\u00f9 h\u1ee3p cho c\u00e1c \u1ee9ng d\u1ee5ng li\u00ean quan \u0111\u1ebfn c\u00f4ng ngh\u1ec7 bi\u1ebfn t\u1ea7n. N\u00f3 cung c\u1ea5p c\u00e1c k\u1ebft n\u1ed1i \u0111i\u1ec7n \u0111\u00e1ng tin c\u1eady \u0111\u1ed3ng th\u1eddi \u0111\u00e1p \u1ee9ng c\u00e1c ti\u00eau chu\u1ea9n hi\u1ec7u su\u1ea5t v\u00e0 an to\u00e0n nghi\u00eam ng\u1eb7t c\u1ea7n c\u00f3 trong c\u00e1c h\u1ec7 th\u1ed1ng v\u1eadn chuy\u1ec3n \u0111\u01b0\u1eddng s\u1eaft.<\/p>\n<p>\u0110\u1eb7c \u0111i\u1ec3m:<\/p>\n<ul>\n<li>Kh\u1ea3 n\u0103ng ch\u1ecbu nhi\u1ec7t \u0111\u1ed9: -40\u00b0C \u0111\u1ebfn 105\u00b0C.<\/li>\n<li>\u0110\u00e1nh gi\u00e1 \u0111i\u1ec7n \u00e1p: 3600V.<\/li>\n<li>X\u1ebfp h\u1ea1ng ch\u1ed1ng ch\u00e1y: HL3.<\/li>\n<li>\u0110\u1ed9 b\u1ec1n c\u00e1ch nhi\u1ec7t: L\u1edbn h\u01a1n 10MPa.<\/li>\n<li>\u0110\u1ed9 gi\u00e3n d\u00e0i khi \u0111\u1ee9t: L\u1edbn h\u01a1n 125%.<\/li>\n<li>B\u00e1n k\u00ednh u\u1ed1n c\u00e1p: 6 l\u1ea7n \u0111\u01b0\u1eddng k\u00ednh ngo\u00e0i c\u1ee7a c\u00e1p (6D).<\/li>\n<li>C\u00e1c t\u00ednh n\u0103ng: Ch\u1ed1ng leo, m\u00e0i m\u00f2n v\u00e0 n\u00e9n; \u00edt kh\u00f3i v\u00e0 kh\u00f4ng ch\u1ee9a halogen; kh\u00e1ng dung m\u00f4i; kh\u00e1ng axit v\u00e0 ki\u1ec1m; kh\u00e1ng d\u1ea7u kho\u00e1ng; kh\u00e1ng d\u1ea7u nhi\u00ean li\u1ec7u; kh\u1ea3 n\u0103ng ch\u1ecbu nhi\u1ec7t \u0111\u1ed9 th\u1ea5p v\u00e0 nhi\u1ec7t \u0111\u1ed9 cao tuy\u1ec7t v\u1eddi; k\u00edch th\u01b0\u1edbc nh\u1ecf g\u1ecdn v\u00e0 nh\u1eb9.<\/li>\n<\/ul>\n<p>Ti\u00eau chu\u1ea9n c\u00f4ng nghi\u1ec7p:<\/p>\n<ul>\n<li>TB\/T1484.1-2017<\/li>\n<li>TJ\/CL254-2013<\/li>\n<li>EN45545\u3001HL1\u3001HL2 \u3001 HL3<\/li>\n<li>N\u00f3 tu\u00e2n th\u1ee7 c\u00e1c y\u00eau c\u1ea7u c\u1ee7a BS6853:1999 \u0111\u1ed1i v\u1edbi \u0111\u1ea7u m\u00e1y xe l\u1eeda lo\u1ea1i la, lb v\u00e0 l li\u00ean quan \u0111\u1ebfn c\u00e1p b\u00ean trong v\u00e0 b\u00ean ngo\u00e0i.<\/li>\n<li>\u0110\u1ea1t ti\u00eau chu\u1ea9n BS 6853:1999 v\u00e0 DIN 5510-2:2009 v\u1ec1 ch\u00e1y, kh\u00f3i v\u00e0 \u0111\u1ed9c t\u00ednh.<\/li>\n<li>Tu\u00e2n th\u1ee7 c\u00e1c y\u00eau c\u1ea7u v\u1ec1 lo\u1ea1i d\u1ec5 ch\u00e1y S1~S5 trong DIN5510-2:2009.<\/li>\n<\/ul>\n<p>K\u1ebft c\u1ea5u:<\/p>\n<ul>\n<li>D\u00e2y d\u1eabn: D\u00e2y d\u1eabn b\u1eb1ng \u0111\u1ed3ng \u0111\u00f3ng h\u1ed9p c\u00f3 c\u1ea5u tr\u00fac Lo\u1ea1i 5 ho\u1eb7c Lo\u1ea1i 6.<\/li>\n<li>C\u00e1ch nhi\u1ec7t: Polyolefin li\u00ean k\u1ebft ngang (XLPO) \u0111\u1ea1t \u0111\u01b0\u1ee3c th\u00f4ng qua li\u00ean k\u1ebft ngang b\u1ee9c x\u1ea1.<\/li>\n<li>Che ch\u1eafn: B\u1ec7n \u0111\u1ed3ng \u0111\u00f3ng h\u1ed9p.<\/li>\n<li>\u00c1o kho\u00e1c: Polyolefin li\u00ean k\u1ebft ngang (XLPO) ho\u1eb7c v\u1eadt li\u1ec7u \u0111\u00e0n h\u1ed3i.<\/li>\n<\/ul>\n<p>Tham s\u1ed1 l\u1ef1a ch\u1ecdn<\/p>\n<table class=\"tg\">\n<thead>\n<tr>\n<th class=\"tg-0pky\" rowspan=\"2\">S\u1ed1 l\u00f5i * m\u1eb7t c\u1eaft danh ngh\u0129a<\/th>\n<th class=\"tg-0pky\" rowspan=\"2\"><span style=\"color: #000;\">\u0110\u01b0\u1eddng k\u00ednh d\u00e2y d\u1eabn (d)<\/span><\/th>\n<th class=\"tg-0pky\">\u0110\u1ed9 d\u00e0y trung b\u00ecnh c\u1ee7a l\u1edbp c\u00e1ch nhi\u1ec7t<\/th>\n<th class=\"tg-0pky\" colspan=\"2\">\u0110\u01b0\u1eddng k\u00ednh ngo\u00e0i D<\/th>\n<th class=\"tg-0lax\">\u0110i\u1ec7n tr\u1edf d\u00e2y d\u1eabn 20oC<\/th>\n<th class=\"tg-0lax\">\u0110i\u1ec7n tr\u1edf c\u00e1ch nhi\u1ec7t 20oC<\/th>\n<th class=\"tg-0lax\">\u0110i\u1ec7n tr\u1edf c\u00e1ch nhi\u1ec7t 90oC<\/th>\n<th class=\"tg-0lax\">Tr\u1ecdng l\u01b0\u1ee3ng tham kh\u1ea3o<\/th>\n<th class=\"tg-0lax\">Gi\u00e1 tr\u1ecb nhi\u1ec7t \u0111\u1ed1t<\/th>\n<\/tr>\n<tr>\n<th class=\"tg-0pky\"><span style=\"color: #000;\">Min. mm<\/span><\/th>\n<th class=\"tg-0pky\"><span style=\"color: #000;\">Min. mm<\/span><\/th>\n<th class=\"tg-0pky\"><span style=\"color: #000;\">Max. mm<\/span><\/th>\n<th class=\"tg-0lax\"><span style=\"color: #000;\">Max.\u03a9\/km<\/span><\/th>\n<th class=\"tg-0lax\"><span style=\"color: #000;\">Min. m\u03a9.km<\/span><\/th>\n<th class=\"tg-0lax\"><span style=\"color: #000;\">Min. m\u03a9.km<\/span><\/th>\n<th class=\"tg-0lax\"><span style=\"color: #000;\">kg\/km<\/span><\/th>\n<th class=\"tg-0lax\"><span style=\"color: #000;\">KJ\/m<\/span><\/th>\n<\/tr>\n<\/thead>\n<tbody>\n<tr>\n<td class=\"tg-0pky\"><span style=\"color: #000;\">3X4.0<\/span><\/td>\n<td class=\"tg-0pky\"><span style=\"color: #000;\">2.4<\/span><\/td>\n<td class=\"tg-0pky\"><span style=\"color: #000;\">1.6<\/span><\/td>\n<td class=\"tg-0pky\"><span style=\"color: #000;\">16<\/span><\/td>\n<td class=\"tg-0pky\"><span style=\"color: #000;\">17<\/span><\/td>\n<td class=\"tg-0lax\"><span style=\"color: #000;\">5.09<\/span><\/td>\n<td class=\"tg-0lax\"><span style=\"color: #000;\">40<\/span><\/td>\n<td class=\"tg-0lax\"><span style=\"color: #000;\">0.4<\/span><\/td>\n<td class=\"tg-0lax\"><span style=\"color: #000;\">181<\/span><\/td>\n<td class=\"tg-0lax\"><span style=\"color: #000;\">4476<\/span><\/td>\n<\/tr>\n<tr>\n<td class=\"tg-0pky\"><span style=\"color: #000;\">6X4.0<\/span><\/td>\n<td class=\"tg-0pky\"><span style=\"color: #000;\">2.4<\/span><\/td>\n<td class=\"tg-0pky\"><span style=\"color: #000;\">1.6<\/span><\/td>\n<td class=\"tg-0pky\"><span style=\"color: #000;\">22.3<\/span><\/td>\n<td class=\"tg-0pky\"><span style=\"color: #000;\">23.3<\/span><\/td>\n<td class=\"tg-0lax\"><span style=\"color: #000;\">5.09<\/span><\/td>\n<td class=\"tg-0lax\"><span style=\"color: #000;\">40<\/span><\/td>\n<td class=\"tg-0lax\"><span style=\"color: #000;\">0.4<\/span><\/td>\n<td class=\"tg-0lax\"><span style=\"color: #000;\">342<\/span><\/td>\n<td class=\"tg-0lax\"><span style=\"color: #000;\">8623<\/span><\/td>\n<\/tr>\n<tr>\n<td class=\"tg-0pky\"><span style=\"color: #000;\">4X6.0<\/span><\/td>\n<td class=\"tg-0pky\"><span style=\"color: #000;\">2.95<\/span><\/td>\n<td class=\"tg-0pky\"><span style=\"color: #000;\">1.6<\/span><\/td>\n<td class=\"tg-0pky\"><span style=\"color: #000;\">20.3<\/span><\/td>\n<td class=\"tg-0pky\"><span style=\"color: #000;\">21.3<\/span><\/td>\n<td class=\"tg-0lax\"><span style=\"color: #000;\">3.39<\/span><\/td>\n<td class=\"tg-0lax\"><span style=\"color: #000;\">35<\/span><\/td>\n<td class=\"tg-0lax\"><span style=\"color: #000;\">0.35<\/span><\/td>\n<td class=\"tg-0lax\"><span style=\"color: #000;\">317<\/span><\/td>\n<td class=\"tg-0lax\"><span style=\"color: #000;\">7022<\/span><\/td>\n<\/tr>\n<tr>\n<td class=\"tg-0lax\"><span style=\"color: #000;\">2X10<\/span><\/td>\n<td class=\"tg-0lax\"><span style=\"color: #000;\">3.9<\/span><\/td>\n<td class=\"tg-0lax\"><span style=\"color: #000;\">1.8<\/span><\/td>\n<td class=\"tg-0lax\"><span style=\"color: #000;\">19.2<\/span><\/td>\n<td class=\"tg-0lax\"><span style=\"color: #000;\">20.2<\/span><\/td>\n<td class=\"tg-0lax\"><span style=\"color: #000;\">1.95<\/span><\/td>\n<td class=\"tg-0lax\"><span style=\"color: #000;\">30<\/span><\/td>\n<td class=\"tg-0lax\"><span style=\"color: #000;\">0.3<\/span><\/td>\n<td class=\"tg-0lax\"><span style=\"color: #000;\">283<\/span><\/td>\n<td class=\"tg-0lax\"><span style=\"color: #000;\">5938<\/span><\/td>\n<\/tr>\n<tr>\n<td class=\"tg-0lax\"><span style=\"color: #000;\">4X35<\/span><\/td>\n<td class=\"tg-0lax\"><span style=\"color: #000;\">7.8<\/span><\/td>\n<td class=\"tg-0lax\"><span style=\"color: #000;\">2.4<\/span><\/td>\n<td class=\"tg-0lax\"><span style=\"color: #000;\">39<\/span><\/td>\n<td class=\"tg-0lax\"><span style=\"color: #000;\">40.4<\/span><\/td>\n<td class=\"tg-0lax\"><span style=\"color: #000;\">0.565<\/span><\/td>\n<td class=\"tg-0lax\"><span style=\"color: #000;\">25<\/span><\/td>\n<td class=\"tg-0lax\"><span style=\"color: #000;\">0.25<\/span><\/td>\n<td class=\"tg-0lax\"><span style=\"color: #000;\">1583<\/span><\/td>\n<td class=\"tg-0lax\"><span style=\"color: #000;\">19237<\/span><\/td>\n<\/tr>\n<\/tbody>\n<\/table>\n","protected":false},"excerpt":{"rendered":"<p>\u0111\u01b0\u1eddng s\u1eaft DC\/AC C\u00e1p nhi\u1ec1u l\u00f5i ch\u1ecbu m\u00e0i m\u00f2n b\u1eb1ng mu\u1ed1i v\u00e0 ki\u1ec1m \u00e1p su\u1ea5t cao l\u00e0 lo\u1ea1i c\u00e1p m\u1ed9t l\u00f5i nh\u1ecf g\u1ecdn v\u00e0 linh ho\u1ea1t, \u0111\u00e1p \u1ee9ng c\u00e1c y\u00eau c\u1ea7u c\u1ee7a c\u00e1p v\u1eadn chuy\u1ec3n \u0111\u01b0\u1eddng s\u1eaft hi\u1ec7n \u0111\u1ea1i. N\u00f3 c\u00f3 \u0111\u01b0\u1eddng k\u00ednh nh\u1ecf v\u00e0 thi\u1ebft k\u1ebf nh\u1eb9. N\u00f3 kh\u00f4ng ch\u1ee9a halogen, ch\u1ed1ng ch\u00e1y, \u00edt kh\u00f3i v\u00e0 \u00edt \u0111\u1ed9c t\u00ednh, \u0111\u00e1p \u1ee9ng c\u00e1c y\u00eau c\u1ea7u v\u1ec1 kh\u1ea3 n\u0103ng ch\u1ed1ng m\u00e0i m\u00f2n, ch\u1ed1ng ozon v\u00e0 ch\u1ed1ng d\u1ea7u.<\/p>\n<p>&nbsp;<\/p>\n","protected":false},"featured_media":12792,"template":"","meta":{"_eb_attr":"","site-sidebar-layout":"default","site-content-layout":"","ast-site-content-layout":"default","site-content-style":"default","site-sidebar-style":"default","ast-global-header-display":"","ast-banner-title-visibility":"","ast-main-header-display":"","ast-hfb-above-header-display":"","ast-hfb-below-header-display":"","ast-hfb-mobile-header-display":"","site-post-title":"","ast-breadcrumbs-content":"","ast-featured-img":"","footer-sml-layout":"","theme-transparent-header-meta":"default","adv-header-id-meta":"","stick-header-meta":"","header-above-stick-meta":"","header-main-stick-meta":"","header-below-stick-meta":"","astra-migrate-meta-layouts":"default","ast-page-background-enabled":"default","ast-page-background-meta":{"desktop":{"background-color":"","background-image":"","background-repeat":"repeat","background-position":"center center","background-size":"auto","background-attachment":"scroll","background-type":"","background-media":"","overlay-type":"","overlay-color":"","overlay-opacity":"","overlay-gradient":""},"tablet":{"background-color":"","background-image":"","background-repeat":"repeat","background-position":"center center","background-size":"auto","background-attachment":"scroll","background-type":"","background-media":"","overlay-type":"","overlay-color":"","overlay-opacity":"","overlay-gradient":""},"mobile":{"background-color":"","background-image":"","background-repeat":"repeat","background-position":"center center","background-size":"auto","background-attachment":"scroll","background-type":"","background-media":"","overlay-type":"","overlay-color":"","overlay-opacity":"","overlay-gradient":""}},"ast-content-background-meta":{"desktop":{"background-color":"var(--ast-global-color-5)","background-image":"","background-repeat":"repeat","background-position":"center center","background-size":"auto","background-attachment":"scroll","background-type":"","background-media":"","overlay-type":"","overlay-color":"","overlay-opacity":"","overlay-gradient":""},"tablet":{"background-color":"var(--ast-global-color-5)","background-image":"","background-repeat":"repeat","background-position":"center center","background-size":"auto","background-attachment":"scroll","background-type":"","background-media":"","overlay-type":"","overlay-color":"","overlay-opacity":"","overlay-gradient":""},"mobile":{"background-color":"var(--ast-global-color-5)","background-image":"","background-repeat":"repeat","background-position":"center center","background-size":"auto","background-attachment":"scroll","background-type":"","background-media":"","overlay-type":"","overlay-color":"","overlay-opacity":"","overlay-gradient":""}}},"product_brand":[],"product_cat":[1993,1977,833,831,826,842,827,828,829,830,825,832],"product_tag":[2024],"class_list":{"0":"post-21074","1":"product","2":"type-product","3":"status-publish","4":"has-post-thumbnail","6":"product_cat-cap-chong-mai-mon","7":"product_cat-cap-chong-muoi-kiem","8":"product_cat-lsoh-cable-vi","9":"product_cat-high-temperature-cable-vi","10":"product_cat-customized-cable-vi","11":"product_cat-rail-way-vi","12":"product_cat-enstandard-cable-vi","13":"product_cat-en50264-vi","14":"product_cat-en50306-vi","15":"product_cat-en50382-vi","16":"product_cat-aviation-vi","17":"product_cat-ice-standard-vi","18":"product_tag-day-cap-da-loi","19":"desktop-align-center","20":"tablet-align-left","21":"mobile-align-left","23":"first","24":"instock","25":"shipping-taxable","26":"product-type-simple"},"yoast_head":"<!-- This site is optimized with the Yoast SEO plugin v27.5 - https:\/\/yoast.com\/product\/yoast-seo-wordpress\/ -->\n<title>\u0111\u01b0\u1eddng s\u1eaft DC\/AC C\u00e1p nhi\u1ec1u l\u00f5i ch\u1ecbu m\u00e0i m\u00f2n b\u1eb1ng mu\u1ed1i v\u00e0 ki\u1ec1m \u00e1p su\u1ea5t cao<\/title>\n<meta name=\"description\" content=\"C\u00e1p nhi\u1ec1u l\u00f5i ch\u1ecbu m\u00e0i m\u00f2n b\u1eb1ng ki\u1ec1m v\u00e0 mu\u1ed1i \u00e1p su\u1ea5t cao DC\/AC \u0111\u01b0\u1eddng s\u1eaft \u0111\u00e1p \u1ee9ng c\u00e1c y\u00eau c\u1ea7u c\u1ee7a c\u00e1p v\u1eadn chuy\u1ec3n \u0111\u01b0\u1eddng s\u1eaft hi\u1ec7n \u0111\u1ea1i.\" \/>\n<meta name=\"robots\" content=\"index, follow, max-snippet:-1, max-image-preview:large, max-video-preview:-1\" \/>\n<link rel=\"canonical\" href=\"https:\/\/www.tstcables.com\/vi\/product\/duong-sat-dc-ac-cap-nhieu-loi-chiu-mai-mon-bang-muoi-va-kiem-ap-suat-cao\/\" \/>\n<meta property=\"og:locale\" content=\"vi_VN\" \/>\n<meta property=\"og:type\" content=\"article\" \/>\n<meta property=\"og:title\" content=\"\u0111\u01b0\u1eddng s\u1eaft DC\/AC C\u00e1p nhi\u1ec1u l\u00f5i ch\u1ecbu m\u00e0i m\u00f2n b\u1eb1ng mu\u1ed1i v\u00e0 ki\u1ec1m \u00e1p su\u1ea5t cao\" \/>\n<meta property=\"og:description\" content=\"C\u00e1p nhi\u1ec1u l\u00f5i ch\u1ecbu m\u00e0i m\u00f2n b\u1eb1ng ki\u1ec1m v\u00e0 mu\u1ed1i \u00e1p su\u1ea5t cao DC\/AC \u0111\u01b0\u1eddng s\u1eaft \u0111\u00e1p \u1ee9ng c\u00e1c y\u00eau c\u1ea7u c\u1ee7a c\u00e1p v\u1eadn chuy\u1ec3n \u0111\u01b0\u1eddng s\u1eaft hi\u1ec7n \u0111\u1ea1i.\" \/>\n<meta property=\"og:url\" content=\"https:\/\/www.tstcables.com\/vi\/product\/duong-sat-dc-ac-cap-nhieu-loi-chiu-mai-mon-bang-muoi-va-kiem-ap-suat-cao\/\" \/>\n<meta property=\"og:site_name\" content=\"TST CABLES supplier &amp; Manufacture\" \/>\n<meta property=\"og:image\" content=\"https:\/\/www.tstcables.com\/wp-content\/uploads\/2024\/03\/1-2.webp\" \/>\n\t<meta property=\"og:image:width\" content=\"640\" \/>\n\t<meta property=\"og:image:height\" content=\"640\" \/>\n\t<meta property=\"og:image:type\" content=\"image\/webp\" \/>\n<meta name=\"twitter:card\" content=\"summary_large_image\" \/>\n<meta name=\"twitter:label1\" content=\"Est. reading time\" \/>\n\t<meta name=\"twitter:data1\" content=\"3 minutes\" \/>\n<script type=\"application\/ld+json\" class=\"yoast-schema-graph\">{\"@context\":\"https:\\\/\\\/schema.org\",\"@graph\":[{\"@type\":\"WebPage\",\"@id\":\"https:\\\/\\\/www.tstcables.com\\\/vi\\\/product\\\/duong-sat-dc-ac-cap-nhieu-loi-chiu-mai-mon-bang-muoi-va-kiem-ap-suat-cao\\\/\",\"url\":\"https:\\\/\\\/www.tstcables.com\\\/vi\\\/product\\\/duong-sat-dc-ac-cap-nhieu-loi-chiu-mai-mon-bang-muoi-va-kiem-ap-suat-cao\\\/\",\"name\":\"\u0111\u01b0\u1eddng s\u1eaft DC\\\/AC C\u00e1p nhi\u1ec1u l\u00f5i ch\u1ecbu m\u00e0i m\u00f2n b\u1eb1ng mu\u1ed1i v\u00e0 ki\u1ec1m \u00e1p su\u1ea5t cao\",\"isPartOf\":{\"@id\":\"https:\\\/\\\/www.tstcables.com\\\/vi\\\/#website\"},\"primaryImageOfPage\":{\"@id\":\"https:\\\/\\\/www.tstcables.com\\\/vi\\\/product\\\/duong-sat-dc-ac-cap-nhieu-loi-chiu-mai-mon-bang-muoi-va-kiem-ap-suat-cao\\\/#primaryimage\"},\"image\":{\"@id\":\"https:\\\/\\\/www.tstcables.com\\\/vi\\\/product\\\/duong-sat-dc-ac-cap-nhieu-loi-chiu-mai-mon-bang-muoi-va-kiem-ap-suat-cao\\\/#primaryimage\"},\"thumbnailUrl\":\"https:\\\/\\\/www.tstcables.com\\\/wp-content\\\/uploads\\\/2024\\\/03\\\/1-2.webp\",\"datePublished\":\"2024-03-23T07:14:21+00:00\",\"description\":\"C\u00e1p nhi\u1ec1u l\u00f5i ch\u1ecbu m\u00e0i m\u00f2n b\u1eb1ng ki\u1ec1m v\u00e0 mu\u1ed1i \u00e1p su\u1ea5t cao DC\\\/AC \u0111\u01b0\u1eddng s\u1eaft \u0111\u00e1p \u1ee9ng c\u00e1c y\u00eau c\u1ea7u c\u1ee7a c\u00e1p v\u1eadn chuy\u1ec3n \u0111\u01b0\u1eddng s\u1eaft hi\u1ec7n \u0111\u1ea1i.\",\"breadcrumb\":{\"@id\":\"https:\\\/\\\/www.tstcables.com\\\/vi\\\/product\\\/duong-sat-dc-ac-cap-nhieu-loi-chiu-mai-mon-bang-muoi-va-kiem-ap-suat-cao\\\/#breadcrumb\"},\"inLanguage\":\"vi-VN\",\"potentialAction\":[{\"@type\":\"ReadAction\",\"target\":[\"https:\\\/\\\/www.tstcables.com\\\/vi\\\/product\\\/duong-sat-dc-ac-cap-nhieu-loi-chiu-mai-mon-bang-muoi-va-kiem-ap-suat-cao\\\/\"]}]},{\"@type\":\"ImageObject\",\"inLanguage\":\"vi-VN\",\"@id\":\"https:\\\/\\\/www.tstcables.com\\\/vi\\\/product\\\/duong-sat-dc-ac-cap-nhieu-loi-chiu-mai-mon-bang-muoi-va-kiem-ap-suat-cao\\\/#primaryimage\",\"url\":\"https:\\\/\\\/www.tstcables.com\\\/wp-content\\\/uploads\\\/2024\\\/03\\\/1-2.webp\",\"contentUrl\":\"https:\\\/\\\/www.tstcables.com\\\/wp-content\\\/uploads\\\/2024\\\/03\\\/1-2.webp\",\"width\":640,\"height\":640,\"caption\":\"CAT7 cable (Category 7 network cable) EN50264 fire-resistant wire &cableEN50264 fire-resistant wire &cable\"},{\"@type\":\"BreadcrumbList\",\"@id\":\"https:\\\/\\\/www.tstcables.com\\\/vi\\\/product\\\/duong-sat-dc-ac-cap-nhieu-loi-chiu-mai-mon-bang-muoi-va-kiem-ap-suat-cao\\\/#breadcrumb\",\"itemListElement\":[{\"@type\":\"ListItem\",\"position\":1,\"name\":\"\u9996\u9875\",\"item\":\"https:\\\/\\\/www.tstcables.com\\\/vi\\\/\"},{\"@type\":\"ListItem\",\"position\":2,\"name\":\"Product\",\"item\":\"https:\\\/\\\/www.tstcables.com\\\/product\\\/\"},{\"@type\":\"ListItem\",\"position\":3,\"name\":\"\u0111\u01b0\u1eddng s\u1eaft DC\\\/AC C\u00e1p nhi\u1ec1u l\u00f5i ch\u1ecbu m\u00e0i m\u00f2n b\u1eb1ng mu\u1ed1i v\u00e0 ki\u1ec1m \u00e1p su\u1ea5t cao\"}]},{\"@type\":\"WebSite\",\"@id\":\"https:\\\/\\\/www.tstcables.com\\\/vi\\\/#website\",\"url\":\"https:\\\/\\\/www.tstcables.com\\\/vi\\\/\",\"name\":\"TST Cable supplier & Manufacture\",\"description\":\"TST CABLES  supplier &amp; Manufacture official website\",\"publisher\":{\"@id\":\"https:\\\/\\\/www.tstcables.com\\\/vi\\\/#organization\"},\"potentialAction\":[{\"@type\":\"SearchAction\",\"target\":{\"@type\":\"EntryPoint\",\"urlTemplate\":\"https:\\\/\\\/www.tstcables.com\\\/vi\\\/?s={search_term_string}\"},\"query-input\":{\"@type\":\"PropertyValueSpecification\",\"valueRequired\":true,\"valueName\":\"search_term_string\"}}],\"inLanguage\":\"vi-VN\"},{\"@type\":\"Organization\",\"@id\":\"https:\\\/\\\/www.tstcables.com\\\/vi\\\/#organization\",\"name\":\"TST Cable supplier & Manufacture\",\"url\":\"https:\\\/\\\/www.tstcables.com\\\/vi\\\/\",\"logo\":{\"@type\":\"ImageObject\",\"inLanguage\":\"vi-VN\",\"@id\":\"https:\\\/\\\/www.tstcables.com\\\/vi\\\/#\\\/schema\\\/logo\\\/image\\\/\",\"url\":\"https:\\\/\\\/www.tstcables.com\\\/wp-content\\\/uploads\\\/2024\\\/04\\\/cropped-\u753b\u677f-1-\u62f7\u8d1d-4-1.png\",\"contentUrl\":\"https:\\\/\\\/www.tstcables.com\\\/wp-content\\\/uploads\\\/2024\\\/04\\\/cropped-\u753b\u677f-1-\u62f7\u8d1d-4-1.png\",\"width\":300,\"height\":100,\"caption\":\"TST Cable supplier & Manufacture\"},\"image\":{\"@id\":\"https:\\\/\\\/www.tstcables.com\\\/vi\\\/#\\\/schema\\\/logo\\\/image\\\/\"}}]}<\/script>\n<!-- \/ Yoast SEO plugin. -->","yoast_head_json":{"title":"\u0111\u01b0\u1eddng s\u1eaft DC\/AC C\u00e1p nhi\u1ec1u l\u00f5i ch\u1ecbu m\u00e0i m\u00f2n b\u1eb1ng mu\u1ed1i v\u00e0 ki\u1ec1m \u00e1p su\u1ea5t cao","description":"C\u00e1p nhi\u1ec1u l\u00f5i ch\u1ecbu m\u00e0i m\u00f2n b\u1eb1ng ki\u1ec1m v\u00e0 mu\u1ed1i \u00e1p su\u1ea5t cao DC\/AC \u0111\u01b0\u1eddng s\u1eaft \u0111\u00e1p \u1ee9ng c\u00e1c y\u00eau c\u1ea7u c\u1ee7a c\u00e1p v\u1eadn chuy\u1ec3n \u0111\u01b0\u1eddng s\u1eaft hi\u1ec7n \u0111\u1ea1i.","robots":{"index":"index","follow":"follow","max-snippet":"max-snippet:-1","max-image-preview":"max-image-preview:large","max-video-preview":"max-video-preview:-1"},"canonical":"https:\/\/www.tstcables.com\/vi\/product\/duong-sat-dc-ac-cap-nhieu-loi-chiu-mai-mon-bang-muoi-va-kiem-ap-suat-cao\/","og_locale":"vi_VN","og_type":"article","og_title":"\u0111\u01b0\u1eddng s\u1eaft DC\/AC C\u00e1p nhi\u1ec1u l\u00f5i ch\u1ecbu m\u00e0i m\u00f2n b\u1eb1ng mu\u1ed1i v\u00e0 ki\u1ec1m \u00e1p su\u1ea5t cao","og_description":"C\u00e1p nhi\u1ec1u l\u00f5i ch\u1ecbu m\u00e0i m\u00f2n b\u1eb1ng ki\u1ec1m v\u00e0 mu\u1ed1i \u00e1p su\u1ea5t cao DC\/AC \u0111\u01b0\u1eddng s\u1eaft \u0111\u00e1p \u1ee9ng c\u00e1c y\u00eau c\u1ea7u c\u1ee7a c\u00e1p v\u1eadn chuy\u1ec3n \u0111\u01b0\u1eddng s\u1eaft hi\u1ec7n \u0111\u1ea1i.","og_url":"https:\/\/www.tstcables.com\/vi\/product\/duong-sat-dc-ac-cap-nhieu-loi-chiu-mai-mon-bang-muoi-va-kiem-ap-suat-cao\/","og_site_name":"TST CABLES supplier &amp; Manufacture","og_image":[{"width":640,"height":640,"url":"https:\/\/www.tstcables.com\/wp-content\/uploads\/2024\/03\/1-2.webp","type":"image\/webp"}],"twitter_card":"summary_large_image","twitter_misc":{"Est. reading time":"3 minutes"},"schema":{"@context":"https:\/\/schema.org","@graph":[{"@type":"WebPage","@id":"https:\/\/www.tstcables.com\/vi\/product\/duong-sat-dc-ac-cap-nhieu-loi-chiu-mai-mon-bang-muoi-va-kiem-ap-suat-cao\/","url":"https:\/\/www.tstcables.com\/vi\/product\/duong-sat-dc-ac-cap-nhieu-loi-chiu-mai-mon-bang-muoi-va-kiem-ap-suat-cao\/","name":"\u0111\u01b0\u1eddng s\u1eaft DC\/AC C\u00e1p nhi\u1ec1u l\u00f5i ch\u1ecbu m\u00e0i m\u00f2n b\u1eb1ng mu\u1ed1i v\u00e0 ki\u1ec1m \u00e1p su\u1ea5t cao","isPartOf":{"@id":"https:\/\/www.tstcables.com\/vi\/#website"},"primaryImageOfPage":{"@id":"https:\/\/www.tstcables.com\/vi\/product\/duong-sat-dc-ac-cap-nhieu-loi-chiu-mai-mon-bang-muoi-va-kiem-ap-suat-cao\/#primaryimage"},"image":{"@id":"https:\/\/www.tstcables.com\/vi\/product\/duong-sat-dc-ac-cap-nhieu-loi-chiu-mai-mon-bang-muoi-va-kiem-ap-suat-cao\/#primaryimage"},"thumbnailUrl":"https:\/\/www.tstcables.com\/wp-content\/uploads\/2024\/03\/1-2.webp","datePublished":"2024-03-23T07:14:21+00:00","description":"C\u00e1p nhi\u1ec1u l\u00f5i ch\u1ecbu m\u00e0i m\u00f2n b\u1eb1ng ki\u1ec1m v\u00e0 mu\u1ed1i \u00e1p su\u1ea5t cao DC\/AC \u0111\u01b0\u1eddng s\u1eaft \u0111\u00e1p \u1ee9ng c\u00e1c y\u00eau c\u1ea7u c\u1ee7a c\u00e1p v\u1eadn chuy\u1ec3n \u0111\u01b0\u1eddng s\u1eaft hi\u1ec7n \u0111\u1ea1i.","breadcrumb":{"@id":"https:\/\/www.tstcables.com\/vi\/product\/duong-sat-dc-ac-cap-nhieu-loi-chiu-mai-mon-bang-muoi-va-kiem-ap-suat-cao\/#breadcrumb"},"inLanguage":"vi-VN","potentialAction":[{"@type":"ReadAction","target":["https:\/\/www.tstcables.com\/vi\/product\/duong-sat-dc-ac-cap-nhieu-loi-chiu-mai-mon-bang-muoi-va-kiem-ap-suat-cao\/"]}]},{"@type":"ImageObject","inLanguage":"vi-VN","@id":"https:\/\/www.tstcables.com\/vi\/product\/duong-sat-dc-ac-cap-nhieu-loi-chiu-mai-mon-bang-muoi-va-kiem-ap-suat-cao\/#primaryimage","url":"https:\/\/www.tstcables.com\/wp-content\/uploads\/2024\/03\/1-2.webp","contentUrl":"https:\/\/www.tstcables.com\/wp-content\/uploads\/2024\/03\/1-2.webp","width":640,"height":640,"caption":"CAT7 cable (Category 7 network cable) EN50264 fire-resistant wire &cableEN50264 fire-resistant wire &cable"},{"@type":"BreadcrumbList","@id":"https:\/\/www.tstcables.com\/vi\/product\/duong-sat-dc-ac-cap-nhieu-loi-chiu-mai-mon-bang-muoi-va-kiem-ap-suat-cao\/#breadcrumb","itemListElement":[{"@type":"ListItem","position":1,"name":"\u9996\u9875","item":"https:\/\/www.tstcables.com\/vi\/"},{"@type":"ListItem","position":2,"name":"Product","item":"https:\/\/www.tstcables.com\/product\/"},{"@type":"ListItem","position":3,"name":"\u0111\u01b0\u1eddng s\u1eaft DC\/AC C\u00e1p nhi\u1ec1u l\u00f5i ch\u1ecbu m\u00e0i m\u00f2n b\u1eb1ng mu\u1ed1i v\u00e0 ki\u1ec1m \u00e1p su\u1ea5t cao"}]},{"@type":"WebSite","@id":"https:\/\/www.tstcables.com\/vi\/#website","url":"https:\/\/www.tstcables.com\/vi\/","name":"TST Cable supplier & Manufacture","description":"TST CABLES  supplier &amp; Manufacture official website","publisher":{"@id":"https:\/\/www.tstcables.com\/vi\/#organization"},"potentialAction":[{"@type":"SearchAction","target":{"@type":"EntryPoint","urlTemplate":"https:\/\/www.tstcables.com\/vi\/?s={search_term_string}"},"query-input":{"@type":"PropertyValueSpecification","valueRequired":true,"valueName":"search_term_string"}}],"inLanguage":"vi-VN"},{"@type":"Organization","@id":"https:\/\/www.tstcables.com\/vi\/#organization","name":"TST Cable supplier & Manufacture","url":"https:\/\/www.tstcables.com\/vi\/","logo":{"@type":"ImageObject","inLanguage":"vi-VN","@id":"https:\/\/www.tstcables.com\/vi\/#\/schema\/logo\/image\/","url":"https:\/\/www.tstcables.com\/wp-content\/uploads\/2024\/04\/cropped-\u753b\u677f-1-\u62f7\u8d1d-4-1.png","contentUrl":"https:\/\/www.tstcables.com\/wp-content\/uploads\/2024\/04\/cropped-\u753b\u677f-1-\u62f7\u8d1d-4-1.png","width":300,"height":100,"caption":"TST Cable supplier & Manufacture"},"image":{"@id":"https:\/\/www.tstcables.com\/vi\/#\/schema\/logo\/image\/"}}]}},"_links":{"self":[{"href":"https:\/\/www.tstcables.com\/vi\/wp-json\/wp\/v2\/product\/21074","targetHints":{"allow":["GET"]}}],"collection":[{"href":"https:\/\/www.tstcables.com\/vi\/wp-json\/wp\/v2\/product"}],"about":[{"href":"https:\/\/www.tstcables.com\/vi\/wp-json\/wp\/v2\/types\/product"}],"version-history":[{"count":0,"href":"https:\/\/www.tstcables.com\/vi\/wp-json\/wp\/v2\/product\/21074\/revisions"}],"wp:featuredmedia":[{"embeddable":true,"href":"https:\/\/www.tstcables.com\/vi\/wp-json\/wp\/v2\/media\/12792"}],"wp:attachment":[{"href":"https:\/\/www.tstcables.com\/vi\/wp-json\/wp\/v2\/media?parent=21074"}],"wp:term":[{"taxonomy":"product_brand","embeddable":true,"href":"https:\/\/www.tstcables.com\/vi\/wp-json\/wp\/v2\/product_brand?post=21074"},{"taxonomy":"product_cat","embeddable":true,"href":"https:\/\/www.tstcables.com\/vi\/wp-json\/wp\/v2\/product_cat?post=21074"},{"taxonomy":"product_tag","embeddable":true,"href":"https:\/\/www.tstcables.com\/vi\/wp-json\/wp\/v2\/product_tag?post=21074"}],"curies":[{"name":"wp","href":"https:\/\/api.w.org\/{rel}","templated":true}]}}