{"id":21096,"date":"2024-03-23T14:43:51","date_gmt":"2024-03-23T06:43:51","guid":{"rendered":"https:\/\/www.tstcables.com\/product\/thiet-bi-tu-dong-hoa-day-cap-chiu-nhiet-nhiet-do-cao-chong-chay\/"},"modified":"2024-03-23T14:43:51","modified_gmt":"2024-03-23T06:43:51","slug":"thiet-bi-tu-dong-hoa-day-cap-chiu-nhiet-nhiet-do-cao-chong-chay","status":"publish","type":"product","link":"https:\/\/www.tstcables.com\/vi\/product\/thiet-bi-tu-dong-hoa-day-cap-chiu-nhiet-nhiet-do-cao-chong-chay\/","title":{"rendered":"Thi\u1ebft b\u1ecb t\u1ef1 \u0111\u1ed9ng h\u00f3a D\u00e2y &amp; C\u00e1p ch\u1ecbu nhi\u1ec7t nhi\u1ec7t \u0111\u1ed9 cao ch\u1ed1ng ch\u00e1y"},"content":{"rendered":"<p>\u1ee8ng d\u1ee5ng:<\/p>\n<p>D\u00e2y &amp; C\u00e1p ch\u1ecbu nhi\u1ec7t \u1edf nhi\u1ec7t \u0111\u1ed9 cao ch\u1ed1ng ch\u00e1y ch\u1ee7 y\u1ebfu \u0111\u01b0\u1ee3c s\u1eed d\u1ee5ng cho c\u00e1c thi\u1ebft b\u1ecb v\u00e0 d\u1ee5ng c\u1ee5 t\u1ef1 \u0111\u1ed9ng h\u00f3a. Vi\u1ec7c k\u1ebft n\u1ed1i c\u00e1c m\u1ea1ch b\u1ea3o v\u1ec7 c\u0169ng \u0111\u01b0\u1ee3c \u00e1p d\u1ee5ng cho c\u00e1c k\u1ebft n\u1ed1i m\u1ea1ch b\u1ea3o v\u1ec7 t\u1ef1 \u0111\u1ed9ng trong an to\u00e0n c\u00f4ng c\u1ed9ng. C\u00e1p n\u00e0y c\u00f3 kh\u1ea3 n\u0103ng truy\u1ec1n c\u1ea3 t\u00edn hi\u1ec7u analog v\u00e0 t\u00edn hi\u1ec7u s\u1ed1.<\/p>\n<p>\u0110\u1eb7c \u0111i\u1ec3m:<\/p>\n<ul>\n<li>\u0110\u1ecbnh m\u1ee9c \u0111i\u1ec7n \u00e1p: 300V\/500V.<\/li>\n<li>Ph\u1ea1m vi nhi\u1ec7t \u0111\u1ed9: -40\u00b0C \u0111\u1ebfn 90\u00b0C.<\/li>\n<li>Di\u1ec7n t\u00edch m\u1eb7t c\u1eaft ngang: 0,75mm2 \u0111\u1ebfn 1,5mm2.<\/li>\n<li>S\u1ed1 l\u00f5i c\u00e1p: 1-19 \u0111\u00f4i.<\/li>\n<li>Th\u1eddi gian ch\u1ed1ng ch\u00e1y: 90 ph\u00fat \u0111\u1ebfn 120 ph\u00fat. N\u00f3 s\u1eed d\u1ee5ng h\u1ec7 th\u1ed1ng c\u00e1ch nhi\u1ec7t b\u1eb1ng g\u1ed1m silicon v\u00e0 c\u00f3 th\u1ec3 ch\u1ecbu \u0111\u01b0\u1ee3c 15 ph\u00fat phun n\u01b0\u1edbc ch\u1eefa ch\u00e1y trong khi m\u1ea1ch v\u1eabn ti\u1ebfp t\u1ee5c ho\u1ea1t \u0111\u1ed9ng.<\/li>\n<li>B\u00e1n k\u00ednh u\u1ed1n: L\u1eafp \u0111\u1eb7t c\u1ed1 \u0111\u1ecbnh: g\u1ea5p 5 l\u1ea7n \u0111\u01b0\u1eddng k\u00ednh ngo\u00e0i c\u1ee7a c\u00e1p (5D). L\u1eafp \u0111\u1eb7t kh\u00f4ng c\u1ed1 \u0111\u1ecbnh: 6 l\u1ea7n \u0111\u01b0\u1eddng k\u00ednh ngo\u00e0i c\u1ee7a c\u00e1p (6D). (D \u0111\u1ec1 c\u1eadp \u0111\u1ebfn \u0111\u01b0\u1eddng k\u00ednh ngo\u00e0i c\u1ee7a c\u00e1p)<\/li>\n<\/ul>\n<p>Ti\u00eau chu\u1ea9n c\u00f4ng nghi\u1ec7p:<\/p>\n<ol>\n<li>TICW\/06-2009<\/li>\n<li>GB\/T19666-2008\u300a<\/li>\n<li>EN50200-2015<\/li>\n<\/ol>\n","protected":false},"excerpt":{"rendered":"<p>D\u00e2y v\u00e0 c\u00e1p ch\u1ecbu nhi\u1ec7t \u1edf nhi\u1ec7t \u0111\u1ed9 cao ch\u1ed1ng ch\u00e1y c\u00f3 \u00edt kh\u00f3i, kh\u00f4ng ch\u1ee9a halogen v\u00e0 ch\u1ed1ng ch\u00e1y. Trong tr\u01b0\u1eddng h\u1ee3p x\u1ea3y ra h\u1ecfa ho\u1ea1n, c\u00e1p c\u00f3 ngu\u1ed3n ho\u1eb7c kh\u00f4ng c\u00f3 ngu\u1ed3n s\u1ebd ti\u1ebfp t\u1ee5c ho\u1ea1t \u0111\u1ed9ng b\u00ecnh th\u01b0\u1eddng trong 90 ph\u00fat ho\u1eb7c 120 ph\u00fat.<\/p>\n","protected":false},"featured_media":13136,"template":"","meta":{"_eb_attr":"","site-sidebar-layout":"default","site-content-layout":"","ast-site-content-layout":"default","site-content-style":"default","site-sidebar-style":"default","ast-global-header-display":"","ast-banner-title-visibility":"","ast-main-header-display":"","ast-hfb-above-header-display":"","ast-hfb-below-header-display":"","ast-hfb-mobile-header-display":"","site-post-title":"","ast-breadcrumbs-content":"","ast-featured-img":"","footer-sml-layout":"","theme-transparent-header-meta":"default","adv-header-id-meta":"","stick-header-meta":"","header-above-stick-meta":"","header-main-stick-meta":"","header-below-stick-meta":"","astra-migrate-meta-layouts":"default","ast-page-background-enabled":"default","ast-page-background-meta":{"desktop":{"background-color":"","background-image":"","background-repeat":"repeat","background-position":"center center","background-size":"auto","background-attachment":"scroll","background-type":"","background-media":"","overlay-type":"","overlay-color":"","overlay-opacity":"","overlay-gradient":""},"tablet":{"background-color":"","background-image":"","background-repeat":"repeat","background-position":"center center","background-size":"auto","background-attachment":"scroll","background-type":"","background-media":"","overlay-type":"","overlay-color":"","overlay-opacity":"","overlay-gradient":""},"mobile":{"background-color":"","background-image":"","background-repeat":"repeat","background-position":"center center","background-size":"auto","background-attachment":"scroll","background-type":"","background-media":"","overlay-type":"","overlay-color":"","overlay-opacity":"","overlay-gradient":""}},"ast-content-background-meta":{"desktop":{"background-color":"var(--ast-global-color-5)","background-image":"","background-repeat":"repeat","background-position":"center center","background-size":"auto","background-attachment":"scroll","background-type":"","background-media":"","overlay-type":"","overlay-color":"","overlay-opacity":"","overlay-gradient":""},"tablet":{"background-color":"var(--ast-global-color-5)","background-image":"","background-repeat":"repeat","background-position":"center center","background-size":"auto","background-attachment":"scroll","background-type":"","background-media":"","overlay-type":"","overlay-color":"","overlay-opacity":"","overlay-gradient":""},"mobile":{"background-color":"var(--ast-global-color-5)","background-image":"","background-repeat":"repeat","background-position":"center center","background-size":"auto","background-attachment":"scroll","background-type":"","background-media":"","overlay-type":"","overlay-color":"","overlay-opacity":"","overlay-gradient":""}}},"product_brand":[],"product_cat":[833,831,826,836,842,827,828,829,830,834,825,835,832,847],"product_tag":[1932,1933,1931],"class_list":{"0":"post-21096","1":"product","2":"type-product","3":"status-publish","4":"has-post-thumbnail","6":"product_cat-lsoh-cable-vi","7":"product_cat-high-temperature-cable-vi","8":"product_cat-customized-cable-vi","9":"product_cat-oil-gas-vi","10":"product_cat-rail-way-vi","11":"product_cat-enstandard-cable-vi","12":"product_cat-en50264-vi","13":"product_cat-en50306-vi","14":"product_cat-en50382-vi","15":"product_cat-marine-vi","16":"product_cat-aviation-vi","17":"product_cat-nuclear-vi","18":"product_cat-ice-standard-vi","19":"product_cat-wind-power-vi","20":"product_tag-day-cap-chong-chay","21":"product_tag-day-cap-may-tinh","22":"product_tag-day-cap-may-tinh-chong-chay","23":"desktop-align-center","24":"tablet-align-left","25":"mobile-align-left","27":"first","28":"instock","29":"shipping-taxable","30":"product-type-simple"},"yoast_head":"<!-- This site is optimized with the Yoast SEO plugin v27.4 - https:\/\/yoast.com\/product\/yoast-seo-wordpress\/ -->\n<title>D\u00e2y &amp; C\u00e1p ch\u1ecbu nhi\u1ec7t nhi\u1ec7t \u0111\u1ed9 cao ch\u1ed1ng ch\u00e1y<\/title>\n<meta name=\"description\" content=\"D\u00e2y v\u00e0 c\u00e1p ch\u1ecbu nhi\u1ec7t \u1edf nhi\u1ec7t \u0111\u1ed9 cao ch\u1ed1ng ch\u00e1y c\u00f3 \u00edt kh\u00f3i, kh\u00f4ng ch\u1ee9a halogen v\u00e0 ch\u1ed1ng ch\u00e1y.\" \/>\n<meta name=\"robots\" content=\"index, follow, max-snippet:-1, max-image-preview:large, max-video-preview:-1\" \/>\n<link rel=\"canonical\" href=\"https:\/\/www.tstcables.com\/vi\/product\/thiet-bi-tu-dong-hoa-day-cap-chiu-nhiet-nhiet-do-cao-chong-chay\/\" \/>\n<meta property=\"og:locale\" content=\"vi_VN\" \/>\n<meta property=\"og:type\" content=\"article\" \/>\n<meta property=\"og:title\" content=\"D\u00e2y &amp; C\u00e1p ch\u1ecbu nhi\u1ec7t nhi\u1ec7t \u0111\u1ed9 cao ch\u1ed1ng ch\u00e1y\" \/>\n<meta property=\"og:description\" content=\"D\u00e2y v\u00e0 c\u00e1p ch\u1ecbu nhi\u1ec7t \u1edf nhi\u1ec7t \u0111\u1ed9 cao ch\u1ed1ng ch\u00e1y c\u00f3 \u00edt kh\u00f3i, kh\u00f4ng ch\u1ee9a halogen v\u00e0 ch\u1ed1ng ch\u00e1y.\" \/>\n<meta property=\"og:url\" content=\"https:\/\/www.tstcables.com\/vi\/product\/thiet-bi-tu-dong-hoa-day-cap-chiu-nhiet-nhiet-do-cao-chong-chay\/\" \/>\n<meta property=\"og:site_name\" content=\"TST CABLES supplier &amp; Manufacture\" \/>\n<meta property=\"og:image\" content=\"https:\/\/www.tstcables.com\/wp-content\/uploads\/2024\/03\/2-20.jpg\" \/>\n\t<meta property=\"og:image:width\" content=\"750\" \/>\n\t<meta property=\"og:image:height\" content=\"750\" \/>\n\t<meta property=\"og:image:type\" content=\"image\/jpeg\" \/>\n<meta name=\"twitter:card\" content=\"summary_large_image\" \/>\n<meta name=\"twitter:label1\" content=\"Est. reading time\" \/>\n\t<meta name=\"twitter:data1\" content=\"1 minute\" \/>\n<script type=\"application\/ld+json\" class=\"yoast-schema-graph\">{\"@context\":\"https:\\\/\\\/schema.org\",\"@graph\":[{\"@type\":\"WebPage\",\"@id\":\"https:\\\/\\\/www.tstcables.com\\\/vi\\\/product\\\/thiet-bi-tu-dong-hoa-day-cap-chiu-nhiet-nhiet-do-cao-chong-chay\\\/\",\"url\":\"https:\\\/\\\/www.tstcables.com\\\/vi\\\/product\\\/thiet-bi-tu-dong-hoa-day-cap-chiu-nhiet-nhiet-do-cao-chong-chay\\\/\",\"name\":\"D\u00e2y & C\u00e1p ch\u1ecbu nhi\u1ec7t nhi\u1ec7t \u0111\u1ed9 cao ch\u1ed1ng ch\u00e1y\",\"isPartOf\":{\"@id\":\"https:\\\/\\\/www.tstcables.com\\\/vi\\\/#website\"},\"primaryImageOfPage\":{\"@id\":\"https:\\\/\\\/www.tstcables.com\\\/vi\\\/product\\\/thiet-bi-tu-dong-hoa-day-cap-chiu-nhiet-nhiet-do-cao-chong-chay\\\/#primaryimage\"},\"image\":{\"@id\":\"https:\\\/\\\/www.tstcables.com\\\/vi\\\/product\\\/thiet-bi-tu-dong-hoa-day-cap-chiu-nhiet-nhiet-do-cao-chong-chay\\\/#primaryimage\"},\"thumbnailUrl\":\"https:\\\/\\\/www.tstcables.com\\\/wp-content\\\/uploads\\\/2024\\\/03\\\/2-20.jpg\",\"datePublished\":\"2024-03-23T06:43:51+00:00\",\"description\":\"D\u00e2y v\u00e0 c\u00e1p ch\u1ecbu nhi\u1ec7t \u1edf nhi\u1ec7t \u0111\u1ed9 cao ch\u1ed1ng ch\u00e1y c\u00f3 \u00edt kh\u00f3i, kh\u00f4ng ch\u1ee9a halogen v\u00e0 ch\u1ed1ng ch\u00e1y.\",\"breadcrumb\":{\"@id\":\"https:\\\/\\\/www.tstcables.com\\\/vi\\\/product\\\/thiet-bi-tu-dong-hoa-day-cap-chiu-nhiet-nhiet-do-cao-chong-chay\\\/#breadcrumb\"},\"inLanguage\":\"vi-VN\",\"potentialAction\":[{\"@type\":\"ReadAction\",\"target\":[\"https:\\\/\\\/www.tstcables.com\\\/vi\\\/product\\\/thiet-bi-tu-dong-hoa-day-cap-chiu-nhiet-nhiet-do-cao-chong-chay\\\/\"]}]},{\"@type\":\"ImageObject\",\"inLanguage\":\"vi-VN\",\"@id\":\"https:\\\/\\\/www.tstcables.com\\\/vi\\\/product\\\/thiet-bi-tu-dong-hoa-day-cap-chiu-nhiet-nhiet-do-cao-chong-chay\\\/#primaryimage\",\"url\":\"https:\\\/\\\/www.tstcables.com\\\/wp-content\\\/uploads\\\/2024\\\/03\\\/2-20.jpg\",\"contentUrl\":\"https:\\\/\\\/www.tstcables.com\\\/wp-content\\\/uploads\\\/2024\\\/03\\\/2-20.jpg\",\"width\":750,\"height\":750,\"caption\":\"Silicone High Voltage Wire & Cable\"},{\"@type\":\"BreadcrumbList\",\"@id\":\"https:\\\/\\\/www.tstcables.com\\\/vi\\\/product\\\/thiet-bi-tu-dong-hoa-day-cap-chiu-nhiet-nhiet-do-cao-chong-chay\\\/#breadcrumb\",\"itemListElement\":[{\"@type\":\"ListItem\",\"position\":1,\"name\":\"\u9996\u9875\",\"item\":\"https:\\\/\\\/www.tstcables.com\\\/vi\\\/\"},{\"@type\":\"ListItem\",\"position\":2,\"name\":\"Product\",\"item\":\"https:\\\/\\\/www.tstcables.com\\\/product\\\/\"},{\"@type\":\"ListItem\",\"position\":3,\"name\":\"Thi\u1ebft b\u1ecb t\u1ef1 \u0111\u1ed9ng h\u00f3a D\u00e2y &amp; C\u00e1p ch\u1ecbu nhi\u1ec7t nhi\u1ec7t \u0111\u1ed9 cao ch\u1ed1ng ch\u00e1y\"}]},{\"@type\":\"WebSite\",\"@id\":\"https:\\\/\\\/www.tstcables.com\\\/vi\\\/#website\",\"url\":\"https:\\\/\\\/www.tstcables.com\\\/vi\\\/\",\"name\":\"TST Cable supplier & Manufacture\",\"description\":\"TST CABLES  supplier &amp; Manufacture official website\",\"publisher\":{\"@id\":\"https:\\\/\\\/www.tstcables.com\\\/vi\\\/#organization\"},\"potentialAction\":[{\"@type\":\"SearchAction\",\"target\":{\"@type\":\"EntryPoint\",\"urlTemplate\":\"https:\\\/\\\/www.tstcables.com\\\/vi\\\/?s={search_term_string}\"},\"query-input\":{\"@type\":\"PropertyValueSpecification\",\"valueRequired\":true,\"valueName\":\"search_term_string\"}}],\"inLanguage\":\"vi-VN\"},{\"@type\":\"Organization\",\"@id\":\"https:\\\/\\\/www.tstcables.com\\\/vi\\\/#organization\",\"name\":\"TST Cable supplier & Manufacture\",\"url\":\"https:\\\/\\\/www.tstcables.com\\\/vi\\\/\",\"logo\":{\"@type\":\"ImageObject\",\"inLanguage\":\"vi-VN\",\"@id\":\"https:\\\/\\\/www.tstcables.com\\\/vi\\\/#\\\/schema\\\/logo\\\/image\\\/\",\"url\":\"https:\\\/\\\/www.tstcables.com\\\/wp-content\\\/uploads\\\/2024\\\/04\\\/cropped-\u753b\u677f-1-\u62f7\u8d1d-4-1.png\",\"contentUrl\":\"https:\\\/\\\/www.tstcables.com\\\/wp-content\\\/uploads\\\/2024\\\/04\\\/cropped-\u753b\u677f-1-\u62f7\u8d1d-4-1.png\",\"width\":300,\"height\":100,\"caption\":\"TST Cable supplier & Manufacture\"},\"image\":{\"@id\":\"https:\\\/\\\/www.tstcables.com\\\/vi\\\/#\\\/schema\\\/logo\\\/image\\\/\"}}]}<\/script>\n<!-- \/ Yoast SEO plugin. -->","yoast_head_json":{"title":"D\u00e2y & C\u00e1p ch\u1ecbu nhi\u1ec7t nhi\u1ec7t \u0111\u1ed9 cao ch\u1ed1ng ch\u00e1y","description":"D\u00e2y v\u00e0 c\u00e1p ch\u1ecbu nhi\u1ec7t \u1edf nhi\u1ec7t \u0111\u1ed9 cao ch\u1ed1ng ch\u00e1y c\u00f3 \u00edt kh\u00f3i, kh\u00f4ng ch\u1ee9a halogen v\u00e0 ch\u1ed1ng ch\u00e1y.","robots":{"index":"index","follow":"follow","max-snippet":"max-snippet:-1","max-image-preview":"max-image-preview:large","max-video-preview":"max-video-preview:-1"},"canonical":"https:\/\/www.tstcables.com\/vi\/product\/thiet-bi-tu-dong-hoa-day-cap-chiu-nhiet-nhiet-do-cao-chong-chay\/","og_locale":"vi_VN","og_type":"article","og_title":"D\u00e2y & C\u00e1p ch\u1ecbu nhi\u1ec7t nhi\u1ec7t \u0111\u1ed9 cao ch\u1ed1ng ch\u00e1y","og_description":"D\u00e2y v\u00e0 c\u00e1p ch\u1ecbu nhi\u1ec7t \u1edf nhi\u1ec7t \u0111\u1ed9 cao ch\u1ed1ng ch\u00e1y c\u00f3 \u00edt kh\u00f3i, kh\u00f4ng ch\u1ee9a halogen v\u00e0 ch\u1ed1ng ch\u00e1y.","og_url":"https:\/\/www.tstcables.com\/vi\/product\/thiet-bi-tu-dong-hoa-day-cap-chiu-nhiet-nhiet-do-cao-chong-chay\/","og_site_name":"TST CABLES supplier &amp; Manufacture","og_image":[{"width":750,"height":750,"url":"https:\/\/www.tstcables.com\/wp-content\/uploads\/2024\/03\/2-20.jpg","type":"image\/jpeg"}],"twitter_card":"summary_large_image","twitter_misc":{"Est. reading time":"1 minute"},"schema":{"@context":"https:\/\/schema.org","@graph":[{"@type":"WebPage","@id":"https:\/\/www.tstcables.com\/vi\/product\/thiet-bi-tu-dong-hoa-day-cap-chiu-nhiet-nhiet-do-cao-chong-chay\/","url":"https:\/\/www.tstcables.com\/vi\/product\/thiet-bi-tu-dong-hoa-day-cap-chiu-nhiet-nhiet-do-cao-chong-chay\/","name":"D\u00e2y & C\u00e1p ch\u1ecbu nhi\u1ec7t nhi\u1ec7t \u0111\u1ed9 cao ch\u1ed1ng ch\u00e1y","isPartOf":{"@id":"https:\/\/www.tstcables.com\/vi\/#website"},"primaryImageOfPage":{"@id":"https:\/\/www.tstcables.com\/vi\/product\/thiet-bi-tu-dong-hoa-day-cap-chiu-nhiet-nhiet-do-cao-chong-chay\/#primaryimage"},"image":{"@id":"https:\/\/www.tstcables.com\/vi\/product\/thiet-bi-tu-dong-hoa-day-cap-chiu-nhiet-nhiet-do-cao-chong-chay\/#primaryimage"},"thumbnailUrl":"https:\/\/www.tstcables.com\/wp-content\/uploads\/2024\/03\/2-20.jpg","datePublished":"2024-03-23T06:43:51+00:00","description":"D\u00e2y v\u00e0 c\u00e1p ch\u1ecbu nhi\u1ec7t \u1edf nhi\u1ec7t \u0111\u1ed9 cao ch\u1ed1ng ch\u00e1y c\u00f3 \u00edt kh\u00f3i, kh\u00f4ng ch\u1ee9a halogen v\u00e0 ch\u1ed1ng ch\u00e1y.","breadcrumb":{"@id":"https:\/\/www.tstcables.com\/vi\/product\/thiet-bi-tu-dong-hoa-day-cap-chiu-nhiet-nhiet-do-cao-chong-chay\/#breadcrumb"},"inLanguage":"vi-VN","potentialAction":[{"@type":"ReadAction","target":["https:\/\/www.tstcables.com\/vi\/product\/thiet-bi-tu-dong-hoa-day-cap-chiu-nhiet-nhiet-do-cao-chong-chay\/"]}]},{"@type":"ImageObject","inLanguage":"vi-VN","@id":"https:\/\/www.tstcables.com\/vi\/product\/thiet-bi-tu-dong-hoa-day-cap-chiu-nhiet-nhiet-do-cao-chong-chay\/#primaryimage","url":"https:\/\/www.tstcables.com\/wp-content\/uploads\/2024\/03\/2-20.jpg","contentUrl":"https:\/\/www.tstcables.com\/wp-content\/uploads\/2024\/03\/2-20.jpg","width":750,"height":750,"caption":"Silicone High Voltage Wire & Cable"},{"@type":"BreadcrumbList","@id":"https:\/\/www.tstcables.com\/vi\/product\/thiet-bi-tu-dong-hoa-day-cap-chiu-nhiet-nhiet-do-cao-chong-chay\/#breadcrumb","itemListElement":[{"@type":"ListItem","position":1,"name":"\u9996\u9875","item":"https:\/\/www.tstcables.com\/vi\/"},{"@type":"ListItem","position":2,"name":"Product","item":"https:\/\/www.tstcables.com\/product\/"},{"@type":"ListItem","position":3,"name":"Thi\u1ebft b\u1ecb t\u1ef1 \u0111\u1ed9ng h\u00f3a D\u00e2y &amp; C\u00e1p ch\u1ecbu nhi\u1ec7t nhi\u1ec7t \u0111\u1ed9 cao ch\u1ed1ng ch\u00e1y"}]},{"@type":"WebSite","@id":"https:\/\/www.tstcables.com\/vi\/#website","url":"https:\/\/www.tstcables.com\/vi\/","name":"TST Cable supplier & Manufacture","description":"TST CABLES  supplier &amp; Manufacture official website","publisher":{"@id":"https:\/\/www.tstcables.com\/vi\/#organization"},"potentialAction":[{"@type":"SearchAction","target":{"@type":"EntryPoint","urlTemplate":"https:\/\/www.tstcables.com\/vi\/?s={search_term_string}"},"query-input":{"@type":"PropertyValueSpecification","valueRequired":true,"valueName":"search_term_string"}}],"inLanguage":"vi-VN"},{"@type":"Organization","@id":"https:\/\/www.tstcables.com\/vi\/#organization","name":"TST Cable supplier & Manufacture","url":"https:\/\/www.tstcables.com\/vi\/","logo":{"@type":"ImageObject","inLanguage":"vi-VN","@id":"https:\/\/www.tstcables.com\/vi\/#\/schema\/logo\/image\/","url":"https:\/\/www.tstcables.com\/wp-content\/uploads\/2024\/04\/cropped-\u753b\u677f-1-\u62f7\u8d1d-4-1.png","contentUrl":"https:\/\/www.tstcables.com\/wp-content\/uploads\/2024\/04\/cropped-\u753b\u677f-1-\u62f7\u8d1d-4-1.png","width":300,"height":100,"caption":"TST Cable supplier & Manufacture"},"image":{"@id":"https:\/\/www.tstcables.com\/vi\/#\/schema\/logo\/image\/"}}]}},"_links":{"self":[{"href":"https:\/\/www.tstcables.com\/vi\/wp-json\/wp\/v2\/product\/21096","targetHints":{"allow":["GET"]}}],"collection":[{"href":"https:\/\/www.tstcables.com\/vi\/wp-json\/wp\/v2\/product"}],"about":[{"href":"https:\/\/www.tstcables.com\/vi\/wp-json\/wp\/v2\/types\/product"}],"version-history":[{"count":0,"href":"https:\/\/www.tstcables.com\/vi\/wp-json\/wp\/v2\/product\/21096\/revisions"}],"wp:featuredmedia":[{"embeddable":true,"href":"https:\/\/www.tstcables.com\/vi\/wp-json\/wp\/v2\/media\/13136"}],"wp:attachment":[{"href":"https:\/\/www.tstcables.com\/vi\/wp-json\/wp\/v2\/media?parent=21096"}],"wp:term":[{"taxonomy":"product_brand","embeddable":true,"href":"https:\/\/www.tstcables.com\/vi\/wp-json\/wp\/v2\/product_brand?post=21096"},{"taxonomy":"product_cat","embeddable":true,"href":"https:\/\/www.tstcables.com\/vi\/wp-json\/wp\/v2\/product_cat?post=21096"},{"taxonomy":"product_tag","embeddable":true,"href":"https:\/\/www.tstcables.com\/vi\/wp-json\/wp\/v2\/product_tag?post=21096"}],"curies":[{"name":"wp","href":"https:\/\/api.w.org\/{rel}","templated":true}]}}