{"id":21098,"date":"2024-03-23T15:03:25","date_gmt":"2024-03-23T07:03:25","guid":{"rendered":"https:\/\/www.tstcables.com\/product\/he-thong-dieu-khien-tich-hop-da-chuc-nang-nhe-chiu-nhiet-do-cao-day-cap\/"},"modified":"2024-03-23T15:03:25","modified_gmt":"2024-03-23T07:03:25","slug":"he-thong-dieu-khien-tich-hop-da-chuc-nang-nhe-chiu-nhiet-do-cao-day-cap","status":"publish","type":"product","link":"https:\/\/www.tstcables.com\/vi\/product\/he-thong-dieu-khien-tich-hop-da-chuc-nang-nhe-chiu-nhiet-do-cao-day-cap\/","title":{"rendered":"H\u1ec7 th\u1ed1ng \u0111i\u1ec1u khi\u1ec3n t\u00edch h\u1ee3p \u0111a ch\u1ee9c n\u0103ng nh\u1eb9, ch\u1ecbu nhi\u1ec7t \u0111\u1ed9 cao D\u00e2y &amp; C\u00e1p"},"content":{"rendered":"<p>\u1ee8ng d\u1ee5ng:<\/p>\n<p>Nh\u1eb9, ch\u1ecbu nhi\u1ec7t \u0111\u1ed9 cao H\u1ec7 th\u1ed1ng \u0111i\u1ec1u khi\u1ec3n t\u00edch h\u1ee3p \u0111a ch\u1ee9c n\u0103ng D\u00e2y &amp; C\u00e1p \u0111\u01b0\u1ee3c s\u1eed d\u1ee5ng r\u1ed9ng r\u00e3i trong ng\u00e0nh h\u00e0ng kh\u00f4ng v\u0169 tr\u1ee5, \u0111\u01b0\u1eddng s\u1eaft cao t\u1ed1c, h\u00e0ng h\u1ea3i, robot, y t\u1ebf, n\u0103ng l\u01b0\u1ee3ng m\u1edbi v\u00e0 c\u00e1c h\u1ec7 th\u1ed1ng \u0111i\u1ec1u khi\u1ec3n t\u1ef1 \u0111\u1ed9ng h\u00f3a c\u00f4ng nghi\u1ec7p kh\u00e1c nhau.<\/p>\n<p>\u0110\u1eb7c \u0111i\u1ec3m:<\/p>\n<ul>\n<li>\u0110\u1ecbnh m\u1ee9c \u0111i\u1ec7n \u00e1p: 300V, 600V.<\/li>\n<li>Ph\u1ea1m vi nhi\u1ec7t \u0111\u1ed9: -40\u00b0C \u0111\u1ebfn 125\u00b0C, -60\u00b0C \u0111\u1ebfn 200\u00b0C.<\/li>\n<li>V\u1eadt li\u1ec7u d\u1eabn \u0111i\u1ec7n: M\u1ea1 thi\u1ebfc, m\u1ea1 b\u1ea1c, m\u1ea1 niken, h\u1ee3p kim.<\/li>\n<li>M\u1eb7t c\u1eaft vu\u00f4ng: 32AWG \u0111\u1ebfn 18AWG.<\/li>\n<li>S\u1ed1 l\u00f5i c\u00e1p: 1-99 l\u00f5i.<\/li>\n<li>Kh\u1ea3 n\u0103ng ch\u1ed1ng b\u1ee9c x\u1ea1 h\u1ea1t nh\u00e2n l\u00e2u d\u00e0i, k\u00edch th\u01b0\u1edbc nh\u1ecf g\u1ecdn, nh\u1eb9.<\/li>\n<li>B\u00e1n k\u00ednh u\u1ed1n: L\u1eafp \u0111\u1eb7t c\u1ed1 \u0111\u1ecbnh: g\u1ea5p 6 l\u1ea7n \u0111\u01b0\u1eddng k\u00ednh ngo\u00e0i c\u1ee7a c\u00e1p (6D).<\/li>\n<\/ul>\n<p>Ti\u00eau chu\u1ea9n c\u00f4ng nghi\u1ec7p:<\/p>\n<p>Q\/TST-010<\/p>\n<p>&nbsp;<\/p>\n","protected":false},"excerpt":{"rendered":"<p>Nh\u1eb9, ch\u1ecbu nhi\u1ec7t \u0111\u1ed9 cao H\u1ec7 th\u1ed1ng \u0111i\u1ec1u khi\u1ec3n t\u00edch h\u1ee3p \u0111a ch\u1ee9c n\u0103ng Wire &amp; Cable bao g\u1ed3m m\u1ed9t d\u00e2y c\u00e1p ho\u00e0n ch\u1ec9nh k\u1ebft h\u1ee3p v\u1edbi \u0111\u1ed3 h\u1ecda m\u00f4 ph\u1ecfng. N\u00f3 cung c\u1ea5p kh\u1ea3 n\u0103ng b\u1ea3o v\u1ec7 ch\u1ed1ng l\u1ea1i nhi\u1ec5u \u0111i\u1ec7n t\u1eeb b\u00ean ngo\u00e0i v\u00e0 gi\u1ea3m nhi\u1ec5u \u0111i\u1ec7n t\u1eeb. N\u00f3 c\u0169ng l\u00e0m gi\u1ea3m s\u1ed1 l\u01b0\u1ee3ng l\u1ed7 c\u1ea5u tr\u00fac, t\u0103ng c\u01b0\u1eddng \u0111\u1ed9 an to\u00e0n v\u00e0 gi\u1ea3m tr\u1ecdng l\u01b0\u1ee3ng c\u1ee7a d\u00e2y c\u00e1p (v\u1edbi kh\u1ea3 n\u0103ng gi\u1ea3m tr\u1ecdng l\u01b0\u1ee3ng l\u00ean t\u1edbi 20%).<\/p>\n","protected":false},"featured_media":12496,"template":"","meta":{"_eb_attr":"","site-sidebar-layout":"default","site-content-layout":"","ast-site-content-layout":"default","site-content-style":"default","site-sidebar-style":"default","ast-global-header-display":"","ast-banner-title-visibility":"","ast-main-header-display":"","ast-hfb-above-header-display":"","ast-hfb-below-header-display":"","ast-hfb-mobile-header-display":"","site-post-title":"","ast-breadcrumbs-content":"","ast-featured-img":"","footer-sml-layout":"","theme-transparent-header-meta":"default","adv-header-id-meta":"","stick-header-meta":"","header-above-stick-meta":"","header-main-stick-meta":"","header-below-stick-meta":"","astra-migrate-meta-layouts":"default","ast-page-background-enabled":"default","ast-page-background-meta":{"desktop":{"background-color":"","background-image":"","background-repeat":"repeat","background-position":"center center","background-size":"auto","background-attachment":"scroll","background-type":"","background-media":"","overlay-type":"","overlay-color":"","overlay-opacity":"","overlay-gradient":""},"tablet":{"background-color":"","background-image":"","background-repeat":"repeat","background-position":"center center","background-size":"auto","background-attachment":"scroll","background-type":"","background-media":"","overlay-type":"","overlay-color":"","overlay-opacity":"","overlay-gradient":""},"mobile":{"background-color":"","background-image":"","background-repeat":"repeat","background-position":"center center","background-size":"auto","background-attachment":"scroll","background-type":"","background-media":"","overlay-type":"","overlay-color":"","overlay-opacity":"","overlay-gradient":""}},"ast-content-background-meta":{"desktop":{"background-color":"var(--ast-global-color-5)","background-image":"","background-repeat":"repeat","background-position":"center center","background-size":"auto","background-attachment":"scroll","background-type":"","background-media":"","overlay-type":"","overlay-color":"","overlay-opacity":"","overlay-gradient":""},"tablet":{"background-color":"var(--ast-global-color-5)","background-image":"","background-repeat":"repeat","background-position":"center center","background-size":"auto","background-attachment":"scroll","background-type":"","background-media":"","overlay-type":"","overlay-color":"","overlay-opacity":"","overlay-gradient":""},"mobile":{"background-color":"var(--ast-global-color-5)","background-image":"","background-repeat":"repeat","background-position":"center center","background-size":"auto","background-attachment":"scroll","background-type":"","background-media":"","overlay-type":"","overlay-color":"","overlay-opacity":"","overlay-gradient":""}}},"product_brand":[],"product_cat":[2005,1922,833,831,1923,836,842,827,828,829,830,834,825,832,847],"product_tag":[2030,2029],"class_list":{"0":"post-21098","1":"product","2":"type-product","3":"status-publish","4":"has-post-thumbnail","6":"product_cat-cap-composite-da-chuc-nang","7":"product_cat-cap-kich-thuoc-nho","8":"product_cat-lsoh-cable-vi","9":"product_cat-high-temperature-cable-vi","10":"product_cat-cap-trong-luong-nhe","11":"product_cat-oil-gas-vi","12":"product_cat-rail-way-vi","13":"product_cat-enstandard-cable-vi","14":"product_cat-en50264-vi","15":"product_cat-en50306-vi","16":"product_cat-en50382-vi","17":"product_cat-marine-vi","18":"product_cat-aviation-vi","19":"product_cat-ice-standard-vi","20":"product_cat-wind-power-vi","21":"product_tag-day-cap-da-chuc-nang","22":"product_tag-day-cap-tich-hop-da-chuc-nang","23":"desktop-align-center","24":"tablet-align-left","25":"mobile-align-left","27":"first","28":"instock","29":"shipping-taxable","30":"product-type-simple"},"yoast_head":"<!-- This site is optimized with the Yoast SEO plugin v27.5 - https:\/\/yoast.com\/product\/yoast-seo-wordpress\/ -->\n<title>H\u1ec7 th\u1ed1ng \u0111i\u1ec1u khi\u1ec3n t\u00edch h\u1ee3p \u0111a ch\u1ee9c n\u0103ng nh\u1eb9, ch\u1ecbu nhi\u1ec7t \u0111\u1ed9 cao D\u00e2y &amp; C\u00e1p<\/title>\n<meta name=\"description\" content=\"D\u00e2y &amp; C\u00e1p t\u00edch h\u1ee3p \u0111a ch\u1ee9c n\u0103ng bao g\u1ed3m m\u1ed9t d\u00e2y c\u00e1p ho\u00e0n ch\u1ec9nh k\u1ebft h\u1ee3p v\u1edbi \u0111\u1ed3 h\u1ecda m\u00f4 ph\u1ecfng.\" \/>\n<meta name=\"robots\" content=\"index, follow, max-snippet:-1, max-image-preview:large, max-video-preview:-1\" \/>\n<link rel=\"canonical\" href=\"https:\/\/www.tstcables.com\/vi\/product\/he-thong-dieu-khien-tich-hop-da-chuc-nang-nhe-chiu-nhiet-do-cao-day-cap\/\" \/>\n<meta property=\"og:locale\" content=\"vi_VN\" \/>\n<meta property=\"og:type\" content=\"article\" \/>\n<meta property=\"og:title\" content=\"H\u1ec7 th\u1ed1ng \u0111i\u1ec1u khi\u1ec3n t\u00edch h\u1ee3p \u0111a ch\u1ee9c n\u0103ng nh\u1eb9, ch\u1ecbu nhi\u1ec7t \u0111\u1ed9 cao D\u00e2y &amp; C\u00e1p\" \/>\n<meta property=\"og:description\" content=\"D\u00e2y &amp; C\u00e1p t\u00edch h\u1ee3p \u0111a ch\u1ee9c n\u0103ng bao g\u1ed3m m\u1ed9t d\u00e2y c\u00e1p ho\u00e0n ch\u1ec9nh k\u1ebft h\u1ee3p v\u1edbi \u0111\u1ed3 h\u1ecda m\u00f4 ph\u1ecfng.\" \/>\n<meta property=\"og:url\" content=\"https:\/\/www.tstcables.com\/vi\/product\/he-thong-dieu-khien-tich-hop-da-chuc-nang-nhe-chiu-nhiet-do-cao-day-cap\/\" \/>\n<meta property=\"og:site_name\" content=\"TST CABLES supplier &amp; Manufacture\" \/>\n<meta property=\"og:image\" content=\"https:\/\/www.tstcables.com\/wp-content\/uploads\/2024\/03\/1-1.webp\" \/>\n\t<meta property=\"og:image:width\" content=\"640\" \/>\n\t<meta property=\"og:image:height\" content=\"640\" \/>\n\t<meta property=\"og:image:type\" content=\"image\/webp\" \/>\n<meta name=\"twitter:card\" content=\"summary_large_image\" \/>\n<meta name=\"twitter:label1\" content=\"Est. reading time\" \/>\n\t<meta name=\"twitter:data1\" content=\"1 minute\" \/>\n<script type=\"application\/ld+json\" class=\"yoast-schema-graph\">{\"@context\":\"https:\\\/\\\/schema.org\",\"@graph\":[{\"@type\":\"WebPage\",\"@id\":\"https:\\\/\\\/www.tstcables.com\\\/vi\\\/product\\\/he-thong-dieu-khien-tich-hop-da-chuc-nang-nhe-chiu-nhiet-do-cao-day-cap\\\/\",\"url\":\"https:\\\/\\\/www.tstcables.com\\\/vi\\\/product\\\/he-thong-dieu-khien-tich-hop-da-chuc-nang-nhe-chiu-nhiet-do-cao-day-cap\\\/\",\"name\":\"H\u1ec7 th\u1ed1ng \u0111i\u1ec1u khi\u1ec3n t\u00edch h\u1ee3p \u0111a ch\u1ee9c n\u0103ng nh\u1eb9, ch\u1ecbu nhi\u1ec7t \u0111\u1ed9 cao D\u00e2y & C\u00e1p\",\"isPartOf\":{\"@id\":\"https:\\\/\\\/www.tstcables.com\\\/vi\\\/#website\"},\"primaryImageOfPage\":{\"@id\":\"https:\\\/\\\/www.tstcables.com\\\/vi\\\/product\\\/he-thong-dieu-khien-tich-hop-da-chuc-nang-nhe-chiu-nhiet-do-cao-day-cap\\\/#primaryimage\"},\"image\":{\"@id\":\"https:\\\/\\\/www.tstcables.com\\\/vi\\\/product\\\/he-thong-dieu-khien-tich-hop-da-chuc-nang-nhe-chiu-nhiet-do-cao-day-cap\\\/#primaryimage\"},\"thumbnailUrl\":\"https:\\\/\\\/www.tstcables.com\\\/wp-content\\\/uploads\\\/2024\\\/03\\\/1-1.webp\",\"datePublished\":\"2024-03-23T07:03:25+00:00\",\"description\":\"D\u00e2y & C\u00e1p t\u00edch h\u1ee3p \u0111a ch\u1ee9c n\u0103ng bao g\u1ed3m m\u1ed9t d\u00e2y c\u00e1p ho\u00e0n ch\u1ec9nh k\u1ebft h\u1ee3p v\u1edbi \u0111\u1ed3 h\u1ecda m\u00f4 ph\u1ecfng.\",\"breadcrumb\":{\"@id\":\"https:\\\/\\\/www.tstcables.com\\\/vi\\\/product\\\/he-thong-dieu-khien-tich-hop-da-chuc-nang-nhe-chiu-nhiet-do-cao-day-cap\\\/#breadcrumb\"},\"inLanguage\":\"vi-VN\",\"potentialAction\":[{\"@type\":\"ReadAction\",\"target\":[\"https:\\\/\\\/www.tstcables.com\\\/vi\\\/product\\\/he-thong-dieu-khien-tich-hop-da-chuc-nang-nhe-chiu-nhiet-do-cao-day-cap\\\/\"]}]},{\"@type\":\"ImageObject\",\"inLanguage\":\"vi-VN\",\"@id\":\"https:\\\/\\\/www.tstcables.com\\\/vi\\\/product\\\/he-thong-dieu-khien-tich-hop-da-chuc-nang-nhe-chiu-nhiet-do-cao-day-cap\\\/#primaryimage\",\"url\":\"https:\\\/\\\/www.tstcables.com\\\/wp-content\\\/uploads\\\/2024\\\/03\\\/1-1.webp\",\"contentUrl\":\"https:\\\/\\\/www.tstcables.com\\\/wp-content\\\/uploads\\\/2024\\\/03\\\/1-1.webp\",\"width\":640,\"height\":640,\"caption\":\"Multifunctional integrated Wire Cable\"},{\"@type\":\"BreadcrumbList\",\"@id\":\"https:\\\/\\\/www.tstcables.com\\\/vi\\\/product\\\/he-thong-dieu-khien-tich-hop-da-chuc-nang-nhe-chiu-nhiet-do-cao-day-cap\\\/#breadcrumb\",\"itemListElement\":[{\"@type\":\"ListItem\",\"position\":1,\"name\":\"\u9996\u9875\",\"item\":\"https:\\\/\\\/www.tstcables.com\\\/vi\\\/\"},{\"@type\":\"ListItem\",\"position\":2,\"name\":\"Product\",\"item\":\"https:\\\/\\\/www.tstcables.com\\\/product\\\/\"},{\"@type\":\"ListItem\",\"position\":3,\"name\":\"H\u1ec7 th\u1ed1ng \u0111i\u1ec1u khi\u1ec3n t\u00edch h\u1ee3p \u0111a ch\u1ee9c n\u0103ng nh\u1eb9, ch\u1ecbu nhi\u1ec7t \u0111\u1ed9 cao D\u00e2y &amp; C\u00e1p\"}]},{\"@type\":\"WebSite\",\"@id\":\"https:\\\/\\\/www.tstcables.com\\\/vi\\\/#website\",\"url\":\"https:\\\/\\\/www.tstcables.com\\\/vi\\\/\",\"name\":\"TST Cable supplier & Manufacture\",\"description\":\"TST CABLES  supplier &amp; Manufacture official website\",\"publisher\":{\"@id\":\"https:\\\/\\\/www.tstcables.com\\\/vi\\\/#organization\"},\"potentialAction\":[{\"@type\":\"SearchAction\",\"target\":{\"@type\":\"EntryPoint\",\"urlTemplate\":\"https:\\\/\\\/www.tstcables.com\\\/vi\\\/?s={search_term_string}\"},\"query-input\":{\"@type\":\"PropertyValueSpecification\",\"valueRequired\":true,\"valueName\":\"search_term_string\"}}],\"inLanguage\":\"vi-VN\"},{\"@type\":\"Organization\",\"@id\":\"https:\\\/\\\/www.tstcables.com\\\/vi\\\/#organization\",\"name\":\"TST Cable supplier & Manufacture\",\"url\":\"https:\\\/\\\/www.tstcables.com\\\/vi\\\/\",\"logo\":{\"@type\":\"ImageObject\",\"inLanguage\":\"vi-VN\",\"@id\":\"https:\\\/\\\/www.tstcables.com\\\/vi\\\/#\\\/schema\\\/logo\\\/image\\\/\",\"url\":\"https:\\\/\\\/www.tstcables.com\\\/wp-content\\\/uploads\\\/2024\\\/04\\\/cropped-\u753b\u677f-1-\u62f7\u8d1d-4-1.png\",\"contentUrl\":\"https:\\\/\\\/www.tstcables.com\\\/wp-content\\\/uploads\\\/2024\\\/04\\\/cropped-\u753b\u677f-1-\u62f7\u8d1d-4-1.png\",\"width\":300,\"height\":100,\"caption\":\"TST Cable supplier & Manufacture\"},\"image\":{\"@id\":\"https:\\\/\\\/www.tstcables.com\\\/vi\\\/#\\\/schema\\\/logo\\\/image\\\/\"}}]}<\/script>\n<!-- \/ Yoast SEO plugin. -->","yoast_head_json":{"title":"H\u1ec7 th\u1ed1ng \u0111i\u1ec1u khi\u1ec3n t\u00edch h\u1ee3p \u0111a ch\u1ee9c n\u0103ng nh\u1eb9, ch\u1ecbu nhi\u1ec7t \u0111\u1ed9 cao D\u00e2y & C\u00e1p","description":"D\u00e2y & C\u00e1p t\u00edch h\u1ee3p \u0111a ch\u1ee9c n\u0103ng bao g\u1ed3m m\u1ed9t d\u00e2y c\u00e1p ho\u00e0n ch\u1ec9nh k\u1ebft h\u1ee3p v\u1edbi \u0111\u1ed3 h\u1ecda m\u00f4 ph\u1ecfng.","robots":{"index":"index","follow":"follow","max-snippet":"max-snippet:-1","max-image-preview":"max-image-preview:large","max-video-preview":"max-video-preview:-1"},"canonical":"https:\/\/www.tstcables.com\/vi\/product\/he-thong-dieu-khien-tich-hop-da-chuc-nang-nhe-chiu-nhiet-do-cao-day-cap\/","og_locale":"vi_VN","og_type":"article","og_title":"H\u1ec7 th\u1ed1ng \u0111i\u1ec1u khi\u1ec3n t\u00edch h\u1ee3p \u0111a ch\u1ee9c n\u0103ng nh\u1eb9, ch\u1ecbu nhi\u1ec7t \u0111\u1ed9 cao D\u00e2y & C\u00e1p","og_description":"D\u00e2y & C\u00e1p t\u00edch h\u1ee3p \u0111a ch\u1ee9c n\u0103ng bao g\u1ed3m m\u1ed9t d\u00e2y c\u00e1p ho\u00e0n ch\u1ec9nh k\u1ebft h\u1ee3p v\u1edbi \u0111\u1ed3 h\u1ecda m\u00f4 ph\u1ecfng.","og_url":"https:\/\/www.tstcables.com\/vi\/product\/he-thong-dieu-khien-tich-hop-da-chuc-nang-nhe-chiu-nhiet-do-cao-day-cap\/","og_site_name":"TST CABLES supplier &amp; Manufacture","og_image":[{"width":640,"height":640,"url":"https:\/\/www.tstcables.com\/wp-content\/uploads\/2024\/03\/1-1.webp","type":"image\/webp"}],"twitter_card":"summary_large_image","twitter_misc":{"Est. reading time":"1 minute"},"schema":{"@context":"https:\/\/schema.org","@graph":[{"@type":"WebPage","@id":"https:\/\/www.tstcables.com\/vi\/product\/he-thong-dieu-khien-tich-hop-da-chuc-nang-nhe-chiu-nhiet-do-cao-day-cap\/","url":"https:\/\/www.tstcables.com\/vi\/product\/he-thong-dieu-khien-tich-hop-da-chuc-nang-nhe-chiu-nhiet-do-cao-day-cap\/","name":"H\u1ec7 th\u1ed1ng \u0111i\u1ec1u khi\u1ec3n t\u00edch h\u1ee3p \u0111a ch\u1ee9c n\u0103ng nh\u1eb9, ch\u1ecbu nhi\u1ec7t \u0111\u1ed9 cao D\u00e2y & C\u00e1p","isPartOf":{"@id":"https:\/\/www.tstcables.com\/vi\/#website"},"primaryImageOfPage":{"@id":"https:\/\/www.tstcables.com\/vi\/product\/he-thong-dieu-khien-tich-hop-da-chuc-nang-nhe-chiu-nhiet-do-cao-day-cap\/#primaryimage"},"image":{"@id":"https:\/\/www.tstcables.com\/vi\/product\/he-thong-dieu-khien-tich-hop-da-chuc-nang-nhe-chiu-nhiet-do-cao-day-cap\/#primaryimage"},"thumbnailUrl":"https:\/\/www.tstcables.com\/wp-content\/uploads\/2024\/03\/1-1.webp","datePublished":"2024-03-23T07:03:25+00:00","description":"D\u00e2y & C\u00e1p t\u00edch h\u1ee3p \u0111a ch\u1ee9c n\u0103ng bao g\u1ed3m m\u1ed9t d\u00e2y c\u00e1p ho\u00e0n ch\u1ec9nh k\u1ebft h\u1ee3p v\u1edbi \u0111\u1ed3 h\u1ecda m\u00f4 ph\u1ecfng.","breadcrumb":{"@id":"https:\/\/www.tstcables.com\/vi\/product\/he-thong-dieu-khien-tich-hop-da-chuc-nang-nhe-chiu-nhiet-do-cao-day-cap\/#breadcrumb"},"inLanguage":"vi-VN","potentialAction":[{"@type":"ReadAction","target":["https:\/\/www.tstcables.com\/vi\/product\/he-thong-dieu-khien-tich-hop-da-chuc-nang-nhe-chiu-nhiet-do-cao-day-cap\/"]}]},{"@type":"ImageObject","inLanguage":"vi-VN","@id":"https:\/\/www.tstcables.com\/vi\/product\/he-thong-dieu-khien-tich-hop-da-chuc-nang-nhe-chiu-nhiet-do-cao-day-cap\/#primaryimage","url":"https:\/\/www.tstcables.com\/wp-content\/uploads\/2024\/03\/1-1.webp","contentUrl":"https:\/\/www.tstcables.com\/wp-content\/uploads\/2024\/03\/1-1.webp","width":640,"height":640,"caption":"Multifunctional integrated Wire Cable"},{"@type":"BreadcrumbList","@id":"https:\/\/www.tstcables.com\/vi\/product\/he-thong-dieu-khien-tich-hop-da-chuc-nang-nhe-chiu-nhiet-do-cao-day-cap\/#breadcrumb","itemListElement":[{"@type":"ListItem","position":1,"name":"\u9996\u9875","item":"https:\/\/www.tstcables.com\/vi\/"},{"@type":"ListItem","position":2,"name":"Product","item":"https:\/\/www.tstcables.com\/product\/"},{"@type":"ListItem","position":3,"name":"H\u1ec7 th\u1ed1ng \u0111i\u1ec1u khi\u1ec3n t\u00edch h\u1ee3p \u0111a ch\u1ee9c n\u0103ng nh\u1eb9, ch\u1ecbu nhi\u1ec7t \u0111\u1ed9 cao D\u00e2y &amp; C\u00e1p"}]},{"@type":"WebSite","@id":"https:\/\/www.tstcables.com\/vi\/#website","url":"https:\/\/www.tstcables.com\/vi\/","name":"TST Cable supplier & Manufacture","description":"TST CABLES  supplier &amp; Manufacture official website","publisher":{"@id":"https:\/\/www.tstcables.com\/vi\/#organization"},"potentialAction":[{"@type":"SearchAction","target":{"@type":"EntryPoint","urlTemplate":"https:\/\/www.tstcables.com\/vi\/?s={search_term_string}"},"query-input":{"@type":"PropertyValueSpecification","valueRequired":true,"valueName":"search_term_string"}}],"inLanguage":"vi-VN"},{"@type":"Organization","@id":"https:\/\/www.tstcables.com\/vi\/#organization","name":"TST Cable supplier & Manufacture","url":"https:\/\/www.tstcables.com\/vi\/","logo":{"@type":"ImageObject","inLanguage":"vi-VN","@id":"https:\/\/www.tstcables.com\/vi\/#\/schema\/logo\/image\/","url":"https:\/\/www.tstcables.com\/wp-content\/uploads\/2024\/04\/cropped-\u753b\u677f-1-\u62f7\u8d1d-4-1.png","contentUrl":"https:\/\/www.tstcables.com\/wp-content\/uploads\/2024\/04\/cropped-\u753b\u677f-1-\u62f7\u8d1d-4-1.png","width":300,"height":100,"caption":"TST Cable supplier & Manufacture"},"image":{"@id":"https:\/\/www.tstcables.com\/vi\/#\/schema\/logo\/image\/"}}]}},"_links":{"self":[{"href":"https:\/\/www.tstcables.com\/vi\/wp-json\/wp\/v2\/product\/21098","targetHints":{"allow":["GET"]}}],"collection":[{"href":"https:\/\/www.tstcables.com\/vi\/wp-json\/wp\/v2\/product"}],"about":[{"href":"https:\/\/www.tstcables.com\/vi\/wp-json\/wp\/v2\/types\/product"}],"version-history":[{"count":0,"href":"https:\/\/www.tstcables.com\/vi\/wp-json\/wp\/v2\/product\/21098\/revisions"}],"wp:featuredmedia":[{"embeddable":true,"href":"https:\/\/www.tstcables.com\/vi\/wp-json\/wp\/v2\/media\/12496"}],"wp:attachment":[{"href":"https:\/\/www.tstcables.com\/vi\/wp-json\/wp\/v2\/media?parent=21098"}],"wp:term":[{"taxonomy":"product_brand","embeddable":true,"href":"https:\/\/www.tstcables.com\/vi\/wp-json\/wp\/v2\/product_brand?post=21098"},{"taxonomy":"product_cat","embeddable":true,"href":"https:\/\/www.tstcables.com\/vi\/wp-json\/wp\/v2\/product_cat?post=21098"},{"taxonomy":"product_tag","embeddable":true,"href":"https:\/\/www.tstcables.com\/vi\/wp-json\/wp\/v2\/product_tag?post=21098"}],"curies":[{"name":"wp","href":"https:\/\/api.w.org\/{rel}","templated":true}]}}