{"id":21099,"date":"2024-03-23T14:36:05","date_gmt":"2024-03-23T06:36:05","guid":{"rendered":"https:\/\/www.tstcables.com\/product\/cap-duong-sat-cap-may-bay-cap-nhay-xe-en50382\/"},"modified":"2024-03-23T14:36:05","modified_gmt":"2024-03-23T06:36:05","slug":"cap-duong-sat-cap-may-bay-cap-nhay-xe-en50382","status":"publish","type":"product","link":"https:\/\/www.tstcables.com\/vi\/product\/cap-duong-sat-cap-may-bay-cap-nhay-xe-en50382\/","title":{"rendered":"C\u00e1p \u0111\u01b0\u1eddng s\u1eaft C\u00e1p m\u00e1y bay C\u00e1p nh\u1ea3y xe EN50382"},"content":{"rendered":"<p><strong><b>Gi\u01a1i thi\u00ea\u0323u sa\u0309n ph\u00e2\u0309m<\/b><\/strong><\/p>\n<p>C\u00e1p TST cung c\u1ea5p c\u00e1p h\u1ec7 th\u1ed1ng \u0111\u01b0\u1eddng s\u1eaft \u0111\u00e1p \u1ee9ng EN 45545-2, IEC 60332-1-2 \/ IEC 60332-3, EN60305, EN 61034-2, EN 60864-2, EN 60754 -1 \/ EN 60754-2 \u1ee9ng d\u1ee5ng trong \u0111i\u1ec1u khi\u1ec3n \u0111\u01b0\u1eddng s\u1eaft h\u1ec7 th\u1ed1ng (C\u00e1p \u0111i\u1ec7n \u0111\u01b0\u1eddng s\u1eaft, C\u00e1p \u0111i\u1ec1u khi\u1ec3n, C\u00e1p truy\u1ec1n d\u1eef li\u1ec7u \u0111\u01b0\u1eddng s\u1eaft, C\u00e1p c\u1ea3m bi\u1ebfn \u0111\u01b0\u1eddng s\u1eaft, M\u00e1y b\u00e1n v\u00e9), H\u1ec7 th\u1ed1ng th\u00f4ng tin li\u00ean l\u1ea1c \u0111\u01b0\u1eddng s\u1eaft (C\u00e1p \u0111\u1ed3ng tr\u1ee5c \u0111\u01b0\u1eddng s\u1eaft, C\u00e1p RF, C\u00e1p Ethernet \u0111\u01b0\u1eddng s\u1eaft), H\u1ec7 th\u1ed1ng \u0111a ph\u01b0\u01a1ng ti\u1ec7n \u0111\u01b0\u1eddng s\u1eaft (C\u00e1p loa, C\u00e1p micro, C\u00e1p video cho m\u00e0n h\u00ecnh.). Ch\u00fang t\u00f4i cung c\u1ea5p nhi\u1ec1u lo\u1ea1i d\u1ecbch v\u1ee5 OEM cho c\u00e1c m\u1eb7t h\u00e0ng \u0111\u1ea7u m\u00e1y toa xe l\u1eeda t\u1eeb d\u00e2y d\u1eabn \u0111\u1ebfn th\u00f4ng s\u1ed1 k\u1ef9 thu\u1eadt c\u00e1p nhi\u1ec1u l\u00f5i cho \u1ee9ng d\u1ee5ng c\u1ee7a kh\u00e1ch h\u00e0ng.<\/p>\n<p>&nbsp;<\/p>\n<p><strong><b>Th\u00f4ng s\u1ed1 s\u1ea3n ph\u1ea9m<\/b><\/strong><\/p>\n<ul>\n<li>Model: C\u00e1p nh\u1ea3y TST-382<\/li>\n<li>D\u00e2y d\u1eabn: D\u00e2y d\u1eabn b\u1eb1ng \u0111\u1ed3ng \u0111\u00f3ng h\u1ed9p lo\u1ea1i 6<\/li>\n<li>C\u00e1ch nhi\u1ec7t: cao su silicon<\/li>\n<li>Gia c\u1ed1 b\u1ec7n: polyester ho\u1eb7c aramid Gia c\u1ed1 b\u1ec7n: polyester ho\u1eb7c aramid<\/li>\n<li>\u0110i\u1ec7n \u00e1p \u0111\u1ecbnh m\u1ee9c: 3,6\/6,0kV<\/li>\n<li>\u0110\u1ed9 b\u1ec1n \u0111i\u1ec7n m\u00f4i:8MPa&gt;<\/li>\n<li>\u0110\u1ed9 gi\u00e3n d\u00e0i khi \u0111\u1ee9t:200%&gt;<\/li>\n<li>B\u00e1n k\u00ednh u\u1ed1n c\u00e1p: 6D (\u0111\u01b0\u1eddng k\u00ednh ngo\u00e0i c\u00e1p D)<\/li>\n<li>Nhi\u1ec7t \u0111\u1ed9 ho\u1ea1t \u0111\u1ed9ng: -50\u00b0C \u0111\u1ebfn +150\u00b0C<\/li>\n<li>\u0110i\u1ec7n \u00e1p ph\u1ee5c v\u1ee5: 300V\/500V<\/li>\n<li>\u0110i\u1ec7n \u00e1p th\u1eed nghi\u1ec7m: 2.500V<\/li>\n<li>B\u00e1n k\u00ednh u\u1ed1n cong t\u1ed1i thi\u1ec3u trong l\u1eafp \u0111\u1eb7t c\u1ed1 \u0111\u1ecbnh 5 x \u0111\u01b0\u1eddng k\u00ednh ngo\u00e0i<\/li>\n<li>B\u00e1n k\u00ednh u\u1ed1n cong t\u1ed1i thi\u1ec3u khi l\u1eafp \u0111\u1eb7t linh ho\u1ea1t 7,5 x \u0111\u01b0\u1eddng k\u00ednh ngo\u00e0i<\/li>\n<\/ul>\n<p>&nbsp;<\/p>\n<p><strong>C\u1ea5u tr\u00fac c\u00e1p \u0111\u01b0\u1ee3c t\u1ed1i \u01b0u h\u00f3a:<\/strong><br \/>\njumper ngu\u1ed3n, jumper \u0111i\u1ec1u khi\u1ec3n, jumper d\u1eef li\u1ec7u, jumper to\u00e0n di\u1ec7n<\/p>\n<p>&nbsp;<\/p>\n<p><strong>\u1ee8ng d\u1ee5ng h\u00e0i l\u00f2ng<\/strong><br \/>\n\u2460 Ch\u1ed1ng ch\u00e1y \u2461 \u00cdt ph\u00e1t th\u1ea3i kh\u00f3i<\/p>\n<p>\u2462 \u0110\u1ed9c t\u00ednh th\u1ea5p \u2463 Ch\u1ed1ng l\u00e3o h\u00f3a d\u01b0\u1edbi \u00e1nh n\u1eafng m\u1eb7t tr\u1eddi \u2464 Ch\u1ed1ng d\u1ea7u<\/p>\n<p>\u2465 Ch\u1ed1ng ch\u1ecbu th\u1eddi ti\u1ebft \u2466 Ch\u1ed1ng ch\u1ecbu c\u01a1 h\u1ecdc<\/p>\n<p><strong>\u0111\u1ed9 tin c\u1eady<\/strong><br \/>\nC\u00e1p TST kinh nghi\u1ec7m nhi\u1ec1u n\u0103m v\u1ec1 c\u00e1p nh\u1ea3y: Vi\u1ec7c ki\u1ec3m \u0111\u1ecbnh \u0111\u1ed9 b\u1ec1n u\u1ed1n, \u0111\u1ed9 b\u1ec1n xo\u1eafn l\u00e0 s\u1ef1 \u0111\u1ea3m b\u1ea3o h\u1eefu hi\u1ec7u cho s\u1ef1 an to\u00e0n khi v\u1eadn h\u00e0nh ph\u01b0\u01a1ng ti\u1ec7n. Th\u00ed nghi\u1ec7m \u0111\u01b0\u1ee3c th\u1ef1c hi\u1ec7n h\u01a1n 500.000 l\u1ea7n theo JRLS J 1000-5.4.2 v\u00e0 JRIS J 100-5.4.3, c\u00e1c th\u00ed nghi\u1ec7m \u0111\u01b0\u1ee3c ti\u1ebfn h\u00e0nh h\u01a1n 500000 l\u1ea7n.<\/p>\n<p>&nbsp;<\/p>\n<p><strong><b>\u0110\u1eb7c t\u00ednh ch\u1ed1ng ch\u00e1y<\/b><\/strong><\/p>\n<ul>\n<li>EN45545-2 HL1 \u2014 Th\u1eed nghi\u1ec7m HL3<\/li>\n<li>d\u1ecdc \u0111\u01a1n EN60332-1-2<\/li>\n<li>M\u1eadt \u0111\u1ed9 kh\u00f3i EN61034-2<\/li>\n<li>\u0111\u1ed9c t\u00ednh EN50305-9-2<\/li>\n<\/ul>\n<p><strong><b> <\/b><\/strong><\/p>\n<p><strong><b>T\u1ea5t c\u1ea3 c\u00e1c ch\u1ee9ng ch\u1ec9 chuy\u00ean m\u00f4n cho ng\u00e0nh \u0111\u01b0\u1eddng s\u1eaft<\/b><\/strong><\/p>\n<ul>\n<li>Doanh nghi\u1ec7p \u0111\u01b0\u1ee3c ch\u1ee9ng nh\u1eadn CRCC<\/li>\n<li>TS22163 (H\u1ec7 th\u1ed1ng qu\u1ea3n l\u00fd ch\u1ea5t l\u01b0\u1ee3ng \u0111\u01b0\u1eddng s\u1eaft qu\u1ed1c t\u1ebf)<\/li>\n<li>ISO9001 (h\u1ec7 th\u1ed1ng ch\u1ea5t l\u01b0\u1ee3ng)<\/li>\n<li>Ch\u1ee9ng nh\u1eadn s\u1ea3n ph\u1ea9m CE<\/li>\n<li>Ph\u00f2ng ch\u00e1y ch\u1eefa ch\u00e1y ECER118<\/li>\n<\/ul>\n<p>&nbsp;<\/p>\n<p>&nbsp;<\/p>\n","protected":false},"excerpt":{"rendered":"<p>C\u00e1p \u0111\u01b0\u1eddng s\u1eaft C\u00e1p m\u00e1y bay C\u00e1p nh\u1ea3y ph\u01b0\u01a1ng ti\u1ec7n \u1ee9ng d\u1ee5ng trong h\u1ec7 th\u1ed1ng \u0111i\u1ec1u khi\u1ec3n \u0111\u01b0\u1eddng s\u1eaft (C\u00e1p \u0111i\u1ec7n \u0111\u01b0\u1eddng s\u1eaft, C\u00e1p \u0111i\u1ec1u khi\u1ec3n, C\u00e1p truy\u1ec1n d\u1eef li\u1ec7u \u0111\u01b0\u1eddng s\u1eaft, C\u00e1p c\u1ea3m bi\u1ebfn \u0111\u01b0\u1eddng s\u1eaft, M\u00e1y b\u00e1n v\u00e9), H\u1ec7 th\u1ed1ng th\u00f4ng tin \u0111\u01b0\u1eddng s\u1eaft (C\u00e1p \u0111\u1ed3ng tr\u1ee5c \u0111\u01b0\u1eddng s\u1eaft, C\u00e1p RF, C\u00e1p Ethernet \u0111\u01b0\u1eddng s\u1eaft), H\u1ec7 th\u1ed1ng \u0111a ph\u01b0\u01a1ng ti\u1ec7n \u0111\u01b0\u1eddng s\u1eaft (C\u00e1p loa, C\u00e1p micro, C\u00e1p Video cho m\u00e0n h\u00ecnh.)<\/p>\n","protected":false},"featured_media":9352,"template":"","meta":{"_eb_attr":"","site-sidebar-layout":"default","site-content-layout":"","ast-site-content-layout":"default","site-content-style":"default","site-sidebar-style":"default","ast-global-header-display":"","ast-banner-title-visibility":"","ast-main-header-display":"","ast-hfb-above-header-display":"","ast-hfb-below-header-display":"","ast-hfb-mobile-header-display":"","site-post-title":"","ast-breadcrumbs-content":"","ast-featured-img":"","footer-sml-layout":"","theme-transparent-header-meta":"default","adv-header-id-meta":"","stick-header-meta":"","header-above-stick-meta":"","header-main-stick-meta":"","header-below-stick-meta":"","astra-migrate-meta-layouts":"default","ast-page-background-enabled":"default","ast-page-background-meta":{"desktop":{"background-color":"","background-image":"","background-repeat":"repeat","background-position":"center center","background-size":"auto","background-attachment":"scroll","background-type":"","background-media":"","overlay-type":"","overlay-color":"","overlay-opacity":"","overlay-gradient":""},"tablet":{"background-color":"","background-image":"","background-repeat":"repeat","background-position":"center center","background-size":"auto","background-attachment":"scroll","background-type":"","background-media":"","overlay-type":"","overlay-color":"","overlay-opacity":"","overlay-gradient":""},"mobile":{"background-color":"","background-image":"","background-repeat":"repeat","background-position":"center center","background-size":"auto","background-attachment":"scroll","background-type":"","background-media":"","overlay-type":"","overlay-color":"","overlay-opacity":"","overlay-gradient":""}},"ast-content-background-meta":{"desktop":{"background-color":"var(--ast-global-color-5)","background-image":"","background-repeat":"repeat","background-position":"center center","background-size":"auto","background-attachment":"scroll","background-type":"","background-media":"","overlay-type":"","overlay-color":"","overlay-opacity":"","overlay-gradient":""},"tablet":{"background-color":"var(--ast-global-color-5)","background-image":"","background-repeat":"repeat","background-position":"center center","background-size":"auto","background-attachment":"scroll","background-type":"","background-media":"","overlay-type":"","overlay-color":"","overlay-opacity":"","overlay-gradient":""},"mobile":{"background-color":"var(--ast-global-color-5)","background-image":"","background-repeat":"repeat","background-position":"center center","background-size":"auto","background-attachment":"scroll","background-type":"","background-media":"","overlay-type":"","overlay-color":"","overlay-opacity":"","overlay-gradient":""}}},"product_brand":[],"product_cat":[1993,833,843,826,842,827,828,829,830,825,832],"product_tag":[1965,1966,1967],"class_list":{"0":"post-21099","1":"product","2":"type-product","3":"status-publish","4":"has-post-thumbnail","6":"product_cat-cap-chong-mai-mon","7":"product_cat-lsoh-cable-vi","8":"product_cat-silicone-cable-vi","9":"product_cat-customized-cable-vi","10":"product_cat-rail-way-vi","11":"product_cat-enstandard-cable-vi","12":"product_cat-en50264-vi","13":"product_cat-en50306-vi","14":"product_cat-en50382-vi","15":"product_cat-aviation-vi","16":"product_cat-ice-standard-vi","17":"product_tag-cap-duong-sat","18":"product_tag-cap-nhay-tst-382","19":"product_tag-cap-nhay-xe-tst","20":"desktop-align-center","21":"tablet-align-left","22":"mobile-align-left","24":"first","25":"instock","26":"shipping-taxable","27":"product-type-simple"},"yoast_head":"<!-- This site is optimized with the Yoast SEO plugin v27.3 - https:\/\/yoast.com\/product\/yoast-seo-wordpress\/ -->\n<title>C\u00e1p \u0111\u01b0\u1eddng s\u1eaft C\u00e1p m\u00e1y bay C\u00e1p nh\u1ea3y xe EN50382<\/title>\n<meta name=\"description\" content=\"C\u00e1p \u0111\u01b0\u1eddng s\u1eaft C\u00e1p m\u00e1y bay C\u00e1p nh\u1ea3y xe cung c\u1ea5p nhi\u1ec1u lo\u1ea1i d\u1ecbch v\u1ee5 OEM cho c\u00e1c h\u1ea1ng m\u1ee5c \u0111\u1ea7u m\u00e1y toa xe l\u1eeda t\u1eeb d\u00e2y d\u1eabn \u0111\u1ebfn th\u00f4ng s\u1ed1 k\u1ef9 thu\u1eadt c\u00e1p \u0111a l\u00f5i cho \u1ee9ng d\u1ee5ng c\u1ee7a kh\u00e1ch h\u00e0ng.\" \/>\n<meta name=\"robots\" content=\"index, follow, max-snippet:-1, max-image-preview:large, max-video-preview:-1\" \/>\n<link rel=\"canonical\" href=\"https:\/\/www.tstcables.com\/vi\/product\/cap-duong-sat-cap-may-bay-cap-nhay-xe-en50382\/\" \/>\n<meta property=\"og:locale\" content=\"vi_VN\" \/>\n<meta property=\"og:type\" content=\"article\" \/>\n<meta property=\"og:title\" content=\"C\u00e1p \u0111\u01b0\u1eddng s\u1eaft C\u00e1p m\u00e1y bay C\u00e1p nh\u1ea3y xe EN50382\" \/>\n<meta property=\"og:description\" content=\"C\u00e1p \u0111\u01b0\u1eddng s\u1eaft C\u00e1p m\u00e1y bay C\u00e1p nh\u1ea3y xe cung c\u1ea5p nhi\u1ec1u lo\u1ea1i d\u1ecbch v\u1ee5 OEM cho c\u00e1c h\u1ea1ng m\u1ee5c \u0111\u1ea7u m\u00e1y toa xe l\u1eeda t\u1eeb d\u00e2y d\u1eabn \u0111\u1ebfn th\u00f4ng s\u1ed1 k\u1ef9 thu\u1eadt c\u00e1p \u0111a l\u00f5i cho \u1ee9ng d\u1ee5ng c\u1ee7a kh\u00e1ch h\u00e0ng.\" \/>\n<meta property=\"og:url\" content=\"https:\/\/www.tstcables.com\/vi\/product\/cap-duong-sat-cap-may-bay-cap-nhay-xe-en50382\/\" \/>\n<meta property=\"og:site_name\" content=\"TST CABLES supplier &amp; Manufacture\" \/>\n<meta property=\"og:image\" content=\"https:\/\/www.tstcables.com\/wp-content\/uploads\/2024\/03\/image_vehiclejumpercable.png\" \/>\n\t<meta property=\"og:image:width\" content=\"900\" \/>\n\t<meta property=\"og:image:height\" content=\"900\" \/>\n\t<meta property=\"og:image:type\" content=\"image\/png\" \/>\n<meta name=\"twitter:card\" content=\"summary_large_image\" \/>\n<meta name=\"twitter:label1\" content=\"Est. reading time\" \/>\n\t<meta name=\"twitter:data1\" content=\"3 minutes\" \/>\n<script type=\"application\/ld+json\" class=\"yoast-schema-graph\">{\"@context\":\"https:\\\/\\\/schema.org\",\"@graph\":[{\"@type\":\"WebPage\",\"@id\":\"https:\\\/\\\/www.tstcables.com\\\/vi\\\/product\\\/cap-duong-sat-cap-may-bay-cap-nhay-xe-en50382\\\/\",\"url\":\"https:\\\/\\\/www.tstcables.com\\\/vi\\\/product\\\/cap-duong-sat-cap-may-bay-cap-nhay-xe-en50382\\\/\",\"name\":\"C\u00e1p \u0111\u01b0\u1eddng s\u1eaft C\u00e1p m\u00e1y bay C\u00e1p nh\u1ea3y xe EN50382\",\"isPartOf\":{\"@id\":\"https:\\\/\\\/www.tstcables.com\\\/vi\\\/#website\"},\"primaryImageOfPage\":{\"@id\":\"https:\\\/\\\/www.tstcables.com\\\/vi\\\/product\\\/cap-duong-sat-cap-may-bay-cap-nhay-xe-en50382\\\/#primaryimage\"},\"image\":{\"@id\":\"https:\\\/\\\/www.tstcables.com\\\/vi\\\/product\\\/cap-duong-sat-cap-may-bay-cap-nhay-xe-en50382\\\/#primaryimage\"},\"thumbnailUrl\":\"https:\\\/\\\/www.tstcables.com\\\/wp-content\\\/uploads\\\/2024\\\/03\\\/image_vehiclejumpercable.png\",\"datePublished\":\"2024-03-23T06:36:05+00:00\",\"description\":\"C\u00e1p \u0111\u01b0\u1eddng s\u1eaft C\u00e1p m\u00e1y bay C\u00e1p nh\u1ea3y xe cung c\u1ea5p nhi\u1ec1u lo\u1ea1i d\u1ecbch v\u1ee5 OEM cho c\u00e1c h\u1ea1ng m\u1ee5c \u0111\u1ea7u m\u00e1y toa xe l\u1eeda t\u1eeb d\u00e2y d\u1eabn \u0111\u1ebfn th\u00f4ng s\u1ed1 k\u1ef9 thu\u1eadt c\u00e1p \u0111a l\u00f5i cho \u1ee9ng d\u1ee5ng c\u1ee7a kh\u00e1ch h\u00e0ng.\",\"breadcrumb\":{\"@id\":\"https:\\\/\\\/www.tstcables.com\\\/vi\\\/product\\\/cap-duong-sat-cap-may-bay-cap-nhay-xe-en50382\\\/#breadcrumb\"},\"inLanguage\":\"vi-VN\",\"potentialAction\":[{\"@type\":\"ReadAction\",\"target\":[\"https:\\\/\\\/www.tstcables.com\\\/vi\\\/product\\\/cap-duong-sat-cap-may-bay-cap-nhay-xe-en50382\\\/\"]}]},{\"@type\":\"ImageObject\",\"inLanguage\":\"vi-VN\",\"@id\":\"https:\\\/\\\/www.tstcables.com\\\/vi\\\/product\\\/cap-duong-sat-cap-may-bay-cap-nhay-xe-en50382\\\/#primaryimage\",\"url\":\"https:\\\/\\\/www.tstcables.com\\\/wp-content\\\/uploads\\\/2024\\\/03\\\/image_vehiclejumpercable.png\",\"contentUrl\":\"https:\\\/\\\/www.tstcables.com\\\/wp-content\\\/uploads\\\/2024\\\/03\\\/image_vehiclejumpercable.png\",\"width\":900,\"height\":900,\"caption\":\"Vehicle jumper cable\"},{\"@type\":\"BreadcrumbList\",\"@id\":\"https:\\\/\\\/www.tstcables.com\\\/vi\\\/product\\\/cap-duong-sat-cap-may-bay-cap-nhay-xe-en50382\\\/#breadcrumb\",\"itemListElement\":[{\"@type\":\"ListItem\",\"position\":1,\"name\":\"\u9996\u9875\",\"item\":\"https:\\\/\\\/www.tstcables.com\\\/vi\\\/\"},{\"@type\":\"ListItem\",\"position\":2,\"name\":\"Product\",\"item\":\"https:\\\/\\\/www.tstcables.com\\\/product\\\/\"},{\"@type\":\"ListItem\",\"position\":3,\"name\":\"C\u00e1p \u0111\u01b0\u1eddng s\u1eaft C\u00e1p m\u00e1y bay C\u00e1p nh\u1ea3y xe EN50382\"}]},{\"@type\":\"WebSite\",\"@id\":\"https:\\\/\\\/www.tstcables.com\\\/vi\\\/#website\",\"url\":\"https:\\\/\\\/www.tstcables.com\\\/vi\\\/\",\"name\":\"TST Cable supplier & Manufacture\",\"description\":\"TST CABLES  supplier &amp; Manufacture official website\",\"publisher\":{\"@id\":\"https:\\\/\\\/www.tstcables.com\\\/vi\\\/#organization\"},\"potentialAction\":[{\"@type\":\"SearchAction\",\"target\":{\"@type\":\"EntryPoint\",\"urlTemplate\":\"https:\\\/\\\/www.tstcables.com\\\/vi\\\/?s={search_term_string}\"},\"query-input\":{\"@type\":\"PropertyValueSpecification\",\"valueRequired\":true,\"valueName\":\"search_term_string\"}}],\"inLanguage\":\"vi-VN\"},{\"@type\":\"Organization\",\"@id\":\"https:\\\/\\\/www.tstcables.com\\\/vi\\\/#organization\",\"name\":\"TST Cable supplier & Manufacture\",\"url\":\"https:\\\/\\\/www.tstcables.com\\\/vi\\\/\",\"logo\":{\"@type\":\"ImageObject\",\"inLanguage\":\"vi-VN\",\"@id\":\"https:\\\/\\\/www.tstcables.com\\\/vi\\\/#\\\/schema\\\/logo\\\/image\\\/\",\"url\":\"https:\\\/\\\/www.tstcables.com\\\/wp-content\\\/uploads\\\/2024\\\/04\\\/cropped-\u753b\u677f-1-\u62f7\u8d1d-4-1.png\",\"contentUrl\":\"https:\\\/\\\/www.tstcables.com\\\/wp-content\\\/uploads\\\/2024\\\/04\\\/cropped-\u753b\u677f-1-\u62f7\u8d1d-4-1.png\",\"width\":300,\"height\":100,\"caption\":\"TST Cable supplier & Manufacture\"},\"image\":{\"@id\":\"https:\\\/\\\/www.tstcables.com\\\/vi\\\/#\\\/schema\\\/logo\\\/image\\\/\"}}]}<\/script>\n<!-- \/ Yoast SEO plugin. -->","yoast_head_json":{"title":"C\u00e1p \u0111\u01b0\u1eddng s\u1eaft C\u00e1p m\u00e1y bay C\u00e1p nh\u1ea3y xe EN50382","description":"C\u00e1p \u0111\u01b0\u1eddng s\u1eaft C\u00e1p m\u00e1y bay C\u00e1p nh\u1ea3y xe cung c\u1ea5p nhi\u1ec1u lo\u1ea1i d\u1ecbch v\u1ee5 OEM cho c\u00e1c h\u1ea1ng m\u1ee5c \u0111\u1ea7u m\u00e1y toa xe l\u1eeda t\u1eeb d\u00e2y d\u1eabn \u0111\u1ebfn th\u00f4ng s\u1ed1 k\u1ef9 thu\u1eadt c\u00e1p \u0111a l\u00f5i cho \u1ee9ng d\u1ee5ng c\u1ee7a kh\u00e1ch h\u00e0ng.","robots":{"index":"index","follow":"follow","max-snippet":"max-snippet:-1","max-image-preview":"max-image-preview:large","max-video-preview":"max-video-preview:-1"},"canonical":"https:\/\/www.tstcables.com\/vi\/product\/cap-duong-sat-cap-may-bay-cap-nhay-xe-en50382\/","og_locale":"vi_VN","og_type":"article","og_title":"C\u00e1p \u0111\u01b0\u1eddng s\u1eaft C\u00e1p m\u00e1y bay C\u00e1p nh\u1ea3y xe EN50382","og_description":"C\u00e1p \u0111\u01b0\u1eddng s\u1eaft C\u00e1p m\u00e1y bay C\u00e1p nh\u1ea3y xe cung c\u1ea5p nhi\u1ec1u lo\u1ea1i d\u1ecbch v\u1ee5 OEM cho c\u00e1c h\u1ea1ng m\u1ee5c \u0111\u1ea7u m\u00e1y toa xe l\u1eeda t\u1eeb d\u00e2y d\u1eabn \u0111\u1ebfn th\u00f4ng s\u1ed1 k\u1ef9 thu\u1eadt c\u00e1p \u0111a l\u00f5i cho \u1ee9ng d\u1ee5ng c\u1ee7a kh\u00e1ch h\u00e0ng.","og_url":"https:\/\/www.tstcables.com\/vi\/product\/cap-duong-sat-cap-may-bay-cap-nhay-xe-en50382\/","og_site_name":"TST CABLES supplier &amp; Manufacture","og_image":[{"width":900,"height":900,"url":"https:\/\/www.tstcables.com\/wp-content\/uploads\/2024\/03\/image_vehiclejumpercable.png","type":"image\/png"}],"twitter_card":"summary_large_image","twitter_misc":{"Est. reading time":"3 minutes"},"schema":{"@context":"https:\/\/schema.org","@graph":[{"@type":"WebPage","@id":"https:\/\/www.tstcables.com\/vi\/product\/cap-duong-sat-cap-may-bay-cap-nhay-xe-en50382\/","url":"https:\/\/www.tstcables.com\/vi\/product\/cap-duong-sat-cap-may-bay-cap-nhay-xe-en50382\/","name":"C\u00e1p \u0111\u01b0\u1eddng s\u1eaft C\u00e1p m\u00e1y bay C\u00e1p nh\u1ea3y xe EN50382","isPartOf":{"@id":"https:\/\/www.tstcables.com\/vi\/#website"},"primaryImageOfPage":{"@id":"https:\/\/www.tstcables.com\/vi\/product\/cap-duong-sat-cap-may-bay-cap-nhay-xe-en50382\/#primaryimage"},"image":{"@id":"https:\/\/www.tstcables.com\/vi\/product\/cap-duong-sat-cap-may-bay-cap-nhay-xe-en50382\/#primaryimage"},"thumbnailUrl":"https:\/\/www.tstcables.com\/wp-content\/uploads\/2024\/03\/image_vehiclejumpercable.png","datePublished":"2024-03-23T06:36:05+00:00","description":"C\u00e1p \u0111\u01b0\u1eddng s\u1eaft C\u00e1p m\u00e1y bay C\u00e1p nh\u1ea3y xe cung c\u1ea5p nhi\u1ec1u lo\u1ea1i d\u1ecbch v\u1ee5 OEM cho c\u00e1c h\u1ea1ng m\u1ee5c \u0111\u1ea7u m\u00e1y toa xe l\u1eeda t\u1eeb d\u00e2y d\u1eabn \u0111\u1ebfn th\u00f4ng s\u1ed1 k\u1ef9 thu\u1eadt c\u00e1p \u0111a l\u00f5i cho \u1ee9ng d\u1ee5ng c\u1ee7a kh\u00e1ch h\u00e0ng.","breadcrumb":{"@id":"https:\/\/www.tstcables.com\/vi\/product\/cap-duong-sat-cap-may-bay-cap-nhay-xe-en50382\/#breadcrumb"},"inLanguage":"vi-VN","potentialAction":[{"@type":"ReadAction","target":["https:\/\/www.tstcables.com\/vi\/product\/cap-duong-sat-cap-may-bay-cap-nhay-xe-en50382\/"]}]},{"@type":"ImageObject","inLanguage":"vi-VN","@id":"https:\/\/www.tstcables.com\/vi\/product\/cap-duong-sat-cap-may-bay-cap-nhay-xe-en50382\/#primaryimage","url":"https:\/\/www.tstcables.com\/wp-content\/uploads\/2024\/03\/image_vehiclejumpercable.png","contentUrl":"https:\/\/www.tstcables.com\/wp-content\/uploads\/2024\/03\/image_vehiclejumpercable.png","width":900,"height":900,"caption":"Vehicle jumper cable"},{"@type":"BreadcrumbList","@id":"https:\/\/www.tstcables.com\/vi\/product\/cap-duong-sat-cap-may-bay-cap-nhay-xe-en50382\/#breadcrumb","itemListElement":[{"@type":"ListItem","position":1,"name":"\u9996\u9875","item":"https:\/\/www.tstcables.com\/vi\/"},{"@type":"ListItem","position":2,"name":"Product","item":"https:\/\/www.tstcables.com\/product\/"},{"@type":"ListItem","position":3,"name":"C\u00e1p \u0111\u01b0\u1eddng s\u1eaft C\u00e1p m\u00e1y bay C\u00e1p nh\u1ea3y xe EN50382"}]},{"@type":"WebSite","@id":"https:\/\/www.tstcables.com\/vi\/#website","url":"https:\/\/www.tstcables.com\/vi\/","name":"TST Cable supplier & Manufacture","description":"TST CABLES  supplier &amp; Manufacture official website","publisher":{"@id":"https:\/\/www.tstcables.com\/vi\/#organization"},"potentialAction":[{"@type":"SearchAction","target":{"@type":"EntryPoint","urlTemplate":"https:\/\/www.tstcables.com\/vi\/?s={search_term_string}"},"query-input":{"@type":"PropertyValueSpecification","valueRequired":true,"valueName":"search_term_string"}}],"inLanguage":"vi-VN"},{"@type":"Organization","@id":"https:\/\/www.tstcables.com\/vi\/#organization","name":"TST Cable supplier & Manufacture","url":"https:\/\/www.tstcables.com\/vi\/","logo":{"@type":"ImageObject","inLanguage":"vi-VN","@id":"https:\/\/www.tstcables.com\/vi\/#\/schema\/logo\/image\/","url":"https:\/\/www.tstcables.com\/wp-content\/uploads\/2024\/04\/cropped-\u753b\u677f-1-\u62f7\u8d1d-4-1.png","contentUrl":"https:\/\/www.tstcables.com\/wp-content\/uploads\/2024\/04\/cropped-\u753b\u677f-1-\u62f7\u8d1d-4-1.png","width":300,"height":100,"caption":"TST Cable supplier & Manufacture"},"image":{"@id":"https:\/\/www.tstcables.com\/vi\/#\/schema\/logo\/image\/"}}]}},"_links":{"self":[{"href":"https:\/\/www.tstcables.com\/vi\/wp-json\/wp\/v2\/product\/21099","targetHints":{"allow":["GET"]}}],"collection":[{"href":"https:\/\/www.tstcables.com\/vi\/wp-json\/wp\/v2\/product"}],"about":[{"href":"https:\/\/www.tstcables.com\/vi\/wp-json\/wp\/v2\/types\/product"}],"version-history":[{"count":0,"href":"https:\/\/www.tstcables.com\/vi\/wp-json\/wp\/v2\/product\/21099\/revisions"}],"wp:featuredmedia":[{"embeddable":true,"href":"https:\/\/www.tstcables.com\/vi\/wp-json\/wp\/v2\/media\/9352"}],"wp:attachment":[{"href":"https:\/\/www.tstcables.com\/vi\/wp-json\/wp\/v2\/media?parent=21099"}],"wp:term":[{"taxonomy":"product_brand","embeddable":true,"href":"https:\/\/www.tstcables.com\/vi\/wp-json\/wp\/v2\/product_brand?post=21099"},{"taxonomy":"product_cat","embeddable":true,"href":"https:\/\/www.tstcables.com\/vi\/wp-json\/wp\/v2\/product_cat?post=21099"},{"taxonomy":"product_tag","embeddable":true,"href":"https:\/\/www.tstcables.com\/vi\/wp-json\/wp\/v2\/product_tag?post=21099"}],"curies":[{"name":"wp","href":"https:\/\/api.w.org\/{rel}","templated":true}]}}