{"id":21100,"date":"2024-03-23T14:38:41","date_gmt":"2024-03-23T06:38:41","guid":{"rendered":"https:\/\/www.tstcables.com\/product\/day-cap-sac-xe-dien\/"},"modified":"2024-03-23T14:38:41","modified_gmt":"2024-03-23T06:38:41","slug":"day-cap-sac-xe-dien","status":"publish","type":"product","link":"https:\/\/www.tstcables.com\/vi\/product\/day-cap-sac-xe-dien\/","title":{"rendered":"D\u00e2y &amp; c\u00e1p s\u1ea1c xe \u0111i\u1ec7n"},"content":{"rendered":"<p>\u1ee8ng d\u1ee5ng:<\/p>\n<p>D\u00e2y v\u00e0 c\u00e1p s\u1ea1c xe \u0111i\u1ec7n th\u01b0\u1eddng \u0111\u01b0\u1ee3c s\u1eed d\u1ee5ng trong c\u00e1c tr\u1ea1m s\u1ea1c, b\u00e3i \u0111\u1ed7 xe, kh\u00e1ch s\u1ea1n, c\u1ed9ng \u0111\u1ed3ng, gara v\u00e0 c\u00e1c khu v\u1ef1c kh\u00e1c. C\u00e1p s\u1ea1c di \u0111\u1ed9ng c\u00f3 th\u1ec3 \u0111\u01b0\u1ee3c c\u1ea5t gi\u1eef b\u00ean trong xe \u0111\u1ec3 thu\u1eadn ti\u1ec7n.<\/p>\n<p>\u0110\u1eb7c \u0111i\u1ec3m:<\/p>\n<ul>\n<li>\u0110i\u1ec7n \u00e1p \u0111\u1ecbnh m\u1ee9c: AC 450\/750V, DC 1.0KV.<\/li>\n<li>Di\u1ec7n t\u00edch m\u1eb7t c\u1eaft ngang: 0,75mm2, 1,5mm2, 2,5mm2, 4,0mm2, 6,0mm2, 16mm2, 20mm2, 35mm2, 50mm2, 80mm2.<\/li>\n<li>S\u1ed1 l\u00f5i c\u00e1p: \u0110\u01b0\u1eddng t\u00edn hi\u1ec7u + \u0110\u01b0\u1eddng \u0111i\u1ec1u khi\u1ec3n + \u0110\u01b0\u1eddng ngu\u1ed3n.<\/li>\n<li>D\u00e2y d\u1eabn: D\u00e2y d\u1eabn m\u1ec1m lo\u1ea1i 5 v\u00e0 lo\u1ea1i 6.<\/li>\n<li>B\u00e1n k\u00ednh u\u1ed1n: 5D (y\u00eau c\u1ea7u \u0111\u1eb7c bi\u1ec7t).<\/li>\n<li>L\u01b0u \u00fd: Trong b\u1ed1i c\u1ea3nh \u0111\u1eb7c \u0111i\u1ec3m c\u1ee7a c\u00e1p, &#8220;5D&#8221; \u0111\u1ec1 c\u1eadp \u0111\u1ebfn b\u00e1n k\u00ednh u\u1ed1n g\u1ea5p 5 l\u1ea7n \u0111\u01b0\u1eddng k\u00ednh ngo\u00e0i c\u1ee7a c\u00e1p.<\/li>\n<\/ul>\n<p>Ti\u00eau chu\u1ea9n c\u00f4ng nghi\u1ec7p:<\/p>\n<ul>\n<li>IEC 62893<\/li>\n<li>Eu &#8211; 50260<\/li>\n<li>ur62<\/li>\n<li>T33594<\/li>\n<\/ul>\n","protected":false},"excerpt":{"rendered":"<p>D\u00e2y &amp; c\u00e1p s\u1ea1c xe \u0111i\u1ec7n \u0111\u01b0\u1ee3c s\u1eed d\u1ee5ng \u0111\u1ec3 k\u1ebft n\u1ed1i thi\u1ebft b\u1ecb s\u1ea1c xe \u0111i\u1ec7n v\u00e0 c\u01a1 s\u1edf h\u1ea1 t\u1ea7ng s\u1ea1c, cho ph\u00e9p truy\u1ec1n \u0111i\u1ec7n sang xe \u0111i\u1ec7n. C\u00e1c lo\u1ea1i c\u00e1p n\u00e0y \u0111\u01b0\u1ee3c trang b\u1ecb m\u1ed9t s\u1ed1 \u0111\u01b0\u1eddng t\u00edn hi\u1ec7u, \u0111\u01b0\u1eddng \u0111i\u1ec1u khi\u1ec3n, \u0111\u01b0\u1eddng ph\u1ee5 tr\u1ee3 ngu\u1ed3n, v.v. nh\u1ea5t \u0111\u1ecbnh \u0111\u1ec3 \u0111\u1ea3m b\u1ea3o \u0111i\u1ec1u khi\u1ec3n ch\u00ednh x\u00e1c v\u00e0 v\u1eadn h\u00e0nh an to\u00e0n trong su\u1ed1t qu\u00e1 tr\u00ecnh s\u1ea1c.<\/p>\n","protected":false},"featured_media":10720,"template":"","meta":{"_eb_attr":"","site-sidebar-layout":"default","site-content-layout":"","ast-site-content-layout":"default","site-content-style":"default","site-sidebar-style":"default","ast-global-header-display":"","ast-banner-title-visibility":"","ast-main-header-display":"","ast-hfb-above-header-display":"","ast-hfb-below-header-display":"","ast-hfb-mobile-header-display":"","site-post-title":"","ast-breadcrumbs-content":"","ast-featured-img":"","footer-sml-layout":"","theme-transparent-header-meta":"default","adv-header-id-meta":"","stick-header-meta":"","header-above-stick-meta":"","header-main-stick-meta":"","header-below-stick-meta":"","astra-migrate-meta-layouts":"default","ast-page-background-enabled":"default","ast-page-background-meta":{"desktop":{"background-color":"","background-image":"","background-repeat":"repeat","background-position":"center center","background-size":"auto","background-attachment":"scroll","background-type":"","background-media":"","overlay-type":"","overlay-color":"","overlay-opacity":"","overlay-gradient":""},"tablet":{"background-color":"","background-image":"","background-repeat":"repeat","background-position":"center center","background-size":"auto","background-attachment":"scroll","background-type":"","background-media":"","overlay-type":"","overlay-color":"","overlay-opacity":"","overlay-gradient":""},"mobile":{"background-color":"","background-image":"","background-repeat":"repeat","background-position":"center center","background-size":"auto","background-attachment":"scroll","background-type":"","background-media":"","overlay-type":"","overlay-color":"","overlay-opacity":"","overlay-gradient":""}},"ast-content-background-meta":{"desktop":{"background-color":"var(--ast-global-color-5)","background-image":"","background-repeat":"repeat","background-position":"center center","background-size":"auto","background-attachment":"scroll","background-type":"","background-media":"","overlay-type":"","overlay-color":"","overlay-opacity":"","overlay-gradient":""},"tablet":{"background-color":"var(--ast-global-color-5)","background-image":"","background-repeat":"repeat","background-position":"center center","background-size":"auto","background-attachment":"scroll","background-type":"","background-media":"","overlay-type":"","overlay-color":"","overlay-opacity":"","overlay-gradient":""},"mobile":{"background-color":"var(--ast-global-color-5)","background-image":"","background-repeat":"repeat","background-position":"center center","background-size":"auto","background-attachment":"scroll","background-type":"","background-media":"","overlay-type":"","overlay-color":"","overlay-opacity":"","overlay-gradient":""}}},"product_brand":[],"product_cat":[1922,833,831,843,1923,826,842,827,828,829,830,834,832],"product_tag":[2032,2031],"class_list":{"0":"post-21100","1":"product","2":"type-product","3":"status-publish","4":"has-post-thumbnail","6":"product_cat-cap-kich-thuoc-nho","7":"product_cat-lsoh-cable-vi","8":"product_cat-high-temperature-cable-vi","9":"product_cat-silicone-cable-vi","10":"product_cat-cap-trong-luong-nhe","11":"product_cat-customized-cable-vi","12":"product_cat-rail-way-vi","13":"product_cat-enstandard-cable-vi","14":"product_cat-en50264-vi","15":"product_cat-en50306-vi","16":"product_cat-en50382-vi","17":"product_cat-marine-vi","18":"product_cat-ice-standard-vi","19":"product_tag-day-va-cap-dien-xe-dien","20":"product_tag-day-va-cap-sac","21":"desktop-align-center","22":"tablet-align-left","23":"mobile-align-left","25":"first","26":"instock","27":"shipping-taxable","28":"product-type-simple"},"yoast_head":"<!-- This site is optimized with the Yoast SEO plugin v27.4 - https:\/\/yoast.com\/product\/yoast-seo-wordpress\/ -->\n<title>D\u00e2y &amp; c\u00e1p s\u1ea1c xe \u0111i\u1ec7n<\/title>\n<meta name=\"description\" content=\"D\u00e2y &amp; c\u00e1p s\u1ea1c xe \u0111i\u1ec7n \u0111\u01b0\u1ee3c s\u1eed d\u1ee5ng \u0111\u1ec3 k\u1ebft n\u1ed1i thi\u1ebft b\u1ecb s\u1ea1c xe \u0111i\u1ec7n v\u00e0 c\u01a1 s\u1edf h\u1ea1 t\u1ea7ng s\u1ea1c.\" \/>\n<meta name=\"robots\" content=\"index, follow, max-snippet:-1, max-image-preview:large, max-video-preview:-1\" \/>\n<link rel=\"canonical\" href=\"https:\/\/www.tstcables.com\/vi\/product\/day-cap-sac-xe-dien\/\" \/>\n<meta property=\"og:locale\" content=\"vi_VN\" \/>\n<meta property=\"og:type\" content=\"article\" \/>\n<meta property=\"og:title\" content=\"D\u00e2y &amp; c\u00e1p s\u1ea1c xe \u0111i\u1ec7n\" \/>\n<meta property=\"og:description\" content=\"D\u00e2y &amp; c\u00e1p s\u1ea1c xe \u0111i\u1ec7n \u0111\u01b0\u1ee3c s\u1eed d\u1ee5ng \u0111\u1ec3 k\u1ebft n\u1ed1i thi\u1ebft b\u1ecb s\u1ea1c xe \u0111i\u1ec7n v\u00e0 c\u01a1 s\u1edf h\u1ea1 t\u1ea7ng s\u1ea1c.\" \/>\n<meta property=\"og:url\" content=\"https:\/\/www.tstcables.com\/vi\/product\/day-cap-sac-xe-dien\/\" \/>\n<meta property=\"og:site_name\" content=\"TST CABLES supplier &amp; Manufacture\" \/>\n<meta property=\"og:image\" content=\"https:\/\/www.tstcables.com\/wp-content\/uploads\/2024\/03\/20161208101139_81404.png\" \/>\n\t<meta property=\"og:image:width\" content=\"422\" \/>\n\t<meta property=\"og:image:height\" content=\"278\" \/>\n\t<meta property=\"og:image:type\" content=\"image\/png\" \/>\n<meta name=\"twitter:card\" content=\"summary_large_image\" \/>\n<meta name=\"twitter:label1\" content=\"Est. reading time\" \/>\n\t<meta name=\"twitter:data1\" content=\"1 minute\" \/>\n<script type=\"application\/ld+json\" class=\"yoast-schema-graph\">{\"@context\":\"https:\\\/\\\/schema.org\",\"@graph\":[{\"@type\":\"WebPage\",\"@id\":\"https:\\\/\\\/www.tstcables.com\\\/vi\\\/product\\\/day-cap-sac-xe-dien\\\/\",\"url\":\"https:\\\/\\\/www.tstcables.com\\\/vi\\\/product\\\/day-cap-sac-xe-dien\\\/\",\"name\":\"D\u00e2y & c\u00e1p s\u1ea1c xe \u0111i\u1ec7n\",\"isPartOf\":{\"@id\":\"https:\\\/\\\/www.tstcables.com\\\/vi\\\/#website\"},\"primaryImageOfPage\":{\"@id\":\"https:\\\/\\\/www.tstcables.com\\\/vi\\\/product\\\/day-cap-sac-xe-dien\\\/#primaryimage\"},\"image\":{\"@id\":\"https:\\\/\\\/www.tstcables.com\\\/vi\\\/product\\\/day-cap-sac-xe-dien\\\/#primaryimage\"},\"thumbnailUrl\":\"https:\\\/\\\/www.tstcables.com\\\/wp-content\\\/uploads\\\/2024\\\/03\\\/20161208101139_81404.png\",\"datePublished\":\"2024-03-23T06:38:41+00:00\",\"description\":\"D\u00e2y & c\u00e1p s\u1ea1c xe \u0111i\u1ec7n \u0111\u01b0\u1ee3c s\u1eed d\u1ee5ng \u0111\u1ec3 k\u1ebft n\u1ed1i thi\u1ebft b\u1ecb s\u1ea1c xe \u0111i\u1ec7n v\u00e0 c\u01a1 s\u1edf h\u1ea1 t\u1ea7ng s\u1ea1c.\",\"breadcrumb\":{\"@id\":\"https:\\\/\\\/www.tstcables.com\\\/vi\\\/product\\\/day-cap-sac-xe-dien\\\/#breadcrumb\"},\"inLanguage\":\"vi-VN\",\"potentialAction\":[{\"@type\":\"ReadAction\",\"target\":[\"https:\\\/\\\/www.tstcables.com\\\/vi\\\/product\\\/day-cap-sac-xe-dien\\\/\"]}]},{\"@type\":\"ImageObject\",\"inLanguage\":\"vi-VN\",\"@id\":\"https:\\\/\\\/www.tstcables.com\\\/vi\\\/product\\\/day-cap-sac-xe-dien\\\/#primaryimage\",\"url\":\"https:\\\/\\\/www.tstcables.com\\\/wp-content\\\/uploads\\\/2024\\\/03\\\/20161208101139_81404.png\",\"contentUrl\":\"https:\\\/\\\/www.tstcables.com\\\/wp-content\\\/uploads\\\/2024\\\/03\\\/20161208101139_81404.png\",\"width\":422,\"height\":278,\"caption\":\"Electric vehicle charging wire & cable\"},{\"@type\":\"BreadcrumbList\",\"@id\":\"https:\\\/\\\/www.tstcables.com\\\/vi\\\/product\\\/day-cap-sac-xe-dien\\\/#breadcrumb\",\"itemListElement\":[{\"@type\":\"ListItem\",\"position\":1,\"name\":\"\u9996\u9875\",\"item\":\"https:\\\/\\\/www.tstcables.com\\\/vi\\\/\"},{\"@type\":\"ListItem\",\"position\":2,\"name\":\"Product\",\"item\":\"https:\\\/\\\/www.tstcables.com\\\/product\\\/\"},{\"@type\":\"ListItem\",\"position\":3,\"name\":\"D\u00e2y &amp; c\u00e1p s\u1ea1c xe \u0111i\u1ec7n\"}]},{\"@type\":\"WebSite\",\"@id\":\"https:\\\/\\\/www.tstcables.com\\\/vi\\\/#website\",\"url\":\"https:\\\/\\\/www.tstcables.com\\\/vi\\\/\",\"name\":\"TST Cable supplier & Manufacture\",\"description\":\"TST CABLES  supplier &amp; Manufacture official website\",\"publisher\":{\"@id\":\"https:\\\/\\\/www.tstcables.com\\\/vi\\\/#organization\"},\"potentialAction\":[{\"@type\":\"SearchAction\",\"target\":{\"@type\":\"EntryPoint\",\"urlTemplate\":\"https:\\\/\\\/www.tstcables.com\\\/vi\\\/?s={search_term_string}\"},\"query-input\":{\"@type\":\"PropertyValueSpecification\",\"valueRequired\":true,\"valueName\":\"search_term_string\"}}],\"inLanguage\":\"vi-VN\"},{\"@type\":\"Organization\",\"@id\":\"https:\\\/\\\/www.tstcables.com\\\/vi\\\/#organization\",\"name\":\"TST Cable supplier & Manufacture\",\"url\":\"https:\\\/\\\/www.tstcables.com\\\/vi\\\/\",\"logo\":{\"@type\":\"ImageObject\",\"inLanguage\":\"vi-VN\",\"@id\":\"https:\\\/\\\/www.tstcables.com\\\/vi\\\/#\\\/schema\\\/logo\\\/image\\\/\",\"url\":\"https:\\\/\\\/www.tstcables.com\\\/wp-content\\\/uploads\\\/2024\\\/04\\\/cropped-\u753b\u677f-1-\u62f7\u8d1d-4-1.png\",\"contentUrl\":\"https:\\\/\\\/www.tstcables.com\\\/wp-content\\\/uploads\\\/2024\\\/04\\\/cropped-\u753b\u677f-1-\u62f7\u8d1d-4-1.png\",\"width\":300,\"height\":100,\"caption\":\"TST Cable supplier & Manufacture\"},\"image\":{\"@id\":\"https:\\\/\\\/www.tstcables.com\\\/vi\\\/#\\\/schema\\\/logo\\\/image\\\/\"}}]}<\/script>\n<!-- \/ Yoast SEO plugin. -->","yoast_head_json":{"title":"D\u00e2y & c\u00e1p s\u1ea1c xe \u0111i\u1ec7n","description":"D\u00e2y & c\u00e1p s\u1ea1c xe \u0111i\u1ec7n \u0111\u01b0\u1ee3c s\u1eed d\u1ee5ng \u0111\u1ec3 k\u1ebft n\u1ed1i thi\u1ebft b\u1ecb s\u1ea1c xe \u0111i\u1ec7n v\u00e0 c\u01a1 s\u1edf h\u1ea1 t\u1ea7ng s\u1ea1c.","robots":{"index":"index","follow":"follow","max-snippet":"max-snippet:-1","max-image-preview":"max-image-preview:large","max-video-preview":"max-video-preview:-1"},"canonical":"https:\/\/www.tstcables.com\/vi\/product\/day-cap-sac-xe-dien\/","og_locale":"vi_VN","og_type":"article","og_title":"D\u00e2y & c\u00e1p s\u1ea1c xe \u0111i\u1ec7n","og_description":"D\u00e2y & c\u00e1p s\u1ea1c xe \u0111i\u1ec7n \u0111\u01b0\u1ee3c s\u1eed d\u1ee5ng \u0111\u1ec3 k\u1ebft n\u1ed1i thi\u1ebft b\u1ecb s\u1ea1c xe \u0111i\u1ec7n v\u00e0 c\u01a1 s\u1edf h\u1ea1 t\u1ea7ng s\u1ea1c.","og_url":"https:\/\/www.tstcables.com\/vi\/product\/day-cap-sac-xe-dien\/","og_site_name":"TST CABLES supplier &amp; Manufacture","og_image":[{"width":422,"height":278,"url":"https:\/\/www.tstcables.com\/wp-content\/uploads\/2024\/03\/20161208101139_81404.png","type":"image\/png"}],"twitter_card":"summary_large_image","twitter_misc":{"Est. reading time":"1 minute"},"schema":{"@context":"https:\/\/schema.org","@graph":[{"@type":"WebPage","@id":"https:\/\/www.tstcables.com\/vi\/product\/day-cap-sac-xe-dien\/","url":"https:\/\/www.tstcables.com\/vi\/product\/day-cap-sac-xe-dien\/","name":"D\u00e2y & c\u00e1p s\u1ea1c xe \u0111i\u1ec7n","isPartOf":{"@id":"https:\/\/www.tstcables.com\/vi\/#website"},"primaryImageOfPage":{"@id":"https:\/\/www.tstcables.com\/vi\/product\/day-cap-sac-xe-dien\/#primaryimage"},"image":{"@id":"https:\/\/www.tstcables.com\/vi\/product\/day-cap-sac-xe-dien\/#primaryimage"},"thumbnailUrl":"https:\/\/www.tstcables.com\/wp-content\/uploads\/2024\/03\/20161208101139_81404.png","datePublished":"2024-03-23T06:38:41+00:00","description":"D\u00e2y & c\u00e1p s\u1ea1c xe \u0111i\u1ec7n \u0111\u01b0\u1ee3c s\u1eed d\u1ee5ng \u0111\u1ec3 k\u1ebft n\u1ed1i thi\u1ebft b\u1ecb s\u1ea1c xe \u0111i\u1ec7n v\u00e0 c\u01a1 s\u1edf h\u1ea1 t\u1ea7ng s\u1ea1c.","breadcrumb":{"@id":"https:\/\/www.tstcables.com\/vi\/product\/day-cap-sac-xe-dien\/#breadcrumb"},"inLanguage":"vi-VN","potentialAction":[{"@type":"ReadAction","target":["https:\/\/www.tstcables.com\/vi\/product\/day-cap-sac-xe-dien\/"]}]},{"@type":"ImageObject","inLanguage":"vi-VN","@id":"https:\/\/www.tstcables.com\/vi\/product\/day-cap-sac-xe-dien\/#primaryimage","url":"https:\/\/www.tstcables.com\/wp-content\/uploads\/2024\/03\/20161208101139_81404.png","contentUrl":"https:\/\/www.tstcables.com\/wp-content\/uploads\/2024\/03\/20161208101139_81404.png","width":422,"height":278,"caption":"Electric vehicle charging wire & cable"},{"@type":"BreadcrumbList","@id":"https:\/\/www.tstcables.com\/vi\/product\/day-cap-sac-xe-dien\/#breadcrumb","itemListElement":[{"@type":"ListItem","position":1,"name":"\u9996\u9875","item":"https:\/\/www.tstcables.com\/vi\/"},{"@type":"ListItem","position":2,"name":"Product","item":"https:\/\/www.tstcables.com\/product\/"},{"@type":"ListItem","position":3,"name":"D\u00e2y &amp; c\u00e1p s\u1ea1c xe \u0111i\u1ec7n"}]},{"@type":"WebSite","@id":"https:\/\/www.tstcables.com\/vi\/#website","url":"https:\/\/www.tstcables.com\/vi\/","name":"TST Cable supplier & Manufacture","description":"TST CABLES  supplier &amp; Manufacture official website","publisher":{"@id":"https:\/\/www.tstcables.com\/vi\/#organization"},"potentialAction":[{"@type":"SearchAction","target":{"@type":"EntryPoint","urlTemplate":"https:\/\/www.tstcables.com\/vi\/?s={search_term_string}"},"query-input":{"@type":"PropertyValueSpecification","valueRequired":true,"valueName":"search_term_string"}}],"inLanguage":"vi-VN"},{"@type":"Organization","@id":"https:\/\/www.tstcables.com\/vi\/#organization","name":"TST Cable supplier & Manufacture","url":"https:\/\/www.tstcables.com\/vi\/","logo":{"@type":"ImageObject","inLanguage":"vi-VN","@id":"https:\/\/www.tstcables.com\/vi\/#\/schema\/logo\/image\/","url":"https:\/\/www.tstcables.com\/wp-content\/uploads\/2024\/04\/cropped-\u753b\u677f-1-\u62f7\u8d1d-4-1.png","contentUrl":"https:\/\/www.tstcables.com\/wp-content\/uploads\/2024\/04\/cropped-\u753b\u677f-1-\u62f7\u8d1d-4-1.png","width":300,"height":100,"caption":"TST Cable supplier & Manufacture"},"image":{"@id":"https:\/\/www.tstcables.com\/vi\/#\/schema\/logo\/image\/"}}]}},"_links":{"self":[{"href":"https:\/\/www.tstcables.com\/vi\/wp-json\/wp\/v2\/product\/21100","targetHints":{"allow":["GET"]}}],"collection":[{"href":"https:\/\/www.tstcables.com\/vi\/wp-json\/wp\/v2\/product"}],"about":[{"href":"https:\/\/www.tstcables.com\/vi\/wp-json\/wp\/v2\/types\/product"}],"version-history":[{"count":0,"href":"https:\/\/www.tstcables.com\/vi\/wp-json\/wp\/v2\/product\/21100\/revisions"}],"wp:featuredmedia":[{"embeddable":true,"href":"https:\/\/www.tstcables.com\/vi\/wp-json\/wp\/v2\/media\/10720"}],"wp:attachment":[{"href":"https:\/\/www.tstcables.com\/vi\/wp-json\/wp\/v2\/media?parent=21100"}],"wp:term":[{"taxonomy":"product_brand","embeddable":true,"href":"https:\/\/www.tstcables.com\/vi\/wp-json\/wp\/v2\/product_brand?post=21100"},{"taxonomy":"product_cat","embeddable":true,"href":"https:\/\/www.tstcables.com\/vi\/wp-json\/wp\/v2\/product_cat?post=21100"},{"taxonomy":"product_tag","embeddable":true,"href":"https:\/\/www.tstcables.com\/vi\/wp-json\/wp\/v2\/product_tag?post=21100"}],"curies":[{"name":"wp","href":"https:\/\/api.w.org\/{rel}","templated":true}]}}