{"id":21101,"date":"2024-03-22T18:29:06","date_gmt":"2024-03-22T10:29:06","guid":{"rendered":"https:\/\/www.tstcables.com\/product\/cap-pi-chiu-nhiet-do-cao-va-thap-cap-day-cach-dien-loi-dong-dong-hop-linh-hoat\/"},"modified":"2024-03-22T18:29:06","modified_gmt":"2024-03-22T10:29:06","slug":"cap-pi-chiu-nhiet-do-cao-va-thap-cap-day-cach-dien-loi-dong-dong-hop-linh-hoat","status":"publish","type":"product","link":"https:\/\/www.tstcables.com\/vi\/product\/cap-pi-chiu-nhiet-do-cao-va-thap-cap-day-cach-dien-loi-dong-dong-hop-linh-hoat\/","title":{"rendered":"C\u00e1p PI Ch\u1ecbu nhi\u1ec7t \u0111\u1ed9 cao v\u00e0 th\u1ea5p C\u00e1p d\u00e2y c\u00e1ch \u0111i\u1ec7n l\u00f5i \u0111\u1ed3ng \u0111\u00f3ng h\u1ed9p linh ho\u1ea1t"},"content":{"rendered":"<p><strong><b>S\u1ed1 s\u1ea3n ph\u1ea9m<\/b><\/strong><\/p>\n<ul>\n<li>C\u00e1p PI Ch\u1ecbu nhi\u1ec7t \u0111\u1ed9 cao v\u00e0 th\u1ea5p C\u00e1p d\u00e2y c\u00e1ch \u0111i\u1ec7n l\u00f5i \u0111\u1ed3ng \u0111\u00f3ng h\u1ed9p linh ho\u1ea1t<\/li>\n<\/ul>\n<p><strong><span style=\"font-size: 16px; font-style: normal;\">Ti\u00eau chu\u1ea9n tham chi\u1ebfu<\/span><\/strong><\/p>\n<ul>\n<li>Q\/TST-012<\/li>\n<\/ul>\n<p><strong>T\u00ednh n\u0103ng s\u1ea3n ph\u1ea9m<\/strong><br \/>\n1. C\u1ea5p ch\u1ecbu nhi\u1ec7t \u0111\u1ed9: &#8211; 190-250oC, ng\u1eafn h\u1ea1n 260oC<br \/>\n\u0110i\u1ec7n \u00e1p \u0111\u1ecbnh m\u1ee9c: 300V 600V 1800V 3600V 10KV<br \/>\n3. \u0110\u1ed9 b\u1ec1n c\u01a1 h\u1ecdc:80Mpa&gt;<br \/>\n4. Kh\u1ea3 n\u0103ng ch\u1ed1ng tr\u1ea7y x\u01b0\u1edbc:10000 l\u1ea7n&gt;<br \/>\n5. Ti\u1ebft di\u1ec7n h\u00ecnh vu\u00f4ng: (32AWG-18AWG)<br \/>\n6. S\u1ed1 l\u00f5i c\u00e1p: 1-48 l\u00f5i<br \/>\n7. D\u00e2y d\u1eabn: m\u1ea1 thi\u1ebfc, m\u1ea1 b\u1ea1c, m\u1ea1 h\u1ee3p kim<br \/>\n8. B\u00e1n k\u00ednh u\u1ed1n 6D (y\u00eau c\u1ea7u \u0111\u1eb7c bi\u1ec7t)<br \/>\nTr\u00f4\u0323n sa\u0309n ph\u00e2\u0309m<\/p>\n<p><strong><b>Danh m\u1ee5c s\u1ea3n ph\u1ea9m v\u00e0 c\u00e1ch \u0111\u1eb7t t\u00ean<\/b><\/strong><\/p>\n<table class=\"tg\">\n<thead>\n<tr>\n<th class=\"tg-fymr\" rowspan=\"3\">S\u1ed1 s\u1ea3n ph\u1ea9m<\/th>\n<th class=\"tg-fymr\" rowspan=\"3\">danh m\u1ee5c s\u1ea3n ph\u1ea9m<\/th>\n<th class=\"tg-fll5\" rowspan=\"3\">Ph\u1ea7n b\u00ecnh ph\u01b0\u01a1ng<\/th>\n<th class=\"tg-fll5\" rowspan=\"3\">S\u1ed1 ph\u1ea7n ch\u00ednh x\u00e1c b\u00ecnh ph\u01b0\u01a1ng<\/th>\n<\/tr>\n<\/thead>\n<tbody>\n<tr>\n<td class=\"tg-0pky\">TST-AI-DXT<\/td>\n<td class=\"tg-0pky\">D\u00e2y v\u00e0 c\u00e1p c\u00e1ch \u0111i\u1ec7n Pl l\u00f5i \u0111\u1ed3ng \u0111\u00f3ng h\u1ed9p<\/td>\n<td class=\"tg-0pky\">1 l\u00f5i<\/td>\n<td class=\"tg-0pky\">32AWG-18AWG<\/td>\n<\/tr>\n<tr>\n<td class=\"tg-0lax\">TST-AIPX-DXT<\/td>\n<td class=\"tg-0lax\">D\u00e2y d\u1eabn c\u00e1ch \u0111i\u1ec7n Pl V\u1ecf b\u1ecdc thi\u1ebfc V\u1ecf b\u1ecdc Pl<\/td>\n<td class=\"tg-0lax\">l\u00f5i 1-48<\/td>\n<td class=\"tg-0lax\">32AWG-20AWG<\/td>\n<\/tr>\n<tr>\n<td class=\"tg-0lax\">TST-AI-DYT<\/td>\n<td class=\"tg-0lax\">D\u00e2y v\u00e0 c\u00e1p c\u00e1ch \u0111i\u1ec7n Pl l\u00f5i \u0111\u1ed3ng m\u1ea1 b\u1ea1c<\/td>\n<td class=\"tg-0lax\">1 l\u00f5i<\/td>\n<td class=\"tg-0lax\">32AWG-18AWG<\/td>\n<\/tr>\n<\/tbody>\n<\/table>\n<p>L\u01b0u \u00fd: S\u1ea3n ph\u1ea9m c\u00f3 th\u00f4ng s\u1ed1 k\u1ef9 thu\u1eadt kh\u00e1c c\u00f3 th\u1ec3 \u0111\u01b0\u1ee3c s\u1ea3n xu\u1ea5t theo th\u1ecfa thu\u1eadn gi\u1eefa nh\u00e0 cung c\u1ea5p v\u00e0 ng\u01b0\u1eddi mua.<\/p>\n<p>&nbsp;<\/p>\n","protected":false},"excerpt":{"rendered":"<p>c\u00e1p PI<\/p>\n<p>C\u1ea5p ch\u1ecbu nhi\u1ec7t \u0111\u1ed9: &#8211; 190-250oC, ng\u1eafn h\u1ea1n 260oC<br \/>\n\u0110i\u1ec7n \u00e1p \u0111\u1ecbnh m\u1ee9c: 300V 600V 1800V 3600V 10KV<br \/>\n3. \u0110\u1ed9 b\u1ec1n c\u01a1 h\u1ecdc:80Mpa&gt;<br \/>\n4. Kh\u1ea3 n\u0103ng ch\u1ed1ng tr\u1ea7y x\u01b0\u1edbc:10000 l\u1ea7n&gt;<\/p>\n","protected":false},"featured_media":9648,"template":"","meta":{"_eb_attr":"","site-sidebar-layout":"default","site-content-layout":"","ast-site-content-layout":"default","site-content-style":"default","site-sidebar-style":"default","ast-global-header-display":"","ast-banner-title-visibility":"","ast-main-header-display":"","ast-hfb-above-header-display":"","ast-hfb-below-header-display":"","ast-hfb-mobile-header-display":"","site-post-title":"","ast-breadcrumbs-content":"","ast-featured-img":"","footer-sml-layout":"","theme-transparent-header-meta":"default","adv-header-id-meta":"","stick-header-meta":"","header-above-stick-meta":"","header-main-stick-meta":"","header-below-stick-meta":"","astra-migrate-meta-layouts":"default","ast-page-background-enabled":"default","ast-page-background-meta":{"desktop":{"background-color":"","background-image":"","background-repeat":"repeat","background-position":"center center","background-size":"auto","background-attachment":"scroll","background-type":"","background-media":"","overlay-type":"","overlay-color":"","overlay-opacity":"","overlay-gradient":""},"tablet":{"background-color":"","background-image":"","background-repeat":"repeat","background-position":"center center","background-size":"auto","background-attachment":"scroll","background-type":"","background-media":"","overlay-type":"","overlay-color":"","overlay-opacity":"","overlay-gradient":""},"mobile":{"background-color":"","background-image":"","background-repeat":"repeat","background-position":"center center","background-size":"auto","background-attachment":"scroll","background-type":"","background-media":"","overlay-type":"","overlay-color":"","overlay-opacity":"","overlay-gradient":""}},"ast-content-background-meta":{"desktop":{"background-color":"var(--ast-global-color-5)","background-image":"","background-repeat":"repeat","background-position":"center center","background-size":"auto","background-attachment":"scroll","background-type":"","background-media":"","overlay-type":"","overlay-color":"","overlay-opacity":"","overlay-gradient":""},"tablet":{"background-color":"var(--ast-global-color-5)","background-image":"","background-repeat":"repeat","background-position":"center center","background-size":"auto","background-attachment":"scroll","background-type":"","background-media":"","overlay-type":"","overlay-color":"","overlay-opacity":"","overlay-gradient":""},"mobile":{"background-color":"var(--ast-global-color-5)","background-image":"","background-repeat":"repeat","background-position":"center center","background-size":"auto","background-attachment":"scroll","background-type":"","background-media":"","overlay-type":"","overlay-color":"","overlay-opacity":"","overlay-gradient":""}}},"product_brand":[],"product_cat":[841,1993,831,2006,836,827,834,832,1998,847],"product_tag":[2033,2034,2035],"class_list":{"0":"post-21101","1":"product","2":"type-product","3":"status-publish","4":"has-post-thumbnail","6":"product_cat-radiation-resistant-cable-vi","7":"product_cat-cap-chong-mai-mon","8":"product_cat-high-temperature-cable-vi","9":"product_cat-cap-pi","10":"product_cat-oil-gas-vi","11":"product_cat-enstandard-cable-vi","12":"product_cat-marine-vi","13":"product_cat-ice-standard-vi","14":"product_cat-khoi-luong-kg-km","15":"product_cat-wind-power-vi","16":"product_tag-cap-pi","17":"product_tag-cap-pi-loi-dong-dong-hop","18":"product_tag-pl-day-va-cap-cach-dien-10kv","19":"desktop-align-center","20":"tablet-align-left","21":"mobile-align-left","23":"first","24":"instock","25":"shipping-taxable","26":"product-type-simple"},"yoast_head":"<!-- This site is optimized with the Yoast SEO plugin v27.5 - https:\/\/yoast.com\/product\/yoast-seo-wordpress\/ -->\n<title>C\u00e1p PI Ch\u1ecbu nhi\u1ec7t \u0111\u1ed9 cao v\u00e0 th\u1ea5p C\u00e1p d\u00e2y c\u00e1ch \u0111i\u1ec7n l\u00f5i \u0111\u1ed3ng \u0111\u00f3ng h\u1ed9p linh ho\u1ea1t<\/title>\n<meta name=\"description\" content=\"C\u00e1p PI Ch\u1ecbu nhi\u1ec7t \u0111\u1ed9 cao v\u00e0 th\u1ea5p C\u00e1p d\u00e2y c\u00e1ch \u0111i\u1ec7n l\u00f5i \u0111\u1ed3ng \u0111\u00f3ng h\u1ed9p linh ho\u1ea1t\" \/>\n<meta name=\"robots\" content=\"index, follow, max-snippet:-1, max-image-preview:large, max-video-preview:-1\" \/>\n<link rel=\"canonical\" href=\"https:\/\/www.tstcables.com\/vi\/product\/cap-pi-chiu-nhiet-do-cao-va-thap-cap-day-cach-dien-loi-dong-dong-hop-linh-hoat\/\" \/>\n<meta property=\"og:locale\" content=\"vi_VN\" \/>\n<meta property=\"og:type\" content=\"article\" \/>\n<meta property=\"og:title\" content=\"C\u00e1p PI Ch\u1ecbu nhi\u1ec7t \u0111\u1ed9 cao v\u00e0 th\u1ea5p C\u00e1p d\u00e2y c\u00e1ch \u0111i\u1ec7n l\u00f5i \u0111\u1ed3ng \u0111\u00f3ng h\u1ed9p linh ho\u1ea1t\" \/>\n<meta property=\"og:description\" content=\"C\u00e1p PI Ch\u1ecbu nhi\u1ec7t \u0111\u1ed9 cao v\u00e0 th\u1ea5p C\u00e1p d\u00e2y c\u00e1ch \u0111i\u1ec7n l\u00f5i \u0111\u1ed3ng \u0111\u00f3ng h\u1ed9p linh ho\u1ea1t\" \/>\n<meta property=\"og:url\" content=\"https:\/\/www.tstcables.com\/vi\/product\/cap-pi-chiu-nhiet-do-cao-va-thap-cap-day-cach-dien-loi-dong-dong-hop-linh-hoat\/\" \/>\n<meta property=\"og:site_name\" content=\"TST CABLES supplier &amp; Manufacture\" \/>\n<meta property=\"og:image\" content=\"https:\/\/www.tstcables.com\/wp-content\/uploads\/2024\/03\/pi.png\" \/>\n\t<meta property=\"og:image:width\" content=\"526\" \/>\n\t<meta property=\"og:image:height\" content=\"508\" \/>\n\t<meta property=\"og:image:type\" content=\"image\/png\" \/>\n<meta name=\"twitter:card\" content=\"summary_large_image\" \/>\n<meta name=\"twitter:label1\" content=\"Est. reading time\" \/>\n\t<meta name=\"twitter:data1\" content=\"1 minute\" \/>\n<script type=\"application\/ld+json\" class=\"yoast-schema-graph\">{\"@context\":\"https:\\\/\\\/schema.org\",\"@graph\":[{\"@type\":\"WebPage\",\"@id\":\"https:\\\/\\\/www.tstcables.com\\\/vi\\\/product\\\/cap-pi-chiu-nhiet-do-cao-va-thap-cap-day-cach-dien-loi-dong-dong-hop-linh-hoat\\\/\",\"url\":\"https:\\\/\\\/www.tstcables.com\\\/vi\\\/product\\\/cap-pi-chiu-nhiet-do-cao-va-thap-cap-day-cach-dien-loi-dong-dong-hop-linh-hoat\\\/\",\"name\":\"C\u00e1p PI Ch\u1ecbu nhi\u1ec7t \u0111\u1ed9 cao v\u00e0 th\u1ea5p C\u00e1p d\u00e2y c\u00e1ch \u0111i\u1ec7n l\u00f5i \u0111\u1ed3ng \u0111\u00f3ng h\u1ed9p linh ho\u1ea1t\",\"isPartOf\":{\"@id\":\"https:\\\/\\\/www.tstcables.com\\\/vi\\\/#website\"},\"primaryImageOfPage\":{\"@id\":\"https:\\\/\\\/www.tstcables.com\\\/vi\\\/product\\\/cap-pi-chiu-nhiet-do-cao-va-thap-cap-day-cach-dien-loi-dong-dong-hop-linh-hoat\\\/#primaryimage\"},\"image\":{\"@id\":\"https:\\\/\\\/www.tstcables.com\\\/vi\\\/product\\\/cap-pi-chiu-nhiet-do-cao-va-thap-cap-day-cach-dien-loi-dong-dong-hop-linh-hoat\\\/#primaryimage\"},\"thumbnailUrl\":\"https:\\\/\\\/www.tstcables.com\\\/wp-content\\\/uploads\\\/2024\\\/03\\\/pi.png\",\"datePublished\":\"2024-03-22T10:29:06+00:00\",\"description\":\"C\u00e1p PI Ch\u1ecbu nhi\u1ec7t \u0111\u1ed9 cao v\u00e0 th\u1ea5p C\u00e1p d\u00e2y c\u00e1ch \u0111i\u1ec7n l\u00f5i \u0111\u1ed3ng \u0111\u00f3ng h\u1ed9p linh ho\u1ea1t\",\"breadcrumb\":{\"@id\":\"https:\\\/\\\/www.tstcables.com\\\/vi\\\/product\\\/cap-pi-chiu-nhiet-do-cao-va-thap-cap-day-cach-dien-loi-dong-dong-hop-linh-hoat\\\/#breadcrumb\"},\"inLanguage\":\"vi-VN\",\"potentialAction\":[{\"@type\":\"ReadAction\",\"target\":[\"https:\\\/\\\/www.tstcables.com\\\/vi\\\/product\\\/cap-pi-chiu-nhiet-do-cao-va-thap-cap-day-cach-dien-loi-dong-dong-hop-linh-hoat\\\/\"]}]},{\"@type\":\"ImageObject\",\"inLanguage\":\"vi-VN\",\"@id\":\"https:\\\/\\\/www.tstcables.com\\\/vi\\\/product\\\/cap-pi-chiu-nhiet-do-cao-va-thap-cap-day-cach-dien-loi-dong-dong-hop-linh-hoat\\\/#primaryimage\",\"url\":\"https:\\\/\\\/www.tstcables.com\\\/wp-content\\\/uploads\\\/2024\\\/03\\\/pi.png\",\"contentUrl\":\"https:\\\/\\\/www.tstcables.com\\\/wp-content\\\/uploads\\\/2024\\\/03\\\/pi.png\",\"width\":526,\"height\":508,\"caption\":\"pi cable- 190-250 \u2103\"},{\"@type\":\"BreadcrumbList\",\"@id\":\"https:\\\/\\\/www.tstcables.com\\\/vi\\\/product\\\/cap-pi-chiu-nhiet-do-cao-va-thap-cap-day-cach-dien-loi-dong-dong-hop-linh-hoat\\\/#breadcrumb\",\"itemListElement\":[{\"@type\":\"ListItem\",\"position\":1,\"name\":\"\u9996\u9875\",\"item\":\"https:\\\/\\\/www.tstcables.com\\\/vi\\\/\"},{\"@type\":\"ListItem\",\"position\":2,\"name\":\"Product\",\"item\":\"https:\\\/\\\/www.tstcables.com\\\/product\\\/\"},{\"@type\":\"ListItem\",\"position\":3,\"name\":\"C\u00e1p PI Ch\u1ecbu nhi\u1ec7t \u0111\u1ed9 cao v\u00e0 th\u1ea5p C\u00e1p d\u00e2y c\u00e1ch \u0111i\u1ec7n l\u00f5i \u0111\u1ed3ng \u0111\u00f3ng h\u1ed9p linh ho\u1ea1t\"}]},{\"@type\":\"WebSite\",\"@id\":\"https:\\\/\\\/www.tstcables.com\\\/vi\\\/#website\",\"url\":\"https:\\\/\\\/www.tstcables.com\\\/vi\\\/\",\"name\":\"TST Cable supplier & Manufacture\",\"description\":\"TST CABLES  supplier &amp; Manufacture official website\",\"publisher\":{\"@id\":\"https:\\\/\\\/www.tstcables.com\\\/vi\\\/#organization\"},\"potentialAction\":[{\"@type\":\"SearchAction\",\"target\":{\"@type\":\"EntryPoint\",\"urlTemplate\":\"https:\\\/\\\/www.tstcables.com\\\/vi\\\/?s={search_term_string}\"},\"query-input\":{\"@type\":\"PropertyValueSpecification\",\"valueRequired\":true,\"valueName\":\"search_term_string\"}}],\"inLanguage\":\"vi-VN\"},{\"@type\":\"Organization\",\"@id\":\"https:\\\/\\\/www.tstcables.com\\\/vi\\\/#organization\",\"name\":\"TST Cable supplier & Manufacture\",\"url\":\"https:\\\/\\\/www.tstcables.com\\\/vi\\\/\",\"logo\":{\"@type\":\"ImageObject\",\"inLanguage\":\"vi-VN\",\"@id\":\"https:\\\/\\\/www.tstcables.com\\\/vi\\\/#\\\/schema\\\/logo\\\/image\\\/\",\"url\":\"https:\\\/\\\/www.tstcables.com\\\/wp-content\\\/uploads\\\/2024\\\/04\\\/cropped-\u753b\u677f-1-\u62f7\u8d1d-4-1.png\",\"contentUrl\":\"https:\\\/\\\/www.tstcables.com\\\/wp-content\\\/uploads\\\/2024\\\/04\\\/cropped-\u753b\u677f-1-\u62f7\u8d1d-4-1.png\",\"width\":300,\"height\":100,\"caption\":\"TST Cable supplier & Manufacture\"},\"image\":{\"@id\":\"https:\\\/\\\/www.tstcables.com\\\/vi\\\/#\\\/schema\\\/logo\\\/image\\\/\"}}]}<\/script>\n<!-- \/ Yoast SEO plugin. -->","yoast_head_json":{"title":"C\u00e1p PI Ch\u1ecbu nhi\u1ec7t \u0111\u1ed9 cao v\u00e0 th\u1ea5p C\u00e1p d\u00e2y c\u00e1ch \u0111i\u1ec7n l\u00f5i \u0111\u1ed3ng \u0111\u00f3ng h\u1ed9p linh ho\u1ea1t","description":"C\u00e1p PI Ch\u1ecbu nhi\u1ec7t \u0111\u1ed9 cao v\u00e0 th\u1ea5p C\u00e1p d\u00e2y c\u00e1ch \u0111i\u1ec7n l\u00f5i \u0111\u1ed3ng \u0111\u00f3ng h\u1ed9p linh ho\u1ea1t","robots":{"index":"index","follow":"follow","max-snippet":"max-snippet:-1","max-image-preview":"max-image-preview:large","max-video-preview":"max-video-preview:-1"},"canonical":"https:\/\/www.tstcables.com\/vi\/product\/cap-pi-chiu-nhiet-do-cao-va-thap-cap-day-cach-dien-loi-dong-dong-hop-linh-hoat\/","og_locale":"vi_VN","og_type":"article","og_title":"C\u00e1p PI Ch\u1ecbu nhi\u1ec7t \u0111\u1ed9 cao v\u00e0 th\u1ea5p C\u00e1p d\u00e2y c\u00e1ch \u0111i\u1ec7n l\u00f5i \u0111\u1ed3ng \u0111\u00f3ng h\u1ed9p linh ho\u1ea1t","og_description":"C\u00e1p PI Ch\u1ecbu nhi\u1ec7t \u0111\u1ed9 cao v\u00e0 th\u1ea5p C\u00e1p d\u00e2y c\u00e1ch \u0111i\u1ec7n l\u00f5i \u0111\u1ed3ng \u0111\u00f3ng h\u1ed9p linh ho\u1ea1t","og_url":"https:\/\/www.tstcables.com\/vi\/product\/cap-pi-chiu-nhiet-do-cao-va-thap-cap-day-cach-dien-loi-dong-dong-hop-linh-hoat\/","og_site_name":"TST CABLES supplier &amp; Manufacture","og_image":[{"width":526,"height":508,"url":"https:\/\/www.tstcables.com\/wp-content\/uploads\/2024\/03\/pi.png","type":"image\/png"}],"twitter_card":"summary_large_image","twitter_misc":{"Est. reading time":"1 minute"},"schema":{"@context":"https:\/\/schema.org","@graph":[{"@type":"WebPage","@id":"https:\/\/www.tstcables.com\/vi\/product\/cap-pi-chiu-nhiet-do-cao-va-thap-cap-day-cach-dien-loi-dong-dong-hop-linh-hoat\/","url":"https:\/\/www.tstcables.com\/vi\/product\/cap-pi-chiu-nhiet-do-cao-va-thap-cap-day-cach-dien-loi-dong-dong-hop-linh-hoat\/","name":"C\u00e1p PI Ch\u1ecbu nhi\u1ec7t \u0111\u1ed9 cao v\u00e0 th\u1ea5p C\u00e1p d\u00e2y c\u00e1ch \u0111i\u1ec7n l\u00f5i \u0111\u1ed3ng \u0111\u00f3ng h\u1ed9p linh ho\u1ea1t","isPartOf":{"@id":"https:\/\/www.tstcables.com\/vi\/#website"},"primaryImageOfPage":{"@id":"https:\/\/www.tstcables.com\/vi\/product\/cap-pi-chiu-nhiet-do-cao-va-thap-cap-day-cach-dien-loi-dong-dong-hop-linh-hoat\/#primaryimage"},"image":{"@id":"https:\/\/www.tstcables.com\/vi\/product\/cap-pi-chiu-nhiet-do-cao-va-thap-cap-day-cach-dien-loi-dong-dong-hop-linh-hoat\/#primaryimage"},"thumbnailUrl":"https:\/\/www.tstcables.com\/wp-content\/uploads\/2024\/03\/pi.png","datePublished":"2024-03-22T10:29:06+00:00","description":"C\u00e1p PI Ch\u1ecbu nhi\u1ec7t \u0111\u1ed9 cao v\u00e0 th\u1ea5p C\u00e1p d\u00e2y c\u00e1ch \u0111i\u1ec7n l\u00f5i \u0111\u1ed3ng \u0111\u00f3ng h\u1ed9p linh ho\u1ea1t","breadcrumb":{"@id":"https:\/\/www.tstcables.com\/vi\/product\/cap-pi-chiu-nhiet-do-cao-va-thap-cap-day-cach-dien-loi-dong-dong-hop-linh-hoat\/#breadcrumb"},"inLanguage":"vi-VN","potentialAction":[{"@type":"ReadAction","target":["https:\/\/www.tstcables.com\/vi\/product\/cap-pi-chiu-nhiet-do-cao-va-thap-cap-day-cach-dien-loi-dong-dong-hop-linh-hoat\/"]}]},{"@type":"ImageObject","inLanguage":"vi-VN","@id":"https:\/\/www.tstcables.com\/vi\/product\/cap-pi-chiu-nhiet-do-cao-va-thap-cap-day-cach-dien-loi-dong-dong-hop-linh-hoat\/#primaryimage","url":"https:\/\/www.tstcables.com\/wp-content\/uploads\/2024\/03\/pi.png","contentUrl":"https:\/\/www.tstcables.com\/wp-content\/uploads\/2024\/03\/pi.png","width":526,"height":508,"caption":"pi cable- 190-250 \u2103"},{"@type":"BreadcrumbList","@id":"https:\/\/www.tstcables.com\/vi\/product\/cap-pi-chiu-nhiet-do-cao-va-thap-cap-day-cach-dien-loi-dong-dong-hop-linh-hoat\/#breadcrumb","itemListElement":[{"@type":"ListItem","position":1,"name":"\u9996\u9875","item":"https:\/\/www.tstcables.com\/vi\/"},{"@type":"ListItem","position":2,"name":"Product","item":"https:\/\/www.tstcables.com\/product\/"},{"@type":"ListItem","position":3,"name":"C\u00e1p PI Ch\u1ecbu nhi\u1ec7t \u0111\u1ed9 cao v\u00e0 th\u1ea5p C\u00e1p d\u00e2y c\u00e1ch \u0111i\u1ec7n l\u00f5i \u0111\u1ed3ng \u0111\u00f3ng h\u1ed9p linh ho\u1ea1t"}]},{"@type":"WebSite","@id":"https:\/\/www.tstcables.com\/vi\/#website","url":"https:\/\/www.tstcables.com\/vi\/","name":"TST Cable supplier & Manufacture","description":"TST CABLES  supplier &amp; Manufacture official website","publisher":{"@id":"https:\/\/www.tstcables.com\/vi\/#organization"},"potentialAction":[{"@type":"SearchAction","target":{"@type":"EntryPoint","urlTemplate":"https:\/\/www.tstcables.com\/vi\/?s={search_term_string}"},"query-input":{"@type":"PropertyValueSpecification","valueRequired":true,"valueName":"search_term_string"}}],"inLanguage":"vi-VN"},{"@type":"Organization","@id":"https:\/\/www.tstcables.com\/vi\/#organization","name":"TST Cable supplier & Manufacture","url":"https:\/\/www.tstcables.com\/vi\/","logo":{"@type":"ImageObject","inLanguage":"vi-VN","@id":"https:\/\/www.tstcables.com\/vi\/#\/schema\/logo\/image\/","url":"https:\/\/www.tstcables.com\/wp-content\/uploads\/2024\/04\/cropped-\u753b\u677f-1-\u62f7\u8d1d-4-1.png","contentUrl":"https:\/\/www.tstcables.com\/wp-content\/uploads\/2024\/04\/cropped-\u753b\u677f-1-\u62f7\u8d1d-4-1.png","width":300,"height":100,"caption":"TST Cable supplier & Manufacture"},"image":{"@id":"https:\/\/www.tstcables.com\/vi\/#\/schema\/logo\/image\/"}}]}},"_links":{"self":[{"href":"https:\/\/www.tstcables.com\/vi\/wp-json\/wp\/v2\/product\/21101","targetHints":{"allow":["GET"]}}],"collection":[{"href":"https:\/\/www.tstcables.com\/vi\/wp-json\/wp\/v2\/product"}],"about":[{"href":"https:\/\/www.tstcables.com\/vi\/wp-json\/wp\/v2\/types\/product"}],"version-history":[{"count":0,"href":"https:\/\/www.tstcables.com\/vi\/wp-json\/wp\/v2\/product\/21101\/revisions"}],"wp:featuredmedia":[{"embeddable":true,"href":"https:\/\/www.tstcables.com\/vi\/wp-json\/wp\/v2\/media\/9648"}],"wp:attachment":[{"href":"https:\/\/www.tstcables.com\/vi\/wp-json\/wp\/v2\/media?parent=21101"}],"wp:term":[{"taxonomy":"product_brand","embeddable":true,"href":"https:\/\/www.tstcables.com\/vi\/wp-json\/wp\/v2\/product_brand?post=21101"},{"taxonomy":"product_cat","embeddable":true,"href":"https:\/\/www.tstcables.com\/vi\/wp-json\/wp\/v2\/product_cat?post=21101"},{"taxonomy":"product_tag","embeddable":true,"href":"https:\/\/www.tstcables.com\/vi\/wp-json\/wp\/v2\/product_tag?post=21101"}],"curies":[{"name":"wp","href":"https:\/\/api.w.org\/{rel}","templated":true}]}}