{"id":21102,"date":"2024-03-23T09:24:58","date_gmt":"2024-03-23T01:24:58","guid":{"rendered":"https:\/\/www.tstcables.com\/product\/cap-da-loi-don-loi-th-j-akk-250-peek-co-kha-nang-chiu-duoc-nhiet-do-cao-len-toi-250c\/"},"modified":"2024-03-23T09:24:58","modified_gmt":"2024-03-23T01:24:58","slug":"cap-da-loi-don-loi-th-j-akk-250-peek-co-kha-nang-chiu-duoc-nhiet-do-cao-len-toi-250c","status":"publish","type":"product","link":"https:\/\/www.tstcables.com\/vi\/product\/cap-da-loi-don-loi-th-j-akk-250-peek-co-kha-nang-chiu-duoc-nhiet-do-cao-len-toi-250c\/","title":{"rendered":"C\u00e1p \u0111a l\u00f5i \u0111\u01a1n l\u00f5i TH\/J-AKK-250 PEEK, c\u00f3 kh\u1ea3 n\u0103ng ch\u1ecbu \u0111\u01b0\u1ee3c nhi\u1ec7t \u0111\u1ed9 cao l\u00ean t\u1edbi 250\u00b0C."},"content":{"rendered":"<p>\u1ee8ng d\u1ee5ng:<\/p>\n<p>\u00c1p d\u1ee5ng cho h\u00e0ng kh\u00f4ng v\u0169 tr\u1ee5, h\u00e0ng kh\u00f4ng, m\u00e1y m\u00f3c cao c\u1ea5p, h\u00f3a ch\u1ea5t, c\u00f4ng nghi\u1ec7p h\u1ea1t nh\u00e2n, v\u1eadn t\u1ea3i \u0111\u01b0\u1eddng s\u1eaft v\u00e0 c\u00e1c l\u0129nh v\u1ef1c kh\u00e1c.<\/p>\n<p>\u0110\u1eb7c \u0111i\u1ec3m:<\/p>\n<ul>\n<li>Ph\u1ea1m vi nhi\u1ec7t \u0111\u1ed9: -60\u00b0C \u0111\u1ebfn +250\u00b0C<\/li>\n<li>\u0110i\u1ec7n \u00e1p \u0111\u1ecbnh m\u1ee9c: 600V<\/li>\n<li>Dung sai \u0111\u01b0\u1eddng k\u00ednh ngo\u00e0i: \u00b1 0,1mm<\/li>\n<li>M\u00e0u s\u1eafc: T\u00f9y ch\u1ec9nh.<\/li>\n<\/ul>\n<p>C\u1ea5u tr\u00fac d\u00e2y d\u1eabn<\/p>\n<ul>\n<li>D\u00e2y d\u1eabn: D\u00e2y \u0111\u1ed3ng m\u1ea1 b\u1ea1c ho\u1eb7c d\u00e2y \u0111\u1ed3ng m\u1ea1 niken.<\/li>\n<li>V\u1eadt li\u1ec7u c\u00e1ch nhi\u1ec7t: Polyether ether ketone (PEEK), m\u1ed9t lo\u1ea1i v\u1eadt li\u1ec7u nh\u1ef1a nhi\u1ec7t d\u1ebbo \u1edf nhi\u1ec7t \u0111\u1ed9 cao.<\/li>\n<li>Ch\u1ea5t li\u1ec7u \u00e1o kho\u00e1c: Polyether ether ketone (PEEK), m\u1ed9t lo\u1ea1i v\u1eadt li\u1ec7u nh\u1ef1a nhi\u1ec7t d\u1ebbo \u1edf nhi\u1ec7t \u0111\u1ed9 cao.<\/li>\n<\/ul>\n<p style=\"font-size: 40px;\">Tham s\u1ed1 l\u1ef1a ch\u1ecdn<\/p>\n<table class=\"tg\">\n<thead>\n<tr>\n<th class=\"tg-nrix\" rowspan=\"2\">Di\u1ec7n t\u00edch m\u1eb7t c\u1eaft ngang mm2<\/th>\n<th class=\"tg-nrix\" rowspan=\"2\">C\u1ea5u tr\u00fac d\u00e2y d\u1eabn<\/th>\n<th class=\"tg-nrix\" colspan=\"2\">V\u1eadt li\u1ec7u c\u00e1ch nhi\u1ec7t<\/th>\n<th class=\"tg-nrix\" colspan=\"2\">v\u1ecf b\u1ecdc<\/th>\n<th class=\"tg-nrix\" rowspan=\"2\">\u0110i\u1ec7n tr\u1edf d\u00e2y d\u1eabn kh\u00f4ng l\u1edbn h\u01a1n (\u03a9\/KM) m\u1ea1 b\u1ea1c \u1edf 20oC<\/th>\n<\/tr>\n<tr>\n<th class=\"tg-nrix\">\u0111\u1ed9 d\u00e0y<br \/>\n(mm)<\/th>\n<th class=\"tg-nrix\">\u0110\u01b0\u1eddng k\u00ednh ngo\u00e0i<br \/>\n(mm)<\/th>\n<th class=\"tg-nrix\">\u0111\u1ed9 d\u00e0y<br \/>\n(mm)<\/th>\n<th class=\"tg-nrix\">\u0110\u01b0\u1eddng k\u00ednh ngo\u00e0i<br \/>\n(mm)<\/th>\n<\/tr>\n<\/thead>\n<tbody>\n<tr>\n<td class=\"tg-baqh\">2*0.12<\/td>\n<td class=\"tg-baqh\">7\/0.15<\/td>\n<td class=\"tg-nrix\">0.2<\/td>\n<td class=\"tg-nrix\">0.85<\/td>\n<td class=\"tg-nrix\">0.25<\/td>\n<td class=\"tg-nrix\">2.2<\/td>\n<td class=\"tg-nrix\">150<\/td>\n<\/tr>\n<tr>\n<td class=\"tg-baqh\">3*0.12<\/td>\n<td class=\"tg-baqh\">7\/0.15<\/td>\n<td class=\"tg-nrix\">0.2<\/td>\n<td class=\"tg-nrix\">0.85<\/td>\n<td class=\"tg-nrix\">0.25<\/td>\n<td class=\"tg-nrix\">2.3<\/td>\n<td class=\"tg-nrix\">150<\/td>\n<\/tr>\n<tr>\n<td class=\"tg-baqh\">4*0.12<\/td>\n<td class=\"tg-baqh\">7\/0.15<\/td>\n<td class=\"tg-nrix\">0.2<\/td>\n<td class=\"tg-nrix\">0.85<\/td>\n<td class=\"tg-nrix\">0.25<\/td>\n<td class=\"tg-nrix\">2.6<\/td>\n<td class=\"tg-nrix\">150<\/td>\n<\/tr>\n<tr>\n<td class=\"tg-baqh\">2*0.2<\/td>\n<td class=\"tg-baqh\">7\/0.20<\/td>\n<td class=\"tg-nrix\">0.2<\/td>\n<td class=\"tg-nrix\">1<\/td>\n<td class=\"tg-nrix\">0.25<\/td>\n<td class=\"tg-nrix\">2.5<\/td>\n<td class=\"tg-nrix\">83.5<\/td>\n<\/tr>\n<tr>\n<td class=\"tg-baqh\">3*0.2<\/td>\n<td class=\"tg-baqh\">7\/0.20<\/td>\n<td class=\"tg-nrix\">0.2<\/td>\n<td class=\"tg-nrix\">1<\/td>\n<td class=\"tg-nrix\">0.25<\/td>\n<td class=\"tg-nrix\">2.6<\/td>\n<td class=\"tg-nrix\">83.5<\/td>\n<\/tr>\n<tr>\n<td class=\"tg-baqh\">4*0.2<\/td>\n<td class=\"tg-baqh\">7\/0.20<\/td>\n<td class=\"tg-nrix\">0.2<\/td>\n<td class=\"tg-nrix\">1<\/td>\n<td class=\"tg-nrix\">0.25<\/td>\n<td class=\"tg-nrix\">2.9<\/td>\n<td class=\"tg-nrix\">83.5<\/td>\n<\/tr>\n<tr>\n<td class=\"tg-baqh\">2*0.35<\/td>\n<td class=\"tg-baqh\">19\/0.16<\/td>\n<td class=\"tg-nrix\">0.25<\/td>\n<td class=\"tg-nrix\">1.3<\/td>\n<td class=\"tg-nrix\">0.25<\/td>\n<td class=\"tg-nrix\">3.1<\/td>\n<td class=\"tg-nrix\">49.5<\/td>\n<\/tr>\n<tr>\n<td class=\"tg-baqh\">3*0.35<\/td>\n<td class=\"tg-baqh\">19\/0.16<\/td>\n<td class=\"tg-nrix\">0.25<\/td>\n<td class=\"tg-nrix\">1.3<\/td>\n<td class=\"tg-nrix\">0.25<\/td>\n<td class=\"tg-nrix\">3.2<\/td>\n<td class=\"tg-nrix\">49.5<\/td>\n<\/tr>\n<tr>\n<td class=\"tg-baqh\">4*0.35<\/td>\n<td class=\"tg-baqh\">19\/0.16<\/td>\n<td class=\"tg-nrix\">0.25<\/td>\n<td class=\"tg-nrix\">1.3<\/td>\n<td class=\"tg-nrix\">0.25<\/td>\n<td class=\"tg-nrix\">3.65<\/td>\n<td class=\"tg-nrix\">49.5<\/td>\n<\/tr>\n<tr>\n<td class=\"tg-baqh\">2*0.5<\/td>\n<td class=\"tg-baqh\">19\/0.18<\/td>\n<td class=\"tg-nrix\">0.25<\/td>\n<td class=\"tg-nrix\">1.4<\/td>\n<td class=\"tg-nrix\">0.25<\/td>\n<td class=\"tg-nrix\">3.3<\/td>\n<td class=\"tg-nrix\">36<\/td>\n<\/tr>\n<tr>\n<td class=\"tg-baqh\">3*0.5<\/td>\n<td class=\"tg-baqh\">19\/0.18<\/td>\n<td class=\"tg-nrix\">0.25<\/td>\n<td class=\"tg-nrix\">1.4<\/td>\n<td class=\"tg-nrix\">0.25<\/td>\n<td class=\"tg-nrix\">3.4<\/td>\n<td class=\"tg-nrix\">36<\/td>\n<\/tr>\n<tr>\n<td class=\"tg-baqh\">4*0.5<\/td>\n<td class=\"tg-baqh\">19\/0.18<\/td>\n<td class=\"tg-nrix\">0.25<\/td>\n<td class=\"tg-nrix\">1.4<\/td>\n<td class=\"tg-nrix\">0.3<\/td>\n<td class=\"tg-nrix\">4<\/td>\n<td class=\"tg-nrix\">36<\/td>\n<\/tr>\n<tr>\n<td class=\"tg-baqh\">2*0.75<\/td>\n<td class=\"tg-baqh\">19\/0.23<\/td>\n<td class=\"tg-nrix\">0.25<\/td>\n<td class=\"tg-nrix\">1.65<\/td>\n<td class=\"tg-nrix\">0.3<\/td>\n<td class=\"tg-nrix\">3.9<\/td>\n<td class=\"tg-nrix\">22.7<\/td>\n<\/tr>\n<tr>\n<td class=\"tg-baqh\">3*0.75<\/td>\n<td class=\"tg-baqh\">19\/0.23<\/td>\n<td class=\"tg-nrix\">0.25<\/td>\n<td class=\"tg-nrix\">1.65<\/td>\n<td class=\"tg-nrix\">0.3<\/td>\n<td class=\"tg-nrix\">4<\/td>\n<td class=\"tg-nrix\">22.7<\/td>\n<\/tr>\n<tr>\n<td class=\"tg-baqh\">4*0.75<\/td>\n<td class=\"tg-baqh\">19\/0.23<\/td>\n<td class=\"tg-nrix\">0.25<\/td>\n<td class=\"tg-nrix\">1.65<\/td>\n<td class=\"tg-nrix\">0.3<\/td>\n<td class=\"tg-nrix\">4.6<\/td>\n<td class=\"tg-nrix\">22.7<\/td>\n<\/tr>\n<tr>\n<td class=\"tg-baqh\">2*1<\/td>\n<td class=\"tg-baqh\">19\/0.26<\/td>\n<td class=\"tg-nrix\">0.25<\/td>\n<td class=\"tg-nrix\">1.8<\/td>\n<td class=\"tg-nrix\">0.3<\/td>\n<td class=\"tg-nrix\">4.2<\/td>\n<td class=\"tg-nrix\">19<\/td>\n<\/tr>\n<tr>\n<td class=\"tg-baqh\">3*1<\/td>\n<td class=\"tg-baqh\">19\/0.26<\/td>\n<td class=\"tg-nrix\">0.25<\/td>\n<td class=\"tg-nrix\">1.8<\/td>\n<td class=\"tg-nrix\">0.3<\/td>\n<td class=\"tg-nrix\">4.3<\/td>\n<td class=\"tg-nrix\">19<\/td>\n<\/tr>\n<tr>\n<td class=\"tg-baqh\">4*1<\/td>\n<td class=\"tg-baqh\">19\/0.26<\/td>\n<td class=\"tg-nrix\">0.25<\/td>\n<td class=\"tg-nrix\">1.8<\/td>\n<td class=\"tg-nrix\">0.3<\/td>\n<td class=\"tg-nrix\">5<\/td>\n<td class=\"tg-nrix\">19<\/td>\n<\/tr>\n<tr>\n<td class=\"tg-baqh\">2*1.5<\/td>\n<td class=\"tg-baqh\">19\/0.32<\/td>\n<td class=\"tg-nrix\">0.3<\/td>\n<td class=\"tg-nrix\">2.2<\/td>\n<td class=\"tg-nrix\">0.35<\/td>\n<td class=\"tg-nrix\">5.1<\/td>\n<td class=\"tg-nrix\">11.7<\/td>\n<\/tr>\n<tr>\n<td class=\"tg-baqh\">3*1.5<\/td>\n<td class=\"tg-baqh\">19\/0.32<\/td>\n<td class=\"tg-nrix\">0.3<\/td>\n<td class=\"tg-nrix\">2.2<\/td>\n<td class=\"tg-nrix\">0.35<\/td>\n<td class=\"tg-nrix\">5.2<\/td>\n<td class=\"tg-nrix\">11.7<\/td>\n<\/tr>\n<tr>\n<td class=\"tg-baqh\">4*1.5<\/td>\n<td class=\"tg-baqh\">19\/0.32<\/td>\n<td class=\"tg-nrix\">0.3<\/td>\n<td class=\"tg-nrix\">2.2<\/td>\n<td class=\"tg-nrix\">0.35<\/td>\n<td class=\"tg-nrix\">6<\/td>\n<td class=\"tg-nrix\">11.7<\/td>\n<\/tr>\n<tr>\n<td class=\"tg-baqh\">2*2.5<\/td>\n<td class=\"tg-baqh\">19\/0.41<\/td>\n<td class=\"tg-nrix\">0.35<\/td>\n<td class=\"tg-nrix\">2.75<\/td>\n<td class=\"tg-nrix\">0.35<\/td>\n<td class=\"tg-nrix\">6.2<\/td>\n<td class=\"tg-nrix\">6.86<\/td>\n<\/tr>\n<tr>\n<td class=\"tg-baqh\">3*2.5<\/td>\n<td class=\"tg-baqh\">19\/0.41<\/td>\n<td class=\"tg-nrix\">0.35<\/td>\n<td class=\"tg-nrix\">2.75<\/td>\n<td class=\"tg-nrix\">0.35<\/td>\n<td class=\"tg-nrix\">6.3<\/td>\n<td class=\"tg-nrix\">6.86<\/td>\n<\/tr>\n<tr>\n<td class=\"tg-baqh\">4*2.5<\/td>\n<td class=\"tg-baqh\">19\/0.41<\/td>\n<td class=\"tg-nrix\">0.35<\/td>\n<td class=\"tg-nrix\">2.75<\/td>\n<td class=\"tg-nrix\">0.35<\/td>\n<td class=\"tg-nrix\">7.4<\/td>\n<td class=\"tg-nrix\">6.86<\/td>\n<\/tr>\n<\/tbody>\n<\/table>\n","protected":false},"excerpt":{"rendered":"<p>C\u00e1p \u0111a l\u00f5i \u0111\u01a1n l\u00f5i TH\/J-AKK-250 PEEK, c\u00f3 kh\u1ea3 n\u0103ng ch\u1ecbu \u0111\u01b0\u1ee3c nhi\u1ec7t \u0111\u1ed9 cao l\u00ean t\u1edbi 250\u00b0C, \u0111\u01b0\u1ee3c s\u1eed d\u1ee5ng r\u1ed9ng r\u00e3i trong ng\u00e0nh h\u00e0ng kh\u00f4ng v\u0169 tr\u1ee5, h\u00e0ng kh\u00f4ng, m\u00e1y m\u00f3c cao c\u1ea5p, h\u00f3a ch\u1ea5t, c\u00f4ng nghi\u1ec7p h\u1ea1t nh\u00e2n, v\u1eadn t\u1ea3i \u0111\u01b0\u1eddng s\u1eaft v\u00e0 c\u00e1c l\u0129nh v\u1ef1c kh\u00e1c .<\/p>\n","protected":false},"featured_media":9632,"template":"","meta":{"_eb_attr":"","site-sidebar-layout":"default","site-content-layout":"","ast-site-content-layout":"default","site-content-style":"default","site-sidebar-style":"default","ast-global-header-display":"","ast-banner-title-visibility":"","ast-main-header-display":"","ast-hfb-above-header-display":"","ast-hfb-below-header-display":"","ast-hfb-mobile-header-display":"","site-post-title":"","ast-breadcrumbs-content":"","ast-featured-img":"","footer-sml-layout":"","theme-transparent-header-meta":"default","adv-header-id-meta":"","stick-header-meta":"","header-above-stick-meta":"","header-main-stick-meta":"","header-below-stick-meta":"","astra-migrate-meta-layouts":"default","ast-page-background-enabled":"default","ast-page-background-meta":{"desktop":{"background-color":"","background-image":"","background-repeat":"repeat","background-position":"center center","background-size":"auto","background-attachment":"scroll","background-type":"","background-media":"","overlay-type":"","overlay-color":"","overlay-opacity":"","overlay-gradient":""},"tablet":{"background-color":"","background-image":"","background-repeat":"repeat","background-position":"center center","background-size":"auto","background-attachment":"scroll","background-type":"","background-media":"","overlay-type":"","overlay-color":"","overlay-opacity":"","overlay-gradient":""},"mobile":{"background-color":"","background-image":"","background-repeat":"repeat","background-position":"center center","background-size":"auto","background-attachment":"scroll","background-type":"","background-media":"","overlay-type":"","overlay-color":"","overlay-opacity":"","overlay-gradient":""}},"ast-content-background-meta":{"desktop":{"background-color":"var(--ast-global-color-5)","background-image":"","background-repeat":"repeat","background-position":"center center","background-size":"auto","background-attachment":"scroll","background-type":"","background-media":"","overlay-type":"","overlay-color":"","overlay-opacity":"","overlay-gradient":""},"tablet":{"background-color":"var(--ast-global-color-5)","background-image":"","background-repeat":"repeat","background-position":"center center","background-size":"auto","background-attachment":"scroll","background-type":"","background-media":"","overlay-type":"","overlay-color":"","overlay-opacity":"","overlay-gradient":""},"mobile":{"background-color":"var(--ast-global-color-5)","background-image":"","background-repeat":"repeat","background-position":"center center","background-size":"auto","background-attachment":"scroll","background-type":"","background-media":"","overlay-type":"","overlay-color":"","overlay-opacity":"","overlay-gradient":""}}},"product_brand":[],"product_cat":[831,1989,826,842,827,828,829,825,835,832],"product_tag":[2024,1940,2036,2037],"class_list":{"0":"post-21102","1":"product","2":"type-product","3":"status-publish","4":"has-post-thumbnail","6":"product_cat-high-temperature-cable-vi","7":"product_cat-cap-peek","8":"product_cat-customized-cable-vi","9":"product_cat-rail-way-vi","10":"product_cat-enstandard-cable-vi","11":"product_cat-en50264-vi","12":"product_cat-en50306-vi","13":"product_cat-aviation-vi","14":"product_cat-nuclear-vi","15":"product_cat-ice-standard-vi","16":"product_tag-day-cap-da-loi","17":"product_tag-day-cap-loi-don","18":"product_tag-day-cap-nhiet-do-cao","19":"product_tag-day-cap-peek","20":"desktop-align-center","21":"tablet-align-left","22":"mobile-align-left","24":"first","25":"instock","26":"shipping-taxable","27":"product-type-simple"},"yoast_head":"<!-- This site is optimized with the Yoast SEO plugin v27.5 - https:\/\/yoast.com\/product\/yoast-seo-wordpress\/ -->\n<title>TH\/J-AKK-250 D\u00e2y v\u00e0 c\u00e1p \u0111a l\u00f5i nhi\u1ec7t \u0111\u1ed9 cao 250oC PEEK<\/title>\n<meta name=\"description\" content=\"C\u00e1p \u0111a l\u00f5i \u0111\u01a1n l\u00f5i TH\/J-AKK-250 PEEK, c\u00f3 kh\u1ea3 n\u0103ng ch\u1ecbu \u0111\u01b0\u1ee3c nhi\u1ec7t \u0111\u1ed9 cao l\u00ean t\u1edbi 250\u00b0C.\" \/>\n<meta name=\"robots\" content=\"index, follow, max-snippet:-1, max-image-preview:large, max-video-preview:-1\" \/>\n<link rel=\"canonical\" href=\"https:\/\/www.tstcables.com\/vi\/product\/cap-da-loi-don-loi-th-j-akk-250-peek-co-kha-nang-chiu-duoc-nhiet-do-cao-len-toi-250c\/\" \/>\n<meta property=\"og:locale\" content=\"vi_VN\" \/>\n<meta property=\"og:type\" content=\"article\" \/>\n<meta property=\"og:title\" content=\"TH\/J-AKK-250 D\u00e2y v\u00e0 c\u00e1p \u0111a l\u00f5i nhi\u1ec7t \u0111\u1ed9 cao 250oC PEEK\" \/>\n<meta property=\"og:description\" content=\"C\u00e1p \u0111a l\u00f5i \u0111\u01a1n l\u00f5i TH\/J-AKK-250 PEEK, c\u00f3 kh\u1ea3 n\u0103ng ch\u1ecbu \u0111\u01b0\u1ee3c nhi\u1ec7t \u0111\u1ed9 cao l\u00ean t\u1edbi 250\u00b0C.\" \/>\n<meta property=\"og:url\" content=\"https:\/\/www.tstcables.com\/vi\/product\/cap-da-loi-don-loi-th-j-akk-250-peek-co-kha-nang-chiu-duoc-nhiet-do-cao-len-toi-250c\/\" \/>\n<meta property=\"og:site_name\" content=\"TST CABLES supplier &amp; Manufacture\" \/>\n<meta property=\"og:image\" content=\"https:\/\/www.tstcables.com\/wp-content\/uploads\/2024\/03\/5.jpg\" \/>\n\t<meta property=\"og:image:width\" content=\"750\" \/>\n\t<meta property=\"og:image:height\" content=\"750\" \/>\n\t<meta property=\"og:image:type\" content=\"image\/jpeg\" \/>\n<meta name=\"twitter:card\" content=\"summary_large_image\" \/>\n<meta name=\"twitter:label1\" content=\"Est. reading time\" \/>\n\t<meta name=\"twitter:data1\" content=\"1 minute\" \/>\n<script type=\"application\/ld+json\" class=\"yoast-schema-graph\">{\"@context\":\"https:\\\/\\\/schema.org\",\"@graph\":[{\"@type\":\"WebPage\",\"@id\":\"https:\\\/\\\/www.tstcables.com\\\/vi\\\/product\\\/cap-da-loi-don-loi-th-j-akk-250-peek-co-kha-nang-chiu-duoc-nhiet-do-cao-len-toi-250c\\\/\",\"url\":\"https:\\\/\\\/www.tstcables.com\\\/vi\\\/product\\\/cap-da-loi-don-loi-th-j-akk-250-peek-co-kha-nang-chiu-duoc-nhiet-do-cao-len-toi-250c\\\/\",\"name\":\"TH\\\/J-AKK-250 D\u00e2y v\u00e0 c\u00e1p \u0111a l\u00f5i nhi\u1ec7t \u0111\u1ed9 cao 250oC PEEK\",\"isPartOf\":{\"@id\":\"https:\\\/\\\/www.tstcables.com\\\/vi\\\/#website\"},\"primaryImageOfPage\":{\"@id\":\"https:\\\/\\\/www.tstcables.com\\\/vi\\\/product\\\/cap-da-loi-don-loi-th-j-akk-250-peek-co-kha-nang-chiu-duoc-nhiet-do-cao-len-toi-250c\\\/#primaryimage\"},\"image\":{\"@id\":\"https:\\\/\\\/www.tstcables.com\\\/vi\\\/product\\\/cap-da-loi-don-loi-th-j-akk-250-peek-co-kha-nang-chiu-duoc-nhiet-do-cao-len-toi-250c\\\/#primaryimage\"},\"thumbnailUrl\":\"https:\\\/\\\/www.tstcables.com\\\/wp-content\\\/uploads\\\/2024\\\/03\\\/5.jpg\",\"datePublished\":\"2024-03-23T01:24:58+00:00\",\"description\":\"C\u00e1p \u0111a l\u00f5i \u0111\u01a1n l\u00f5i TH\\\/J-AKK-250 PEEK, c\u00f3 kh\u1ea3 n\u0103ng ch\u1ecbu \u0111\u01b0\u1ee3c nhi\u1ec7t \u0111\u1ed9 cao l\u00ean t\u1edbi 250\u00b0C.\",\"breadcrumb\":{\"@id\":\"https:\\\/\\\/www.tstcables.com\\\/vi\\\/product\\\/cap-da-loi-don-loi-th-j-akk-250-peek-co-kha-nang-chiu-duoc-nhiet-do-cao-len-toi-250c\\\/#breadcrumb\"},\"inLanguage\":\"vi-VN\",\"potentialAction\":[{\"@type\":\"ReadAction\",\"target\":[\"https:\\\/\\\/www.tstcables.com\\\/vi\\\/product\\\/cap-da-loi-don-loi-th-j-akk-250-peek-co-kha-nang-chiu-duoc-nhiet-do-cao-len-toi-250c\\\/\"]}]},{\"@type\":\"ImageObject\",\"inLanguage\":\"vi-VN\",\"@id\":\"https:\\\/\\\/www.tstcables.com\\\/vi\\\/product\\\/cap-da-loi-don-loi-th-j-akk-250-peek-co-kha-nang-chiu-duoc-nhiet-do-cao-len-toi-250c\\\/#primaryimage\",\"url\":\"https:\\\/\\\/www.tstcables.com\\\/wp-content\\\/uploads\\\/2024\\\/03\\\/5.jpg\",\"contentUrl\":\"https:\\\/\\\/www.tstcables.com\\\/wp-content\\\/uploads\\\/2024\\\/03\\\/5.jpg\",\"width\":750,\"height\":750,\"caption\":\"TEWL high-frequency high-voltage low-loss wire 30AWG--18AWG\"},{\"@type\":\"BreadcrumbList\",\"@id\":\"https:\\\/\\\/www.tstcables.com\\\/vi\\\/product\\\/cap-da-loi-don-loi-th-j-akk-250-peek-co-kha-nang-chiu-duoc-nhiet-do-cao-len-toi-250c\\\/#breadcrumb\",\"itemListElement\":[{\"@type\":\"ListItem\",\"position\":1,\"name\":\"\u9996\u9875\",\"item\":\"https:\\\/\\\/www.tstcables.com\\\/vi\\\/\"},{\"@type\":\"ListItem\",\"position\":2,\"name\":\"Product\",\"item\":\"https:\\\/\\\/www.tstcables.com\\\/product\\\/\"},{\"@type\":\"ListItem\",\"position\":3,\"name\":\"C\u00e1p \u0111a l\u00f5i \u0111\u01a1n l\u00f5i TH\\\/J-AKK-250 PEEK, c\u00f3 kh\u1ea3 n\u0103ng ch\u1ecbu \u0111\u01b0\u1ee3c nhi\u1ec7t \u0111\u1ed9 cao l\u00ean t\u1edbi 250\u00b0C.\"}]},{\"@type\":\"WebSite\",\"@id\":\"https:\\\/\\\/www.tstcables.com\\\/vi\\\/#website\",\"url\":\"https:\\\/\\\/www.tstcables.com\\\/vi\\\/\",\"name\":\"TST Cable supplier & Manufacture\",\"description\":\"TST CABLES  supplier &amp; Manufacture official website\",\"publisher\":{\"@id\":\"https:\\\/\\\/www.tstcables.com\\\/vi\\\/#organization\"},\"potentialAction\":[{\"@type\":\"SearchAction\",\"target\":{\"@type\":\"EntryPoint\",\"urlTemplate\":\"https:\\\/\\\/www.tstcables.com\\\/vi\\\/?s={search_term_string}\"},\"query-input\":{\"@type\":\"PropertyValueSpecification\",\"valueRequired\":true,\"valueName\":\"search_term_string\"}}],\"inLanguage\":\"vi-VN\"},{\"@type\":\"Organization\",\"@id\":\"https:\\\/\\\/www.tstcables.com\\\/vi\\\/#organization\",\"name\":\"TST Cable supplier & Manufacture\",\"url\":\"https:\\\/\\\/www.tstcables.com\\\/vi\\\/\",\"logo\":{\"@type\":\"ImageObject\",\"inLanguage\":\"vi-VN\",\"@id\":\"https:\\\/\\\/www.tstcables.com\\\/vi\\\/#\\\/schema\\\/logo\\\/image\\\/\",\"url\":\"https:\\\/\\\/www.tstcables.com\\\/wp-content\\\/uploads\\\/2024\\\/04\\\/cropped-\u753b\u677f-1-\u62f7\u8d1d-4-1.png\",\"contentUrl\":\"https:\\\/\\\/www.tstcables.com\\\/wp-content\\\/uploads\\\/2024\\\/04\\\/cropped-\u753b\u677f-1-\u62f7\u8d1d-4-1.png\",\"width\":300,\"height\":100,\"caption\":\"TST Cable supplier & Manufacture\"},\"image\":{\"@id\":\"https:\\\/\\\/www.tstcables.com\\\/vi\\\/#\\\/schema\\\/logo\\\/image\\\/\"}}]}<\/script>\n<!-- \/ Yoast SEO plugin. -->","yoast_head_json":{"title":"TH\/J-AKK-250 D\u00e2y v\u00e0 c\u00e1p \u0111a l\u00f5i nhi\u1ec7t \u0111\u1ed9 cao 250oC PEEK","description":"C\u00e1p \u0111a l\u00f5i \u0111\u01a1n l\u00f5i TH\/J-AKK-250 PEEK, c\u00f3 kh\u1ea3 n\u0103ng ch\u1ecbu \u0111\u01b0\u1ee3c nhi\u1ec7t \u0111\u1ed9 cao l\u00ean t\u1edbi 250\u00b0C.","robots":{"index":"index","follow":"follow","max-snippet":"max-snippet:-1","max-image-preview":"max-image-preview:large","max-video-preview":"max-video-preview:-1"},"canonical":"https:\/\/www.tstcables.com\/vi\/product\/cap-da-loi-don-loi-th-j-akk-250-peek-co-kha-nang-chiu-duoc-nhiet-do-cao-len-toi-250c\/","og_locale":"vi_VN","og_type":"article","og_title":"TH\/J-AKK-250 D\u00e2y v\u00e0 c\u00e1p \u0111a l\u00f5i nhi\u1ec7t \u0111\u1ed9 cao 250oC PEEK","og_description":"C\u00e1p \u0111a l\u00f5i \u0111\u01a1n l\u00f5i TH\/J-AKK-250 PEEK, c\u00f3 kh\u1ea3 n\u0103ng ch\u1ecbu \u0111\u01b0\u1ee3c nhi\u1ec7t \u0111\u1ed9 cao l\u00ean t\u1edbi 250\u00b0C.","og_url":"https:\/\/www.tstcables.com\/vi\/product\/cap-da-loi-don-loi-th-j-akk-250-peek-co-kha-nang-chiu-duoc-nhiet-do-cao-len-toi-250c\/","og_site_name":"TST CABLES supplier &amp; Manufacture","og_image":[{"width":750,"height":750,"url":"https:\/\/www.tstcables.com\/wp-content\/uploads\/2024\/03\/5.jpg","type":"image\/jpeg"}],"twitter_card":"summary_large_image","twitter_misc":{"Est. reading time":"1 minute"},"schema":{"@context":"https:\/\/schema.org","@graph":[{"@type":"WebPage","@id":"https:\/\/www.tstcables.com\/vi\/product\/cap-da-loi-don-loi-th-j-akk-250-peek-co-kha-nang-chiu-duoc-nhiet-do-cao-len-toi-250c\/","url":"https:\/\/www.tstcables.com\/vi\/product\/cap-da-loi-don-loi-th-j-akk-250-peek-co-kha-nang-chiu-duoc-nhiet-do-cao-len-toi-250c\/","name":"TH\/J-AKK-250 D\u00e2y v\u00e0 c\u00e1p \u0111a l\u00f5i nhi\u1ec7t \u0111\u1ed9 cao 250oC PEEK","isPartOf":{"@id":"https:\/\/www.tstcables.com\/vi\/#website"},"primaryImageOfPage":{"@id":"https:\/\/www.tstcables.com\/vi\/product\/cap-da-loi-don-loi-th-j-akk-250-peek-co-kha-nang-chiu-duoc-nhiet-do-cao-len-toi-250c\/#primaryimage"},"image":{"@id":"https:\/\/www.tstcables.com\/vi\/product\/cap-da-loi-don-loi-th-j-akk-250-peek-co-kha-nang-chiu-duoc-nhiet-do-cao-len-toi-250c\/#primaryimage"},"thumbnailUrl":"https:\/\/www.tstcables.com\/wp-content\/uploads\/2024\/03\/5.jpg","datePublished":"2024-03-23T01:24:58+00:00","description":"C\u00e1p \u0111a l\u00f5i \u0111\u01a1n l\u00f5i TH\/J-AKK-250 PEEK, c\u00f3 kh\u1ea3 n\u0103ng ch\u1ecbu \u0111\u01b0\u1ee3c nhi\u1ec7t \u0111\u1ed9 cao l\u00ean t\u1edbi 250\u00b0C.","breadcrumb":{"@id":"https:\/\/www.tstcables.com\/vi\/product\/cap-da-loi-don-loi-th-j-akk-250-peek-co-kha-nang-chiu-duoc-nhiet-do-cao-len-toi-250c\/#breadcrumb"},"inLanguage":"vi-VN","potentialAction":[{"@type":"ReadAction","target":["https:\/\/www.tstcables.com\/vi\/product\/cap-da-loi-don-loi-th-j-akk-250-peek-co-kha-nang-chiu-duoc-nhiet-do-cao-len-toi-250c\/"]}]},{"@type":"ImageObject","inLanguage":"vi-VN","@id":"https:\/\/www.tstcables.com\/vi\/product\/cap-da-loi-don-loi-th-j-akk-250-peek-co-kha-nang-chiu-duoc-nhiet-do-cao-len-toi-250c\/#primaryimage","url":"https:\/\/www.tstcables.com\/wp-content\/uploads\/2024\/03\/5.jpg","contentUrl":"https:\/\/www.tstcables.com\/wp-content\/uploads\/2024\/03\/5.jpg","width":750,"height":750,"caption":"TEWL high-frequency high-voltage low-loss wire 30AWG--18AWG"},{"@type":"BreadcrumbList","@id":"https:\/\/www.tstcables.com\/vi\/product\/cap-da-loi-don-loi-th-j-akk-250-peek-co-kha-nang-chiu-duoc-nhiet-do-cao-len-toi-250c\/#breadcrumb","itemListElement":[{"@type":"ListItem","position":1,"name":"\u9996\u9875","item":"https:\/\/www.tstcables.com\/vi\/"},{"@type":"ListItem","position":2,"name":"Product","item":"https:\/\/www.tstcables.com\/product\/"},{"@type":"ListItem","position":3,"name":"C\u00e1p \u0111a l\u00f5i \u0111\u01a1n l\u00f5i TH\/J-AKK-250 PEEK, c\u00f3 kh\u1ea3 n\u0103ng ch\u1ecbu \u0111\u01b0\u1ee3c nhi\u1ec7t \u0111\u1ed9 cao l\u00ean t\u1edbi 250\u00b0C."}]},{"@type":"WebSite","@id":"https:\/\/www.tstcables.com\/vi\/#website","url":"https:\/\/www.tstcables.com\/vi\/","name":"TST Cable supplier & Manufacture","description":"TST CABLES  supplier &amp; Manufacture official website","publisher":{"@id":"https:\/\/www.tstcables.com\/vi\/#organization"},"potentialAction":[{"@type":"SearchAction","target":{"@type":"EntryPoint","urlTemplate":"https:\/\/www.tstcables.com\/vi\/?s={search_term_string}"},"query-input":{"@type":"PropertyValueSpecification","valueRequired":true,"valueName":"search_term_string"}}],"inLanguage":"vi-VN"},{"@type":"Organization","@id":"https:\/\/www.tstcables.com\/vi\/#organization","name":"TST Cable supplier & Manufacture","url":"https:\/\/www.tstcables.com\/vi\/","logo":{"@type":"ImageObject","inLanguage":"vi-VN","@id":"https:\/\/www.tstcables.com\/vi\/#\/schema\/logo\/image\/","url":"https:\/\/www.tstcables.com\/wp-content\/uploads\/2024\/04\/cropped-\u753b\u677f-1-\u62f7\u8d1d-4-1.png","contentUrl":"https:\/\/www.tstcables.com\/wp-content\/uploads\/2024\/04\/cropped-\u753b\u677f-1-\u62f7\u8d1d-4-1.png","width":300,"height":100,"caption":"TST Cable supplier & Manufacture"},"image":{"@id":"https:\/\/www.tstcables.com\/vi\/#\/schema\/logo\/image\/"}}]}},"_links":{"self":[{"href":"https:\/\/www.tstcables.com\/vi\/wp-json\/wp\/v2\/product\/21102","targetHints":{"allow":["GET"]}}],"collection":[{"href":"https:\/\/www.tstcables.com\/vi\/wp-json\/wp\/v2\/product"}],"about":[{"href":"https:\/\/www.tstcables.com\/vi\/wp-json\/wp\/v2\/types\/product"}],"version-history":[{"count":0,"href":"https:\/\/www.tstcables.com\/vi\/wp-json\/wp\/v2\/product\/21102\/revisions"}],"wp:featuredmedia":[{"embeddable":true,"href":"https:\/\/www.tstcables.com\/vi\/wp-json\/wp\/v2\/media\/9632"}],"wp:attachment":[{"href":"https:\/\/www.tstcables.com\/vi\/wp-json\/wp\/v2\/media?parent=21102"}],"wp:term":[{"taxonomy":"product_brand","embeddable":true,"href":"https:\/\/www.tstcables.com\/vi\/wp-json\/wp\/v2\/product_brand?post=21102"},{"taxonomy":"product_cat","embeddable":true,"href":"https:\/\/www.tstcables.com\/vi\/wp-json\/wp\/v2\/product_cat?post=21102"},{"taxonomy":"product_tag","embeddable":true,"href":"https:\/\/www.tstcables.com\/vi\/wp-json\/wp\/v2\/product_tag?post=21102"}],"curies":[{"name":"wp","href":"https:\/\/api.w.org\/{rel}","templated":true}]}}