{"id":21103,"date":"2024-03-23T09:42:11","date_gmt":"2024-03-23T01:42:11","guid":{"rendered":"https:\/\/www.tstcables.com\/product\/akpk250-600v-day-va-cap-duoc-bao-ve-da-loi-chiu-nhiet-o-nhiet-do-cao-250oc-peek\/"},"modified":"2024-03-23T09:42:11","modified_gmt":"2024-03-23T01:42:11","slug":"akpk250-600v-day-va-cap-duoc-bao-ve-da-loi-chiu-nhiet-o-nhiet-do-cao-250oc-peek","status":"publish","type":"product","link":"https:\/\/www.tstcables.com\/vi\/product\/akpk250-600v-day-va-cap-duoc-bao-ve-da-loi-chiu-nhiet-o-nhiet-do-cao-250oc-peek\/","title":{"rendered":"AKPK250 600V D\u00e2y v\u00e0 c\u00e1p \u0111\u01b0\u1ee3c b\u1ea3o v\u1ec7 \u0111a l\u00f5i ch\u1ecbu nhi\u1ec7t \u1edf nhi\u1ec7t \u0111\u1ed9 cao 250oC PEEK"},"content":{"rendered":"<p>\u1ee8ng d\u1ee5ng:<\/p>\n<p>TH\/J-AKPK-250 D\u00e2y v\u00e0 c\u00e1p \u0111\u01b0\u1ee3c b\u1ea3o v\u1ec7 \u0111a l\u00f5i nhi\u1ec7t \u0111\u1ed9 cao 250oC PEEK ph\u00f9 h\u1ee3p cho c\u00e1c ng\u00e0nh c\u00f4ng nghi\u1ec7p kh\u00e1c nhau bao g\u1ed3m h\u00e0ng kh\u00f4ng v\u0169 tr\u1ee5, h\u00e0ng kh\u00f4ng, m\u00e1y m\u00f3c cao c\u1ea5p, h\u00f3a ch\u1ea5t, c\u00f4ng nghi\u1ec7p h\u1ea1t nh\u00e2n, v\u1eadn t\u1ea3i \u0111\u01b0\u1eddng s\u1eaft v\u00e0 c\u00e1c l\u0129nh v\u1ef1c li\u00ean quan kh\u00e1c . Kh\u1ea3 n\u0103ng ch\u1ecbu nhi\u1ec7t \u0111\u1ed9 cao, m\u00e0u s\u1eafc c\u00f3 th\u1ec3 t\u00f9y ch\u1ec9nh v\u00e0 k\u1ebft c\u1ea5u ch\u1eafc ch\u1eafn khi\u1ebfn n\u00f3 r\u1ea5t ph\u00f9 h\u1ee3p cho c\u00e1c \u1ee9ng d\u1ee5ng \u0111\u00f2i h\u1ecfi kh\u1eaft khe trong c\u00e1c ng\u00e0nh n\u00e0y.<\/p>\n<p>\u0110\u1eb7c \u0111i\u1ec3m:<\/p>\n<ul>\n<li>Ph\u1ea1m vi nhi\u1ec7t \u0111\u1ed9: -60\u00b0C \u0111\u1ebfn +250\u00b0C<\/li>\n<li>\u0110i\u1ec7n \u00e1p \u0111\u1ecbnh m\u1ee9c: 600V<\/li>\n<li>Dung sai \u0111\u01b0\u1eddng k\u00ednh ngo\u00e0i: \u00b1 0,1mm<\/li>\n<li>M\u00e0u s\u1eafc: T\u00f9y ch\u1ec9nh.<\/li>\n<\/ul>\n<p>C\u1ea5u tr\u00fac d\u00e2y d\u1eabn:<\/p>\n<ul>\n<li>D\u00e2y d\u1eabn: D\u00e2y \u0111\u1ed3ng m\u1ea1 b\u1ea1c ho\u1eb7c d\u00e2y \u0111\u1ed3ng m\u1ea1 niken.<\/li>\n<li>V\u1eadt li\u1ec7u c\u00e1ch nhi\u1ec7t: Polyether ether ketone (PEEK), m\u1ed9t lo\u1ea1i v\u1eadt li\u1ec7u nh\u1ef1a nhi\u1ec7t d\u1ebbo \u1edf nhi\u1ec7t \u0111\u1ed9 cao.<\/li>\n<li>Che ch\u1eafn: Che ch\u1eafn b\u1ec7n.<\/li>\n<li>Ch\u1ea5t li\u1ec7u \u00e1o kho\u00e1c: Polyether ether ketone (PEEK), m\u1ed9t lo\u1ea1i v\u1eadt li\u1ec7u nh\u1ef1a nhi\u1ec7t d\u1ebbo \u1edf nhi\u1ec7t \u0111\u1ed9 cao.<\/li>\n<\/ul>\n","protected":false},"excerpt":{"rendered":"<p>C\u00e1p b\u1ea3o v\u1ec7 \u0111a l\u00f5i TH\/J-AKPK-250 PEEK, c\u00f3 l\u1edbp b\u1ea3o v\u1ec7, c\u00f3 kh\u1ea3 n\u0103ng ch\u1ecbu \u0111\u01b0\u1ee3c nhi\u1ec7t \u0111\u1ed9 cao l\u00ean t\u1edbi 250\u00b0C, \u0111\u01b0\u1ee3c s\u1eed d\u1ee5ng r\u1ed9ng r\u00e3i trong ng\u00e0nh h\u00e0ng kh\u00f4ng v\u0169 tr\u1ee5, h\u00e0ng kh\u00f4ng, m\u00e1y m\u00f3c cao c\u1ea5p, h\u00f3a ch\u1ea5t, c\u00f4ng nghi\u1ec7p h\u1ea1t nh\u00e2n, \u0111\u01b0\u1eddng s\u1eaft giao th\u00f4ng v\u1eadn t\u1ea3i v\u00e0 c\u00e1c l\u0129nh v\u1ef1c kh\u00e1c.<\/p>\n","protected":false},"featured_media":13344,"template":"","meta":{"_eb_attr":"","site-sidebar-layout":"default","site-content-layout":"","ast-site-content-layout":"default","site-content-style":"default","site-sidebar-style":"default","ast-global-header-display":"","ast-banner-title-visibility":"","ast-main-header-display":"","ast-hfb-above-header-display":"","ast-hfb-below-header-display":"","ast-hfb-mobile-header-display":"","site-post-title":"","ast-breadcrumbs-content":"","ast-featured-img":"","footer-sml-layout":"","theme-transparent-header-meta":"default","adv-header-id-meta":"","stick-header-meta":"","header-above-stick-meta":"","header-main-stick-meta":"","header-below-stick-meta":"","astra-migrate-meta-layouts":"default","ast-page-background-enabled":"default","ast-page-background-meta":{"desktop":{"background-color":"","background-image":"","background-repeat":"repeat","background-position":"center center","background-size":"auto","background-attachment":"scroll","background-type":"","background-media":"","overlay-type":"","overlay-color":"","overlay-opacity":"","overlay-gradient":""},"tablet":{"background-color":"","background-image":"","background-repeat":"repeat","background-position":"center center","background-size":"auto","background-attachment":"scroll","background-type":"","background-media":"","overlay-type":"","overlay-color":"","overlay-opacity":"","overlay-gradient":""},"mobile":{"background-color":"","background-image":"","background-repeat":"repeat","background-position":"center center","background-size":"auto","background-attachment":"scroll","background-type":"","background-media":"","overlay-type":"","overlay-color":"","overlay-opacity":"","overlay-gradient":""}},"ast-content-background-meta":{"desktop":{"background-color":"var(--ast-global-color-5)","background-image":"","background-repeat":"repeat","background-position":"center center","background-size":"auto","background-attachment":"scroll","background-type":"","background-media":"","overlay-type":"","overlay-color":"","overlay-opacity":"","overlay-gradient":""},"tablet":{"background-color":"var(--ast-global-color-5)","background-image":"","background-repeat":"repeat","background-position":"center center","background-size":"auto","background-attachment":"scroll","background-type":"","background-media":"","overlay-type":"","overlay-color":"","overlay-opacity":"","overlay-gradient":""},"mobile":{"background-color":"var(--ast-global-color-5)","background-image":"","background-repeat":"repeat","background-position":"center center","background-size":"auto","background-attachment":"scroll","background-type":"","background-media":"","overlay-type":"","overlay-color":"","overlay-opacity":"","overlay-gradient":""}}},"product_brand":[],"product_cat":[831,1989,836,842,827,828,829,834,825,835,832,847],"product_tag":[2024,2038,1940,2036,2037],"class_list":{"0":"post-21103","1":"product","2":"type-product","3":"status-publish","4":"has-post-thumbnail","6":"product_cat-high-temperature-cable-vi","7":"product_cat-cap-peek","8":"product_cat-oil-gas-vi","9":"product_cat-rail-way-vi","10":"product_cat-enstandard-cable-vi","11":"product_cat-en50264-vi","12":"product_cat-en50306-vi","13":"product_cat-marine-vi","14":"product_cat-aviation-vi","15":"product_cat-nuclear-vi","16":"product_cat-ice-standard-vi","17":"product_cat-wind-power-vi","18":"product_tag-day-cap-da-loi","19":"product_tag-day-cap-duoc-bao-ve","20":"product_tag-day-cap-loi-don","21":"product_tag-day-cap-nhiet-do-cao","22":"product_tag-day-cap-peek","23":"desktop-align-center","24":"tablet-align-left","25":"mobile-align-left","27":"first","28":"instock","29":"shipping-taxable","30":"product-type-simple"},"yoast_head":"<!-- This site is optimized with the Yoast SEO plugin v27.3 - https:\/\/yoast.com\/product\/yoast-seo-wordpress\/ -->\n<title>PEEK D\u00e2y &amp; C\u00e1p \u0111\u01b0\u1ee3c b\u1ea3o v\u1ec7 ch\u1ecbu nhi\u1ec7t \u1edf nhi\u1ec7t \u0111\u1ed9 cao<\/title>\n<meta name=\"description\" content=\"C\u00e1p \u0111\u01b0\u1ee3c b\u1ea3o v\u1ec7 nhi\u1ec1u l\u00f5i PEEK, c\u00f3 l\u1edbp b\u1ea3o v\u1ec7, c\u00f3 kh\u1ea3 n\u0103ng ch\u1ecbu \u0111\u01b0\u1ee3c nhi\u1ec7t \u0111\u1ed9 cao l\u00ean t\u1edbi 250\u00b0C, \u0111\u01b0\u1ee3c s\u1eed d\u1ee5ng r\u1ed9ng r\u00e3i trong ng\u00e0nh h\u00e0ng kh\u00f4ng v\u0169 tr\u1ee5, h\u00e0ng kh\u00f4ng.\" \/>\n<meta name=\"robots\" content=\"index, follow, max-snippet:-1, max-image-preview:large, max-video-preview:-1\" \/>\n<link rel=\"canonical\" href=\"https:\/\/www.tstcables.com\/vi\/product\/akpk250-600v-day-va-cap-duoc-bao-ve-da-loi-chiu-nhiet-o-nhiet-do-cao-250oc-peek\/\" \/>\n<meta property=\"og:locale\" content=\"vi_VN\" \/>\n<meta property=\"og:type\" content=\"article\" \/>\n<meta property=\"og:title\" content=\"PEEK D\u00e2y &amp; C\u00e1p \u0111\u01b0\u1ee3c b\u1ea3o v\u1ec7 ch\u1ecbu nhi\u1ec7t \u1edf nhi\u1ec7t \u0111\u1ed9 cao\" \/>\n<meta property=\"og:description\" content=\"C\u00e1p \u0111\u01b0\u1ee3c b\u1ea3o v\u1ec7 nhi\u1ec1u l\u00f5i PEEK, c\u00f3 l\u1edbp b\u1ea3o v\u1ec7, c\u00f3 kh\u1ea3 n\u0103ng ch\u1ecbu \u0111\u01b0\u1ee3c nhi\u1ec7t \u0111\u1ed9 cao l\u00ean t\u1edbi 250\u00b0C, \u0111\u01b0\u1ee3c s\u1eed d\u1ee5ng r\u1ed9ng r\u00e3i trong ng\u00e0nh h\u00e0ng kh\u00f4ng v\u0169 tr\u1ee5, h\u00e0ng kh\u00f4ng.\" \/>\n<meta property=\"og:url\" content=\"https:\/\/www.tstcables.com\/vi\/product\/akpk250-600v-day-va-cap-duoc-bao-ve-da-loi-chiu-nhiet-o-nhiet-do-cao-250oc-peek\/\" \/>\n<meta property=\"og:site_name\" content=\"TST CABLES supplier &amp; Manufacture\" \/>\n<meta property=\"og:image\" content=\"https:\/\/www.tstcables.com\/wp-content\/uploads\/2024\/03\/1-25.jpg\" \/>\n\t<meta property=\"og:image:width\" content=\"750\" \/>\n\t<meta property=\"og:image:height\" content=\"750\" \/>\n\t<meta property=\"og:image:type\" content=\"image\/jpeg\" \/>\n<meta name=\"twitter:card\" content=\"summary_large_image\" \/>\n<meta name=\"twitter:label1\" content=\"Est. reading time\" \/>\n\t<meta name=\"twitter:data1\" content=\"1 minute\" \/>\n<script type=\"application\/ld+json\" class=\"yoast-schema-graph\">{\"@context\":\"https:\\\/\\\/schema.org\",\"@graph\":[{\"@type\":\"WebPage\",\"@id\":\"https:\\\/\\\/www.tstcables.com\\\/vi\\\/product\\\/akpk250-600v-day-va-cap-duoc-bao-ve-da-loi-chiu-nhiet-o-nhiet-do-cao-250oc-peek\\\/\",\"url\":\"https:\\\/\\\/www.tstcables.com\\\/vi\\\/product\\\/akpk250-600v-day-va-cap-duoc-bao-ve-da-loi-chiu-nhiet-o-nhiet-do-cao-250oc-peek\\\/\",\"name\":\"PEEK D\u00e2y & C\u00e1p \u0111\u01b0\u1ee3c b\u1ea3o v\u1ec7 ch\u1ecbu nhi\u1ec7t \u1edf nhi\u1ec7t \u0111\u1ed9 cao\",\"isPartOf\":{\"@id\":\"https:\\\/\\\/www.tstcables.com\\\/vi\\\/#website\"},\"primaryImageOfPage\":{\"@id\":\"https:\\\/\\\/www.tstcables.com\\\/vi\\\/product\\\/akpk250-600v-day-va-cap-duoc-bao-ve-da-loi-chiu-nhiet-o-nhiet-do-cao-250oc-peek\\\/#primaryimage\"},\"image\":{\"@id\":\"https:\\\/\\\/www.tstcables.com\\\/vi\\\/product\\\/akpk250-600v-day-va-cap-duoc-bao-ve-da-loi-chiu-nhiet-o-nhiet-do-cao-250oc-peek\\\/#primaryimage\"},\"thumbnailUrl\":\"https:\\\/\\\/www.tstcables.com\\\/wp-content\\\/uploads\\\/2024\\\/03\\\/1-25.jpg\",\"datePublished\":\"2024-03-23T01:42:11+00:00\",\"description\":\"C\u00e1p \u0111\u01b0\u1ee3c b\u1ea3o v\u1ec7 nhi\u1ec1u l\u00f5i PEEK, c\u00f3 l\u1edbp b\u1ea3o v\u1ec7, c\u00f3 kh\u1ea3 n\u0103ng ch\u1ecbu \u0111\u01b0\u1ee3c nhi\u1ec7t \u0111\u1ed9 cao l\u00ean t\u1edbi 250\u00b0C, \u0111\u01b0\u1ee3c s\u1eed d\u1ee5ng r\u1ed9ng r\u00e3i trong ng\u00e0nh h\u00e0ng kh\u00f4ng v\u0169 tr\u1ee5, h\u00e0ng kh\u00f4ng.\",\"breadcrumb\":{\"@id\":\"https:\\\/\\\/www.tstcables.com\\\/vi\\\/product\\\/akpk250-600v-day-va-cap-duoc-bao-ve-da-loi-chiu-nhiet-o-nhiet-do-cao-250oc-peek\\\/#breadcrumb\"},\"inLanguage\":\"vi-VN\",\"potentialAction\":[{\"@type\":\"ReadAction\",\"target\":[\"https:\\\/\\\/www.tstcables.com\\\/vi\\\/product\\\/akpk250-600v-day-va-cap-duoc-bao-ve-da-loi-chiu-nhiet-o-nhiet-do-cao-250oc-peek\\\/\"]}]},{\"@type\":\"ImageObject\",\"inLanguage\":\"vi-VN\",\"@id\":\"https:\\\/\\\/www.tstcables.com\\\/vi\\\/product\\\/akpk250-600v-day-va-cap-duoc-bao-ve-da-loi-chiu-nhiet-o-nhiet-do-cao-250oc-peek\\\/#primaryimage\",\"url\":\"https:\\\/\\\/www.tstcables.com\\\/wp-content\\\/uploads\\\/2024\\\/03\\\/1-25.jpg\",\"contentUrl\":\"https:\\\/\\\/www.tstcables.com\\\/wp-content\\\/uploads\\\/2024\\\/03\\\/1-25.jpg\",\"width\":750,\"height\":750,\"caption\":\"PTFE tape wrapped Teflon AFR250\"},{\"@type\":\"BreadcrumbList\",\"@id\":\"https:\\\/\\\/www.tstcables.com\\\/vi\\\/product\\\/akpk250-600v-day-va-cap-duoc-bao-ve-da-loi-chiu-nhiet-o-nhiet-do-cao-250oc-peek\\\/#breadcrumb\",\"itemListElement\":[{\"@type\":\"ListItem\",\"position\":1,\"name\":\"\u9996\u9875\",\"item\":\"https:\\\/\\\/www.tstcables.com\\\/vi\\\/\"},{\"@type\":\"ListItem\",\"position\":2,\"name\":\"Product\",\"item\":\"https:\\\/\\\/www.tstcables.com\\\/product\\\/\"},{\"@type\":\"ListItem\",\"position\":3,\"name\":\"AKPK250 600V D\u00e2y v\u00e0 c\u00e1p \u0111\u01b0\u1ee3c b\u1ea3o v\u1ec7 \u0111a l\u00f5i ch\u1ecbu nhi\u1ec7t \u1edf nhi\u1ec7t \u0111\u1ed9 cao 250oC PEEK\"}]},{\"@type\":\"WebSite\",\"@id\":\"https:\\\/\\\/www.tstcables.com\\\/vi\\\/#website\",\"url\":\"https:\\\/\\\/www.tstcables.com\\\/vi\\\/\",\"name\":\"TST Cable supplier & Manufacture\",\"description\":\"TST CABLES  supplier &amp; Manufacture official website\",\"publisher\":{\"@id\":\"https:\\\/\\\/www.tstcables.com\\\/vi\\\/#organization\"},\"potentialAction\":[{\"@type\":\"SearchAction\",\"target\":{\"@type\":\"EntryPoint\",\"urlTemplate\":\"https:\\\/\\\/www.tstcables.com\\\/vi\\\/?s={search_term_string}\"},\"query-input\":{\"@type\":\"PropertyValueSpecification\",\"valueRequired\":true,\"valueName\":\"search_term_string\"}}],\"inLanguage\":\"vi-VN\"},{\"@type\":\"Organization\",\"@id\":\"https:\\\/\\\/www.tstcables.com\\\/vi\\\/#organization\",\"name\":\"TST Cable supplier & Manufacture\",\"url\":\"https:\\\/\\\/www.tstcables.com\\\/vi\\\/\",\"logo\":{\"@type\":\"ImageObject\",\"inLanguage\":\"vi-VN\",\"@id\":\"https:\\\/\\\/www.tstcables.com\\\/vi\\\/#\\\/schema\\\/logo\\\/image\\\/\",\"url\":\"https:\\\/\\\/www.tstcables.com\\\/wp-content\\\/uploads\\\/2024\\\/04\\\/cropped-\u753b\u677f-1-\u62f7\u8d1d-4-1.png\",\"contentUrl\":\"https:\\\/\\\/www.tstcables.com\\\/wp-content\\\/uploads\\\/2024\\\/04\\\/cropped-\u753b\u677f-1-\u62f7\u8d1d-4-1.png\",\"width\":300,\"height\":100,\"caption\":\"TST Cable supplier & Manufacture\"},\"image\":{\"@id\":\"https:\\\/\\\/www.tstcables.com\\\/vi\\\/#\\\/schema\\\/logo\\\/image\\\/\"}}]}<\/script>\n<!-- \/ Yoast SEO plugin. -->","yoast_head_json":{"title":"PEEK D\u00e2y & C\u00e1p \u0111\u01b0\u1ee3c b\u1ea3o v\u1ec7 ch\u1ecbu nhi\u1ec7t \u1edf nhi\u1ec7t \u0111\u1ed9 cao","description":"C\u00e1p \u0111\u01b0\u1ee3c b\u1ea3o v\u1ec7 nhi\u1ec1u l\u00f5i PEEK, c\u00f3 l\u1edbp b\u1ea3o v\u1ec7, c\u00f3 kh\u1ea3 n\u0103ng ch\u1ecbu \u0111\u01b0\u1ee3c nhi\u1ec7t \u0111\u1ed9 cao l\u00ean t\u1edbi 250\u00b0C, \u0111\u01b0\u1ee3c s\u1eed d\u1ee5ng r\u1ed9ng r\u00e3i trong ng\u00e0nh h\u00e0ng kh\u00f4ng v\u0169 tr\u1ee5, h\u00e0ng kh\u00f4ng.","robots":{"index":"index","follow":"follow","max-snippet":"max-snippet:-1","max-image-preview":"max-image-preview:large","max-video-preview":"max-video-preview:-1"},"canonical":"https:\/\/www.tstcables.com\/vi\/product\/akpk250-600v-day-va-cap-duoc-bao-ve-da-loi-chiu-nhiet-o-nhiet-do-cao-250oc-peek\/","og_locale":"vi_VN","og_type":"article","og_title":"PEEK D\u00e2y & C\u00e1p \u0111\u01b0\u1ee3c b\u1ea3o v\u1ec7 ch\u1ecbu nhi\u1ec7t \u1edf nhi\u1ec7t \u0111\u1ed9 cao","og_description":"C\u00e1p \u0111\u01b0\u1ee3c b\u1ea3o v\u1ec7 nhi\u1ec1u l\u00f5i PEEK, c\u00f3 l\u1edbp b\u1ea3o v\u1ec7, c\u00f3 kh\u1ea3 n\u0103ng ch\u1ecbu \u0111\u01b0\u1ee3c nhi\u1ec7t \u0111\u1ed9 cao l\u00ean t\u1edbi 250\u00b0C, \u0111\u01b0\u1ee3c s\u1eed d\u1ee5ng r\u1ed9ng r\u00e3i trong ng\u00e0nh h\u00e0ng kh\u00f4ng v\u0169 tr\u1ee5, h\u00e0ng kh\u00f4ng.","og_url":"https:\/\/www.tstcables.com\/vi\/product\/akpk250-600v-day-va-cap-duoc-bao-ve-da-loi-chiu-nhiet-o-nhiet-do-cao-250oc-peek\/","og_site_name":"TST CABLES supplier &amp; Manufacture","og_image":[{"width":750,"height":750,"url":"https:\/\/www.tstcables.com\/wp-content\/uploads\/2024\/03\/1-25.jpg","type":"image\/jpeg"}],"twitter_card":"summary_large_image","twitter_misc":{"Est. reading time":"1 minute"},"schema":{"@context":"https:\/\/schema.org","@graph":[{"@type":"WebPage","@id":"https:\/\/www.tstcables.com\/vi\/product\/akpk250-600v-day-va-cap-duoc-bao-ve-da-loi-chiu-nhiet-o-nhiet-do-cao-250oc-peek\/","url":"https:\/\/www.tstcables.com\/vi\/product\/akpk250-600v-day-va-cap-duoc-bao-ve-da-loi-chiu-nhiet-o-nhiet-do-cao-250oc-peek\/","name":"PEEK D\u00e2y & C\u00e1p \u0111\u01b0\u1ee3c b\u1ea3o v\u1ec7 ch\u1ecbu nhi\u1ec7t \u1edf nhi\u1ec7t \u0111\u1ed9 cao","isPartOf":{"@id":"https:\/\/www.tstcables.com\/vi\/#website"},"primaryImageOfPage":{"@id":"https:\/\/www.tstcables.com\/vi\/product\/akpk250-600v-day-va-cap-duoc-bao-ve-da-loi-chiu-nhiet-o-nhiet-do-cao-250oc-peek\/#primaryimage"},"image":{"@id":"https:\/\/www.tstcables.com\/vi\/product\/akpk250-600v-day-va-cap-duoc-bao-ve-da-loi-chiu-nhiet-o-nhiet-do-cao-250oc-peek\/#primaryimage"},"thumbnailUrl":"https:\/\/www.tstcables.com\/wp-content\/uploads\/2024\/03\/1-25.jpg","datePublished":"2024-03-23T01:42:11+00:00","description":"C\u00e1p \u0111\u01b0\u1ee3c b\u1ea3o v\u1ec7 nhi\u1ec1u l\u00f5i PEEK, c\u00f3 l\u1edbp b\u1ea3o v\u1ec7, c\u00f3 kh\u1ea3 n\u0103ng ch\u1ecbu \u0111\u01b0\u1ee3c nhi\u1ec7t \u0111\u1ed9 cao l\u00ean t\u1edbi 250\u00b0C, \u0111\u01b0\u1ee3c s\u1eed d\u1ee5ng r\u1ed9ng r\u00e3i trong ng\u00e0nh h\u00e0ng kh\u00f4ng v\u0169 tr\u1ee5, h\u00e0ng kh\u00f4ng.","breadcrumb":{"@id":"https:\/\/www.tstcables.com\/vi\/product\/akpk250-600v-day-va-cap-duoc-bao-ve-da-loi-chiu-nhiet-o-nhiet-do-cao-250oc-peek\/#breadcrumb"},"inLanguage":"vi-VN","potentialAction":[{"@type":"ReadAction","target":["https:\/\/www.tstcables.com\/vi\/product\/akpk250-600v-day-va-cap-duoc-bao-ve-da-loi-chiu-nhiet-o-nhiet-do-cao-250oc-peek\/"]}]},{"@type":"ImageObject","inLanguage":"vi-VN","@id":"https:\/\/www.tstcables.com\/vi\/product\/akpk250-600v-day-va-cap-duoc-bao-ve-da-loi-chiu-nhiet-o-nhiet-do-cao-250oc-peek\/#primaryimage","url":"https:\/\/www.tstcables.com\/wp-content\/uploads\/2024\/03\/1-25.jpg","contentUrl":"https:\/\/www.tstcables.com\/wp-content\/uploads\/2024\/03\/1-25.jpg","width":750,"height":750,"caption":"PTFE tape wrapped Teflon AFR250"},{"@type":"BreadcrumbList","@id":"https:\/\/www.tstcables.com\/vi\/product\/akpk250-600v-day-va-cap-duoc-bao-ve-da-loi-chiu-nhiet-o-nhiet-do-cao-250oc-peek\/#breadcrumb","itemListElement":[{"@type":"ListItem","position":1,"name":"\u9996\u9875","item":"https:\/\/www.tstcables.com\/vi\/"},{"@type":"ListItem","position":2,"name":"Product","item":"https:\/\/www.tstcables.com\/product\/"},{"@type":"ListItem","position":3,"name":"AKPK250 600V D\u00e2y v\u00e0 c\u00e1p \u0111\u01b0\u1ee3c b\u1ea3o v\u1ec7 \u0111a l\u00f5i ch\u1ecbu nhi\u1ec7t \u1edf nhi\u1ec7t \u0111\u1ed9 cao 250oC PEEK"}]},{"@type":"WebSite","@id":"https:\/\/www.tstcables.com\/vi\/#website","url":"https:\/\/www.tstcables.com\/vi\/","name":"TST Cable supplier & Manufacture","description":"TST CABLES  supplier &amp; Manufacture official website","publisher":{"@id":"https:\/\/www.tstcables.com\/vi\/#organization"},"potentialAction":[{"@type":"SearchAction","target":{"@type":"EntryPoint","urlTemplate":"https:\/\/www.tstcables.com\/vi\/?s={search_term_string}"},"query-input":{"@type":"PropertyValueSpecification","valueRequired":true,"valueName":"search_term_string"}}],"inLanguage":"vi-VN"},{"@type":"Organization","@id":"https:\/\/www.tstcables.com\/vi\/#organization","name":"TST Cable supplier & Manufacture","url":"https:\/\/www.tstcables.com\/vi\/","logo":{"@type":"ImageObject","inLanguage":"vi-VN","@id":"https:\/\/www.tstcables.com\/vi\/#\/schema\/logo\/image\/","url":"https:\/\/www.tstcables.com\/wp-content\/uploads\/2024\/04\/cropped-\u753b\u677f-1-\u62f7\u8d1d-4-1.png","contentUrl":"https:\/\/www.tstcables.com\/wp-content\/uploads\/2024\/04\/cropped-\u753b\u677f-1-\u62f7\u8d1d-4-1.png","width":300,"height":100,"caption":"TST Cable supplier & Manufacture"},"image":{"@id":"https:\/\/www.tstcables.com\/vi\/#\/schema\/logo\/image\/"}}]}},"_links":{"self":[{"href":"https:\/\/www.tstcables.com\/vi\/wp-json\/wp\/v2\/product\/21103","targetHints":{"allow":["GET"]}}],"collection":[{"href":"https:\/\/www.tstcables.com\/vi\/wp-json\/wp\/v2\/product"}],"about":[{"href":"https:\/\/www.tstcables.com\/vi\/wp-json\/wp\/v2\/types\/product"}],"version-history":[{"count":0,"href":"https:\/\/www.tstcables.com\/vi\/wp-json\/wp\/v2\/product\/21103\/revisions"}],"wp:featuredmedia":[{"embeddable":true,"href":"https:\/\/www.tstcables.com\/vi\/wp-json\/wp\/v2\/media\/13344"}],"wp:attachment":[{"href":"https:\/\/www.tstcables.com\/vi\/wp-json\/wp\/v2\/media?parent=21103"}],"wp:term":[{"taxonomy":"product_brand","embeddable":true,"href":"https:\/\/www.tstcables.com\/vi\/wp-json\/wp\/v2\/product_brand?post=21103"},{"taxonomy":"product_cat","embeddable":true,"href":"https:\/\/www.tstcables.com\/vi\/wp-json\/wp\/v2\/product_cat?post=21103"},{"taxonomy":"product_tag","embeddable":true,"href":"https:\/\/www.tstcables.com\/vi\/wp-json\/wp\/v2\/product_tag?post=21103"}],"curies":[{"name":"wp","href":"https:\/\/api.w.org\/{rel}","templated":true}]}}