{"id":21104,"date":"2024-03-23T14:30:42","date_gmt":"2024-03-23T06:30:42","guid":{"rendered":"https:\/\/www.tstcables.com\/product\/day-va-cap-chiu-nhiet-chong-chay-khong-chua-halogen-it-khoi\/"},"modified":"2024-03-23T14:30:42","modified_gmt":"2024-03-23T06:30:42","slug":"day-va-cap-chiu-nhiet-chong-chay-khong-chua-halogen-it-khoi","status":"publish","type":"product","link":"https:\/\/www.tstcables.com\/vi\/product\/day-va-cap-chiu-nhiet-chong-chay-khong-chua-halogen-it-khoi\/","title":{"rendered":"D\u00e2y v\u00e0 c\u00e1p ch\u1ecbu nhi\u1ec7t ch\u1ed1ng ch\u00e1y kh\u00f4ng ch\u1ee9a halogen \u00edt kh\u00f3i"},"content":{"rendered":"<p>\u1ee8ng d\u1ee5ng:<\/p>\n<p>D\u00e2y v\u00e0 c\u00e1p ch\u1ecbu nhi\u1ec7t ch\u1ed1ng ch\u00e1y kh\u00f4ng halogen \u00edt kh\u00f3i \u0111\u01b0\u1ee3c \u00e1p d\u1ee5ng trong nhi\u1ec1u l\u0129nh v\u1ef1c kh\u00e1c nhau nh\u01b0 n\u0103ng l\u01b0\u1ee3ng gi\u00f3, quang \u0111i\u1ec7n, nh\u00e0 m\u00e1y th\u1ee7y \u0111i\u1ec7n, nh\u00e0 m\u00e1y nhi\u1ec7t \u0111i\u1ec7n, thi\u1ebft b\u1ecb \u0111o \u0111\u1ea1c, thi\u1ebft b\u1ecb \u0111\u00f3ng c\u1eaft, v.v.<\/p>\n<p>\u0110\u1eb7c \u0111i\u1ec3m:<\/p>\n<ul>\n<li>Kh\u1ea3 n\u0103ng ch\u1ecbu nhi\u1ec7t \u0111\u1ed9: -40\u00b0C \u0111\u1ebfn +125\u00b0C.<\/li>\n<li>\u0110i\u1ec7n \u00e1p \u0111\u1ecbnh m\u1ee9c: 450\/750V.<\/li>\n<li>Ch\u1ecbu \u0111\u01b0\u1ee3c ki\u1ec3m tra \u0111i\u1ec7n \u00e1p: 3000V\/5 ph\u00fat.<\/li>\n<li>B\u00e1n k\u00ednh u\u1ed1n t\u1ed1i thi\u1ec3u: 8 l\u1ea7n \u0111\u01b0\u1eddng k\u00ednh ngo\u00e0i c\u1ee7a c\u00e1p (\u0111\u1ed1i v\u1edbi c\u00e1p \u0111\u01b0\u1ee3c b\u1ecdc b\u0103ng \u0111\u1ed3ng th\u00ec kh\u00f4ng \u0111\u01b0\u1ee3c nh\u1ecf h\u01a1n 12 l\u1ea7n \u0111\u01b0\u1eddng k\u00ednh trong c\u1ee7a c\u00e1p).<\/li>\n<li>Ch\u1ec9 s\u1ed1 ch\u1ed1ng ch\u00e1y: Lo\u1ea1i A, Lo\u1ea1i B, Lo\u1ea1i C.<\/li>\n<li>C\u1ea5u tr\u00fac d\u00e2y d\u1eabn: \u0110\u1ed3ng tr\u1ea7n, \u0111\u00f3ng h\u1ed9p.<\/li>\n<\/ul>\n<p>Ti\u00eau chu\u1ea9n c\u00f4ng nghi\u1ec7p:<\/p>\n<ul>\n<li>GB\/T 9330.3-2008<\/li>\n<li>GB\/T19666-2005<\/li>\n<\/ul>\n<p>K\u1ebft c\u1ea5u:<\/p>\n<ul>\n<li>T\u1ea5m ch\u1eafn (b\u0103ng \u0111\u1ed3ng\/t\u1ea5m ch\u1eafn b\u1ec7n\/b\u0103ng composite nh\u00f4m-nh\u1ef1a)<\/li>\n<li>D\u00e2y d\u1eabn (l\u00f5i \u0111\u1ed3ng\/l\u00f5i \u0111\u1ed3ng m\u1ec1m)<\/li>\n<li>L\u1edbp c\u00e1ch nhi\u1ec7t (PE)<\/li>\n<li>V\u1ecf b\u1ecdc (Po)<\/li>\n<\/ul>\n<p>Tham s\u1ed1 l\u1ef1a ch\u1ecdn<\/p>\n<table class=\"tg\">\n<thead>\n<tr>\n<th class=\"tg-lboi\" rowspan=\"2\">S\u1ed1 s\u1ea3n ph\u1ea9m<\/th>\n<th class=\"tg-0pky\" rowspan=\"2\">danh m\u1ee5c s\u1ea3n ph\u1ea9m<\/th>\n<th class=\"tg-0pky\" colspan=\"2\">S\u1ed1 l\u01b0\u1ee3ng l\u00f5i<\/th>\n<th class=\"tg-0pky\">Nhi\u1ec7t \u0111\u1ed9 \u0111\u00e1nh gi\u00e1<\/th>\n<\/tr>\n<tr>\n<th class=\"tg-0pky\">1 l\u00f5i<\/th>\n<th class=\"tg-0pky\">0.5-240mm2<\/th>\n<th class=\"tg-0pky\">-40\u2103~+125\u2103<\/th>\n<\/tr>\n<\/thead>\n<tbody>\n<tr>\n<td class=\"tg-0pky\">KYJYP<\/td>\n<td class=\"tg-0pky\">C\u00e1p \u0111i\u1ec1u khi\u1ec3n b\u1ec7n b\u1ecdc c\u00e1ch \u0111i\u1ec7n b\u1eb1ng polyolefin c\u00e1ch \u0111i\u1ec7n XLPE<\/td>\n<td class=\"tg-0pky\">l\u00f5i 1-48<\/td>\n<td class=\"tg-0pky\">0.5-50mm2<\/td>\n<td class=\"tg-0pky\">-40\u2103~+125\u2103<\/td>\n<\/tr>\n<tr>\n<td class=\"tg-0pky\">KYJYP2<\/td>\n<td class=\"tg-0pky\">C\u00e1p \u0111i\u1ec1u khi\u1ec3n \u0111\u01b0\u1ee3c b\u1ecdc b\u1eb1ng b\u0103ng \u0111\u1ed3ng b\u1ecdc polyolefin c\u00e1ch \u0111i\u1ec7n XLPE<\/td>\n<td class=\"tg-0pky\">l\u00f5i 1-48<\/td>\n<td class=\"tg-0pky\">0.5-50mm2<\/td>\n<td class=\"tg-0pky\">-40\u2103~+125\u2103<\/td>\n<\/tr>\n<tr>\n<td class=\"tg-0pky\">KYJYP3<\/td>\n<td class=\"tg-0pky\">C\u00e1p \u0111i\u1ec1u khi\u1ec3n \u0111\u01b0\u1ee3c b\u1ecdc b\u1eb1ng b\u0103ng composite nh\u00f4m-nh\u1ef1a c\u00e1ch \u0111i\u1ec7n XLPE<\/td>\n<td class=\"tg-0pky\">l\u00f5i 1-48<\/td>\n<td class=\"tg-0pky\">0.5-50mm2<\/td>\n<td class=\"tg-0pky\">-40\u2103~+125\u2103<\/td>\n<\/tr>\n<\/tbody>\n<\/table>\n","protected":false},"excerpt":{"rendered":"<p>D\u00e2y v\u00e0 c\u00e1p ch\u1ecbu nhi\u1ec7t ch\u1ed1ng ch\u00e1y kh\u00f4ng ch\u1ee9a halogen \u00edt kh\u00f3i \u0111\u01b0\u1ee3c bi\u1ebft \u0111\u1ebfn v\u1edbi kh\u1ea3 n\u0103ng ch\u1ed1ng l\u00e3o h\u00f3a l\u00e2u d\u00e0i d\u01b0\u1edbi \u00e1nh n\u1eafng m\u1eb7t tr\u1eddi, ch\u1ed1ng d\u1ea7u, ch\u1ed1ng m\u00e0i m\u00f2n v\u00e0 ch\u1ed1ng \u0103n m\u00f2n.<\/p>\n","protected":false},"featured_media":13336,"template":"","meta":{"_eb_attr":"","site-sidebar-layout":"default","site-content-layout":"","ast-site-content-layout":"default","site-content-style":"default","site-sidebar-style":"default","ast-global-header-display":"","ast-banner-title-visibility":"","ast-main-header-display":"","ast-hfb-above-header-display":"","ast-hfb-below-header-display":"","ast-hfb-mobile-header-display":"","site-post-title":"","ast-breadcrumbs-content":"","ast-featured-img":"","footer-sml-layout":"","theme-transparent-header-meta":"default","adv-header-id-meta":"","stick-header-meta":"","header-above-stick-meta":"","header-main-stick-meta":"","header-below-stick-meta":"","astra-migrate-meta-layouts":"default","ast-page-background-enabled":"default","ast-page-background-meta":{"desktop":{"background-color":"","background-image":"","background-repeat":"repeat","background-position":"center center","background-size":"auto","background-attachment":"scroll","background-type":"","background-media":"","overlay-type":"","overlay-color":"","overlay-opacity":"","overlay-gradient":""},"tablet":{"background-color":"","background-image":"","background-repeat":"repeat","background-position":"center center","background-size":"auto","background-attachment":"scroll","background-type":"","background-media":"","overlay-type":"","overlay-color":"","overlay-opacity":"","overlay-gradient":""},"mobile":{"background-color":"","background-image":"","background-repeat":"repeat","background-position":"center center","background-size":"auto","background-attachment":"scroll","background-type":"","background-media":"","overlay-type":"","overlay-color":"","overlay-opacity":"","overlay-gradient":""}},"ast-content-background-meta":{"desktop":{"background-color":"var(--ast-global-color-5)","background-image":"","background-repeat":"repeat","background-position":"center center","background-size":"auto","background-attachment":"scroll","background-type":"","background-media":"","overlay-type":"","overlay-color":"","overlay-opacity":"","overlay-gradient":""},"tablet":{"background-color":"var(--ast-global-color-5)","background-image":"","background-repeat":"repeat","background-position":"center center","background-size":"auto","background-attachment":"scroll","background-type":"","background-media":"","overlay-type":"","overlay-color":"","overlay-opacity":"","overlay-gradient":""},"mobile":{"background-color":"var(--ast-global-color-5)","background-image":"","background-repeat":"repeat","background-position":"center center","background-size":"auto","background-attachment":"scroll","background-type":"","background-media":"","overlay-type":"","overlay-color":"","overlay-opacity":"","overlay-gradient":""}}},"product_brand":[],"product_cat":[833,831,843,826,827,828,829,830,832,847],"product_tag":[1955,1957,1956],"class_list":{"0":"post-21104","1":"product","2":"type-product","3":"status-publish","4":"has-post-thumbnail","6":"product_cat-lsoh-cable-vi","7":"product_cat-high-temperature-cable-vi","8":"product_cat-silicone-cable-vi","9":"product_cat-customized-cable-vi","10":"product_cat-enstandard-cable-vi","11":"product_cat-en50264-vi","12":"product_cat-en50306-vi","13":"product_cat-en50382-vi","14":"product_cat-ice-standard-vi","15":"product_cat-wind-power-vi","16":"product_tag-cap-lszh","17":"product_tag-day-va-cap-chong-chay","18":"product_tag-day-va-cap-khong-chua-halogen-it-khoi","19":"desktop-align-center","20":"tablet-align-left","21":"mobile-align-left","23":"first","24":"instock","25":"shipping-taxable","26":"product-type-simple"},"yoast_head":"<!-- This site is optimized with the Yoast SEO plugin v27.4 - https:\/\/yoast.com\/product\/yoast-seo-wordpress\/ -->\n<title>D\u00e2y v\u00e0 c\u00e1p ch\u1ecbu nhi\u1ec7t ch\u1ed1ng ch\u00e1y kh\u00f4ng ch\u1ee9a halogen \u00edt kh\u00f3i<\/title>\n<meta name=\"description\" content=\"D\u00e2y v\u00e0 c\u00e1p ch\u1ecbu nhi\u1ec7t ch\u1ed1ng ch\u00e1y kh\u00f4ng ch\u1ee9a halogen \u00edt kh\u00f3i \u0111\u01b0\u1ee3c bi\u1ebft \u0111\u1ebfn v\u1edbi kh\u1ea3 n\u0103ng ch\u1ed1ng l\u00e3o h\u00f3a l\u00e2u d\u00e0i d\u01b0\u1edbi \u00e1nh n\u1eafng m\u1eb7t tr\u1eddi, ch\u1ed1ng d\u1ea7u, ch\u1ed1ng m\u00e0i m\u00f2n, v.v.\" \/>\n<meta name=\"robots\" content=\"index, follow, max-snippet:-1, max-image-preview:large, max-video-preview:-1\" \/>\n<link rel=\"canonical\" href=\"https:\/\/www.tstcables.com\/vi\/product\/day-va-cap-chiu-nhiet-chong-chay-khong-chua-halogen-it-khoi\/\" \/>\n<meta property=\"og:locale\" content=\"vi_VN\" \/>\n<meta property=\"og:type\" content=\"article\" \/>\n<meta property=\"og:title\" content=\"D\u00e2y v\u00e0 c\u00e1p ch\u1ecbu nhi\u1ec7t ch\u1ed1ng ch\u00e1y kh\u00f4ng ch\u1ee9a halogen \u00edt kh\u00f3i\" \/>\n<meta property=\"og:description\" content=\"D\u00e2y v\u00e0 c\u00e1p ch\u1ecbu nhi\u1ec7t ch\u1ed1ng ch\u00e1y kh\u00f4ng ch\u1ee9a halogen \u00edt kh\u00f3i \u0111\u01b0\u1ee3c bi\u1ebft \u0111\u1ebfn v\u1edbi kh\u1ea3 n\u0103ng ch\u1ed1ng l\u00e3o h\u00f3a l\u00e2u d\u00e0i d\u01b0\u1edbi \u00e1nh n\u1eafng m\u1eb7t tr\u1eddi, ch\u1ed1ng d\u1ea7u, ch\u1ed1ng m\u00e0i m\u00f2n, v.v.\" \/>\n<meta property=\"og:url\" content=\"https:\/\/www.tstcables.com\/vi\/product\/day-va-cap-chiu-nhiet-chong-chay-khong-chua-halogen-it-khoi\/\" \/>\n<meta property=\"og:site_name\" content=\"TST CABLES supplier &amp; Manufacture\" \/>\n<meta property=\"og:image\" content=\"https:\/\/www.tstcables.com\/wp-content\/uploads\/2024\/03\/3-1.webp\" \/>\n\t<meta property=\"og:image:width\" content=\"640\" \/>\n\t<meta property=\"og:image:height\" content=\"640\" \/>\n\t<meta property=\"og:image:type\" content=\"image\/webp\" \/>\n<meta name=\"twitter:card\" content=\"summary_large_image\" \/>\n<meta name=\"twitter:label1\" content=\"Est. reading time\" \/>\n\t<meta name=\"twitter:data1\" content=\"2 minutes\" \/>\n<script type=\"application\/ld+json\" class=\"yoast-schema-graph\">{\"@context\":\"https:\\\/\\\/schema.org\",\"@graph\":[{\"@type\":\"WebPage\",\"@id\":\"https:\\\/\\\/www.tstcables.com\\\/vi\\\/product\\\/day-va-cap-chiu-nhiet-chong-chay-khong-chua-halogen-it-khoi\\\/\",\"url\":\"https:\\\/\\\/www.tstcables.com\\\/vi\\\/product\\\/day-va-cap-chiu-nhiet-chong-chay-khong-chua-halogen-it-khoi\\\/\",\"name\":\"D\u00e2y v\u00e0 c\u00e1p ch\u1ecbu nhi\u1ec7t ch\u1ed1ng ch\u00e1y kh\u00f4ng ch\u1ee9a halogen \u00edt kh\u00f3i\",\"isPartOf\":{\"@id\":\"https:\\\/\\\/www.tstcables.com\\\/vi\\\/#website\"},\"primaryImageOfPage\":{\"@id\":\"https:\\\/\\\/www.tstcables.com\\\/vi\\\/product\\\/day-va-cap-chiu-nhiet-chong-chay-khong-chua-halogen-it-khoi\\\/#primaryimage\"},\"image\":{\"@id\":\"https:\\\/\\\/www.tstcables.com\\\/vi\\\/product\\\/day-va-cap-chiu-nhiet-chong-chay-khong-chua-halogen-it-khoi\\\/#primaryimage\"},\"thumbnailUrl\":\"https:\\\/\\\/www.tstcables.com\\\/wp-content\\\/uploads\\\/2024\\\/03\\\/3-1.webp\",\"datePublished\":\"2024-03-23T06:30:42+00:00\",\"description\":\"D\u00e2y v\u00e0 c\u00e1p ch\u1ecbu nhi\u1ec7t ch\u1ed1ng ch\u00e1y kh\u00f4ng ch\u1ee9a halogen \u00edt kh\u00f3i \u0111\u01b0\u1ee3c bi\u1ebft \u0111\u1ebfn v\u1edbi kh\u1ea3 n\u0103ng ch\u1ed1ng l\u00e3o h\u00f3a l\u00e2u d\u00e0i d\u01b0\u1edbi \u00e1nh n\u1eafng m\u1eb7t tr\u1eddi, ch\u1ed1ng d\u1ea7u, ch\u1ed1ng m\u00e0i m\u00f2n, v.v.\",\"breadcrumb\":{\"@id\":\"https:\\\/\\\/www.tstcables.com\\\/vi\\\/product\\\/day-va-cap-chiu-nhiet-chong-chay-khong-chua-halogen-it-khoi\\\/#breadcrumb\"},\"inLanguage\":\"vi-VN\",\"potentialAction\":[{\"@type\":\"ReadAction\",\"target\":[\"https:\\\/\\\/www.tstcables.com\\\/vi\\\/product\\\/day-va-cap-chiu-nhiet-chong-chay-khong-chua-halogen-it-khoi\\\/\"]}]},{\"@type\":\"ImageObject\",\"inLanguage\":\"vi-VN\",\"@id\":\"https:\\\/\\\/www.tstcables.com\\\/vi\\\/product\\\/day-va-cap-chiu-nhiet-chong-chay-khong-chua-halogen-it-khoi\\\/#primaryimage\",\"url\":\"https:\\\/\\\/www.tstcables.com\\\/wp-content\\\/uploads\\\/2024\\\/03\\\/3-1.webp\",\"contentUrl\":\"https:\\\/\\\/www.tstcables.com\\\/wp-content\\\/uploads\\\/2024\\\/03\\\/3-1.webp\",\"width\":640,\"height\":640,\"caption\":\"Fire-resistant wire smoke halogen-free flame retardant GN450-NY\"},{\"@type\":\"BreadcrumbList\",\"@id\":\"https:\\\/\\\/www.tstcables.com\\\/vi\\\/product\\\/day-va-cap-chiu-nhiet-chong-chay-khong-chua-halogen-it-khoi\\\/#breadcrumb\",\"itemListElement\":[{\"@type\":\"ListItem\",\"position\":1,\"name\":\"\u9996\u9875\",\"item\":\"https:\\\/\\\/www.tstcables.com\\\/vi\\\/\"},{\"@type\":\"ListItem\",\"position\":2,\"name\":\"Product\",\"item\":\"https:\\\/\\\/www.tstcables.com\\\/product\\\/\"},{\"@type\":\"ListItem\",\"position\":3,\"name\":\"D\u00e2y v\u00e0 c\u00e1p ch\u1ecbu nhi\u1ec7t ch\u1ed1ng ch\u00e1y kh\u00f4ng ch\u1ee9a halogen \u00edt kh\u00f3i\"}]},{\"@type\":\"WebSite\",\"@id\":\"https:\\\/\\\/www.tstcables.com\\\/vi\\\/#website\",\"url\":\"https:\\\/\\\/www.tstcables.com\\\/vi\\\/\",\"name\":\"TST Cable supplier & Manufacture\",\"description\":\"TST CABLES  supplier &amp; Manufacture official website\",\"publisher\":{\"@id\":\"https:\\\/\\\/www.tstcables.com\\\/vi\\\/#organization\"},\"potentialAction\":[{\"@type\":\"SearchAction\",\"target\":{\"@type\":\"EntryPoint\",\"urlTemplate\":\"https:\\\/\\\/www.tstcables.com\\\/vi\\\/?s={search_term_string}\"},\"query-input\":{\"@type\":\"PropertyValueSpecification\",\"valueRequired\":true,\"valueName\":\"search_term_string\"}}],\"inLanguage\":\"vi-VN\"},{\"@type\":\"Organization\",\"@id\":\"https:\\\/\\\/www.tstcables.com\\\/vi\\\/#organization\",\"name\":\"TST Cable supplier & Manufacture\",\"url\":\"https:\\\/\\\/www.tstcables.com\\\/vi\\\/\",\"logo\":{\"@type\":\"ImageObject\",\"inLanguage\":\"vi-VN\",\"@id\":\"https:\\\/\\\/www.tstcables.com\\\/vi\\\/#\\\/schema\\\/logo\\\/image\\\/\",\"url\":\"https:\\\/\\\/www.tstcables.com\\\/wp-content\\\/uploads\\\/2024\\\/04\\\/cropped-\u753b\u677f-1-\u62f7\u8d1d-4-1.png\",\"contentUrl\":\"https:\\\/\\\/www.tstcables.com\\\/wp-content\\\/uploads\\\/2024\\\/04\\\/cropped-\u753b\u677f-1-\u62f7\u8d1d-4-1.png\",\"width\":300,\"height\":100,\"caption\":\"TST Cable supplier & Manufacture\"},\"image\":{\"@id\":\"https:\\\/\\\/www.tstcables.com\\\/vi\\\/#\\\/schema\\\/logo\\\/image\\\/\"}}]}<\/script>\n<!-- \/ Yoast SEO plugin. -->","yoast_head_json":{"title":"D\u00e2y v\u00e0 c\u00e1p ch\u1ecbu nhi\u1ec7t ch\u1ed1ng ch\u00e1y kh\u00f4ng ch\u1ee9a halogen \u00edt kh\u00f3i","description":"D\u00e2y v\u00e0 c\u00e1p ch\u1ecbu nhi\u1ec7t ch\u1ed1ng ch\u00e1y kh\u00f4ng ch\u1ee9a halogen \u00edt kh\u00f3i \u0111\u01b0\u1ee3c bi\u1ebft \u0111\u1ebfn v\u1edbi kh\u1ea3 n\u0103ng ch\u1ed1ng l\u00e3o h\u00f3a l\u00e2u d\u00e0i d\u01b0\u1edbi \u00e1nh n\u1eafng m\u1eb7t tr\u1eddi, ch\u1ed1ng d\u1ea7u, ch\u1ed1ng m\u00e0i m\u00f2n, v.v.","robots":{"index":"index","follow":"follow","max-snippet":"max-snippet:-1","max-image-preview":"max-image-preview:large","max-video-preview":"max-video-preview:-1"},"canonical":"https:\/\/www.tstcables.com\/vi\/product\/day-va-cap-chiu-nhiet-chong-chay-khong-chua-halogen-it-khoi\/","og_locale":"vi_VN","og_type":"article","og_title":"D\u00e2y v\u00e0 c\u00e1p ch\u1ecbu nhi\u1ec7t ch\u1ed1ng ch\u00e1y kh\u00f4ng ch\u1ee9a halogen \u00edt kh\u00f3i","og_description":"D\u00e2y v\u00e0 c\u00e1p ch\u1ecbu nhi\u1ec7t ch\u1ed1ng ch\u00e1y kh\u00f4ng ch\u1ee9a halogen \u00edt kh\u00f3i \u0111\u01b0\u1ee3c bi\u1ebft \u0111\u1ebfn v\u1edbi kh\u1ea3 n\u0103ng ch\u1ed1ng l\u00e3o h\u00f3a l\u00e2u d\u00e0i d\u01b0\u1edbi \u00e1nh n\u1eafng m\u1eb7t tr\u1eddi, ch\u1ed1ng d\u1ea7u, ch\u1ed1ng m\u00e0i m\u00f2n, v.v.","og_url":"https:\/\/www.tstcables.com\/vi\/product\/day-va-cap-chiu-nhiet-chong-chay-khong-chua-halogen-it-khoi\/","og_site_name":"TST CABLES supplier &amp; Manufacture","og_image":[{"width":640,"height":640,"url":"https:\/\/www.tstcables.com\/wp-content\/uploads\/2024\/03\/3-1.webp","type":"image\/webp"}],"twitter_card":"summary_large_image","twitter_misc":{"Est. reading time":"2 minutes"},"schema":{"@context":"https:\/\/schema.org","@graph":[{"@type":"WebPage","@id":"https:\/\/www.tstcables.com\/vi\/product\/day-va-cap-chiu-nhiet-chong-chay-khong-chua-halogen-it-khoi\/","url":"https:\/\/www.tstcables.com\/vi\/product\/day-va-cap-chiu-nhiet-chong-chay-khong-chua-halogen-it-khoi\/","name":"D\u00e2y v\u00e0 c\u00e1p ch\u1ecbu nhi\u1ec7t ch\u1ed1ng ch\u00e1y kh\u00f4ng ch\u1ee9a halogen \u00edt kh\u00f3i","isPartOf":{"@id":"https:\/\/www.tstcables.com\/vi\/#website"},"primaryImageOfPage":{"@id":"https:\/\/www.tstcables.com\/vi\/product\/day-va-cap-chiu-nhiet-chong-chay-khong-chua-halogen-it-khoi\/#primaryimage"},"image":{"@id":"https:\/\/www.tstcables.com\/vi\/product\/day-va-cap-chiu-nhiet-chong-chay-khong-chua-halogen-it-khoi\/#primaryimage"},"thumbnailUrl":"https:\/\/www.tstcables.com\/wp-content\/uploads\/2024\/03\/3-1.webp","datePublished":"2024-03-23T06:30:42+00:00","description":"D\u00e2y v\u00e0 c\u00e1p ch\u1ecbu nhi\u1ec7t ch\u1ed1ng ch\u00e1y kh\u00f4ng ch\u1ee9a halogen \u00edt kh\u00f3i \u0111\u01b0\u1ee3c bi\u1ebft \u0111\u1ebfn v\u1edbi kh\u1ea3 n\u0103ng ch\u1ed1ng l\u00e3o h\u00f3a l\u00e2u d\u00e0i d\u01b0\u1edbi \u00e1nh n\u1eafng m\u1eb7t tr\u1eddi, ch\u1ed1ng d\u1ea7u, ch\u1ed1ng m\u00e0i m\u00f2n, v.v.","breadcrumb":{"@id":"https:\/\/www.tstcables.com\/vi\/product\/day-va-cap-chiu-nhiet-chong-chay-khong-chua-halogen-it-khoi\/#breadcrumb"},"inLanguage":"vi-VN","potentialAction":[{"@type":"ReadAction","target":["https:\/\/www.tstcables.com\/vi\/product\/day-va-cap-chiu-nhiet-chong-chay-khong-chua-halogen-it-khoi\/"]}]},{"@type":"ImageObject","inLanguage":"vi-VN","@id":"https:\/\/www.tstcables.com\/vi\/product\/day-va-cap-chiu-nhiet-chong-chay-khong-chua-halogen-it-khoi\/#primaryimage","url":"https:\/\/www.tstcables.com\/wp-content\/uploads\/2024\/03\/3-1.webp","contentUrl":"https:\/\/www.tstcables.com\/wp-content\/uploads\/2024\/03\/3-1.webp","width":640,"height":640,"caption":"Fire-resistant wire smoke halogen-free flame retardant GN450-NY"},{"@type":"BreadcrumbList","@id":"https:\/\/www.tstcables.com\/vi\/product\/day-va-cap-chiu-nhiet-chong-chay-khong-chua-halogen-it-khoi\/#breadcrumb","itemListElement":[{"@type":"ListItem","position":1,"name":"\u9996\u9875","item":"https:\/\/www.tstcables.com\/vi\/"},{"@type":"ListItem","position":2,"name":"Product","item":"https:\/\/www.tstcables.com\/product\/"},{"@type":"ListItem","position":3,"name":"D\u00e2y v\u00e0 c\u00e1p ch\u1ecbu nhi\u1ec7t ch\u1ed1ng ch\u00e1y kh\u00f4ng ch\u1ee9a halogen \u00edt kh\u00f3i"}]},{"@type":"WebSite","@id":"https:\/\/www.tstcables.com\/vi\/#website","url":"https:\/\/www.tstcables.com\/vi\/","name":"TST Cable supplier & Manufacture","description":"TST CABLES  supplier &amp; Manufacture official website","publisher":{"@id":"https:\/\/www.tstcables.com\/vi\/#organization"},"potentialAction":[{"@type":"SearchAction","target":{"@type":"EntryPoint","urlTemplate":"https:\/\/www.tstcables.com\/vi\/?s={search_term_string}"},"query-input":{"@type":"PropertyValueSpecification","valueRequired":true,"valueName":"search_term_string"}}],"inLanguage":"vi-VN"},{"@type":"Organization","@id":"https:\/\/www.tstcables.com\/vi\/#organization","name":"TST Cable supplier & Manufacture","url":"https:\/\/www.tstcables.com\/vi\/","logo":{"@type":"ImageObject","inLanguage":"vi-VN","@id":"https:\/\/www.tstcables.com\/vi\/#\/schema\/logo\/image\/","url":"https:\/\/www.tstcables.com\/wp-content\/uploads\/2024\/04\/cropped-\u753b\u677f-1-\u62f7\u8d1d-4-1.png","contentUrl":"https:\/\/www.tstcables.com\/wp-content\/uploads\/2024\/04\/cropped-\u753b\u677f-1-\u62f7\u8d1d-4-1.png","width":300,"height":100,"caption":"TST Cable supplier & Manufacture"},"image":{"@id":"https:\/\/www.tstcables.com\/vi\/#\/schema\/logo\/image\/"}}]}},"_links":{"self":[{"href":"https:\/\/www.tstcables.com\/vi\/wp-json\/wp\/v2\/product\/21104","targetHints":{"allow":["GET"]}}],"collection":[{"href":"https:\/\/www.tstcables.com\/vi\/wp-json\/wp\/v2\/product"}],"about":[{"href":"https:\/\/www.tstcables.com\/vi\/wp-json\/wp\/v2\/types\/product"}],"version-history":[{"count":0,"href":"https:\/\/www.tstcables.com\/vi\/wp-json\/wp\/v2\/product\/21104\/revisions"}],"wp:featuredmedia":[{"embeddable":true,"href":"https:\/\/www.tstcables.com\/vi\/wp-json\/wp\/v2\/media\/13336"}],"wp:attachment":[{"href":"https:\/\/www.tstcables.com\/vi\/wp-json\/wp\/v2\/media?parent=21104"}],"wp:term":[{"taxonomy":"product_brand","embeddable":true,"href":"https:\/\/www.tstcables.com\/vi\/wp-json\/wp\/v2\/product_brand?post=21104"},{"taxonomy":"product_cat","embeddable":true,"href":"https:\/\/www.tstcables.com\/vi\/wp-json\/wp\/v2\/product_cat?post=21104"},{"taxonomy":"product_tag","embeddable":true,"href":"https:\/\/www.tstcables.com\/vi\/wp-json\/wp\/v2\/product_tag?post=21104"}],"curies":[{"name":"wp","href":"https:\/\/api.w.org\/{rel}","templated":true}]}}